{"id":15996,"date":"2017-09-21T13:05:56","date_gmt":"2017-09-21T11:05:56","guid":{"rendered":"https:\/\/test.guerini.it\/?product=grandi-eventi-e-politiche-urbane"},"modified":"2024-06-12T14:41:05","modified_gmt":"2024-06-12T12:41:05","slug":"grandi-eventi-e-politiche-urbane","status":"publish","type":"product","link":"https:\/\/www.guerini.it\/index.php\/prodotto\/grandi-eventi-e-politiche-urbane\/","title":{"rendered":"Grandi eventi e politiche urbane"},"content":{"rendered":"<p style=\"text-align: justify;\">I grandi eventi sono divenuti, per le citt&agrave; che aspirano a ricoprire posizioni di rilievo nello scenario politico ed economico globale, uno strumento routinario di politica urbana.<br \/> Pur simili &ndash; quanto a razionalit&agrave; ed esiti spaziali e socio-economici &ndash; ad altre grandi operazioni di trasformazione urbana, il loro processo di pianificazione si differenzia in parte per alcuni elementi distintivi. Le scadenze temporali, le regolamentazioni internazionali, la straordinariet&agrave; dell&rsquo;azione pubblica di governo configurano i grandi eventi come &laquo;routine eccezionali&raquo;.<br \/> Il volume discute gli aspetti processuali e di governance di Giochi Olimpici ed Esposizioni Universali, a partire dalla ricostruzione delle esperienze organizzative di Londra, Milano e Shanghai. Le considerazioni emergenti propongono una riflessione sugli esiti istituzionali e sulle difficolt&agrave; gestionali dei grandi eventi e dei grandi progetti urbani in generale, cos&igrave; come sui limiti della gestione urbana straordinaria nella citt&agrave; contemporanea.<\/p>\n","protected":false},"excerpt":{"rendered":"<p>I grandi eventi sono divenuti, per le citt\u00e0 che aspirano a ricoprire posizioni di rilievo nello scenario politico ed economico globale, uno strumento routinario di politica urbana.<br \/>\nPur simili \u2013 quanto a razionalit\u00e0 ed esiti spaziali e socio-economici \u2013 ad altre grandi operazioni di trasformazione urbana, il loro processo di pianificazione si differenzia in parte per alcuni elementi distintivi. Le scadenze temporali, le regolamentazioni internazionali, la straordinariet\u00e0 dell\u2019azione pubblica di governo configurano i grandi eventi come \u00abroutine eccezionali\u00bb.<br \/>\nIl volume discute gli aspetti processuali e di governance di Giochi Olimpici ed Esposizioni Universali, a partire dalla ricostruzione delle esperienze organizzative di Londra, Milano e Shanghai. Le considerazioni emergenti propongono una riflessione sugli esiti istituzionali e sulle difficolt\u00e0 gestionali dei grandi eventi e dei grandi progetti urbani in generale, cos\u00ec come sui limiti della gestione urbana straordinaria nella citt\u00e0 contemporanea.<\/p>\n","protected":false},"featured_media":15995,"template":"","meta":{"_editorskit_title_hidden":false,"_editorskit_reading_time":0,"_editorskit_is_block_options_detached":false,"_editorskit_block_options_position":"{}","_monsterinsights_skip_tracking":false,"_monsterinsights_sitenote_active":false,"_monsterinsights_sitenote_note":"","_monsterinsights_sitenote_category":0},"product_brand":[],"product_cat":[6600],"product_tag":[],"class_list":{"0":"post-15996","1":"product","2":"type-product","3":"status-publish","4":"has-post-thumbnail","6":"product_cat-futurodellecitta","8":"first","9":"instock","10":"sale","11":"shipping-taxable","12":"purchasable","13":"product-type-simple"},"yoast_head":"<!-- This site is optimized with the Yoast SEO plugin v25.4 - https:\/\/yoast.com\/wordpress\/plugins\/seo\/ -->\n<title>Grandi eventi e politiche urbane - Guerini e Associati<\/title>\n<meta name=\"robots\" content=\"index, follow, max-snippet:-1, max-image-preview:large, max-video-preview:-1\" \/>\n<link rel=\"canonical\" href=\"https:\/\/www.guerini.it\/index.php\/prodotto\/grandi-eventi-e-politiche-urbane\/\" \/>\n<meta property=\"og:locale\" content=\"it_IT\" \/>\n<meta property=\"og:type\" content=\"article\" \/>\n<meta property=\"og:title\" content=\"Grandi eventi e politiche urbane - Guerini e Associati\" \/>\n<meta property=\"og:description\" content=\"I grandi eventi sono divenuti, per le citt\u00e0 che aspirano a ricoprire posizioni di rilievo nello scenario politico ed economico globale, uno strumento routinario di politica urbana. Pur simili \u2013 quanto a razionalit\u00e0 ed esiti spaziali e socio-economici \u2013 ad altre grandi operazioni di trasformazione urbana, il loro processo di pianificazione si differenzia in parte per alcuni elementi distintivi. Le scadenze temporali, le regolamentazioni internazionali, la straordinariet\u00e0 dell\u2019azione pubblica di governo configurano i grandi eventi come \u00abroutine eccezionali\u00bb. Il volume discute gli aspetti processuali e di governance di Giochi Olimpici ed Esposizioni Universali, a partire dalla ricostruzione delle esperienze organizzative di Londra, Milano e Shanghai. Le considerazioni emergenti propongono una riflessione sugli esiti istituzionali e sulle difficolt\u00e0 gestionali dei grandi eventi e dei grandi progetti urbani in generale, cos\u00ec come sui limiti della gestione urbana straordinaria nella citt\u00e0 contemporanea.\" \/>\n<meta property=\"og:url\" content=\"https:\/\/www.guerini.it\/index.php\/prodotto\/grandi-eventi-e-politiche-urbane\/\" \/>\n<meta property=\"og:site_name\" content=\"Guerini e Associati\" \/>\n<meta property=\"article:modified_time\" content=\"2024-06-12T12:41:05+00:00\" \/>\n<meta property=\"og:image\" content=\"https:\/\/www.guerini.it\/wp-content\/uploads\/2017\/09\/grandi_eventi_sito.jpg\" \/>\n\t<meta property=\"og:image:width\" content=\"234\" \/>\n\t<meta property=\"og:image:height\" content=\"353\" \/>\n\t<meta property=\"og:image:type\" content=\"image\/jpeg\" \/>\n<meta name=\"twitter:card\" content=\"summary_large_image\" \/>\n<meta name=\"twitter:label1\" content=\"Tempo di lettura stimato\" \/>\n\t<meta name=\"twitter:data1\" content=\"1 minuto\" \/>\n<!-- \/ Yoast SEO plugin. -->","yoast_head_json":{"title":"Grandi eventi e politiche urbane - Guerini e Associati","robots":{"index":"index","follow":"follow","max-snippet":"max-snippet:-1","max-image-preview":"max-image-preview:large","max-video-preview":"max-video-preview:-1"},"canonical":"https:\/\/www.guerini.it\/index.php\/prodotto\/grandi-eventi-e-politiche-urbane\/","og_locale":"it_IT","og_type":"article","og_title":"Grandi eventi e politiche urbane - Guerini e Associati","og_description":"I grandi eventi sono divenuti, per le citt\u00e0 che aspirano a ricoprire posizioni di rilievo nello scenario politico ed economico globale, uno strumento routinario di politica urbana. Pur simili \u2013 quanto a razionalit\u00e0 ed esiti spaziali e socio-economici \u2013 ad altre grandi operazioni di trasformazione urbana, il loro processo di pianificazione si differenzia in parte per alcuni elementi distintivi. Le scadenze temporali, le regolamentazioni internazionali, la straordinariet\u00e0 dell\u2019azione pubblica di governo configurano i grandi eventi come \u00abroutine eccezionali\u00bb. Il volume discute gli aspetti processuali e di governance di Giochi Olimpici ed Esposizioni Universali, a partire dalla ricostruzione delle esperienze organizzative di Londra, Milano e Shanghai. Le considerazioni emergenti propongono una riflessione sugli esiti istituzionali e sulle difficolt\u00e0 gestionali dei grandi eventi e dei grandi progetti urbani in generale, cos\u00ec come sui limiti della gestione urbana straordinaria nella citt\u00e0 contemporanea.","og_url":"https:\/\/www.guerini.it\/index.php\/prodotto\/grandi-eventi-e-politiche-urbane\/","og_site_name":"Guerini e Associati","article_modified_time":"2024-06-12T12:41:05+00:00","og_image":[{"width":234,"height":353,"url":"https:\/\/www.guerini.it\/wp-content\/uploads\/2017\/09\/grandi_eventi_sito.jpg","type":"image\/jpeg"}],"twitter_card":"summary_large_image","twitter_misc":{"Tempo di lettura stimato":"1 minuto"},"schema":{"@context":"https:\/\/schema.org","@graph":[{"@type":"WebPage","@id":"https:\/\/www.guerini.it\/index.php\/prodotto\/grandi-eventi-e-politiche-urbane\/","url":"https:\/\/www.guerini.it\/index.php\/prodotto\/grandi-eventi-e-politiche-urbane\/","name":"Grandi eventi e politiche urbane - Guerini e Associati","isPartOf":{"@id":"https:\/\/www.guerini.it\/#website"},"primaryImageOfPage":{"@id":"https:\/\/www.guerini.it\/index.php\/prodotto\/grandi-eventi-e-politiche-urbane\/#primaryimage"},"image":{"@id":"https:\/\/www.guerini.it\/index.php\/prodotto\/grandi-eventi-e-politiche-urbane\/#primaryimage"},"thumbnailUrl":"https:\/\/www.guerini.it\/wp-content\/uploads\/2017\/09\/grandi_eventi_sito.jpg","datePublished":"2017-09-21T11:05:56+00:00","dateModified":"2024-06-12T12:41:05+00:00","breadcrumb":{"@id":"https:\/\/www.guerini.it\/index.php\/prodotto\/grandi-eventi-e-politiche-urbane\/#breadcrumb"},"inLanguage":"it-IT","potentialAction":[{"@type":"ReadAction","target":["https:\/\/www.guerini.it\/index.php\/prodotto\/grandi-eventi-e-politiche-urbane\/"]}]},{"@type":"ImageObject","inLanguage":"it-IT","@id":"https:\/\/www.guerini.it\/index.php\/prodotto\/grandi-eventi-e-politiche-urbane\/#primaryimage","url":"https:\/\/www.guerini.it\/wp-content\/uploads\/2017\/09\/grandi_eventi_sito.jpg","contentUrl":"https:\/\/www.guerini.it\/wp-content\/uploads\/2017\/09\/grandi_eventi_sito.jpg","width":234,"height":353,"caption":"Grandi eventi e politiche urbane"},{"@type":"BreadcrumbList","@id":"https:\/\/www.guerini.it\/index.php\/prodotto\/grandi-eventi-e-politiche-urbane\/#breadcrumb","itemListElement":[{"@type":"ListItem","position":1,"name":"Home","item":"https:\/\/www.guerini.it\/"},{"@type":"ListItem","position":2,"name":"Catalogo","item":"https:\/\/www.guerini.it\/index.php\/negozio\/"},{"@type":"ListItem","position":3,"name":"Grandi eventi e politiche urbane"}]},{"@type":"WebSite","@id":"https:\/\/www.guerini.it\/#website","url":"https:\/\/www.guerini.it\/","name":"Guerini e Associati","description":"30 anni di libri, idee e libert\u00e0","publisher":{"@id":"https:\/\/www.guerini.it\/#organization"},"potentialAction":[{"@type":"SearchAction","target":{"@type":"EntryPoint","urlTemplate":"https:\/\/www.guerini.it\/?s={search_term_string}"},"query-input":{"@type":"PropertyValueSpecification","valueRequired":true,"valueName":"search_term_string"}}],"inLanguage":"it-IT"},{"@type":"Organization","@id":"https:\/\/www.guerini.it\/#organization","name":"Guerini e Associati","url":"https:\/\/www.guerini.it\/","logo":{"@type":"ImageObject","inLanguage":"it-IT","@id":"https:\/\/www.guerini.it\/#\/schema\/logo\/image\/","url":"https:\/\/www.guerini.it\/wp-content\/uploads\/2021\/03\/Logo-Guerini-OK_-e1615831292285.png","contentUrl":"https:\/\/www.guerini.it\/wp-content\/uploads\/2021\/03\/Logo-Guerini-OK_-e1615831292285.png","width":2805,"height":1870,"caption":"Guerini e Associati"},"image":{"@id":"https:\/\/www.guerini.it\/#\/schema\/logo\/image\/"}}]}},"_links":{"self":[{"href":"https:\/\/www.guerini.it\/index.php\/wp-json\/wp\/v2\/product\/15996","targetHints":{"allow":["GET"]}}],"collection":[{"href":"https:\/\/www.guerini.it\/index.php\/wp-json\/wp\/v2\/product"}],"about":[{"href":"https:\/\/www.guerini.it\/index.php\/wp-json\/wp\/v2\/types\/product"}],"wp:featuredmedia":[{"embeddable":true,"href":"https:\/\/www.guerini.it\/index.php\/wp-json\/wp\/v2\/media\/15995"}],"wp:attachment":[{"href":"https:\/\/www.guerini.it\/index.php\/wp-json\/wp\/v2\/media?parent=15996"}],"wp:term":[{"taxonomy":"product_brand","embeddable":true,"href":"https:\/\/www.guerini.it\/index.php\/wp-json\/wp\/v2\/product_brand?post=15996"},{"taxonomy":"product_cat","embeddable":true,"href":"https:\/\/www.guerini.it\/index.php\/wp-json\/wp\/v2\/product_cat?post=15996"},{"taxonomy":"product_tag","embeddable":true,"href":"https:\/\/www.guerini.it\/index.php\/wp-json\/wp\/v2\/product_tag?post=15996"}],"curies":[{"name":"wp","href":"https:\/\/api.w.org\/{rel}","templated":true}]}}