{"id":16000,"date":"2017-09-29T09:04:43","date_gmt":"2017-09-29T07:04:43","guid":{"rendered":"https:\/\/test.guerini.it\/?product=punto-hr-2017"},"modified":"2024-06-12T14:39:13","modified_gmt":"2024-06-12T12:39:13","slug":"punto-hr-2017","status":"publish","type":"product","link":"https:\/\/www.guerini.it\/index.php\/prodotto\/punto-hr-2017\/","title":{"rendered":"Punto HR 2017!"},"content":{"rendered":"<p style=\"text-align: justify;\">Il successo di un&rsquo;azienda non dipende soltanto da fattori misurabili quantitativamente, dal fatturato o da strategie incentrate sulla produzione. Vi sono infatti diversi elementi di contorno intangibili ma fondamentali, <em>soft skills<\/em> che riguardano l&rsquo;ambito pi&ugrave; ampio della gestione manageriale, dell&rsquo;organizzazione e delle Risorse Umane. Come ogni anno,<em> Punto HR<\/em> analizza diversi casi ed esperienze aziendali in contesti orientati al cambiamento, adottando una prospettiva multidisciplinare e cercando di abbracciare modelli ed esperienze tra loro eterogenei. La flessibilit&agrave; e la capacit&agrave; di assecondare le svolte e le evoluzioni del mercato sono infatti i requisiti fondamentali sia per evolversi e crescere, sia per raggiungere risultati concreti che aumentano la produttivit&agrave; dell&rsquo;azienda e ne valorizzano l&rsquo;immagine. <br \/>Poich&eacute; i fattori di cambiamento sono difficilmente circoscrivibili in definizioni univoche, Angelo Pasquarella e Sergio Carbone hanno individuato per questa edizione di <em>Punto HR<\/em> tre ambiti di studio. Il primo di questi riguarda l&rsquo;evoluzione delle figure professionali e l&rsquo;ampliamento dei ruoli, due aspetti fondamentali dal momento che la globalizzazione e l&rsquo;espansione del mercato richiedono un costante aggiornamento e sviluppo delle proprie competenze. <br \/>Il secondo ambito riguarda l&rsquo;evoluzione dei processi e della gestione del personale, in virt&ugrave; del fatto che sempre pi&ugrave; aziende e societ&agrave; promuovono lo <em>smart working<\/em> e sostengono progetti di <em>work-life balance<\/em>, investendo quindi sul benessere dei propri collaboratori. <br \/>Infine, si tratter&agrave; dell&rsquo;evoluzione della formazione e dei mezzi di comunicazione, prendendo in esame l&rsquo;utilizzo dei nuovi media nelle aziende e presentando progetti formativi messi in atto per favorire l&rsquo;integrazione dei ruoli. <br \/>Obiettivo di <em>Punto HR<\/em> &egrave; dunque di offrire al lettore un&rsquo;opportunit&agrave; per riflettere sulle proprie scelte, per chiarire i propri obiettivi, per avvicinarsi a mondi differenti e per ricevere <em>input <\/em>innovativi.<\/p>\n","protected":false},"excerpt":{"rendered":"<p>Il successo di un\u2019azienda non dipende soltanto da fattori misurabili quantitativamente, dal fatturato o da strategie incentrate sulla produzione. Vi sono infatti diversi elementi di contorno intangibili ma fondamentali, soft skills che riguardano l\u2019ambito pi\u00f9 ampio della gestione manageriale, dell\u2019organizzazione e delle Risorse Umane. Come ogni anno, Punto HR analizza diversi casi ed esperienze aziendali in contesti orientati al cambiamento, adottando una prospettiva multidisciplinare e cercando di abbracciare modelli ed esperienze tra loro eterogenei. La flessibilit\u00e0 e la capacit\u00e0 di assecondare le svolte e le evoluzioni del mercato sono infatti i requisiti fondamentali sia per evolversi e crescere, sia per raggiungere risultati concreti che aumentano la produttivit\u00e0 dell\u2019azienda e ne valorizzano l\u2019immagine.<br \/>\nPoich\u00e9 i fattori di cambiamento sono difficilmente circoscrivibili in definizioni univoche, Angelo Pasquarella e Sergio Carbone hanno individuato per questa edizione di Punto HR tre ambiti di studio. Il primo di questi riguarda l\u2019evoluzione delle figure professionali e l\u2019ampliamento dei ruoli, due aspetti fondamentali dal momento che la globalizzazione e l\u2019espansione del mercato richiedono un costante aggiornamento e sviluppo delle proprie competenze.<br \/>\nIl secondo ambito riguarda l\u2019evoluzione dei processi e della gestione del personale, in virt\u00f9 del fatto che sempre pi\u00f9 aziende e societ\u00e0 promuovono lo smart working e sostengono progetti di work-life balance, investendo quindi sul benessere dei propri collaboratori.<br \/>\nInfine, si tratter\u00e0 dell\u2019evoluzione della formazione e dei mezzi di comunicazione, prendendo in esame l\u2019utilizzo dei nuovi media nelle aziende e presentando progetti formativi messi in atto per favorire l\u2019integrazione dei ruoli.<br \/>\nObiettivo di Punto HR \u00e8 dunque di offrire al lettore un\u2019opportunit\u00e0 per riflettere sulle proprie scelte, per chiarire i propri obiettivi, per avvicinarsi a mondi differenti e per ricevere input innovativi.<\/p>\n","protected":false},"featured_media":15999,"template":"","meta":{"_editorskit_title_hidden":false,"_editorskit_reading_time":0,"_editorskit_is_block_options_detached":false,"_editorskit_block_options_position":"{}","_monsterinsights_skip_tracking":false,"_monsterinsights_sitenote_active":false,"_monsterinsights_sitenote_note":"","_monsterinsights_sitenote_category":0},"product_brand":[],"product_cat":[6805,6529],"product_tag":[],"class_list":{"0":"post-16000","1":"product","2":"type-product","3":"status-publish","4":"has-post-thumbnail","6":"product_cat-guerini-next","7":"product_cat-economia-e-management","9":"first","10":"instock","11":"sale","12":"shipping-taxable","13":"purchasable","14":"product-type-simple"},"yoast_head":"<!-- This site is optimized with the Yoast SEO plugin v25.4 - https:\/\/yoast.com\/wordpress\/plugins\/seo\/ -->\n<title>Punto HR 2017! - Guerini e Associati<\/title>\n<meta name=\"robots\" content=\"index, follow, max-snippet:-1, max-image-preview:large, max-video-preview:-1\" \/>\n<link rel=\"canonical\" href=\"https:\/\/www.guerini.it\/index.php\/prodotto\/punto-hr-2017\/\" \/>\n<meta property=\"og:locale\" content=\"it_IT\" \/>\n<meta property=\"og:type\" content=\"article\" \/>\n<meta property=\"og:title\" content=\"Punto HR 2017! - Guerini e Associati\" \/>\n<meta property=\"og:description\" content=\"Il successo di un\u2019azienda non dipende soltanto da fattori misurabili quantitativamente, dal fatturato o da strategie incentrate sulla produzione. Vi sono infatti diversi elementi di contorno intangibili ma fondamentali, soft skills che riguardano l\u2019ambito pi\u00f9 ampio della gestione manageriale, dell\u2019organizzazione e delle Risorse Umane. Come ogni anno, Punto HR analizza diversi casi ed esperienze aziendali in contesti orientati al cambiamento, adottando una prospettiva multidisciplinare e cercando di abbracciare modelli ed esperienze tra loro eterogenei. La flessibilit\u00e0 e la capacit\u00e0 di assecondare le svolte e le evoluzioni del mercato sono infatti i requisiti fondamentali sia per evolversi e crescere, sia per raggiungere risultati concreti che aumentano la produttivit\u00e0 dell\u2019azienda e ne valorizzano l\u2019immagine.  Poich\u00e9 i fattori di cambiamento sono difficilmente circoscrivibili in definizioni univoche, Angelo Pasquarella e Sergio Carbone hanno individuato per questa edizione di Punto HR tre ambiti di studio. Il primo di questi riguarda l\u2019evoluzione delle figure professionali e l\u2019ampliamento dei ruoli, due aspetti fondamentali dal momento che la globalizzazione e l\u2019espansione del mercato richiedono un costante aggiornamento e sviluppo delle proprie competenze.  Il secondo ambito riguarda l\u2019evoluzione dei processi e della gestione del personale, in virt\u00f9 del fatto che sempre pi\u00f9 aziende e societ\u00e0 promuovono lo smart working e sostengono progetti di work-life balance, investendo quindi sul benessere dei propri collaboratori.  Infine, si tratter\u00e0 dell\u2019evoluzione della formazione e dei mezzi di comunicazione, prendendo in esame l\u2019utilizzo dei nuovi media nelle aziende e presentando progetti formativi messi in atto per favorire l\u2019integrazione dei ruoli.  Obiettivo di Punto HR \u00e8 dunque di offrire al lettore un\u2019opportunit\u00e0 per riflettere sulle proprie scelte, per chiarire i propri obiettivi, per avvicinarsi a mondi differenti e per ricevere input innovativi.\" \/>\n<meta property=\"og:url\" content=\"https:\/\/www.guerini.it\/index.php\/prodotto\/punto-hr-2017\/\" \/>\n<meta property=\"og:site_name\" content=\"Guerini e Associati\" \/>\n<meta property=\"article:modified_time\" content=\"2024-06-12T12:39:13+00:00\" \/>\n<meta property=\"og:image\" content=\"https:\/\/www.guerini.it\/wp-content\/uploads\/2017\/09\/punto_hr_2017_sito.jpg\" \/>\n\t<meta property=\"og:image:width\" content=\"226\" \/>\n\t<meta property=\"og:image:height\" content=\"353\" \/>\n\t<meta property=\"og:image:type\" content=\"image\/jpeg\" \/>\n<meta name=\"twitter:card\" content=\"summary_large_image\" \/>\n<meta name=\"twitter:label1\" content=\"Tempo di lettura stimato\" \/>\n\t<meta name=\"twitter:data1\" content=\"2 minuti\" \/>\n<!-- \/ Yoast SEO plugin. -->","yoast_head_json":{"title":"Punto HR 2017! - Guerini e Associati","robots":{"index":"index","follow":"follow","max-snippet":"max-snippet:-1","max-image-preview":"max-image-preview:large","max-video-preview":"max-video-preview:-1"},"canonical":"https:\/\/www.guerini.it\/index.php\/prodotto\/punto-hr-2017\/","og_locale":"it_IT","og_type":"article","og_title":"Punto HR 2017! - Guerini e Associati","og_description":"Il successo di un\u2019azienda non dipende soltanto da fattori misurabili quantitativamente, dal fatturato o da strategie incentrate sulla produzione. Vi sono infatti diversi elementi di contorno intangibili ma fondamentali, soft skills che riguardano l\u2019ambito pi\u00f9 ampio della gestione manageriale, dell\u2019organizzazione e delle Risorse Umane. Come ogni anno, Punto HR analizza diversi casi ed esperienze aziendali in contesti orientati al cambiamento, adottando una prospettiva multidisciplinare e cercando di abbracciare modelli ed esperienze tra loro eterogenei. La flessibilit\u00e0 e la capacit\u00e0 di assecondare le svolte e le evoluzioni del mercato sono infatti i requisiti fondamentali sia per evolversi e crescere, sia per raggiungere risultati concreti che aumentano la produttivit\u00e0 dell\u2019azienda e ne valorizzano l\u2019immagine.  Poich\u00e9 i fattori di cambiamento sono difficilmente circoscrivibili in definizioni univoche, Angelo Pasquarella e Sergio Carbone hanno individuato per questa edizione di Punto HR tre ambiti di studio. Il primo di questi riguarda l\u2019evoluzione delle figure professionali e l\u2019ampliamento dei ruoli, due aspetti fondamentali dal momento che la globalizzazione e l\u2019espansione del mercato richiedono un costante aggiornamento e sviluppo delle proprie competenze.  Il secondo ambito riguarda l\u2019evoluzione dei processi e della gestione del personale, in virt\u00f9 del fatto che sempre pi\u00f9 aziende e societ\u00e0 promuovono lo smart working e sostengono progetti di work-life balance, investendo quindi sul benessere dei propri collaboratori.  Infine, si tratter\u00e0 dell\u2019evoluzione della formazione e dei mezzi di comunicazione, prendendo in esame l\u2019utilizzo dei nuovi media nelle aziende e presentando progetti formativi messi in atto per favorire l\u2019integrazione dei ruoli.  Obiettivo di Punto HR \u00e8 dunque di offrire al lettore un\u2019opportunit\u00e0 per riflettere sulle proprie scelte, per chiarire i propri obiettivi, per avvicinarsi a mondi differenti e per ricevere input innovativi.","og_url":"https:\/\/www.guerini.it\/index.php\/prodotto\/punto-hr-2017\/","og_site_name":"Guerini e Associati","article_modified_time":"2024-06-12T12:39:13+00:00","og_image":[{"width":226,"height":353,"url":"https:\/\/www.guerini.it\/wp-content\/uploads\/2017\/09\/punto_hr_2017_sito.jpg","type":"image\/jpeg"}],"twitter_card":"summary_large_image","twitter_misc":{"Tempo di lettura stimato":"2 minuti"},"schema":{"@context":"https:\/\/schema.org","@graph":[{"@type":"WebPage","@id":"https:\/\/www.guerini.it\/index.php\/prodotto\/punto-hr-2017\/","url":"https:\/\/www.guerini.it\/index.php\/prodotto\/punto-hr-2017\/","name":"Punto HR 2017! - Guerini e Associati","isPartOf":{"@id":"https:\/\/www.guerini.it\/#website"},"primaryImageOfPage":{"@id":"https:\/\/www.guerini.it\/index.php\/prodotto\/punto-hr-2017\/#primaryimage"},"image":{"@id":"https:\/\/www.guerini.it\/index.php\/prodotto\/punto-hr-2017\/#primaryimage"},"thumbnailUrl":"https:\/\/www.guerini.it\/wp-content\/uploads\/2017\/09\/punto_hr_2017_sito.jpg","datePublished":"2017-09-29T07:04:43+00:00","dateModified":"2024-06-12T12:39:13+00:00","breadcrumb":{"@id":"https:\/\/www.guerini.it\/index.php\/prodotto\/punto-hr-2017\/#breadcrumb"},"inLanguage":"it-IT","potentialAction":[{"@type":"ReadAction","target":["https:\/\/www.guerini.it\/index.php\/prodotto\/punto-hr-2017\/"]}]},{"@type":"ImageObject","inLanguage":"it-IT","@id":"https:\/\/www.guerini.it\/index.php\/prodotto\/punto-hr-2017\/#primaryimage","url":"https:\/\/www.guerini.it\/wp-content\/uploads\/2017\/09\/punto_hr_2017_sito.jpg","contentUrl":"https:\/\/www.guerini.it\/wp-content\/uploads\/2017\/09\/punto_hr_2017_sito.jpg","width":226,"height":353,"caption":"Punto HR 2017"},{"@type":"BreadcrumbList","@id":"https:\/\/www.guerini.it\/index.php\/prodotto\/punto-hr-2017\/#breadcrumb","itemListElement":[{"@type":"ListItem","position":1,"name":"Home","item":"https:\/\/www.guerini.it\/"},{"@type":"ListItem","position":2,"name":"Catalogo","item":"https:\/\/www.guerini.it\/index.php\/negozio\/"},{"@type":"ListItem","position":3,"name":"Punto HR 2017!"}]},{"@type":"WebSite","@id":"https:\/\/www.guerini.it\/#website","url":"https:\/\/www.guerini.it\/","name":"Guerini e Associati","description":"30 anni di libri, idee e libert\u00e0","publisher":{"@id":"https:\/\/www.guerini.it\/#organization"},"potentialAction":[{"@type":"SearchAction","target":{"@type":"EntryPoint","urlTemplate":"https:\/\/www.guerini.it\/?s={search_term_string}"},"query-input":{"@type":"PropertyValueSpecification","valueRequired":true,"valueName":"search_term_string"}}],"inLanguage":"it-IT"},{"@type":"Organization","@id":"https:\/\/www.guerini.it\/#organization","name":"Guerini e Associati","url":"https:\/\/www.guerini.it\/","logo":{"@type":"ImageObject","inLanguage":"it-IT","@id":"https:\/\/www.guerini.it\/#\/schema\/logo\/image\/","url":"https:\/\/www.guerini.it\/wp-content\/uploads\/2021\/03\/Logo-Guerini-OK_-e1615831292285.png","contentUrl":"https:\/\/www.guerini.it\/wp-content\/uploads\/2021\/03\/Logo-Guerini-OK_-e1615831292285.png","width":2805,"height":1870,"caption":"Guerini e Associati"},"image":{"@id":"https:\/\/www.guerini.it\/#\/schema\/logo\/image\/"}}]}},"_links":{"self":[{"href":"https:\/\/www.guerini.it\/index.php\/wp-json\/wp\/v2\/product\/16000","targetHints":{"allow":["GET"]}}],"collection":[{"href":"https:\/\/www.guerini.it\/index.php\/wp-json\/wp\/v2\/product"}],"about":[{"href":"https:\/\/www.guerini.it\/index.php\/wp-json\/wp\/v2\/types\/product"}],"wp:featuredmedia":[{"embeddable":true,"href":"https:\/\/www.guerini.it\/index.php\/wp-json\/wp\/v2\/media\/15999"}],"wp:attachment":[{"href":"https:\/\/www.guerini.it\/index.php\/wp-json\/wp\/v2\/media?parent=16000"}],"wp:term":[{"taxonomy":"product_brand","embeddable":true,"href":"https:\/\/www.guerini.it\/index.php\/wp-json\/wp\/v2\/product_brand?post=16000"},{"taxonomy":"product_cat","embeddable":true,"href":"https:\/\/www.guerini.it\/index.php\/wp-json\/wp\/v2\/product_cat?post=16000"},{"taxonomy":"product_tag","embeddable":true,"href":"https:\/\/www.guerini.it\/index.php\/wp-json\/wp\/v2\/product_tag?post=16000"}],"curies":[{"name":"wp","href":"https:\/\/api.w.org\/{rel}","templated":true}]}}