{"id":16041,"date":"2017-11-15T14:28:03","date_gmt":"2017-11-15T13:28:03","guid":{"rendered":"https:\/\/test.guerini.it\/?product=c-ero-ci-sono-conto-di-restarci"},"modified":"2024-06-12T14:34:52","modified_gmt":"2024-06-12T12:34:52","slug":"c-ero-ci-sono-conto-di-restarci","status":"publish","type":"product","link":"https:\/\/www.guerini.it\/index.php\/prodotto\/c-ero-ci-sono-conto-di-restarci\/","title":{"rendered":"C&#8217;ero, ci sono, conto di restarci"},"content":{"rendered":"<p style=\"text-align: justify;\">Giovanni &egrave; un uomo di origini contadine, in un ventennio di duro lavoro nel settore del software per commercialisti e consulenti del lavoro, &egrave; diventato uno degli imprenditori pi&ugrave; importanti a livello nazionale. Dopo la vendita a un fondo d&#8217;investimento con l&#8217;obiettivo di varcare i confini nazionali, si ritrovo solo. Abbandonato dai soci, non si d&agrave; per vinto. Decide di rimettersi in gioco nonostante le difficolt&agrave; e in qualche anno la sua vecchia azienda, che per un&#8217;intero vita &egrave; stata come un&#8217;amante, diventa la sua principale antagonista. Non &egrave; facile affrontare le umiliazioni; tornare sul mercato con delle piccole realt&agrave; dopo essere stato ai vertici del successo. La malattia risulta come il sintomo dei numerosi affronti subiti. Perch&eacute; un uomo di successo all&#8217;improvviso vede capitolare ogni cosa? Come pu&ograve; reagire? Attaccandosi alla vita. Non resta altro che andare avanti, affrontare le difficolt&agrave;, vincere su tutto, rinascere, come la Fenice, dalle sue stessi ceneri.<\/p>\n<p style=\"text-align: justify;\"><em>C&#8217;ero, ci sono e conto di restarci <\/em>&egrave; un inno alla perseveranza. Il passato &egrave; radicato nel presente, fra il passato e il presente c&#8217;&egrave; la speranza del futuro.<\/p>\n","protected":false},"excerpt":{"rendered":"<p>Giovanni \u00e8 un uomo di origini contadine, in un ventennio di duro lavoro nel settore del software per commercialisti e consulenti del lavoro, \u00e8 diventato uno degli imprenditori pi\u00f9 importanti a livello nazionale. Dopo la vendita a un fondo d&#8217;investimento con l&#8217;obiettivo di varcare i confini nazionali, si ritrovo solo. Abbandonato dai soci, non si d\u00e0 per vinto. Decide di rimettersi in gioco nonostante le difficolt\u00e0 e in qualche anno la sua vecchia azienda, che per un&#8217;intero vita \u00e8 stata come un&#8217;amante, diventa la sua principale antagonista. Non \u00e8 facile affrontare le umiliazioni; tornare sul mercato con delle piccole realt\u00e0 dopo essere stato ai vertici del successo. La malattia risulta come il sintomo dei numerosi affronti subiti. Perch\u00e9 un uomo di successo all&#8217;improvviso vede capitolare ogni cosa? Come pu\u00f2 reagire? Attaccandosi alla vita. Non resta altro che andare avanti, affrontare le difficolt\u00e0, vincere su tutto, rinascere, come la Fenice, dalle sue stessi ceneri.<br \/>\nC&#8217;ero, ci sono e conto di restarci \u00e8 un inno alla perseveranza. Il passato \u00e8 radicato nel presente, fra il passato e il presente c&#8217;\u00e8 la speranza del futuro.<\/p>\n","protected":false},"featured_media":16040,"template":"","meta":{"_editorskit_title_hidden":false,"_editorskit_reading_time":0,"_editorskit_is_block_options_detached":false,"_editorskit_block_options_position":"{}","_monsterinsights_skip_tracking":false,"_monsterinsights_sitenote_active":false,"_monsterinsights_sitenote_note":"","_monsterinsights_sitenote_category":0},"product_brand":[],"product_cat":[6542],"product_tag":[],"class_list":{"0":"post-16041","1":"product","2":"type-product","3":"status-publish","4":"has-post-thumbnail","6":"product_cat-log-edizioni","7":"pa_fulfillment-default","9":"first","10":"instock","11":"sale","12":"shipping-taxable","13":"purchasable","14":"product-type-simple"},"yoast_head":"<!-- This site is optimized with the Yoast SEO plugin v25.4 - https:\/\/yoast.com\/wordpress\/plugins\/seo\/ -->\n<title>C&#039;ero, ci sono, conto di restarci - Guerini e Associati<\/title>\n<meta name=\"robots\" content=\"index, follow, max-snippet:-1, max-image-preview:large, max-video-preview:-1\" \/>\n<link rel=\"canonical\" href=\"https:\/\/www.guerini.it\/index.php\/prodotto\/c-ero-ci-sono-conto-di-restarci\/\" \/>\n<meta property=\"og:locale\" content=\"it_IT\" \/>\n<meta property=\"og:type\" content=\"article\" \/>\n<meta property=\"og:title\" content=\"C&#039;ero, ci sono, conto di restarci - Guerini e Associati\" \/>\n<meta property=\"og:description\" content=\"Giovanni \u00e8 un uomo di origini contadine, in un ventennio di duro lavoro nel settore del software per commercialisti e consulenti del lavoro, \u00e8 diventato uno degli imprenditori pi\u00f9 importanti a livello nazionale. Dopo la vendita a un fondo d&#039;investimento con l&#039;obiettivo di varcare i confini nazionali, si ritrovo solo. Abbandonato dai soci, non si d\u00e0 per vinto. Decide di rimettersi in gioco nonostante le difficolt\u00e0 e in qualche anno la sua vecchia azienda, che per un&#039;intero vita \u00e8 stata come un&#039;amante, diventa la sua principale antagonista. Non \u00e8 facile affrontare le umiliazioni; tornare sul mercato con delle piccole realt\u00e0 dopo essere stato ai vertici del successo. La malattia risulta come il sintomo dei numerosi affronti subiti. Perch\u00e9 un uomo di successo all&#039;improvviso vede capitolare ogni cosa? Come pu\u00f2 reagire? Attaccandosi alla vita. Non resta altro che andare avanti, affrontare le difficolt\u00e0, vincere su tutto, rinascere, come la Fenice, dalle sue stessi ceneri. C&#039;ero, ci sono e conto di restarci \u00e8 un inno alla perseveranza. Il passato \u00e8 radicato nel presente, fra il passato e il presente c&#039;\u00e8 la speranza del futuro.\" \/>\n<meta property=\"og:url\" content=\"https:\/\/www.guerini.it\/index.php\/prodotto\/c-ero-ci-sono-conto-di-restarci\/\" \/>\n<meta property=\"og:site_name\" content=\"Guerini e Associati\" \/>\n<meta property=\"article:modified_time\" content=\"2024-06-12T12:34:52+00:00\" \/>\n<meta property=\"og:image\" content=\"https:\/\/www.guerini.it\/wp-content\/uploads\/2017\/11\/c_ero_ci_sono_sito.jpg\" \/>\n\t<meta property=\"og:image:width\" content=\"235\" \/>\n\t<meta property=\"og:image:height\" content=\"353\" \/>\n\t<meta property=\"og:image:type\" content=\"image\/jpeg\" \/>\n<meta name=\"twitter:card\" content=\"summary_large_image\" \/>\n<meta name=\"twitter:label1\" content=\"Tempo di lettura stimato\" \/>\n\t<meta name=\"twitter:data1\" content=\"1 minuto\" \/>\n<!-- \/ Yoast SEO plugin. -->","yoast_head_json":{"title":"C'ero, ci sono, conto di restarci - Guerini e Associati","robots":{"index":"index","follow":"follow","max-snippet":"max-snippet:-1","max-image-preview":"max-image-preview:large","max-video-preview":"max-video-preview:-1"},"canonical":"https:\/\/www.guerini.it\/index.php\/prodotto\/c-ero-ci-sono-conto-di-restarci\/","og_locale":"it_IT","og_type":"article","og_title":"C'ero, ci sono, conto di restarci - Guerini e Associati","og_description":"Giovanni \u00e8 un uomo di origini contadine, in un ventennio di duro lavoro nel settore del software per commercialisti e consulenti del lavoro, \u00e8 diventato uno degli imprenditori pi\u00f9 importanti a livello nazionale. Dopo la vendita a un fondo d'investimento con l'obiettivo di varcare i confini nazionali, si ritrovo solo. Abbandonato dai soci, non si d\u00e0 per vinto. Decide di rimettersi in gioco nonostante le difficolt\u00e0 e in qualche anno la sua vecchia azienda, che per un'intero vita \u00e8 stata come un'amante, diventa la sua principale antagonista. Non \u00e8 facile affrontare le umiliazioni; tornare sul mercato con delle piccole realt\u00e0 dopo essere stato ai vertici del successo. La malattia risulta come il sintomo dei numerosi affronti subiti. Perch\u00e9 un uomo di successo all'improvviso vede capitolare ogni cosa? Come pu\u00f2 reagire? Attaccandosi alla vita. Non resta altro che andare avanti, affrontare le difficolt\u00e0, vincere su tutto, rinascere, come la Fenice, dalle sue stessi ceneri. C'ero, ci sono e conto di restarci \u00e8 un inno alla perseveranza. Il passato \u00e8 radicato nel presente, fra il passato e il presente c'\u00e8 la speranza del futuro.","og_url":"https:\/\/www.guerini.it\/index.php\/prodotto\/c-ero-ci-sono-conto-di-restarci\/","og_site_name":"Guerini e Associati","article_modified_time":"2024-06-12T12:34:52+00:00","og_image":[{"width":235,"height":353,"url":"https:\/\/www.guerini.it\/wp-content\/uploads\/2017\/11\/c_ero_ci_sono_sito.jpg","type":"image\/jpeg"}],"twitter_card":"summary_large_image","twitter_misc":{"Tempo di lettura stimato":"1 minuto"},"schema":{"@context":"https:\/\/schema.org","@graph":[{"@type":"WebPage","@id":"https:\/\/www.guerini.it\/index.php\/prodotto\/c-ero-ci-sono-conto-di-restarci\/","url":"https:\/\/www.guerini.it\/index.php\/prodotto\/c-ero-ci-sono-conto-di-restarci\/","name":"C'ero, ci sono, conto di restarci - Guerini e Associati","isPartOf":{"@id":"https:\/\/www.guerini.it\/#website"},"primaryImageOfPage":{"@id":"https:\/\/www.guerini.it\/index.php\/prodotto\/c-ero-ci-sono-conto-di-restarci\/#primaryimage"},"image":{"@id":"https:\/\/www.guerini.it\/index.php\/prodotto\/c-ero-ci-sono-conto-di-restarci\/#primaryimage"},"thumbnailUrl":"https:\/\/www.guerini.it\/wp-content\/uploads\/2017\/11\/c_ero_ci_sono_sito.jpg","datePublished":"2017-11-15T13:28:03+00:00","dateModified":"2024-06-12T12:34:52+00:00","breadcrumb":{"@id":"https:\/\/www.guerini.it\/index.php\/prodotto\/c-ero-ci-sono-conto-di-restarci\/#breadcrumb"},"inLanguage":"it-IT","potentialAction":[{"@type":"ReadAction","target":["https:\/\/www.guerini.it\/index.php\/prodotto\/c-ero-ci-sono-conto-di-restarci\/"]}]},{"@type":"ImageObject","inLanguage":"it-IT","@id":"https:\/\/www.guerini.it\/index.php\/prodotto\/c-ero-ci-sono-conto-di-restarci\/#primaryimage","url":"https:\/\/www.guerini.it\/wp-content\/uploads\/2017\/11\/c_ero_ci_sono_sito.jpg","contentUrl":"https:\/\/www.guerini.it\/wp-content\/uploads\/2017\/11\/c_ero_ci_sono_sito.jpg","width":235,"height":353,"caption":"C'ero, ci sono, conto di restarci"},{"@type":"BreadcrumbList","@id":"https:\/\/www.guerini.it\/index.php\/prodotto\/c-ero-ci-sono-conto-di-restarci\/#breadcrumb","itemListElement":[{"@type":"ListItem","position":1,"name":"Home","item":"https:\/\/www.guerini.it\/"},{"@type":"ListItem","position":2,"name":"Catalogo","item":"https:\/\/www.guerini.it\/index.php\/negozio\/"},{"@type":"ListItem","position":3,"name":"C&#8217;ero, ci sono, conto di restarci"}]},{"@type":"WebSite","@id":"https:\/\/www.guerini.it\/#website","url":"https:\/\/www.guerini.it\/","name":"Guerini e Associati","description":"30 anni di libri, idee e libert\u00e0","publisher":{"@id":"https:\/\/www.guerini.it\/#organization"},"potentialAction":[{"@type":"SearchAction","target":{"@type":"EntryPoint","urlTemplate":"https:\/\/www.guerini.it\/?s={search_term_string}"},"query-input":{"@type":"PropertyValueSpecification","valueRequired":true,"valueName":"search_term_string"}}],"inLanguage":"it-IT"},{"@type":"Organization","@id":"https:\/\/www.guerini.it\/#organization","name":"Guerini e Associati","url":"https:\/\/www.guerini.it\/","logo":{"@type":"ImageObject","inLanguage":"it-IT","@id":"https:\/\/www.guerini.it\/#\/schema\/logo\/image\/","url":"https:\/\/www.guerini.it\/wp-content\/uploads\/2021\/03\/Logo-Guerini-OK_-e1615831292285.png","contentUrl":"https:\/\/www.guerini.it\/wp-content\/uploads\/2021\/03\/Logo-Guerini-OK_-e1615831292285.png","width":2805,"height":1870,"caption":"Guerini e Associati"},"image":{"@id":"https:\/\/www.guerini.it\/#\/schema\/logo\/image\/"}}]}},"_links":{"self":[{"href":"https:\/\/www.guerini.it\/index.php\/wp-json\/wp\/v2\/product\/16041","targetHints":{"allow":["GET"]}}],"collection":[{"href":"https:\/\/www.guerini.it\/index.php\/wp-json\/wp\/v2\/product"}],"about":[{"href":"https:\/\/www.guerini.it\/index.php\/wp-json\/wp\/v2\/types\/product"}],"wp:featuredmedia":[{"embeddable":true,"href":"https:\/\/www.guerini.it\/index.php\/wp-json\/wp\/v2\/media\/16040"}],"wp:attachment":[{"href":"https:\/\/www.guerini.it\/index.php\/wp-json\/wp\/v2\/media?parent=16041"}],"wp:term":[{"taxonomy":"product_brand","embeddable":true,"href":"https:\/\/www.guerini.it\/index.php\/wp-json\/wp\/v2\/product_brand?post=16041"},{"taxonomy":"product_cat","embeddable":true,"href":"https:\/\/www.guerini.it\/index.php\/wp-json\/wp\/v2\/product_cat?post=16041"},{"taxonomy":"product_tag","embeddable":true,"href":"https:\/\/www.guerini.it\/index.php\/wp-json\/wp\/v2\/product_tag?post=16041"}],"curies":[{"name":"wp","href":"https:\/\/api.w.org\/{rel}","templated":true}]}}