{"id":16050,"date":"2017-11-27T09:51:07","date_gmt":"2017-11-27T08:51:07","guid":{"rendered":"https:\/\/test.guerini.it\/?product=family-up"},"modified":"2024-06-12T14:38:34","modified_gmt":"2024-06-12T12:38:34","slug":"family-up","status":"publish","type":"product","link":"https:\/\/www.guerini.it\/index.php\/prodotto\/family-up\/","title":{"rendered":"Family up!"},"content":{"rendered":"<p style=\"text-align: justify;\">Alcune imprese familiari superano la transizione generazionale in modo virtuoso, altre si indeboliscono, generando spirali di crisi: perch\u00e9?<br \/>\nIl libro analizza quindici storie aziendali per le quali la transizione ha avuto esito positivo. L\u2019enfasi viene posta sul ruolo del giovane imprenditore e sul contributo dei suoi valori, mettendoli a confronto con quelli che caratterizzano la generazione uscente.<br \/>\nAttento alle dinamiche dei mercati di riferimento, il giovane imprenditore si rivela un attore fondamentale per assicurare il successo del passaggio generazionale. Da un lato riesce a fare propri quei valori della tradizione che si sono rivelati favorevoli per lo sviluppo dell\u2019azienda, dall\u2019altro \u00e8 capace di evolvere, sviluppando conoscenze e competenze, favorendo l\u2019ingresso di professionalit\u00e0 esterne e prendendo in considerazione l\u2019apertura del capitale.<\/p>\n<p>Il volume fa parte della collana\u00a0<a href=\"https:\/\/www.guerini.it\/index.php\/categoria-prodotto\/default-category\/economia-e-management\/universita-cattaneo-libri\/\"><em>Universit\u00e0 Cattaneo Libri<\/em><\/a><\/p>\n<hr \/>\n<p style=\"text-align: justify;\"><strong>Valentina Lazzarotti<\/strong> \u00e8 Professore associato dell\u2019Universit\u00e0 Cattaneo &#8211; LIUC nell\u2019ambito della Scuola di Ingegneria Industriale. I suoi interessi di ricerca riguardano la gestione dei processi di innovazione, con attenzione alle imprese familiari. Su questi argomenti \u00e8 autore di numerose pubblicazioni su riviste internazionali.<\/p>\n<p style=\"text-align: justify;\"><strong>Federico Visconti<\/strong> \u00e8 Rettore dell\u2019Universit\u00e0 Cattaneo &#8211; LIUC. \u00c8 Professore ordinario di Economia Aziendale e svolge attivit\u00e0 didattica e di ricerca nel campo delle strategie delle piccole e medie imprese e del <em>family business<\/em>.<\/p>\n<p><strong>Permalink:\u00a0<a href=\"http:\/\/digital.casalini.it\/9788868962463\">http:\/\/digital.casalini.it\/9788868962463<\/a><\/strong><\/p>\n","protected":false},"excerpt":{"rendered":"<p>Alcune imprese familiari superano la transizione generazionale in modo virtuoso, altre si indeboliscono, generando spirali di crisi: perch\u00e9?<br \/>\nIl libro analizza quindici storie aziendali per le quali la transizione ha avuto esito positivo. L\u2019enfasi viene posta sul ruolo del giovane imprenditore e sul contributo dei suoi valori, mettendoli a confronto con quelli che caratterizzano la generazione uscente.<br \/>\nAttento alle dinamiche dei mercati di riferimento, il giovane imprenditore si rivela un attore fondamentale per assicurare il successo del passaggio generazionale. Da un lato riesce a fare propri quei valori della tradizione che si sono rivelati favorevoli per lo sviluppo dell\u2019azienda, dall\u2019altro \u00e8 capace di evolvere, sviluppando conoscenze e competenze, favorendo l\u2019ingresso di professionalit\u00e0 esterne e prendendo in considerazione l\u2019apertura del capitale.<\/p>\n","protected":false},"featured_media":16048,"template":"","meta":{"_editorskit_title_hidden":false,"_editorskit_reading_time":0,"_editorskit_is_block_options_detached":false,"_editorskit_block_options_position":"{}","_monsterinsights_skip_tracking":false,"_monsterinsights_sitenote_active":false,"_monsterinsights_sitenote_note":"","_monsterinsights_sitenote_category":0},"product_brand":[],"product_cat":[6805,6529,6700],"product_tag":[9116,9908,8214],"class_list":{"0":"post-16050","1":"product","2":"type-product","3":"status-publish","4":"has-post-thumbnail","6":"product_cat-guerini-next","7":"product_cat-economia-e-management","8":"product_cat-universita-cattaneo-libri","9":"product_tag-aziende","10":"product_tag-generazioni","11":"product_tag-industria","12":"pa_guerini_link_amazon-46-httpswwwamazonitfamily_gio","13":"pa_guerini_link_apple_ibook-f2-httpsitunesapplecomitbookf","14":"pa_guerini_link_bookrepublic-d0-httpswwwbookrepublicitbook","15":"pa_guerini_link_google_play-61-httpsplaygooglecomstoreboo","16":"pa_guerini_link_ibs-04-httpswwwibsitfamily_up_gio","17":"pa_guerini_link_kobo-08-httpswwwkobocomititebookfa","18":"pa_guerini_link_lafeltrinelli-65-httpswwwlafeltrinelliitebo","19":"pa_guerini_link_mondadori-d0-httpswwwmondadoristoreitfa","20":"pa_guerini_link_rizzoli-1c-httpswwwlibreriarizzoliitf","22":"first","23":"outofstock","24":"sale","25":"shipping-taxable","26":"purchasable","27":"product-type-simple"},"yoast_head":"<!-- This site is optimized with the Yoast SEO plugin v25.4 - https:\/\/yoast.com\/wordpress\/plugins\/seo\/ -->\n<title>Family up! - Guerini e Associati<\/title>\n<meta name=\"robots\" content=\"index, follow, max-snippet:-1, max-image-preview:large, max-video-preview:-1\" \/>\n<link rel=\"canonical\" href=\"https:\/\/www.guerini.it\/index.php\/prodotto\/family-up\/\" \/>\n<meta property=\"og:locale\" content=\"it_IT\" \/>\n<meta property=\"og:type\" content=\"article\" \/>\n<meta property=\"og:title\" content=\"Family up! - Guerini e Associati\" \/>\n<meta property=\"og:description\" content=\"Alcune imprese familiari superano la transizione generazionale in modo virtuoso, altre si indeboliscono, generando spirali di crisi: perch\u00e9? Il libro analizza quindici storie aziendali per le quali la transizione ha avuto esito positivo. L\u2019enfasi viene posta sul ruolo del giovane imprenditore e sul contributo dei suoi valori, mettendoli a confronto con quelli che caratterizzano la generazione uscente. Attento alle dinamiche dei mercati di riferimento, il giovane imprenditore si rivela un attore fondamentale per assicurare il successo del passaggio generazionale. Da un lato riesce a fare propri quei valori della tradizione che si sono rivelati favorevoli per lo sviluppo dell\u2019azienda, dall\u2019altro \u00e8 capace di evolvere, sviluppando conoscenze e competenze, favorendo l\u2019ingresso di professionalit\u00e0 esterne e prendendo in considerazione l\u2019apertura del capitale.\" \/>\n<meta property=\"og:url\" content=\"https:\/\/www.guerini.it\/index.php\/prodotto\/family-up\/\" \/>\n<meta property=\"og:site_name\" content=\"Guerini e Associati\" \/>\n<meta property=\"article:modified_time\" content=\"2024-06-12T12:38:34+00:00\" \/>\n<meta property=\"og:image\" content=\"https:\/\/www.guerini.it\/wp-content\/uploads\/2017\/11\/family_up_sito_1.jpg\" \/>\n\t<meta property=\"og:image:width\" content=\"230\" \/>\n\t<meta property=\"og:image:height\" content=\"353\" \/>\n\t<meta property=\"og:image:type\" content=\"image\/jpeg\" \/>\n<meta name=\"twitter:card\" content=\"summary_large_image\" \/>\n<meta name=\"twitter:label1\" content=\"Tempo di lettura stimato\" \/>\n\t<meta name=\"twitter:data1\" content=\"2 minuti\" \/>\n<!-- \/ Yoast SEO plugin. -->","yoast_head_json":{"title":"Family up! - Guerini e Associati","robots":{"index":"index","follow":"follow","max-snippet":"max-snippet:-1","max-image-preview":"max-image-preview:large","max-video-preview":"max-video-preview:-1"},"canonical":"https:\/\/www.guerini.it\/index.php\/prodotto\/family-up\/","og_locale":"it_IT","og_type":"article","og_title":"Family up! - Guerini e Associati","og_description":"Alcune imprese familiari superano la transizione generazionale in modo virtuoso, altre si indeboliscono, generando spirali di crisi: perch\u00e9? Il libro analizza quindici storie aziendali per le quali la transizione ha avuto esito positivo. L\u2019enfasi viene posta sul ruolo del giovane imprenditore e sul contributo dei suoi valori, mettendoli a confronto con quelli che caratterizzano la generazione uscente. Attento alle dinamiche dei mercati di riferimento, il giovane imprenditore si rivela un attore fondamentale per assicurare il successo del passaggio generazionale. Da un lato riesce a fare propri quei valori della tradizione che si sono rivelati favorevoli per lo sviluppo dell\u2019azienda, dall\u2019altro \u00e8 capace di evolvere, sviluppando conoscenze e competenze, favorendo l\u2019ingresso di professionalit\u00e0 esterne e prendendo in considerazione l\u2019apertura del capitale.","og_url":"https:\/\/www.guerini.it\/index.php\/prodotto\/family-up\/","og_site_name":"Guerini e Associati","article_modified_time":"2024-06-12T12:38:34+00:00","og_image":[{"width":230,"height":353,"url":"https:\/\/www.guerini.it\/wp-content\/uploads\/2017\/11\/family_up_sito_1.jpg","type":"image\/jpeg"}],"twitter_card":"summary_large_image","twitter_misc":{"Tempo di lettura stimato":"2 minuti"},"schema":{"@context":"https:\/\/schema.org","@graph":[{"@type":"WebPage","@id":"https:\/\/www.guerini.it\/index.php\/prodotto\/family-up\/","url":"https:\/\/www.guerini.it\/index.php\/prodotto\/family-up\/","name":"Family up! - Guerini e Associati","isPartOf":{"@id":"https:\/\/www.guerini.it\/#website"},"primaryImageOfPage":{"@id":"https:\/\/www.guerini.it\/index.php\/prodotto\/family-up\/#primaryimage"},"image":{"@id":"https:\/\/www.guerini.it\/index.php\/prodotto\/family-up\/#primaryimage"},"thumbnailUrl":"https:\/\/www.guerini.it\/wp-content\/uploads\/2017\/11\/family_up_sito_1.jpg","datePublished":"2017-11-27T08:51:07+00:00","dateModified":"2024-06-12T12:38:34+00:00","breadcrumb":{"@id":"https:\/\/www.guerini.it\/index.php\/prodotto\/family-up\/#breadcrumb"},"inLanguage":"it-IT","potentialAction":[{"@type":"ReadAction","target":["https:\/\/www.guerini.it\/index.php\/prodotto\/family-up\/"]}]},{"@type":"ImageObject","inLanguage":"it-IT","@id":"https:\/\/www.guerini.it\/index.php\/prodotto\/family-up\/#primaryimage","url":"https:\/\/www.guerini.it\/wp-content\/uploads\/2017\/11\/family_up_sito_1.jpg","contentUrl":"https:\/\/www.guerini.it\/wp-content\/uploads\/2017\/11\/family_up_sito_1.jpg","width":230,"height":353,"caption":"Family Up!"},{"@type":"BreadcrumbList","@id":"https:\/\/www.guerini.it\/index.php\/prodotto\/family-up\/#breadcrumb","itemListElement":[{"@type":"ListItem","position":1,"name":"Home","item":"https:\/\/www.guerini.it\/"},{"@type":"ListItem","position":2,"name":"Catalogo","item":"https:\/\/www.guerini.it\/index.php\/negozio\/"},{"@type":"ListItem","position":3,"name":"Family up!"}]},{"@type":"WebSite","@id":"https:\/\/www.guerini.it\/#website","url":"https:\/\/www.guerini.it\/","name":"Guerini e Associati","description":"30 anni di libri, idee e libert\u00e0","publisher":{"@id":"https:\/\/www.guerini.it\/#organization"},"potentialAction":[{"@type":"SearchAction","target":{"@type":"EntryPoint","urlTemplate":"https:\/\/www.guerini.it\/?s={search_term_string}"},"query-input":{"@type":"PropertyValueSpecification","valueRequired":true,"valueName":"search_term_string"}}],"inLanguage":"it-IT"},{"@type":"Organization","@id":"https:\/\/www.guerini.it\/#organization","name":"Guerini e Associati","url":"https:\/\/www.guerini.it\/","logo":{"@type":"ImageObject","inLanguage":"it-IT","@id":"https:\/\/www.guerini.it\/#\/schema\/logo\/image\/","url":"https:\/\/www.guerini.it\/wp-content\/uploads\/2021\/03\/Logo-Guerini-OK_-e1615831292285.png","contentUrl":"https:\/\/www.guerini.it\/wp-content\/uploads\/2021\/03\/Logo-Guerini-OK_-e1615831292285.png","width":2805,"height":1870,"caption":"Guerini e Associati"},"image":{"@id":"https:\/\/www.guerini.it\/#\/schema\/logo\/image\/"}}]}},"_links":{"self":[{"href":"https:\/\/www.guerini.it\/index.php\/wp-json\/wp\/v2\/product\/16050","targetHints":{"allow":["GET"]}}],"collection":[{"href":"https:\/\/www.guerini.it\/index.php\/wp-json\/wp\/v2\/product"}],"about":[{"href":"https:\/\/www.guerini.it\/index.php\/wp-json\/wp\/v2\/types\/product"}],"wp:featuredmedia":[{"embeddable":true,"href":"https:\/\/www.guerini.it\/index.php\/wp-json\/wp\/v2\/media\/16048"}],"wp:attachment":[{"href":"https:\/\/www.guerini.it\/index.php\/wp-json\/wp\/v2\/media?parent=16050"}],"wp:term":[{"taxonomy":"product_brand","embeddable":true,"href":"https:\/\/www.guerini.it\/index.php\/wp-json\/wp\/v2\/product_brand?post=16050"},{"taxonomy":"product_cat","embeddable":true,"href":"https:\/\/www.guerini.it\/index.php\/wp-json\/wp\/v2\/product_cat?post=16050"},{"taxonomy":"product_tag","embeddable":true,"href":"https:\/\/www.guerini.it\/index.php\/wp-json\/wp\/v2\/product_tag?post=16050"}],"curies":[{"name":"wp","href":"https:\/\/api.w.org\/{rel}","templated":true}]}}