{"id":16056,"date":"2017-12-01T13:51:51","date_gmt":"2017-12-01T12:51:51","guid":{"rendered":"https:\/\/test.guerini.it\/?product=vite-da-millennials"},"modified":"2024-06-12T14:34:56","modified_gmt":"2024-06-12T12:34:56","slug":"vite-da-millennials","status":"publish","type":"product","link":"https:\/\/www.guerini.it\/index.php\/prodotto\/vite-da-millennials\/","title":{"rendered":"Vite da millennials"},"content":{"rendered":"<p style=\"text-align: justify;\">Il testo punta ad indagare alcuni temi centrali nella cultura dei Millennials, tentando di individuare gli elementi che collegano fra loro pratiche di fruizione e modelli comunicativi specifici. L\u2019analisi del percorso di crescita delle nuove generazioni deve fare i conti, infatti, sia con il ruolo giocato dalla comunicazione e dal consumo nelle dinamiche relazionali dei giovani, sia con le nuove forme di socialit\u00e0 supportate dai media digitali.<br \/>\nIl volume \u00e8 indirizzato in primo luogo agli studenti universitari interessati ai temi della sociologia del consumo e, pi\u00f9 in generale, delle scienze sociali, ma pu\u00f2 rappresentare un utile strumento di riflessione anche per i ricercatori attenti alle trasformazioni delle culture delle nuove generazioni.<\/p>\n","protected":false},"excerpt":{"rendered":"<p>Il testo punta ad indagare alcuni temi centrali nella cultura dei Millennials, tentando di individuare gli elementi che collegano fra loro pratiche di fruizione e modelli comunicativi specifici. L\u2019analisi del percorso di crescita delle nuove generazioni deve fare i conti, infatti, sia con il ruolo giocato dalla comunicazione e dal consumo nelle dinamiche relazionali dei giovani, sia con le nuove forme di socialit\u00e0 supportate dai media digitali.<br \/>\nIl volume \u00e8 indirizzato in primo luogo agli studenti universitari interessati ai temi della sociologia del consumo e, pi\u00f9 in generale, delle scienze sociali, ma pu\u00f2 rappresentare un utile strumento di riflessione anche per i ricercatori attenti alle trasformazioni delle culture delle nuove generazioni.<\/p>\n","protected":false},"featured_media":16055,"template":"","meta":{"_editorskit_title_hidden":false,"_editorskit_reading_time":0,"_editorskit_is_block_options_detached":false,"_editorskit_block_options_position":"{}","_monsterinsights_skip_tracking":false,"_monsterinsights_sitenote_active":false,"_monsterinsights_sitenote_note":"","_monsterinsights_sitenote_category":0},"product_brand":[],"product_cat":[6582,6528],"product_tag":[],"class_list":{"0":"post-16056","1":"product","2":"type-product","3":"status-publish","4":"has-post-thumbnail","6":"product_cat-cn","7":"product_cat-comunicazione","8":"pa_fulfillment-default","9":"pa_guerini_amazon_link-https-www-amazon-it-millennials-culture-pratiche-comunicative-generazione-dp-8881074125","10":"pa_guerini_feltrinelli_link-https-tidd-ly-3k80o13","11":"pa_guerini_ibs_link-https-tidd-ly-31xd0vh","12":"pa_guerini_libruniver_link-https-www-libreriauniversitaria-it-vite-millennials-culture-pratiche-comunicative-libro-9788881074129","14":"first","15":"instock","16":"sale","17":"shipping-taxable","18":"purchasable","19":"product-type-simple"},"yoast_head":"<!-- This site is optimized with the Yoast SEO plugin v25.4 - https:\/\/yoast.com\/wordpress\/plugins\/seo\/ -->\n<title>Vite da millennials - Guerini e Associati<\/title>\n<meta name=\"robots\" content=\"index, follow, max-snippet:-1, max-image-preview:large, max-video-preview:-1\" \/>\n<link rel=\"canonical\" href=\"https:\/\/www.guerini.it\/index.php\/prodotto\/vite-da-millennials\/\" \/>\n<meta property=\"og:locale\" content=\"it_IT\" \/>\n<meta property=\"og:type\" content=\"article\" \/>\n<meta property=\"og:title\" content=\"Vite da millennials - Guerini e Associati\" \/>\n<meta property=\"og:description\" content=\"Il testo punta ad indagare alcuni temi centrali nella cultura dei Millennials, tentando di individuare gli elementi che collegano fra loro pratiche di fruizione e modelli comunicativi specifici. L\u2019analisi del percorso di crescita delle nuove generazioni deve fare i conti, infatti, sia con il ruolo giocato dalla comunicazione e dal consumo nelle dinamiche relazionali dei giovani, sia con le nuove forme di socialit\u00e0 supportate dai media digitali. Il volume \u00e8 indirizzato in primo luogo agli studenti universitari interessati ai temi della sociologia del consumo e, pi\u00f9 in generale, delle scienze sociali, ma pu\u00f2 rappresentare un utile strumento di riflessione anche per i ricercatori attenti alle trasformazioni delle culture delle nuove generazioni.\" \/>\n<meta property=\"og:url\" content=\"https:\/\/www.guerini.it\/index.php\/prodotto\/vite-da-millennials\/\" \/>\n<meta property=\"og:site_name\" content=\"Guerini e Associati\" \/>\n<meta property=\"article:modified_time\" content=\"2024-06-12T12:34:56+00:00\" \/>\n<meta property=\"og:image\" content=\"https:\/\/www.guerini.it\/wp-content\/uploads\/2017\/12\/vite_da_millennials_sito.jpg\" \/>\n\t<meta property=\"og:image:width\" content=\"235\" \/>\n\t<meta property=\"og:image:height\" content=\"353\" \/>\n\t<meta property=\"og:image:type\" content=\"image\/jpeg\" \/>\n<meta name=\"twitter:card\" content=\"summary_large_image\" \/>\n<meta name=\"twitter:label1\" content=\"Tempo di lettura stimato\" \/>\n\t<meta name=\"twitter:data1\" content=\"1 minuto\" \/>\n<!-- \/ Yoast SEO plugin. -->","yoast_head_json":{"title":"Vite da millennials - Guerini e Associati","robots":{"index":"index","follow":"follow","max-snippet":"max-snippet:-1","max-image-preview":"max-image-preview:large","max-video-preview":"max-video-preview:-1"},"canonical":"https:\/\/www.guerini.it\/index.php\/prodotto\/vite-da-millennials\/","og_locale":"it_IT","og_type":"article","og_title":"Vite da millennials - Guerini e Associati","og_description":"Il testo punta ad indagare alcuni temi centrali nella cultura dei Millennials, tentando di individuare gli elementi che collegano fra loro pratiche di fruizione e modelli comunicativi specifici. L\u2019analisi del percorso di crescita delle nuove generazioni deve fare i conti, infatti, sia con il ruolo giocato dalla comunicazione e dal consumo nelle dinamiche relazionali dei giovani, sia con le nuove forme di socialit\u00e0 supportate dai media digitali. Il volume \u00e8 indirizzato in primo luogo agli studenti universitari interessati ai temi della sociologia del consumo e, pi\u00f9 in generale, delle scienze sociali, ma pu\u00f2 rappresentare un utile strumento di riflessione anche per i ricercatori attenti alle trasformazioni delle culture delle nuove generazioni.","og_url":"https:\/\/www.guerini.it\/index.php\/prodotto\/vite-da-millennials\/","og_site_name":"Guerini e Associati","article_modified_time":"2024-06-12T12:34:56+00:00","og_image":[{"width":235,"height":353,"url":"https:\/\/www.guerini.it\/wp-content\/uploads\/2017\/12\/vite_da_millennials_sito.jpg","type":"image\/jpeg"}],"twitter_card":"summary_large_image","twitter_misc":{"Tempo di lettura stimato":"1 minuto"},"schema":{"@context":"https:\/\/schema.org","@graph":[{"@type":"WebPage","@id":"https:\/\/www.guerini.it\/index.php\/prodotto\/vite-da-millennials\/","url":"https:\/\/www.guerini.it\/index.php\/prodotto\/vite-da-millennials\/","name":"Vite da millennials - Guerini e Associati","isPartOf":{"@id":"https:\/\/www.guerini.it\/#website"},"primaryImageOfPage":{"@id":"https:\/\/www.guerini.it\/index.php\/prodotto\/vite-da-millennials\/#primaryimage"},"image":{"@id":"https:\/\/www.guerini.it\/index.php\/prodotto\/vite-da-millennials\/#primaryimage"},"thumbnailUrl":"https:\/\/www.guerini.it\/wp-content\/uploads\/2017\/12\/vite_da_millennials_sito.jpg","datePublished":"2017-12-01T12:51:51+00:00","dateModified":"2024-06-12T12:34:56+00:00","breadcrumb":{"@id":"https:\/\/www.guerini.it\/index.php\/prodotto\/vite-da-millennials\/#breadcrumb"},"inLanguage":"it-IT","potentialAction":[{"@type":"ReadAction","target":["https:\/\/www.guerini.it\/index.php\/prodotto\/vite-da-millennials\/"]}]},{"@type":"ImageObject","inLanguage":"it-IT","@id":"https:\/\/www.guerini.it\/index.php\/prodotto\/vite-da-millennials\/#primaryimage","url":"https:\/\/www.guerini.it\/wp-content\/uploads\/2017\/12\/vite_da_millennials_sito.jpg","contentUrl":"https:\/\/www.guerini.it\/wp-content\/uploads\/2017\/12\/vite_da_millennials_sito.jpg","width":235,"height":353,"caption":"Vite da millennials"},{"@type":"BreadcrumbList","@id":"https:\/\/www.guerini.it\/index.php\/prodotto\/vite-da-millennials\/#breadcrumb","itemListElement":[{"@type":"ListItem","position":1,"name":"Home","item":"https:\/\/www.guerini.it\/"},{"@type":"ListItem","position":2,"name":"Catalogo","item":"https:\/\/www.guerini.it\/index.php\/negozio\/"},{"@type":"ListItem","position":3,"name":"Vite da millennials"}]},{"@type":"WebSite","@id":"https:\/\/www.guerini.it\/#website","url":"https:\/\/www.guerini.it\/","name":"Guerini e Associati","description":"30 anni di libri, idee e libert\u00e0","publisher":{"@id":"https:\/\/www.guerini.it\/#organization"},"potentialAction":[{"@type":"SearchAction","target":{"@type":"EntryPoint","urlTemplate":"https:\/\/www.guerini.it\/?s={search_term_string}"},"query-input":{"@type":"PropertyValueSpecification","valueRequired":true,"valueName":"search_term_string"}}],"inLanguage":"it-IT"},{"@type":"Organization","@id":"https:\/\/www.guerini.it\/#organization","name":"Guerini e Associati","url":"https:\/\/www.guerini.it\/","logo":{"@type":"ImageObject","inLanguage":"it-IT","@id":"https:\/\/www.guerini.it\/#\/schema\/logo\/image\/","url":"https:\/\/www.guerini.it\/wp-content\/uploads\/2021\/03\/Logo-Guerini-OK_-e1615831292285.png","contentUrl":"https:\/\/www.guerini.it\/wp-content\/uploads\/2021\/03\/Logo-Guerini-OK_-e1615831292285.png","width":2805,"height":1870,"caption":"Guerini e Associati"},"image":{"@id":"https:\/\/www.guerini.it\/#\/schema\/logo\/image\/"}}]}},"_links":{"self":[{"href":"https:\/\/www.guerini.it\/index.php\/wp-json\/wp\/v2\/product\/16056","targetHints":{"allow":["GET"]}}],"collection":[{"href":"https:\/\/www.guerini.it\/index.php\/wp-json\/wp\/v2\/product"}],"about":[{"href":"https:\/\/www.guerini.it\/index.php\/wp-json\/wp\/v2\/types\/product"}],"wp:featuredmedia":[{"embeddable":true,"href":"https:\/\/www.guerini.it\/index.php\/wp-json\/wp\/v2\/media\/16055"}],"wp:attachment":[{"href":"https:\/\/www.guerini.it\/index.php\/wp-json\/wp\/v2\/media?parent=16056"}],"wp:term":[{"taxonomy":"product_brand","embeddable":true,"href":"https:\/\/www.guerini.it\/index.php\/wp-json\/wp\/v2\/product_brand?post=16056"},{"taxonomy":"product_cat","embeddable":true,"href":"https:\/\/www.guerini.it\/index.php\/wp-json\/wp\/v2\/product_cat?post=16056"},{"taxonomy":"product_tag","embeddable":true,"href":"https:\/\/www.guerini.it\/index.php\/wp-json\/wp\/v2\/product_tag?post=16056"}],"curies":[{"name":"wp","href":"https:\/\/api.w.org\/{rel}","templated":true}]}}