{"id":16084,"date":"2018-01-26T08:59:30","date_gmt":"2018-01-26T07:59:30","guid":{"rendered":"https:\/\/test.guerini.it\/?product=un-futuro-da-costruire-bene"},"modified":"2024-06-12T14:41:07","modified_gmt":"2024-06-12T12:41:07","slug":"un-futuro-da-costruire-bene","status":"publish","type":"product","link":"https:\/\/www.guerini.it\/index.php\/prodotto\/un-futuro-da-costruire-bene\/","title":{"rendered":"Un futuro da costruire bene"},"content":{"rendered":"<p style=\"text-align: justify;\">La globalizzazione pare in ritirata in un mondo &laquo;in pezzi&raquo;, la presidenza Trump galleggia fra colpi di scena e promesse difficili da realizzare, fucine di instabilit&agrave; si sono aperte dal Medio Oriente alla Corea. L&rsquo;Europa cerca un futuro e l&rsquo;Italia si trova di fronte alle elezioni, ma con la congiuntura finalmente al giro di boa. <br \/>Un anno convulso il 2017, in cui tutto &egrave; stato in movimento, dalla societ&agrave; al clima. La sostenibilit&agrave; dello sviluppo, che sta divenendo incerta, spinge a esplorare nuove vie, come l&rsquo;economia circolare, per costruire un futuro &laquo;buono&raquo;. <br \/>Dobbiamo puntare sul &laquo;fattore I&raquo;, ossia sull&rsquo;innovazione a tutto campo, senza il quale lo sviluppo sostenibile rischia di trasformarsi in stagnazione insostenibile.<\/p>\n<p style=\"text-align: justify;\"><strong>Permalink:&nbsp;<a href=\"http:\/\/digital.casalini.it\/9788881952700\" target=\"_blank\" rel=\"noopener\">http:\/\/digital.casalini.it\/9788881952700<\/a><\/strong><\/p>\n","protected":false},"excerpt":{"rendered":"<p>La globalizzazione pare in ritirata in un mondo \u00abin pezzi\u00bb, la presidenza Trump galleggia fra colpi di scena e promesse difficili da realizzare, fucine di instabilit\u00e0 si sono aperte dal Medio Oriente alla Corea. L\u2019Europa cerca un futuro e l\u2019Italia si trova di fronte alle elezioni, ma con la congiuntura finalmente al giro di boa.<br \/>\nUn anno convulso il 2017, in cui tutto \u00e8 stato in movimento, dalla societ\u00e0 al clima. La sostenibilit\u00e0 dello sviluppo, che sta divenendo incerta, spinge a esplorare nuove vie, come l\u2019economia circolare, per costruire un futuro \u00abbuono\u00bb.<br \/>\nDobbiamo puntare sul \u00abfattore I\u00bb, ossia sull\u2019innovazione a tutto campo, senza il quale lo sviluppo sostenibile rischia di trasformarsi in stagnazione insostenibile.<\/p>\n","protected":false},"featured_media":16083,"template":"","meta":{"_editorskit_title_hidden":false,"_editorskit_reading_time":0,"_editorskit_is_block_options_detached":false,"_editorskit_block_options_position":"{}","_monsterinsights_skip_tracking":false,"_monsterinsights_sitenote_active":false,"_monsterinsights_sitenote_note":"","_monsterinsights_sitenote_category":0},"product_brand":[],"product_cat":[6529,6680],"product_tag":[],"class_list":{"0":"post-16084","1":"product","2":"type-product","3":"status-publish","4":"has-post-thumbnail","6":"product_cat-economia-e-management","7":"product_cat-ce","8":"pa_fulfillment-default","9":"pa_guerini_amazon_link-https-www-amazon-it-futuro-costruire-bene-m-deaglio-dp-8862507127","10":"pa_guerini_ibs_link-https-www-ibs-it-futuro-da-costruire-bene-libro-vari-e-9788862507127","11":"pa_guerini_link_amazon-48-httpswwwamazonitfuturo_cos","12":"pa_guerini_link_bookrepublic-50-httpswwwbookrepublicitbook","13":"pa_guerini_link_kobo-f0-httpswwwkobocomititebookun","14":"pa_guerini_link_lafeltrinelli-d9-httpswwwlafeltrinelliitebo","16":"first","17":"instock","18":"sale","19":"shipping-taxable","20":"purchasable","21":"product-type-simple"},"yoast_head":"<!-- This site is optimized with the Yoast SEO plugin v25.4 - https:\/\/yoast.com\/wordpress\/plugins\/seo\/ -->\n<title>Un futuro da costruire bene - Guerini e Associati<\/title>\n<meta name=\"robots\" content=\"index, follow, max-snippet:-1, max-image-preview:large, max-video-preview:-1\" \/>\n<link rel=\"canonical\" href=\"https:\/\/www.guerini.it\/index.php\/prodotto\/un-futuro-da-costruire-bene\/\" \/>\n<meta property=\"og:locale\" content=\"it_IT\" \/>\n<meta property=\"og:type\" content=\"article\" \/>\n<meta property=\"og:title\" content=\"Un futuro da costruire bene - Guerini e Associati\" \/>\n<meta property=\"og:description\" content=\"La globalizzazione pare in ritirata in un mondo \u00abin pezzi\u00bb, la presidenza Trump galleggia fra colpi di scena e promesse difficili da realizzare, fucine di instabilit\u00e0 si sono aperte dal Medio Oriente alla Corea. L\u2019Europa cerca un futuro e l\u2019Italia si trova di fronte alle elezioni, ma con la congiuntura finalmente al giro di boa.  Un anno convulso il 2017, in cui tutto \u00e8 stato in movimento, dalla societ\u00e0 al clima. La sostenibilit\u00e0 dello sviluppo, che sta divenendo incerta, spinge a esplorare nuove vie, come l\u2019economia circolare, per costruire un futuro \u00abbuono\u00bb.  Dobbiamo puntare sul \u00abfattore I\u00bb, ossia sull\u2019innovazione a tutto campo, senza il quale lo sviluppo sostenibile rischia di trasformarsi in stagnazione insostenibile.\" \/>\n<meta property=\"og:url\" content=\"https:\/\/www.guerini.it\/index.php\/prodotto\/un-futuro-da-costruire-bene\/\" \/>\n<meta property=\"og:site_name\" content=\"Guerini e Associati\" \/>\n<meta property=\"article:modified_time\" content=\"2024-06-12T12:41:07+00:00\" \/>\n<meta property=\"og:image\" content=\"https:\/\/www.guerini.it\/wp-content\/uploads\/2018\/01\/un_futuro_da_costruire_bene_sito.jpg\" \/>\n\t<meta property=\"og:image:width\" content=\"227\" \/>\n\t<meta property=\"og:image:height\" content=\"353\" \/>\n\t<meta property=\"og:image:type\" content=\"image\/jpeg\" \/>\n<meta name=\"twitter:card\" content=\"summary_large_image\" \/>\n<meta name=\"twitter:label1\" content=\"Tempo di lettura stimato\" \/>\n\t<meta name=\"twitter:data1\" content=\"1 minuto\" \/>\n<!-- \/ Yoast SEO plugin. -->","yoast_head_json":{"title":"Un futuro da costruire bene - Guerini e Associati","robots":{"index":"index","follow":"follow","max-snippet":"max-snippet:-1","max-image-preview":"max-image-preview:large","max-video-preview":"max-video-preview:-1"},"canonical":"https:\/\/www.guerini.it\/index.php\/prodotto\/un-futuro-da-costruire-bene\/","og_locale":"it_IT","og_type":"article","og_title":"Un futuro da costruire bene - Guerini e Associati","og_description":"La globalizzazione pare in ritirata in un mondo \u00abin pezzi\u00bb, la presidenza Trump galleggia fra colpi di scena e promesse difficili da realizzare, fucine di instabilit\u00e0 si sono aperte dal Medio Oriente alla Corea. L\u2019Europa cerca un futuro e l\u2019Italia si trova di fronte alle elezioni, ma con la congiuntura finalmente al giro di boa.  Un anno convulso il 2017, in cui tutto \u00e8 stato in movimento, dalla societ\u00e0 al clima. La sostenibilit\u00e0 dello sviluppo, che sta divenendo incerta, spinge a esplorare nuove vie, come l\u2019economia circolare, per costruire un futuro \u00abbuono\u00bb.  Dobbiamo puntare sul \u00abfattore I\u00bb, ossia sull\u2019innovazione a tutto campo, senza il quale lo sviluppo sostenibile rischia di trasformarsi in stagnazione insostenibile.","og_url":"https:\/\/www.guerini.it\/index.php\/prodotto\/un-futuro-da-costruire-bene\/","og_site_name":"Guerini e Associati","article_modified_time":"2024-06-12T12:41:07+00:00","og_image":[{"width":227,"height":353,"url":"https:\/\/www.guerini.it\/wp-content\/uploads\/2018\/01\/un_futuro_da_costruire_bene_sito.jpg","type":"image\/jpeg"}],"twitter_card":"summary_large_image","twitter_misc":{"Tempo di lettura stimato":"1 minuto"},"schema":{"@context":"https:\/\/schema.org","@graph":[{"@type":"WebPage","@id":"https:\/\/www.guerini.it\/index.php\/prodotto\/un-futuro-da-costruire-bene\/","url":"https:\/\/www.guerini.it\/index.php\/prodotto\/un-futuro-da-costruire-bene\/","name":"Un futuro da costruire bene - Guerini e Associati","isPartOf":{"@id":"https:\/\/www.guerini.it\/#website"},"primaryImageOfPage":{"@id":"https:\/\/www.guerini.it\/index.php\/prodotto\/un-futuro-da-costruire-bene\/#primaryimage"},"image":{"@id":"https:\/\/www.guerini.it\/index.php\/prodotto\/un-futuro-da-costruire-bene\/#primaryimage"},"thumbnailUrl":"https:\/\/www.guerini.it\/wp-content\/uploads\/2018\/01\/un_futuro_da_costruire_bene_sito.jpg","datePublished":"2018-01-26T07:59:30+00:00","dateModified":"2024-06-12T12:41:07+00:00","breadcrumb":{"@id":"https:\/\/www.guerini.it\/index.php\/prodotto\/un-futuro-da-costruire-bene\/#breadcrumb"},"inLanguage":"it-IT","potentialAction":[{"@type":"ReadAction","target":["https:\/\/www.guerini.it\/index.php\/prodotto\/un-futuro-da-costruire-bene\/"]}]},{"@type":"ImageObject","inLanguage":"it-IT","@id":"https:\/\/www.guerini.it\/index.php\/prodotto\/un-futuro-da-costruire-bene\/#primaryimage","url":"https:\/\/www.guerini.it\/wp-content\/uploads\/2018\/01\/un_futuro_da_costruire_bene_sito.jpg","contentUrl":"https:\/\/www.guerini.it\/wp-content\/uploads\/2018\/01\/un_futuro_da_costruire_bene_sito.jpg","width":227,"height":353,"caption":"Un futuro da costruire bene"},{"@type":"BreadcrumbList","@id":"https:\/\/www.guerini.it\/index.php\/prodotto\/un-futuro-da-costruire-bene\/#breadcrumb","itemListElement":[{"@type":"ListItem","position":1,"name":"Home","item":"https:\/\/www.guerini.it\/"},{"@type":"ListItem","position":2,"name":"Catalogo","item":"https:\/\/www.guerini.it\/index.php\/negozio\/"},{"@type":"ListItem","position":3,"name":"Un futuro da costruire bene"}]},{"@type":"WebSite","@id":"https:\/\/www.guerini.it\/#website","url":"https:\/\/www.guerini.it\/","name":"Guerini e Associati","description":"30 anni di libri, idee e libert\u00e0","publisher":{"@id":"https:\/\/www.guerini.it\/#organization"},"potentialAction":[{"@type":"SearchAction","target":{"@type":"EntryPoint","urlTemplate":"https:\/\/www.guerini.it\/?s={search_term_string}"},"query-input":{"@type":"PropertyValueSpecification","valueRequired":true,"valueName":"search_term_string"}}],"inLanguage":"it-IT"},{"@type":"Organization","@id":"https:\/\/www.guerini.it\/#organization","name":"Guerini e Associati","url":"https:\/\/www.guerini.it\/","logo":{"@type":"ImageObject","inLanguage":"it-IT","@id":"https:\/\/www.guerini.it\/#\/schema\/logo\/image\/","url":"https:\/\/www.guerini.it\/wp-content\/uploads\/2021\/03\/Logo-Guerini-OK_-e1615831292285.png","contentUrl":"https:\/\/www.guerini.it\/wp-content\/uploads\/2021\/03\/Logo-Guerini-OK_-e1615831292285.png","width":2805,"height":1870,"caption":"Guerini e Associati"},"image":{"@id":"https:\/\/www.guerini.it\/#\/schema\/logo\/image\/"}}]}},"_links":{"self":[{"href":"https:\/\/www.guerini.it\/index.php\/wp-json\/wp\/v2\/product\/16084","targetHints":{"allow":["GET"]}}],"collection":[{"href":"https:\/\/www.guerini.it\/index.php\/wp-json\/wp\/v2\/product"}],"about":[{"href":"https:\/\/www.guerini.it\/index.php\/wp-json\/wp\/v2\/types\/product"}],"wp:featuredmedia":[{"embeddable":true,"href":"https:\/\/www.guerini.it\/index.php\/wp-json\/wp\/v2\/media\/16083"}],"wp:attachment":[{"href":"https:\/\/www.guerini.it\/index.php\/wp-json\/wp\/v2\/media?parent=16084"}],"wp:term":[{"taxonomy":"product_brand","embeddable":true,"href":"https:\/\/www.guerini.it\/index.php\/wp-json\/wp\/v2\/product_brand?post=16084"},{"taxonomy":"product_cat","embeddable":true,"href":"https:\/\/www.guerini.it\/index.php\/wp-json\/wp\/v2\/product_cat?post=16084"},{"taxonomy":"product_tag","embeddable":true,"href":"https:\/\/www.guerini.it\/index.php\/wp-json\/wp\/v2\/product_tag?post=16084"}],"curies":[{"name":"wp","href":"https:\/\/api.w.org\/{rel}","templated":true}]}}