{"id":16097,"date":"2018-03-15T17:06:55","date_gmt":"2018-03-15T16:06:55","guid":{"rendered":"https:\/\/test.guerini.it\/?product=il-soggetto-incompiuto"},"modified":"2024-06-12T14:38:41","modified_gmt":"2024-06-12T12:38:41","slug":"il-soggetto-incompiuto","status":"publish","type":"product","link":"https:\/\/www.guerini.it\/index.php\/prodotto\/il-soggetto-incompiuto\/","title":{"rendered":"Il soggetto incompiuto"},"content":{"rendered":"<p style=\"text-align: justify;\">Sulla scorta di due precedenti manuali di psicosocioanalisi, risalenti agli anni Ottanta e Novanta, gli autori hanno voluto ripensare e aggiornare la teoria che sostiene le pratiche psicosocioanalitiche. Nasce cos\u00ec questo studio, ispirato dall\u2019insegnamento di Luigi Pagliarani e dalle idee della psicoanalisi e della filosofia contemporanee, che raccoglie e connette il passato e il presente della psicosocioanalisi in una sintesi organica ma aperta a una continua interrogazione. Tre punti di vista guidano la riflessione degli autori:<\/p>\n<p style=\"text-align: justify;\">\u2022 la <em>mancanza<\/em>, quale sguardo che sostiene una costante tensione verso il S\u00e9 e verso l\u2019altro, che non cerca di colmare la mancanza stessa ma di sentirla e di viverla come opportunit\u00e0;<br \/>\n\u2022 la <em>relazionalit\u00e0<\/em>, poich\u00e9 la vita umana \u00e8 fatta di legami e connessioni, nella ricerca continua di reciproco riconoscimento, pena la chiusura autistica e la perdita delle prospettive che meraviglia e stupore ci offrono di fronte allo spettacolo continuamente mutevole della realt\u00e0;<br \/>\n\u2022 infine il <em>sogno<\/em>, situato nello spazio altro dell\u2019immaginario, intenzione significante che costituisce la verit\u00e0 possibile per il soggetto nel suo essere nel mondo. Ci\u00f2 che \u00e8 sognato \u00e8 in continua trasformazione, cos\u00ec come la verit\u00e0 del soggetto, che nell\u2019eterna ricerca di s\u00e9 rimane sempre incompiuto, e nella sua incompiutezza trova vitalit\u00e0 e bellezza.<\/p>\n","protected":false},"excerpt":{"rendered":"<p>Sulla scorta di due precedenti manuali di psicosocioanalisi, risalenti agli anni Ottanta e Novanta, gli autori hanno voluto ripensare e aggiornare la teoria che sostiene le pratiche psicosocioanalitiche. Nasce cos\u00ec questo studio, ispirato dall\u2019insegnamento di Luigi Pagliarani e dalle idee della psicoanalisi e della filosofia contemporanee, che raccoglie e connette il passato e il presente della psicosocioanalisi in una sintesi organica ma aperta a una continua interrogazione. Tre punti di vista guidano la riflessione degli autori: \u2022 la mancanza, quale sguardo che sostiene una costante tensione verso il S\u00e9 e verso l\u2019altro, che non cerca di colmare la mancanza stessa ma di sentirla e di viverla come opportunit\u00e0; \u2022 la relazionalit\u00e0, poich\u00e9 la vita umana \u00e8 fatta di legami e connessioni, nella ricerca continua di reciproco riconoscimento, pena la chiusura autistica e la perdita delle prospettive che meraviglia e stupore ci offrono di fronte allo spettacolo continuamente mutevole della realt\u00e0; \u2022 infine il sogno, situato nello spazio altro dell\u2019immaginario, intenzione significante che costituisce la verit\u00e0 possibile per il soggetto nel suo essere nel mondo. Ci\u00f2 che \u00e8 sognato \u00e8 in continua trasformazione, cos\u00ec come la verit\u00e0 del soggetto, che nell\u2019eterna ricerca di s\u00e9 rimane sempre incompiuto, e nella sua incompiutezza trova vitalit\u00e0 e bellezza.<\/p>\n","protected":false},"featured_media":23634,"template":"","meta":{"_editorskit_title_hidden":false,"_editorskit_reading_time":0,"_editorskit_is_block_options_detached":false,"_editorskit_block_options_position":"{}","_monsterinsights_skip_tracking":false,"_monsterinsights_sitenote_active":false,"_monsterinsights_sitenote_note":"","_monsterinsights_sitenote_category":0},"product_brand":[],"product_cat":[6805,6601,6529],"product_tag":[],"class_list":{"0":"post-16097","1":"product","2":"type-product","3":"status-publish","4":"has-post-thumbnail","6":"product_cat-guerini-next","7":"product_cat-la","8":"product_cat-economia-e-management","9":"pa_guerini_amazon_link-https-www-amazon-it-soggetto-incompiuto-psicosocioanalisi-dellindividuo-dellorganizzazione-dp-8868961849","10":"pa_guerini_feltrinelli_link-https-www-lafeltrinelli-it-soggetto-incompiuto-psicosocioanalisi-dell-individuo-libro-vari-e-9788868961848","11":"pa_guerini_ibs_link-https-www-ibs-it-soggetto-incompiuto-psicosocioanalisi-dell-individuo-libro-vari-e-9788868961848","12":"pa_guerini_libruniver_link-https-www-libreriauniversitaria-it-soggetto-incompiuto-psicosocioanalisi-individuo-organizzazione-libro-9788868961848","13":"pa_guerini_mondadori_link-https-www-mondadoristore-it-soggetto-incompiuto-dario-forti-franco-natili-giuseppe-varchetta-eai978886896184","15":"first","16":"instock","17":"sale","18":"shipping-taxable","19":"purchasable","20":"product-type-simple"},"yoast_head":"<!-- This site is optimized with the Yoast SEO plugin v25.4 - https:\/\/yoast.com\/wordpress\/plugins\/seo\/ -->\n<title>Il soggetto incompiuto - Guerini e Associati<\/title>\n<meta name=\"robots\" content=\"index, follow, max-snippet:-1, max-image-preview:large, max-video-preview:-1\" \/>\n<link rel=\"canonical\" href=\"https:\/\/www.guerini.it\/index.php\/prodotto\/il-soggetto-incompiuto\/\" \/>\n<meta property=\"og:locale\" content=\"it_IT\" \/>\n<meta property=\"og:type\" content=\"article\" \/>\n<meta property=\"og:title\" content=\"Il soggetto incompiuto - Guerini e Associati\" \/>\n<meta property=\"og:description\" content=\"Sulla scorta di due precedenti manuali di psicosocioanalisi, risalenti agli anni Ottanta e Novanta, gli autori hanno voluto ripensare e aggiornare la teoria che sostiene le pratiche psicosocioanalitiche. Nasce cos\u00ec questo studio, ispirato dall\u2019insegnamento di Luigi Pagliarani e dalle idee della psicoanalisi e della filosofia contemporanee, che raccoglie e connette il passato e il presente della psicosocioanalisi in una sintesi organica ma aperta a una continua interrogazione. Tre punti di vista guidano la riflessione degli autori: \u2022 la mancanza, quale sguardo che sostiene una costante tensione verso il S\u00e9 e verso l\u2019altro, che non cerca di colmare la mancanza stessa ma di sentirla e di viverla come opportunit\u00e0; \u2022 la relazionalit\u00e0, poich\u00e9 la vita umana \u00e8 fatta di legami e connessioni, nella ricerca continua di reciproco riconoscimento, pena la chiusura autistica e la perdita delle prospettive che meraviglia e stupore ci offrono di fronte allo spettacolo continuamente mutevole della realt\u00e0; \u2022 infine il sogno, situato nello spazio altro dell\u2019immaginario, intenzione significante che costituisce la verit\u00e0 possibile per il soggetto nel suo essere nel mondo. Ci\u00f2 che \u00e8 sognato \u00e8 in continua trasformazione, cos\u00ec come la verit\u00e0 del soggetto, che nell\u2019eterna ricerca di s\u00e9 rimane sempre incompiuto, e nella sua incompiutezza trova vitalit\u00e0 e bellezza.\" \/>\n<meta property=\"og:url\" content=\"https:\/\/www.guerini.it\/index.php\/prodotto\/il-soggetto-incompiuto\/\" \/>\n<meta property=\"og:site_name\" content=\"Guerini e Associati\" \/>\n<meta property=\"article:modified_time\" content=\"2024-06-12T12:38:41+00:00\" \/>\n<meta property=\"og:image\" content=\"https:\/\/www.guerini.it\/wp-content\/uploads\/2018\/03\/Il-soggetto-incompiuto-scaled.webp\" \/>\n\t<meta property=\"og:image:width\" content=\"1652\" \/>\n\t<meta property=\"og:image:height\" content=\"2560\" \/>\n\t<meta property=\"og:image:type\" content=\"image\/webp\" \/>\n<meta name=\"twitter:card\" content=\"summary_large_image\" \/>\n<meta name=\"twitter:label1\" content=\"Tempo di lettura stimato\" \/>\n\t<meta name=\"twitter:data1\" content=\"2 minuti\" \/>\n<!-- \/ Yoast SEO plugin. -->","yoast_head_json":{"title":"Il soggetto incompiuto - Guerini e Associati","robots":{"index":"index","follow":"follow","max-snippet":"max-snippet:-1","max-image-preview":"max-image-preview:large","max-video-preview":"max-video-preview:-1"},"canonical":"https:\/\/www.guerini.it\/index.php\/prodotto\/il-soggetto-incompiuto\/","og_locale":"it_IT","og_type":"article","og_title":"Il soggetto incompiuto - Guerini e Associati","og_description":"Sulla scorta di due precedenti manuali di psicosocioanalisi, risalenti agli anni Ottanta e Novanta, gli autori hanno voluto ripensare e aggiornare la teoria che sostiene le pratiche psicosocioanalitiche. Nasce cos\u00ec questo studio, ispirato dall\u2019insegnamento di Luigi Pagliarani e dalle idee della psicoanalisi e della filosofia contemporanee, che raccoglie e connette il passato e il presente della psicosocioanalisi in una sintesi organica ma aperta a una continua interrogazione. Tre punti di vista guidano la riflessione degli autori: \u2022 la mancanza, quale sguardo che sostiene una costante tensione verso il S\u00e9 e verso l\u2019altro, che non cerca di colmare la mancanza stessa ma di sentirla e di viverla come opportunit\u00e0; \u2022 la relazionalit\u00e0, poich\u00e9 la vita umana \u00e8 fatta di legami e connessioni, nella ricerca continua di reciproco riconoscimento, pena la chiusura autistica e la perdita delle prospettive che meraviglia e stupore ci offrono di fronte allo spettacolo continuamente mutevole della realt\u00e0; \u2022 infine il sogno, situato nello spazio altro dell\u2019immaginario, intenzione significante che costituisce la verit\u00e0 possibile per il soggetto nel suo essere nel mondo. Ci\u00f2 che \u00e8 sognato \u00e8 in continua trasformazione, cos\u00ec come la verit\u00e0 del soggetto, che nell\u2019eterna ricerca di s\u00e9 rimane sempre incompiuto, e nella sua incompiutezza trova vitalit\u00e0 e bellezza.","og_url":"https:\/\/www.guerini.it\/index.php\/prodotto\/il-soggetto-incompiuto\/","og_site_name":"Guerini e Associati","article_modified_time":"2024-06-12T12:38:41+00:00","og_image":[{"width":1652,"height":2560,"url":"https:\/\/www.guerini.it\/wp-content\/uploads\/2018\/03\/Il-soggetto-incompiuto-scaled.webp","type":"image\/webp"}],"twitter_card":"summary_large_image","twitter_misc":{"Tempo di lettura stimato":"2 minuti"},"schema":{"@context":"https:\/\/schema.org","@graph":[{"@type":"WebPage","@id":"https:\/\/www.guerini.it\/index.php\/prodotto\/il-soggetto-incompiuto\/","url":"https:\/\/www.guerini.it\/index.php\/prodotto\/il-soggetto-incompiuto\/","name":"Il soggetto incompiuto - Guerini e Associati","isPartOf":{"@id":"https:\/\/www.guerini.it\/#website"},"primaryImageOfPage":{"@id":"https:\/\/www.guerini.it\/index.php\/prodotto\/il-soggetto-incompiuto\/#primaryimage"},"image":{"@id":"https:\/\/www.guerini.it\/index.php\/prodotto\/il-soggetto-incompiuto\/#primaryimage"},"thumbnailUrl":"https:\/\/www.guerini.it\/wp-content\/uploads\/2018\/03\/Il-soggetto-incompiuto-scaled.webp","datePublished":"2018-03-15T16:06:55+00:00","dateModified":"2024-06-12T12:38:41+00:00","breadcrumb":{"@id":"https:\/\/www.guerini.it\/index.php\/prodotto\/il-soggetto-incompiuto\/#breadcrumb"},"inLanguage":"it-IT","potentialAction":[{"@type":"ReadAction","target":["https:\/\/www.guerini.it\/index.php\/prodotto\/il-soggetto-incompiuto\/"]}]},{"@type":"ImageObject","inLanguage":"it-IT","@id":"https:\/\/www.guerini.it\/index.php\/prodotto\/il-soggetto-incompiuto\/#primaryimage","url":"https:\/\/www.guerini.it\/wp-content\/uploads\/2018\/03\/Il-soggetto-incompiuto-scaled.webp","contentUrl":"https:\/\/www.guerini.it\/wp-content\/uploads\/2018\/03\/Il-soggetto-incompiuto-scaled.webp","width":1652,"height":2560,"caption":"Copertina del volume Il soggetto incompiuto, Guerini Next, 2018"},{"@type":"BreadcrumbList","@id":"https:\/\/www.guerini.it\/index.php\/prodotto\/il-soggetto-incompiuto\/#breadcrumb","itemListElement":[{"@type":"ListItem","position":1,"name":"Home","item":"https:\/\/www.guerini.it\/"},{"@type":"ListItem","position":2,"name":"Catalogo","item":"https:\/\/www.guerini.it\/index.php\/negozio\/"},{"@type":"ListItem","position":3,"name":"Il soggetto incompiuto"}]},{"@type":"WebSite","@id":"https:\/\/www.guerini.it\/#website","url":"https:\/\/www.guerini.it\/","name":"Guerini e Associati","description":"30 anni di libri, idee e libert\u00e0","publisher":{"@id":"https:\/\/www.guerini.it\/#organization"},"potentialAction":[{"@type":"SearchAction","target":{"@type":"EntryPoint","urlTemplate":"https:\/\/www.guerini.it\/?s={search_term_string}"},"query-input":{"@type":"PropertyValueSpecification","valueRequired":true,"valueName":"search_term_string"}}],"inLanguage":"it-IT"},{"@type":"Organization","@id":"https:\/\/www.guerini.it\/#organization","name":"Guerini e Associati","url":"https:\/\/www.guerini.it\/","logo":{"@type":"ImageObject","inLanguage":"it-IT","@id":"https:\/\/www.guerini.it\/#\/schema\/logo\/image\/","url":"https:\/\/www.guerini.it\/wp-content\/uploads\/2021\/03\/Logo-Guerini-OK_-e1615831292285.png","contentUrl":"https:\/\/www.guerini.it\/wp-content\/uploads\/2021\/03\/Logo-Guerini-OK_-e1615831292285.png","width":2805,"height":1870,"caption":"Guerini e Associati"},"image":{"@id":"https:\/\/www.guerini.it\/#\/schema\/logo\/image\/"}}]}},"_links":{"self":[{"href":"https:\/\/www.guerini.it\/index.php\/wp-json\/wp\/v2\/product\/16097","targetHints":{"allow":["GET"]}}],"collection":[{"href":"https:\/\/www.guerini.it\/index.php\/wp-json\/wp\/v2\/product"}],"about":[{"href":"https:\/\/www.guerini.it\/index.php\/wp-json\/wp\/v2\/types\/product"}],"wp:featuredmedia":[{"embeddable":true,"href":"https:\/\/www.guerini.it\/index.php\/wp-json\/wp\/v2\/media\/23634"}],"wp:attachment":[{"href":"https:\/\/www.guerini.it\/index.php\/wp-json\/wp\/v2\/media?parent=16097"}],"wp:term":[{"taxonomy":"product_brand","embeddable":true,"href":"https:\/\/www.guerini.it\/index.php\/wp-json\/wp\/v2\/product_brand?post=16097"},{"taxonomy":"product_cat","embeddable":true,"href":"https:\/\/www.guerini.it\/index.php\/wp-json\/wp\/v2\/product_cat?post=16097"},{"taxonomy":"product_tag","embeddable":true,"href":"https:\/\/www.guerini.it\/index.php\/wp-json\/wp\/v2\/product_tag?post=16097"}],"curies":[{"name":"wp","href":"https:\/\/api.w.org\/{rel}","templated":true}]}}