{"id":16102,"date":"2018-03-30T08:24:25","date_gmt":"2018-03-30T06:24:25","guid":{"rendered":"https:\/\/test.guerini.it\/?product=l-impresa-inclusiva"},"modified":"2024-06-12T14:39:20","modified_gmt":"2024-06-12T12:39:20","slug":"l-impresa-inclusiva","status":"publish","type":"product","link":"https:\/\/www.guerini.it\/index.php\/prodotto\/l-impresa-inclusiva\/","title":{"rendered":"L&#8217;impresa inclusiva"},"content":{"rendered":"<p style=\"text-align: justify;\">In Italia vi sono pi&ugrave; di un milione di lavoratrici e lavoratori omosessuali, lesbiche, bisessualie transgender. Dei loro diritti nella societ&agrave; civile molto si &egrave; ultimamente discusso in occasione dell&rsquo;approvazione della legge Cirinn&agrave; sulle unioni civili. Il mondo del lavoro ha invece finora ignorato questa fetta di popolazione: da poco ci si sta accorgendo di loro come consumatori, ma nella grande maggioranza dei casi all&rsquo;interno delle organizzazioni non li si considera ancora nella loro individualit&agrave;. Si tratta di una diversit&agrave; facilmente occultabile e tutti preferiscono ignorarla o considerarla alla stregua di un fenomeno circoscritto ad alcuni settori specifici come la moda. Niente di pi&ugrave; lontano dalla realt&agrave;. La diversit&agrave; di orientamento sessuale e di identit&agrave; di genere &egrave; oggetto di discriminazione sui luoghi di lavoro come e ancora di pi&ugrave; di altre tipologie all&rsquo;onore delle cronache gi&agrave; da molto tempo. Se per&ograve; le aziende vogliono riconquistare la fiducia dei propri collaboratori, se li vogliono motivare chiedendo loro proattivit&agrave; e identificazione col progetto d&rsquo;impresa, il primo passo &egrave; rispettarli nella loro individualit&agrave;, indipendentemente dalle diversit&agrave; che li caratterizzano. Di inclusivit&agrave; si &egrave; molto parlato in questi anni ma il tema della popolazione LGBT in Italia &egrave; tradizionalmente rimasto ai margini. Questa guida vuole iniziare ad ovviare a questo limite. L&rsquo;Universit&agrave; Statale di Milano, con l&rsquo;appoggio dell&rsquo;Associazione Italiana per la Direzione del Personale e dell&rsquo;Associazione Parks &ndash; Liberi e Uguali ha condotto un progetto di ricerca con alcune tra le aziende pi&ugrave; all&rsquo;avanguardia sul versante dell&rsquo;inclusione. Frutto di questo studio &egrave; un volume semplice ma completo di introduzione al tema LGBT e lavoro, che offre molte indicazionio perative a partire dalle best practice di alcune aziende eccellenti.<\/p>\n","protected":false},"excerpt":{"rendered":"<p>In Italia vi sono pi\u00f9 di un milione di lavoratrici e lavoratori omosessuali, lesbiche, bisessualie transgender. Dei loro diritti nella societ\u00e0 civile molto si \u00e8 ultimamente discusso in occasione dell\u2019approvazione della legge Cirinn\u00e0 sulle unioni civili. Il mondo del lavoro ha invece finora ignorato questa fetta di popolazione: da poco ci si sta accorgendo di loro come consumatori, ma nella grande maggioranza dei casi all\u2019interno delle organizzazioni non li si considera ancora nella loro individualit\u00e0. Si tratta di una diversit\u00e0 facilmente occultabile e tutti preferiscono ignorarla o considerarla alla stregua di un fenomeno circoscritto ad alcuni settori specifici come la moda. Niente di pi\u00f9 lontano dalla realt\u00e0. La diversit\u00e0 di orientamento sessuale e di identit\u00e0 di genere \u00e8 oggetto di discriminazione sui luoghi di lavoro come e ancora di pi\u00f9 di altre tipologie all\u2019onore delle cronache gi\u00e0 da molto tempo. Se per\u00f2 le aziende vogliono riconquistare la fiducia dei propri collaboratori, se li vogliono motivare chiedendo loro proattivit\u00e0 e identificazione col progetto d\u2019impresa, il primo passo \u00e8 rispettarli nella loro individualit\u00e0, indipendentemente dalle diversit\u00e0 che li caratterizzano. Di inclusivit\u00e0 si \u00e8 molto parlato in questi anni ma il tema della popolazione LGBT in Italia \u00e8 tradizionalmente rimasto ai margini. Questa guida vuole iniziare ad ovviare a questo limite. L\u2019Universit\u00e0 Statale di Milano, con l\u2019appoggio dell\u2019Associazione Italiana per la Direzione del Personale e dell\u2019Associazione Parks \u2013 Liberi e Uguali ha condotto un progetto di ricerca con alcune tra le aziende pi\u00f9 all\u2019avanguardia sul versante dell\u2019inclusione. Frutto di questo studio \u00e8 un volume semplice ma completo di introduzione al tema LGBT e lavoro, che offre molte indicazionio perative a partire dalle best practice di alcune aziende eccellenti.<\/p>\n","protected":false},"featured_media":16101,"template":"","meta":{"_editorskit_title_hidden":false,"_editorskit_reading_time":0,"_editorskit_is_block_options_detached":false,"_editorskit_block_options_position":"{}","_monsterinsights_skip_tracking":false,"_monsterinsights_sitenote_active":false,"_monsterinsights_sitenote_note":"","_monsterinsights_sitenote_category":0},"product_brand":[],"product_cat":[6805,6529,6622],"product_tag":[],"class_list":{"0":"post-16102","1":"product","2":"type-product","3":"status-publish","4":"has-post-thumbnail","6":"product_cat-guerini-next","7":"product_cat-economia-e-management","8":"product_cat-bp","9":"pa_fulfillment-default","10":"pa_guerini_amazon_link-https-www-amazon-it-limpresa-inclusiva-lgbt-diversity-azienda-dp-886896192x","11":"pa_guerini_ibs_link-https-www-ibs-it-impresa-inclusiva-lgbt-diversity-in-libro-vari-e-9788868961923","13":"first","14":"instock","15":"sale","16":"shipping-taxable","17":"purchasable","18":"product-type-simple"},"yoast_head":"<!-- This site is optimized with the Yoast SEO plugin v25.4 - https:\/\/yoast.com\/wordpress\/plugins\/seo\/ -->\n<title>L&#039;impresa inclusiva - Guerini e Associati<\/title>\n<meta name=\"robots\" content=\"index, follow, max-snippet:-1, max-image-preview:large, max-video-preview:-1\" \/>\n<link rel=\"canonical\" href=\"https:\/\/www.guerini.it\/index.php\/prodotto\/l-impresa-inclusiva\/\" \/>\n<meta property=\"og:locale\" content=\"it_IT\" \/>\n<meta property=\"og:type\" content=\"article\" \/>\n<meta property=\"og:title\" content=\"L&#039;impresa inclusiva - Guerini e Associati\" \/>\n<meta property=\"og:description\" content=\"In Italia vi sono pi\u00f9 di un milione di lavoratrici e lavoratori omosessuali, lesbiche, bisessualie transgender. Dei loro diritti nella societ\u00e0 civile molto si \u00e8 ultimamente discusso in occasione dell\u2019approvazione della legge Cirinn\u00e0 sulle unioni civili. Il mondo del lavoro ha invece finora ignorato questa fetta di popolazione: da poco ci si sta accorgendo di loro come consumatori, ma nella grande maggioranza dei casi all\u2019interno delle organizzazioni non li si considera ancora nella loro individualit\u00e0. Si tratta di una diversit\u00e0 facilmente occultabile e tutti preferiscono ignorarla o considerarla alla stregua di un fenomeno circoscritto ad alcuni settori specifici come la moda. Niente di pi\u00f9 lontano dalla realt\u00e0. La diversit\u00e0 di orientamento sessuale e di identit\u00e0 di genere \u00e8 oggetto di discriminazione sui luoghi di lavoro come e ancora di pi\u00f9 di altre tipologie all\u2019onore delle cronache gi\u00e0 da molto tempo. Se per\u00f2 le aziende vogliono riconquistare la fiducia dei propri collaboratori, se li vogliono motivare chiedendo loro proattivit\u00e0 e identificazione col progetto d\u2019impresa, il primo passo \u00e8 rispettarli nella loro individualit\u00e0, indipendentemente dalle diversit\u00e0 che li caratterizzano. Di inclusivit\u00e0 si \u00e8 molto parlato in questi anni ma il tema della popolazione LGBT in Italia \u00e8 tradizionalmente rimasto ai margini. Questa guida vuole iniziare ad ovviare a questo limite. L\u2019Universit\u00e0 Statale di Milano, con l\u2019appoggio dell\u2019Associazione Italiana per la Direzione del Personale e dell\u2019Associazione Parks \u2013 Liberi e Uguali ha condotto un progetto di ricerca con alcune tra le aziende pi\u00f9 all\u2019avanguardia sul versante dell\u2019inclusione. Frutto di questo studio \u00e8 un volume semplice ma completo di introduzione al tema LGBT e lavoro, che offre molte indicazionio perative a partire dalle best practice di alcune aziende eccellenti.\" \/>\n<meta property=\"og:url\" content=\"https:\/\/www.guerini.it\/index.php\/prodotto\/l-impresa-inclusiva\/\" \/>\n<meta property=\"og:site_name\" content=\"Guerini e Associati\" \/>\n<meta property=\"article:modified_time\" content=\"2024-06-12T12:39:20+00:00\" \/>\n<meta property=\"og:image\" content=\"https:\/\/www.guerini.it\/wp-content\/uploads\/2018\/03\/impresa_inclusiva_sito.jpg\" \/>\n\t<meta property=\"og:image:width\" content=\"227\" \/>\n\t<meta property=\"og:image:height\" content=\"353\" \/>\n\t<meta property=\"og:image:type\" content=\"image\/jpeg\" \/>\n<meta name=\"twitter:card\" content=\"summary_large_image\" \/>\n<meta name=\"twitter:label1\" content=\"Tempo di lettura stimato\" \/>\n\t<meta name=\"twitter:data1\" content=\"2 minuti\" \/>\n<!-- \/ Yoast SEO plugin. -->","yoast_head_json":{"title":"L'impresa inclusiva - Guerini e Associati","robots":{"index":"index","follow":"follow","max-snippet":"max-snippet:-1","max-image-preview":"max-image-preview:large","max-video-preview":"max-video-preview:-1"},"canonical":"https:\/\/www.guerini.it\/index.php\/prodotto\/l-impresa-inclusiva\/","og_locale":"it_IT","og_type":"article","og_title":"L'impresa inclusiva - Guerini e Associati","og_description":"In Italia vi sono pi\u00f9 di un milione di lavoratrici e lavoratori omosessuali, lesbiche, bisessualie transgender. Dei loro diritti nella societ\u00e0 civile molto si \u00e8 ultimamente discusso in occasione dell\u2019approvazione della legge Cirinn\u00e0 sulle unioni civili. Il mondo del lavoro ha invece finora ignorato questa fetta di popolazione: da poco ci si sta accorgendo di loro come consumatori, ma nella grande maggioranza dei casi all\u2019interno delle organizzazioni non li si considera ancora nella loro individualit\u00e0. Si tratta di una diversit\u00e0 facilmente occultabile e tutti preferiscono ignorarla o considerarla alla stregua di un fenomeno circoscritto ad alcuni settori specifici come la moda. Niente di pi\u00f9 lontano dalla realt\u00e0. La diversit\u00e0 di orientamento sessuale e di identit\u00e0 di genere \u00e8 oggetto di discriminazione sui luoghi di lavoro come e ancora di pi\u00f9 di altre tipologie all\u2019onore delle cronache gi\u00e0 da molto tempo. Se per\u00f2 le aziende vogliono riconquistare la fiducia dei propri collaboratori, se li vogliono motivare chiedendo loro proattivit\u00e0 e identificazione col progetto d\u2019impresa, il primo passo \u00e8 rispettarli nella loro individualit\u00e0, indipendentemente dalle diversit\u00e0 che li caratterizzano. Di inclusivit\u00e0 si \u00e8 molto parlato in questi anni ma il tema della popolazione LGBT in Italia \u00e8 tradizionalmente rimasto ai margini. Questa guida vuole iniziare ad ovviare a questo limite. L\u2019Universit\u00e0 Statale di Milano, con l\u2019appoggio dell\u2019Associazione Italiana per la Direzione del Personale e dell\u2019Associazione Parks \u2013 Liberi e Uguali ha condotto un progetto di ricerca con alcune tra le aziende pi\u00f9 all\u2019avanguardia sul versante dell\u2019inclusione. Frutto di questo studio \u00e8 un volume semplice ma completo di introduzione al tema LGBT e lavoro, che offre molte indicazionio perative a partire dalle best practice di alcune aziende eccellenti.","og_url":"https:\/\/www.guerini.it\/index.php\/prodotto\/l-impresa-inclusiva\/","og_site_name":"Guerini e Associati","article_modified_time":"2024-06-12T12:39:20+00:00","og_image":[{"width":227,"height":353,"url":"https:\/\/www.guerini.it\/wp-content\/uploads\/2018\/03\/impresa_inclusiva_sito.jpg","type":"image\/jpeg"}],"twitter_card":"summary_large_image","twitter_misc":{"Tempo di lettura stimato":"2 minuti"},"schema":{"@context":"https:\/\/schema.org","@graph":[{"@type":"WebPage","@id":"https:\/\/www.guerini.it\/index.php\/prodotto\/l-impresa-inclusiva\/","url":"https:\/\/www.guerini.it\/index.php\/prodotto\/l-impresa-inclusiva\/","name":"L'impresa inclusiva - Guerini e Associati","isPartOf":{"@id":"https:\/\/www.guerini.it\/#website"},"primaryImageOfPage":{"@id":"https:\/\/www.guerini.it\/index.php\/prodotto\/l-impresa-inclusiva\/#primaryimage"},"image":{"@id":"https:\/\/www.guerini.it\/index.php\/prodotto\/l-impresa-inclusiva\/#primaryimage"},"thumbnailUrl":"https:\/\/www.guerini.it\/wp-content\/uploads\/2018\/03\/impresa_inclusiva_sito.jpg","datePublished":"2018-03-30T06:24:25+00:00","dateModified":"2024-06-12T12:39:20+00:00","breadcrumb":{"@id":"https:\/\/www.guerini.it\/index.php\/prodotto\/l-impresa-inclusiva\/#breadcrumb"},"inLanguage":"it-IT","potentialAction":[{"@type":"ReadAction","target":["https:\/\/www.guerini.it\/index.php\/prodotto\/l-impresa-inclusiva\/"]}]},{"@type":"ImageObject","inLanguage":"it-IT","@id":"https:\/\/www.guerini.it\/index.php\/prodotto\/l-impresa-inclusiva\/#primaryimage","url":"https:\/\/www.guerini.it\/wp-content\/uploads\/2018\/03\/impresa_inclusiva_sito.jpg","contentUrl":"https:\/\/www.guerini.it\/wp-content\/uploads\/2018\/03\/impresa_inclusiva_sito.jpg","width":227,"height":353,"caption":"L'impresa inclusiva"},{"@type":"BreadcrumbList","@id":"https:\/\/www.guerini.it\/index.php\/prodotto\/l-impresa-inclusiva\/#breadcrumb","itemListElement":[{"@type":"ListItem","position":1,"name":"Home","item":"https:\/\/www.guerini.it\/"},{"@type":"ListItem","position":2,"name":"Catalogo","item":"https:\/\/www.guerini.it\/index.php\/negozio\/"},{"@type":"ListItem","position":3,"name":"L&#8217;impresa inclusiva"}]},{"@type":"WebSite","@id":"https:\/\/www.guerini.it\/#website","url":"https:\/\/www.guerini.it\/","name":"Guerini e Associati","description":"30 anni di libri, idee e libert\u00e0","publisher":{"@id":"https:\/\/www.guerini.it\/#organization"},"potentialAction":[{"@type":"SearchAction","target":{"@type":"EntryPoint","urlTemplate":"https:\/\/www.guerini.it\/?s={search_term_string}"},"query-input":{"@type":"PropertyValueSpecification","valueRequired":true,"valueName":"search_term_string"}}],"inLanguage":"it-IT"},{"@type":"Organization","@id":"https:\/\/www.guerini.it\/#organization","name":"Guerini e Associati","url":"https:\/\/www.guerini.it\/","logo":{"@type":"ImageObject","inLanguage":"it-IT","@id":"https:\/\/www.guerini.it\/#\/schema\/logo\/image\/","url":"https:\/\/www.guerini.it\/wp-content\/uploads\/2021\/03\/Logo-Guerini-OK_-e1615831292285.png","contentUrl":"https:\/\/www.guerini.it\/wp-content\/uploads\/2021\/03\/Logo-Guerini-OK_-e1615831292285.png","width":2805,"height":1870,"caption":"Guerini e Associati"},"image":{"@id":"https:\/\/www.guerini.it\/#\/schema\/logo\/image\/"}}]}},"_links":{"self":[{"href":"https:\/\/www.guerini.it\/index.php\/wp-json\/wp\/v2\/product\/16102","targetHints":{"allow":["GET"]}}],"collection":[{"href":"https:\/\/www.guerini.it\/index.php\/wp-json\/wp\/v2\/product"}],"about":[{"href":"https:\/\/www.guerini.it\/index.php\/wp-json\/wp\/v2\/types\/product"}],"wp:featuredmedia":[{"embeddable":true,"href":"https:\/\/www.guerini.it\/index.php\/wp-json\/wp\/v2\/media\/16101"}],"wp:attachment":[{"href":"https:\/\/www.guerini.it\/index.php\/wp-json\/wp\/v2\/media?parent=16102"}],"wp:term":[{"taxonomy":"product_brand","embeddable":true,"href":"https:\/\/www.guerini.it\/index.php\/wp-json\/wp\/v2\/product_brand?post=16102"},{"taxonomy":"product_cat","embeddable":true,"href":"https:\/\/www.guerini.it\/index.php\/wp-json\/wp\/v2\/product_cat?post=16102"},{"taxonomy":"product_tag","embeddable":true,"href":"https:\/\/www.guerini.it\/index.php\/wp-json\/wp\/v2\/product_tag?post=16102"}],"curies":[{"name":"wp","href":"https:\/\/api.w.org\/{rel}","templated":true}]}}