{"id":16124,"date":"2018-05-03T07:42:25","date_gmt":"2018-05-03T05:42:25","guid":{"rendered":"https:\/\/test.guerini.it\/?product=fabbriche-4-0"},"modified":"2024-06-19T17:13:08","modified_gmt":"2024-06-19T15:13:08","slug":"fabbriche-4-0","status":"publish","type":"product","link":"https:\/\/www.guerini.it\/index.php\/prodotto\/fabbriche-4-0\/","title":{"rendered":"Fabbriche 4.0"},"content":{"rendered":"<p style=\"text-align: justify;\">L\u2019adozione del paradigma Industry 4.0 e la digitalizzazione dei processi manifatturieri rappresentano una grandissima opportunit\u00e0 per il nostro sistema industriale, che potrebbe fare un salto di qualit\u00e0 e recuperare quel gap di competitivit\u00e0 che viene sempre evocato quando si fanno confronti su scala internazionale. Se l\u2019aspettativa \u00e8 molto elevata, il risultato non \u00e8 per nulla scontato. Un progetto di trasformazione digitale in ambito manifatturiero \u00e8 caratterizzato da un livello di complessit\u00e0 molto elevato per via dei numerosi elementi che devono essere tenuti in considerazione: le potenziali implicazioni sul business model aziendale, le tecnologie abilitanti con le loro interdipendenze, gli impatti sui processi e sulle persone. \u00c8 quindi indispensabile essere preparati per poter affrontare e guidare il passaggio dalla manifattura tradizionale a quella digitale. Il libro si pone l\u2019obiettivo, attraverso l\u2019analisi comparata di otto casi di implementazione di progetti Industry 4.0, di indicare ai lettori quali sono i fattori strategici, organizzativi, produttivi, IT e di filiera che possono abilitare la trasformazione digitale delle fabbriche italiane.<\/p>\n<p>Il volume fa parte della collana\u00a0<a href=\"https:\/\/www.guerini.it\/index.php\/categoria-prodotto\/default-category\/economia-e-management\/universita-cattaneo-libri\/\"><em>Universit\u00e0 Cattaneo Libri<\/em><\/a><\/p>\n<hr \/>\n<p style=\"text-align: justify;\"><strong>Raffaele Secchi<\/strong>, \u00e8 Dean della liuc Business School e Professore Associato di Economia e Gestione delle imprese presso LIUC \u2013 Universit\u00e0 Cattaneo. Svolge attivit\u00e0 didattica e di ricerca sul Lean Management, sia nelle imprese manifatturiere che nei servizi, su Industry 4.0 e sui percorsi di trasformazione digitale delle operations.<\/p>\n<p style=\"text-align: justify;\"><strong>Tommaso Rossi<\/strong>, \u00e8 Professore Associato di Impianti Industriali Meccanici presso LIUC \u2013 Universit\u00e0 Cattaneo. \u00c8 inoltre titolare del corso di i-Lab presso il Politecnico di Milano e docente del corso di Lean &amp; Industry 4.0 presso l\u2019\u00c9cole Polytechnique F\u00e9d\u00e9rale de Lausanne. Sui temi Industry 4.0 collabora con il Fraunhofer Institute di Amburgo e l\u2019Istituto Dalle Molle per l\u2019Intelligenza Artificiale di SUPSI.<\/p>\n<p style=\"text-align: left;\"><strong>Permalink:\u00a0<a href=\"http:\/\/digital.casalini.it\/9788868962470\">http:\/\/digital.casalini.it\/9788868962470<\/a><\/strong><\/p>\n","protected":false},"excerpt":{"rendered":"<p style=\"text-align: justify;\">L\u2019adozione del paradigma Industry 4.0 e la digitalizzazione dei processi manifatturieri rappresentano una grandissima opportunit\u00e0 per il nostro sistema industriale, che potrebbe fare un salto di qualit\u00e0 e recuperare quel gap di competitivit\u00e0 che viene sempre evocato quando si fanno confronti su scala internazionale. Se l\u2019aspettativa \u00e8 molto elevata, il risultato non \u00e8 per nulla scontato. Un progetto di trasformazione digitale in ambito manifatturiero \u00e8 caratterizzato da un livello di complessit\u00e0 molto elevato per via dei numerosi elementi che devono essere tenuti in considerazione: le potenziali implicazioni sul business model aziendale, le tecnologie abilitanti con le loro interdipendenze, gli impatti sui processi e sulle persone. \u00c8 quindi indispensabile essere preparati per poter affrontare e guidare il passaggio dalla manifattura tradizionale a quella digitale. Il libro si pone l\u2019obiettivo, attraverso l\u2019analisi comparata di otto casi di implementazione di progetti Industry 4.0, di indicare ai lettori quali sono i fattori strategici, organizzativi, produttivi, IT e di filiera che possono abilitare la trasformazione digitale delle fabbriche italiane.<\/p>\n","protected":false},"featured_media":16123,"template":"","meta":{"_editorskit_title_hidden":false,"_editorskit_reading_time":0,"_editorskit_is_block_options_detached":false,"_editorskit_block_options_position":"{}","_monsterinsights_skip_tracking":false,"_monsterinsights_sitenote_active":false,"_monsterinsights_sitenote_note":"","_monsterinsights_sitenote_category":0},"product_brand":[],"product_cat":[6805,6529,6700],"product_tag":[6815,6968,8214],"class_list":{"0":"post-16124","1":"product","2":"type-product","3":"status-publish","4":"has-post-thumbnail","6":"product_cat-guerini-next","7":"product_cat-economia-e-management","8":"product_cat-universita-cattaneo-libri","9":"product_tag-economia","10":"product_tag-impresa","11":"product_tag-industria","12":"pa_guerini_amazon_link-https-www-amazon-it-fabbriche-percorsi-trasformazione-digitale-manifattura-dp-8868961954","13":"pa_guerini_feltrinelli_link-https-www-lafeltrinelli-it-fabbriche-40-percorsi-di-trasformazione-libro-raffaele-secchi-tommaso-rossi-e-9788868961954","14":"pa_guerini_ibs_link-https-www-ibs-it-fabbriche-40-percorsi-di-trasformazione-libro-raffaele-secchi-tommaso-rossi-e-9788868961954","15":"pa_guerini_libruniver_link-https-www-libreriauniversitaria-it-fabbriche-4-percorsi-trasformazione-digitale-libro-9788868961954","16":"pa_guerini_link_amazon-c2-httpswwwamazonitfabbriche_","17":"pa_guerini_link_apple_ibook-c3-httpsitunesapplecomitbookf","18":"pa_guerini_link_bookrepublic-be-httpswwwbookrepublicitbook","19":"pa_guerini_link_google_play-https-play-google-com-store-books-details-raffaele_secchi_fabbriche_4_0_percorsi_di_trasformidwfofdwaaqbajhlit","20":"pa_guerini_link_ibs-11-httpswwwibsitfabbriche_40_","21":"pa_guerini_link_kobo-42-httpswwwkobocomititebookfa","22":"pa_guerini_link_lafeltrinelli-https-www-lafeltrinelli-it-fabbriche-40-percorsi-di-trasformazione-ebook-tommaso-rossi-raffaele-secchi-e-9788868962470","23":"pa_guerini_link_mondadori-ee-httpswwwmondadoristoreitfa","24":"pa_guerini_link_rizzoli-68-httpswwwlibreriarizzoliitf","25":"pa_guerini_mondadori_link-https-www-mondadoristore-it-fabbriche-40-percorsi-raffaele-secchi-tommaso-rossi-eai978886896195","27":"first","28":"outofstock","29":"sale","30":"shipping-taxable","31":"purchasable","32":"product-type-simple"},"yoast_head":"<!-- This site is optimized with the Yoast SEO plugin v25.4 - https:\/\/yoast.com\/wordpress\/plugins\/seo\/ -->\n<title>Fabbriche 4.0 - Guerini e Associati<\/title>\n<meta name=\"robots\" content=\"index, follow, max-snippet:-1, max-image-preview:large, max-video-preview:-1\" \/>\n<link rel=\"canonical\" href=\"https:\/\/www.guerini.it\/index.php\/prodotto\/fabbriche-4-0\/\" \/>\n<meta property=\"og:locale\" content=\"it_IT\" \/>\n<meta property=\"og:type\" content=\"article\" \/>\n<meta property=\"og:title\" content=\"Fabbriche 4.0 - Guerini e Associati\" \/>\n<meta property=\"og:description\" content=\"L\u2019adozione del paradigma Industry 4.0 e la digitalizzazione dei processi manifatturieri rappresentano una grandissima opportunit\u00e0 per il nostro sistema industriale, che potrebbe fare un salto di qualit\u00e0 e recuperare quel gap di competitivit\u00e0 che viene sempre evocato quando si fanno confronti su scala internazionale. Se l\u2019aspettativa \u00e8 molto elevata, il risultato non \u00e8 per nulla scontato. Un progetto di trasformazione digitale in ambito manifatturiero \u00e8 caratterizzato da un livello di complessit\u00e0 molto elevato per via dei numerosi elementi che devono essere tenuti in considerazione: le potenziali implicazioni sul business model aziendale, le tecnologie abilitanti con le loro interdipendenze, gli impatti sui processi e sulle persone. \u00c8 quindi indispensabile essere preparati per poter affrontare e guidare il passaggio dalla manifattura tradizionale a quella digitale. Il libro si pone l\u2019obiettivo, attraverso l\u2019analisi comparata di otto casi di implementazione di progetti Industry 4.0, di indicare ai lettori quali sono i fattori strategici, organizzativi, produttivi, IT e di filiera che possono abilitare la trasformazione digitale delle fabbriche italiane.\" \/>\n<meta property=\"og:url\" content=\"https:\/\/www.guerini.it\/index.php\/prodotto\/fabbriche-4-0\/\" \/>\n<meta property=\"og:site_name\" content=\"Guerini e Associati\" \/>\n<meta property=\"article:modified_time\" content=\"2024-06-19T15:13:08+00:00\" \/>\n<meta property=\"og:image\" content=\"https:\/\/www.guerini.it\/wp-content\/uploads\/2018\/05\/fabbriche_4.0_sito.jpg\" \/>\n\t<meta property=\"og:image:width\" content=\"230\" \/>\n\t<meta property=\"og:image:height\" content=\"353\" \/>\n\t<meta property=\"og:image:type\" content=\"image\/jpeg\" \/>\n<meta name=\"twitter:card\" content=\"summary_large_image\" \/>\n<meta name=\"twitter:label1\" content=\"Tempo di lettura stimato\" \/>\n\t<meta name=\"twitter:data1\" content=\"2 minuti\" \/>\n<!-- \/ Yoast SEO plugin. -->","yoast_head_json":{"title":"Fabbriche 4.0 - Guerini e Associati","robots":{"index":"index","follow":"follow","max-snippet":"max-snippet:-1","max-image-preview":"max-image-preview:large","max-video-preview":"max-video-preview:-1"},"canonical":"https:\/\/www.guerini.it\/index.php\/prodotto\/fabbriche-4-0\/","og_locale":"it_IT","og_type":"article","og_title":"Fabbriche 4.0 - Guerini e Associati","og_description":"L\u2019adozione del paradigma Industry 4.0 e la digitalizzazione dei processi manifatturieri rappresentano una grandissima opportunit\u00e0 per il nostro sistema industriale, che potrebbe fare un salto di qualit\u00e0 e recuperare quel gap di competitivit\u00e0 che viene sempre evocato quando si fanno confronti su scala internazionale. Se l\u2019aspettativa \u00e8 molto elevata, il risultato non \u00e8 per nulla scontato. Un progetto di trasformazione digitale in ambito manifatturiero \u00e8 caratterizzato da un livello di complessit\u00e0 molto elevato per via dei numerosi elementi che devono essere tenuti in considerazione: le potenziali implicazioni sul business model aziendale, le tecnologie abilitanti con le loro interdipendenze, gli impatti sui processi e sulle persone. \u00c8 quindi indispensabile essere preparati per poter affrontare e guidare il passaggio dalla manifattura tradizionale a quella digitale. Il libro si pone l\u2019obiettivo, attraverso l\u2019analisi comparata di otto casi di implementazione di progetti Industry 4.0, di indicare ai lettori quali sono i fattori strategici, organizzativi, produttivi, IT e di filiera che possono abilitare la trasformazione digitale delle fabbriche italiane.","og_url":"https:\/\/www.guerini.it\/index.php\/prodotto\/fabbriche-4-0\/","og_site_name":"Guerini e Associati","article_modified_time":"2024-06-19T15:13:08+00:00","og_image":[{"width":230,"height":353,"url":"https:\/\/www.guerini.it\/wp-content\/uploads\/2018\/05\/fabbriche_4.0_sito.jpg","type":"image\/jpeg"}],"twitter_card":"summary_large_image","twitter_misc":{"Tempo di lettura stimato":"2 minuti"},"schema":{"@context":"https:\/\/schema.org","@graph":[{"@type":"WebPage","@id":"https:\/\/www.guerini.it\/index.php\/prodotto\/fabbriche-4-0\/","url":"https:\/\/www.guerini.it\/index.php\/prodotto\/fabbriche-4-0\/","name":"Fabbriche 4.0 - Guerini e Associati","isPartOf":{"@id":"https:\/\/www.guerini.it\/#website"},"primaryImageOfPage":{"@id":"https:\/\/www.guerini.it\/index.php\/prodotto\/fabbriche-4-0\/#primaryimage"},"image":{"@id":"https:\/\/www.guerini.it\/index.php\/prodotto\/fabbriche-4-0\/#primaryimage"},"thumbnailUrl":"https:\/\/www.guerini.it\/wp-content\/uploads\/2018\/05\/fabbriche_4.0_sito.jpg","datePublished":"2018-05-03T05:42:25+00:00","dateModified":"2024-06-19T15:13:08+00:00","breadcrumb":{"@id":"https:\/\/www.guerini.it\/index.php\/prodotto\/fabbriche-4-0\/#breadcrumb"},"inLanguage":"it-IT","potentialAction":[{"@type":"ReadAction","target":["https:\/\/www.guerini.it\/index.php\/prodotto\/fabbriche-4-0\/"]}]},{"@type":"ImageObject","inLanguage":"it-IT","@id":"https:\/\/www.guerini.it\/index.php\/prodotto\/fabbriche-4-0\/#primaryimage","url":"https:\/\/www.guerini.it\/wp-content\/uploads\/2018\/05\/fabbriche_4.0_sito.jpg","contentUrl":"https:\/\/www.guerini.it\/wp-content\/uploads\/2018\/05\/fabbriche_4.0_sito.jpg","width":230,"height":353,"caption":"FABBRICHE 4.0-0"},{"@type":"BreadcrumbList","@id":"https:\/\/www.guerini.it\/index.php\/prodotto\/fabbriche-4-0\/#breadcrumb","itemListElement":[{"@type":"ListItem","position":1,"name":"Home","item":"https:\/\/www.guerini.it\/"},{"@type":"ListItem","position":2,"name":"Catalogo","item":"https:\/\/www.guerini.it\/index.php\/negozio\/"},{"@type":"ListItem","position":3,"name":"Fabbriche 4.0"}]},{"@type":"WebSite","@id":"https:\/\/www.guerini.it\/#website","url":"https:\/\/www.guerini.it\/","name":"Guerini e Associati","description":"30 anni di libri, idee e libert\u00e0","publisher":{"@id":"https:\/\/www.guerini.it\/#organization"},"potentialAction":[{"@type":"SearchAction","target":{"@type":"EntryPoint","urlTemplate":"https:\/\/www.guerini.it\/?s={search_term_string}"},"query-input":{"@type":"PropertyValueSpecification","valueRequired":true,"valueName":"search_term_string"}}],"inLanguage":"it-IT"},{"@type":"Organization","@id":"https:\/\/www.guerini.it\/#organization","name":"Guerini e Associati","url":"https:\/\/www.guerini.it\/","logo":{"@type":"ImageObject","inLanguage":"it-IT","@id":"https:\/\/www.guerini.it\/#\/schema\/logo\/image\/","url":"https:\/\/www.guerini.it\/wp-content\/uploads\/2021\/03\/Logo-Guerini-OK_-e1615831292285.png","contentUrl":"https:\/\/www.guerini.it\/wp-content\/uploads\/2021\/03\/Logo-Guerini-OK_-e1615831292285.png","width":2805,"height":1870,"caption":"Guerini e Associati"},"image":{"@id":"https:\/\/www.guerini.it\/#\/schema\/logo\/image\/"}}]}},"_links":{"self":[{"href":"https:\/\/www.guerini.it\/index.php\/wp-json\/wp\/v2\/product\/16124","targetHints":{"allow":["GET"]}}],"collection":[{"href":"https:\/\/www.guerini.it\/index.php\/wp-json\/wp\/v2\/product"}],"about":[{"href":"https:\/\/www.guerini.it\/index.php\/wp-json\/wp\/v2\/types\/product"}],"wp:featuredmedia":[{"embeddable":true,"href":"https:\/\/www.guerini.it\/index.php\/wp-json\/wp\/v2\/media\/16123"}],"wp:attachment":[{"href":"https:\/\/www.guerini.it\/index.php\/wp-json\/wp\/v2\/media?parent=16124"}],"wp:term":[{"taxonomy":"product_brand","embeddable":true,"href":"https:\/\/www.guerini.it\/index.php\/wp-json\/wp\/v2\/product_brand?post=16124"},{"taxonomy":"product_cat","embeddable":true,"href":"https:\/\/www.guerini.it\/index.php\/wp-json\/wp\/v2\/product_cat?post=16124"},{"taxonomy":"product_tag","embeddable":true,"href":"https:\/\/www.guerini.it\/index.php\/wp-json\/wp\/v2\/product_tag?post=16124"}],"curies":[{"name":"wp","href":"https:\/\/api.w.org\/{rel}","templated":true}]}}