{"id":16128,"date":"2018-05-16T14:55:59","date_gmt":"2018-05-16T12:55:59","guid":{"rendered":"https:\/\/test.guerini.it\/?product=emprovement"},"modified":"2024-06-12T14:38:51","modified_gmt":"2024-06-12T12:38:51","slug":"emprovement","status":"publish","type":"product","link":"https:\/\/www.guerini.it\/index.php\/prodotto\/emprovement\/","title":{"rendered":"EmProvement"},"content":{"rendered":"<p style=\"text-align: justify;\"><strong>Un EmProver \u00e8 un formidabile problem solver capace anche di attivare e allenare le energie e le potenzialit\u00e0 nascoste in un&#8217;organizzazione.<\/strong><\/p>\n<p style=\"text-align: justify;\">\u00abCambia prima di essere costretto a farlo\u00bb. Questo \u00e8 il monito attraverso il quale Jack Welch, presidente di General Electric negli anni Novanta, spronava le aziende ad accettare il cambiamento come una dimensione permanente, pervasiva e proattiva di tutte le organizzazioni. Nella maggior parte dei casi invece il miglioramento scatta solo come reazione ad un problema gi\u00f2 evidente e muore quando il problema \u00e8 stato risolto: la dimensione del cambiamento \u00e8 quindi quasi sempre temporanea, specifica e reattiva, esattamente l&#8217;esatto opposto di quello che dovrebbe essere.<br \/>\nIn questo originale contributo l&#8217;autore presenta un approccio unico al miglioramento, mescolando in modo sinergico e creativo modelli di sviluppo dei processi e delle organizzazioni molto diversi e lontani tra loro: lean enterprise, approccio 6sigma, positive leadership e coaching umanistico.<br \/>\nEmProvement (Employees Empowerment &amp; Processes Improvement) presenta al lettore in un unico approccio una visione organizzativa e un metodo pratico per poterla ottenere: il segreto dell&#8217;approccio risiede nella capacit\u00e0 di individuare\u00a0\u00abcampi di allenamento\u00bb dove il miglioramento dei processi si ottiene con ed attraverso il benessere organizzativo.<br \/>\nQuesto libro \u00e8 dedicato a tutti coloro che puntano alla crescita e all&#8217;eccellenza delle proprie aziende: imprenditori e manager che credono che il miglioramento sia una necessit\u00e0 e non una scelta per il successo di lungo periodo e che pensano al benessere organizzativo come la chiave per poterlo raggiungere.<\/p>\n","protected":false},"excerpt":{"rendered":"<p>Un EmProver \u00e8 un formidabile problem solver capace anche di attivare e allenare le energie e le potenzialit\u00e0 nascoste in un&#8217;organizzazione.<br \/>\n\u00abCambia prima di essere costretto a farlo\u00bb. Questo \u00e8 il monito attraverso il quale Jack Welch, presidente di General Electric negli anni Novanta, spronava le aziende ad accettare il cambiamento come una dimensione permanente, pervasiva e proattiva di tutte le organizzazioni. Nella maggior parte dei casi invece il miglioramento scatta solo come reazione ad un problema gi\u00f2 evidente e muore quando il problema \u00e8 stato risolto: la dimensione del cambiamento \u00e8 quindi quasi sempre temporanea, specifica e reattiva, esattamente l&#8217;esatto opposto di quello che dovrebbe essere.<br \/>\nIn questo originale contributo l&#8217;autore presenta un approccio unico al miglioramento, mescolando in modo sinergico e creativo modelli di sviluppo dei processi e delle organizzazioni molto diversi e lontani tra loro: lean enterprise, approccio 6sigma, positive leadership e coaching umanistico.<br \/>\nEmProvement (Employees Empowerment &amp; Processes Improvement) presenta al lettore in un unico approccio una visione organizzativa e un metodo pratico per poterla ottenere: il segreto dell&#8217;approccio risiede nella capacit\u00e0 di individuare \u00abcampi di allenamento\u00bb dove il miglioramento dei processi si ottiene con ed attraverso il benessere organizzativo.<br \/>\nQuesto libro \u00e8 dedicato a tutti coloro che puntano alla crescita e all&#8217;eccellenza delle proprie aziende: imprenditori e manager che credono che il miglioramento sia una necessit\u00e0 e non una scelta per il successo di lungo periodo e che pensano al benessere organizzativo come la chiave per poterlo raggiungere.<\/p>\n","protected":false},"featured_media":16127,"template":"","meta":{"_editorskit_title_hidden":false,"_editorskit_reading_time":0,"_editorskit_is_block_options_detached":false,"_editorskit_block_options_position":"{}","_monsterinsights_skip_tracking":false,"_monsterinsights_sitenote_active":false,"_monsterinsights_sitenote_note":"","_monsterinsights_sitenote_category":0},"product_brand":[],"product_cat":[6805,8828,6529],"product_tag":[],"class_list":{"0":"post-16128","1":"product","2":"type-product","3":"status-publish","4":"has-post-thumbnail","6":"product_cat-guerini-next","7":"product_cat-persone-strumenti-e-organizzazioni","8":"product_cat-economia-e-management","9":"pa_fulfillment-default","10":"pa_guerini_amazon_link-https-www-amazon-it-emprovement-migliorare-performance-benessere-azienda-dp-8868961946-refsr_1_1__mk_it_itmdchild1keywords9788868961947qid1623331362sr8-1","11":"pa_guerini_feltrinelli_link-https-www-lafeltrinelli-it-emprovement-come-migliorare-performance-benessere-libro-alberto-viola-e-9788868961947","12":"pa_guerini_ibs_link-https-www-ibs-it-emprovement-come-migliorare-performance-benessere-libro-alberto-viola-e-9788868961947","13":"pa_guerini_libruniver_link-https-www-libreriauniversitaria-it-emprovement-migliorare-performance-benessere-tua-libro-9788868961947","14":"pa_guerini_link_amazon-1b-httpswwwamazonitdpb07d25fz","15":"pa_guerini_link_apple_ibook-2b-httpsitunesapplecomitbooke","16":"pa_guerini_link_giunti_punto-e9-httpswwwgiuntialpuntoitpro","17":"pa_guerini_link_google_play-aa-httpsplaygooglecomstoreboo","18":"pa_guerini_link_kobo-13-httpswwwkobocomititebookem","19":"pa_guerini_link_lafeltrinelli-66-httpswwwlafeltrinelliitebo","20":"pa_guerini_link_mondadori-https-www-mondadoristore-it-emprovement-come-migliorare-alberto-viola-eai978886896206","21":"pa_guerini_mondadori_link-https-www-mondadoristore-it-emprovement-come-migliorare-alberto-viola-eai978886896194","23":"first","24":"instock","25":"sale","26":"shipping-taxable","27":"purchasable","28":"product-type-simple"},"yoast_head":"<!-- This site is optimized with the Yoast SEO plugin v25.4 - https:\/\/yoast.com\/wordpress\/plugins\/seo\/ -->\n<title>EmProvement - Guerini e Associati<\/title>\n<meta name=\"robots\" content=\"index, follow, max-snippet:-1, max-image-preview:large, max-video-preview:-1\" \/>\n<link rel=\"canonical\" href=\"https:\/\/www.guerini.it\/index.php\/prodotto\/emprovement\/\" \/>\n<meta property=\"og:locale\" content=\"it_IT\" \/>\n<meta property=\"og:type\" content=\"article\" \/>\n<meta property=\"og:title\" content=\"EmProvement - Guerini e Associati\" \/>\n<meta property=\"og:description\" content=\"Un EmProver \u00e8 un formidabile problem solver capace anche di attivare e allenare le energie e le potenzialit\u00e0 nascoste in un&#039;organizzazione. \u00abCambia prima di essere costretto a farlo\u00bb. Questo \u00e8 il monito attraverso il quale Jack Welch, presidente di General Electric negli anni Novanta, spronava le aziende ad accettare il cambiamento come una dimensione permanente, pervasiva e proattiva di tutte le organizzazioni. Nella maggior parte dei casi invece il miglioramento scatta solo come reazione ad un problema gi\u00f2 evidente e muore quando il problema \u00e8 stato risolto: la dimensione del cambiamento \u00e8 quindi quasi sempre temporanea, specifica e reattiva, esattamente l&#039;esatto opposto di quello che dovrebbe essere. In questo originale contributo l&#039;autore presenta un approccio unico al miglioramento, mescolando in modo sinergico e creativo modelli di sviluppo dei processi e delle organizzazioni molto diversi e lontani tra loro: lean enterprise, approccio 6sigma, positive leadership e coaching umanistico. EmProvement (Employees Empowerment &amp; Processes Improvement) presenta al lettore in un unico approccio una visione organizzativa e un metodo pratico per poterla ottenere: il segreto dell&#039;approccio risiede nella capacit\u00e0 di individuare \u00abcampi di allenamento\u00bb dove il miglioramento dei processi si ottiene con ed attraverso il benessere organizzativo. Questo libro \u00e8 dedicato a tutti coloro che puntano alla crescita e all&#039;eccellenza delle proprie aziende: imprenditori e manager che credono che il miglioramento sia una necessit\u00e0 e non una scelta per il successo di lungo periodo e che pensano al benessere organizzativo come la chiave per poterlo raggiungere.\" \/>\n<meta property=\"og:url\" content=\"https:\/\/www.guerini.it\/index.php\/prodotto\/emprovement\/\" \/>\n<meta property=\"og:site_name\" content=\"Guerini e Associati\" \/>\n<meta property=\"article:modified_time\" content=\"2024-06-12T12:38:51+00:00\" \/>\n<meta property=\"og:image\" content=\"https:\/\/www.guerini.it\/wp-content\/uploads\/2018\/05\/emprovement_sito.jpg\" \/>\n\t<meta property=\"og:image:width\" content=\"227\" \/>\n\t<meta property=\"og:image:height\" content=\"353\" \/>\n\t<meta property=\"og:image:type\" content=\"image\/jpeg\" \/>\n<meta name=\"twitter:card\" content=\"summary_large_image\" \/>\n<meta name=\"twitter:label1\" content=\"Tempo di lettura stimato\" \/>\n\t<meta name=\"twitter:data1\" content=\"2 minuti\" \/>\n<!-- \/ Yoast SEO plugin. -->","yoast_head_json":{"title":"EmProvement - Guerini e Associati","robots":{"index":"index","follow":"follow","max-snippet":"max-snippet:-1","max-image-preview":"max-image-preview:large","max-video-preview":"max-video-preview:-1"},"canonical":"https:\/\/www.guerini.it\/index.php\/prodotto\/emprovement\/","og_locale":"it_IT","og_type":"article","og_title":"EmProvement - Guerini e Associati","og_description":"Un EmProver \u00e8 un formidabile problem solver capace anche di attivare e allenare le energie e le potenzialit\u00e0 nascoste in un'organizzazione. \u00abCambia prima di essere costretto a farlo\u00bb. Questo \u00e8 il monito attraverso il quale Jack Welch, presidente di General Electric negli anni Novanta, spronava le aziende ad accettare il cambiamento come una dimensione permanente, pervasiva e proattiva di tutte le organizzazioni. Nella maggior parte dei casi invece il miglioramento scatta solo come reazione ad un problema gi\u00f2 evidente e muore quando il problema \u00e8 stato risolto: la dimensione del cambiamento \u00e8 quindi quasi sempre temporanea, specifica e reattiva, esattamente l'esatto opposto di quello che dovrebbe essere. In questo originale contributo l'autore presenta un approccio unico al miglioramento, mescolando in modo sinergico e creativo modelli di sviluppo dei processi e delle organizzazioni molto diversi e lontani tra loro: lean enterprise, approccio 6sigma, positive leadership e coaching umanistico. EmProvement (Employees Empowerment &amp; Processes Improvement) presenta al lettore in un unico approccio una visione organizzativa e un metodo pratico per poterla ottenere: il segreto dell'approccio risiede nella capacit\u00e0 di individuare \u00abcampi di allenamento\u00bb dove il miglioramento dei processi si ottiene con ed attraverso il benessere organizzativo. Questo libro \u00e8 dedicato a tutti coloro che puntano alla crescita e all'eccellenza delle proprie aziende: imprenditori e manager che credono che il miglioramento sia una necessit\u00e0 e non una scelta per il successo di lungo periodo e che pensano al benessere organizzativo come la chiave per poterlo raggiungere.","og_url":"https:\/\/www.guerini.it\/index.php\/prodotto\/emprovement\/","og_site_name":"Guerini e Associati","article_modified_time":"2024-06-12T12:38:51+00:00","og_image":[{"width":227,"height":353,"url":"https:\/\/www.guerini.it\/wp-content\/uploads\/2018\/05\/emprovement_sito.jpg","type":"image\/jpeg"}],"twitter_card":"summary_large_image","twitter_misc":{"Tempo di lettura stimato":"2 minuti"},"schema":{"@context":"https:\/\/schema.org","@graph":[{"@type":"WebPage","@id":"https:\/\/www.guerini.it\/index.php\/prodotto\/emprovement\/","url":"https:\/\/www.guerini.it\/index.php\/prodotto\/emprovement\/","name":"EmProvement - Guerini e Associati","isPartOf":{"@id":"https:\/\/www.guerini.it\/#website"},"primaryImageOfPage":{"@id":"https:\/\/www.guerini.it\/index.php\/prodotto\/emprovement\/#primaryimage"},"image":{"@id":"https:\/\/www.guerini.it\/index.php\/prodotto\/emprovement\/#primaryimage"},"thumbnailUrl":"https:\/\/www.guerini.it\/wp-content\/uploads\/2018\/05\/emprovement_sito.jpg","datePublished":"2018-05-16T12:55:59+00:00","dateModified":"2024-06-12T12:38:51+00:00","breadcrumb":{"@id":"https:\/\/www.guerini.it\/index.php\/prodotto\/emprovement\/#breadcrumb"},"inLanguage":"it-IT","potentialAction":[{"@type":"ReadAction","target":["https:\/\/www.guerini.it\/index.php\/prodotto\/emprovement\/"]}]},{"@type":"ImageObject","inLanguage":"it-IT","@id":"https:\/\/www.guerini.it\/index.php\/prodotto\/emprovement\/#primaryimage","url":"https:\/\/www.guerini.it\/wp-content\/uploads\/2018\/05\/emprovement_sito.jpg","contentUrl":"https:\/\/www.guerini.it\/wp-content\/uploads\/2018\/05\/emprovement_sito.jpg","width":227,"height":353,"caption":"EmProvement"},{"@type":"BreadcrumbList","@id":"https:\/\/www.guerini.it\/index.php\/prodotto\/emprovement\/#breadcrumb","itemListElement":[{"@type":"ListItem","position":1,"name":"Home","item":"https:\/\/www.guerini.it\/"},{"@type":"ListItem","position":2,"name":"Catalogo","item":"https:\/\/www.guerini.it\/index.php\/negozio\/"},{"@type":"ListItem","position":3,"name":"EmProvement"}]},{"@type":"WebSite","@id":"https:\/\/www.guerini.it\/#website","url":"https:\/\/www.guerini.it\/","name":"Guerini e Associati","description":"30 anni di libri, idee e libert\u00e0","publisher":{"@id":"https:\/\/www.guerini.it\/#organization"},"potentialAction":[{"@type":"SearchAction","target":{"@type":"EntryPoint","urlTemplate":"https:\/\/www.guerini.it\/?s={search_term_string}"},"query-input":{"@type":"PropertyValueSpecification","valueRequired":true,"valueName":"search_term_string"}}],"inLanguage":"it-IT"},{"@type":"Organization","@id":"https:\/\/www.guerini.it\/#organization","name":"Guerini e Associati","url":"https:\/\/www.guerini.it\/","logo":{"@type":"ImageObject","inLanguage":"it-IT","@id":"https:\/\/www.guerini.it\/#\/schema\/logo\/image\/","url":"https:\/\/www.guerini.it\/wp-content\/uploads\/2021\/03\/Logo-Guerini-OK_-e1615831292285.png","contentUrl":"https:\/\/www.guerini.it\/wp-content\/uploads\/2021\/03\/Logo-Guerini-OK_-e1615831292285.png","width":2805,"height":1870,"caption":"Guerini e Associati"},"image":{"@id":"https:\/\/www.guerini.it\/#\/schema\/logo\/image\/"}}]}},"_links":{"self":[{"href":"https:\/\/www.guerini.it\/index.php\/wp-json\/wp\/v2\/product\/16128","targetHints":{"allow":["GET"]}}],"collection":[{"href":"https:\/\/www.guerini.it\/index.php\/wp-json\/wp\/v2\/product"}],"about":[{"href":"https:\/\/www.guerini.it\/index.php\/wp-json\/wp\/v2\/types\/product"}],"wp:featuredmedia":[{"embeddable":true,"href":"https:\/\/www.guerini.it\/index.php\/wp-json\/wp\/v2\/media\/16127"}],"wp:attachment":[{"href":"https:\/\/www.guerini.it\/index.php\/wp-json\/wp\/v2\/media?parent=16128"}],"wp:term":[{"taxonomy":"product_brand","embeddable":true,"href":"https:\/\/www.guerini.it\/index.php\/wp-json\/wp\/v2\/product_brand?post=16128"},{"taxonomy":"product_cat","embeddable":true,"href":"https:\/\/www.guerini.it\/index.php\/wp-json\/wp\/v2\/product_cat?post=16128"},{"taxonomy":"product_tag","embeddable":true,"href":"https:\/\/www.guerini.it\/index.php\/wp-json\/wp\/v2\/product_tag?post=16128"}],"curies":[{"name":"wp","href":"https:\/\/api.w.org\/{rel}","templated":true}]}}