{"id":16140,"date":"2018-06-07T07:38:12","date_gmt":"2018-06-07T05:38:12","guid":{"rendered":"https:\/\/test.guerini.it\/?product=scienza-e-democrazia"},"modified":"2025-12-23T10:22:56","modified_gmt":"2025-12-23T09:22:56","slug":"scienza-e-democrazia","status":"publish","type":"product","link":"https:\/\/www.guerini.it\/index.php\/prodotto\/scienza-e-democrazia\/","title":{"rendered":"Scienza \u00e8 democrazia"},"content":{"rendered":"<p style=\"text-align: justify;\">Affermare che la scienza non sia democratica \u00e8 un esercizio tanto comune quanto profondamente errato, perch\u00e9 fraintende la natura della ricerca e ne ignora la storia. La scienza moderna, affermatasi in Europa con la rivoluzione del 1600, affonda le sue radici nelle <em>polis<\/em> della Grecia antica, dove emersero le condizioni di libert\u00e0 intellettuale che l\u2019hanno resa possibile. La rivoluzione dell\u2019et\u00e0 barocca, impostando la ricerca come processo aperto, fondato sulla comunicazione pubblica dei risultati, diede avvio alla formazione di una rete informale tra <em>pari<\/em>, che negli anni si arricch\u00ec di prestigio e funzioni e prese il nome di <em>comunit\u00e0 scientifica<\/em>.<br \/>\nIl consenso della comunit\u00e0 dei <em>pari<\/em> \u00e8 l\u2019arbitro ultimo del valore di una ricerca, perch\u00e9 la scienza richiede l\u2019evidenza dei fatti, ma \u00e8 la decisione collettiva della comunit\u00e0 a stabilire se questa evidenza \u00e8 sufficiente per far accettare una nuova ipotesi. Chi vuole fare scienza deve rispettare questi principi: chi non li rispetta se ne mette fuori. L\u2019<em>ethos<\/em> internamente democratico della scienza \u00e8 stato violato pi\u00f9 volte ma ha saputo auto-correggersi e si conserver\u00e0 fino a che i risultati rimarranno pubblici e gli scienziati potranno continuare a giudicarli apertamente.<\/p>\n<p style=\"text-align: justify;\"><strong>Permalink:\u00a0<a href=\"http:\/\/digital.casalini.it\/9788881952809\" target=\"_blank\" rel=\"noopener\">http:\/\/digital.casalini.it\/9788881952809<\/a><\/strong><\/p>\n","protected":false},"excerpt":{"rendered":"<p>Affermare che la scienza non sia democratica \u00e8 un esercizio tanto comune quanto profondamente errato, perch\u00e9 fraintende la natura della ricerca e ne ignora la storia. La scienza moderna, affermatasi in Europa con la rivoluzione del 1600, affonda le sue radici nelle\u00a0<em>polis<\/em>\u00a0della Grecia antica, dove emersero le condizioni di libert\u00e0 intellettuale che l\u2019hanno resa possibile. La rivoluzione dell\u2019et\u00e0 barocca, impostando la ricerca come processo aperto, fondato sulla comunicazione pubblica dei risultati, diede avvio alla formazione di una rete informale tra\u00a0<em>pari<\/em>, che negli anni si arricch\u00ec di prestigio e funzioni e prese il nome di\u00a0<em>comunit\u00e0 scientifica<\/em>.<br \/>\nIl consenso della comunit\u00e0 dei\u00a0<em>pari<\/em>\u00a0\u00e8 l\u2019arbitro ultimo del valore di una ricerca, perch\u00e9 la scienza richiede l\u2019evidenza dei fatti, ma \u00e8 la decisione collettiva della comunit\u00e0 a stabilire se questa evidenza \u00e8 sufficiente per far accettare una nuova ipotesi. Chi vuole fare scienza deve rispettare questi principi: chi non li rispetta se ne mette fuori. L\u2019<em>ethos<\/em>\u00a0internamente democratico della scienza \u00e8 stato violato pi\u00f9 volte ma ha saputo auto-correggersi e si conserver\u00e0 fino a che i risultati rimarranno pubblici e gli scienziati potranno continuare a giudicarli apertamente.<\/p>\n","protected":false},"featured_media":16139,"template":"","meta":{"_editorskit_title_hidden":false,"_editorskit_reading_time":0,"_editorskit_is_block_options_detached":false,"_editorskit_block_options_position":"{}","_monsterinsights_skip_tracking":false,"_monsterinsights_sitenote_active":false,"_monsterinsights_sitenote_note":"","_monsterinsights_sitenote_category":0},"product_brand":[],"product_cat":[6617,6631,6537],"product_tag":[],"class_list":{"0":"post-16140","1":"product","2":"type-product","3":"status-publish","4":"has-post-thumbnail","6":"product_cat-bc","7":"product_cat-le-sfide-dell-era-digitale","8":"product_cat-scienze-politiche-sociali","9":"pa_fulfillment-default","10":"pa_guerini_amazon_link-https-www-amazon-it-scienza-democrazia-funziona-mondo-ricerca-dp-8862506813","11":"pa_guerini_ibs_link-https-www-ibs-it-scienza-democrazia-come-funziona-mondo-libro-maria-luisa-villa-e-9788862506816","12":"pa_guerini_link_amazon-ff-httpswwwamazonitdpb07fsmws","13":"pa_guerini_link_apple_ibook-5c-httpsitunesapplecomitbooks","14":"pa_guerini_link_bookrepublic-99-httpswwwbookrepublicitbook","15":"pa_guerini_link_google_play-d3-httpsplaygooglecomstoreboo","16":"pa_guerini_link_kobo-d4-httpswwwkobocomititebooksc","17":"pa_guerini_link_lafeltrinelli-61-httpswwwlafeltrinelliitebo","18":"pa_guerini_link_mondadori-9d-httpswwwmondadoristoreitsc","19":"pa_guerini_link_rizzoli-5c-httpswwwlibreriarizzoliits","21":"first","22":"instock","23":"sale","24":"shipping-taxable","25":"purchasable","26":"product-type-simple"},"yoast_head":"<!-- This site is optimized with the Yoast SEO plugin v25.4 - https:\/\/yoast.com\/wordpress\/plugins\/seo\/ -->\n<title>Scienza \u00e8 democrazia - Guerini e Associati<\/title>\n<meta name=\"robots\" content=\"index, follow, max-snippet:-1, max-image-preview:large, max-video-preview:-1\" \/>\n<link rel=\"canonical\" href=\"https:\/\/www.guerini.it\/index.php\/prodotto\/scienza-e-democrazia\/\" \/>\n<meta property=\"og:locale\" content=\"it_IT\" \/>\n<meta property=\"og:type\" content=\"article\" \/>\n<meta property=\"og:title\" content=\"Scienza \u00e8 democrazia - Guerini e Associati\" \/>\n<meta property=\"og:description\" content=\"Affermare che la scienza non sia democratica \u00e8 un esercizio tanto comune quanto profondamente errato, perch\u00e9 fraintende la natura della ricerca e ne ignora la storia. La scienza moderna, affermatasi in Europa con la rivoluzione del 1600, affonda le sue radici nelle\u00a0polis\u00a0della Grecia antica, dove emersero le condizioni di libert\u00e0 intellettuale che l\u2019hanno resa possibile. La rivoluzione dell\u2019et\u00e0 barocca, impostando la ricerca come processo aperto, fondato sulla comunicazione pubblica dei risultati, diede avvio alla formazione di una rete informale tra\u00a0pari, che negli anni si arricch\u00ec di prestigio e funzioni e prese il nome di\u00a0comunit\u00e0 scientifica. Il consenso della comunit\u00e0 dei\u00a0pari\u00a0\u00e8 l\u2019arbitro ultimo del valore di una ricerca, perch\u00e9 la scienza richiede l\u2019evidenza dei fatti, ma \u00e8 la decisione collettiva della comunit\u00e0 a stabilire se questa evidenza \u00e8 sufficiente per far accettare una nuova ipotesi. Chi vuole fare scienza deve rispettare questi principi: chi non li rispetta se ne mette fuori. L\u2019ethos\u00a0internamente democratico della scienza \u00e8 stato violato pi\u00f9 volte ma ha saputo auto-correggersi e si conserver\u00e0 fino a che i risultati rimarranno pubblici e gli scienziati potranno continuare a giudicarli apertamente.\" \/>\n<meta property=\"og:url\" content=\"https:\/\/www.guerini.it\/index.php\/prodotto\/scienza-e-democrazia\/\" \/>\n<meta property=\"og:site_name\" content=\"Guerini e Associati\" \/>\n<meta property=\"article:modified_time\" content=\"2025-12-23T09:22:56+00:00\" \/>\n<meta property=\"og:image\" content=\"https:\/\/www.guerini.it\/wp-content\/uploads\/2018\/06\/scienza_democrazia_sito.jpg\" \/>\n\t<meta property=\"og:image:width\" content=\"227\" \/>\n\t<meta property=\"og:image:height\" content=\"353\" \/>\n\t<meta property=\"og:image:type\" content=\"image\/jpeg\" \/>\n<meta name=\"twitter:card\" content=\"summary_large_image\" \/>\n<meta name=\"twitter:label1\" content=\"Tempo di lettura stimato\" \/>\n\t<meta name=\"twitter:data1\" content=\"1 minuto\" \/>\n<!-- \/ Yoast SEO plugin. -->","yoast_head_json":{"title":"Scienza \u00e8 democrazia - Guerini e Associati","robots":{"index":"index","follow":"follow","max-snippet":"max-snippet:-1","max-image-preview":"max-image-preview:large","max-video-preview":"max-video-preview:-1"},"canonical":"https:\/\/www.guerini.it\/index.php\/prodotto\/scienza-e-democrazia\/","og_locale":"it_IT","og_type":"article","og_title":"Scienza \u00e8 democrazia - Guerini e Associati","og_description":"Affermare che la scienza non sia democratica \u00e8 un esercizio tanto comune quanto profondamente errato, perch\u00e9 fraintende la natura della ricerca e ne ignora la storia. La scienza moderna, affermatasi in Europa con la rivoluzione del 1600, affonda le sue radici nelle\u00a0polis\u00a0della Grecia antica, dove emersero le condizioni di libert\u00e0 intellettuale che l\u2019hanno resa possibile. La rivoluzione dell\u2019et\u00e0 barocca, impostando la ricerca come processo aperto, fondato sulla comunicazione pubblica dei risultati, diede avvio alla formazione di una rete informale tra\u00a0pari, che negli anni si arricch\u00ec di prestigio e funzioni e prese il nome di\u00a0comunit\u00e0 scientifica. Il consenso della comunit\u00e0 dei\u00a0pari\u00a0\u00e8 l\u2019arbitro ultimo del valore di una ricerca, perch\u00e9 la scienza richiede l\u2019evidenza dei fatti, ma \u00e8 la decisione collettiva della comunit\u00e0 a stabilire se questa evidenza \u00e8 sufficiente per far accettare una nuova ipotesi. Chi vuole fare scienza deve rispettare questi principi: chi non li rispetta se ne mette fuori. L\u2019ethos\u00a0internamente democratico della scienza \u00e8 stato violato pi\u00f9 volte ma ha saputo auto-correggersi e si conserver\u00e0 fino a che i risultati rimarranno pubblici e gli scienziati potranno continuare a giudicarli apertamente.","og_url":"https:\/\/www.guerini.it\/index.php\/prodotto\/scienza-e-democrazia\/","og_site_name":"Guerini e Associati","article_modified_time":"2025-12-23T09:22:56+00:00","og_image":[{"width":227,"height":353,"url":"https:\/\/www.guerini.it\/wp-content\/uploads\/2018\/06\/scienza_democrazia_sito.jpg","type":"image\/jpeg"}],"twitter_card":"summary_large_image","twitter_misc":{"Tempo di lettura stimato":"1 minuto"},"schema":{"@context":"https:\/\/schema.org","@graph":[{"@type":"WebPage","@id":"https:\/\/www.guerini.it\/index.php\/prodotto\/scienza-e-democrazia\/","url":"https:\/\/www.guerini.it\/index.php\/prodotto\/scienza-e-democrazia\/","name":"Scienza \u00e8 democrazia - Guerini e Associati","isPartOf":{"@id":"https:\/\/www.guerini.it\/#website"},"primaryImageOfPage":{"@id":"https:\/\/www.guerini.it\/index.php\/prodotto\/scienza-e-democrazia\/#primaryimage"},"image":{"@id":"https:\/\/www.guerini.it\/index.php\/prodotto\/scienza-e-democrazia\/#primaryimage"},"thumbnailUrl":"https:\/\/www.guerini.it\/wp-content\/uploads\/2018\/06\/scienza_democrazia_sito.jpg","datePublished":"2018-06-07T05:38:12+00:00","dateModified":"2025-12-23T09:22:56+00:00","breadcrumb":{"@id":"https:\/\/www.guerini.it\/index.php\/prodotto\/scienza-e-democrazia\/#breadcrumb"},"inLanguage":"it-IT","potentialAction":[{"@type":"ReadAction","target":["https:\/\/www.guerini.it\/index.php\/prodotto\/scienza-e-democrazia\/"]}]},{"@type":"ImageObject","inLanguage":"it-IT","@id":"https:\/\/www.guerini.it\/index.php\/prodotto\/scienza-e-democrazia\/#primaryimage","url":"https:\/\/www.guerini.it\/wp-content\/uploads\/2018\/06\/scienza_democrazia_sito.jpg","contentUrl":"https:\/\/www.guerini.it\/wp-content\/uploads\/2018\/06\/scienza_democrazia_sito.jpg","width":227,"height":353,"caption":"Scienza \u00e8 democrazia-0"},{"@type":"BreadcrumbList","@id":"https:\/\/www.guerini.it\/index.php\/prodotto\/scienza-e-democrazia\/#breadcrumb","itemListElement":[{"@type":"ListItem","position":1,"name":"Home","item":"https:\/\/www.guerini.it\/"},{"@type":"ListItem","position":2,"name":"Catalogo","item":"https:\/\/www.guerini.it\/index.php\/negozio\/"},{"@type":"ListItem","position":3,"name":"Scienza \u00e8 democrazia"}]},{"@type":"WebSite","@id":"https:\/\/www.guerini.it\/#website","url":"https:\/\/www.guerini.it\/","name":"Guerini e Associati","description":"30 anni di libri, idee e libert\u00e0","publisher":{"@id":"https:\/\/www.guerini.it\/#organization"},"potentialAction":[{"@type":"SearchAction","target":{"@type":"EntryPoint","urlTemplate":"https:\/\/www.guerini.it\/?s={search_term_string}"},"query-input":{"@type":"PropertyValueSpecification","valueRequired":true,"valueName":"search_term_string"}}],"inLanguage":"it-IT"},{"@type":"Organization","@id":"https:\/\/www.guerini.it\/#organization","name":"Guerini e Associati","url":"https:\/\/www.guerini.it\/","logo":{"@type":"ImageObject","inLanguage":"it-IT","@id":"https:\/\/www.guerini.it\/#\/schema\/logo\/image\/","url":"https:\/\/www.guerini.it\/wp-content\/uploads\/2021\/03\/Logo-Guerini-OK_-e1615831292285.png","contentUrl":"https:\/\/www.guerini.it\/wp-content\/uploads\/2021\/03\/Logo-Guerini-OK_-e1615831292285.png","width":2805,"height":1870,"caption":"Guerini e Associati"},"image":{"@id":"https:\/\/www.guerini.it\/#\/schema\/logo\/image\/"}}]}},"_links":{"self":[{"href":"https:\/\/www.guerini.it\/index.php\/wp-json\/wp\/v2\/product\/16140","targetHints":{"allow":["GET"]}}],"collection":[{"href":"https:\/\/www.guerini.it\/index.php\/wp-json\/wp\/v2\/product"}],"about":[{"href":"https:\/\/www.guerini.it\/index.php\/wp-json\/wp\/v2\/types\/product"}],"wp:featuredmedia":[{"embeddable":true,"href":"https:\/\/www.guerini.it\/index.php\/wp-json\/wp\/v2\/media\/16139"}],"wp:attachment":[{"href":"https:\/\/www.guerini.it\/index.php\/wp-json\/wp\/v2\/media?parent=16140"}],"wp:term":[{"taxonomy":"product_brand","embeddable":true,"href":"https:\/\/www.guerini.it\/index.php\/wp-json\/wp\/v2\/product_brand?post=16140"},{"taxonomy":"product_cat","embeddable":true,"href":"https:\/\/www.guerini.it\/index.php\/wp-json\/wp\/v2\/product_cat?post=16140"},{"taxonomy":"product_tag","embeddable":true,"href":"https:\/\/www.guerini.it\/index.php\/wp-json\/wp\/v2\/product_tag?post=16140"}],"curies":[{"name":"wp","href":"https:\/\/api.w.org\/{rel}","templated":true}]}}