{"id":16148,"date":"2018-06-20T10:44:29","date_gmt":"2018-06-20T08:44:29","guid":{"rendered":"https:\/\/test.guerini.it\/?product=huawei"},"modified":"2024-06-12T14:38:25","modified_gmt":"2024-06-12T12:38:25","slug":"huawei","status":"publish","type":"product","link":"https:\/\/www.guerini.it\/index.php\/prodotto\/huawei\/","title":{"rendered":"HUAWEI. Il fondatore"},"content":{"rendered":"<p style=\"text-align: justify;\">L&#8217;ascesa della Cina sulla scena globale rappresenta uno degli eventi pi\u00f9 significativi della nostra epoca. Ma in Occidente il ruolo trainante di alcuni imprenditori privati che hanno letteralmente ridisegnato lo scenario dei rispettivi mercati a livello nazionale e globale \u00e8 ancora sottostimato, quando non del tutto misconosciuto.<br \/>\nFra queste figure pioneristiche spicca Ren Zhengfei, fondatore e leader di Huawei. Nato in una regine rurale, avviato alla carriera nel genio militare, Ren Zhengfei fonda Huawei pi\u00f9 che quarantenne, dapprima semplicemente assemblando componenti per centralini analogici destinati alle immense aree rurali in Cina, allora ancora largamente prive di rete telefonica. La competizione con i grandi players occidentali, come Ericsson, Siemens e Alcatel, che allora dominavano la scena delle telecomunicazioni nel paese, la necessit\u00e0 di colmare un divario tecnologico che inizialmente sembrava insuperabile, l&#8217;avvento del digitale come svolta determinante nella storia della compagnia, sono tutte tappe che hanno forgiato una filosofia manageriale insieme ammirata e temuta, una cultura di\u00a0\u00ablupi\u00bb, secondo l&#8217;espressione dello stesso Zhengfei,caratterizzata da\u00a0\u00absensi acuti, indomabile aggressivit\u00e0 e spirito di squadra\u00bb.<\/p>\n<p style=\"text-align: justify;\">Oggi Huawei \u00e8 un gigante con oltre 150.000 impiegati in tutto il mondo e Ren Zhengfei, noto per la sua natura schiva e per il suo approccio concreto, \u00e8 di fatto uno fra i business leader pi\u00f9 stimati sulla scena planetaria.<\/p>\n<p style=\"text-align: justify;\">Questo libro \u00e8 un&#8217;occasione preziosa e ancora rara per guardare dentro al miracolo economico cinese, alle forze reali e alle intelligenze che lo stanno plasmando.<\/p>\n","protected":false},"excerpt":{"rendered":"<p>L&#8217;ascesa della Cina sulla scena globale rappresenta uno degli eventi pi\u00f9 significativi della nostra epoca. Ma in Occidente il ruolo trainante di alcuni imprenditori privati che hanno letteralmente ridisegnato lo scenario dei rispettivi mercati a livello nazionale e globale \u00e8 ancora sottostimato, quando non del tutto misconosciuto. Fra queste figure pioneristiche spicca Ren Zhengfei, fondatore e leader di Huawei. Nato in una regine rurale, avviato alla carriera nel genio militare, Ren Zhengfei fonda Huawei pi\u00f9 che quarantenne, dapprima semplicemente assemblando componenti per centralini analogici destinati alle immense aree rurali in Cina, allora ancora largamente prive di rete telefonica. La competizione con i grandi players occidentali, come Ericsson, Siemens e Alcatel, che allora dominavano la scena delle telecomunicazioni nel paese, la necessit\u00e0 di colmare un divario tecnologico che inizialmente sembrava insuperabile, l&#8217;avvento del digitale come svolta determinante nella storia della compagnia, sono tutte tappe che hanno forgiato una filosofia manageriale insieme ammirata e temuta, una cultura di \u00ablupi\u00bb, secondo l&#8217;espressione dello stesso Zhengfei,caratterizzata da \u00absensi acuti, indomabile aggressivit\u00e0 e spirito di squadra\u00bb. Oggi Huawei \u00e8 un gigante con oltre 150.000 impiegati in tutto il mondo e Ren Zhengfei, noto per la sua natura schiva e per il suo approccio concreto, \u00e8 di fatto uno fra i business leader pi\u00f9 stimati sulla scena planetaria. Questo libro \u00e8 un&#8217;occasione preziosa e ancora rara per guardare dentro al miracolo economico cinese, alle forze reali e alle intelligenze che lo stanno plasmando.<\/p>\n","protected":false},"featured_media":16147,"template":"","meta":{"_editorskit_title_hidden":false,"_editorskit_reading_time":0,"_editorskit_is_block_options_detached":false,"_editorskit_block_options_position":"{}","_monsterinsights_skip_tracking":false,"_monsterinsights_sitenote_active":false,"_monsterinsights_sitenote_note":"","_monsterinsights_sitenote_category":0},"product_brand":[],"product_cat":[6805,6529],"product_tag":[],"class_list":{"0":"post-16148","1":"product","2":"type-product","3":"status-publish","4":"has-post-thumbnail","6":"product_cat-guerini-next","7":"product_cat-economia-e-management","8":"pa_guerini_amazon_link-https-www-amazon-it-huawei-fondatore-storia-ren-zhengfei-dp-8868962039","9":"pa_guerini_feltrinelli_link-https-www-lafeltrinelli-it-huawei-fondatore-storia-di-ren-libro-hongwen-li-e-9788868962036","10":"pa_guerini_ibs_link-https-www-ibs-it-huawei-fondatore-storia-di-ren-libro-hongwen-li-e-9788868962036","11":"pa_guerini_libruniver_link-https-www-libreriauniversitaria-it-huawei-fondatore-storia-ren-zhengfei-libro-9788868962036","12":"pa_guerini_link_amazon-95-httpswwwamazonitdpb07dxjhs","13":"pa_guerini_link_apple_ibook-0c-httpsitunesapplecomitbookh","14":"pa_guerini_link_giunti_punto-c8-httpswwwgiuntialpuntoitpro","15":"pa_guerini_link_google_play-94-httpsplaygooglecomstoreboo","16":"pa_guerini_link_ibs-05-httpswwwibsithuawei_fondat","17":"pa_guerini_link_kobo-90-httpswwwkobocomititebookhu","18":"pa_guerini_link_lafeltrinelli-04-httpswwwlafeltrinelliitebo","19":"pa_guerini_link_mondadori-e2-httpswwwmondadoristoreithu","20":"pa_guerini_link_rizzoli-f3-httpswwwlibreriarizzoliith","21":"pa_guerini_mondadori_link-https-www-mondadoristore-it-huawei-fondatore-storia-ren-hongwen-li-eai978886896203","23":"first","24":"instock","25":"sale","26":"shipping-taxable","27":"purchasable","28":"product-type-simple"},"yoast_head":"<!-- This site is optimized with the Yoast SEO plugin v25.4 - https:\/\/yoast.com\/wordpress\/plugins\/seo\/ -->\n<title>HUAWEI. Il fondatore - Guerini e Associati<\/title>\n<meta name=\"robots\" content=\"index, follow, max-snippet:-1, max-image-preview:large, max-video-preview:-1\" \/>\n<link rel=\"canonical\" href=\"https:\/\/www.guerini.it\/index.php\/prodotto\/huawei\/\" \/>\n<meta property=\"og:locale\" content=\"it_IT\" \/>\n<meta property=\"og:type\" content=\"article\" \/>\n<meta property=\"og:title\" content=\"HUAWEI. Il fondatore - Guerini e Associati\" \/>\n<meta property=\"og:description\" content=\"L&#039;ascesa della Cina sulla scena globale rappresenta uno degli eventi pi\u00f9 significativi della nostra epoca. Ma in Occidente il ruolo trainante di alcuni imprenditori privati che hanno letteralmente ridisegnato lo scenario dei rispettivi mercati a livello nazionale e globale \u00e8 ancora sottostimato, quando non del tutto misconosciuto. Fra queste figure pioneristiche spicca Ren Zhengfei, fondatore e leader di Huawei. Nato in una regine rurale, avviato alla carriera nel genio militare, Ren Zhengfei fonda Huawei pi\u00f9 che quarantenne, dapprima semplicemente assemblando componenti per centralini analogici destinati alle immense aree rurali in Cina, allora ancora largamente prive di rete telefonica. La competizione con i grandi players occidentali, come Ericsson, Siemens e Alcatel, che allora dominavano la scena delle telecomunicazioni nel paese, la necessit\u00e0 di colmare un divario tecnologico che inizialmente sembrava insuperabile, l&#039;avvento del digitale come svolta determinante nella storia della compagnia, sono tutte tappe che hanno forgiato una filosofia manageriale insieme ammirata e temuta, una cultura di \u00ablupi\u00bb, secondo l&#039;espressione dello stesso Zhengfei,caratterizzata da \u00absensi acuti, indomabile aggressivit\u00e0 e spirito di squadra\u00bb. Oggi Huawei \u00e8 un gigante con oltre 150.000 impiegati in tutto il mondo e Ren Zhengfei, noto per la sua natura schiva e per il suo approccio concreto, \u00e8 di fatto uno fra i business leader pi\u00f9 stimati sulla scena planetaria. Questo libro \u00e8 un&#039;occasione preziosa e ancora rara per guardare dentro al miracolo economico cinese, alle forze reali e alle intelligenze che lo stanno plasmando.\" \/>\n<meta property=\"og:url\" content=\"https:\/\/www.guerini.it\/index.php\/prodotto\/huawei\/\" \/>\n<meta property=\"og:site_name\" content=\"Guerini e Associati\" \/>\n<meta property=\"article:modified_time\" content=\"2024-06-12T12:38:25+00:00\" \/>\n<meta property=\"og:image\" content=\"https:\/\/www.guerini.it\/wp-content\/uploads\/2018\/06\/huawey_sito.jpg\" \/>\n\t<meta property=\"og:image:width\" content=\"236\" \/>\n\t<meta property=\"og:image:height\" content=\"353\" \/>\n\t<meta property=\"og:image:type\" content=\"image\/jpeg\" \/>\n<meta name=\"twitter:card\" content=\"summary_large_image\" \/>\n<meta name=\"twitter:label1\" content=\"Tempo di lettura stimato\" \/>\n\t<meta name=\"twitter:data1\" content=\"2 minuti\" \/>\n<!-- \/ Yoast SEO plugin. -->","yoast_head_json":{"title":"HUAWEI. Il fondatore - Guerini e Associati","robots":{"index":"index","follow":"follow","max-snippet":"max-snippet:-1","max-image-preview":"max-image-preview:large","max-video-preview":"max-video-preview:-1"},"canonical":"https:\/\/www.guerini.it\/index.php\/prodotto\/huawei\/","og_locale":"it_IT","og_type":"article","og_title":"HUAWEI. Il fondatore - Guerini e Associati","og_description":"L'ascesa della Cina sulla scena globale rappresenta uno degli eventi pi\u00f9 significativi della nostra epoca. Ma in Occidente il ruolo trainante di alcuni imprenditori privati che hanno letteralmente ridisegnato lo scenario dei rispettivi mercati a livello nazionale e globale \u00e8 ancora sottostimato, quando non del tutto misconosciuto. Fra queste figure pioneristiche spicca Ren Zhengfei, fondatore e leader di Huawei. Nato in una regine rurale, avviato alla carriera nel genio militare, Ren Zhengfei fonda Huawei pi\u00f9 che quarantenne, dapprima semplicemente assemblando componenti per centralini analogici destinati alle immense aree rurali in Cina, allora ancora largamente prive di rete telefonica. La competizione con i grandi players occidentali, come Ericsson, Siemens e Alcatel, che allora dominavano la scena delle telecomunicazioni nel paese, la necessit\u00e0 di colmare un divario tecnologico che inizialmente sembrava insuperabile, l'avvento del digitale come svolta determinante nella storia della compagnia, sono tutte tappe che hanno forgiato una filosofia manageriale insieme ammirata e temuta, una cultura di \u00ablupi\u00bb, secondo l'espressione dello stesso Zhengfei,caratterizzata da \u00absensi acuti, indomabile aggressivit\u00e0 e spirito di squadra\u00bb. Oggi Huawei \u00e8 un gigante con oltre 150.000 impiegati in tutto il mondo e Ren Zhengfei, noto per la sua natura schiva e per il suo approccio concreto, \u00e8 di fatto uno fra i business leader pi\u00f9 stimati sulla scena planetaria. Questo libro \u00e8 un'occasione preziosa e ancora rara per guardare dentro al miracolo economico cinese, alle forze reali e alle intelligenze che lo stanno plasmando.","og_url":"https:\/\/www.guerini.it\/index.php\/prodotto\/huawei\/","og_site_name":"Guerini e Associati","article_modified_time":"2024-06-12T12:38:25+00:00","og_image":[{"width":236,"height":353,"url":"https:\/\/www.guerini.it\/wp-content\/uploads\/2018\/06\/huawey_sito.jpg","type":"image\/jpeg"}],"twitter_card":"summary_large_image","twitter_misc":{"Tempo di lettura stimato":"2 minuti"},"schema":{"@context":"https:\/\/schema.org","@graph":[{"@type":"WebPage","@id":"https:\/\/www.guerini.it\/index.php\/prodotto\/huawei\/","url":"https:\/\/www.guerini.it\/index.php\/prodotto\/huawei\/","name":"HUAWEI. Il fondatore - Guerini e Associati","isPartOf":{"@id":"https:\/\/www.guerini.it\/#website"},"primaryImageOfPage":{"@id":"https:\/\/www.guerini.it\/index.php\/prodotto\/huawei\/#primaryimage"},"image":{"@id":"https:\/\/www.guerini.it\/index.php\/prodotto\/huawei\/#primaryimage"},"thumbnailUrl":"https:\/\/www.guerini.it\/wp-content\/uploads\/2018\/06\/huawey_sito.jpg","datePublished":"2018-06-20T08:44:29+00:00","dateModified":"2024-06-12T12:38:25+00:00","breadcrumb":{"@id":"https:\/\/www.guerini.it\/index.php\/prodotto\/huawei\/#breadcrumb"},"inLanguage":"it-IT","potentialAction":[{"@type":"ReadAction","target":["https:\/\/www.guerini.it\/index.php\/prodotto\/huawei\/"]}]},{"@type":"ImageObject","inLanguage":"it-IT","@id":"https:\/\/www.guerini.it\/index.php\/prodotto\/huawei\/#primaryimage","url":"https:\/\/www.guerini.it\/wp-content\/uploads\/2018\/06\/huawey_sito.jpg","contentUrl":"https:\/\/www.guerini.it\/wp-content\/uploads\/2018\/06\/huawey_sito.jpg","width":236,"height":353,"caption":"Huawei. Il fondatore"},{"@type":"BreadcrumbList","@id":"https:\/\/www.guerini.it\/index.php\/prodotto\/huawei\/#breadcrumb","itemListElement":[{"@type":"ListItem","position":1,"name":"Home","item":"https:\/\/www.guerini.it\/"},{"@type":"ListItem","position":2,"name":"Catalogo","item":"https:\/\/www.guerini.it\/index.php\/negozio\/"},{"@type":"ListItem","position":3,"name":"HUAWEI. Il fondatore"}]},{"@type":"WebSite","@id":"https:\/\/www.guerini.it\/#website","url":"https:\/\/www.guerini.it\/","name":"Guerini e Associati","description":"30 anni di libri, idee e libert\u00e0","publisher":{"@id":"https:\/\/www.guerini.it\/#organization"},"potentialAction":[{"@type":"SearchAction","target":{"@type":"EntryPoint","urlTemplate":"https:\/\/www.guerini.it\/?s={search_term_string}"},"query-input":{"@type":"PropertyValueSpecification","valueRequired":true,"valueName":"search_term_string"}}],"inLanguage":"it-IT"},{"@type":"Organization","@id":"https:\/\/www.guerini.it\/#organization","name":"Guerini e Associati","url":"https:\/\/www.guerini.it\/","logo":{"@type":"ImageObject","inLanguage":"it-IT","@id":"https:\/\/www.guerini.it\/#\/schema\/logo\/image\/","url":"https:\/\/www.guerini.it\/wp-content\/uploads\/2021\/03\/Logo-Guerini-OK_-e1615831292285.png","contentUrl":"https:\/\/www.guerini.it\/wp-content\/uploads\/2021\/03\/Logo-Guerini-OK_-e1615831292285.png","width":2805,"height":1870,"caption":"Guerini e Associati"},"image":{"@id":"https:\/\/www.guerini.it\/#\/schema\/logo\/image\/"}}]}},"_links":{"self":[{"href":"https:\/\/www.guerini.it\/index.php\/wp-json\/wp\/v2\/product\/16148","targetHints":{"allow":["GET"]}}],"collection":[{"href":"https:\/\/www.guerini.it\/index.php\/wp-json\/wp\/v2\/product"}],"about":[{"href":"https:\/\/www.guerini.it\/index.php\/wp-json\/wp\/v2\/types\/product"}],"wp:featuredmedia":[{"embeddable":true,"href":"https:\/\/www.guerini.it\/index.php\/wp-json\/wp\/v2\/media\/16147"}],"wp:attachment":[{"href":"https:\/\/www.guerini.it\/index.php\/wp-json\/wp\/v2\/media?parent=16148"}],"wp:term":[{"taxonomy":"product_brand","embeddable":true,"href":"https:\/\/www.guerini.it\/index.php\/wp-json\/wp\/v2\/product_brand?post=16148"},{"taxonomy":"product_cat","embeddable":true,"href":"https:\/\/www.guerini.it\/index.php\/wp-json\/wp\/v2\/product_cat?post=16148"},{"taxonomy":"product_tag","embeddable":true,"href":"https:\/\/www.guerini.it\/index.php\/wp-json\/wp\/v2\/product_tag?post=16148"}],"curies":[{"name":"wp","href":"https:\/\/api.w.org\/{rel}","templated":true}]}}