{"id":16172,"date":"2018-09-12T07:55:51","date_gmt":"2018-09-12T05:55:51","guid":{"rendered":"https:\/\/test.guerini.it\/?product=freedom-inc"},"modified":"2024-06-12T14:38:32","modified_gmt":"2024-06-12T12:38:32","slug":"freedom-inc","status":"publish","type":"product","link":"https:\/\/www.guerini.it\/index.php\/prodotto\/freedom-inc\/","title":{"rendered":"Freedom Inc."},"content":{"rendered":"<p style=\"text-align: center;\"><strong>\u00abMi auguro la lettura di questo libro possa aiutarvi a trovare la via del cambiamento com&#8217;\u00e8 successo a noi!\u00bb &#8211; Nicolas Hennon, CEO di Kiabi<\/strong><\/p>\n<p style=\"text-align: justify;\">Che cos&#8217;\u00e8 un&#8217;impresa\u00a0\u00abliberata\u00bb? Chi e cosa sta ingabbiando le nostre organizzazioni, impedendo loro di innovare, di competere e di essere occasione di crescita delle persone che vi lavorano?<br \/>\nIl primo movimento di liberazione riguarda l\u2019iniziativa e il potenziale pi\u00f9 elevato di ciascuna persona. Le \u00abcatene\u00bb che costringono la nostra iniziativa nel luogo di lavoro si chiamano sfiducia e controllo. Gli ultimi due decenni hanno visto per\u00f2 crescere un movimento globale che ha silenziosamente trasformato decine di imprese e l\u2019esistenza di migliaia di lavoratori utilizzando una risorsa a molti sconosciuta: la libert\u00e0 e la responsabilit\u00e0 delle persone di fare ci\u00f2 che <em>loro<\/em>, non i loro capi, decidono essere migliore per l\u2019azienda secondo un proposito da tutti condiviso.<strong><br \/>\nFreedom Inc<\/strong>, libro oggi tradotto in sei lingue, rimasto per mesi in vetta alle classifiche di settore in Francia, cogliendo il fenomeno al suo nascere ha contribuito in modo decisivo a trasformarlo in un movimento globale che abbraccia imprese di ogni settore e dimensione, da aziende familiari a multinazionali con operazioni su scala planetaria.<\/p>\n<p style=\"text-align: center;\"><strong>\u00abFreedom Inc. \u00e8 un libro che coloro che credono che l&#8217;impresa sia un organismo con una propria personalit\u00e0, e non un meccanismo impersonale, dovrebbero leggere.\u00bb &#8211; Riccardo Illy, Presidente Gruppo Illy<\/strong><\/p>\n<hr \/>\n<p><strong>Brian M. Carney<\/strong>, giornalista, \u00e8 Senior Vice President for Corporate Communications presso Rivada Networks. \u00c8 stato membro del comitato editoriale del Wall Street Journal e responsabile di pagina dell\u2019edizione europea dello stesso WSJ. Ha vinto il Gerald Loeb Award for Commentary, il pi\u00f9 prestigioso premio in America per il giornalismo economico e il Frederic Bastiat Prize for Journalism per i suoi articoli sull\u2019economia europea.<\/p>\n<p><strong>Isaac Getz<\/strong> \u00e8 Professore alla ESCP Europe Business School con attivit\u00e0 a Parigi, Londra, Berlino, Madrid e Torino ed \u00e8 stato Visiting Professor alle Universit\u00e0 di Cornell e Stanford. Ha studiato oltre 300 imprese in 30 paesi e ha intensivamente pubblicato articoli e libri sui temi dell\u2019innovazione, della leadership e del change management. \u00c8 apprezzato keynote speaker a livello internazionale. Un recente studio lo posiziona al quarto posto in una classifica dei 50 pi\u00f9 influenti pensatori di Management in vita.<\/p>\n","protected":false},"excerpt":{"rendered":"<p>Che cos&#8217;\u00e8 un&#8217;impresa \u00abliberata\u00bb? Chi e cosa sta ingabbiando le nostre organizzazioni, impedendo loro di innovare,di competere e di essere occasionedi crescita delle persone che vi lavorano? Il primo movimento di liberazione riguarda l\u2019iniziativa e il potenziale pi\u00f9 elevato di ciascuna persona. Le \u00abcatene\u00bb che costringono la nostra iniziativa nel luogo di lavoro si chiamano sfiducia e controllo. Gli ultimi due decenni hanno visto per\u00f2 crescere un movimento globale che ha silenziosamente trasformato decine di imprese e l\u2019esistenza di migliaia di lavoratori utilizzando una risorsa a molti sconosciuta: la libert\u00e0 e la responsabilit\u00e0 delle persone di fare ci\u00f2 che loro, non i loro capi, decidono essere migliore per l\u2019azienda secondo un proposito da tutti condiviso. Freedom Inc, libro oggi tradotto in sei lingue, rimasto per mesi in vetta alle classifiche di settore in Francia, cogliendo il fenomeno al suo nascere ha contribuito in modo decisivo a trasformarlo in un movimento globale che abbraccia imprese di ogni settore e dimensione, da aziende familiari a multinazionali con operazioni su scala planetaria.<\/p>\n","protected":false},"featured_media":16171,"template":"","meta":{"_editorskit_title_hidden":false,"_editorskit_reading_time":0,"_editorskit_is_block_options_detached":false,"_editorskit_block_options_position":"{}","_monsterinsights_skip_tracking":false,"_monsterinsights_sitenote_active":false,"_monsterinsights_sitenote_note":"","_monsterinsights_sitenote_category":0},"product_brand":[],"product_cat":[6805,6529],"product_tag":[],"class_list":{"0":"post-16172","1":"product","2":"type-product","3":"status-publish","4":"has-post-thumbnail","6":"product_cat-guerini-next","7":"product_cat-economia-e-management","8":"pa_guerini_amazon_link-https-www-amazon-it-freedom-liberare-potenziale-persone-performance-dp-886896211x","9":"pa_guerini_feltrinelli_link-https-www-lafeltrinelli-it-freedom-inc-come-liberare-potenziale-libro-brian-m-carney-isaac-getz-e-9788868962111","10":"pa_guerini_ibs_link-https-www-ibs-it-freedom-inc-come-liberare-potenziale-libro-brian-m-carney-isaac-getz-e-9788868962111","11":"pa_guerini_libruniver_link-https-www-libreriauniversitaria-it-freedom-inc-liberare-potenziale-persone-libro-9788868962111","12":"pa_guerini_link_amazon-https-www-amazon-it-freedom-liberare-potenziale-persone-performance-ebook-dp-b07hxy46s4","13":"pa_guerini_link_apple_ibook-b7-httpsitunesapplecomitbookf","14":"pa_guerini_link_bookrepublic-77-httpswwwbookrepublicitbook","15":"pa_guerini_link_giunti_punto-https-www-giuntialpunto-it-product-b07hxy46s4-libri-freedom-inc-come-liberare-il-potenziale-delle-persone-e-la-performance","16":"pa_guerini_link_google_play-a3-httpsplaygooglecomstoreboo","17":"pa_guerini_link_ibs-https-www-ibs-it-freedom-inc-come-liberare-potenziale-ebook-brian-m-carney-isaac-getz-e-9788868962272","18":"pa_guerini_link_kobo-16-httpswwwkobocomititebookfr","19":"pa_guerini_link_lafeltrinelli-d2-httpswwwlafeltrinelliitebo","20":"pa_guerini_link_mondadori-3f-httpswwwmondadoristoreitfr","21":"pa_guerini_link_rizzoli-b9-httpswwwlibreriarizzoliitf","22":"pa_guerini_mondadori_link-https-www-mondadoristore-it-freedom-inc-come-liberare-brian-m-carney-isaac-getz-eai978886896211","24":"first","25":"instock","26":"sale","27":"shipping-taxable","28":"purchasable","29":"product-type-simple"},"yoast_head":"<!-- This site is optimized with the Yoast SEO plugin v25.4 - https:\/\/yoast.com\/wordpress\/plugins\/seo\/ -->\n<title>Freedom Inc. - Guerini e Associati<\/title>\n<meta name=\"robots\" content=\"index, follow, max-snippet:-1, max-image-preview:large, max-video-preview:-1\" \/>\n<link rel=\"canonical\" href=\"https:\/\/www.guerini.it\/index.php\/prodotto\/freedom-inc\/\" \/>\n<meta property=\"og:locale\" content=\"it_IT\" \/>\n<meta property=\"og:type\" content=\"article\" \/>\n<meta property=\"og:title\" content=\"Freedom Inc. - Guerini e Associati\" \/>\n<meta property=\"og:description\" content=\"Che cos&#039;\u00e8 un&#039;impresa \u00abliberata\u00bb? Chi e cosa sta ingabbiando le nostre organizzazioni, impedendo loro di innovare,di competere e di essere occasionedi crescita delle persone che vi lavorano? Il primo movimento di liberazione riguarda l\u2019iniziativa e il potenziale pi\u00f9 elevato di ciascuna persona. Le \u00abcatene\u00bb che costringono la nostra iniziativa nel luogo di lavoro si chiamano sfiducia e controllo. Gli ultimi due decenni hanno visto per\u00f2 crescere un movimento globale che ha silenziosamente trasformato decine di imprese e l\u2019esistenza di migliaia di lavoratori utilizzando una risorsa a molti sconosciuta: la libert\u00e0 e la responsabilit\u00e0 delle persone di fare ci\u00f2 che loro, non i loro capi, decidono essere migliore per l\u2019azienda secondo un proposito da tutti condiviso. Freedom Inc, libro oggi tradotto in sei lingue, rimasto per mesi in vetta alle classifiche di settore in Francia, cogliendo il fenomeno al suo nascere ha contribuito in modo decisivo a trasformarlo in un movimento globale che abbraccia imprese di ogni settore e dimensione, da aziende familiari a multinazionali con operazioni su scala planetaria.\" \/>\n<meta property=\"og:url\" content=\"https:\/\/www.guerini.it\/index.php\/prodotto\/freedom-inc\/\" \/>\n<meta property=\"og:site_name\" content=\"Guerini e Associati\" \/>\n<meta property=\"article:modified_time\" content=\"2024-06-12T12:38:32+00:00\" \/>\n<meta property=\"og:image\" content=\"https:\/\/www.guerini.it\/wp-content\/uploads\/2018\/09\/freedominc_sito.jpg\" \/>\n\t<meta property=\"og:image:width\" content=\"228\" \/>\n\t<meta property=\"og:image:height\" content=\"353\" \/>\n\t<meta property=\"og:image:type\" content=\"image\/jpeg\" \/>\n<meta name=\"twitter:card\" content=\"summary_large_image\" \/>\n<meta name=\"twitter:label1\" content=\"Tempo di lettura stimato\" \/>\n\t<meta name=\"twitter:data1\" content=\"2 minuti\" \/>\n<!-- \/ Yoast SEO plugin. -->","yoast_head_json":{"title":"Freedom Inc. - Guerini e Associati","robots":{"index":"index","follow":"follow","max-snippet":"max-snippet:-1","max-image-preview":"max-image-preview:large","max-video-preview":"max-video-preview:-1"},"canonical":"https:\/\/www.guerini.it\/index.php\/prodotto\/freedom-inc\/","og_locale":"it_IT","og_type":"article","og_title":"Freedom Inc. - Guerini e Associati","og_description":"Che cos'\u00e8 un'impresa \u00abliberata\u00bb? Chi e cosa sta ingabbiando le nostre organizzazioni, impedendo loro di innovare,di competere e di essere occasionedi crescita delle persone che vi lavorano? Il primo movimento di liberazione riguarda l\u2019iniziativa e il potenziale pi\u00f9 elevato di ciascuna persona. Le \u00abcatene\u00bb che costringono la nostra iniziativa nel luogo di lavoro si chiamano sfiducia e controllo. Gli ultimi due decenni hanno visto per\u00f2 crescere un movimento globale che ha silenziosamente trasformato decine di imprese e l\u2019esistenza di migliaia di lavoratori utilizzando una risorsa a molti sconosciuta: la libert\u00e0 e la responsabilit\u00e0 delle persone di fare ci\u00f2 che loro, non i loro capi, decidono essere migliore per l\u2019azienda secondo un proposito da tutti condiviso. Freedom Inc, libro oggi tradotto in sei lingue, rimasto per mesi in vetta alle classifiche di settore in Francia, cogliendo il fenomeno al suo nascere ha contribuito in modo decisivo a trasformarlo in un movimento globale che abbraccia imprese di ogni settore e dimensione, da aziende familiari a multinazionali con operazioni su scala planetaria.","og_url":"https:\/\/www.guerini.it\/index.php\/prodotto\/freedom-inc\/","og_site_name":"Guerini e Associati","article_modified_time":"2024-06-12T12:38:32+00:00","og_image":[{"width":228,"height":353,"url":"https:\/\/www.guerini.it\/wp-content\/uploads\/2018\/09\/freedominc_sito.jpg","type":"image\/jpeg"}],"twitter_card":"summary_large_image","twitter_misc":{"Tempo di lettura stimato":"2 minuti"},"schema":{"@context":"https:\/\/schema.org","@graph":[{"@type":"WebPage","@id":"https:\/\/www.guerini.it\/index.php\/prodotto\/freedom-inc\/","url":"https:\/\/www.guerini.it\/index.php\/prodotto\/freedom-inc\/","name":"Freedom Inc. - Guerini e Associati","isPartOf":{"@id":"https:\/\/www.guerini.it\/#website"},"primaryImageOfPage":{"@id":"https:\/\/www.guerini.it\/index.php\/prodotto\/freedom-inc\/#primaryimage"},"image":{"@id":"https:\/\/www.guerini.it\/index.php\/prodotto\/freedom-inc\/#primaryimage"},"thumbnailUrl":"https:\/\/www.guerini.it\/wp-content\/uploads\/2018\/09\/freedominc_sito.jpg","datePublished":"2018-09-12T05:55:51+00:00","dateModified":"2024-06-12T12:38:32+00:00","breadcrumb":{"@id":"https:\/\/www.guerini.it\/index.php\/prodotto\/freedom-inc\/#breadcrumb"},"inLanguage":"it-IT","potentialAction":[{"@type":"ReadAction","target":["https:\/\/www.guerini.it\/index.php\/prodotto\/freedom-inc\/"]}]},{"@type":"ImageObject","inLanguage":"it-IT","@id":"https:\/\/www.guerini.it\/index.php\/prodotto\/freedom-inc\/#primaryimage","url":"https:\/\/www.guerini.it\/wp-content\/uploads\/2018\/09\/freedominc_sito.jpg","contentUrl":"https:\/\/www.guerini.it\/wp-content\/uploads\/2018\/09\/freedominc_sito.jpg","width":228,"height":353,"caption":"Freedom Inc."},{"@type":"BreadcrumbList","@id":"https:\/\/www.guerini.it\/index.php\/prodotto\/freedom-inc\/#breadcrumb","itemListElement":[{"@type":"ListItem","position":1,"name":"Home","item":"https:\/\/www.guerini.it\/"},{"@type":"ListItem","position":2,"name":"Catalogo","item":"https:\/\/www.guerini.it\/index.php\/negozio\/"},{"@type":"ListItem","position":3,"name":"Freedom Inc."}]},{"@type":"WebSite","@id":"https:\/\/www.guerini.it\/#website","url":"https:\/\/www.guerini.it\/","name":"Guerini e Associati","description":"30 anni di libri, idee e libert\u00e0","publisher":{"@id":"https:\/\/www.guerini.it\/#organization"},"potentialAction":[{"@type":"SearchAction","target":{"@type":"EntryPoint","urlTemplate":"https:\/\/www.guerini.it\/?s={search_term_string}"},"query-input":{"@type":"PropertyValueSpecification","valueRequired":true,"valueName":"search_term_string"}}],"inLanguage":"it-IT"},{"@type":"Organization","@id":"https:\/\/www.guerini.it\/#organization","name":"Guerini e Associati","url":"https:\/\/www.guerini.it\/","logo":{"@type":"ImageObject","inLanguage":"it-IT","@id":"https:\/\/www.guerini.it\/#\/schema\/logo\/image\/","url":"https:\/\/www.guerini.it\/wp-content\/uploads\/2021\/03\/Logo-Guerini-OK_-e1615831292285.png","contentUrl":"https:\/\/www.guerini.it\/wp-content\/uploads\/2021\/03\/Logo-Guerini-OK_-e1615831292285.png","width":2805,"height":1870,"caption":"Guerini e Associati"},"image":{"@id":"https:\/\/www.guerini.it\/#\/schema\/logo\/image\/"}}]}},"_links":{"self":[{"href":"https:\/\/www.guerini.it\/index.php\/wp-json\/wp\/v2\/product\/16172","targetHints":{"allow":["GET"]}}],"collection":[{"href":"https:\/\/www.guerini.it\/index.php\/wp-json\/wp\/v2\/product"}],"about":[{"href":"https:\/\/www.guerini.it\/index.php\/wp-json\/wp\/v2\/types\/product"}],"wp:featuredmedia":[{"embeddable":true,"href":"https:\/\/www.guerini.it\/index.php\/wp-json\/wp\/v2\/media\/16171"}],"wp:attachment":[{"href":"https:\/\/www.guerini.it\/index.php\/wp-json\/wp\/v2\/media?parent=16172"}],"wp:term":[{"taxonomy":"product_brand","embeddable":true,"href":"https:\/\/www.guerini.it\/index.php\/wp-json\/wp\/v2\/product_brand?post=16172"},{"taxonomy":"product_cat","embeddable":true,"href":"https:\/\/www.guerini.it\/index.php\/wp-json\/wp\/v2\/product_cat?post=16172"},{"taxonomy":"product_tag","embeddable":true,"href":"https:\/\/www.guerini.it\/index.php\/wp-json\/wp\/v2\/product_tag?post=16172"}],"curies":[{"name":"wp","href":"https:\/\/api.w.org\/{rel}","templated":true}]}}