{"id":16194,"date":"2018-10-30T09:14:18","date_gmt":"2018-10-30T08:14:18","guid":{"rendered":"https:\/\/test.guerini.it\/?product=prima-di-aprire-bocca"},"modified":"2024-09-05T14:47:29","modified_gmt":"2024-09-05T12:47:29","slug":"prima-di-aprire-bocca","status":"publish","type":"product","link":"https:\/\/www.guerini.it\/index.php\/prodotto\/prima-di-aprire-bocca\/","title":{"rendered":"Prima di aprire bocca"},"content":{"rendered":"<p style=\"text-align: justify;\">Vi \u00e8 una psicopatologia della vita quotidiana ai tempi della globalizzazione?<br \/>\nL\u2019autore affronta tale quesito senza cadere in uno sforzo speculativo teorico o epistemologico, bens\u00ec incarnandosi nelle storie di ragazzi affetti da disturbi alimentari, oggi cos\u00ec diffusi (anoressia, bulimia, obesit\u00e0, vigoressia, ortoressia), per precipitare dentro le esperienze di vita di ciascuno, trovando alcuni spunti di riflessioni sui grandi temi umani che oggi vengono trattati, talvolta, con discreta banalit\u00e0: la sessualit\u00e0, la differenza di genere, le genitorialit\u00e0, le dipendenze, gli abusi e i traumi. Il medium del discorso \u00e8 il corpo, che smette di essere sostanza dialettica e aperta al mondo per diventare un\u2019icona disumanizzata.<\/p>\n<p style=\"text-align: justify;\">\u00abPerch\u00e9 dobbiamo piacere agli altri? Perch\u00e9 il tema del riconoscimento ci destabilizza cos\u00ec tanto? Non ho risposte preconfezionate, soluzioni da offrire, pretese salvifiche, ma ho capito sulla mia pelle che dobbiamo imparare, anche grazie a chi ci sta accanto, a prenderci cura di noi, a saper cogliere il \u201cbene\u201d, saperlo offrire come gesto d\u2019umana accoglienza\u00bb (dalla postfazione di Martina Colombari).<\/p>\n<p style=\"text-align: justify;\"><strong>Leonardo Mendolicchio<\/strong>, psichiatra psicoanalista, \u00e8 direttore sanitario di Villa Miralago, Centro Residenziale per la Cura dei dca Varese, membro della Scuola Lacaniana di Psicoanalisi e dell\u2019Associazione Mondiale di Psicoanalisi, direttore scientifico del progetto ananke. Autore di numerose pubblicazioni in ambito epidemiologico, psicoanalitico e relative al trattamento dei disturbi alimentari. Ha pubblicato nel 2017 <em>Bisogna pur mangiare.<\/em><\/p>\n<p style=\"text-align: justify;\"><strong>Permalink:\u00a0<a href=\"http:\/\/digital.casalini.it\/9788881953141\" target=\"_blank\" rel=\"noopener\">http:\/\/digital.casalini.it\/9788881953141<\/a><\/strong><\/p>\n","protected":false},"excerpt":{"rendered":"<p style=\"text-align: justify;\">Vi \u00e8 una psicopatologia della vita quotidiana ai tempi della globalizzazione?<br \/>\nL\u2019autore affronta tale quesito senza cadere in uno sforzo speculativo teorico o epistemologico, bens\u00ec incarnandosi nelle storie di ragazzi affetti da disturbi alimentari, oggi cos\u00ec diffusi (anoressia, bulimia, obesit\u00e0, vigoressia, ortoressia), per precipitare dentro le esperienze di vita di ciascuno, trovando alcuni spunti di riflessioni sui grandi temi umani che oggi vengono trattati, talvolta, con discreta banalit\u00e0: la sessualit\u00e0, la differenza di genere, le genitorialit\u00e0, le dipendenze, gli abusi e i traumi. Il medium del discorso \u00e8 il corpo, che smette di essere sostanza dialettica e aperta al mondo per diventare un\u2019icona disumanizzata.<\/p>\n<p style=\"text-align: justify;\">\u00abPerch\u00e9 dobbiamo piacere agli altri? Perch\u00e9 il tema del riconoscimento ci destabilizza cos\u00ec tanto? Non ho risposte preconfezionate, soluzioni da offrire, pretese salvifiche, ma ho capito sulla mia pelle che dobbiamo imparare, anche grazie a chi ci sta accanto, a prenderci cura di noi, a saper cogliere il \u201cbene\u201d, saperlo offrire come gesto d\u2019umana accoglienza\u00bb (dalla postfazione di Martina Colombari).<\/p>\n","protected":false},"featured_media":16193,"template":"","meta":{"_editorskit_title_hidden":false,"_editorskit_reading_time":0,"_editorskit_is_block_options_detached":false,"_editorskit_block_options_position":"{}","_monsterinsights_skip_tracking":false,"_monsterinsights_sitenote_active":false,"_monsterinsights_sitenote_note":"","_monsterinsights_sitenote_category":0},"product_brand":[],"product_cat":[6534],"product_tag":[],"class_list":{"0":"post-16194","1":"product","2":"type-product","3":"status-publish","4":"has-post-thumbnail","6":"product_cat-medicina-e-ambiente","7":"pa_fulfillment-default","8":"pa_guerini_amazon_link-84-httpswwwamazonitcontempora","9":"pa_guerini_ibs_link-a0-httpswwwibsitprima_di_apri","10":"pa_guerini_link_amazon-bf-httpswwwamazonitcontempora","11":"pa_guerini_link_apple_ibook-c9-httpsitunesapplecomitbookp","12":"pa_guerini_link_bookrepublic-7d-httpswwwbookrepublicitbook","13":"pa_guerini_link_google_play-f7-httpsplaygooglecomstoreboo","14":"pa_guerini_link_kobo-37-httpswwwkobocomititebookpr","15":"pa_guerini_link_lafeltrinelli-c2-httpswwwlafeltrinelliitebo","16":"pa_guerini_link_mondadori-ca-httpswwwmondadoristoreitpr","17":"pa_guerini_link_rizzoli-b2-httpswwwlibreriarizzoliitp","18":"pa_guerini_mondadori_link-36-httpswwwmondadoristoreitpr","20":"first","21":"outofstock","22":"sale","23":"shipping-taxable","24":"purchasable","25":"product-type-simple"},"yoast_head":"<!-- This site is optimized with the Yoast SEO plugin v25.4 - https:\/\/yoast.com\/wordpress\/plugins\/seo\/ -->\n<title>Prima di aprire bocca - Guerini e Associati<\/title>\n<meta name=\"robots\" content=\"index, follow, max-snippet:-1, max-image-preview:large, max-video-preview:-1\" \/>\n<link rel=\"canonical\" href=\"https:\/\/www.guerini.it\/index.php\/prodotto\/prima-di-aprire-bocca\/\" \/>\n<meta property=\"og:locale\" content=\"it_IT\" \/>\n<meta property=\"og:type\" content=\"article\" \/>\n<meta property=\"og:title\" content=\"Prima di aprire bocca - Guerini e Associati\" \/>\n<meta property=\"og:description\" content=\"Vi \u00e8 una psicopatologia della vita quotidiana ai tempi della globalizzazione? L\u2019autore affronta tale quesito senza cadere in uno sforzo speculativo teorico o epistemologico, bens\u00ec incarnandosi nelle storie di ragazzi affetti da disturbi alimentari, oggi cos\u00ec diffusi (anoressia, bulimia, obesit\u00e0, vigoressia, ortoressia), per precipitare dentro le esperienze di vita di ciascuno, trovando alcuni spunti di riflessioni sui grandi temi umani che oggi vengono trattati, talvolta, con discreta banalit\u00e0: la sessualit\u00e0, la differenza di genere, le genitorialit\u00e0, le dipendenze, gli abusi e i traumi. Il medium del discorso \u00e8 il corpo, che smette di essere sostanza dialettica e aperta al mondo per diventare un\u2019icona disumanizzata. \u00abPerch\u00e9 dobbiamo piacere agli altri? Perch\u00e9 il tema del riconoscimento ci destabilizza cos\u00ec tanto? Non ho risposte preconfezionate, soluzioni da offrire, pretese salvifiche, ma ho capito sulla mia pelle che dobbiamo imparare, anche grazie a chi ci sta accanto, a prenderci cura di noi, a saper cogliere il \u201cbene\u201d, saperlo offrire come gesto d\u2019umana accoglienza\u00bb (dalla postfazione di Martina Colombari).\" \/>\n<meta property=\"og:url\" content=\"https:\/\/www.guerini.it\/index.php\/prodotto\/prima-di-aprire-bocca\/\" \/>\n<meta property=\"og:site_name\" content=\"Guerini e Associati\" \/>\n<meta property=\"article:modified_time\" content=\"2024-09-05T12:47:29+00:00\" \/>\n<meta property=\"og:image\" content=\"https:\/\/www.guerini.it\/wp-content\/uploads\/2018\/10\/prima_di_aprire_bocca_sito.jpg\" \/>\n\t<meta property=\"og:image:width\" content=\"235\" \/>\n\t<meta property=\"og:image:height\" content=\"353\" \/>\n\t<meta property=\"og:image:type\" content=\"image\/jpeg\" \/>\n<meta name=\"twitter:card\" content=\"summary_large_image\" \/>\n<meta name=\"twitter:label1\" content=\"Tempo di lettura stimato\" \/>\n\t<meta name=\"twitter:data1\" content=\"2 minuti\" \/>\n<!-- \/ Yoast SEO plugin. -->","yoast_head_json":{"title":"Prima di aprire bocca - Guerini e Associati","robots":{"index":"index","follow":"follow","max-snippet":"max-snippet:-1","max-image-preview":"max-image-preview:large","max-video-preview":"max-video-preview:-1"},"canonical":"https:\/\/www.guerini.it\/index.php\/prodotto\/prima-di-aprire-bocca\/","og_locale":"it_IT","og_type":"article","og_title":"Prima di aprire bocca - Guerini e Associati","og_description":"Vi \u00e8 una psicopatologia della vita quotidiana ai tempi della globalizzazione? L\u2019autore affronta tale quesito senza cadere in uno sforzo speculativo teorico o epistemologico, bens\u00ec incarnandosi nelle storie di ragazzi affetti da disturbi alimentari, oggi cos\u00ec diffusi (anoressia, bulimia, obesit\u00e0, vigoressia, ortoressia), per precipitare dentro le esperienze di vita di ciascuno, trovando alcuni spunti di riflessioni sui grandi temi umani che oggi vengono trattati, talvolta, con discreta banalit\u00e0: la sessualit\u00e0, la differenza di genere, le genitorialit\u00e0, le dipendenze, gli abusi e i traumi. Il medium del discorso \u00e8 il corpo, che smette di essere sostanza dialettica e aperta al mondo per diventare un\u2019icona disumanizzata. \u00abPerch\u00e9 dobbiamo piacere agli altri? Perch\u00e9 il tema del riconoscimento ci destabilizza cos\u00ec tanto? Non ho risposte preconfezionate, soluzioni da offrire, pretese salvifiche, ma ho capito sulla mia pelle che dobbiamo imparare, anche grazie a chi ci sta accanto, a prenderci cura di noi, a saper cogliere il \u201cbene\u201d, saperlo offrire come gesto d\u2019umana accoglienza\u00bb (dalla postfazione di Martina Colombari).","og_url":"https:\/\/www.guerini.it\/index.php\/prodotto\/prima-di-aprire-bocca\/","og_site_name":"Guerini e Associati","article_modified_time":"2024-09-05T12:47:29+00:00","og_image":[{"width":235,"height":353,"url":"https:\/\/www.guerini.it\/wp-content\/uploads\/2018\/10\/prima_di_aprire_bocca_sito.jpg","type":"image\/jpeg"}],"twitter_card":"summary_large_image","twitter_misc":{"Tempo di lettura stimato":"2 minuti"},"schema":{"@context":"https:\/\/schema.org","@graph":[{"@type":"WebPage","@id":"https:\/\/www.guerini.it\/index.php\/prodotto\/prima-di-aprire-bocca\/","url":"https:\/\/www.guerini.it\/index.php\/prodotto\/prima-di-aprire-bocca\/","name":"Prima di aprire bocca - Guerini e Associati","isPartOf":{"@id":"https:\/\/www.guerini.it\/#website"},"primaryImageOfPage":{"@id":"https:\/\/www.guerini.it\/index.php\/prodotto\/prima-di-aprire-bocca\/#primaryimage"},"image":{"@id":"https:\/\/www.guerini.it\/index.php\/prodotto\/prima-di-aprire-bocca\/#primaryimage"},"thumbnailUrl":"https:\/\/www.guerini.it\/wp-content\/uploads\/2018\/10\/prima_di_aprire_bocca_sito.jpg","datePublished":"2018-10-30T08:14:18+00:00","dateModified":"2024-09-05T12:47:29+00:00","breadcrumb":{"@id":"https:\/\/www.guerini.it\/index.php\/prodotto\/prima-di-aprire-bocca\/#breadcrumb"},"inLanguage":"it-IT","potentialAction":[{"@type":"ReadAction","target":["https:\/\/www.guerini.it\/index.php\/prodotto\/prima-di-aprire-bocca\/"]}]},{"@type":"ImageObject","inLanguage":"it-IT","@id":"https:\/\/www.guerini.it\/index.php\/prodotto\/prima-di-aprire-bocca\/#primaryimage","url":"https:\/\/www.guerini.it\/wp-content\/uploads\/2018\/10\/prima_di_aprire_bocca_sito.jpg","contentUrl":"https:\/\/www.guerini.it\/wp-content\/uploads\/2018\/10\/prima_di_aprire_bocca_sito.jpg","width":235,"height":353,"caption":"Prima di aprire bocca"},{"@type":"BreadcrumbList","@id":"https:\/\/www.guerini.it\/index.php\/prodotto\/prima-di-aprire-bocca\/#breadcrumb","itemListElement":[{"@type":"ListItem","position":1,"name":"Home","item":"https:\/\/www.guerini.it\/"},{"@type":"ListItem","position":2,"name":"Catalogo","item":"https:\/\/www.guerini.it\/index.php\/negozio\/"},{"@type":"ListItem","position":3,"name":"Prima di aprire bocca"}]},{"@type":"WebSite","@id":"https:\/\/www.guerini.it\/#website","url":"https:\/\/www.guerini.it\/","name":"Guerini e Associati","description":"30 anni di libri, idee e libert\u00e0","publisher":{"@id":"https:\/\/www.guerini.it\/#organization"},"potentialAction":[{"@type":"SearchAction","target":{"@type":"EntryPoint","urlTemplate":"https:\/\/www.guerini.it\/?s={search_term_string}"},"query-input":{"@type":"PropertyValueSpecification","valueRequired":true,"valueName":"search_term_string"}}],"inLanguage":"it-IT"},{"@type":"Organization","@id":"https:\/\/www.guerini.it\/#organization","name":"Guerini e Associati","url":"https:\/\/www.guerini.it\/","logo":{"@type":"ImageObject","inLanguage":"it-IT","@id":"https:\/\/www.guerini.it\/#\/schema\/logo\/image\/","url":"https:\/\/www.guerini.it\/wp-content\/uploads\/2021\/03\/Logo-Guerini-OK_-e1615831292285.png","contentUrl":"https:\/\/www.guerini.it\/wp-content\/uploads\/2021\/03\/Logo-Guerini-OK_-e1615831292285.png","width":2805,"height":1870,"caption":"Guerini e Associati"},"image":{"@id":"https:\/\/www.guerini.it\/#\/schema\/logo\/image\/"}}]}},"_links":{"self":[{"href":"https:\/\/www.guerini.it\/index.php\/wp-json\/wp\/v2\/product\/16194","targetHints":{"allow":["GET"]}}],"collection":[{"href":"https:\/\/www.guerini.it\/index.php\/wp-json\/wp\/v2\/product"}],"about":[{"href":"https:\/\/www.guerini.it\/index.php\/wp-json\/wp\/v2\/types\/product"}],"wp:featuredmedia":[{"embeddable":true,"href":"https:\/\/www.guerini.it\/index.php\/wp-json\/wp\/v2\/media\/16193"}],"wp:attachment":[{"href":"https:\/\/www.guerini.it\/index.php\/wp-json\/wp\/v2\/media?parent=16194"}],"wp:term":[{"taxonomy":"product_brand","embeddable":true,"href":"https:\/\/www.guerini.it\/index.php\/wp-json\/wp\/v2\/product_brand?post=16194"},{"taxonomy":"product_cat","embeddable":true,"href":"https:\/\/www.guerini.it\/index.php\/wp-json\/wp\/v2\/product_cat?post=16194"},{"taxonomy":"product_tag","embeddable":true,"href":"https:\/\/www.guerini.it\/index.php\/wp-json\/wp\/v2\/product_tag?post=16194"}],"curies":[{"name":"wp","href":"https:\/\/api.w.org\/{rel}","templated":true}]}}