{"id":16196,"date":"2018-11-05T11:53:07","date_gmt":"2018-11-05T10:53:07","guid":{"rendered":"https:\/\/test.guerini.it\/?product=sense-respond"},"modified":"2024-06-12T14:38:27","modified_gmt":"2024-06-12T12:38:27","slug":"sense-respond","status":"publish","type":"product","link":"https:\/\/www.guerini.it\/index.php\/prodotto\/sense-respond\/","title":{"rendered":"Sense &#038; Respond"},"content":{"rendered":"<p style=\"text-align: justify;\"><em>Sense &amp; Respond<\/em> \u2013 percepire e rispondere \u2013 \u00e8 una sintesi rivoluzionaria. Perch\u00e9 svela, attraverso casi aziendali, che il modo di pensare e di operare in molte organizzazioni \u00e8 figlio dell\u2019era industriale. Che \u00e8 finita. Niente \u00e8 pi\u00f9 come prima. Anche se non sembra. Siamo nell\u2019era digitale, epoca di discontinuit\u00e0 culturale prima ancora che tecnologica. Muoiono concetti che hanno funzionato da stella polare per generazioni di manager come, ad esempio, la previsione e pianificazione del futuro. La maggior parte delle aziende, per\u00f2, funziona come prima, considerando inevitabili quei problemi che, invece, derivano da uno scarto tra le nostre abitudini e la realt\u00e0. Ma da dove si parte e come si procede? Questo libro indica il punto di partenza e il metodo, con preziosi esempi di successo e fallimento. Dedicato alle aziende che vivono nell\u2019epoca digitale ma ancora agiscono come nell\u2019era industriale. <em>Chi ha la responsabilit\u00e0 di guidare le organizzazioni, ha anche quella di cercare la nuova strada. Il libro \u00e8 stato pubblicato in lingua inglese da Harvard Business Review Press<\/em>.<\/p>\n<hr \/>\n<p style=\"text-align: justify;\"><strong>Jeff Gothelf<\/strong> \u00e8 autore, speaker e designer organizzativo. Nel corso dei suoi quasi venti anni nel campo dei prodotti e servizi digitali, ha lavorato per portare un approccio centrato sul cliente e basato sull&#8217;evidenza per la strategia, la progettazione e la leadership del prodotto.<\/p>\n<p style=\"text-align: justify;\"><strong>Josh Seiden<\/strong> \u00e8 un designer, stratega e coach. Ha creato prodotti pluripremiati nella Silicon Valley, costruito team di progettazione a Wall Street e insegnato metodi di progettazione e sviluppo dei prodotti moderni in tutto il mondo.<\/p>\n<p style=\"text-align: justify;\">Jeff e Josh sono gli autori di <em>Lean UX<\/em>, manifesto della cultura Agile e del design centrato sull\u2019utente.<\/p>\n","protected":false},"excerpt":{"rendered":"<p style=\"text-align: justify;\"><em>Sense &amp; Respond<\/em> \u2013 percepire e rispondere \u2013 \u00e8 una sintesi rivoluzionaria. Perch\u00e9 svela, attraverso casi aziendali, che il modo di pensare e di operare in molte organizzazioni \u00e8 figlio dell\u2019era industriale. Che \u00e8 finita. Niente \u00e8 pi\u00f9 come prima. Anche se non sembra. Siamo nell\u2019era digitale, epoca di discontinuit\u00e0 culturale prima ancora che tecnologica. Muoiono concetti che hanno funzionato da stella polare per generazioni di manager come, ad esempio, la previsione e pianificazione del futuro. La maggior parte delle aziende, per\u00f2, funziona come prima, considerando inevitabili quei problemi che, invece, derivano da uno scarto tra le nostre abitudini e la realt\u00e0. Ma da dove si parte e come si procede? Questo libro indica il punto di partenza e il metodo, con preziosi esempi di successo e fallimento. Dedicato alle aziende che vivono nell\u2019epoca digitale ma ancora agiscono come nell\u2019era industriale.<br \/>\n<strong>Chi ha la responsabilit\u00e0 di guidare le organizzazioni, ha anche quella di cercare la nuova strada. Il libro \u00e8 stato pubblicato in lingua inglese da Harvard Business Review Press.<\/strong><\/p>\n","protected":false},"featured_media":16195,"template":"","meta":{"_editorskit_title_hidden":false,"_editorskit_reading_time":0,"_editorskit_is_block_options_detached":false,"_editorskit_block_options_position":"{}","_monsterinsights_skip_tracking":false,"_monsterinsights_sitenote_active":false,"_monsterinsights_sitenote_note":"","_monsterinsights_sitenote_category":0},"product_brand":[],"product_cat":[6805,6529],"product_tag":[9116,9115,8214],"class_list":{"0":"post-16196","1":"product","2":"type-product","3":"status-publish","4":"has-post-thumbnail","6":"product_cat-guerini-next","7":"product_cat-economia-e-management","8":"product_tag-aziende","9":"product_tag-era-digitale","10":"product_tag-industria","11":"pa_fulfillment-default","12":"pa_guerini_amazon_link-5b-httpswwwamazonitrespond_ad","13":"pa_guerini_feltrinelli_link-a1-httpswwwlafeltrinelliitlib","14":"pa_guerini_ibs_link-68-httpswwwibsitsense_respond","15":"pa_guerini_libruniver_link-02-httpswwwlibreriauniversita","16":"pa_guerini_link_amazon-httpswwwamazonitdpb07kpvccdm","17":"pa_guerini_link_apple_ibook-9b-httpsitunesapplecomitbooks","18":"pa_guerini_link_bookrepublic-47-httpswwwbookrepublicitbook","19":"pa_guerini_link_google_play-2b-httpsplaygooglecomstoreboo","20":"pa_guerini_link_ibs-df-httpswwwibsitsense_respond","21":"pa_guerini_link_kobo-70-httpswwwkobocomititebookse","22":"pa_guerini_link_lafeltrinelli-0b-httpswwwlafeltrinelliitebo","23":"pa_guerini_link_mondadori-80-httpswwwmondadoristoreitse","24":"pa_guerini_link_rizzoli-a6-httpswwwlibreriarizzoliits","25":"pa_guerini_mondadori_link-98-httpswwwmondadoristoreitse","27":"first","28":"instock","29":"sale","30":"shipping-taxable","31":"purchasable","32":"product-type-simple"},"yoast_head":"<!-- This site is optimized with the Yoast SEO plugin v25.4 - https:\/\/yoast.com\/wordpress\/plugins\/seo\/ -->\n<title>Sense &amp; Respond - Guerini e Associati<\/title>\n<meta name=\"robots\" content=\"index, follow, max-snippet:-1, max-image-preview:large, max-video-preview:-1\" \/>\n<link rel=\"canonical\" href=\"https:\/\/www.guerini.it\/index.php\/prodotto\/sense-respond\/\" \/>\n<meta property=\"og:locale\" content=\"it_IT\" \/>\n<meta property=\"og:type\" content=\"article\" \/>\n<meta property=\"og:title\" content=\"Sense &amp; Respond - Guerini e Associati\" \/>\n<meta property=\"og:description\" content=\"Sense &amp; Respond \u2013 percepire e rispondere \u2013 \u00e8 una sintesi rivoluzionaria. Perch\u00e9 svela, attraverso casi aziendali, che il modo di pensare e di operare in molte organizzazioni \u00e8 figlio dell\u2019era industriale. Che \u00e8 finita. Niente \u00e8 pi\u00f9 come prima. Anche se non sembra. Siamo nell\u2019era digitale, epoca di discontinuit\u00e0 culturale prima ancora che tecnologica. Muoiono concetti che hanno funzionato da stella polare per generazioni di manager come, ad esempio, la previsione e pianificazione del futuro. La maggior parte delle aziende, per\u00f2, funziona come prima, considerando inevitabili quei problemi che, invece, derivano da uno scarto tra le nostre abitudini e la realt\u00e0. Ma da dove si parte e come si procede? Questo libro indica il punto di partenza e il metodo, con preziosi esempi di successo e fallimento. Dedicato alle aziende che vivono nell\u2019epoca digitale ma ancora agiscono come nell\u2019era industriale. Chi ha la responsabilit\u00e0 di guidare le organizzazioni, ha anche quella di cercare la nuova strada. Il libro \u00e8 stato pubblicato in lingua inglese da Harvard Business Review Press.\" \/>\n<meta property=\"og:url\" content=\"https:\/\/www.guerini.it\/index.php\/prodotto\/sense-respond\/\" \/>\n<meta property=\"og:site_name\" content=\"Guerini e Associati\" \/>\n<meta property=\"article:modified_time\" content=\"2024-06-12T12:38:27+00:00\" \/>\n<meta property=\"og:image\" content=\"https:\/\/www.guerini.it\/wp-content\/uploads\/2018\/11\/sense_respond_sito.jpg\" \/>\n\t<meta property=\"og:image:width\" content=\"226\" \/>\n\t<meta property=\"og:image:height\" content=\"353\" \/>\n\t<meta property=\"og:image:type\" content=\"image\/jpeg\" \/>\n<meta name=\"twitter:card\" content=\"summary_large_image\" \/>\n<meta name=\"twitter:label1\" content=\"Tempo di lettura stimato\" \/>\n\t<meta name=\"twitter:data1\" content=\"2 minuti\" \/>\n<!-- \/ Yoast SEO plugin. -->","yoast_head_json":{"title":"Sense & Respond - Guerini e Associati","robots":{"index":"index","follow":"follow","max-snippet":"max-snippet:-1","max-image-preview":"max-image-preview:large","max-video-preview":"max-video-preview:-1"},"canonical":"https:\/\/www.guerini.it\/index.php\/prodotto\/sense-respond\/","og_locale":"it_IT","og_type":"article","og_title":"Sense & Respond - Guerini e Associati","og_description":"Sense &amp; Respond \u2013 percepire e rispondere \u2013 \u00e8 una sintesi rivoluzionaria. Perch\u00e9 svela, attraverso casi aziendali, che il modo di pensare e di operare in molte organizzazioni \u00e8 figlio dell\u2019era industriale. Che \u00e8 finita. Niente \u00e8 pi\u00f9 come prima. Anche se non sembra. Siamo nell\u2019era digitale, epoca di discontinuit\u00e0 culturale prima ancora che tecnologica. Muoiono concetti che hanno funzionato da stella polare per generazioni di manager come, ad esempio, la previsione e pianificazione del futuro. La maggior parte delle aziende, per\u00f2, funziona come prima, considerando inevitabili quei problemi che, invece, derivano da uno scarto tra le nostre abitudini e la realt\u00e0. Ma da dove si parte e come si procede? Questo libro indica il punto di partenza e il metodo, con preziosi esempi di successo e fallimento. Dedicato alle aziende che vivono nell\u2019epoca digitale ma ancora agiscono come nell\u2019era industriale. Chi ha la responsabilit\u00e0 di guidare le organizzazioni, ha anche quella di cercare la nuova strada. Il libro \u00e8 stato pubblicato in lingua inglese da Harvard Business Review Press.","og_url":"https:\/\/www.guerini.it\/index.php\/prodotto\/sense-respond\/","og_site_name":"Guerini e Associati","article_modified_time":"2024-06-12T12:38:27+00:00","og_image":[{"width":226,"height":353,"url":"https:\/\/www.guerini.it\/wp-content\/uploads\/2018\/11\/sense_respond_sito.jpg","type":"image\/jpeg"}],"twitter_card":"summary_large_image","twitter_misc":{"Tempo di lettura stimato":"2 minuti"},"schema":{"@context":"https:\/\/schema.org","@graph":[{"@type":"WebPage","@id":"https:\/\/www.guerini.it\/index.php\/prodotto\/sense-respond\/","url":"https:\/\/www.guerini.it\/index.php\/prodotto\/sense-respond\/","name":"Sense & Respond - Guerini e Associati","isPartOf":{"@id":"https:\/\/www.guerini.it\/#website"},"primaryImageOfPage":{"@id":"https:\/\/www.guerini.it\/index.php\/prodotto\/sense-respond\/#primaryimage"},"image":{"@id":"https:\/\/www.guerini.it\/index.php\/prodotto\/sense-respond\/#primaryimage"},"thumbnailUrl":"https:\/\/www.guerini.it\/wp-content\/uploads\/2018\/11\/sense_respond_sito.jpg","datePublished":"2018-11-05T10:53:07+00:00","dateModified":"2024-06-12T12:38:27+00:00","breadcrumb":{"@id":"https:\/\/www.guerini.it\/index.php\/prodotto\/sense-respond\/#breadcrumb"},"inLanguage":"it-IT","potentialAction":[{"@type":"ReadAction","target":["https:\/\/www.guerini.it\/index.php\/prodotto\/sense-respond\/"]}]},{"@type":"ImageObject","inLanguage":"it-IT","@id":"https:\/\/www.guerini.it\/index.php\/prodotto\/sense-respond\/#primaryimage","url":"https:\/\/www.guerini.it\/wp-content\/uploads\/2018\/11\/sense_respond_sito.jpg","contentUrl":"https:\/\/www.guerini.it\/wp-content\/uploads\/2018\/11\/sense_respond_sito.jpg","width":226,"height":353,"caption":"Sense & Respond"},{"@type":"BreadcrumbList","@id":"https:\/\/www.guerini.it\/index.php\/prodotto\/sense-respond\/#breadcrumb","itemListElement":[{"@type":"ListItem","position":1,"name":"Home","item":"https:\/\/www.guerini.it\/"},{"@type":"ListItem","position":2,"name":"Catalogo","item":"https:\/\/www.guerini.it\/index.php\/negozio\/"},{"@type":"ListItem","position":3,"name":"Sense &#038; Respond"}]},{"@type":"WebSite","@id":"https:\/\/www.guerini.it\/#website","url":"https:\/\/www.guerini.it\/","name":"Guerini e Associati","description":"30 anni di libri, idee e libert\u00e0","publisher":{"@id":"https:\/\/www.guerini.it\/#organization"},"potentialAction":[{"@type":"SearchAction","target":{"@type":"EntryPoint","urlTemplate":"https:\/\/www.guerini.it\/?s={search_term_string}"},"query-input":{"@type":"PropertyValueSpecification","valueRequired":true,"valueName":"search_term_string"}}],"inLanguage":"it-IT"},{"@type":"Organization","@id":"https:\/\/www.guerini.it\/#organization","name":"Guerini e Associati","url":"https:\/\/www.guerini.it\/","logo":{"@type":"ImageObject","inLanguage":"it-IT","@id":"https:\/\/www.guerini.it\/#\/schema\/logo\/image\/","url":"https:\/\/www.guerini.it\/wp-content\/uploads\/2021\/03\/Logo-Guerini-OK_-e1615831292285.png","contentUrl":"https:\/\/www.guerini.it\/wp-content\/uploads\/2021\/03\/Logo-Guerini-OK_-e1615831292285.png","width":2805,"height":1870,"caption":"Guerini e Associati"},"image":{"@id":"https:\/\/www.guerini.it\/#\/schema\/logo\/image\/"}}]}},"_links":{"self":[{"href":"https:\/\/www.guerini.it\/index.php\/wp-json\/wp\/v2\/product\/16196","targetHints":{"allow":["GET"]}}],"collection":[{"href":"https:\/\/www.guerini.it\/index.php\/wp-json\/wp\/v2\/product"}],"about":[{"href":"https:\/\/www.guerini.it\/index.php\/wp-json\/wp\/v2\/types\/product"}],"wp:featuredmedia":[{"embeddable":true,"href":"https:\/\/www.guerini.it\/index.php\/wp-json\/wp\/v2\/media\/16195"}],"wp:attachment":[{"href":"https:\/\/www.guerini.it\/index.php\/wp-json\/wp\/v2\/media?parent=16196"}],"wp:term":[{"taxonomy":"product_brand","embeddable":true,"href":"https:\/\/www.guerini.it\/index.php\/wp-json\/wp\/v2\/product_brand?post=16196"},{"taxonomy":"product_cat","embeddable":true,"href":"https:\/\/www.guerini.it\/index.php\/wp-json\/wp\/v2\/product_cat?post=16196"},{"taxonomy":"product_tag","embeddable":true,"href":"https:\/\/www.guerini.it\/index.php\/wp-json\/wp\/v2\/product_tag?post=16196"}],"curies":[{"name":"wp","href":"https:\/\/api.w.org\/{rel}","templated":true}]}}