{"id":16200,"date":"2018-11-06T09:03:07","date_gmt":"2018-11-06T08:03:07","guid":{"rendered":"https:\/\/test.guerini.it\/?product=banca-tech"},"modified":"2024-06-12T14:41:01","modified_gmt":"2024-06-12T12:41:01","slug":"banca-tech","status":"publish","type":"product","link":"https:\/\/www.guerini.it\/index.php\/prodotto\/banca-tech\/","title":{"rendered":"Banca Tech"},"content":{"rendered":"<p style=\"text-align: center;\"><strong>Niente sar\u00e0 pi\u00f9 come prima<\/strong><\/p>\n<p style=\"text-align: justify;\">Fra dieci anni esisteranno ancora le banche? O la tecnologia le spazzer\u00e0 via per sempre?<br \/>\nIl rischio \u00e8 concreto e la rapidit\u00e0 con cui evolve il settore del fintech alimenta il dubbio. Il settore, che da secoli \u00e8 al centro del sistema capitalistico, alimentando progetti e promuovendo innovazione, rischia di cambiare profondamente, addirittura di scomparire. Prestare denaro all\u2019epoca dei cosiddetti tassi zero, non \u00e8 pi\u00f9 remunerativo. Trasferire denaro \u2013 operazione che per anni ha fruttato laute commissioni \u2013 \u00e8 diventato un gioco da ragazzi: basta una \u00abapp\u00bb per superare ostacoli spazio-temporali. Cos\u00ec agli istituti di credito negli ultimi dieci anni si \u00e8 ristretto il perimetro della operativit\u00e0. E nel prossimo decennio? Undici protagonisti del credito rispondono agli interrogativi sul futuro del settore.<br \/>\nUna cosa \u00e8 certa, se le banche sopravviveranno saranno molto diverse da come le abbiamo conosciute.<\/p>\n<p style=\"text-align: justify;\">Da un\u2019idea di Liuc \u2013 Universit\u00e0 Cattaneo, Fondazione Corriere della Sera e L\u2019Economia, con il contributo di Fondazione Comunitaria del Varesotto, Aifi (Associazione Italiana del Private Equity, Venture Capital e Private Debt) e Kpmg, \u00e8 nato \u00abBanca Impresa 2030\u00bb, Osservatorio sul cambiamento del rapporto tra banca e impresa, alla luce del continuo progresso tecnologico registrato negli ultimi anni. Lo Steering Committee dell\u2019Osservatorio, incaricato di promuovere e moderare gli incontri tematici previsti, \u00e8 composto da Anna Gervasoni, Anna Maria Tarantola, Giovanni Gorno Tempini, Daniele Manca e Stefano Righi.<\/p>\n<div class=\"woocommerce-tabs wc-tabs-wrapper\">\n<div id=\"tab-description\" class=\"woocommerce-Tabs-panel woocommerce-Tabs-panel--description panel entry-content wc-tab\" role=\"tabpanel\" aria-labelledby=\"tab-title-description\">\n<p>Il volume fa parte della collana\u00a0<a href=\"https:\/\/www.guerini.it\/index.php\/categoria-prodotto\/default-category\/economia-e-management\/guerini4-0\/\"><em>Guerini 4.0<\/em><\/a>.<\/p>\n<\/div>\n<\/div>\n<hr \/>\n<p style=\"text-align: justify;\"><strong>Annalisa Caccavale<\/strong> (Termoli, 1973). Con una laurea in Giurisprudenza e un master presso l\u2019Alta scuola di Relazioni Internazionali dell\u2019Universit\u00e0 Cattolica, arriva in Aifi nel 2012 per seguirne l\u2019ufficio stampa, l&#8217;organizzazione eventi e la comunicazione.<\/p>\n<p style=\"text-align: justify;\"><strong>Stefano Righi<\/strong> (Padova, 1962). Giornalista. Lavora al Corriere della Sera, dove segue temi di finanza e il settore bancario. Per Guerini ha scritto <em>Reazione chimica<\/em> (2011) e <em>Il grande imbroglio<\/em> (2016), dedicato ai crac nel mondo del credito.<\/p>\n<p style=\"text-align: justify;\">Contributi di Giuseppe Castagna, Massimo Antonio Doris, Giampiero Maioli, Victor Massiah, Carlo Messina, Marco Morelli, Gian Maria Mossa, Andrea Munari, Jean Pierre Mustier, Pietro Sella e Alessandro Vandelli.<\/p>\n<p style=\"text-align: justify;\"><strong>Permalink:\u00a0<a href=\"http:\/\/digital.casalini.it\/9788881953172\" target=\"_blank\" rel=\"noopener\">http:\/\/digital.casalini.it\/9788881953172<\/a><\/strong><\/p>\n","protected":false},"excerpt":{"rendered":"<p style=\"text-align: center;\"><strong>Niente sar\u00e0 pi\u00f9 come prima<\/strong><\/p>\n<p style=\"text-align: justify;\">Fra dieci anni esisteranno ancora le banche? O la tecnologia le spazzer\u00e0 via per sempre?<br \/>\nIl rischio \u00e8 concreto e la rapidit\u00e0 con cui evolve il settore del fintech alimenta il dubbio. Il settore, che da secoli \u00e8 al centro del sistema capitalistico, alimentando progetti e promuovendo innovazione, rischia di cambiare profondamente, addirittura di scomparire. Prestare denaro all\u2019epoca dei cosiddetti tassi zero, non \u00e8 pi\u00f9 remunerativo. Trasferire denaro \u2013 operazione che per anni ha fruttato laute commissioni \u2013 \u00e8 diventato un gioco da ragazzi: basta una \u00abapp\u00bb per superare ostacoli spazio-temporali. Cos\u00ec agli istituti di credito negli ultimi dieci anni si \u00e8 ristretto il perimetro della operativit\u00e0. E nel prossimo decennio? Undici protagonisti del credito rispondono agli interrogativi sul futuro del settore.<br \/>\nUna cosa \u00e8 certa, se le banche sopravviveranno saranno molto diverse da come le abbiamo conosciute.<\/p>\n<p style=\"text-align: justify;\">Da un\u2019idea di Liuc \u2013 Universit\u00e0 Cattaneo, Fondazione Corriere della Sera e L\u2019Economia, con il contributo di Fondazione Comunitaria del Varesotto, Aifi (Associazione Italiana del Private Equity, Venture Capital e Private Debt) e Kpmg, \u00e8 nato \u00abBanca Impresa 2030\u00bb, Osservatorio sul cambiamento del rapporto tra banca e impresa, alla luce del continuo progresso tecnologico registrato negli ultimi anni. Lo Steering Committee dell\u2019Osservatorio, incaricato di promuovere e moderare gli incontri tematici previsti, \u00e8 composto da Anna Gervasoni, Anna Maria Tarantola, Giovanni Gorno Tempini, Daniele Manca e Stefano Righi.<\/p>\n","protected":false},"featured_media":23773,"template":"","meta":{"_editorskit_title_hidden":false,"_editorskit_reading_time":0,"_editorskit_is_block_options_detached":false,"_editorskit_block_options_position":"{}","_monsterinsights_skip_tracking":false,"_monsterinsights_sitenote_active":false,"_monsterinsights_sitenote_note":"","_monsterinsights_sitenote_category":0},"product_brand":[],"product_cat":[6529,6699],"product_tag":[6763,7049,10637,6761,10645,6750],"class_list":{"0":"post-16200","1":"product","2":"type-product","3":"status-publish","4":"has-post-thumbnail","6":"product_cat-economia-e-management","7":"product_cat-guerini4-0","8":"product_tag-banche","9":"product_tag-capitalismo","10":"product_tag-digital-disruption","11":"product_tag-fintech","12":"product_tag-sistema-bancario","13":"product_tag-tecnologia","14":"pa_guerini_amazon_link-c9-httpswwwamazonitrivoluzion","15":"pa_guerini_feltrinelli_link-https-www-lafeltrinelli-it-banca-tech-rivoluzione-tecnologica-nel-libro-annalisa-caccavale-stefano-righi-e-9788862507325","16":"pa_guerini_ibs_link-31-httpswwwibsitbanca_tech_ri","17":"pa_guerini_libruniver_link-fb-httpswwwlibreriauniversita","18":"pa_guerini_link_amazon-httpswwwamazonitdpb07kfbhjsb","19":"pa_guerini_link_apple_ibook-ac-httpsitunesapplecomitbookb","20":"pa_guerini_link_google_play-df-httpsplaygooglecomstoreboo","21":"pa_guerini_link_kobo-59-httpswwwkobocomitfrebookba","22":"pa_guerini_link_lafeltrinelli-9c-httpswwwlafeltrinelliitebo","23":"pa_guerini_link_mondadori-66-httpswwwmondadoristoreitba","24":"pa_guerini_link_rizzoli-38-httpswwwlibreriarizzoliitb","25":"pa_guerini_mondadori_link-2f-httpswwwmondadoristoreitba","27":"first","28":"instock","29":"sale","30":"shipping-taxable","31":"purchasable","32":"product-type-simple"},"yoast_head":"<!-- This site is optimized with the Yoast SEO plugin v25.4 - https:\/\/yoast.com\/wordpress\/plugins\/seo\/ -->\n<title>Banca Tech - Guerini e Associati<\/title>\n<meta name=\"robots\" content=\"index, follow, max-snippet:-1, max-image-preview:large, max-video-preview:-1\" \/>\n<link rel=\"canonical\" href=\"https:\/\/www.guerini.it\/index.php\/prodotto\/banca-tech\/\" \/>\n<meta property=\"og:locale\" content=\"it_IT\" \/>\n<meta property=\"og:type\" content=\"article\" \/>\n<meta property=\"og:title\" content=\"Banca Tech - Guerini e Associati\" \/>\n<meta property=\"og:description\" content=\"Niente sar\u00e0 pi\u00f9 come prima Fra dieci anni esisteranno ancora le banche? O la tecnologia le spazzer\u00e0 via per sempre? Il rischio \u00e8 concreto e la rapidit\u00e0 con cui evolve il settore del fintech alimenta il dubbio. Il settore, che da secoli \u00e8 al centro del sistema capitalistico, alimentando progetti e promuovendo innovazione, rischia di cambiare profondamente, addirittura di scomparire. Prestare denaro all\u2019epoca dei cosiddetti tassi zero, non \u00e8 pi\u00f9 remunerativo. Trasferire denaro \u2013 operazione che per anni ha fruttato laute commissioni \u2013 \u00e8 diventato un gioco da ragazzi: basta una \u00abapp\u00bb per superare ostacoli spazio-temporali. Cos\u00ec agli istituti di credito negli ultimi dieci anni si \u00e8 ristretto il perimetro della operativit\u00e0. E nel prossimo decennio? Undici protagonisti del credito rispondono agli interrogativi sul futuro del settore. Una cosa \u00e8 certa, se le banche sopravviveranno saranno molto diverse da come le abbiamo conosciute. Da un\u2019idea di Liuc \u2013 Universit\u00e0 Cattaneo, Fondazione Corriere della Sera e L\u2019Economia, con il contributo di Fondazione Comunitaria del Varesotto, Aifi (Associazione Italiana del Private Equity, Venture Capital e Private Debt) e Kpmg, \u00e8 nato \u00abBanca Impresa 2030\u00bb, Osservatorio sul cambiamento del rapporto tra banca e impresa, alla luce del continuo progresso tecnologico registrato negli ultimi anni. Lo Steering Committee dell\u2019Osservatorio, incaricato di promuovere e moderare gli incontri tematici previsti, \u00e8 composto da Anna Gervasoni, Anna Maria Tarantola, Giovanni Gorno Tempini, Daniele Manca e Stefano Righi.\" \/>\n<meta property=\"og:url\" content=\"https:\/\/www.guerini.it\/index.php\/prodotto\/banca-tech\/\" \/>\n<meta property=\"og:site_name\" content=\"Guerini e Associati\" \/>\n<meta property=\"article:modified_time\" content=\"2024-06-12T12:41:01+00:00\" \/>\n<meta property=\"og:image\" content=\"https:\/\/www.guerini.it\/wp-content\/uploads\/2018\/11\/Banca-tech.webp\" \/>\n\t<meta property=\"og:image:width\" content=\"666\" \/>\n\t<meta property=\"og:image:height\" content=\"1000\" \/>\n\t<meta property=\"og:image:type\" content=\"image\/webp\" \/>\n<meta name=\"twitter:card\" content=\"summary_large_image\" \/>\n<meta name=\"twitter:label1\" content=\"Tempo di lettura stimato\" \/>\n\t<meta name=\"twitter:data1\" content=\"2 minuti\" \/>\n<!-- \/ Yoast SEO plugin. -->","yoast_head_json":{"title":"Banca Tech - Guerini e Associati","robots":{"index":"index","follow":"follow","max-snippet":"max-snippet:-1","max-image-preview":"max-image-preview:large","max-video-preview":"max-video-preview:-1"},"canonical":"https:\/\/www.guerini.it\/index.php\/prodotto\/banca-tech\/","og_locale":"it_IT","og_type":"article","og_title":"Banca Tech - Guerini e Associati","og_description":"Niente sar\u00e0 pi\u00f9 come prima Fra dieci anni esisteranno ancora le banche? O la tecnologia le spazzer\u00e0 via per sempre? Il rischio \u00e8 concreto e la rapidit\u00e0 con cui evolve il settore del fintech alimenta il dubbio. Il settore, che da secoli \u00e8 al centro del sistema capitalistico, alimentando progetti e promuovendo innovazione, rischia di cambiare profondamente, addirittura di scomparire. Prestare denaro all\u2019epoca dei cosiddetti tassi zero, non \u00e8 pi\u00f9 remunerativo. Trasferire denaro \u2013 operazione che per anni ha fruttato laute commissioni \u2013 \u00e8 diventato un gioco da ragazzi: basta una \u00abapp\u00bb per superare ostacoli spazio-temporali. Cos\u00ec agli istituti di credito negli ultimi dieci anni si \u00e8 ristretto il perimetro della operativit\u00e0. E nel prossimo decennio? Undici protagonisti del credito rispondono agli interrogativi sul futuro del settore. Una cosa \u00e8 certa, se le banche sopravviveranno saranno molto diverse da come le abbiamo conosciute. Da un\u2019idea di Liuc \u2013 Universit\u00e0 Cattaneo, Fondazione Corriere della Sera e L\u2019Economia, con il contributo di Fondazione Comunitaria del Varesotto, Aifi (Associazione Italiana del Private Equity, Venture Capital e Private Debt) e Kpmg, \u00e8 nato \u00abBanca Impresa 2030\u00bb, Osservatorio sul cambiamento del rapporto tra banca e impresa, alla luce del continuo progresso tecnologico registrato negli ultimi anni. Lo Steering Committee dell\u2019Osservatorio, incaricato di promuovere e moderare gli incontri tematici previsti, \u00e8 composto da Anna Gervasoni, Anna Maria Tarantola, Giovanni Gorno Tempini, Daniele Manca e Stefano Righi.","og_url":"https:\/\/www.guerini.it\/index.php\/prodotto\/banca-tech\/","og_site_name":"Guerini e Associati","article_modified_time":"2024-06-12T12:41:01+00:00","og_image":[{"width":666,"height":1000,"url":"https:\/\/www.guerini.it\/wp-content\/uploads\/2018\/11\/Banca-tech.webp","type":"image\/webp"}],"twitter_card":"summary_large_image","twitter_misc":{"Tempo di lettura stimato":"2 minuti"},"schema":{"@context":"https:\/\/schema.org","@graph":[{"@type":"WebPage","@id":"https:\/\/www.guerini.it\/index.php\/prodotto\/banca-tech\/","url":"https:\/\/www.guerini.it\/index.php\/prodotto\/banca-tech\/","name":"Banca Tech - Guerini e Associati","isPartOf":{"@id":"https:\/\/www.guerini.it\/#website"},"primaryImageOfPage":{"@id":"https:\/\/www.guerini.it\/index.php\/prodotto\/banca-tech\/#primaryimage"},"image":{"@id":"https:\/\/www.guerini.it\/index.php\/prodotto\/banca-tech\/#primaryimage"},"thumbnailUrl":"https:\/\/www.guerini.it\/wp-content\/uploads\/2018\/11\/Banca-tech.webp","datePublished":"2018-11-06T08:03:07+00:00","dateModified":"2024-06-12T12:41:01+00:00","breadcrumb":{"@id":"https:\/\/www.guerini.it\/index.php\/prodotto\/banca-tech\/#breadcrumb"},"inLanguage":"it-IT","potentialAction":[{"@type":"ReadAction","target":["https:\/\/www.guerini.it\/index.php\/prodotto\/banca-tech\/"]}]},{"@type":"ImageObject","inLanguage":"it-IT","@id":"https:\/\/www.guerini.it\/index.php\/prodotto\/banca-tech\/#primaryimage","url":"https:\/\/www.guerini.it\/wp-content\/uploads\/2018\/11\/Banca-tech.webp","contentUrl":"https:\/\/www.guerini.it\/wp-content\/uploads\/2018\/11\/Banca-tech.webp","width":666,"height":1000,"caption":"Copertina del volume Banca Tech, Guerini e Associati, 2018"},{"@type":"BreadcrumbList","@id":"https:\/\/www.guerini.it\/index.php\/prodotto\/banca-tech\/#breadcrumb","itemListElement":[{"@type":"ListItem","position":1,"name":"Home","item":"https:\/\/www.guerini.it\/"},{"@type":"ListItem","position":2,"name":"Catalogo","item":"https:\/\/www.guerini.it\/index.php\/negozio\/"},{"@type":"ListItem","position":3,"name":"Banca Tech"}]},{"@type":"WebSite","@id":"https:\/\/www.guerini.it\/#website","url":"https:\/\/www.guerini.it\/","name":"Guerini e Associati","description":"30 anni di libri, idee e libert\u00e0","publisher":{"@id":"https:\/\/www.guerini.it\/#organization"},"potentialAction":[{"@type":"SearchAction","target":{"@type":"EntryPoint","urlTemplate":"https:\/\/www.guerini.it\/?s={search_term_string}"},"query-input":{"@type":"PropertyValueSpecification","valueRequired":true,"valueName":"search_term_string"}}],"inLanguage":"it-IT"},{"@type":"Organization","@id":"https:\/\/www.guerini.it\/#organization","name":"Guerini e Associati","url":"https:\/\/www.guerini.it\/","logo":{"@type":"ImageObject","inLanguage":"it-IT","@id":"https:\/\/www.guerini.it\/#\/schema\/logo\/image\/","url":"https:\/\/www.guerini.it\/wp-content\/uploads\/2021\/03\/Logo-Guerini-OK_-e1615831292285.png","contentUrl":"https:\/\/www.guerini.it\/wp-content\/uploads\/2021\/03\/Logo-Guerini-OK_-e1615831292285.png","width":2805,"height":1870,"caption":"Guerini e Associati"},"image":{"@id":"https:\/\/www.guerini.it\/#\/schema\/logo\/image\/"}}]}},"_links":{"self":[{"href":"https:\/\/www.guerini.it\/index.php\/wp-json\/wp\/v2\/product\/16200","targetHints":{"allow":["GET"]}}],"collection":[{"href":"https:\/\/www.guerini.it\/index.php\/wp-json\/wp\/v2\/product"}],"about":[{"href":"https:\/\/www.guerini.it\/index.php\/wp-json\/wp\/v2\/types\/product"}],"wp:featuredmedia":[{"embeddable":true,"href":"https:\/\/www.guerini.it\/index.php\/wp-json\/wp\/v2\/media\/23773"}],"wp:attachment":[{"href":"https:\/\/www.guerini.it\/index.php\/wp-json\/wp\/v2\/media?parent=16200"}],"wp:term":[{"taxonomy":"product_brand","embeddable":true,"href":"https:\/\/www.guerini.it\/index.php\/wp-json\/wp\/v2\/product_brand?post=16200"},{"taxonomy":"product_cat","embeddable":true,"href":"https:\/\/www.guerini.it\/index.php\/wp-json\/wp\/v2\/product_cat?post=16200"},{"taxonomy":"product_tag","embeddable":true,"href":"https:\/\/www.guerini.it\/index.php\/wp-json\/wp\/v2\/product_tag?post=16200"}],"curies":[{"name":"wp","href":"https:\/\/api.w.org\/{rel}","templated":true}]}}