{"id":16212,"date":"2018-11-29T10:02:40","date_gmt":"2018-11-29T09:02:40","guid":{"rendered":"https:\/\/test.guerini.it\/?product=jobs-app"},"modified":"2024-06-12T14:38:24","modified_gmt":"2024-06-12T12:38:24","slug":"jobs-app","status":"publish","type":"product","link":"https:\/\/www.guerini.it\/index.php\/prodotto\/jobs-app\/","title":{"rendered":"Jobs App"},"content":{"rendered":"<p style=\"text-align: justify;\">Lavoratori autonomi e freelance ma con alcune caratteristiche del lavoro dipendente. Questa \u00e8 l\u2019identit\u00e0 delle nuove forme di lavoro mediate da una app. La cosiddetta \u00abapp economy\u00bb \u00e8 un modello che si basa su un rapporto discontinuo e <em>on demand<\/em>, dipendente cio\u00e8 dalla richiesta e mediato da piattaforme digitali e app dedicate.<br \/>\nMa se applicassimo le regole del lavoro dipendente alla app economy otterremmo un unico risultato: la sua scomparsa. Quali soluzioni giuridiche e organizzative possono dunque funzionare per una tipologia di lavoro cos\u00ec distante dalle forme pi\u00f9 consuete dell\u2019impiego?<br \/>\nSi tratta quindi di regolamentare uno dei settori emergenti della nuova economia, trovando un terreno comune per un lavoro che non \u00e8 dipendente, ma neanche totalmente autonomo. Dal punto di vista manageriale, affrontare la convivenza di tipologie di impiego cos\u00ec eterogenee, significa scommettere su nuove forme di organizzazione, gestite da dinamiche pi\u00f9 collaborative, meno verticalizzate e maggiormente responsabilizzanti. Questo \u00e8 il Jobs App.<\/p>\n<hr \/>\n<p style=\"text-align: justify;\"><strong>Francesco Rotondi <\/strong>\u00e8 socio fondatore di LabLaw, Studio Legale specializzato in temi giuslavoristi tra i pi\u00f9 famosi in Italia. Ha ricevuto numerosi riconoscimenti a livello nazionale e internazionale ed \u00e8, inoltre, professore a contratto di Diritto del Lavoro presso l\u2019Universit\u00e0 Liuc di Castellanza.<\/p>\n<p style=\"text-align: justify;\"><strong>Luca Solari<\/strong>, tra i massimi esperti italiani di <em>digital transformation<\/em>, insegna Organizzazione aziendale presso l\u2019Universit\u00e0 degli Studi di Milano. Ideatore di ThickLayers Lab, svolge attivit\u00e0 di consulenza presso aziende italiane e multinazionali.<\/p>\n","protected":false},"excerpt":{"rendered":"<p style=\"text-align: justify;\">Lavoratori autonomi e freelance ma con alcune caratteristiche del lavoro dipendente. Questa \u00e8 l\u2019identit\u00e0 delle nuove forme di lavoro mediate da una app. La cosiddetta \u00abapp economy\u00bb \u00e8 un modello che si basa su un rapporto discontinuo e <em>on demand<\/em>, dipendente cio\u00e8 dalla richiesta e mediato da piattaforme digitali e app dedicate. Ma se applicassimo le regole del lavoro dipendente alla app economy otterremmo un unico risultato: la sua scomparsa. Quali soluzioni giuridiche e organizzative possono dunque funzionare per una tipologia di lavoro cos\u00ec distante dalle forme pi\u00f9 consuete dell\u2019impiego? Si tratta quindi di regolamentare uno dei settori emergenti della nuova economia, trovando un terreno comune per un lavoro che non \u00e8 dipendente, ma neanche totalmente autonomo. Dal punto di vista manageriale, affrontare la convivenza di tipologie di impiego cos\u00ec eterogenee, significa scommettere su nuove forme di organizzazione, gestite da dinamiche pi\u00f9 collaborative, meno verticalizzate e maggiormente responsabilizzanti. Questo \u00e8 il Jobs App.<\/p>\n","protected":false},"featured_media":16211,"template":"","meta":{"_editorskit_title_hidden":false,"_editorskit_reading_time":0,"_editorskit_is_block_options_detached":false,"_editorskit_block_options_position":"{}","_monsterinsights_skip_tracking":false,"_monsterinsights_sitenote_active":false,"_monsterinsights_sitenote_note":"","_monsterinsights_sitenote_category":0},"product_brand":[],"product_cat":[6805,6529],"product_tag":[],"class_list":{"0":"post-16212","1":"product","2":"type-product","3":"status-publish","4":"has-post-thumbnail","6":"product_cat-guerini-next","7":"product_cat-economia-e-management","8":"pa_fulfillment-default","9":"pa_guerini_amazon_link-f5-httpswwwamazonitjobs_app_f","10":"pa_guerini_feltrinelli_link-6b-httpswwwlafeltrinelliitlib","11":"pa_guerini_ibs_link-fa-httpswwwibsitjobs_app_libr","12":"pa_guerini_libruniver_link-5f-httpswwwlibreriauniversita","13":"pa_guerini_mondadori_link-21-httpswwwmondadoristoreitjo","15":"first","16":"instock","17":"sale","18":"shipping-taxable","19":"purchasable","20":"product-type-simple"},"yoast_head":"<!-- This site is optimized with the Yoast SEO plugin v25.4 - https:\/\/yoast.com\/wordpress\/plugins\/seo\/ -->\n<title>Jobs App - Guerini e Associati<\/title>\n<meta name=\"robots\" content=\"index, follow, max-snippet:-1, max-image-preview:large, max-video-preview:-1\" \/>\n<link rel=\"canonical\" href=\"https:\/\/www.guerini.it\/index.php\/prodotto\/jobs-app\/\" \/>\n<meta property=\"og:locale\" content=\"it_IT\" \/>\n<meta property=\"og:type\" content=\"article\" \/>\n<meta property=\"og:title\" content=\"Jobs App - Guerini e Associati\" \/>\n<meta property=\"og:description\" content=\"Lavoratori autonomi e freelance ma con alcune caratteristiche del lavoro dipendente. Questa \u00e8 l\u2019identit\u00e0 delle nuove forme di lavoro mediate da una app. La cosiddetta \u00abapp economy\u00bb \u00e8 un modello che si basa su un rapporto discontinuo e on demand, dipendente cio\u00e8 dalla richiesta e mediato da piattaforme digitali e app dedicate. Ma se applicassimo le regole del lavoro dipendente alla app economy otterremmo un unico risultato: la sua scomparsa. Quali soluzioni giuridiche e organizzative possono dunque funzionare per una tipologia di lavoro cos\u00ec distante dalle forme pi\u00f9 consuete dell\u2019impiego? Si tratta quindi di regolamentare uno dei settori emergenti della nuova economia, trovando un terreno comune per un lavoro che non \u00e8 dipendente, ma neanche totalmente autonomo. Dal punto di vista manageriale, affrontare la convivenza di tipologie di impiego cos\u00ec eterogenee, significa scommettere su nuove forme di organizzazione, gestite da dinamiche pi\u00f9 collaborative, meno verticalizzate e maggiormente responsabilizzanti. Questo \u00e8 il Jobs App.\" \/>\n<meta property=\"og:url\" content=\"https:\/\/www.guerini.it\/index.php\/prodotto\/jobs-app\/\" \/>\n<meta property=\"og:site_name\" content=\"Guerini e Associati\" \/>\n<meta property=\"article:modified_time\" content=\"2024-06-12T12:38:24+00:00\" \/>\n<meta property=\"og:image\" content=\"https:\/\/www.guerini.it\/wp-content\/uploads\/2018\/11\/jobs_app_sito.jpg\" \/>\n\t<meta property=\"og:image:width\" content=\"217\" \/>\n\t<meta property=\"og:image:height\" content=\"353\" \/>\n\t<meta property=\"og:image:type\" content=\"image\/jpeg\" \/>\n<meta name=\"twitter:card\" content=\"summary_large_image\" \/>\n<meta name=\"twitter:label1\" content=\"Tempo di lettura stimato\" \/>\n\t<meta name=\"twitter:data1\" content=\"2 minuti\" \/>\n<!-- \/ Yoast SEO plugin. -->","yoast_head_json":{"title":"Jobs App - Guerini e Associati","robots":{"index":"index","follow":"follow","max-snippet":"max-snippet:-1","max-image-preview":"max-image-preview:large","max-video-preview":"max-video-preview:-1"},"canonical":"https:\/\/www.guerini.it\/index.php\/prodotto\/jobs-app\/","og_locale":"it_IT","og_type":"article","og_title":"Jobs App - Guerini e Associati","og_description":"Lavoratori autonomi e freelance ma con alcune caratteristiche del lavoro dipendente. Questa \u00e8 l\u2019identit\u00e0 delle nuove forme di lavoro mediate da una app. La cosiddetta \u00abapp economy\u00bb \u00e8 un modello che si basa su un rapporto discontinuo e on demand, dipendente cio\u00e8 dalla richiesta e mediato da piattaforme digitali e app dedicate. Ma se applicassimo le regole del lavoro dipendente alla app economy otterremmo un unico risultato: la sua scomparsa. Quali soluzioni giuridiche e organizzative possono dunque funzionare per una tipologia di lavoro cos\u00ec distante dalle forme pi\u00f9 consuete dell\u2019impiego? Si tratta quindi di regolamentare uno dei settori emergenti della nuova economia, trovando un terreno comune per un lavoro che non \u00e8 dipendente, ma neanche totalmente autonomo. Dal punto di vista manageriale, affrontare la convivenza di tipologie di impiego cos\u00ec eterogenee, significa scommettere su nuove forme di organizzazione, gestite da dinamiche pi\u00f9 collaborative, meno verticalizzate e maggiormente responsabilizzanti. Questo \u00e8 il Jobs App.","og_url":"https:\/\/www.guerini.it\/index.php\/prodotto\/jobs-app\/","og_site_name":"Guerini e Associati","article_modified_time":"2024-06-12T12:38:24+00:00","og_image":[{"width":217,"height":353,"url":"https:\/\/www.guerini.it\/wp-content\/uploads\/2018\/11\/jobs_app_sito.jpg","type":"image\/jpeg"}],"twitter_card":"summary_large_image","twitter_misc":{"Tempo di lettura stimato":"2 minuti"},"schema":{"@context":"https:\/\/schema.org","@graph":[{"@type":"WebPage","@id":"https:\/\/www.guerini.it\/index.php\/prodotto\/jobs-app\/","url":"https:\/\/www.guerini.it\/index.php\/prodotto\/jobs-app\/","name":"Jobs App - Guerini e Associati","isPartOf":{"@id":"https:\/\/www.guerini.it\/#website"},"primaryImageOfPage":{"@id":"https:\/\/www.guerini.it\/index.php\/prodotto\/jobs-app\/#primaryimage"},"image":{"@id":"https:\/\/www.guerini.it\/index.php\/prodotto\/jobs-app\/#primaryimage"},"thumbnailUrl":"https:\/\/www.guerini.it\/wp-content\/uploads\/2018\/11\/jobs_app_sito.jpg","datePublished":"2018-11-29T09:02:40+00:00","dateModified":"2024-06-12T12:38:24+00:00","breadcrumb":{"@id":"https:\/\/www.guerini.it\/index.php\/prodotto\/jobs-app\/#breadcrumb"},"inLanguage":"it-IT","potentialAction":[{"@type":"ReadAction","target":["https:\/\/www.guerini.it\/index.php\/prodotto\/jobs-app\/"]}]},{"@type":"ImageObject","inLanguage":"it-IT","@id":"https:\/\/www.guerini.it\/index.php\/prodotto\/jobs-app\/#primaryimage","url":"https:\/\/www.guerini.it\/wp-content\/uploads\/2018\/11\/jobs_app_sito.jpg","contentUrl":"https:\/\/www.guerini.it\/wp-content\/uploads\/2018\/11\/jobs_app_sito.jpg","width":217,"height":353,"caption":"Jobs App"},{"@type":"BreadcrumbList","@id":"https:\/\/www.guerini.it\/index.php\/prodotto\/jobs-app\/#breadcrumb","itemListElement":[{"@type":"ListItem","position":1,"name":"Home","item":"https:\/\/www.guerini.it\/"},{"@type":"ListItem","position":2,"name":"Catalogo","item":"https:\/\/www.guerini.it\/index.php\/negozio\/"},{"@type":"ListItem","position":3,"name":"Jobs App"}]},{"@type":"WebSite","@id":"https:\/\/www.guerini.it\/#website","url":"https:\/\/www.guerini.it\/","name":"Guerini e Associati","description":"30 anni di libri, idee e libert\u00e0","publisher":{"@id":"https:\/\/www.guerini.it\/#organization"},"potentialAction":[{"@type":"SearchAction","target":{"@type":"EntryPoint","urlTemplate":"https:\/\/www.guerini.it\/?s={search_term_string}"},"query-input":{"@type":"PropertyValueSpecification","valueRequired":true,"valueName":"search_term_string"}}],"inLanguage":"it-IT"},{"@type":"Organization","@id":"https:\/\/www.guerini.it\/#organization","name":"Guerini e Associati","url":"https:\/\/www.guerini.it\/","logo":{"@type":"ImageObject","inLanguage":"it-IT","@id":"https:\/\/www.guerini.it\/#\/schema\/logo\/image\/","url":"https:\/\/www.guerini.it\/wp-content\/uploads\/2021\/03\/Logo-Guerini-OK_-e1615831292285.png","contentUrl":"https:\/\/www.guerini.it\/wp-content\/uploads\/2021\/03\/Logo-Guerini-OK_-e1615831292285.png","width":2805,"height":1870,"caption":"Guerini e Associati"},"image":{"@id":"https:\/\/www.guerini.it\/#\/schema\/logo\/image\/"}}]}},"_links":{"self":[{"href":"https:\/\/www.guerini.it\/index.php\/wp-json\/wp\/v2\/product\/16212","targetHints":{"allow":["GET"]}}],"collection":[{"href":"https:\/\/www.guerini.it\/index.php\/wp-json\/wp\/v2\/product"}],"about":[{"href":"https:\/\/www.guerini.it\/index.php\/wp-json\/wp\/v2\/types\/product"}],"wp:featuredmedia":[{"embeddable":true,"href":"https:\/\/www.guerini.it\/index.php\/wp-json\/wp\/v2\/media\/16211"}],"wp:attachment":[{"href":"https:\/\/www.guerini.it\/index.php\/wp-json\/wp\/v2\/media?parent=16212"}],"wp:term":[{"taxonomy":"product_brand","embeddable":true,"href":"https:\/\/www.guerini.it\/index.php\/wp-json\/wp\/v2\/product_brand?post=16212"},{"taxonomy":"product_cat","embeddable":true,"href":"https:\/\/www.guerini.it\/index.php\/wp-json\/wp\/v2\/product_cat?post=16212"},{"taxonomy":"product_tag","embeddable":true,"href":"https:\/\/www.guerini.it\/index.php\/wp-json\/wp\/v2\/product_tag?post=16212"}],"curies":[{"name":"wp","href":"https:\/\/api.w.org\/{rel}","templated":true}]}}