{"id":16214,"date":"2018-11-29T10:22:13","date_gmt":"2018-11-29T09:22:13","guid":{"rendered":"https:\/\/test.guerini.it\/?product=blockchain-guida-all-ecosistema"},"modified":"2024-12-11T16:13:31","modified_gmt":"2024-12-11T15:13:31","slug":"blockchain-guida-all-ecosistema","status":"publish","type":"product","link":"https:\/\/www.guerini.it\/index.php\/prodotto\/blockchain-guida-all-ecosistema\/","title":{"rendered":"Blockchain, guida all&#8217;ecosistema"},"content":{"rendered":"<p style=\"text-align: center;\"><strong>\u00abL&#8217;impatto economico e sociale di una tecnologia rivoluzionaria\u00bb<\/strong><\/p>\n<p style=\"text-align: justify;\">Oltre Bitcoin e al di l\u00e0 del mondo delle criptovalute, la blockchain \u00e8 una tecnologia che sta rivelando sorprendenti capacit\u00e0 trasformative in molteplici ambiti, con un potenziale cambio di paradigma sul piano sociale oltre che economico. In queste pagine si offre al lettore una rappresentazione dell&#8217;intero ecosistema blockchain utilizzando un punto di vista concreto, analizzandone le applicazioni e raccontando casi reali di organizzazioni, aziende e comunit\u00e0 che stanno oggi intensamente lavorando alle sue realizzazioni pratiche.<br \/>\nPer comprendere un ecosistema cos\u00ec mutevole e frammentato e non perdersi nella sua complessit\u00e0, diviene importante mantenere un fil rouge: l&#8217;impatto sulla vita di ognuno di noi. Una nuova piattaforma finanziaria, un nuovo modo di vendere e distribuire beni e servizi, nuovi media e social media, un nuovo mercato per l&#8217;arte, una nuova identit\u00e0 digitale e una nuova governance (anche politica): questi sono gli ambiti che il libro analizza nel dettaglio. Infine, come chiave di lettura trasversale alle varie applicazioni, si considera l&#8217;impatto della blockchain sul mondo del lavoro sia per le aziende tradizionali che cercano di incorporare la tecnologia nel proprio modello di business sia per le organizzazioni e comunit\u00e0 native blockchain, che si stanno affacciando oggi sul mercato.<\/p>\n<p style=\"text-align: justify;\"><strong>Nicola Attico <\/strong>\u00e8 laureato in fisica alla Scuola Normale Superiore, ha svolto ricerca scientifica presso l&#8217;Universit\u00e0 di Pisa e il Massachussets Institute of Technology e lavora nell&#8217;<em>enterprise software <\/em>dal 2001. Si occupa di piattaforme per la <em>digital transformation<\/em>, l&#8217;automazione dei processi e l&#8217;intelligenza artificiale e ha conseguito la certificazione del Blockchain Strategy Programme dell&#8217;Universit\u00e0 di Oxford.\u00a0\u00c8 attivo nella comunit\u00e0 informatica italiana e internazionale, con una competenza multidisciplinare sui mondi del cloud computing e della blockchain.<\/p>\n","protected":false},"excerpt":{"rendered":"<p style=\"text-align: center;\"><strong>\u00abL&#8217;impatto economico e sociale di una tecnologia rivoluzionaria\u00bb<\/strong><\/p>\n<p style=\"text-align: justify;\">Oltre Bitcoin e al di l\u00e0 del mondo delle criptovalute, la blockchain \u00e8 una tecnologia che sta rivelando sorprendenti capacit\u00e0 trasformative in molteplici ambiti, con un potenziale cambio di paradigma sul piano sociale oltre che economico. In queste pagine si offre al lettore una rappresentazione dell&#8217;intero ecosistema blockchain utilizzando un punto di vista concreto, analizzandone le applicazioni e raccontando casi reali di organizzazioni, aziende e comunit\u00e0 che stanno oggi intensamente lavorando alle sue realizzazioni pratiche.<br \/>\nPer comprendere un ecosistema cos\u00ec mutevole e frammentato e non perdersi nella sua complessit\u00e0, diviene importante mantenere un fil rouge: l&#8217;impatto sulla vita di ognuno di noi. Una nuova piattaforma finanziaria, un nuovo modo di vendere e distribuire beni e servizi, nuovi media e social media, un nuovo mercato per l&#8217;arte, una nuova identit\u00e0 digitale e una nuova governance (anche politica): questi sono gli ambiti che il libro analizza nel dettaglio. Infine, come chiave di lettura trasversale alle varie applicazioni, si considera l&#8217;impatto della blockchain sul mondo del lavoro sia per le aziende tradizionali che cercano di incorporare la tecnologia nel proprio modello di business sia per le organizzazioni e comunit\u00e0 native blockchain, che si stanno affacciando oggi sul mercato.<\/p>\n","protected":false},"featured_media":16213,"template":"","meta":{"_editorskit_title_hidden":false,"_editorskit_reading_time":0,"_editorskit_is_block_options_detached":false,"_editorskit_block_options_position":"{}","_monsterinsights_skip_tracking":false,"_monsterinsights_sitenote_active":false,"_monsterinsights_sitenote_note":"","_monsterinsights_sitenote_category":0},"product_brand":[],"product_cat":[6805,6529],"product_tag":[],"class_list":{"0":"post-16214","1":"product","2":"type-product","3":"status-publish","4":"has-post-thumbnail","6":"product_cat-guerini-next","7":"product_cat-economia-e-management","8":"pa_fulfillment-default","9":"pa_guerini_amazon_link-13-httpswwwamazonitblockchain","10":"pa_guerini_feltrinelli_link-2e-httpswwwlafeltrinelliitlib","11":"pa_guerini_ibs_link-61-httpswwwibsitblockchain_gu","12":"pa_guerini_libruniver_link-6f-httpswwwlibreriauniversita","13":"pa_guerini_link_apple_ibook-13-httpsitunesapplecomitbookb","14":"pa_guerini_link_bookrepublic-b0-httpswwwbookrepublicitbook","15":"pa_guerini_link_google_play-30-httpsplaygooglecomstoreboo","16":"pa_guerini_link_ibs-89-httpswwwibsitblockchain_gu","17":"pa_guerini_link_kobo-c4-httpswwwkobocomititebookbl","18":"pa_guerini_mondadori_link-e0-httpswwwmondadoristoreitbl","20":"first","21":"instock","22":"sale","23":"shipping-taxable","24":"purchasable","25":"product-type-simple"},"yoast_head":"<!-- This site is optimized with the Yoast SEO plugin v25.4 - https:\/\/yoast.com\/wordpress\/plugins\/seo\/ -->\n<title>Blockchain, guida all&#039;ecosistema - Guerini e Associati<\/title>\n<meta name=\"robots\" content=\"index, follow, max-snippet:-1, max-image-preview:large, max-video-preview:-1\" \/>\n<link rel=\"canonical\" href=\"https:\/\/www.guerini.it\/index.php\/prodotto\/blockchain-guida-all-ecosistema\/\" \/>\n<meta property=\"og:locale\" content=\"it_IT\" \/>\n<meta property=\"og:type\" content=\"article\" \/>\n<meta property=\"og:title\" content=\"Blockchain, guida all&#039;ecosistema - Guerini e Associati\" \/>\n<meta property=\"og:description\" content=\"\u00abL&#039;impatto economico e sociale di una tecnologia rivoluzionaria\u00bb Oltre Bitcoin e al di l\u00e0 del mondo delle criptovalute, la blockchain \u00e8 una tecnologia che sta rivelando sorprendenti capacit\u00e0 trasformative in molteplici ambiti, con un potenziale cambio di paradigma sul piano sociale oltre che economico. In queste pagine si offre al lettore una rappresentazione dell&#039;intero ecosistema blockchain utilizzando un punto di vista concreto, analizzandone le applicazioni e raccontando casi reali di organizzazioni, aziende e comunit\u00e0 che stanno oggi intensamente lavorando alle sue realizzazioni pratiche. Per comprendere un ecosistema cos\u00ec mutevole e frammentato e non perdersi nella sua complessit\u00e0, diviene importante mantenere un fil rouge: l&#039;impatto sulla vita di ognuno di noi. Una nuova piattaforma finanziaria, un nuovo modo di vendere e distribuire beni e servizi, nuovi media e social media, un nuovo mercato per l&#039;arte, una nuova identit\u00e0 digitale e una nuova governance (anche politica): questi sono gli ambiti che il libro analizza nel dettaglio. Infine, come chiave di lettura trasversale alle varie applicazioni, si considera l&#039;impatto della blockchain sul mondo del lavoro sia per le aziende tradizionali che cercano di incorporare la tecnologia nel proprio modello di business sia per le organizzazioni e comunit\u00e0 native blockchain, che si stanno affacciando oggi sul mercato.\" \/>\n<meta property=\"og:url\" content=\"https:\/\/www.guerini.it\/index.php\/prodotto\/blockchain-guida-all-ecosistema\/\" \/>\n<meta property=\"og:site_name\" content=\"Guerini e Associati\" \/>\n<meta property=\"article:modified_time\" content=\"2024-12-11T15:13:31+00:00\" \/>\n<meta property=\"og:image\" content=\"https:\/\/www.guerini.it\/wp-content\/uploads\/2018\/11\/blockchain_sito.jpg\" \/>\n\t<meta property=\"og:image:width\" content=\"234\" \/>\n\t<meta property=\"og:image:height\" content=\"353\" \/>\n\t<meta property=\"og:image:type\" content=\"image\/jpeg\" \/>\n<meta name=\"twitter:card\" content=\"summary_large_image\" \/>\n<meta name=\"twitter:label1\" content=\"Tempo di lettura stimato\" \/>\n\t<meta name=\"twitter:data1\" content=\"2 minuti\" \/>\n<!-- \/ Yoast SEO plugin. -->","yoast_head_json":{"title":"Blockchain, guida all'ecosistema - Guerini e Associati","robots":{"index":"index","follow":"follow","max-snippet":"max-snippet:-1","max-image-preview":"max-image-preview:large","max-video-preview":"max-video-preview:-1"},"canonical":"https:\/\/www.guerini.it\/index.php\/prodotto\/blockchain-guida-all-ecosistema\/","og_locale":"it_IT","og_type":"article","og_title":"Blockchain, guida all'ecosistema - Guerini e Associati","og_description":"\u00abL'impatto economico e sociale di una tecnologia rivoluzionaria\u00bb Oltre Bitcoin e al di l\u00e0 del mondo delle criptovalute, la blockchain \u00e8 una tecnologia che sta rivelando sorprendenti capacit\u00e0 trasformative in molteplici ambiti, con un potenziale cambio di paradigma sul piano sociale oltre che economico. In queste pagine si offre al lettore una rappresentazione dell'intero ecosistema blockchain utilizzando un punto di vista concreto, analizzandone le applicazioni e raccontando casi reali di organizzazioni, aziende e comunit\u00e0 che stanno oggi intensamente lavorando alle sue realizzazioni pratiche. Per comprendere un ecosistema cos\u00ec mutevole e frammentato e non perdersi nella sua complessit\u00e0, diviene importante mantenere un fil rouge: l'impatto sulla vita di ognuno di noi. Una nuova piattaforma finanziaria, un nuovo modo di vendere e distribuire beni e servizi, nuovi media e social media, un nuovo mercato per l'arte, una nuova identit\u00e0 digitale e una nuova governance (anche politica): questi sono gli ambiti che il libro analizza nel dettaglio. Infine, come chiave di lettura trasversale alle varie applicazioni, si considera l'impatto della blockchain sul mondo del lavoro sia per le aziende tradizionali che cercano di incorporare la tecnologia nel proprio modello di business sia per le organizzazioni e comunit\u00e0 native blockchain, che si stanno affacciando oggi sul mercato.","og_url":"https:\/\/www.guerini.it\/index.php\/prodotto\/blockchain-guida-all-ecosistema\/","og_site_name":"Guerini e Associati","article_modified_time":"2024-12-11T15:13:31+00:00","og_image":[{"width":234,"height":353,"url":"https:\/\/www.guerini.it\/wp-content\/uploads\/2018\/11\/blockchain_sito.jpg","type":"image\/jpeg"}],"twitter_card":"summary_large_image","twitter_misc":{"Tempo di lettura stimato":"2 minuti"},"schema":{"@context":"https:\/\/schema.org","@graph":[{"@type":"WebPage","@id":"https:\/\/www.guerini.it\/index.php\/prodotto\/blockchain-guida-all-ecosistema\/","url":"https:\/\/www.guerini.it\/index.php\/prodotto\/blockchain-guida-all-ecosistema\/","name":"Blockchain, guida all'ecosistema - Guerini e Associati","isPartOf":{"@id":"https:\/\/www.guerini.it\/#website"},"primaryImageOfPage":{"@id":"https:\/\/www.guerini.it\/index.php\/prodotto\/blockchain-guida-all-ecosistema\/#primaryimage"},"image":{"@id":"https:\/\/www.guerini.it\/index.php\/prodotto\/blockchain-guida-all-ecosistema\/#primaryimage"},"thumbnailUrl":"https:\/\/www.guerini.it\/wp-content\/uploads\/2018\/11\/blockchain_sito.jpg","datePublished":"2018-11-29T09:22:13+00:00","dateModified":"2024-12-11T15:13:31+00:00","breadcrumb":{"@id":"https:\/\/www.guerini.it\/index.php\/prodotto\/blockchain-guida-all-ecosistema\/#breadcrumb"},"inLanguage":"it-IT","potentialAction":[{"@type":"ReadAction","target":["https:\/\/www.guerini.it\/index.php\/prodotto\/blockchain-guida-all-ecosistema\/"]}]},{"@type":"ImageObject","inLanguage":"it-IT","@id":"https:\/\/www.guerini.it\/index.php\/prodotto\/blockchain-guida-all-ecosistema\/#primaryimage","url":"https:\/\/www.guerini.it\/wp-content\/uploads\/2018\/11\/blockchain_sito.jpg","contentUrl":"https:\/\/www.guerini.it\/wp-content\/uploads\/2018\/11\/blockchain_sito.jpg","width":234,"height":353,"caption":"Blockchain, guida all'ecosistema"},{"@type":"BreadcrumbList","@id":"https:\/\/www.guerini.it\/index.php\/prodotto\/blockchain-guida-all-ecosistema\/#breadcrumb","itemListElement":[{"@type":"ListItem","position":1,"name":"Home","item":"https:\/\/www.guerini.it\/"},{"@type":"ListItem","position":2,"name":"Catalogo","item":"https:\/\/www.guerini.it\/index.php\/negozio\/"},{"@type":"ListItem","position":3,"name":"Blockchain, guida all&#8217;ecosistema"}]},{"@type":"WebSite","@id":"https:\/\/www.guerini.it\/#website","url":"https:\/\/www.guerini.it\/","name":"Guerini e Associati","description":"30 anni di libri, idee e libert\u00e0","publisher":{"@id":"https:\/\/www.guerini.it\/#organization"},"potentialAction":[{"@type":"SearchAction","target":{"@type":"EntryPoint","urlTemplate":"https:\/\/www.guerini.it\/?s={search_term_string}"},"query-input":{"@type":"PropertyValueSpecification","valueRequired":true,"valueName":"search_term_string"}}],"inLanguage":"it-IT"},{"@type":"Organization","@id":"https:\/\/www.guerini.it\/#organization","name":"Guerini e Associati","url":"https:\/\/www.guerini.it\/","logo":{"@type":"ImageObject","inLanguage":"it-IT","@id":"https:\/\/www.guerini.it\/#\/schema\/logo\/image\/","url":"https:\/\/www.guerini.it\/wp-content\/uploads\/2021\/03\/Logo-Guerini-OK_-e1615831292285.png","contentUrl":"https:\/\/www.guerini.it\/wp-content\/uploads\/2021\/03\/Logo-Guerini-OK_-e1615831292285.png","width":2805,"height":1870,"caption":"Guerini e Associati"},"image":{"@id":"https:\/\/www.guerini.it\/#\/schema\/logo\/image\/"}}]}},"_links":{"self":[{"href":"https:\/\/www.guerini.it\/index.php\/wp-json\/wp\/v2\/product\/16214","targetHints":{"allow":["GET"]}}],"collection":[{"href":"https:\/\/www.guerini.it\/index.php\/wp-json\/wp\/v2\/product"}],"about":[{"href":"https:\/\/www.guerini.it\/index.php\/wp-json\/wp\/v2\/types\/product"}],"wp:featuredmedia":[{"embeddable":true,"href":"https:\/\/www.guerini.it\/index.php\/wp-json\/wp\/v2\/media\/16213"}],"wp:attachment":[{"href":"https:\/\/www.guerini.it\/index.php\/wp-json\/wp\/v2\/media?parent=16214"}],"wp:term":[{"taxonomy":"product_brand","embeddable":true,"href":"https:\/\/www.guerini.it\/index.php\/wp-json\/wp\/v2\/product_brand?post=16214"},{"taxonomy":"product_cat","embeddable":true,"href":"https:\/\/www.guerini.it\/index.php\/wp-json\/wp\/v2\/product_cat?post=16214"},{"taxonomy":"product_tag","embeddable":true,"href":"https:\/\/www.guerini.it\/index.php\/wp-json\/wp\/v2\/product_tag?post=16214"}],"curies":[{"name":"wp","href":"https:\/\/api.w.org\/{rel}","templated":true}]}}