{"id":16216,"date":"2018-12-04T15:38:03","date_gmt":"2018-12-04T14:38:03","guid":{"rendered":"https:\/\/test.guerini.it\/?product=impresa-jazz"},"modified":"2026-03-26T17:08:49","modified_gmt":"2026-03-26T16:08:49","slug":"impresa-jazz","status":"publish","type":"product","link":"https:\/\/www.guerini.it\/index.php\/prodotto\/impresa-jazz\/","title":{"rendered":"Impresa &#038; Jazz"},"content":{"rendered":"<p style=\"text-align: justify;\">Darsi regole, e poi infrangerle con senso di responsabilit\u00e0. Un paradosso, solo apparente, per vincere la sfida di sempre: lavorare serenamente, tutti insieme.<br \/>\nDove trovare suggerimenti per raggiungere questo obiettivo?<br \/>\nErika Leonardi ci prova con il jazz. Dimostra che ci sono straordinarie affinit\u00e0 con l\u2019organizzazione di un\u2019impresa: regole e flessibilit\u00e0, spirito di squadra e responsabilit\u00e0 individuale sono le componenti della quotidianit\u00e0 aziendale che, come una jazz band, alterna gruppo e individuo, regole e caos, competenza e innovazione.<br \/>\nMa il jazz propone insegnamenti utili anche alla nostra vita. Come osserva Geg\u00e8 Telesforo nella Prefazione, sono tante le analogie tra musica e vita: \u00abCiascuno di noi trover\u00e0 situazioni simili nel suo percorso lavorativo, cos\u00ec come in quello personale\u00bb.<\/p>\n<p><iframe loading=\"lazy\" src=\"https:\/\/www.youtube.com\/embed\/dle-VjUXzv0\" width=\"560\" height=\"315\" frameborder=\"0\" allowfullscreen=\"allowfullscreen\"><\/iframe><\/p>\n<hr \/>\n<p style=\"text-align: justify;\"><strong>Erika Leonardi<\/strong> \u00e8 consulente e formatore. Di estrazione scientifica &#8211; biologa con indirizzo in etologia &#8211; \u00e8 autrice di numerosi saggi sull\u2019organizzazione aziendale. Appassionata di musica jazz, organizza eventi con una band dal vivo: alternando musica e parlato, guida i partecipanti ad osservare i comportamenti dei musicisti. \u00c8 un modo per scoprire come vivere al meglio il nostro ruolo nel meraviglioso live che \u00e8 la vita. Tra le sue pubblicazioni ricordiamo <em>Gestione del servizio<\/em> (Milano 2009), <em>Azienda in Jazz<\/em> (Milano 2012), <em>Manager della qualit\u00e0<\/em> (Milano 2015), <em>Disegnare i processi<\/em> (Milano 2016), <em>Scrivere per farsi capire<\/em> (Milano 2018).<\/p>\n","protected":false},"excerpt":{"rendered":"<p>Darsi regole, e poi infrangerle con senso di responsabilit\u00e0. Un paradosso, solo apparente, per vincere la sfida di sempre: lavorare serenamente, tutti insieme.<br \/>\nDove trovare suggerimenti per raggiungere questo obiettivo?<br \/>\nErika Leonardi ci prova con il jazz. Dimostra che ci sono straordinarie affinit\u00e0 con l\u2019organizzazione di un\u2019impresa: regole e flessibilit\u00e0, spirito di squadra e responsabilit\u00e0 individuale sono le componenti della quotidianit\u00e0 aziendale che, come una jazz band, alterna gruppoe individuo, regole e caos, competenza e innovazione.<br \/>\nMa il jazz propone insegnamenti utili anche alla nostra vita. Come osserva Geg\u00e8 Telesforo nella Prefazione, sono tante le analogie tra musica e vita: \u00abCiascuno di noi trover\u00e0 situazioni simili nel suo percorso lavorativo, cos\u00ec come in quello personale\u00bb.<\/p>\n","protected":false},"featured_media":16215,"template":"","meta":{"_editorskit_title_hidden":false,"_editorskit_reading_time":0,"_editorskit_is_block_options_detached":false,"_editorskit_block_options_position":"{}","_monsterinsights_skip_tracking":false,"_monsterinsights_sitenote_active":false,"_monsterinsights_sitenote_note":"","_monsterinsights_sitenote_category":0},"product_brand":[],"product_cat":[6805,6529],"product_tag":[],"class_list":{"0":"post-16216","1":"product","2":"type-product","3":"status-publish","4":"has-post-thumbnail","6":"product_cat-guerini-next","7":"product_cat-economia-e-management","8":"pa_guerini_amazon_link-d1-httpswwwamazonitimpresa_ja","9":"pa_guerini_audio_audible-67-httpswwwamazonitimpresa_ja","10":"pa_guerini_audio_itunes-32-httpsbooksapplecomitaudiob","11":"pa_guerini_feltrinelli_link-17-httpswwwlafeltrinelliitlib","12":"pa_guerini_ibs_link-ec-httpswwwibsitimpresa_jazz_","13":"pa_guerini_libruniver_link-https-www-libreriauniversitaria-it-impresa-jazz-lavoro-gruppo-tempo-libro-9788868962265","14":"pa_guerini_link_amazon-c2-httpswwwamazonitimpresa_ja","15":"pa_guerini_link_apple_ibook-https-books-apple-com-it-book-impresa-jazz-id1470043510","16":"pa_guerini_link_bookrepublic-https-www-bookrepublic-it-ebook-9788868962821-impresa-jazz-il-lavoro-di-gruppo-a-tempo-di-swing","17":"pa_guerini_link_google_play-9a-httpsplaygooglecomstoreboo","18":"pa_guerini_link_ibs-https-www-ibs-it-impresa-jazz-lavoro-di-gruppo-ebook-erika-leonardi-e-9788868962821","19":"pa_guerini_link_kobo-https-www-kobo-com-it-it-ebook-impresa-jazz-il-lavoro-di-gruppo-a-tempo-di-swing","20":"pa_guerini_link_lafeltrinelli-https-www-lafeltrinelli-it-impresa-jazz-lavoro-di-gruppo-ebook-erika-leonardi-e-9788868962821","21":"pa_guerini_link_mondadori-https-www-mondadoristore-it-impresa-jazz-lavoro-gruppo-erika-leonardi-eai978886896282","22":"pa_guerini_link_rizzoli-https-www-libreriarizzoli-it-impresa-jazz-lavoro-gruppo-erika-leonardi-eai978886896282","23":"pa_guerini_mondadori_link-3c-httpswwwmondadoristoreitim","25":"first","26":"instock","27":"sale","28":"shipping-taxable","29":"purchasable","30":"product-type-simple"},"yoast_head":"<!-- This site is optimized with the Yoast SEO plugin v25.4 - https:\/\/yoast.com\/wordpress\/plugins\/seo\/ -->\n<title>Impresa &amp; Jazz - Guerini e Associati<\/title>\n<meta name=\"robots\" content=\"index, follow, max-snippet:-1, max-image-preview:large, max-video-preview:-1\" \/>\n<link rel=\"canonical\" href=\"https:\/\/www.guerini.it\/index.php\/prodotto\/impresa-jazz\/\" \/>\n<meta property=\"og:locale\" content=\"it_IT\" \/>\n<meta property=\"og:type\" content=\"article\" \/>\n<meta property=\"og:title\" content=\"Impresa &amp; Jazz - Guerini e Associati\" \/>\n<meta property=\"og:description\" content=\"Darsi regole, e poi infrangerle con senso di responsabilit\u00e0. Un paradosso, solo apparente, per vincere la sfida di sempre: lavorare serenamente, tutti insieme. Dove trovare suggerimenti per raggiungere questo obiettivo? Erika Leonardi ci prova con il jazz. Dimostra che ci sono straordinarie affinit\u00e0 con l\u2019organizzazione di un\u2019impresa: regole e flessibilit\u00e0, spirito di squadra e responsabilit\u00e0 individuale sono le componenti della quotidianit\u00e0 aziendale che, come una jazz band, alterna gruppoe individuo, regole e caos, competenza e innovazione. Ma il jazz propone insegnamenti utili anche alla nostra vita. Come osserva Geg\u00e8 Telesforo nella Prefazione, sono tante le analogie tra musica e vita: \u00abCiascuno di noi trover\u00e0 situazioni simili nel suo percorso lavorativo, cos\u00ec come in quello personale\u00bb.\" \/>\n<meta property=\"og:url\" content=\"https:\/\/www.guerini.it\/index.php\/prodotto\/impresa-jazz\/\" \/>\n<meta property=\"og:site_name\" content=\"Guerini e Associati\" \/>\n<meta property=\"article:modified_time\" content=\"2026-03-26T16:08:49+00:00\" \/>\n<meta property=\"og:image\" content=\"https:\/\/www.guerini.it\/wp-content\/uploads\/2018\/12\/impresa_e_jazz-sito.jpg\" \/>\n\t<meta property=\"og:image:width\" content=\"217\" \/>\n\t<meta property=\"og:image:height\" content=\"353\" \/>\n\t<meta property=\"og:image:type\" content=\"image\/jpeg\" \/>\n<meta name=\"twitter:card\" content=\"summary_large_image\" \/>\n<meta name=\"twitter:label1\" content=\"Tempo di lettura stimato\" \/>\n\t<meta name=\"twitter:data1\" content=\"2 minuti\" \/>\n<!-- \/ Yoast SEO plugin. -->","yoast_head_json":{"title":"Impresa & Jazz - Guerini e Associati","robots":{"index":"index","follow":"follow","max-snippet":"max-snippet:-1","max-image-preview":"max-image-preview:large","max-video-preview":"max-video-preview:-1"},"canonical":"https:\/\/www.guerini.it\/index.php\/prodotto\/impresa-jazz\/","og_locale":"it_IT","og_type":"article","og_title":"Impresa & Jazz - Guerini e Associati","og_description":"Darsi regole, e poi infrangerle con senso di responsabilit\u00e0. Un paradosso, solo apparente, per vincere la sfida di sempre: lavorare serenamente, tutti insieme. Dove trovare suggerimenti per raggiungere questo obiettivo? Erika Leonardi ci prova con il jazz. Dimostra che ci sono straordinarie affinit\u00e0 con l\u2019organizzazione di un\u2019impresa: regole e flessibilit\u00e0, spirito di squadra e responsabilit\u00e0 individuale sono le componenti della quotidianit\u00e0 aziendale che, come una jazz band, alterna gruppoe individuo, regole e caos, competenza e innovazione. Ma il jazz propone insegnamenti utili anche alla nostra vita. Come osserva Geg\u00e8 Telesforo nella Prefazione, sono tante le analogie tra musica e vita: \u00abCiascuno di noi trover\u00e0 situazioni simili nel suo percorso lavorativo, cos\u00ec come in quello personale\u00bb.","og_url":"https:\/\/www.guerini.it\/index.php\/prodotto\/impresa-jazz\/","og_site_name":"Guerini e Associati","article_modified_time":"2026-03-26T16:08:49+00:00","og_image":[{"width":217,"height":353,"url":"https:\/\/www.guerini.it\/wp-content\/uploads\/2018\/12\/impresa_e_jazz-sito.jpg","type":"image\/jpeg"}],"twitter_card":"summary_large_image","twitter_misc":{"Tempo di lettura stimato":"2 minuti"},"schema":{"@context":"https:\/\/schema.org","@graph":[{"@type":"WebPage","@id":"https:\/\/www.guerini.it\/index.php\/prodotto\/impresa-jazz\/","url":"https:\/\/www.guerini.it\/index.php\/prodotto\/impresa-jazz\/","name":"Impresa & Jazz - Guerini e Associati","isPartOf":{"@id":"https:\/\/www.guerini.it\/#website"},"primaryImageOfPage":{"@id":"https:\/\/www.guerini.it\/index.php\/prodotto\/impresa-jazz\/#primaryimage"},"image":{"@id":"https:\/\/www.guerini.it\/index.php\/prodotto\/impresa-jazz\/#primaryimage"},"thumbnailUrl":"https:\/\/www.guerini.it\/wp-content\/uploads\/2018\/12\/impresa_e_jazz-sito.jpg","datePublished":"2018-12-04T14:38:03+00:00","dateModified":"2026-03-26T16:08:49+00:00","breadcrumb":{"@id":"https:\/\/www.guerini.it\/index.php\/prodotto\/impresa-jazz\/#breadcrumb"},"inLanguage":"it-IT","potentialAction":[{"@type":"ReadAction","target":["https:\/\/www.guerini.it\/index.php\/prodotto\/impresa-jazz\/"]}]},{"@type":"ImageObject","inLanguage":"it-IT","@id":"https:\/\/www.guerini.it\/index.php\/prodotto\/impresa-jazz\/#primaryimage","url":"https:\/\/www.guerini.it\/wp-content\/uploads\/2018\/12\/impresa_e_jazz-sito.jpg","contentUrl":"https:\/\/www.guerini.it\/wp-content\/uploads\/2018\/12\/impresa_e_jazz-sito.jpg","width":217,"height":353,"caption":"Impresa & jazz"},{"@type":"BreadcrumbList","@id":"https:\/\/www.guerini.it\/index.php\/prodotto\/impresa-jazz\/#breadcrumb","itemListElement":[{"@type":"ListItem","position":1,"name":"Home","item":"https:\/\/www.guerini.it\/"},{"@type":"ListItem","position":2,"name":"Catalogo","item":"https:\/\/www.guerini.it\/index.php\/negozio\/"},{"@type":"ListItem","position":3,"name":"Impresa &#038; Jazz"}]},{"@type":"WebSite","@id":"https:\/\/www.guerini.it\/#website","url":"https:\/\/www.guerini.it\/","name":"Guerini e Associati","description":"30 anni di libri, idee e libert\u00e0","publisher":{"@id":"https:\/\/www.guerini.it\/#organization"},"potentialAction":[{"@type":"SearchAction","target":{"@type":"EntryPoint","urlTemplate":"https:\/\/www.guerini.it\/?s={search_term_string}"},"query-input":{"@type":"PropertyValueSpecification","valueRequired":true,"valueName":"search_term_string"}}],"inLanguage":"it-IT"},{"@type":"Organization","@id":"https:\/\/www.guerini.it\/#organization","name":"Guerini e Associati","url":"https:\/\/www.guerini.it\/","logo":{"@type":"ImageObject","inLanguage":"it-IT","@id":"https:\/\/www.guerini.it\/#\/schema\/logo\/image\/","url":"https:\/\/www.guerini.it\/wp-content\/uploads\/2021\/03\/Logo-Guerini-OK_-e1615831292285.png","contentUrl":"https:\/\/www.guerini.it\/wp-content\/uploads\/2021\/03\/Logo-Guerini-OK_-e1615831292285.png","width":2805,"height":1870,"caption":"Guerini e Associati"},"image":{"@id":"https:\/\/www.guerini.it\/#\/schema\/logo\/image\/"}}]}},"_links":{"self":[{"href":"https:\/\/www.guerini.it\/index.php\/wp-json\/wp\/v2\/product\/16216","targetHints":{"allow":["GET"]}}],"collection":[{"href":"https:\/\/www.guerini.it\/index.php\/wp-json\/wp\/v2\/product"}],"about":[{"href":"https:\/\/www.guerini.it\/index.php\/wp-json\/wp\/v2\/types\/product"}],"wp:featuredmedia":[{"embeddable":true,"href":"https:\/\/www.guerini.it\/index.php\/wp-json\/wp\/v2\/media\/16215"}],"wp:attachment":[{"href":"https:\/\/www.guerini.it\/index.php\/wp-json\/wp\/v2\/media?parent=16216"}],"wp:term":[{"taxonomy":"product_brand","embeddable":true,"href":"https:\/\/www.guerini.it\/index.php\/wp-json\/wp\/v2\/product_brand?post=16216"},{"taxonomy":"product_cat","embeddable":true,"href":"https:\/\/www.guerini.it\/index.php\/wp-json\/wp\/v2\/product_cat?post=16216"},{"taxonomy":"product_tag","embeddable":true,"href":"https:\/\/www.guerini.it\/index.php\/wp-json\/wp\/v2\/product_tag?post=16216"}],"curies":[{"name":"wp","href":"https:\/\/api.w.org\/{rel}","templated":true}]}}