{"id":16230,"date":"2019-01-09T10:48:24","date_gmt":"2019-01-09T09:48:24","guid":{"rendered":"https:\/\/test.guerini.it\/?product=i-giovani-e-la-sfida-del-lavoro"},"modified":"2024-06-12T14:39:03","modified_gmt":"2024-06-12T12:39:03","slug":"i-giovani-e-la-sfida-del-lavoro","status":"publish","type":"product","link":"https:\/\/www.guerini.it\/index.php\/prodotto\/i-giovani-e-la-sfida-del-lavoro\/","title":{"rendered":"I giovani e la sfida del lavoro"},"content":{"rendered":"<p style=\"text-align: justify;\">Giovani e lavoro: in questo rapporto si gioca il futuro del nostro Paese. Una maggiore attenzione alle politiche attive rivolte ai cosiddetti Millenials e alla generazione Z, pu\u00f2 favorire migliori opportunit\u00e0 e condizioni di lavoro nelle aziende. Consapevoli delle specificit\u00e0 che riguardano le esigenze delle nuove generazioni, sono sempre pi\u00f9 numerose le imprese \u2013 le PMI come le multinazionali &#8211; che propongono programmi di welfare esplicitamente rivolti ai giovani dipendenti e collaboratori. Lo studio curato da Filippo Di Nardo, corredato dall\u2019analisi di numerosi casi aziendali e dai dati della ricerca 2018 dell\u2019Osservatorio Edenred-Orienta su Millennials, Generazione Z, lavoro e welfare aziendale, mostra un\u2019immagine tutt\u2019altro che scontata delle nuove generazioni: fiduciosi protagonisti dell\u2019innovazione tecnologica e consapevoli della necessit\u00e0 di integrare competenze specifiche e soft skills, i Millenials non disdegnano il posto fisso, privilegiano iniziative di life work balance ai bonus economici e aspirano a costruirsi una famiglia propria. Questa situazione composita richiede risposte tali per cui l\u2019azienda svolge un ruolo sociale rilevante, tramite politiche di welfare mirate: \u00abil welfare aziendale \u00e8 uno strumento di grande valore perch\u00e9 entra nel terreno dei bisogni sociali, dando delle risposte concrete attraverso un\u2019ampia proposta di beni e servizi\u00bb.<\/p>\n<hr \/>\n<p style=\"text-align: justify;\"><strong>Filippo Di Nardo<\/strong> \u00e8 un giornalista specializzato sul mercato del lavoro, saggista e consulente di comunicazione del lavoro per grandi aziende. \u00c8 direttore responsabile di <em>Kongnews.it<\/em>, testata online sul lavoro. Ha collaborato con <em>Italia Oggi, Europa, Technopolis <\/em>e come autore Tv per format di informazione. Ha scritto numerosi saggi su lavoro e impresa tra cui, per le nostre edizioni, <a href=\"https:\/\/www.guerini.it\/index.php\/prodotto\/il-futuro-del-welfare-e-in-azienda\/\"><em>Il futuro del welfare \u00e8 in azienda<\/em><\/a> (2015), <a href=\"https:\/\/www.guerini.it\/index.php\/prodotto\/nove-mosse-per-il-futuro\/\"><em>Nove mosse per il futuro<\/em><\/a> (con G. Biazzo, 2015), <a href=\"https:\/\/www.guerini.it\/index.php\/prodotto\/l-evoluzione-del-welfare-aziendale-in-italia\/\"><em>L\u2019evoluzione del welfare aziendale in Italia<\/em><\/a> (2016) e <a href=\"https:\/\/www.guerini.it\/index.php\/prodotto\/un-welfare-aziendale-per-le-donne\/\"><em>Un welfare aziendale per le donne<\/em><\/a> (2017).<\/p>\n","protected":false},"excerpt":{"rendered":"<p>Giovani e lavoro: in questo rapporto si gioca il futuro del nostro Paese. Una maggiore attenzione alle politiche attive rivolte ai cosiddetti Millenials e alla generazione Z, pu\u00f2 favorire migliori opportunit\u00e0 e condizioni di lavoro nelle aziende. Consapevoli delle specificit\u00e0 che riguardano le esigenze delle nuove generazioni, sono sempre pi\u00f9 numerose le imprese \u2013 le PMI come le multinazionali &#8211; che propongono programmi di welfare esplicitamente rivolti ai giovani dipendenti e collaboratori. Lo studio curato da Filippo Di Nardo, corredato dall\u2019analisi di numerosi casi aziendali e dai dati della ricerca 2018 dell\u2019Osservatorio Edenred-Orienta su Millennials, Generazione Z, lavoro e welfare aziendale, mostra un\u2019immagine tutt\u2019altro che scontata delle nuove generazioni: fiduciosi protagonisti dell\u2019innovazione tecnologica e consapevoli della necessit\u00e0 di integrare competenze specifiche e soft skills, i Millenials non disdegnano il posto fisso, privilegiano iniziative di life work balance ai bonus economici e aspirano a costruirsi una famiglia propria. Questa situazione composita richiede risposte tali per cui l\u2019azienda svolge un ruolo sociale rilevante, tramite politiche di welfare mirate: \u00abil welfare aziendale \u00e8 uno strumento di grande valore perch\u00e9 entra nel terreno dei bisogni sociali, dando delle risposte concrete attraverso un\u2019ampia proposta di beni e servizi\u00bb.<\/p>\n","protected":false},"featured_media":16229,"template":"","meta":{"_editorskit_title_hidden":false,"_editorskit_reading_time":0,"_editorskit_is_block_options_detached":false,"_editorskit_block_options_position":"{}","_monsterinsights_skip_tracking":false,"_monsterinsights_sitenote_active":false,"_monsterinsights_sitenote_note":"","_monsterinsights_sitenote_category":0},"product_brand":[],"product_cat":[6805,6529],"product_tag":[],"class_list":{"0":"post-16230","1":"product","2":"type-product","3":"status-publish","4":"has-post-thumbnail","6":"product_cat-guerini-next","7":"product_cat-economia-e-management","8":"pa_guerini_amazon_link-https-www-amazon-it-welfare-privato-15-casi-successo-dp-8868961644-refsr_1_1__mk_it_itmdchild1keywords9788868961640qid1623157442sr8-1","9":"pa_guerini_feltrinelli_link-https-www-lafeltrinelli-it-giovani-sfida-del-lavoro-chi-libro-vari-e-9788868961640","10":"pa_guerini_ibs_link-https-www-ibs-it-giovani-sfida-del-lavoro-chi-libro-vari-e-9788868961640","11":"pa_guerini_libruniver_link-https-www-libreriauniversitaria-it-giovani-sfida-lavoro-chi-sono-libro-9788868961640","12":"pa_guerini_mondadori_link-https-www-mondadoristore-it-giovani-sfida-lavoro-chi-na-eai978886896164","14":"first","15":"instock","16":"sale","17":"shipping-taxable","18":"purchasable","19":"product-type-simple"},"yoast_head":"<!-- This site is optimized with the Yoast SEO plugin v25.4 - https:\/\/yoast.com\/wordpress\/plugins\/seo\/ -->\n<title>I giovani e la sfida del lavoro - Guerini e Associati<\/title>\n<meta name=\"robots\" content=\"index, follow, max-snippet:-1, max-image-preview:large, max-video-preview:-1\" \/>\n<link rel=\"canonical\" href=\"https:\/\/www.guerini.it\/index.php\/prodotto\/i-giovani-e-la-sfida-del-lavoro\/\" \/>\n<meta property=\"og:locale\" content=\"it_IT\" \/>\n<meta property=\"og:type\" content=\"article\" \/>\n<meta property=\"og:title\" content=\"I giovani e la sfida del lavoro - Guerini e Associati\" \/>\n<meta property=\"og:description\" content=\"Giovani e lavoro: in questo rapporto si gioca il futuro del nostro Paese. Una maggiore attenzione alle politiche attive rivolte ai cosiddetti Millenials e alla generazione Z, pu\u00f2 favorire migliori opportunit\u00e0 e condizioni di lavoro nelle aziende. Consapevoli delle specificit\u00e0 che riguardano le esigenze delle nuove generazioni, sono sempre pi\u00f9 numerose le imprese \u2013 le PMI come le multinazionali - che propongono programmi di welfare esplicitamente rivolti ai giovani dipendenti e collaboratori. Lo studio curato da Filippo Di Nardo, corredato dall\u2019analisi di numerosi casi aziendali e dai dati della ricerca 2018 dell\u2019Osservatorio Edenred-Orienta su Millennials, Generazione Z, lavoro e welfare aziendale, mostra un\u2019immagine tutt\u2019altro che scontata delle nuove generazioni: fiduciosi protagonisti dell\u2019innovazione tecnologica e consapevoli della necessit\u00e0 di integrare competenze specifiche e soft skills, i Millenials non disdegnano il posto fisso, privilegiano iniziative di life work balance ai bonus economici e aspirano a costruirsi una famiglia propria. Questa situazione composita richiede risposte tali per cui l\u2019azienda svolge un ruolo sociale rilevante, tramite politiche di welfare mirate: \u00abil welfare aziendale \u00e8 uno strumento di grande valore perch\u00e9 entra nel terreno dei bisogni sociali, dando delle risposte concrete attraverso un\u2019ampia proposta di beni e servizi\u00bb.\" \/>\n<meta property=\"og:url\" content=\"https:\/\/www.guerini.it\/index.php\/prodotto\/i-giovani-e-la-sfida-del-lavoro\/\" \/>\n<meta property=\"og:site_name\" content=\"Guerini e Associati\" \/>\n<meta property=\"article:modified_time\" content=\"2024-06-12T12:39:03+00:00\" \/>\n<meta property=\"og:image\" content=\"https:\/\/www.guerini.it\/wp-content\/uploads\/2019\/01\/giovani_e_la_sfida_del_lavoro_sito.jpg\" \/>\n\t<meta property=\"og:image:width\" content=\"215\" \/>\n\t<meta property=\"og:image:height\" content=\"353\" \/>\n\t<meta property=\"og:image:type\" content=\"image\/jpeg\" \/>\n<meta name=\"twitter:card\" content=\"summary_large_image\" \/>\n<meta name=\"twitter:label1\" content=\"Tempo di lettura stimato\" \/>\n\t<meta name=\"twitter:data1\" content=\"2 minuti\" \/>\n<!-- \/ Yoast SEO plugin. -->","yoast_head_json":{"title":"I giovani e la sfida del lavoro - Guerini e Associati","robots":{"index":"index","follow":"follow","max-snippet":"max-snippet:-1","max-image-preview":"max-image-preview:large","max-video-preview":"max-video-preview:-1"},"canonical":"https:\/\/www.guerini.it\/index.php\/prodotto\/i-giovani-e-la-sfida-del-lavoro\/","og_locale":"it_IT","og_type":"article","og_title":"I giovani e la sfida del lavoro - Guerini e Associati","og_description":"Giovani e lavoro: in questo rapporto si gioca il futuro del nostro Paese. Una maggiore attenzione alle politiche attive rivolte ai cosiddetti Millenials e alla generazione Z, pu\u00f2 favorire migliori opportunit\u00e0 e condizioni di lavoro nelle aziende. Consapevoli delle specificit\u00e0 che riguardano le esigenze delle nuove generazioni, sono sempre pi\u00f9 numerose le imprese \u2013 le PMI come le multinazionali - che propongono programmi di welfare esplicitamente rivolti ai giovani dipendenti e collaboratori. Lo studio curato da Filippo Di Nardo, corredato dall\u2019analisi di numerosi casi aziendali e dai dati della ricerca 2018 dell\u2019Osservatorio Edenred-Orienta su Millennials, Generazione Z, lavoro e welfare aziendale, mostra un\u2019immagine tutt\u2019altro che scontata delle nuove generazioni: fiduciosi protagonisti dell\u2019innovazione tecnologica e consapevoli della necessit\u00e0 di integrare competenze specifiche e soft skills, i Millenials non disdegnano il posto fisso, privilegiano iniziative di life work balance ai bonus economici e aspirano a costruirsi una famiglia propria. Questa situazione composita richiede risposte tali per cui l\u2019azienda svolge un ruolo sociale rilevante, tramite politiche di welfare mirate: \u00abil welfare aziendale \u00e8 uno strumento di grande valore perch\u00e9 entra nel terreno dei bisogni sociali, dando delle risposte concrete attraverso un\u2019ampia proposta di beni e servizi\u00bb.","og_url":"https:\/\/www.guerini.it\/index.php\/prodotto\/i-giovani-e-la-sfida-del-lavoro\/","og_site_name":"Guerini e Associati","article_modified_time":"2024-06-12T12:39:03+00:00","og_image":[{"width":215,"height":353,"url":"https:\/\/www.guerini.it\/wp-content\/uploads\/2019\/01\/giovani_e_la_sfida_del_lavoro_sito.jpg","type":"image\/jpeg"}],"twitter_card":"summary_large_image","twitter_misc":{"Tempo di lettura stimato":"2 minuti"},"schema":{"@context":"https:\/\/schema.org","@graph":[{"@type":"WebPage","@id":"https:\/\/www.guerini.it\/index.php\/prodotto\/i-giovani-e-la-sfida-del-lavoro\/","url":"https:\/\/www.guerini.it\/index.php\/prodotto\/i-giovani-e-la-sfida-del-lavoro\/","name":"I giovani e la sfida del lavoro - Guerini e Associati","isPartOf":{"@id":"https:\/\/www.guerini.it\/#website"},"primaryImageOfPage":{"@id":"https:\/\/www.guerini.it\/index.php\/prodotto\/i-giovani-e-la-sfida-del-lavoro\/#primaryimage"},"image":{"@id":"https:\/\/www.guerini.it\/index.php\/prodotto\/i-giovani-e-la-sfida-del-lavoro\/#primaryimage"},"thumbnailUrl":"https:\/\/www.guerini.it\/wp-content\/uploads\/2019\/01\/giovani_e_la_sfida_del_lavoro_sito.jpg","datePublished":"2019-01-09T09:48:24+00:00","dateModified":"2024-06-12T12:39:03+00:00","breadcrumb":{"@id":"https:\/\/www.guerini.it\/index.php\/prodotto\/i-giovani-e-la-sfida-del-lavoro\/#breadcrumb"},"inLanguage":"it-IT","potentialAction":[{"@type":"ReadAction","target":["https:\/\/www.guerini.it\/index.php\/prodotto\/i-giovani-e-la-sfida-del-lavoro\/"]}]},{"@type":"ImageObject","inLanguage":"it-IT","@id":"https:\/\/www.guerini.it\/index.php\/prodotto\/i-giovani-e-la-sfida-del-lavoro\/#primaryimage","url":"https:\/\/www.guerini.it\/wp-content\/uploads\/2019\/01\/giovani_e_la_sfida_del_lavoro_sito.jpg","contentUrl":"https:\/\/www.guerini.it\/wp-content\/uploads\/2019\/01\/giovani_e_la_sfida_del_lavoro_sito.jpg","width":215,"height":353,"caption":"I giovani e la sfida del lavoro"},{"@type":"BreadcrumbList","@id":"https:\/\/www.guerini.it\/index.php\/prodotto\/i-giovani-e-la-sfida-del-lavoro\/#breadcrumb","itemListElement":[{"@type":"ListItem","position":1,"name":"Home","item":"https:\/\/www.guerini.it\/"},{"@type":"ListItem","position":2,"name":"Catalogo","item":"https:\/\/www.guerini.it\/index.php\/negozio\/"},{"@type":"ListItem","position":3,"name":"I giovani e la sfida del lavoro"}]},{"@type":"WebSite","@id":"https:\/\/www.guerini.it\/#website","url":"https:\/\/www.guerini.it\/","name":"Guerini e Associati","description":"30 anni di libri, idee e libert\u00e0","publisher":{"@id":"https:\/\/www.guerini.it\/#organization"},"potentialAction":[{"@type":"SearchAction","target":{"@type":"EntryPoint","urlTemplate":"https:\/\/www.guerini.it\/?s={search_term_string}"},"query-input":{"@type":"PropertyValueSpecification","valueRequired":true,"valueName":"search_term_string"}}],"inLanguage":"it-IT"},{"@type":"Organization","@id":"https:\/\/www.guerini.it\/#organization","name":"Guerini e Associati","url":"https:\/\/www.guerini.it\/","logo":{"@type":"ImageObject","inLanguage":"it-IT","@id":"https:\/\/www.guerini.it\/#\/schema\/logo\/image\/","url":"https:\/\/www.guerini.it\/wp-content\/uploads\/2021\/03\/Logo-Guerini-OK_-e1615831292285.png","contentUrl":"https:\/\/www.guerini.it\/wp-content\/uploads\/2021\/03\/Logo-Guerini-OK_-e1615831292285.png","width":2805,"height":1870,"caption":"Guerini e Associati"},"image":{"@id":"https:\/\/www.guerini.it\/#\/schema\/logo\/image\/"}}]}},"_links":{"self":[{"href":"https:\/\/www.guerini.it\/index.php\/wp-json\/wp\/v2\/product\/16230","targetHints":{"allow":["GET"]}}],"collection":[{"href":"https:\/\/www.guerini.it\/index.php\/wp-json\/wp\/v2\/product"}],"about":[{"href":"https:\/\/www.guerini.it\/index.php\/wp-json\/wp\/v2\/types\/product"}],"wp:featuredmedia":[{"embeddable":true,"href":"https:\/\/www.guerini.it\/index.php\/wp-json\/wp\/v2\/media\/16229"}],"wp:attachment":[{"href":"https:\/\/www.guerini.it\/index.php\/wp-json\/wp\/v2\/media?parent=16230"}],"wp:term":[{"taxonomy":"product_brand","embeddable":true,"href":"https:\/\/www.guerini.it\/index.php\/wp-json\/wp\/v2\/product_brand?post=16230"},{"taxonomy":"product_cat","embeddable":true,"href":"https:\/\/www.guerini.it\/index.php\/wp-json\/wp\/v2\/product_cat?post=16230"},{"taxonomy":"product_tag","embeddable":true,"href":"https:\/\/www.guerini.it\/index.php\/wp-json\/wp\/v2\/product_tag?post=16230"}],"curies":[{"name":"wp","href":"https:\/\/api.w.org\/{rel}","templated":true}]}}