{"id":16245,"date":"2019-02-06T15:05:23","date_gmt":"2019-02-06T14:05:23","guid":{"rendered":"https:\/\/test.guerini.it\/?product=prevendita-concorso-dirigenti-scolastici-2019"},"modified":"2024-06-12T14:40:41","modified_gmt":"2024-06-12T12:40:41","slug":"prevendita-concorso-dirigenti-scolastici-2019","status":"publish","type":"product","link":"https:\/\/www.guerini.it\/index.php\/prodotto\/prevendita-concorso-dirigenti-scolastici-2019\/","title":{"rendered":"Concorso dirigenti scolastici. Edizione 2019"},"content":{"rendered":"<p style=\"text-align: justify;\">Questa \u00e8 l\u2019edizione aggiornata a gennaio 2019 del fortunato manuale pubblicato per la prima volta nel 2017. \u00c8 stato concepito come una guida alla preparazione del concorso a dirigente scolastico e, oltre a numerosi consigli pratici per il superamento delle prove concorsuali, contiene un ampio inquadramento della funzione dirigenziale, molti spunti di riflessione critica sull\u2019attivit\u00e0 propria del dirigente delle scuole, una panoramica dell\u2019ordinamento giuridico complessivo e vari approfondimenti sulle questioni di specifico interesse per il mondo scolastico, inclusi numerosi riferimenti giurisprudenziali. Sono affrontate tutte le tematiche relative al ruolo che il dirigente deve svolgere per contribuire decisamente al miglioramento della didattica, degli apprendimenti e del clima relazionale.<br \/>\nIl testo accompagna il lettore lungo un articolato percorso formativo e lo mette in grado di individuare gli eventuali e ulteriori approfondimenti di cui necessita per affrontare il concorso.<br \/>\nAmpio spazio \u00e8 dedicato alle ultime novit\u00e0 in materia di normativa scolastica o comunque attinenti al mondo della scuola e comprensive di tutte le principali innovazioni successive alla legge 107 e ai suoi otto decreti attuativi: il CCNL di comparto 2016-2018, il decreto Milleproroghe 2018, la Privacy europea, il nuovo regolamento di contabilit\u00e0, la legge di bilancio per il 2019.<\/p>\n<p><strong><a href=\"https:\/\/test.guerini.it\/wp-content\/uploads\/2019\/02\/Indice_Concorso_dirigenti_scolastici_2019_b.pdf\" target=\"_blank\" rel=\"noopener\">Scarica l&#8217;indice<\/a><\/strong><\/p>\n<hr \/>\n<p style=\"text-align: justify;\"><strong>Antonello Giannelli<\/strong>, attuale Presidente dell\u2019ANP (Associazione nazionale dirigenti pubblici e alte professionalit\u00e0 della scuola), \u00e8 dirigente tecnico MIUR ed \u00e8 stato in precedenza dirigente scolastico, preside incaricato, docente a contratto presso la Scuola di specializzazione all\u2019insegnamento secondario (SSIS) del Lazio, docente del piano nazionale informatica (PNI), ricercatore ENEA. Esperto di tematiche organizzative, gestionali e giuridiche afferenti al settore scolastico sulle quali ha svolto intensa attivit\u00e0 di formazione e aggiornamento per dirigenti, \u00e8 autore di numerose pubblicazioni di diritto scolastico e ha curato per ANP dal 2012 al 2017, l\u2019edizione annuale del volume <em>Da oggi dirigente. L\u2019agenda dei primi 100 giorni<\/em>. Per le nostre edizioni ha pubblicato <a href=\"https:\/\/www.guerini.it\/index.php\/prodotto\/guida-teorico-pratica-per-i-dirigenti-delle-scuole\/\"><em>Guida teorico-pratica per i dirigenti delle scuole<\/em><\/a> (2015), <a href=\"https:\/\/www.guerini.it\/index.php\/prodotto\/concorso-dirigenti-scolastici\/\"><em>Concorso dirigenti scolastici. Manuale per la preparazione<\/em><\/a> (2017) e <a href=\"https:\/\/www.guerini.it\/index.php\/prodotto\/concorso-dirigenti-scolastici-prova-orale-prevendita\/\"><em>Concorso dirigenti scolastici. Prova orale<\/em><\/a> (a cura, 2019).<\/p>\n","protected":false},"excerpt":{"rendered":"<p>Questa \u00e8 l\u2019edizione aggiornata a gennaio 2019 del fortunato manuale pubblicato per la prima volta nel 2017. \u00c8 stato concepito come una guida alla preparazione del concorso a dirigente scolastico e, oltre a numerosi consigli pratici per il superamento delle prove concorsuali, contiene un ampio inquadramento della funzione dirigenziale, molti spunti di riflessione critica sull\u2019attivit\u00e0 propria del dirigente delle scuole, una panoramica dell\u2019ordinamento giuridico complessivo e vari approfondimenti sulle questioni di specifico interesse per il mondo scolastico, inclusi numerosi riferimenti giurisprudenziali. Sono affrontate tutte le tematiche relative al ruolo che il dirigente deve svolgere per contribuire decisamente al miglioramento della didattica, degli apprendimenti e del clima relazionale.<br \/>\nIl testo accompagna il lettore lungo un articolato percorso formativo e lo mette in grado di individuare gli eventuali e ulteriori approfondimenti di cui necessita per affrontare il concorso.<br \/>\nAmpio spazio \u00e8 dedicato alle ultime novit\u00e0 in materia di normativa scolastica o comunque attinenti al mondo della scuola e comprensive di tutte le principali innovazioni successive alla legge 107 e ai suoi otto decreti attuativi: il CCNL di comparto 2016-2018, il decreto Milleproroghe 2018, la Privacy europea, il nuovo regolamento di contabilit\u00e0, la legge di bilancio per il 2019.<\/p>\n","protected":false},"featured_media":23375,"template":"","meta":{"_editorskit_title_hidden":false,"_editorskit_reading_time":0,"_editorskit_is_block_options_detached":false,"_editorskit_block_options_position":"{}","_monsterinsights_skip_tracking":false,"_monsterinsights_sitenote_active":false,"_monsterinsights_sitenote_note":"","_monsterinsights_sitenote_category":0},"product_brand":[],"product_cat":[6787,8379,6717,6684],"product_tag":[],"class_list":{"0":"post-16245","1":"product","2":"type-product","3":"status-publish","4":"has-post-thumbnail","6":"product_cat-concorso-pubblico","7":"product_cat-manuali","8":"product_cat-libri-in-promozione","9":"product_cat-concorso-dirigenti-scolastici","10":"pa_guerini_amazon_link-2b-httpswwwamazonitconcorso_d","11":"pa_guerini_feltrinelli_link-https-www-lafeltrinelli-it-concorso-dirigenti-scolastici-manuale-per-libro-antonello-giannelli-e-9788862507431","12":"pa_guerini_ibs_link-b2-httpswwwibsitconcorso_diri","13":"pa_guerini_libruniver_link-https-www-libreriauniversitaria-it-concorso-dirigenti-scolastici-manuale-preparazione-libro-9788862507431","14":"pa_guerini_link_amazon-21-httpswwwamazonitconcorso_d","15":"pa_guerini_link_apple_ibook-1d-httpsitunesapplecomitbookc","16":"pa_guerini_link_bookrepublic-b6-httpswwwbookrepublicitbook","17":"pa_guerini_link_google_play-https-play-google-com-store-books-details-antonello_giannelli_concorso_dirigenti_scolasticiidt2kidwaaqbajhlit","18":"pa_guerini_link_ibs-https-www-ibs-it-concorso-dirigenti-scolastici-manuale-per-ebook-antonello-giannelli-e-9788881953196","19":"pa_guerini_link_kobo-ac-httpswwwkobocomitenebookco","20":"pa_guerini_link_lafeltrinelli-https-www-lafeltrinelli-it-concorso-dirigenti-scolastici-manuale-per-ebook-antonello-giannelli-e-9788881953196","21":"pa_guerini_link_mondadori-https-www-mondadoristore-it-concorso-dirigenti-antonello-giannelli-eai978888195319","22":"pa_guerini_link_rizzoli-https-www-libreriarizzoli-it-concorso-dirigenti-antonello-giannelli-eai978888195319","23":"pa_guerini_mondadori_link-c2-httpswwwmondadoristoreitco","25":"first","26":"instock","27":"sale","28":"shipping-taxable","29":"purchasable","30":"product-type-simple"},"yoast_head":"<!-- This site is optimized with the Yoast SEO plugin v25.4 - https:\/\/yoast.com\/wordpress\/plugins\/seo\/ -->\n<title>Concorso dirigenti scolastici. Edizione 2019 - Guerini e Associati<\/title>\n<meta name=\"robots\" content=\"index, follow, max-snippet:-1, max-image-preview:large, max-video-preview:-1\" \/>\n<link rel=\"canonical\" href=\"https:\/\/www.guerini.it\/index.php\/prodotto\/prevendita-concorso-dirigenti-scolastici-2019\/\" \/>\n<meta property=\"og:locale\" content=\"it_IT\" \/>\n<meta property=\"og:type\" content=\"article\" \/>\n<meta property=\"og:title\" content=\"Concorso dirigenti scolastici. Edizione 2019 - Guerini e Associati\" \/>\n<meta property=\"og:description\" content=\"Questa \u00e8 l\u2019edizione aggiornata a gennaio 2019 del fortunato manuale pubblicato per la prima volta nel 2017. \u00c8 stato concepito come una guida alla preparazione del concorso a dirigente scolastico e, oltre a numerosi consigli pratici per il superamento delle prove concorsuali, contiene un ampio inquadramento della funzione dirigenziale, molti spunti di riflessione critica sull\u2019attivit\u00e0 propria del dirigente delle scuole, una panoramica dell\u2019ordinamento giuridico complessivo e vari approfondimenti sulle questioni di specifico interesse per il mondo scolastico, inclusi numerosi riferimenti giurisprudenziali. Sono affrontate tutte le tematiche relative al ruolo che il dirigente deve svolgere per contribuire decisamente al miglioramento della didattica, degli apprendimenti e del clima relazionale. Il testo accompagna il lettore lungo un articolato percorso formativo e lo mette in grado di individuare gli eventuali e ulteriori approfondimenti di cui necessita per affrontare il concorso. Ampio spazio \u00e8 dedicato alle ultime novit\u00e0 in materia di normativa scolastica o comunque attinenti al mondo della scuola e comprensive di tutte le principali innovazioni successive alla legge 107 e ai suoi otto decreti attuativi: il CCNL di comparto 2016-2018, il decreto Milleproroghe 2018, la Privacy europea, il nuovo regolamento di contabilit\u00e0, la legge di bilancio per il 2019.\" \/>\n<meta property=\"og:url\" content=\"https:\/\/www.guerini.it\/index.php\/prodotto\/prevendita-concorso-dirigenti-scolastici-2019\/\" \/>\n<meta property=\"og:site_name\" content=\"Guerini e Associati\" \/>\n<meta property=\"article:modified_time\" content=\"2024-06-12T12:40:41+00:00\" \/>\n<meta property=\"og:image\" content=\"https:\/\/www.guerini.it\/wp-content\/uploads\/2019\/02\/Concorso-dirigenti-scolastici-2019.webp\" \/>\n\t<meta property=\"og:image:width\" content=\"708\" \/>\n\t<meta property=\"og:image:height\" content=\"1000\" \/>\n\t<meta property=\"og:image:type\" content=\"image\/webp\" \/>\n<meta name=\"twitter:card\" content=\"summary_large_image\" \/>\n<meta name=\"twitter:label1\" content=\"Tempo di lettura stimato\" \/>\n\t<meta name=\"twitter:data1\" content=\"2 minuti\" \/>\n<!-- \/ Yoast SEO plugin. -->","yoast_head_json":{"title":"Concorso dirigenti scolastici. Edizione 2019 - Guerini e Associati","robots":{"index":"index","follow":"follow","max-snippet":"max-snippet:-1","max-image-preview":"max-image-preview:large","max-video-preview":"max-video-preview:-1"},"canonical":"https:\/\/www.guerini.it\/index.php\/prodotto\/prevendita-concorso-dirigenti-scolastici-2019\/","og_locale":"it_IT","og_type":"article","og_title":"Concorso dirigenti scolastici. Edizione 2019 - Guerini e Associati","og_description":"Questa \u00e8 l\u2019edizione aggiornata a gennaio 2019 del fortunato manuale pubblicato per la prima volta nel 2017. \u00c8 stato concepito come una guida alla preparazione del concorso a dirigente scolastico e, oltre a numerosi consigli pratici per il superamento delle prove concorsuali, contiene un ampio inquadramento della funzione dirigenziale, molti spunti di riflessione critica sull\u2019attivit\u00e0 propria del dirigente delle scuole, una panoramica dell\u2019ordinamento giuridico complessivo e vari approfondimenti sulle questioni di specifico interesse per il mondo scolastico, inclusi numerosi riferimenti giurisprudenziali. Sono affrontate tutte le tematiche relative al ruolo che il dirigente deve svolgere per contribuire decisamente al miglioramento della didattica, degli apprendimenti e del clima relazionale. Il testo accompagna il lettore lungo un articolato percorso formativo e lo mette in grado di individuare gli eventuali e ulteriori approfondimenti di cui necessita per affrontare il concorso. Ampio spazio \u00e8 dedicato alle ultime novit\u00e0 in materia di normativa scolastica o comunque attinenti al mondo della scuola e comprensive di tutte le principali innovazioni successive alla legge 107 e ai suoi otto decreti attuativi: il CCNL di comparto 2016-2018, il decreto Milleproroghe 2018, la Privacy europea, il nuovo regolamento di contabilit\u00e0, la legge di bilancio per il 2019.","og_url":"https:\/\/www.guerini.it\/index.php\/prodotto\/prevendita-concorso-dirigenti-scolastici-2019\/","og_site_name":"Guerini e Associati","article_modified_time":"2024-06-12T12:40:41+00:00","og_image":[{"width":708,"height":1000,"url":"https:\/\/www.guerini.it\/wp-content\/uploads\/2019\/02\/Concorso-dirigenti-scolastici-2019.webp","type":"image\/webp"}],"twitter_card":"summary_large_image","twitter_misc":{"Tempo di lettura stimato":"2 minuti"},"schema":{"@context":"https:\/\/schema.org","@graph":[{"@type":"WebPage","@id":"https:\/\/www.guerini.it\/index.php\/prodotto\/prevendita-concorso-dirigenti-scolastici-2019\/","url":"https:\/\/www.guerini.it\/index.php\/prodotto\/prevendita-concorso-dirigenti-scolastici-2019\/","name":"Concorso dirigenti scolastici. Edizione 2019 - Guerini e Associati","isPartOf":{"@id":"https:\/\/www.guerini.it\/#website"},"primaryImageOfPage":{"@id":"https:\/\/www.guerini.it\/index.php\/prodotto\/prevendita-concorso-dirigenti-scolastici-2019\/#primaryimage"},"image":{"@id":"https:\/\/www.guerini.it\/index.php\/prodotto\/prevendita-concorso-dirigenti-scolastici-2019\/#primaryimage"},"thumbnailUrl":"https:\/\/www.guerini.it\/wp-content\/uploads\/2019\/02\/Concorso-dirigenti-scolastici-2019.webp","datePublished":"2019-02-06T14:05:23+00:00","dateModified":"2024-06-12T12:40:41+00:00","breadcrumb":{"@id":"https:\/\/www.guerini.it\/index.php\/prodotto\/prevendita-concorso-dirigenti-scolastici-2019\/#breadcrumb"},"inLanguage":"it-IT","potentialAction":[{"@type":"ReadAction","target":["https:\/\/www.guerini.it\/index.php\/prodotto\/prevendita-concorso-dirigenti-scolastici-2019\/"]}]},{"@type":"ImageObject","inLanguage":"it-IT","@id":"https:\/\/www.guerini.it\/index.php\/prodotto\/prevendita-concorso-dirigenti-scolastici-2019\/#primaryimage","url":"https:\/\/www.guerini.it\/wp-content\/uploads\/2019\/02\/Concorso-dirigenti-scolastici-2019.webp","contentUrl":"https:\/\/www.guerini.it\/wp-content\/uploads\/2019\/02\/Concorso-dirigenti-scolastici-2019.webp","width":708,"height":1000,"caption":"Copertina del volume Concorso dirigenti scolastici. Edizione 2019, Guerini e Associati, 2019"},{"@type":"BreadcrumbList","@id":"https:\/\/www.guerini.it\/index.php\/prodotto\/prevendita-concorso-dirigenti-scolastici-2019\/#breadcrumb","itemListElement":[{"@type":"ListItem","position":1,"name":"Home","item":"https:\/\/www.guerini.it\/"},{"@type":"ListItem","position":2,"name":"Catalogo","item":"https:\/\/www.guerini.it\/index.php\/negozio\/"},{"@type":"ListItem","position":3,"name":"Concorso dirigenti scolastici. Edizione 2019"}]},{"@type":"WebSite","@id":"https:\/\/www.guerini.it\/#website","url":"https:\/\/www.guerini.it\/","name":"Guerini e Associati","description":"30 anni di libri, idee e libert\u00e0","publisher":{"@id":"https:\/\/www.guerini.it\/#organization"},"potentialAction":[{"@type":"SearchAction","target":{"@type":"EntryPoint","urlTemplate":"https:\/\/www.guerini.it\/?s={search_term_string}"},"query-input":{"@type":"PropertyValueSpecification","valueRequired":true,"valueName":"search_term_string"}}],"inLanguage":"it-IT"},{"@type":"Organization","@id":"https:\/\/www.guerini.it\/#organization","name":"Guerini e Associati","url":"https:\/\/www.guerini.it\/","logo":{"@type":"ImageObject","inLanguage":"it-IT","@id":"https:\/\/www.guerini.it\/#\/schema\/logo\/image\/","url":"https:\/\/www.guerini.it\/wp-content\/uploads\/2021\/03\/Logo-Guerini-OK_-e1615831292285.png","contentUrl":"https:\/\/www.guerini.it\/wp-content\/uploads\/2021\/03\/Logo-Guerini-OK_-e1615831292285.png","width":2805,"height":1870,"caption":"Guerini e Associati"},"image":{"@id":"https:\/\/www.guerini.it\/#\/schema\/logo\/image\/"}}]}},"_links":{"self":[{"href":"https:\/\/www.guerini.it\/index.php\/wp-json\/wp\/v2\/product\/16245","targetHints":{"allow":["GET"]}}],"collection":[{"href":"https:\/\/www.guerini.it\/index.php\/wp-json\/wp\/v2\/product"}],"about":[{"href":"https:\/\/www.guerini.it\/index.php\/wp-json\/wp\/v2\/types\/product"}],"wp:featuredmedia":[{"embeddable":true,"href":"https:\/\/www.guerini.it\/index.php\/wp-json\/wp\/v2\/media\/23375"}],"wp:attachment":[{"href":"https:\/\/www.guerini.it\/index.php\/wp-json\/wp\/v2\/media?parent=16245"}],"wp:term":[{"taxonomy":"product_brand","embeddable":true,"href":"https:\/\/www.guerini.it\/index.php\/wp-json\/wp\/v2\/product_brand?post=16245"},{"taxonomy":"product_cat","embeddable":true,"href":"https:\/\/www.guerini.it\/index.php\/wp-json\/wp\/v2\/product_cat?post=16245"},{"taxonomy":"product_tag","embeddable":true,"href":"https:\/\/www.guerini.it\/index.php\/wp-json\/wp\/v2\/product_tag?post=16245"}],"curies":[{"name":"wp","href":"https:\/\/api.w.org\/{rel}","templated":true}]}}