{"id":16247,"date":"2019-02-11T12:31:02","date_gmt":"2019-02-11T11:31:02","guid":{"rendered":"https:\/\/test.guerini.it\/?product=pensare-per-sistemi"},"modified":"2024-06-20T09:50:15","modified_gmt":"2024-06-20T07:50:15","slug":"pensare-per-sistemi","status":"publish","type":"product","link":"https:\/\/www.guerini.it\/index.php\/prodotto\/pensare-per-sistemi\/","title":{"rendered":"Pensare per Sistemi"},"content":{"rendered":"<p style=\"text-align: justify;\">\u00abPrima di disturbare il sistema in qualsiasi modo, guarda come si comporta. Se \u00e8 un pezzo musicale o un fiume in piena o una fluttuazione del prezzo di un bene, studia il suo ritmo. Se \u00e8 un sistema sociale, guardalo al lavoro. Impara la sua storia\u00bb &#8211; <em>Donella Meadows<\/em><\/p>\n<p style=\"text-align: justify;\">\u00abNon abbiamo pi\u00f9 bisogno di individui smart, ma di intelligenza collettiva: ecco un fondamentale principio del pensiero sistemico\u00bb &#8211;<em> Peter Senge<\/em><\/p>\n<p style=\"text-align: justify;\">\u00abPensare per sistemi fa parte della storia culturale della nostra specie, e Donella Meadows (che con il marito Dennis e Jay Forrester fa parte della mia personale storia professionale) ci racconta nel suo libro questa nuova avventura della conoscenza\u00bb &#8211; <em>Piero Angela<\/em><\/p>\n<p style=\"text-align: justify;\">Negli anni seguenti alla pubblicazione del bestseller internazionale <em>I limiti allo sviluppo<\/em>, della cui stesura fu leader, Donella Meadows rimase sempre in prima linea nell\u2019analisi di fenomeni sociali, economici ed ambientali, fino alla sua prematura morte nel 2001. Lungamente atteso, <em>Pensare per Sistemi<\/em> \u00e8 un libro conciso sulla comprensione della realt\u00e0 che ci circonda, e sul <em>problem-solving<\/em> a livello personale, organizzativo e globale. Edito nella sua prima stesura da Diana Wright, del <em>Sustainability Institute<\/em>, ed adattato e tradotto in questa sua prima apparizione in italiano dal<em> System Dynamics Italian Chapter<\/em> (SYDIC), il Chapter italiano della <em>International System Dynamics Society<\/em>, questa essenziale introduzione sposta l\u2019attenzione del lettore dal reame delle equazioni e delle simulazioni verso la realt\u00e0 quotidiana di persone e organizzazioni, mostrando come sviluppare le abilit\u00e0 e competenze del pensiero sistemico che sempre pi\u00f9 leader in tutto il pianeta considerano critiche ed indispensabili per la vita nel XXI secolo.<br \/>\nIl libro si rivolge a manager, amministratori, ricercatori, formatori, consulenti, agenti del cambiamento; insegna loro a riconoscere i \u00abpunti di leva\u00bb, quei luoghi di un sistema in cui un piccolo cambiamento pu\u00f2 portare a grandi e durature trasformazioni.<\/p>\n<p style=\"text-align: justify;\"><strong>Donella Meadows<\/strong> \u00e8 stata scienziata, autrice, docente. \u00c8 stata una dei pi\u00f9 importanti analisti di sistemi a livello mondiale, vincitrice del premio \u00abGenius\u00bb della Fondazione McArthur, nonch\u00e9 nominata per il Premio Pulitzer in virt\u00f9 della sua lunga carriera di giornalista e scrittrice per i maggiori quotidiani statunitensi. Mor\u00ec in maniera del tutto inattesa nel 2001 mentre si avvicinava al completamento di <em>Pensare per Sistemi<\/em>.<\/p>\n","protected":false},"excerpt":{"rendered":"<p style=\"text-align: justify;\">\u00abPrima di disturbare il sistema in qualsiasi modo, guarda come si comporta. Se \u00e8 un pezzo musicale o un fiume in piena o una fluttuazione del prezzo di un bene, studia il suo ritmo. Se \u00e8 un sistema sociale, guardalo al lavoro. Impara la sua storia\u00bb &#8211; <em>Donella Meadows<\/em><\/p>\n<p style=\"text-align: justify;\">\u00abNon abbiamo pi\u00f9 bisogno di individui smart, ma di intelligenza collettiva: ecco un fondamentale principio del pensiero sistemico\u00bb &#8211;<em> Peter Senge<\/em><\/p>\n<p style=\"text-align: justify;\">\u00abPensare per sistemi fa parte della storia culturale della nostra specie, e Donella Meadows (che con il marito Dennis e Jay Forrester fa parte della mia personale storia professionale) ci racconta nel suo libro questa nuova avventura della conoscenza\u00bb &#8211; <em>Piero Angela<\/em><\/p>\n<p style=\"text-align: justify;\">Negli anni seguenti alla pubblicazione del bestseller internazionale <em>I limiti allo sviluppo<\/em>, della cui stesura fu leader, Donella Meadows rimase sempre in prima linea nell\u2019analisi di fenomeni sociali, economici ed ambientali, fino alla sua prematura morte nel 2001. Lungamente atteso, <em>Pensare per Sistemi<\/em> \u00e8 un libro conciso sulla comprensione della realt\u00e0 che ci circonda, e sul <em>problem-solving<\/em> a livello personale, organizzativo e globale. Edito nella sua prima stesura da Diana Wright, del <em>Sustainability Institute<\/em>, ed adattato e tradotto in questa sua prima apparizione in italiano dal<em> System Dynamics Italian Chapter<\/em> (SYDIC), il Chapter italiano della <em>International System Dynamics Society<\/em>, questa essenziale introduzione sposta l\u2019attenzione del lettore dal reame delle equazioni e delle simulazioni verso la realt\u00e0 quotidiana di persone e organizzazioni, mostrando come sviluppare le abilit\u00e0 e competenze del pensiero sistemico che sempre pi\u00f9 leader in tutto il pianeta considerano critiche ed indispensabili per la vita nel XXI secolo.<br \/>\nIl libro si rivolge a manager, amministratori, ricercatori, formatori, consulenti, agenti del cambiamento; insegna loro a riconoscere i \u00abpunti di leva\u00bb, quei luoghi di un sistema in cui un piccolo cambiamento pu\u00f2 portare a grandi e durature trasformazioni.<\/p>\n<p style=\"text-align: justify;\"><strong>Donella Meadows<\/strong> \u00e8 stata scienziata, autrice, docente. \u00c8 stata una dei pi\u00f9 importanti analisti di sistemi a livello mondiale, vincitrice del premio \u00abGenius\u00bb della Fondazione McArthur, nonch\u00e9 nominata per il Premio Pulitzer in virt\u00f9 della sua lunga carriera di giornalista e scrittrice per i maggiori quotidiani statunitensi. Mor\u00ec in maniera del tutto inattesa nel 2001 mentre si avvicinava al completamento di <em>Pensare per Sistemi<\/em>.<\/p>\n","protected":false},"featured_media":16246,"template":"","meta":{"_editorskit_title_hidden":false,"_editorskit_reading_time":0,"_editorskit_is_block_options_detached":false,"_editorskit_block_options_position":"{}","_monsterinsights_skip_tracking":false,"_monsterinsights_sitenote_active":false,"_monsterinsights_sitenote_note":"","_monsterinsights_sitenote_category":0},"product_brand":[],"product_cat":[6805,6529],"product_tag":[],"class_list":{"0":"post-16247","1":"product","2":"type-product","3":"status-publish","4":"has-post-thumbnail","6":"product_cat-guerini-next","7":"product_cat-economia-e-management","8":"pa_fulfillment-default","9":"pa_guerini_amazon_link-e5-httpswwwamazonitpensare_si","10":"pa_guerini_feltrinelli_link-0e-httpswwwawin1comcreadphpaw","11":"pa_guerini_ibs_link-e9-httpswwwawin1comcreadphpaw","12":"pa_guerini_libruniver_link-51-httpswwwlibreriauniversita","13":"pa_guerini_link_amazon-httpswwwamazonitdpb07p5px813","14":"pa_guerini_link_apple_ibook-74-httpsitunesapplecomitbookp","15":"pa_guerini_link_bookrepublic-27-httpswwwbookrepublicitbook","16":"pa_guerini_link_google_play-64-httpsplaygooglecomstoreboo","17":"pa_guerini_link_ibs-93-httpswwwibsitpensare_per_s","18":"pa_guerini_link_kobo-31-httpswwwkobocomitenebookpe","19":"pa_guerini_link_lafeltrinelli-09-httpswwwlafeltrinelliitebo","20":"pa_guerini_link_mondadori-19-httpswwwmondadoristoreitpe","21":"pa_guerini_link_rizzoli-61-httpswwwlibreriarizzoliitp","22":"pa_guerini_mondadori_link-58-httpswwwmondadoristoreitpe","24":"first","25":"instock","26":"sale","27":"shipping-taxable","28":"purchasable","29":"product-type-simple"},"yoast_head":"<!-- This site is optimized with the Yoast SEO plugin v25.4 - https:\/\/yoast.com\/wordpress\/plugins\/seo\/ -->\n<title>Pensare per Sistemi - Guerini e Associati<\/title>\n<meta name=\"robots\" content=\"index, follow, max-snippet:-1, max-image-preview:large, max-video-preview:-1\" \/>\n<link rel=\"canonical\" href=\"https:\/\/www.guerini.it\/index.php\/prodotto\/pensare-per-sistemi\/\" \/>\n<meta property=\"og:locale\" content=\"it_IT\" \/>\n<meta property=\"og:type\" content=\"article\" \/>\n<meta property=\"og:title\" content=\"Pensare per Sistemi - Guerini e Associati\" \/>\n<meta property=\"og:description\" content=\"\u00abPrima di disturbare il sistema in qualsiasi modo, guarda come si comporta. Se \u00e8 un pezzo musicale o un fiume in piena o una fluttuazione del prezzo di un bene, studia il suo ritmo. Se \u00e8 un sistema sociale, guardalo al lavoro. Impara la sua storia\u00bb - Donella Meadows \u00abNon abbiamo pi\u00f9 bisogno di individui smart, ma di intelligenza collettiva: ecco un fondamentale principio del pensiero sistemico\u00bb - Peter Senge \u00abPensare per sistemi fa parte della storia culturale della nostra specie, e Donella Meadows (che con il marito Dennis e Jay Forrester fa parte della mia personale storia professionale) ci racconta nel suo libro questa nuova avventura della conoscenza\u00bb - Piero Angela Negli anni seguenti alla pubblicazione del bestseller internazionale I limiti allo sviluppo, della cui stesura fu leader, Donella Meadows rimase sempre in prima linea nell\u2019analisi di fenomeni sociali, economici ed ambientali, fino alla sua prematura morte nel 2001. Lungamente atteso, Pensare per Sistemi \u00e8 un libro conciso sulla comprensione della realt\u00e0 che ci circonda, e sul problem-solving a livello personale, organizzativo e globale. Edito nella sua prima stesura da Diana Wright, del Sustainability Institute, ed adattato e tradotto in questa sua prima apparizione in italiano dal System Dynamics Italian Chapter (SYDIC), il Chapter italiano della International System Dynamics Society, questa essenziale introduzione sposta l\u2019attenzione del lettore dal reame delle equazioni e delle simulazioni verso la realt\u00e0 quotidiana di persone e organizzazioni, mostrando come sviluppare le abilit\u00e0 e competenze del pensiero sistemico che sempre pi\u00f9 leader in tutto il pianeta considerano critiche ed indispensabili per la vita nel XXI secolo. Il libro si rivolge a manager, amministratori, ricercatori, formatori, consulenti, agenti del cambiamento; insegna loro a riconoscere i \u00abpunti di leva\u00bb, quei luoghi di un sistema in cui un piccolo cambiamento pu\u00f2 portare a grandi e durature trasformazioni. Donella Meadows \u00e8 stata scienziata, autrice, docente. \u00c8 stata una dei pi\u00f9 importanti analisti di sistemi a livello mondiale, vincitrice del premio \u00abGenius\u00bb della Fondazione McArthur, nonch\u00e9 nominata per il Premio Pulitzer in virt\u00f9 della sua lunga carriera di giornalista e scrittrice per i maggiori quotidiani statunitensi. Mor\u00ec in maniera del tutto inattesa nel 2001 mentre si avvicinava al completamento di Pensare per Sistemi.\" \/>\n<meta property=\"og:url\" content=\"https:\/\/www.guerini.it\/index.php\/prodotto\/pensare-per-sistemi\/\" \/>\n<meta property=\"og:site_name\" content=\"Guerini e Associati\" \/>\n<meta property=\"article:modified_time\" content=\"2024-06-20T07:50:15+00:00\" \/>\n<meta property=\"og:image\" content=\"https:\/\/www.guerini.it\/wp-content\/uploads\/2019\/02\/pensare_per_sistemi_sito.jpg\" \/>\n\t<meta property=\"og:image:width\" content=\"227\" \/>\n\t<meta property=\"og:image:height\" content=\"353\" \/>\n\t<meta property=\"og:image:type\" content=\"image\/jpeg\" \/>\n<meta name=\"twitter:card\" content=\"summary_large_image\" \/>\n<meta name=\"twitter:label1\" content=\"Tempo di lettura stimato\" \/>\n\t<meta name=\"twitter:data1\" content=\"3 minuti\" \/>\n<!-- \/ Yoast SEO plugin. -->","yoast_head_json":{"title":"Pensare per Sistemi - Guerini e Associati","robots":{"index":"index","follow":"follow","max-snippet":"max-snippet:-1","max-image-preview":"max-image-preview:large","max-video-preview":"max-video-preview:-1"},"canonical":"https:\/\/www.guerini.it\/index.php\/prodotto\/pensare-per-sistemi\/","og_locale":"it_IT","og_type":"article","og_title":"Pensare per Sistemi - Guerini e Associati","og_description":"\u00abPrima di disturbare il sistema in qualsiasi modo, guarda come si comporta. Se \u00e8 un pezzo musicale o un fiume in piena o una fluttuazione del prezzo di un bene, studia il suo ritmo. Se \u00e8 un sistema sociale, guardalo al lavoro. Impara la sua storia\u00bb - Donella Meadows \u00abNon abbiamo pi\u00f9 bisogno di individui smart, ma di intelligenza collettiva: ecco un fondamentale principio del pensiero sistemico\u00bb - Peter Senge \u00abPensare per sistemi fa parte della storia culturale della nostra specie, e Donella Meadows (che con il marito Dennis e Jay Forrester fa parte della mia personale storia professionale) ci racconta nel suo libro questa nuova avventura della conoscenza\u00bb - Piero Angela Negli anni seguenti alla pubblicazione del bestseller internazionale I limiti allo sviluppo, della cui stesura fu leader, Donella Meadows rimase sempre in prima linea nell\u2019analisi di fenomeni sociali, economici ed ambientali, fino alla sua prematura morte nel 2001. Lungamente atteso, Pensare per Sistemi \u00e8 un libro conciso sulla comprensione della realt\u00e0 che ci circonda, e sul problem-solving a livello personale, organizzativo e globale. Edito nella sua prima stesura da Diana Wright, del Sustainability Institute, ed adattato e tradotto in questa sua prima apparizione in italiano dal System Dynamics Italian Chapter (SYDIC), il Chapter italiano della International System Dynamics Society, questa essenziale introduzione sposta l\u2019attenzione del lettore dal reame delle equazioni e delle simulazioni verso la realt\u00e0 quotidiana di persone e organizzazioni, mostrando come sviluppare le abilit\u00e0 e competenze del pensiero sistemico che sempre pi\u00f9 leader in tutto il pianeta considerano critiche ed indispensabili per la vita nel XXI secolo. Il libro si rivolge a manager, amministratori, ricercatori, formatori, consulenti, agenti del cambiamento; insegna loro a riconoscere i \u00abpunti di leva\u00bb, quei luoghi di un sistema in cui un piccolo cambiamento pu\u00f2 portare a grandi e durature trasformazioni. Donella Meadows \u00e8 stata scienziata, autrice, docente. \u00c8 stata una dei pi\u00f9 importanti analisti di sistemi a livello mondiale, vincitrice del premio \u00abGenius\u00bb della Fondazione McArthur, nonch\u00e9 nominata per il Premio Pulitzer in virt\u00f9 della sua lunga carriera di giornalista e scrittrice per i maggiori quotidiani statunitensi. Mor\u00ec in maniera del tutto inattesa nel 2001 mentre si avvicinava al completamento di Pensare per Sistemi.","og_url":"https:\/\/www.guerini.it\/index.php\/prodotto\/pensare-per-sistemi\/","og_site_name":"Guerini e Associati","article_modified_time":"2024-06-20T07:50:15+00:00","og_image":[{"width":227,"height":353,"url":"https:\/\/www.guerini.it\/wp-content\/uploads\/2019\/02\/pensare_per_sistemi_sito.jpg","type":"image\/jpeg"}],"twitter_card":"summary_large_image","twitter_misc":{"Tempo di lettura stimato":"3 minuti"},"schema":{"@context":"https:\/\/schema.org","@graph":[{"@type":"WebPage","@id":"https:\/\/www.guerini.it\/index.php\/prodotto\/pensare-per-sistemi\/","url":"https:\/\/www.guerini.it\/index.php\/prodotto\/pensare-per-sistemi\/","name":"Pensare per Sistemi - Guerini e Associati","isPartOf":{"@id":"https:\/\/www.guerini.it\/#website"},"primaryImageOfPage":{"@id":"https:\/\/www.guerini.it\/index.php\/prodotto\/pensare-per-sistemi\/#primaryimage"},"image":{"@id":"https:\/\/www.guerini.it\/index.php\/prodotto\/pensare-per-sistemi\/#primaryimage"},"thumbnailUrl":"https:\/\/www.guerini.it\/wp-content\/uploads\/2019\/02\/pensare_per_sistemi_sito.jpg","datePublished":"2019-02-11T11:31:02+00:00","dateModified":"2024-06-20T07:50:15+00:00","breadcrumb":{"@id":"https:\/\/www.guerini.it\/index.php\/prodotto\/pensare-per-sistemi\/#breadcrumb"},"inLanguage":"it-IT","potentialAction":[{"@type":"ReadAction","target":["https:\/\/www.guerini.it\/index.php\/prodotto\/pensare-per-sistemi\/"]}]},{"@type":"ImageObject","inLanguage":"it-IT","@id":"https:\/\/www.guerini.it\/index.php\/prodotto\/pensare-per-sistemi\/#primaryimage","url":"https:\/\/www.guerini.it\/wp-content\/uploads\/2019\/02\/pensare_per_sistemi_sito.jpg","contentUrl":"https:\/\/www.guerini.it\/wp-content\/uploads\/2019\/02\/pensare_per_sistemi_sito.jpg","width":227,"height":353,"caption":"Pensare per sistemi"},{"@type":"BreadcrumbList","@id":"https:\/\/www.guerini.it\/index.php\/prodotto\/pensare-per-sistemi\/#breadcrumb","itemListElement":[{"@type":"ListItem","position":1,"name":"Home","item":"https:\/\/www.guerini.it\/"},{"@type":"ListItem","position":2,"name":"Catalogo","item":"https:\/\/www.guerini.it\/index.php\/negozio\/"},{"@type":"ListItem","position":3,"name":"Pensare per Sistemi"}]},{"@type":"WebSite","@id":"https:\/\/www.guerini.it\/#website","url":"https:\/\/www.guerini.it\/","name":"Guerini e Associati","description":"30 anni di libri, idee e libert\u00e0","publisher":{"@id":"https:\/\/www.guerini.it\/#organization"},"potentialAction":[{"@type":"SearchAction","target":{"@type":"EntryPoint","urlTemplate":"https:\/\/www.guerini.it\/?s={search_term_string}"},"query-input":{"@type":"PropertyValueSpecification","valueRequired":true,"valueName":"search_term_string"}}],"inLanguage":"it-IT"},{"@type":"Organization","@id":"https:\/\/www.guerini.it\/#organization","name":"Guerini e Associati","url":"https:\/\/www.guerini.it\/","logo":{"@type":"ImageObject","inLanguage":"it-IT","@id":"https:\/\/www.guerini.it\/#\/schema\/logo\/image\/","url":"https:\/\/www.guerini.it\/wp-content\/uploads\/2021\/03\/Logo-Guerini-OK_-e1615831292285.png","contentUrl":"https:\/\/www.guerini.it\/wp-content\/uploads\/2021\/03\/Logo-Guerini-OK_-e1615831292285.png","width":2805,"height":1870,"caption":"Guerini e Associati"},"image":{"@id":"https:\/\/www.guerini.it\/#\/schema\/logo\/image\/"}}]}},"_links":{"self":[{"href":"https:\/\/www.guerini.it\/index.php\/wp-json\/wp\/v2\/product\/16247","targetHints":{"allow":["GET"]}}],"collection":[{"href":"https:\/\/www.guerini.it\/index.php\/wp-json\/wp\/v2\/product"}],"about":[{"href":"https:\/\/www.guerini.it\/index.php\/wp-json\/wp\/v2\/types\/product"}],"wp:featuredmedia":[{"embeddable":true,"href":"https:\/\/www.guerini.it\/index.php\/wp-json\/wp\/v2\/media\/16246"}],"wp:attachment":[{"href":"https:\/\/www.guerini.it\/index.php\/wp-json\/wp\/v2\/media?parent=16247"}],"wp:term":[{"taxonomy":"product_brand","embeddable":true,"href":"https:\/\/www.guerini.it\/index.php\/wp-json\/wp\/v2\/product_brand?post=16247"},{"taxonomy":"product_cat","embeddable":true,"href":"https:\/\/www.guerini.it\/index.php\/wp-json\/wp\/v2\/product_cat?post=16247"},{"taxonomy":"product_tag","embeddable":true,"href":"https:\/\/www.guerini.it\/index.php\/wp-json\/wp\/v2\/product_tag?post=16247"}],"curies":[{"name":"wp","href":"https:\/\/api.w.org\/{rel}","templated":true}]}}