{"id":16253,"date":"2019-03-06T09:18:25","date_gmt":"2019-03-06T08:18:25","guid":{"rendered":"https:\/\/test.guerini.it\/?product=lean-giorno-per-giorno"},"modified":"2025-10-13T20:53:44","modified_gmt":"2025-10-13T18:53:44","slug":"lean-giorno-per-giorno","status":"publish","type":"product","link":"https:\/\/www.guerini.it\/index.php\/prodotto\/lean-giorno-per-giorno\/","title":{"rendered":"Lean giorno per giorno"},"content":{"rendered":"<p style=\"text-align: center;\">Fa parte della serie <em>Guide pratiche per l&#8217;azienda lean<\/em><\/p>\n<p style=\"text-align: justify;\">\u00abQui non funziona\u00bb, \u00abVa bene per i giapponesi, ma con la nostra gente non \u00e8 possibile\u00bb, \u00abNoi siamo diversi, nel nostro settore non \u00e8 applicabile\u00bb, \u00abIl nostro prodotto e il nostro processo non lo consentono\u00bb\u2026 Queste le pi\u00f9 frequenti obiezioni all\u2019approccio che oggi definiamo Lean, rivisitazione occidentale del Toyota Production System, vero e proprio stato dell\u2019arte nell\u2019organizzazione delle operazioni di produzione.<br \/>\nQuale la ragione di queste frequenti obiezioni? Cosa manca per una reale e duratura trasformazione lean delle organizzazioni?<br \/>\nNella letteratura sul sistema Lean vengono trattati numerosi argomenti riguardanti i metodi e la cultura aziendale. Poco o nulla si trova sugli aspetti inerenti alla gestione quotidiana e ai comportamenti organizzativi che consentono di far evolvere con successo l\u2019azienda verso il modello lean. <strong>Il modello lean, perseguendo prestazioni elevate, richiede un approccio continuo, giorno per giorno e ora per ora<\/strong>. Questo approccio si contrappone a quello tradizionale intermittente, con verifiche settimanali o mensili, che genera code e lotti di materiali, pur assicurando una certa tranquillit\u00e0 nel perseguire l\u2019efficienza di macchine e uomini, ma non la piena soddisfazione del cliente.<br \/>\nIl Lean Management \u00e8 l\u2019ingrediente fondamentale per le conversioni lean di successo e costituisce il \u00abmotore\u00bb e la guida per la diffusione della cultura lean. Questo libro introduce un sistema \u00absnello\u00bb e \u00abcontinuo\u00bb per la gestione operativa basato su tecniche e comportamenti organizzativi, spiegando, sia concettualmente che operativamente, come superare l\u2019astratto concetto di \u00abcultura lean\u00bb mediante la pratica quotidiana di \u00abcomportamenti organizzativi lean\u00bb.<br \/>\nIl libro si rivolge a imprenditori, amministratori delegati, direttori generali, responsabili delle funzioni di progettazione, ingegnerizzazione, produzione, logistica e manutenzione e a tutti coloro che vogliono intraprendere o hanno gi\u00e0 intrapreso il cammino dell\u2019evoluzione lean.<\/p>\n<p style=\"text-align: justify;\"><strong>Fabrizio Bianchi\u00a0<\/strong>ha ricoperto varie posizioni in aziende e in societ\u00e0 di consulenza italiane ed internazionali. Ha sviluppato progetti lean nei settori aeronautico, automobilistico, elettrodomestico, ferroviario, grandi opere, impiantistica industriale, alimentare, tessile, farmaceutico, ecc. \u00c8 autore di oltre 50 pubblicazioni tra articoli su riviste specializzate e libri sui temi del lean in progettazione e produzione. Negli ultimi anni la sua attenzione si \u00e8 rivolta particolarmente alle applicazioni negli uffici e nei servizi. Attualmente svolge attivit\u00e0 di formazione e consulenza, \u00e8 membro del Lean Club e professore a contratto di Lean Manufacturing presso la <span style=\"font-size: x-small;\">LIUC<\/span> (Universit\u00e0 Carlo Cattaneo).<\/p>\n<p style=\"text-align: justify;\"><strong>Matteo Bianchi <\/strong>dal 2008 lavora come consulente di organizzazione snella nelle operations, negli uffici e nei servizi. \u00c8 membro del Lean Club e professore a contratto di Lean Manufacturing presso la <span style=\"font-size: x-small;\">LIUC<\/span> (Universit\u00e0 Carlo Cattaneo). Ha partecipato a numerosi viaggi studio in Giappone, tradotto cinque libri sul Lean Manufacturing. Dal 2016 \u00e8 Senior Consultant e Trainer, Responsabile per lo sviluppo delle metodologie lean e WCM per il Gruppo SOGES spa. \u00c8 inoltre autore del blog <em>I Think Lean<\/em>:\u00a0<a href=\"https:\/\/ithinklean.wordpress.com\/\">https:\/\/ithinklean.wordpress.com\/\u00a0<\/a>.<\/p>\n<p><strong>Permalink:\u00a0<\/strong><a href=\"http:\/\/digital.casalini.it\/9788868961671\">http:\/\/digital.casalini.it\/9788868961671<\/a><\/p>\n","protected":false},"excerpt":{"rendered":"<p style=\"text-align: justify;\">\u00abQui non funziona\u00bb, \u00abVa bene per i giapponesi, ma con la nostra gente non \u00e8 possibile\u00bb, \u00abNoi siamo diversi, nel nostro settore non \u00e8 applicabile\u00bb, \u00abIl nostro prodotto e il nostro processo non lo consentono\u00bb\u2026 Queste le pi\u00f9 frequenti obiezioni all\u2019approccio che oggi definiamo Lean, rivisitazione occidentale del Toyota Production System, vero e proprio stato dell\u2019arte nell\u2019organizzazione delle operazioni di produzione.<br \/>\nQuale la ragione di queste frequenti obiezioni? Cosa manca per una reale e duratura trasformazione lean delle organizzazioni?<br \/>\nNella letteratura sul sistema Lean vengono trattati numerosi argomenti riguardanti i metodi e la cultura aziendale. Poco o nulla si trova sugli aspetti inerenti alla gestione quotidiana e ai comportamenti organizzativi che consentono di far evolvere con successo l\u2019azienda verso il modello lean. <strong>Il modello lean, perseguendo prestazioni elevate, richiede un approccio continuo, giorno per giorno e ora per ora.<\/strong> Questo approccio si contrappone a quello tradizionale intermittente, con verifiche settimanali o mensili, che genera code e lotti di materiali, pur assicurando una certa tranquillit\u00e0 nel perseguire l\u2019efficienza di macchine e uomini, ma non la piena soddisfazione del cliente.<br \/>\nIl Lean Management \u00e8 l\u2019ingrediente fondamentale per le conversioni lean di successo e costituisce il \u00abmotore\u00bb e la guida per la diffusione della cultura lean. Questo libro introduce un sistema \u00absnello\u00bb e \u00abcontinuo\u00bb per la gestione operativa basato su tecniche e comportamenti organizzativi, spiegando, sia concettualmente che operativamente, come superare l\u2019astratto concetto di \u00abcultura lean\u00bb mediante la pratica quotidiana di \u00abcomportamenti organizzativi lean\u00bb.<br \/>\nIl libro si rivolge a imprenditori, amministratori delegati, direttori generali, responsabili delle funzioni di progettazione, ingegnerizzazione, produzione, logistica e manutenzione e a tutti coloro che vogliono intraprendere o hanno gi\u00e0 intrapreso il cammino dell\u2019evoluzione lean.<\/p>\n","protected":false},"featured_media":16252,"template":"","meta":{"_editorskit_title_hidden":false,"_editorskit_reading_time":0,"_editorskit_is_block_options_detached":false,"_editorskit_block_options_position":"{}","_monsterinsights_skip_tracking":false,"_monsterinsights_sitenote_active":false,"_monsterinsights_sitenote_note":"","_monsterinsights_sitenote_category":0},"product_brand":[],"product_cat":[6805,6562,6532],"product_tag":[],"class_list":{"0":"post-16253","1":"product","2":"type-product","3":"status-publish","4":"has-post-thumbnail","6":"product_cat-guerini-next","7":"product_cat-gpl","8":"product_cat-lean-production","9":"pa_fulfillment-default","10":"pa_guerini_amazon_link-https-www-amazon-it-giorno-giorno-produzione-servizi-uffici-dp-8868961679","11":"pa_guerini_ibs_link-https-www-ibs-it-lean-giorno-per-giorno-in-libro-fabrizio-bianchi-matteo-bianchi-e-9788868961671","12":"pa_guerini_link_amazon-httpswwwamazonitdpb07plbl17p","13":"pa_guerini_link_apple_ibook-3b-httpsitunesapplecomitbookl","14":"pa_guerini_link_bookrepublic-c0-httpswwwbookrepublicitbook","15":"pa_guerini_link_kobo-f3-httpswwwkobocomitesebookle","17":"first","18":"instock","19":"sale","20":"shipping-taxable","21":"purchasable","22":"product-type-simple"},"yoast_head":"<!-- This site is optimized with the Yoast SEO plugin v25.4 - https:\/\/yoast.com\/wordpress\/plugins\/seo\/ -->\n<title>Lean giorno per giorno - Guerini e Associati<\/title>\n<meta name=\"robots\" content=\"index, follow, max-snippet:-1, max-image-preview:large, max-video-preview:-1\" \/>\n<link rel=\"canonical\" href=\"https:\/\/www.guerini.it\/index.php\/prodotto\/lean-giorno-per-giorno\/\" \/>\n<meta property=\"og:locale\" content=\"it_IT\" \/>\n<meta property=\"og:type\" content=\"article\" \/>\n<meta property=\"og:title\" content=\"Lean giorno per giorno - Guerini e Associati\" \/>\n<meta property=\"og:description\" content=\"\u00abQui non funziona\u00bb, \u00abVa bene per i giapponesi, ma con la nostra gente non \u00e8 possibile\u00bb, \u00abNoi siamo diversi, nel nostro settore non \u00e8 applicabile\u00bb, \u00abIl nostro prodotto e il nostro processo non lo consentono\u00bb\u2026 Queste le pi\u00f9 frequenti obiezioni all\u2019approccio che oggi definiamo Lean, rivisitazione occidentale del Toyota Production System, vero e proprio stato dell\u2019arte nell\u2019organizzazione delle operazioni di produzione. Quale la ragione di queste frequenti obiezioni? Cosa manca per una reale e duratura trasformazione lean delle organizzazioni? Nella letteratura sul sistema Lean vengono trattati numerosi argomenti riguardanti i metodi e la cultura aziendale. Poco o nulla si trova sugli aspetti inerenti alla gestione quotidiana e ai comportamenti organizzativi che consentono di far evolvere con successo l\u2019azienda verso il modello lean. Il modello lean, perseguendo prestazioni elevate, richiede un approccio continuo, giorno per giorno e ora per ora. Questo approccio si contrappone a quello tradizionale intermittente, con verifiche settimanali o mensili, che genera code e lotti di materiali, pur assicurando una certa tranquillit\u00e0 nel perseguire l\u2019efficienza di macchine e uomini, ma non la piena soddisfazione del cliente. Il Lean Management \u00e8 l\u2019ingrediente fondamentale per le conversioni lean di successo e costituisce il \u00abmotore\u00bb e la guida per la diffusione della cultura lean. Questo libro introduce un sistema \u00absnello\u00bb e \u00abcontinuo\u00bb per la gestione operativa basato su tecniche e comportamenti organizzativi, spiegando, sia concettualmente che operativamente, come superare l\u2019astratto concetto di \u00abcultura lean\u00bb mediante la pratica quotidiana di \u00abcomportamenti organizzativi lean\u00bb. Il libro si rivolge a imprenditori, amministratori delegati, direttori generali, responsabili delle funzioni di progettazione, ingegnerizzazione, produzione, logistica e manutenzione e a tutti coloro che vogliono intraprendere o hanno gi\u00e0 intrapreso il cammino dell\u2019evoluzione lean.\" \/>\n<meta property=\"og:url\" content=\"https:\/\/www.guerini.it\/index.php\/prodotto\/lean-giorno-per-giorno\/\" \/>\n<meta property=\"og:site_name\" content=\"Guerini e Associati\" \/>\n<meta property=\"article:modified_time\" content=\"2025-10-13T18:53:44+00:00\" \/>\n<meta property=\"og:image\" content=\"https:\/\/www.guerini.it\/wp-content\/uploads\/2019\/03\/lean_giorno_per_giorno_sito.jpg\" \/>\n\t<meta property=\"og:image:width\" content=\"226\" \/>\n\t<meta property=\"og:image:height\" content=\"353\" \/>\n\t<meta property=\"og:image:type\" content=\"image\/jpeg\" \/>\n<meta name=\"twitter:card\" content=\"summary_large_image\" \/>\n<meta name=\"twitter:label1\" content=\"Tempo di lettura stimato\" \/>\n\t<meta name=\"twitter:data1\" content=\"3 minuti\" \/>\n<!-- \/ Yoast SEO plugin. -->","yoast_head_json":{"title":"Lean giorno per giorno - Guerini e Associati","robots":{"index":"index","follow":"follow","max-snippet":"max-snippet:-1","max-image-preview":"max-image-preview:large","max-video-preview":"max-video-preview:-1"},"canonical":"https:\/\/www.guerini.it\/index.php\/prodotto\/lean-giorno-per-giorno\/","og_locale":"it_IT","og_type":"article","og_title":"Lean giorno per giorno - Guerini e Associati","og_description":"\u00abQui non funziona\u00bb, \u00abVa bene per i giapponesi, ma con la nostra gente non \u00e8 possibile\u00bb, \u00abNoi siamo diversi, nel nostro settore non \u00e8 applicabile\u00bb, \u00abIl nostro prodotto e il nostro processo non lo consentono\u00bb\u2026 Queste le pi\u00f9 frequenti obiezioni all\u2019approccio che oggi definiamo Lean, rivisitazione occidentale del Toyota Production System, vero e proprio stato dell\u2019arte nell\u2019organizzazione delle operazioni di produzione. Quale la ragione di queste frequenti obiezioni? Cosa manca per una reale e duratura trasformazione lean delle organizzazioni? Nella letteratura sul sistema Lean vengono trattati numerosi argomenti riguardanti i metodi e la cultura aziendale. Poco o nulla si trova sugli aspetti inerenti alla gestione quotidiana e ai comportamenti organizzativi che consentono di far evolvere con successo l\u2019azienda verso il modello lean. Il modello lean, perseguendo prestazioni elevate, richiede un approccio continuo, giorno per giorno e ora per ora. Questo approccio si contrappone a quello tradizionale intermittente, con verifiche settimanali o mensili, che genera code e lotti di materiali, pur assicurando una certa tranquillit\u00e0 nel perseguire l\u2019efficienza di macchine e uomini, ma non la piena soddisfazione del cliente. Il Lean Management \u00e8 l\u2019ingrediente fondamentale per le conversioni lean di successo e costituisce il \u00abmotore\u00bb e la guida per la diffusione della cultura lean. Questo libro introduce un sistema \u00absnello\u00bb e \u00abcontinuo\u00bb per la gestione operativa basato su tecniche e comportamenti organizzativi, spiegando, sia concettualmente che operativamente, come superare l\u2019astratto concetto di \u00abcultura lean\u00bb mediante la pratica quotidiana di \u00abcomportamenti organizzativi lean\u00bb. Il libro si rivolge a imprenditori, amministratori delegati, direttori generali, responsabili delle funzioni di progettazione, ingegnerizzazione, produzione, logistica e manutenzione e a tutti coloro che vogliono intraprendere o hanno gi\u00e0 intrapreso il cammino dell\u2019evoluzione lean.","og_url":"https:\/\/www.guerini.it\/index.php\/prodotto\/lean-giorno-per-giorno\/","og_site_name":"Guerini e Associati","article_modified_time":"2025-10-13T18:53:44+00:00","og_image":[{"width":226,"height":353,"url":"https:\/\/www.guerini.it\/wp-content\/uploads\/2019\/03\/lean_giorno_per_giorno_sito.jpg","type":"image\/jpeg"}],"twitter_card":"summary_large_image","twitter_misc":{"Tempo di lettura stimato":"3 minuti"},"schema":{"@context":"https:\/\/schema.org","@graph":[{"@type":"WebPage","@id":"https:\/\/www.guerini.it\/index.php\/prodotto\/lean-giorno-per-giorno\/","url":"https:\/\/www.guerini.it\/index.php\/prodotto\/lean-giorno-per-giorno\/","name":"Lean giorno per giorno - Guerini e Associati","isPartOf":{"@id":"https:\/\/www.guerini.it\/#website"},"primaryImageOfPage":{"@id":"https:\/\/www.guerini.it\/index.php\/prodotto\/lean-giorno-per-giorno\/#primaryimage"},"image":{"@id":"https:\/\/www.guerini.it\/index.php\/prodotto\/lean-giorno-per-giorno\/#primaryimage"},"thumbnailUrl":"https:\/\/www.guerini.it\/wp-content\/uploads\/2019\/03\/lean_giorno_per_giorno_sito.jpg","datePublished":"2019-03-06T08:18:25+00:00","dateModified":"2025-10-13T18:53:44+00:00","breadcrumb":{"@id":"https:\/\/www.guerini.it\/index.php\/prodotto\/lean-giorno-per-giorno\/#breadcrumb"},"inLanguage":"it-IT","potentialAction":[{"@type":"ReadAction","target":["https:\/\/www.guerini.it\/index.php\/prodotto\/lean-giorno-per-giorno\/"]}]},{"@type":"ImageObject","inLanguage":"it-IT","@id":"https:\/\/www.guerini.it\/index.php\/prodotto\/lean-giorno-per-giorno\/#primaryimage","url":"https:\/\/www.guerini.it\/wp-content\/uploads\/2019\/03\/lean_giorno_per_giorno_sito.jpg","contentUrl":"https:\/\/www.guerini.it\/wp-content\/uploads\/2019\/03\/lean_giorno_per_giorno_sito.jpg","width":226,"height":353,"caption":"Lean giorno per giorno"},{"@type":"BreadcrumbList","@id":"https:\/\/www.guerini.it\/index.php\/prodotto\/lean-giorno-per-giorno\/#breadcrumb","itemListElement":[{"@type":"ListItem","position":1,"name":"Home","item":"https:\/\/www.guerini.it\/"},{"@type":"ListItem","position":2,"name":"Catalogo","item":"https:\/\/www.guerini.it\/index.php\/negozio\/"},{"@type":"ListItem","position":3,"name":"Lean giorno per giorno"}]},{"@type":"WebSite","@id":"https:\/\/www.guerini.it\/#website","url":"https:\/\/www.guerini.it\/","name":"Guerini e Associati","description":"30 anni di libri, idee e libert\u00e0","publisher":{"@id":"https:\/\/www.guerini.it\/#organization"},"potentialAction":[{"@type":"SearchAction","target":{"@type":"EntryPoint","urlTemplate":"https:\/\/www.guerini.it\/?s={search_term_string}"},"query-input":{"@type":"PropertyValueSpecification","valueRequired":true,"valueName":"search_term_string"}}],"inLanguage":"it-IT"},{"@type":"Organization","@id":"https:\/\/www.guerini.it\/#organization","name":"Guerini e Associati","url":"https:\/\/www.guerini.it\/","logo":{"@type":"ImageObject","inLanguage":"it-IT","@id":"https:\/\/www.guerini.it\/#\/schema\/logo\/image\/","url":"https:\/\/www.guerini.it\/wp-content\/uploads\/2021\/03\/Logo-Guerini-OK_-e1615831292285.png","contentUrl":"https:\/\/www.guerini.it\/wp-content\/uploads\/2021\/03\/Logo-Guerini-OK_-e1615831292285.png","width":2805,"height":1870,"caption":"Guerini e Associati"},"image":{"@id":"https:\/\/www.guerini.it\/#\/schema\/logo\/image\/"}}]}},"_links":{"self":[{"href":"https:\/\/www.guerini.it\/index.php\/wp-json\/wp\/v2\/product\/16253","targetHints":{"allow":["GET"]}}],"collection":[{"href":"https:\/\/www.guerini.it\/index.php\/wp-json\/wp\/v2\/product"}],"about":[{"href":"https:\/\/www.guerini.it\/index.php\/wp-json\/wp\/v2\/types\/product"}],"wp:featuredmedia":[{"embeddable":true,"href":"https:\/\/www.guerini.it\/index.php\/wp-json\/wp\/v2\/media\/16252"}],"wp:attachment":[{"href":"https:\/\/www.guerini.it\/index.php\/wp-json\/wp\/v2\/media?parent=16253"}],"wp:term":[{"taxonomy":"product_brand","embeddable":true,"href":"https:\/\/www.guerini.it\/index.php\/wp-json\/wp\/v2\/product_brand?post=16253"},{"taxonomy":"product_cat","embeddable":true,"href":"https:\/\/www.guerini.it\/index.php\/wp-json\/wp\/v2\/product_cat?post=16253"},{"taxonomy":"product_tag","embeddable":true,"href":"https:\/\/www.guerini.it\/index.php\/wp-json\/wp\/v2\/product_tag?post=16253"}],"curies":[{"name":"wp","href":"https:\/\/api.w.org\/{rel}","templated":true}]}}