{"id":16261,"date":"2019-03-25T09:09:26","date_gmt":"2019-03-25T08:09:26","guid":{"rendered":"https:\/\/test.guerini.it\/?product=tecnologie-dell-intuizione"},"modified":"2024-06-12T14:38:20","modified_gmt":"2024-06-12T12:38:20","slug":"tecnologie-dell-intuizione","status":"publish","type":"product","link":"https:\/\/www.guerini.it\/index.php\/prodotto\/tecnologie-dell-intuizione\/","title":{"rendered":"Tecnologie dell&#8217;intuizione"},"content":{"rendered":"<p style=\"text-align: justify;\">La prossima \u00abrivoluzione\u00bb \u2013 nella cultura del management \u2013 coinvolger\u00e0 il modo in cui impariamo, progettiamo, creiamo e prendiamo decisioni.<br \/>\nOggi \u2013 nelle organizzazioni \u2013 tendiamo a fare tutto questo dallo spazio delle nostre capacit\u00e0 analitiche e cognitive, ma domani dovremo farlo sfruttando anche le nostre dimensioni <em>intuitive<\/em>. Perch\u00e9 per crescere dobbiamo saper inventare e per farlo ci serve raggiungere un \u00abaltrove\u00bb fatto di nuovi modelli e nuovi paradigmi, che non possono essere solo il prodotto di ci\u00f2 che gi\u00e0 sappiamo. La nostra intuizione pu\u00f2 portarci proprio l\u00ec, ma a condizione che questa nostra risorsa e capacit\u00e0 venga coltivata, promossa, valorizzata e incentivata anche nelle pratiche di management. E se lo faremo, potremo trasformare le nostre organizzazioni in sistemi pi\u00f9 ispirati, ispiranti e capaci di creare valore per tutti gli stakeholder anche in contesti incerti, volatili e complessi. Il segreto dell\u2019intuizione \u00e8 che si manifesta solo quando \u00abNoi\u00bb non ci siamo, ovvero quando riusciamo a disidentificarci da credenze, conoscenze acquisite, aspettative e ansia di realizzazione. Le tecnologie dell\u2019intuizione \u2013 e il modello che viene proposto in questo libro \u2013 ci accompagnano all\u2019interno di un processo che ci aiuta a creare le condizioni di questa \u00abassenza consapevole\u00bb e a creare la qualit\u00e0 di spazio e di tempo indispensabili perch\u00e9 la nostra intuizione possa dialogare con noi e darci indicazioni e soluzioni del tutto nuove e inaspettate.<\/p>\n<hr \/>\n<p style=\"text-align: justify;\">Con alle spalle vent\u2019anni di esperienza nel mondo della brand communication, in agenzie creative multinazionali come Publicis, Saatchi &amp; Saatchi e J.W.Thompson, <strong>Enrico Giraudi<\/strong> si occupa oggi di consulenza aziendale in ambito counseling organizzativo e risorse umane con particolare riferimento ai temi dell\u2019identit\u00e0, della trasformazione e dell\u2019innovazione dei sistemi organizzativi. Le tecniche di mindfullness, le discipline sistemiche e transpersonali e la sua lunga esperienza nel planning strategico rappresentano un costante punto di riferimento nel suo lavoro e nella sua ricerca.<\/p>\n","protected":false},"excerpt":{"rendered":"<p style=\"text-align: justify;\">La prossima \u00abrivoluzione\u00bb \u2013 nella cultura del management \u2013 coinvolger\u00e0 il modo in cui impariamo, progettiamo, creiamo e prendiamo decisioni. Oggi \u2013 nelle organizzazioni \u2013 tendiamo a fare tutto questo dallo spazio delle nostre capacit\u00e0 analitiche e cognitive, ma domani dovremo farlo sfruttando anche le nostre dimensioni <em>intuitive<\/em>. Perch\u00e9 per crescere dobbiamo saper inventare e per farlo ci serve raggiungere un \u00abaltrove\u00bb fatto di nuovi modelli e nuovi paradigmi, che non possono essere solo il prodotto di ci\u00f2 che gi\u00e0 sappiamo. La nostra intuizione pu\u00f2 portarci proprio l\u00ec, ma a condizione che questa nostra risorsa e capacit\u00e0 venga coltivata, promossa, valorizzata e incentivata anche nelle pratiche di management. E se lo faremo, potremo trasformare le nostre organizzazioni in sistemi pi\u00f9 ispirati, ispiranti e capaci di creare valore per tutti gli stakeholder anche in contesti incerti, volatili e complessi. Il segreto dell\u2019intuizione \u00e8 che si manifesta solo quando \u00abNoi\u00bb non ci siamo, ovvero quando riusciamo a disidentificarci da credenze, conoscenze acquisite, aspettative e ansia di realizzazione. Le tecnologie dell\u2019intuizione \u2013 e il modello che viene proposto in questo libro \u2013 ci accompagnano all\u2019interno di un processo che ci aiuta a creare le condizioni di questa \u00abassenza consapevole\u00bb e a creare la qualit\u00e0 di spazio e di tempo indispensabili perch\u00e9 la nostra intuizione possa dialogare con noi e darci indicazioni e soluzioni del tutto nuove e inaspettate.<\/p>\n","protected":false},"featured_media":23147,"template":"","meta":{"_editorskit_title_hidden":false,"_editorskit_reading_time":0,"_editorskit_is_block_options_detached":false,"_editorskit_block_options_position":"{}","_monsterinsights_skip_tracking":false,"_monsterinsights_sitenote_active":false,"_monsterinsights_sitenote_note":"","_monsterinsights_sitenote_category":0},"product_brand":[],"product_cat":[6805,8828,6529],"product_tag":[],"class_list":{"0":"post-16261","1":"product","2":"type-product","3":"status-publish","4":"has-post-thumbnail","6":"product_cat-guerini-next","7":"product_cat-persone-strumenti-e-organizzazioni","8":"product_cat-economia-e-management","9":"pa_fulfillment-default","10":"pa_guerini_amazon_link-https-www-amazon-it-tecnologie-dellintuizione-liberare-potenziale-organizzazioni-dp-8868962365","11":"pa_guerini_feltrinelli_link-https-www-lafeltrinelli-it-tecnologie-dell-intuizione-liberare-potenziale-libro-enrico-giraudi-e-9788868962364","12":"pa_guerini_ibs_link-https-www-ibs-it-tecnologie-dell-intuizione-liberare-potenziale-libro-enrico-giraudi-e-9788868962364","13":"pa_guerini_libruniver_link-https-www-libreriauniversitaria-it-tecnologie-intuizione-liberare-potenziale-creativo-libro-9788868962364","14":"pa_guerini_link_amazon-2b-httpswwwamazonittecnologie","15":"pa_guerini_link_apple_ibook-f4-httpsitunesapplecomitbookt","16":"pa_guerini_link_bookrepublic-e5-httpswwwbookrepublicitbook","17":"pa_guerini_link_google_play-03-httpsplaygooglecomstoreboo","18":"pa_guerini_link_ibs-0e-httpswwwibsittecnologie_de","19":"pa_guerini_link_kobo-21-httpswwwkobocomititebookte","20":"pa_guerini_link_lafeltrinelli-36-httpswwwlafeltrinelliitebo","21":"pa_guerini_link_mondadori-ce-httpswwwmondadoristoreitte","22":"pa_guerini_link_rizzoli-aa-httpswwwlibreriarizzoliitt","23":"pa_guerini_mondadori_link-https-www-mondadoristore-it-tecnologie-dell-intuizione-enrico-giraudi-eai978886896236","25":"first","26":"instock","27":"sale","28":"shipping-taxable","29":"purchasable","30":"product-type-simple"},"yoast_head":"<!-- This site is optimized with the Yoast SEO plugin v25.4 - https:\/\/yoast.com\/wordpress\/plugins\/seo\/ -->\n<title>Tecnologie dell&#039;intuizione - Guerini e Associati<\/title>\n<meta name=\"robots\" content=\"index, follow, max-snippet:-1, max-image-preview:large, max-video-preview:-1\" \/>\n<link rel=\"canonical\" href=\"https:\/\/www.guerini.it\/index.php\/prodotto\/tecnologie-dell-intuizione\/\" \/>\n<meta property=\"og:locale\" content=\"it_IT\" \/>\n<meta property=\"og:type\" content=\"article\" \/>\n<meta property=\"og:title\" content=\"Tecnologie dell&#039;intuizione - Guerini e Associati\" \/>\n<meta property=\"og:description\" content=\"La prossima \u00abrivoluzione\u00bb \u2013 nella cultura del management \u2013 coinvolger\u00e0 il modo in cui impariamo, progettiamo, creiamo e prendiamo decisioni. Oggi \u2013 nelle organizzazioni \u2013 tendiamo a fare tutto questo dallo spazio delle nostre capacit\u00e0 analitiche e cognitive, ma domani dovremo farlo sfruttando anche le nostre dimensioni intuitive. Perch\u00e9 per crescere dobbiamo saper inventare e per farlo ci serve raggiungere un \u00abaltrove\u00bb fatto di nuovi modelli e nuovi paradigmi, che non possono essere solo il prodotto di ci\u00f2 che gi\u00e0 sappiamo. La nostra intuizione pu\u00f2 portarci proprio l\u00ec, ma a condizione che questa nostra risorsa e capacit\u00e0 venga coltivata, promossa, valorizzata e incentivata anche nelle pratiche di management. E se lo faremo, potremo trasformare le nostre organizzazioni in sistemi pi\u00f9 ispirati, ispiranti e capaci di creare valore per tutti gli stakeholder anche in contesti incerti, volatili e complessi. Il segreto dell\u2019intuizione \u00e8 che si manifesta solo quando \u00abNoi\u00bb non ci siamo, ovvero quando riusciamo a disidentificarci da credenze, conoscenze acquisite, aspettative e ansia di realizzazione. Le tecnologie dell\u2019intuizione \u2013 e il modello che viene proposto in questo libro \u2013 ci accompagnano all\u2019interno di un processo che ci aiuta a creare le condizioni di questa \u00abassenza consapevole\u00bb e a creare la qualit\u00e0 di spazio e di tempo indispensabili perch\u00e9 la nostra intuizione possa dialogare con noi e darci indicazioni e soluzioni del tutto nuove e inaspettate.\" \/>\n<meta property=\"og:url\" content=\"https:\/\/www.guerini.it\/index.php\/prodotto\/tecnologie-dell-intuizione\/\" \/>\n<meta property=\"og:site_name\" content=\"Guerini e Associati\" \/>\n<meta property=\"article:modified_time\" content=\"2024-06-12T12:38:20+00:00\" \/>\n<meta property=\"og:image\" content=\"https:\/\/www.guerini.it\/wp-content\/uploads\/2019\/03\/9788868962364-e1664530320192.jpg\" \/>\n\t<meta property=\"og:image:width\" content=\"225\" \/>\n\t<meta property=\"og:image:height\" content=\"350\" \/>\n\t<meta property=\"og:image:type\" content=\"image\/jpeg\" \/>\n<meta name=\"twitter:card\" content=\"summary_large_image\" \/>\n<meta name=\"twitter:label1\" content=\"Tempo di lettura stimato\" \/>\n\t<meta name=\"twitter:data1\" content=\"2 minuti\" \/>\n<!-- \/ Yoast SEO plugin. -->","yoast_head_json":{"title":"Tecnologie dell'intuizione - Guerini e Associati","robots":{"index":"index","follow":"follow","max-snippet":"max-snippet:-1","max-image-preview":"max-image-preview:large","max-video-preview":"max-video-preview:-1"},"canonical":"https:\/\/www.guerini.it\/index.php\/prodotto\/tecnologie-dell-intuizione\/","og_locale":"it_IT","og_type":"article","og_title":"Tecnologie dell'intuizione - Guerini e Associati","og_description":"La prossima \u00abrivoluzione\u00bb \u2013 nella cultura del management \u2013 coinvolger\u00e0 il modo in cui impariamo, progettiamo, creiamo e prendiamo decisioni. Oggi \u2013 nelle organizzazioni \u2013 tendiamo a fare tutto questo dallo spazio delle nostre capacit\u00e0 analitiche e cognitive, ma domani dovremo farlo sfruttando anche le nostre dimensioni intuitive. Perch\u00e9 per crescere dobbiamo saper inventare e per farlo ci serve raggiungere un \u00abaltrove\u00bb fatto di nuovi modelli e nuovi paradigmi, che non possono essere solo il prodotto di ci\u00f2 che gi\u00e0 sappiamo. La nostra intuizione pu\u00f2 portarci proprio l\u00ec, ma a condizione che questa nostra risorsa e capacit\u00e0 venga coltivata, promossa, valorizzata e incentivata anche nelle pratiche di management. E se lo faremo, potremo trasformare le nostre organizzazioni in sistemi pi\u00f9 ispirati, ispiranti e capaci di creare valore per tutti gli stakeholder anche in contesti incerti, volatili e complessi. Il segreto dell\u2019intuizione \u00e8 che si manifesta solo quando \u00abNoi\u00bb non ci siamo, ovvero quando riusciamo a disidentificarci da credenze, conoscenze acquisite, aspettative e ansia di realizzazione. Le tecnologie dell\u2019intuizione \u2013 e il modello che viene proposto in questo libro \u2013 ci accompagnano all\u2019interno di un processo che ci aiuta a creare le condizioni di questa \u00abassenza consapevole\u00bb e a creare la qualit\u00e0 di spazio e di tempo indispensabili perch\u00e9 la nostra intuizione possa dialogare con noi e darci indicazioni e soluzioni del tutto nuove e inaspettate.","og_url":"https:\/\/www.guerini.it\/index.php\/prodotto\/tecnologie-dell-intuizione\/","og_site_name":"Guerini e Associati","article_modified_time":"2024-06-12T12:38:20+00:00","og_image":[{"width":225,"height":350,"url":"https:\/\/www.guerini.it\/wp-content\/uploads\/2019\/03\/9788868962364-e1664530320192.jpg","type":"image\/jpeg"}],"twitter_card":"summary_large_image","twitter_misc":{"Tempo di lettura stimato":"2 minuti"},"schema":{"@context":"https:\/\/schema.org","@graph":[{"@type":"WebPage","@id":"https:\/\/www.guerini.it\/index.php\/prodotto\/tecnologie-dell-intuizione\/","url":"https:\/\/www.guerini.it\/index.php\/prodotto\/tecnologie-dell-intuizione\/","name":"Tecnologie dell'intuizione - Guerini e Associati","isPartOf":{"@id":"https:\/\/www.guerini.it\/#website"},"primaryImageOfPage":{"@id":"https:\/\/www.guerini.it\/index.php\/prodotto\/tecnologie-dell-intuizione\/#primaryimage"},"image":{"@id":"https:\/\/www.guerini.it\/index.php\/prodotto\/tecnologie-dell-intuizione\/#primaryimage"},"thumbnailUrl":"https:\/\/www.guerini.it\/wp-content\/uploads\/2019\/03\/9788868962364-e1664530320192.jpg","datePublished":"2019-03-25T08:09:26+00:00","dateModified":"2024-06-12T12:38:20+00:00","breadcrumb":{"@id":"https:\/\/www.guerini.it\/index.php\/prodotto\/tecnologie-dell-intuizione\/#breadcrumb"},"inLanguage":"it-IT","potentialAction":[{"@type":"ReadAction","target":["https:\/\/www.guerini.it\/index.php\/prodotto\/tecnologie-dell-intuizione\/"]}]},{"@type":"ImageObject","inLanguage":"it-IT","@id":"https:\/\/www.guerini.it\/index.php\/prodotto\/tecnologie-dell-intuizione\/#primaryimage","url":"https:\/\/www.guerini.it\/wp-content\/uploads\/2019\/03\/9788868962364-e1664530320192.jpg","contentUrl":"https:\/\/www.guerini.it\/wp-content\/uploads\/2019\/03\/9788868962364-e1664530320192.jpg","width":225,"height":350,"caption":"Copertina del volume Tecnologie dell'intuizione"},{"@type":"BreadcrumbList","@id":"https:\/\/www.guerini.it\/index.php\/prodotto\/tecnologie-dell-intuizione\/#breadcrumb","itemListElement":[{"@type":"ListItem","position":1,"name":"Home","item":"https:\/\/www.guerini.it\/"},{"@type":"ListItem","position":2,"name":"Catalogo","item":"https:\/\/www.guerini.it\/index.php\/negozio\/"},{"@type":"ListItem","position":3,"name":"Tecnologie dell&#8217;intuizione"}]},{"@type":"WebSite","@id":"https:\/\/www.guerini.it\/#website","url":"https:\/\/www.guerini.it\/","name":"Guerini e Associati","description":"30 anni di libri, idee e libert\u00e0","publisher":{"@id":"https:\/\/www.guerini.it\/#organization"},"potentialAction":[{"@type":"SearchAction","target":{"@type":"EntryPoint","urlTemplate":"https:\/\/www.guerini.it\/?s={search_term_string}"},"query-input":{"@type":"PropertyValueSpecification","valueRequired":true,"valueName":"search_term_string"}}],"inLanguage":"it-IT"},{"@type":"Organization","@id":"https:\/\/www.guerini.it\/#organization","name":"Guerini e Associati","url":"https:\/\/www.guerini.it\/","logo":{"@type":"ImageObject","inLanguage":"it-IT","@id":"https:\/\/www.guerini.it\/#\/schema\/logo\/image\/","url":"https:\/\/www.guerini.it\/wp-content\/uploads\/2021\/03\/Logo-Guerini-OK_-e1615831292285.png","contentUrl":"https:\/\/www.guerini.it\/wp-content\/uploads\/2021\/03\/Logo-Guerini-OK_-e1615831292285.png","width":2805,"height":1870,"caption":"Guerini e Associati"},"image":{"@id":"https:\/\/www.guerini.it\/#\/schema\/logo\/image\/"}}]}},"_links":{"self":[{"href":"https:\/\/www.guerini.it\/index.php\/wp-json\/wp\/v2\/product\/16261","targetHints":{"allow":["GET"]}}],"collection":[{"href":"https:\/\/www.guerini.it\/index.php\/wp-json\/wp\/v2\/product"}],"about":[{"href":"https:\/\/www.guerini.it\/index.php\/wp-json\/wp\/v2\/types\/product"}],"wp:featuredmedia":[{"embeddable":true,"href":"https:\/\/www.guerini.it\/index.php\/wp-json\/wp\/v2\/media\/23147"}],"wp:attachment":[{"href":"https:\/\/www.guerini.it\/index.php\/wp-json\/wp\/v2\/media?parent=16261"}],"wp:term":[{"taxonomy":"product_brand","embeddable":true,"href":"https:\/\/www.guerini.it\/index.php\/wp-json\/wp\/v2\/product_brand?post=16261"},{"taxonomy":"product_cat","embeddable":true,"href":"https:\/\/www.guerini.it\/index.php\/wp-json\/wp\/v2\/product_cat?post=16261"},{"taxonomy":"product_tag","embeddable":true,"href":"https:\/\/www.guerini.it\/index.php\/wp-json\/wp\/v2\/product_tag?post=16261"}],"curies":[{"name":"wp","href":"https:\/\/api.w.org\/{rel}","templated":true}]}}