{"id":16269,"date":"2019-04-03T09:00:21","date_gmt":"2019-04-03T07:00:21","guid":{"rendered":"https:\/\/test.guerini.it\/?product=corporate-venture-capital"},"modified":"2024-06-12T14:38:39","modified_gmt":"2024-06-12T12:38:39","slug":"corporate-venture-capital","status":"publish","type":"product","link":"https:\/\/www.guerini.it\/index.php\/prodotto\/corporate-venture-capital\/","title":{"rendered":"Corporate Venture Capital"},"content":{"rendered":"<p style=\"text-align: justify;\">Nel mondo degli investimenti e delle aziende si parla sempre pi\u00f9 di Corporate Venture Capital (<span style=\"font-size: small;\">cvc<\/span>), un fenomeno in netta crescita che vede le imprese innovare attraverso gli investimenti diretti e la collaborazione con il mondo delle startup e delle PMI. Ma in che cosa consiste esattamente?<br \/>\nAziende consolidate, per innovare, sfruttano la collaborazione con player innovativi agili e veloci; attori dei pi\u00f9 diversi settori industriali e delle pi\u00f9 diverse dimensioni lavorano assieme per creare nuove opportunit\u00e0 di business, tramite la creazione di fondi d\u2019investimento che condividono le medesime strategie. Come si crea un fondo di Corporate Venture Capital? Quali sono gli aspetti da tenere a mente quando si avvia un\u2019iniziativa d\u2018investimento in innovazione? Quali sono gli errori pi\u00f9 comuni e cosa possiamo imparare da chi li ha gi\u00e0 commessi? Quali le modalit\u00e0 con cui le grandi aziende interagiscono con le startup e traggono profitto da questa relazione? Tra i massimi esperti mondiali sul tema, Andrew Romans racconta alcune importanti <em>case histories<\/em> di imprese che, creando autonomamente i propri fondi, hanno investito in tecnologia e innovazione, coinvolgendo nascenti startup, incubatori e acceleratori d\u2019impresa. Il libro \u00e8 arricchito da alcuni importanti casi italiani: Telecom Italia, Fininvest, Immobiliare.it, Healthware International ed Enel.<\/p>\n<p style=\"text-align: justify;\">Un\u2019indispensabile guida per investitori attivi nei fondi di venture capital e private equity, professionisti e manager di aziende di medio-grandi dimensioni, professionisti dedicati all\u2019innovazione tecnologica e di business, startupper.<\/p>\n<hr \/>\n<p style=\"text-align: justify;\"><strong>Andrew Romans<\/strong> \u00e8 un investitore americano attivo nella Silicon Valley da oltre 14 anni. General Partner di Rubicon Venture Capital (fondo d\u2019investimento con sede a San Francisco e New York) e del fondo d\u2019investimento di 7blockchain (specializzato negli investimenti in <span style=\"font-size: x-small;\">ICO<\/span>\u00a0e blockchain). \u00c8 autore di <em>The Entrepreneurial Bible To Venture Capital<\/em> (McGraw Hill, 2013, tradotto in russo e in cinese) e di <em>Masters of Blockchain and ICO<\/em> (in corso di pubblicazione). <em>Masters of Corporate Venture Capital<\/em> \u00e8 stato tradotto in russo, cinese e giapponese.<\/p>\n<p style=\"text-align: justify;\">IN APPENDICE: <em>GUIDA AL CORPORATE VENTURE CAPITAL, <\/em>A CURA DI AIFI<\/p>\n","protected":false},"excerpt":{"rendered":"<p style=\"text-align: justify;\">Nel mondo degli investimenti e delle aziende si parla sempre pi\u00f9 di Corporate Venture Capital (<span style=\"font-size: small;\">cvc<\/span>), un fenomeno in netta crescita che vede le imprese innovare attraverso gli investimenti diretti e la collaborazione con il mondo delle startup e delle PMI. Ma in che cosa consiste esattamente?<br \/>\nAziende consolidate, per innovare, sfruttano la collaborazione con player innovativi agili e veloci; attori dei pi\u00f9 diversi settori industriali e delle pi\u00f9 diverse dimensioni lavorano assieme per creare nuove opportunit\u00e0 di business, tramite la creazione di fondi d\u2019investimento che condividono le medesime strategie. Come si crea un fondo di Corporate Venture Capital? Quali sono gli aspetti da tenere a mente quando si avvia un\u2019iniziativa d\u2018investimento in innovazione? Quali sono gli errori pi\u00f9 comuni e cosa possiamo imparare da chi li ha gi\u00e0 commessi? Quali le modalit\u00e0 con cui le grandi aziende interagiscono con le startup e traggono profitto da questa relazione?<br \/>\nTra i massimi esperti mondiali sul tema, Andrew Romans racconta alcune importanti <em>case histories <\/em>di imprese che, creando autonomamente i propri fondi, hanno investito in tecnologia e innovazione, coinvolgendo nascenti startup, incubatori e acceleratori d\u2019impresa. Il libro \u00e8 arricchito da alcuni importanti casi italiani: Telecom Italia, Fininvest, Immobiliare.it, Healthware International ed Enel.<\/p>\n<p style=\"text-align: justify;\">Un\u2019indispensabile guida per investitori attivi nei fondi di venture capital e private equity, professionisti e manager di aziende di medio-grandi dimensioni, professionisti dedicati all\u2019innovazione tecnologica e di business, startupper.<\/p>\n","protected":false},"featured_media":16268,"template":"","meta":{"_editorskit_title_hidden":false,"_editorskit_reading_time":0,"_editorskit_is_block_options_detached":false,"_editorskit_block_options_position":"{}","_monsterinsights_skip_tracking":false,"_monsterinsights_sitenote_active":false,"_monsterinsights_sitenote_note":"","_monsterinsights_sitenote_category":0},"product_brand":[],"product_cat":[6805,6529],"product_tag":[],"class_list":{"0":"post-16269","1":"product","2":"type-product","3":"status-publish","4":"has-post-thumbnail","6":"product_cat-guerini-next","7":"product_cat-economia-e-management","8":"pa_fulfillment-default","9":"pa_guerini_amazon_link-https-www-amazon-it-corporate-capital-capitali-linnovazione-fallimento-dp-8868962306","10":"pa_guerini_feltrinelli_link-https-www-lafeltrinelli-it-corporate-venture-capital-imprese-capitali-libro-andrew-romans-e-9788868962302","11":"pa_guerini_ibs_link-https-www-ibs-it-corporate-venture-capital-imprese-capitali-libro-andrew-romans-e-9788868962302","12":"pa_guerini_libruniver_link-https-www-libreriauniversitaria-it-corporate-venture-capital-imprese-capitali-libro-9788868962302","13":"pa_guerini_mondadori_link-https-www-mondadoristore-it-corporate-venture-capital-andrew-romans-eai978886896230","15":"first","16":"instock","17":"sale","18":"shipping-taxable","19":"purchasable","20":"product-type-simple"},"yoast_head":"<!-- This site is optimized with the Yoast SEO plugin v25.4 - https:\/\/yoast.com\/wordpress\/plugins\/seo\/ -->\n<title>Corporate Venture Capital - Guerini e Associati<\/title>\n<meta name=\"robots\" content=\"index, follow, max-snippet:-1, max-image-preview:large, max-video-preview:-1\" \/>\n<link rel=\"canonical\" href=\"https:\/\/www.guerini.it\/index.php\/prodotto\/corporate-venture-capital\/\" \/>\n<meta property=\"og:locale\" content=\"it_IT\" \/>\n<meta property=\"og:type\" content=\"article\" \/>\n<meta property=\"og:title\" content=\"Corporate Venture Capital - Guerini e Associati\" \/>\n<meta property=\"og:description\" content=\"Nel mondo degli investimenti e delle aziende si parla sempre pi\u00f9 di Corporate Venture Capital (cvc), un fenomeno in netta crescita che vede le imprese innovare attraverso gli investimenti diretti e la collaborazione con il mondo delle startup e delle PMI. Ma in che cosa consiste esattamente? Aziende consolidate, per innovare, sfruttano la collaborazione con player innovativi agili e veloci; attori dei pi\u00f9 diversi settori industriali e delle pi\u00f9 diverse dimensioni lavorano assieme per creare nuove opportunit\u00e0 di business, tramite la creazione di fondi d\u2019investimento che condividono le medesime strategie. Come si crea un fondo di Corporate Venture Capital? Quali sono gli aspetti da tenere a mente quando si avvia un\u2019iniziativa d\u2018investimento in innovazione? Quali sono gli errori pi\u00f9 comuni e cosa possiamo imparare da chi li ha gi\u00e0 commessi? Quali le modalit\u00e0 con cui le grandi aziende interagiscono con le startup e traggono profitto da questa relazione? Tra i massimi esperti mondiali sul tema, Andrew Romans racconta alcune importanti case histories di imprese che, creando autonomamente i propri fondi, hanno investito in tecnologia e innovazione, coinvolgendo nascenti startup, incubatori e acceleratori d\u2019impresa. Il libro \u00e8 arricchito da alcuni importanti casi italiani: Telecom Italia, Fininvest, Immobiliare.it, Healthware International ed Enel. Un\u2019indispensabile guida per investitori attivi nei fondi di venture capital e private equity, professionisti e manager di aziende di medio-grandi dimensioni, professionisti dedicati all\u2019innovazione tecnologica e di business, startupper.\" \/>\n<meta property=\"og:url\" content=\"https:\/\/www.guerini.it\/index.php\/prodotto\/corporate-venture-capital\/\" \/>\n<meta property=\"og:site_name\" content=\"Guerini e Associati\" \/>\n<meta property=\"article:modified_time\" content=\"2024-06-12T12:38:39+00:00\" \/>\n<meta property=\"og:image\" content=\"https:\/\/www.guerini.it\/wp-content\/uploads\/2019\/04\/corporate_ventur_capital_sito.jpg\" \/>\n\t<meta property=\"og:image:width\" content=\"226\" \/>\n\t<meta property=\"og:image:height\" content=\"353\" \/>\n\t<meta property=\"og:image:type\" content=\"image\/jpeg\" \/>\n<meta name=\"twitter:card\" content=\"summary_large_image\" \/>\n<meta name=\"twitter:label1\" content=\"Tempo di lettura stimato\" \/>\n\t<meta name=\"twitter:data1\" content=\"2 minuti\" \/>\n<!-- \/ Yoast SEO plugin. -->","yoast_head_json":{"title":"Corporate Venture Capital - Guerini e Associati","robots":{"index":"index","follow":"follow","max-snippet":"max-snippet:-1","max-image-preview":"max-image-preview:large","max-video-preview":"max-video-preview:-1"},"canonical":"https:\/\/www.guerini.it\/index.php\/prodotto\/corporate-venture-capital\/","og_locale":"it_IT","og_type":"article","og_title":"Corporate Venture Capital - Guerini e Associati","og_description":"Nel mondo degli investimenti e delle aziende si parla sempre pi\u00f9 di Corporate Venture Capital (cvc), un fenomeno in netta crescita che vede le imprese innovare attraverso gli investimenti diretti e la collaborazione con il mondo delle startup e delle PMI. Ma in che cosa consiste esattamente? Aziende consolidate, per innovare, sfruttano la collaborazione con player innovativi agili e veloci; attori dei pi\u00f9 diversi settori industriali e delle pi\u00f9 diverse dimensioni lavorano assieme per creare nuove opportunit\u00e0 di business, tramite la creazione di fondi d\u2019investimento che condividono le medesime strategie. Come si crea un fondo di Corporate Venture Capital? Quali sono gli aspetti da tenere a mente quando si avvia un\u2019iniziativa d\u2018investimento in innovazione? Quali sono gli errori pi\u00f9 comuni e cosa possiamo imparare da chi li ha gi\u00e0 commessi? Quali le modalit\u00e0 con cui le grandi aziende interagiscono con le startup e traggono profitto da questa relazione? Tra i massimi esperti mondiali sul tema, Andrew Romans racconta alcune importanti case histories di imprese che, creando autonomamente i propri fondi, hanno investito in tecnologia e innovazione, coinvolgendo nascenti startup, incubatori e acceleratori d\u2019impresa. Il libro \u00e8 arricchito da alcuni importanti casi italiani: Telecom Italia, Fininvest, Immobiliare.it, Healthware International ed Enel. Un\u2019indispensabile guida per investitori attivi nei fondi di venture capital e private equity, professionisti e manager di aziende di medio-grandi dimensioni, professionisti dedicati all\u2019innovazione tecnologica e di business, startupper.","og_url":"https:\/\/www.guerini.it\/index.php\/prodotto\/corporate-venture-capital\/","og_site_name":"Guerini e Associati","article_modified_time":"2024-06-12T12:38:39+00:00","og_image":[{"width":226,"height":353,"url":"https:\/\/www.guerini.it\/wp-content\/uploads\/2019\/04\/corporate_ventur_capital_sito.jpg","type":"image\/jpeg"}],"twitter_card":"summary_large_image","twitter_misc":{"Tempo di lettura stimato":"2 minuti"},"schema":{"@context":"https:\/\/schema.org","@graph":[{"@type":"WebPage","@id":"https:\/\/www.guerini.it\/index.php\/prodotto\/corporate-venture-capital\/","url":"https:\/\/www.guerini.it\/index.php\/prodotto\/corporate-venture-capital\/","name":"Corporate Venture Capital - Guerini e Associati","isPartOf":{"@id":"https:\/\/www.guerini.it\/#website"},"primaryImageOfPage":{"@id":"https:\/\/www.guerini.it\/index.php\/prodotto\/corporate-venture-capital\/#primaryimage"},"image":{"@id":"https:\/\/www.guerini.it\/index.php\/prodotto\/corporate-venture-capital\/#primaryimage"},"thumbnailUrl":"https:\/\/www.guerini.it\/wp-content\/uploads\/2019\/04\/corporate_ventur_capital_sito.jpg","datePublished":"2019-04-03T07:00:21+00:00","dateModified":"2024-06-12T12:38:39+00:00","breadcrumb":{"@id":"https:\/\/www.guerini.it\/index.php\/prodotto\/corporate-venture-capital\/#breadcrumb"},"inLanguage":"it-IT","potentialAction":[{"@type":"ReadAction","target":["https:\/\/www.guerini.it\/index.php\/prodotto\/corporate-venture-capital\/"]}]},{"@type":"ImageObject","inLanguage":"it-IT","@id":"https:\/\/www.guerini.it\/index.php\/prodotto\/corporate-venture-capital\/#primaryimage","url":"https:\/\/www.guerini.it\/wp-content\/uploads\/2019\/04\/corporate_ventur_capital_sito.jpg","contentUrl":"https:\/\/www.guerini.it\/wp-content\/uploads\/2019\/04\/corporate_ventur_capital_sito.jpg","width":226,"height":353,"caption":"Corporate Venture Capital"},{"@type":"BreadcrumbList","@id":"https:\/\/www.guerini.it\/index.php\/prodotto\/corporate-venture-capital\/#breadcrumb","itemListElement":[{"@type":"ListItem","position":1,"name":"Home","item":"https:\/\/www.guerini.it\/"},{"@type":"ListItem","position":2,"name":"Catalogo","item":"https:\/\/www.guerini.it\/index.php\/negozio\/"},{"@type":"ListItem","position":3,"name":"Corporate Venture Capital"}]},{"@type":"WebSite","@id":"https:\/\/www.guerini.it\/#website","url":"https:\/\/www.guerini.it\/","name":"Guerini e Associati","description":"30 anni di libri, idee e libert\u00e0","publisher":{"@id":"https:\/\/www.guerini.it\/#organization"},"potentialAction":[{"@type":"SearchAction","target":{"@type":"EntryPoint","urlTemplate":"https:\/\/www.guerini.it\/?s={search_term_string}"},"query-input":{"@type":"PropertyValueSpecification","valueRequired":true,"valueName":"search_term_string"}}],"inLanguage":"it-IT"},{"@type":"Organization","@id":"https:\/\/www.guerini.it\/#organization","name":"Guerini e Associati","url":"https:\/\/www.guerini.it\/","logo":{"@type":"ImageObject","inLanguage":"it-IT","@id":"https:\/\/www.guerini.it\/#\/schema\/logo\/image\/","url":"https:\/\/www.guerini.it\/wp-content\/uploads\/2021\/03\/Logo-Guerini-OK_-e1615831292285.png","contentUrl":"https:\/\/www.guerini.it\/wp-content\/uploads\/2021\/03\/Logo-Guerini-OK_-e1615831292285.png","width":2805,"height":1870,"caption":"Guerini e Associati"},"image":{"@id":"https:\/\/www.guerini.it\/#\/schema\/logo\/image\/"}}]}},"_links":{"self":[{"href":"https:\/\/www.guerini.it\/index.php\/wp-json\/wp\/v2\/product\/16269","targetHints":{"allow":["GET"]}}],"collection":[{"href":"https:\/\/www.guerini.it\/index.php\/wp-json\/wp\/v2\/product"}],"about":[{"href":"https:\/\/www.guerini.it\/index.php\/wp-json\/wp\/v2\/types\/product"}],"wp:featuredmedia":[{"embeddable":true,"href":"https:\/\/www.guerini.it\/index.php\/wp-json\/wp\/v2\/media\/16268"}],"wp:attachment":[{"href":"https:\/\/www.guerini.it\/index.php\/wp-json\/wp\/v2\/media?parent=16269"}],"wp:term":[{"taxonomy":"product_brand","embeddable":true,"href":"https:\/\/www.guerini.it\/index.php\/wp-json\/wp\/v2\/product_brand?post=16269"},{"taxonomy":"product_cat","embeddable":true,"href":"https:\/\/www.guerini.it\/index.php\/wp-json\/wp\/v2\/product_cat?post=16269"},{"taxonomy":"product_tag","embeddable":true,"href":"https:\/\/www.guerini.it\/index.php\/wp-json\/wp\/v2\/product_tag?post=16269"}],"curies":[{"name":"wp","href":"https:\/\/api.w.org\/{rel}","templated":true}]}}