{"id":16273,"date":"2019-04-19T10:39:56","date_gmt":"2019-04-19T08:39:56","guid":{"rendered":"https:\/\/test.guerini.it\/?product=start-down"},"modified":"2024-06-12T14:38:26","modified_gmt":"2024-06-12T12:38:26","slug":"start-down","status":"publish","type":"product","link":"https:\/\/www.guerini.it\/index.php\/prodotto\/start-down\/","title":{"rendered":"Start Down"},"content":{"rendered":"<p style=\"text-align: justify;\">Startup, digitale, innovazione: le parole magiche. Ma cosa c&#8217;\u00e8 dietro ai miti e agli slogan? L&#8217;et\u00e0 dell&#8217;oro della Silicon Valley \u00e8 ancora il modello a cui guardare?<br \/>\n<em>Start Down<\/em>\u00a0mette in discussione i miti del sistema economico digitale attraverso un punto di vista ironico e documentato. Numeri, ma soprattutto storie, immagini, personaggi, punti di vista disponibili raccolti in una sintesi per addetti ai lavori e non, appassionati di innovazione, lungo un percorso di recupero dell&#8217;autentica capacit\u00e0 del nostro Paese di crescere e creare posti di lavoro, non necessariamente CEO di startup. L&#8217;attuale scenario politico ed economico italiano si occupa a intermittenza di queste ambizioni, in un clima di perenne campagna elettorale dove prima vengono gli artigiani (non sempre della qualit\u00e0), la piccola media impresa, i pensionati, in una costante dialettica tra l&#8217;imbonimento o l&#8217;amplificazione della rabbia sociale che permea oggi il Paese. Intanto le startup passano di moda, metre i giovani sono sempre meno, e sempre meno giovani.<br \/>\nQuello che emerge dai numeri \u00e8 che il sistema delle startup a livello globale non produce pi\u00f9 da almeno quindici anni aziende capaci di inventare nuovi paradigmi a livello mondiale e cerca nuove vie originali per reinventarsi. L&#8217;Italia rischia dunque di continuare a inseguire affannosamente un sogno gi\u00e0 vecchio, guardando con deferenza al mito della Silicon Valley, scommettendo in ritardo su idee di importazione e riproducendo i vizi di nanismo e presunzione del nostro Paese.<br \/>\n<em>Start Down<\/em>\u00a0\u00e8 un invito a riscoprire l&#8217;esistenza di basi solide per l&#8217;innovazione e l&#8217;impresa italiana, partendo dalle esperienza che hanno funzionato.\u00a0\u00abStart-Up Patriots to Arms!\u00bb<\/p>\n<hr \/>\n<p style=\"text-align: justify;\"><strong>Gabriele Colasanto <\/strong>e <strong>Marco Rossella <\/strong>sono Consulenti di Direzione per diversi anni in The European House &#8211; Ambrosetti, lavorando anche nel settore dei media e della comunicazione. Gabriele \u00e8 quindi entrato nel mondo del digitale prima in Banzai ed ePRICE, muovendosi tra sviluppo del business e vita da societ\u00e0 quotata. Marco da oltre 4 anni lavora in Audiweb, collaborando alla realizzazione di un progetto di sviluppo per la misurazione delle audience online.<\/p>\n<p>&nbsp;<\/p>\n","protected":false},"excerpt":{"rendered":"<p style=\"text-align: justify;\">Startup, digitale, innovazione: le parole magiche. Ma cosa c&#8217;\u00e8 dietro ai miti e agli slogan? L&#8217;et\u00e0 dell&#8217;oro della Silicon Valley \u00e8 ancora il modello a cui guardare?<\/p>\n<p style=\"text-align: justify;\">Start Down mette in discussione i miti del sistema economico digitale attraverso un punto di vista ironico e documentato. Numeri, ma soprattutto storie, immagini, personaggi, punti di vista disponibili raccolti in una sintesi per addetti ai lavori e non, appassionati di innovazione, lungo un percorso di recupero dell&#8217;autentica capacit\u00e0 del nostro Paese di crescere e creare posti di lavoro, non necessariamente CEO di startup.<br \/>\nL&#8217;attuale scenario politico ed economico italiano si occupa a intermittenza di queste ambizioni, in un clima di perenne campagna elettorale dove prima vengono gli artigiani (non sempre della qualit\u00e0), la piccola media impresa, i pensionati, in una costante dialettica tra l&#8217;imbonimento o l&#8217;amplificazione della rabbia sociale che permea oggi il Paese. Intanto le startup passano di moda, metre i giovani sono sempre meno, e sempre meno giovani.<br \/>\nQuello che emerge dai numeri \u00e8 che il sistema delle startup a livello globale non produce pi\u00f9 da almeno quindici anni aziende capaci di inventare nuovi paradigmi a livello mondiale e cerca nuove vie originali per reinventarsi. L&#8217;Italia rischia dunque di continuare a inseguire affannosamente un sogno gi\u00e0 vecchio, guardando con deferenza al mito della Silicon Valley, scommettendo in ritardo su idee di importazione e riproducendo i vizi di nanismo e presunzione del nostro Paese.<br \/>\nStart Down \u00e8 un invito a riscoprire l&#8217;esistenza di basi solide per l&#8217;innovazione e l&#8217;impresa italiana, partendo dalle esperienza che hanno funzionato. \u00abStart-Up Patriots to Arms!\u00bb<\/p>\n","protected":false},"featured_media":16272,"template":"","meta":{"_editorskit_title_hidden":false,"_editorskit_reading_time":0,"_editorskit_is_block_options_detached":false,"_editorskit_block_options_position":"{}","_monsterinsights_skip_tracking":false,"_monsterinsights_sitenote_active":false,"_monsterinsights_sitenote_note":"","_monsterinsights_sitenote_category":0},"product_brand":[],"product_cat":[6805,6529],"product_tag":[],"class_list":{"0":"post-16273","1":"product","2":"type-product","3":"status-publish","4":"has-post-thumbnail","6":"product_cat-guerini-next","7":"product_cat-economia-e-management","8":"pa_fulfillment-default","9":"pa_guerini_amazon_link-https-www-amazon-it-start-down-digitali-risveglio-dellinnovazione-dp-8868962373","10":"pa_guerini_feltrinelli_link-https-www-lafeltrinelli-it-start-down-crisi-dei-miti-libro-gabriele-colasanto-marco-rossella-e-9788868962371","11":"pa_guerini_ibs_link-https-www-ibs-it-start-down-crisi-dei-miti-libro-gabriele-colasanto-marco-rossella-e-9788868962371","12":"pa_guerini_libruniver_link-https-www-libreriauniversitaria-it-start-down-crisi-miti-digitali-libro-9788868962371","13":"pa_guerini_link_amazon-httpswwwamazonitdpb07qwszmw5","14":"pa_guerini_link_apple_ibook-67-httpsbooksapplecomitbookst","15":"pa_guerini_link_bookrepublic-00-httpswwwbookrepublicitbook","16":"pa_guerini_link_google_play-https-play-google-com-store-books-details-gabriele_colasanto_start_down_la_crisi_dei_miti_diidsicudwaaqbajhlit","17":"pa_guerini_link_ibs-e1-httpswwwibsitstart_down_cr","18":"pa_guerini_link_kobo-e5-httpswwwkobocomititebookst","19":"pa_guerini_link_lafeltrinelli-de-httpswwwlafeltrinelliitebo","20":"pa_guerini_link_mondadori-bf-httpswwwmondadoristoreitst","21":"pa_guerini_link_rizzoli-6c-httpswwwlibreriarizzoliits","22":"pa_guerini_mondadori_link-https-www-mondadoristore-it-start-down-crisi-miti-gabriele-colasanto-marco-rossella-eai978886896237","24":"first","25":"instock","26":"sale","27":"shipping-taxable","28":"purchasable","29":"product-type-simple"},"yoast_head":"<!-- This site is optimized with the Yoast SEO plugin v25.4 - https:\/\/yoast.com\/wordpress\/plugins\/seo\/ -->\n<title>Start Down - Guerini e Associati<\/title>\n<meta name=\"robots\" content=\"index, follow, max-snippet:-1, max-image-preview:large, max-video-preview:-1\" \/>\n<link rel=\"canonical\" href=\"https:\/\/www.guerini.it\/index.php\/prodotto\/start-down\/\" \/>\n<meta property=\"og:locale\" content=\"it_IT\" \/>\n<meta property=\"og:type\" content=\"article\" \/>\n<meta property=\"og:title\" content=\"Start Down - Guerini e Associati\" \/>\n<meta property=\"og:description\" content=\"Startup, digitale, innovazione: le parole magiche. Ma cosa c&#039;\u00e8 dietro ai miti e agli slogan? L&#039;et\u00e0 dell&#039;oro della Silicon Valley \u00e8 ancora il modello a cui guardare? Start Down mette in discussione i miti del sistema economico digitale attraverso un punto di vista ironico e documentato. Numeri, ma soprattutto storie, immagini, personaggi, punti di vista disponibili raccolti in una sintesi per addetti ai lavori e non, appassionati di innovazione, lungo un percorso di recupero dell&#039;autentica capacit\u00e0 del nostro Paese di crescere e creare posti di lavoro, non necessariamente CEO di startup. L&#039;attuale scenario politico ed economico italiano si occupa a intermittenza di queste ambizioni, in un clima di perenne campagna elettorale dove prima vengono gli artigiani (non sempre della qualit\u00e0), la piccola media impresa, i pensionati, in una costante dialettica tra l&#039;imbonimento o l&#039;amplificazione della rabbia sociale che permea oggi il Paese. Intanto le startup passano di moda, metre i giovani sono sempre meno, e sempre meno giovani. Quello che emerge dai numeri \u00e8 che il sistema delle startup a livello globale non produce pi\u00f9 da almeno quindici anni aziende capaci di inventare nuovi paradigmi a livello mondiale e cerca nuove vie originali per reinventarsi. L&#039;Italia rischia dunque di continuare a inseguire affannosamente un sogno gi\u00e0 vecchio, guardando con deferenza al mito della Silicon Valley, scommettendo in ritardo su idee di importazione e riproducendo i vizi di nanismo e presunzione del nostro Paese. Start Down \u00e8 un invito a riscoprire l&#039;esistenza di basi solide per l&#039;innovazione e l&#039;impresa italiana, partendo dalle esperienza che hanno funzionato. \u00abStart-Up Patriots to Arms!\u00bb\" \/>\n<meta property=\"og:url\" content=\"https:\/\/www.guerini.it\/index.php\/prodotto\/start-down\/\" \/>\n<meta property=\"og:site_name\" content=\"Guerini e Associati\" \/>\n<meta property=\"article:modified_time\" content=\"2024-06-12T12:38:26+00:00\" \/>\n<meta property=\"og:image\" content=\"https:\/\/www.guerini.it\/wp-content\/uploads\/2019\/04\/startdown_sito.jpg\" \/>\n\t<meta property=\"og:image:width\" content=\"235\" \/>\n\t<meta property=\"og:image:height\" content=\"353\" \/>\n\t<meta property=\"og:image:type\" content=\"image\/jpeg\" \/>\n<meta name=\"twitter:card\" content=\"summary_large_image\" \/>\n<meta name=\"twitter:label1\" content=\"Tempo di lettura stimato\" \/>\n\t<meta name=\"twitter:data1\" content=\"2 minuti\" \/>\n<!-- \/ Yoast SEO plugin. -->","yoast_head_json":{"title":"Start Down - Guerini e Associati","robots":{"index":"index","follow":"follow","max-snippet":"max-snippet:-1","max-image-preview":"max-image-preview:large","max-video-preview":"max-video-preview:-1"},"canonical":"https:\/\/www.guerini.it\/index.php\/prodotto\/start-down\/","og_locale":"it_IT","og_type":"article","og_title":"Start Down - Guerini e Associati","og_description":"Startup, digitale, innovazione: le parole magiche. Ma cosa c'\u00e8 dietro ai miti e agli slogan? L'et\u00e0 dell'oro della Silicon Valley \u00e8 ancora il modello a cui guardare? Start Down mette in discussione i miti del sistema economico digitale attraverso un punto di vista ironico e documentato. Numeri, ma soprattutto storie, immagini, personaggi, punti di vista disponibili raccolti in una sintesi per addetti ai lavori e non, appassionati di innovazione, lungo un percorso di recupero dell'autentica capacit\u00e0 del nostro Paese di crescere e creare posti di lavoro, non necessariamente CEO di startup. L'attuale scenario politico ed economico italiano si occupa a intermittenza di queste ambizioni, in un clima di perenne campagna elettorale dove prima vengono gli artigiani (non sempre della qualit\u00e0), la piccola media impresa, i pensionati, in una costante dialettica tra l'imbonimento o l'amplificazione della rabbia sociale che permea oggi il Paese. Intanto le startup passano di moda, metre i giovani sono sempre meno, e sempre meno giovani. Quello che emerge dai numeri \u00e8 che il sistema delle startup a livello globale non produce pi\u00f9 da almeno quindici anni aziende capaci di inventare nuovi paradigmi a livello mondiale e cerca nuove vie originali per reinventarsi. L'Italia rischia dunque di continuare a inseguire affannosamente un sogno gi\u00e0 vecchio, guardando con deferenza al mito della Silicon Valley, scommettendo in ritardo su idee di importazione e riproducendo i vizi di nanismo e presunzione del nostro Paese. Start Down \u00e8 un invito a riscoprire l'esistenza di basi solide per l'innovazione e l'impresa italiana, partendo dalle esperienza che hanno funzionato. \u00abStart-Up Patriots to Arms!\u00bb","og_url":"https:\/\/www.guerini.it\/index.php\/prodotto\/start-down\/","og_site_name":"Guerini e Associati","article_modified_time":"2024-06-12T12:38:26+00:00","og_image":[{"width":235,"height":353,"url":"https:\/\/www.guerini.it\/wp-content\/uploads\/2019\/04\/startdown_sito.jpg","type":"image\/jpeg"}],"twitter_card":"summary_large_image","twitter_misc":{"Tempo di lettura stimato":"2 minuti"},"schema":{"@context":"https:\/\/schema.org","@graph":[{"@type":"WebPage","@id":"https:\/\/www.guerini.it\/index.php\/prodotto\/start-down\/","url":"https:\/\/www.guerini.it\/index.php\/prodotto\/start-down\/","name":"Start Down - Guerini e Associati","isPartOf":{"@id":"https:\/\/www.guerini.it\/#website"},"primaryImageOfPage":{"@id":"https:\/\/www.guerini.it\/index.php\/prodotto\/start-down\/#primaryimage"},"image":{"@id":"https:\/\/www.guerini.it\/index.php\/prodotto\/start-down\/#primaryimage"},"thumbnailUrl":"https:\/\/www.guerini.it\/wp-content\/uploads\/2019\/04\/startdown_sito.jpg","datePublished":"2019-04-19T08:39:56+00:00","dateModified":"2024-06-12T12:38:26+00:00","breadcrumb":{"@id":"https:\/\/www.guerini.it\/index.php\/prodotto\/start-down\/#breadcrumb"},"inLanguage":"it-IT","potentialAction":[{"@type":"ReadAction","target":["https:\/\/www.guerini.it\/index.php\/prodotto\/start-down\/"]}]},{"@type":"ImageObject","inLanguage":"it-IT","@id":"https:\/\/www.guerini.it\/index.php\/prodotto\/start-down\/#primaryimage","url":"https:\/\/www.guerini.it\/wp-content\/uploads\/2019\/04\/startdown_sito.jpg","contentUrl":"https:\/\/www.guerini.it\/wp-content\/uploads\/2019\/04\/startdown_sito.jpg","width":235,"height":353,"caption":"Start Down"},{"@type":"BreadcrumbList","@id":"https:\/\/www.guerini.it\/index.php\/prodotto\/start-down\/#breadcrumb","itemListElement":[{"@type":"ListItem","position":1,"name":"Home","item":"https:\/\/www.guerini.it\/"},{"@type":"ListItem","position":2,"name":"Catalogo","item":"https:\/\/www.guerini.it\/index.php\/negozio\/"},{"@type":"ListItem","position":3,"name":"Start Down"}]},{"@type":"WebSite","@id":"https:\/\/www.guerini.it\/#website","url":"https:\/\/www.guerini.it\/","name":"Guerini e Associati","description":"30 anni di libri, idee e libert\u00e0","publisher":{"@id":"https:\/\/www.guerini.it\/#organization"},"potentialAction":[{"@type":"SearchAction","target":{"@type":"EntryPoint","urlTemplate":"https:\/\/www.guerini.it\/?s={search_term_string}"},"query-input":{"@type":"PropertyValueSpecification","valueRequired":true,"valueName":"search_term_string"}}],"inLanguage":"it-IT"},{"@type":"Organization","@id":"https:\/\/www.guerini.it\/#organization","name":"Guerini e Associati","url":"https:\/\/www.guerini.it\/","logo":{"@type":"ImageObject","inLanguage":"it-IT","@id":"https:\/\/www.guerini.it\/#\/schema\/logo\/image\/","url":"https:\/\/www.guerini.it\/wp-content\/uploads\/2021\/03\/Logo-Guerini-OK_-e1615831292285.png","contentUrl":"https:\/\/www.guerini.it\/wp-content\/uploads\/2021\/03\/Logo-Guerini-OK_-e1615831292285.png","width":2805,"height":1870,"caption":"Guerini e Associati"},"image":{"@id":"https:\/\/www.guerini.it\/#\/schema\/logo\/image\/"}}]}},"_links":{"self":[{"href":"https:\/\/www.guerini.it\/index.php\/wp-json\/wp\/v2\/product\/16273","targetHints":{"allow":["GET"]}}],"collection":[{"href":"https:\/\/www.guerini.it\/index.php\/wp-json\/wp\/v2\/product"}],"about":[{"href":"https:\/\/www.guerini.it\/index.php\/wp-json\/wp\/v2\/types\/product"}],"wp:featuredmedia":[{"embeddable":true,"href":"https:\/\/www.guerini.it\/index.php\/wp-json\/wp\/v2\/media\/16272"}],"wp:attachment":[{"href":"https:\/\/www.guerini.it\/index.php\/wp-json\/wp\/v2\/media?parent=16273"}],"wp:term":[{"taxonomy":"product_brand","embeddable":true,"href":"https:\/\/www.guerini.it\/index.php\/wp-json\/wp\/v2\/product_brand?post=16273"},{"taxonomy":"product_cat","embeddable":true,"href":"https:\/\/www.guerini.it\/index.php\/wp-json\/wp\/v2\/product_cat?post=16273"},{"taxonomy":"product_tag","embeddable":true,"href":"https:\/\/www.guerini.it\/index.php\/wp-json\/wp\/v2\/product_tag?post=16273"}],"curies":[{"name":"wp","href":"https:\/\/api.w.org\/{rel}","templated":true}]}}