{"id":16277,"date":"2019-04-19T11:05:22","date_gmt":"2019-04-19T09:05:22","guid":{"rendered":"https:\/\/test.guerini.it\/?product=viaggio-nell-innovazione"},"modified":"2026-04-21T13:06:04","modified_gmt":"2026-04-21T11:06:04","slug":"viaggio-nell-innovazione","status":"publish","type":"product","link":"https:\/\/www.guerini.it\/index.php\/prodotto\/viaggio-nell-innovazione\/","title":{"rendered":"Viaggio nell&#8217;innovazione"},"content":{"rendered":"<p style=\"text-align: justify;\">Per acquisire una conoscenza efficace, quella pi\u00f9 determinante per mettere in atto i cambiamenti, imprenditori e manager devono muoversi, devono viaggiare e visitare i luoghi dove nasce e si mantiene l\u2019innovazione. Il libro parla di viaggi alla scoperta di ecosistemi che favoriscono il germogliare delle idee e delle loro applicazioni. Qui l\u2019apprendimento presuppone la fatica e la gioia del viaggio che \u00e8 di per s\u00e9 un atto innovativo rispetto alla nostra quotidianit\u00e0 e alla nostra zona di comfort. Ma il viaggio e la visita a questi luoghi &#8211; aziende, parchi tecnologici, universit\u00e0, centri di ricerca, incubatori &#8211; costituiscono un formidabile acceleratore per la conoscenza di nuovi modelli di business e organizzativi che in breve tempo ci raggiungono modificando le nostre abitudini aziendali e i nostri mercati.<br \/>\nCon la velocit\u00e0 esponenziale con cui i cambiamenti evolvono, diventa fondamentale apprendere per tempo questi nuovi modelli, interiorizzarli e agirli nella nostra realt\u00e0 prima che sia troppo tardi. Non basta studiare tutto ci\u00f2 a tavolino; si pu\u00f2 davvero apprendere solo andando a visitare i luoghi dove le cose accadono: dalla Silicon Valley alla Chilecon Valley, dalla Israel Valley all\u2019Indian city of Bangalore, dal Cambridge Science Park al Science Park Berlin Adlershof e tanti altri micro luoghi dell\u2019innovazione, innescando un processo conoscitivo che non pu\u00f2 prescindere dal contatto fisico e dall\u2019emozione.<\/p>\n<div class=\"woocommerce-tabs wc-tabs-wrapper\">\n<div id=\"tab-description\" class=\"woocommerce-Tabs-panel woocommerce-Tabs-panel--description panel entry-content wc-tab\" role=\"tabpanel\" aria-labelledby=\"tab-title-description\">\n<p>Il volume fa parte della collana\u00a0<a href=\"https:\/\/www.guerini.it\/index.php\/categoria-prodotto\/default-category\/economia-e-management\/guerini4-0\/\"><em>Guerini 4.0<\/em><\/a>.<\/p>\n<\/div>\n<\/div>\n<hr \/>\n<p style=\"text-align: justify;\"><strong>Roberto Panzarani <\/strong>\u00e8 presidente dello studio Panzarani &amp; Associati di Roma. \u00c8 studioso delle problematiche relative al capitale intellettuale in contesti ad elevata innovazione e autore di svariate pubblicazioni. Viaggia continuamente per il mondo, accompagnando le aziende italiane nei principali luoghi dell\u2019innovazione.<\/p>\n<p style=\"text-align: justify;\"><strong>Permalink:\u00a0<a href=\"http:\/\/digital.casalini.it\/9788881953325\">http:\/\/digital.casalini.it\/9788881953325<\/a><\/strong><\/p>\n","protected":false},"excerpt":{"rendered":"<p>Per acquisire una conoscenza efficace, quella pi\u00f9 determinante per mettere in atto i cambiamenti, imprenditori e manager devono muoversi, devono viaggiare e visitare i luoghi dove nasce e si mantiene [&hellip;]<\/p>\n","protected":false},"featured_media":23774,"template":"","meta":{"_editorskit_title_hidden":false,"_editorskit_reading_time":0,"_editorskit_is_block_options_detached":false,"_editorskit_block_options_position":"{}","_monsterinsights_skip_tracking":false,"_monsterinsights_sitenote_active":false,"_monsterinsights_sitenote_note":"","_monsterinsights_sitenote_category":0},"product_brand":[],"product_cat":[6529,6699],"product_tag":[6748,7020,6746,6744,6745,6749,6750],"class_list":{"0":"post-16277","1":"product","2":"type-product","3":"status-publish","4":"has-post-thumbnail","6":"product_cat-economia-e-management","7":"product_cat-guerini4-0","8":"product_tag-digitalizzazione","9":"product_tag-formazione","10":"product_tag-futuro","11":"product_tag-industria-4-0","12":"product_tag-innovazione","13":"product_tag-ricerca","14":"product_tag-tecnologia","15":"pa_guerini_amazon_link-8e-httpswwwamazonitviaggio_ne","16":"pa_guerini_feltrinelli_link-c4-httpswwwlafeltrinelliitlib","17":"pa_guerini_ibs_link-ae-httpswwwibsitviaggio_nell_","18":"pa_guerini_libruniver_link-b8-httpswwwlibreriauniversita","19":"pa_guerini_link_amazon-e0-httpswwwamazonitviaggio_ne","20":"pa_guerini_link_apple_ibook-fe-httpsbooksapplecomitbookvi","21":"pa_guerini_link_bookrepublic-8f-httpswwwbookrepublicitbook","22":"pa_guerini_link_ibs-43-httpswwwibsitviaggio_nell_","23":"pa_guerini_link_kobo-9d-httpswwwkobocomititebookvi","24":"pa_guerini_link_lafeltrinelli-df-httpswwwlafeltrinelliitebo","25":"pa_guerini_link_mondadori-67-httpswwwmondadoristoreitvi","26":"pa_guerini_link_rizzoli-3c-httpswwwlibreriarizzoliitv","27":"pa_guerini_mondadori_link-6a-httpswwwmondadoristoreitvi","29":"first","30":"instock","31":"sale","32":"shipping-taxable","33":"purchasable","34":"product-type-simple"},"yoast_head":"<!-- This site is optimized with the Yoast SEO plugin v25.4 - https:\/\/yoast.com\/wordpress\/plugins\/seo\/ -->\n<title>R. Panzarani, Viaggio nell&#039;innovazione | Guerini Editore<\/title>\n<meta name=\"description\" content=\"Il volume di R. Panzarani parla di viaggi alla scoperta di ecosistemi che favoriscono il germogliare delle idee e delle loro applicazioni.\" \/>\n<meta name=\"robots\" content=\"index, follow, max-snippet:-1, max-image-preview:large, max-video-preview:-1\" \/>\n<link rel=\"canonical\" href=\"https:\/\/www.guerini.it\/index.php\/prodotto\/viaggio-nell-innovazione\/\" \/>\n<meta property=\"og:locale\" content=\"it_IT\" \/>\n<meta property=\"og:type\" content=\"article\" \/>\n<meta property=\"og:title\" content=\"R. Panzarani, Viaggio nell&#039;innovazione | Guerini Editore\" \/>\n<meta property=\"og:description\" content=\"Il volume di R. Panzarani parla di viaggi alla scoperta di ecosistemi che favoriscono il germogliare delle idee e delle loro applicazioni.\" \/>\n<meta property=\"og:url\" content=\"https:\/\/www.guerini.it\/index.php\/prodotto\/viaggio-nell-innovazione\/\" \/>\n<meta property=\"og:site_name\" content=\"Guerini e Associati\" \/>\n<meta property=\"article:modified_time\" content=\"2026-04-21T11:06:04+00:00\" \/>\n<meta property=\"og:image\" content=\"https:\/\/www.guerini.it\/wp-content\/uploads\/2019\/04\/Viaggio-nell_innovazione.webp\" \/>\n\t<meta property=\"og:image:width\" content=\"668\" \/>\n\t<meta property=\"og:image:height\" content=\"1000\" \/>\n\t<meta property=\"og:image:type\" content=\"image\/webp\" \/>\n<meta name=\"twitter:card\" content=\"summary_large_image\" \/>\n<meta name=\"twitter:label1\" content=\"Tempo di lettura stimato\" \/>\n\t<meta name=\"twitter:data1\" content=\"2 minuti\" \/>\n<!-- \/ Yoast SEO plugin. -->","yoast_head_json":{"title":"R. Panzarani, Viaggio nell'innovazione | Guerini Editore","description":"Il volume di R. Panzarani parla di viaggi alla scoperta di ecosistemi che favoriscono il germogliare delle idee e delle loro applicazioni.","robots":{"index":"index","follow":"follow","max-snippet":"max-snippet:-1","max-image-preview":"max-image-preview:large","max-video-preview":"max-video-preview:-1"},"canonical":"https:\/\/www.guerini.it\/index.php\/prodotto\/viaggio-nell-innovazione\/","og_locale":"it_IT","og_type":"article","og_title":"R. Panzarani, Viaggio nell'innovazione | Guerini Editore","og_description":"Il volume di R. Panzarani parla di viaggi alla scoperta di ecosistemi che favoriscono il germogliare delle idee e delle loro applicazioni.","og_url":"https:\/\/www.guerini.it\/index.php\/prodotto\/viaggio-nell-innovazione\/","og_site_name":"Guerini e Associati","article_modified_time":"2026-04-21T11:06:04+00:00","og_image":[{"width":668,"height":1000,"url":"https:\/\/www.guerini.it\/wp-content\/uploads\/2019\/04\/Viaggio-nell_innovazione.webp","type":"image\/webp"}],"twitter_card":"summary_large_image","twitter_misc":{"Tempo di lettura stimato":"2 minuti"},"schema":{"@context":"https:\/\/schema.org","@graph":[{"@type":"WebPage","@id":"https:\/\/www.guerini.it\/index.php\/prodotto\/viaggio-nell-innovazione\/","url":"https:\/\/www.guerini.it\/index.php\/prodotto\/viaggio-nell-innovazione\/","name":"R. Panzarani, Viaggio nell'innovazione | Guerini Editore","isPartOf":{"@id":"https:\/\/www.guerini.it\/#website"},"primaryImageOfPage":{"@id":"https:\/\/www.guerini.it\/index.php\/prodotto\/viaggio-nell-innovazione\/#primaryimage"},"image":{"@id":"https:\/\/www.guerini.it\/index.php\/prodotto\/viaggio-nell-innovazione\/#primaryimage"},"thumbnailUrl":"https:\/\/www.guerini.it\/wp-content\/uploads\/2019\/04\/Viaggio-nell_innovazione.webp","datePublished":"2019-04-19T09:05:22+00:00","dateModified":"2026-04-21T11:06:04+00:00","description":"Il volume di R. Panzarani parla di viaggi alla scoperta di ecosistemi che favoriscono il germogliare delle idee e delle loro applicazioni.","breadcrumb":{"@id":"https:\/\/www.guerini.it\/index.php\/prodotto\/viaggio-nell-innovazione\/#breadcrumb"},"inLanguage":"it-IT","potentialAction":[{"@type":"ReadAction","target":["https:\/\/www.guerini.it\/index.php\/prodotto\/viaggio-nell-innovazione\/"]}]},{"@type":"ImageObject","inLanguage":"it-IT","@id":"https:\/\/www.guerini.it\/index.php\/prodotto\/viaggio-nell-innovazione\/#primaryimage","url":"https:\/\/www.guerini.it\/wp-content\/uploads\/2019\/04\/Viaggio-nell_innovazione.webp","contentUrl":"https:\/\/www.guerini.it\/wp-content\/uploads\/2019\/04\/Viaggio-nell_innovazione.webp","width":668,"height":1000,"caption":"Copertina del volume Viaggio nell'innovazione, Guerini e Associati, 2019"},{"@type":"BreadcrumbList","@id":"https:\/\/www.guerini.it\/index.php\/prodotto\/viaggio-nell-innovazione\/#breadcrumb","itemListElement":[{"@type":"ListItem","position":1,"name":"Home","item":"https:\/\/www.guerini.it\/"},{"@type":"ListItem","position":2,"name":"Catalogo","item":"https:\/\/www.guerini.it\/index.php\/negozio\/"},{"@type":"ListItem","position":3,"name":"Viaggio nell&#8217;innovazione"}]},{"@type":"WebSite","@id":"https:\/\/www.guerini.it\/#website","url":"https:\/\/www.guerini.it\/","name":"Guerini e Associati","description":"30 anni di libri, idee e libert\u00e0","publisher":{"@id":"https:\/\/www.guerini.it\/#organization"},"potentialAction":[{"@type":"SearchAction","target":{"@type":"EntryPoint","urlTemplate":"https:\/\/www.guerini.it\/?s={search_term_string}"},"query-input":{"@type":"PropertyValueSpecification","valueRequired":true,"valueName":"search_term_string"}}],"inLanguage":"it-IT"},{"@type":"Organization","@id":"https:\/\/www.guerini.it\/#organization","name":"Guerini e Associati","url":"https:\/\/www.guerini.it\/","logo":{"@type":"ImageObject","inLanguage":"it-IT","@id":"https:\/\/www.guerini.it\/#\/schema\/logo\/image\/","url":"https:\/\/www.guerini.it\/wp-content\/uploads\/2021\/03\/Logo-Guerini-OK_-e1615831292285.png","contentUrl":"https:\/\/www.guerini.it\/wp-content\/uploads\/2021\/03\/Logo-Guerini-OK_-e1615831292285.png","width":2805,"height":1870,"caption":"Guerini e Associati"},"image":{"@id":"https:\/\/www.guerini.it\/#\/schema\/logo\/image\/"}}]}},"_links":{"self":[{"href":"https:\/\/www.guerini.it\/index.php\/wp-json\/wp\/v2\/product\/16277","targetHints":{"allow":["GET"]}}],"collection":[{"href":"https:\/\/www.guerini.it\/index.php\/wp-json\/wp\/v2\/product"}],"about":[{"href":"https:\/\/www.guerini.it\/index.php\/wp-json\/wp\/v2\/types\/product"}],"wp:featuredmedia":[{"embeddable":true,"href":"https:\/\/www.guerini.it\/index.php\/wp-json\/wp\/v2\/media\/23774"}],"wp:attachment":[{"href":"https:\/\/www.guerini.it\/index.php\/wp-json\/wp\/v2\/media?parent=16277"}],"wp:term":[{"taxonomy":"product_brand","embeddable":true,"href":"https:\/\/www.guerini.it\/index.php\/wp-json\/wp\/v2\/product_brand?post=16277"},{"taxonomy":"product_cat","embeddable":true,"href":"https:\/\/www.guerini.it\/index.php\/wp-json\/wp\/v2\/product_cat?post=16277"},{"taxonomy":"product_tag","embeddable":true,"href":"https:\/\/www.guerini.it\/index.php\/wp-json\/wp\/v2\/product_tag?post=16277"}],"curies":[{"name":"wp","href":"https:\/\/api.w.org\/{rel}","templated":true}]}}