{"id":16289,"date":"2019-05-17T10:49:53","date_gmt":"2019-05-17T08:49:53","guid":{"rendered":"https:\/\/test.guerini.it\/?product=diario-di-una-change-agent"},"modified":"2024-06-12T14:38:06","modified_gmt":"2024-06-12T12:38:06","slug":"diario-di-una-change-agent","status":"publish","type":"product","link":"https:\/\/www.guerini.it\/index.php\/prodotto\/diario-di-una-change-agent\/","title":{"rendered":"Diario di una change agent"},"content":{"rendered":"<p style=\"text-align: justify;\">Quali sono i segreti di una trasformazione snella in azienda? Che ruolo hanno le persone in questo percorso? La metodologia Lean \u00e8 applicabile nel mondo dei servizi?<br \/>\nQuesto diario, scritto dall\u2019intraprendente protagonista Bianca Martini, porta il lettore dritto nel cuore della trasformazione \u00absnella\u00bb.L\u2019azienda nella quale si muove la nostra Bianca \u00e8 grande, solida, caotica: un\u2019azienda in cui tanti fanno tanto e che, com\u2019\u00e8 prevedibile, comporta una consistente mole di lavoro.\u00c8 proprio in questo contesto che germoglia il pensiero \u00absnello\u00bb.<br \/>\nEsso esalta le potenzialit\u00e0 dell\u2019esperimento sul campo, il beneficio della semplificazione e la capacit\u00e0 di un coinvolgimento collettivo nel percorso del miglioramento continuo.<br \/>\nUn\u2019azienda, infatti, \u00e8 fatta di tutte le persone che vi operano. In questo risiede la difficolt\u00e0 del compito di Bianca: combinare personalit\u00e0 totalmente diverse tra loro all\u2019interno di una logica aziendale che non le mortifichi o trascuri, ma ne ottimizzi i singoli punti di forza.<br \/>\nChe tu sia un principiante assoluto, un appassionato studente o un esperto della materia, queste pagine ti offriranno numerosi spunti di riflessione e, forse, un approfondimento pi\u00f9 dinamico e divertente della metodologia Lean.<\/p>\n<hr \/>\n<p style=\"text-align: justify;\"><strong>Erika Melis<\/strong> \u00e8 esperta di change management, con una forte specializzazione sui temi legati a miglioramento continuo e innovazione, maturata grazie a un\u2019esperienza decennale in ambito risorse umane principalmente nel settore dei servizi. Laureata in Economia Aziendale Management e Professioni all\u2019Universit\u00e0 di Bologna e Master Black Belt Six Sigma, ha da sempre dimostrato forte interesse per la metodologia lean guidando decine di progetti di miglioramento continuo su processi transazionali in tutti gli ambiti aziendali.<\/p>\n","protected":false},"excerpt":{"rendered":"<p>Quali sono i segreti di una trasformazione snella in azienda? Che ruolo hanno le persone in questo percorso? La metodologia Lean \u00e8 applicabile nel mondo dei servizi?<br \/>\nQuesto diario, scritto dall\u2019intraprendente protagonista Bianca Martini, porta il lettore dritto nel cuore della trasformazione \u00absnella\u00bb.L\u2019azienda nella quale si muove la nostra Bianca \u00e8 grande, solida, caotica: un\u2019azienda in cui tanti fanno tanto e che, com\u2019\u00e8 prevedibile, comporta una consistente mole di lavoro.\u00c8 proprio in questo contesto che germoglia il pensiero \u00absnello\u00bb.<br \/>\nEsso esalta le potenzialit\u00e0 dell\u2019esperimento sul campo, il beneficio della semplificazione e la capacit\u00e0 di un coinvolgimento collettivo nel percorso del miglioramento continuo.<br \/>\nUn\u2019azienda, infatti, \u00e8 fatta di tutte le persone che vi operano. In questo risiede la difficolt\u00e0 del compito di Bianca: combinare personalit\u00e0 totalmente diverse tra loro all\u2019interno di una logica aziendale che non le mortifichi o trascuri, ma ne ottimizzi i singoli punti di forza.<br \/>\nChe tu sia un principiante assoluto, un appassionato studente o un esperto della materia, queste pagine ti offriranno numerosi spunti di riflessione e, forse, un approfondimento pi\u00f9 dinamico e divertente della metodologia Lean.<\/p>\n","protected":false},"featured_media":16288,"template":"","meta":{"_editorskit_title_hidden":false,"_editorskit_reading_time":0,"_editorskit_is_block_options_detached":false,"_editorskit_block_options_position":"{}","_monsterinsights_skip_tracking":false,"_monsterinsights_sitenote_active":false,"_monsterinsights_sitenote_note":"","_monsterinsights_sitenote_category":0},"product_brand":[],"product_cat":[6805,6529,6532],"product_tag":[],"class_list":{"0":"post-16289","1":"product","2":"type-product","3":"status-publish","4":"has-post-thumbnail","6":"product_cat-guerini-next","7":"product_cat-economia-e-management","8":"product_cat-lean-production","9":"pa_fulfillment-default","10":"pa_guerini_amazon_link-https-www-amazon-it-diario-change-cammino-miglioramento-continuo-dp-8868962624","11":"pa_guerini_feltrinelli_link-https-www-lafeltrinelli-it-diario-di-change-agent-cammino-libro-erika-melis-e-9788868962623","12":"pa_guerini_ibs_link-https-www-ibs-it-diario-di-change-agent-cammino-libro-erika-melis-e-9788868962623","13":"pa_guerini_libruniver_link-https-www-libreriauniversitaria-it-diario-change-agent-cammino-bianca-libro-9788868962623","14":"pa_guerini_link_amazon-httpswwwamazonitdpb07s7w3yjc","15":"pa_guerini_link_apple_ibook-65-httpsbooksapplecomitbookdi","16":"pa_guerini_link_bookrepublic-eb-httpswwwbookrepublicitbook","17":"pa_guerini_link_google_play-https-play-google-com-store-books-details-erika_melis_diario_di_una_change_agent_il_camminoidykeadwaaqbajhlit","18":"pa_guerini_link_ibs-e2-httpswwwibsitdiario_di_cha","19":"pa_guerini_link_kobo-0c-httpswwwkobocomititebookdi","20":"pa_guerini_link_lafeltrinelli-3b-httpswwwlafeltrinelliitebo","21":"pa_guerini_link_mondadori-5d-httpswwwmondadoristoreitdi","22":"pa_guerini_link_rizzoli-d7-httpswwwlibreriarizzoliitd","23":"pa_guerini_mondadori_link-https-www-mondadoristore-it-diario-change-agent-cammino-erika-melis-eai978886896262","25":"first","26":"instock","27":"sale","28":"shipping-taxable","29":"purchasable","30":"product-type-simple"},"yoast_head":"<!-- This site is optimized with the Yoast SEO plugin v25.4 - https:\/\/yoast.com\/wordpress\/plugins\/seo\/ -->\n<title>Diario di una change agent - Guerini e Associati<\/title>\n<meta name=\"robots\" content=\"index, follow, max-snippet:-1, max-image-preview:large, max-video-preview:-1\" \/>\n<link rel=\"canonical\" href=\"https:\/\/www.guerini.it\/index.php\/prodotto\/diario-di-una-change-agent\/\" \/>\n<meta property=\"og:locale\" content=\"it_IT\" \/>\n<meta property=\"og:type\" content=\"article\" \/>\n<meta property=\"og:title\" content=\"Diario di una change agent - Guerini e Associati\" \/>\n<meta property=\"og:description\" content=\"Quali sono i segreti di una trasformazione snella in azienda? Che ruolo hanno le persone in questo percorso? La metodologia Lean \u00e8 applicabile nel mondo dei servizi? Questo diario, scritto dall\u2019intraprendente protagonista Bianca Martini, porta il lettore dritto nel cuore della trasformazione \u00absnella\u00bb.L\u2019azienda nella quale si muove la nostra Bianca \u00e8 grande, solida, caotica: un\u2019azienda in cui tanti fanno tanto e che, com\u2019\u00e8 prevedibile, comporta una consistente mole di lavoro.\u00c8 proprio in questo contesto che germoglia il pensiero \u00absnello\u00bb. Esso esalta le potenzialit\u00e0 dell\u2019esperimento sul campo, il beneficio della semplificazione e la capacit\u00e0 di un coinvolgimento collettivo nel percorso del miglioramento continuo. Un\u2019azienda, infatti, \u00e8 fatta di tutte le persone che vi operano. In questo risiede la difficolt\u00e0 del compito di Bianca: combinare personalit\u00e0 totalmente diverse tra loro all\u2019interno di una logica aziendale che non le mortifichi o trascuri, ma ne ottimizzi i singoli punti di forza. Che tu sia un principiante assoluto, un appassionato studente o un esperto della materia, queste pagine ti offriranno numerosi spunti di riflessione e, forse, un approfondimento pi\u00f9 dinamico e divertente della metodologia Lean.\" \/>\n<meta property=\"og:url\" content=\"https:\/\/www.guerini.it\/index.php\/prodotto\/diario-di-una-change-agent\/\" \/>\n<meta property=\"og:site_name\" content=\"Guerini e Associati\" \/>\n<meta property=\"article:modified_time\" content=\"2024-06-12T12:38:06+00:00\" \/>\n<meta property=\"og:image\" content=\"https:\/\/www.guerini.it\/wp-content\/uploads\/2019\/05\/diario_di_una_change_agent_sito.jpg\" \/>\n\t<meta property=\"og:image:width\" content=\"235\" \/>\n\t<meta property=\"og:image:height\" content=\"353\" \/>\n\t<meta property=\"og:image:type\" content=\"image\/jpeg\" \/>\n<meta name=\"twitter:card\" content=\"summary_large_image\" \/>\n<meta name=\"twitter:label1\" content=\"Tempo di lettura stimato\" \/>\n\t<meta name=\"twitter:data1\" content=\"2 minuti\" \/>\n<!-- \/ Yoast SEO plugin. -->","yoast_head_json":{"title":"Diario di una change agent - Guerini e Associati","robots":{"index":"index","follow":"follow","max-snippet":"max-snippet:-1","max-image-preview":"max-image-preview:large","max-video-preview":"max-video-preview:-1"},"canonical":"https:\/\/www.guerini.it\/index.php\/prodotto\/diario-di-una-change-agent\/","og_locale":"it_IT","og_type":"article","og_title":"Diario di una change agent - Guerini e Associati","og_description":"Quali sono i segreti di una trasformazione snella in azienda? Che ruolo hanno le persone in questo percorso? La metodologia Lean \u00e8 applicabile nel mondo dei servizi? Questo diario, scritto dall\u2019intraprendente protagonista Bianca Martini, porta il lettore dritto nel cuore della trasformazione \u00absnella\u00bb.L\u2019azienda nella quale si muove la nostra Bianca \u00e8 grande, solida, caotica: un\u2019azienda in cui tanti fanno tanto e che, com\u2019\u00e8 prevedibile, comporta una consistente mole di lavoro.\u00c8 proprio in questo contesto che germoglia il pensiero \u00absnello\u00bb. Esso esalta le potenzialit\u00e0 dell\u2019esperimento sul campo, il beneficio della semplificazione e la capacit\u00e0 di un coinvolgimento collettivo nel percorso del miglioramento continuo. Un\u2019azienda, infatti, \u00e8 fatta di tutte le persone che vi operano. In questo risiede la difficolt\u00e0 del compito di Bianca: combinare personalit\u00e0 totalmente diverse tra loro all\u2019interno di una logica aziendale che non le mortifichi o trascuri, ma ne ottimizzi i singoli punti di forza. Che tu sia un principiante assoluto, un appassionato studente o un esperto della materia, queste pagine ti offriranno numerosi spunti di riflessione e, forse, un approfondimento pi\u00f9 dinamico e divertente della metodologia Lean.","og_url":"https:\/\/www.guerini.it\/index.php\/prodotto\/diario-di-una-change-agent\/","og_site_name":"Guerini e Associati","article_modified_time":"2024-06-12T12:38:06+00:00","og_image":[{"width":235,"height":353,"url":"https:\/\/www.guerini.it\/wp-content\/uploads\/2019\/05\/diario_di_una_change_agent_sito.jpg","type":"image\/jpeg"}],"twitter_card":"summary_large_image","twitter_misc":{"Tempo di lettura stimato":"2 minuti"},"schema":{"@context":"https:\/\/schema.org","@graph":[{"@type":"WebPage","@id":"https:\/\/www.guerini.it\/index.php\/prodotto\/diario-di-una-change-agent\/","url":"https:\/\/www.guerini.it\/index.php\/prodotto\/diario-di-una-change-agent\/","name":"Diario di una change agent - Guerini e Associati","isPartOf":{"@id":"https:\/\/www.guerini.it\/#website"},"primaryImageOfPage":{"@id":"https:\/\/www.guerini.it\/index.php\/prodotto\/diario-di-una-change-agent\/#primaryimage"},"image":{"@id":"https:\/\/www.guerini.it\/index.php\/prodotto\/diario-di-una-change-agent\/#primaryimage"},"thumbnailUrl":"https:\/\/www.guerini.it\/wp-content\/uploads\/2019\/05\/diario_di_una_change_agent_sito.jpg","datePublished":"2019-05-17T08:49:53+00:00","dateModified":"2024-06-12T12:38:06+00:00","breadcrumb":{"@id":"https:\/\/www.guerini.it\/index.php\/prodotto\/diario-di-una-change-agent\/#breadcrumb"},"inLanguage":"it-IT","potentialAction":[{"@type":"ReadAction","target":["https:\/\/www.guerini.it\/index.php\/prodotto\/diario-di-una-change-agent\/"]}]},{"@type":"ImageObject","inLanguage":"it-IT","@id":"https:\/\/www.guerini.it\/index.php\/prodotto\/diario-di-una-change-agent\/#primaryimage","url":"https:\/\/www.guerini.it\/wp-content\/uploads\/2019\/05\/diario_di_una_change_agent_sito.jpg","contentUrl":"https:\/\/www.guerini.it\/wp-content\/uploads\/2019\/05\/diario_di_una_change_agent_sito.jpg","width":235,"height":353,"caption":"Diario di una change agent"},{"@type":"BreadcrumbList","@id":"https:\/\/www.guerini.it\/index.php\/prodotto\/diario-di-una-change-agent\/#breadcrumb","itemListElement":[{"@type":"ListItem","position":1,"name":"Home","item":"https:\/\/www.guerini.it\/"},{"@type":"ListItem","position":2,"name":"Catalogo","item":"https:\/\/www.guerini.it\/index.php\/negozio\/"},{"@type":"ListItem","position":3,"name":"Diario di una change agent"}]},{"@type":"WebSite","@id":"https:\/\/www.guerini.it\/#website","url":"https:\/\/www.guerini.it\/","name":"Guerini e Associati","description":"30 anni di libri, idee e libert\u00e0","publisher":{"@id":"https:\/\/www.guerini.it\/#organization"},"potentialAction":[{"@type":"SearchAction","target":{"@type":"EntryPoint","urlTemplate":"https:\/\/www.guerini.it\/?s={search_term_string}"},"query-input":{"@type":"PropertyValueSpecification","valueRequired":true,"valueName":"search_term_string"}}],"inLanguage":"it-IT"},{"@type":"Organization","@id":"https:\/\/www.guerini.it\/#organization","name":"Guerini e Associati","url":"https:\/\/www.guerini.it\/","logo":{"@type":"ImageObject","inLanguage":"it-IT","@id":"https:\/\/www.guerini.it\/#\/schema\/logo\/image\/","url":"https:\/\/www.guerini.it\/wp-content\/uploads\/2021\/03\/Logo-Guerini-OK_-e1615831292285.png","contentUrl":"https:\/\/www.guerini.it\/wp-content\/uploads\/2021\/03\/Logo-Guerini-OK_-e1615831292285.png","width":2805,"height":1870,"caption":"Guerini e Associati"},"image":{"@id":"https:\/\/www.guerini.it\/#\/schema\/logo\/image\/"}}]}},"_links":{"self":[{"href":"https:\/\/www.guerini.it\/index.php\/wp-json\/wp\/v2\/product\/16289","targetHints":{"allow":["GET"]}}],"collection":[{"href":"https:\/\/www.guerini.it\/index.php\/wp-json\/wp\/v2\/product"}],"about":[{"href":"https:\/\/www.guerini.it\/index.php\/wp-json\/wp\/v2\/types\/product"}],"wp:featuredmedia":[{"embeddable":true,"href":"https:\/\/www.guerini.it\/index.php\/wp-json\/wp\/v2\/media\/16288"}],"wp:attachment":[{"href":"https:\/\/www.guerini.it\/index.php\/wp-json\/wp\/v2\/media?parent=16289"}],"wp:term":[{"taxonomy":"product_brand","embeddable":true,"href":"https:\/\/www.guerini.it\/index.php\/wp-json\/wp\/v2\/product_brand?post=16289"},{"taxonomy":"product_cat","embeddable":true,"href":"https:\/\/www.guerini.it\/index.php\/wp-json\/wp\/v2\/product_cat?post=16289"},{"taxonomy":"product_tag","embeddable":true,"href":"https:\/\/www.guerini.it\/index.php\/wp-json\/wp\/v2\/product_tag?post=16289"}],"curies":[{"name":"wp","href":"https:\/\/api.w.org\/{rel}","templated":true}]}}