{"id":16297,"date":"2019-05-28T12:12:40","date_gmt":"2019-05-28T10:12:40","guid":{"rendered":"https:\/\/test.guerini.it\/?product=l-impresa-calzaturiera-di-famiglia"},"modified":"2024-06-12T14:38:16","modified_gmt":"2024-06-12T12:38:16","slug":"l-impresa-calzaturiera-di-famiglia","status":"publish","type":"product","link":"https:\/\/www.guerini.it\/index.php\/prodotto\/l-impresa-calzaturiera-di-famiglia\/","title":{"rendered":"L&#8217;impresa calzaturiera di famiglia"},"content":{"rendered":"<p style=\"text-align: justify;\">In uno scenario di profondi cambiamenti strutturali e di intense sfide competitive, il libro analizza undici imprese familiari che operano lungo la filiera calzaturiera. Giunte alla seconda, o addirittura terza generazione, esse continuano a rappresentare l\u2019inimitabile eccellenza del Made in Italy, anche grazie a giovani imprenditori che innovano il prodotto, il processo, il business model. Il lavoro fotografa \u00abuna via calzaturiera all\u2019innovazione\u00bb, i cui ingredienti fondamentali sono le modalit\u00e0 con cui vengono gestiti i processi innovativi, l\u2019apertura sistematica alla collaborazione esterna, la tensione a produrre risultati di valore. Ne \u00e8 protagonista una nuova classe di imprenditori, che sa muoversi in equilibrio tra gli interessi della famiglia proprietaria e gli obiettivi di sviluppo dell\u2019impresa.<\/p>\n<p>Il volume fa parte della collana\u00a0<a href=\"https:\/\/www.guerini.it\/index.php\/categoria-prodotto\/default-category\/economia-e-management\/universita-cattaneo-libri\/\"><em>Universit\u00e0 Cattaneo Libri<\/em><\/a><\/p>\n<hr \/>\n<p style=\"text-align: justify;\"><strong>Valentina Lazzarotti<\/strong> \u00e8 Professore Associato presso LIUC \u2013 Universit\u00e0 Cattaneo nell\u2019ambito della Scuola di Ingegneria Industriale. I suoi interessi di ricerca riguardano la gestione dei processi di innovazione, con attenzione alle imprese familiari. Su questi argomenti \u00e8 autore di numerose pubblicazioni su riviste internazionali.<\/p>\n<p style=\"text-align: justify;\"><strong>Federico Visconti<\/strong> \u00e8 Rettore di LIUC \u2013 Universit\u00e0 Cattaneo. \u00c8 Professore Ordinario di Economia aziendale e svolge attivit\u00e0 didattica e di ricerca nel campo delle strategie delle piccole e medie imprese e del family business.<\/p>\n<p><strong>Permalink: <a href=\"http:\/\/digital.casalini.it\/9788868963927\">http:\/\/digital.casalini.it\/9788868963927<\/a><\/strong><\/p>\n","protected":false},"excerpt":{"rendered":"<p style=\"text-align: justify;\">In uno scenario di profondi cambiamenti strutturali e di intense sfide competitive, il libro analizza undici imprese familiari che operano lungo la filiera calzaturiera. Giunte alla seconda, o addirittura terza generazione, esse continuano a rappresentare l\u2019inimitabile eccellenza del Made in Italy, anche grazie a giovani imprenditori che innovano il prodotto, il processo, il business model. Il lavoro fotografa \u00abuna via calzaturiera all\u2019innovazione\u00bb, i cui ingredienti fondamentali sono le modalit\u00e0 con cui vengono gestiti i processi innovativi, l\u2019apertura sistematica alla collaborazione esterna, la tensione a produrre risultati di valore. Ne \u00e8 protagonista una nuova classe di imprenditori, che sa muoversi in equilibrio tra gli interessi della famiglia proprietaria e gli obiettivi di sviluppo dell\u2019impresa.<\/p>\n","protected":false},"featured_media":16296,"template":"","meta":{"_editorskit_title_hidden":false,"_editorskit_reading_time":0,"_editorskit_is_block_options_detached":false,"_editorskit_block_options_position":"{}","_monsterinsights_skip_tracking":false,"_monsterinsights_sitenote_active":false,"_monsterinsights_sitenote_note":"","_monsterinsights_sitenote_category":0},"product_brand":[],"product_cat":[6805,6529,6700],"product_tag":[6815,6968,9871],"class_list":{"0":"post-16297","1":"product","2":"type-product","3":"status-publish","4":"has-post-thumbnail","6":"product_cat-guerini-next","7":"product_cat-economia-e-management","8":"product_cat-universita-cattaneo-libri","9":"product_tag-economia","10":"product_tag-impresa","11":"product_tag-impresa-calzaturiera","12":"pa_guerini_amazon_link-https-www-amazon-it-limpresa-calzaturiera-famiglia-storie-generazione-dp-886896256x","13":"pa_guerini_feltrinelli_link-https-www-lafeltrinelli-it-impresa-calzaturiera-di-famiglia-storie-libro-vari-e-9788868962562","14":"pa_guerini_ibs_link-https-www-ibs-it-impresa-calzaturiera-di-famiglia-storie-libro-vari-e-9788868962562","15":"pa_guerini_libruniver_link-https-www-libreriauniversitaria-it-impresa-calzaturiera-famiglia-storie-generazione-libro-9788868962562","16":"pa_guerini_link_amazon-a3-httpswwwamazonitdpb08v8hvs","17":"pa_guerini_link_apple_ibook-ab-httpsbooksapplecomitbookli","18":"pa_guerini_link_bookrepublic-https-www-bookrepublic-it-ebook-9788868963927-limpresa-calzaturiera-di-famiglia-storie-di-una-generazione-che-innova-goware-guerini-next","19":"pa_guerini_link_giunti_punto-0a-httpswwwgiuntialpuntoitpro","20":"pa_guerini_link_google_play-https-play-google-com-store-books-details-valentina_lazzarotti_l_impresa_calzaturiera_di_famidveuxeaaaqbaj","21":"pa_guerini_link_ibs-https-www-ibs-it-impresa-calzaturiera-di-famiglia-storie-ebook-vari-e-9788868963927","22":"pa_guerini_link_kobo-24-httpswwwkobocomititebookl_","23":"pa_guerini_link_lafeltrinelli-httpstiddly3acophi","24":"pa_guerini_link_mondadori-https-www-mondadoristore-it-limpresa-calzaturiera-federico-visconti-valentina-lazzarotti-eai978886896392","25":"pa_guerini_mondadori_link-https-www-mondadoristore-it-impresa-calzaturiera-na-eai978886896256","27":"first","28":"instock","29":"sale","30":"shipping-taxable","31":"purchasable","32":"product-type-simple"},"yoast_head":"<!-- This site is optimized with the Yoast SEO plugin v25.4 - https:\/\/yoast.com\/wordpress\/plugins\/seo\/ -->\n<title>L&#039;impresa calzaturiera di famiglia - Guerini e Associati<\/title>\n<meta name=\"robots\" content=\"index, follow, max-snippet:-1, max-image-preview:large, max-video-preview:-1\" \/>\n<link rel=\"canonical\" href=\"https:\/\/www.guerini.it\/index.php\/prodotto\/l-impresa-calzaturiera-di-famiglia\/\" \/>\n<meta property=\"og:locale\" content=\"it_IT\" \/>\n<meta property=\"og:type\" content=\"article\" \/>\n<meta property=\"og:title\" content=\"L&#039;impresa calzaturiera di famiglia - Guerini e Associati\" \/>\n<meta property=\"og:description\" content=\"In uno scenario di profondi cambiamenti strutturali e di intense sfide competitive, il libro analizza undici imprese familiari che operano lungo la filiera calzaturiera. Giunte alla seconda, o addirittura terza generazione, esse continuano a rappresentare l\u2019inimitabile eccellenza del Made in Italy, anche grazie a giovani imprenditori che innovano il prodotto, il processo, il business model. Il lavoro fotografa \u00abuna via calzaturiera all\u2019innovazione\u00bb, i cui ingredienti fondamentali sono le modalit\u00e0 con cui vengono gestiti i processi innovativi, l\u2019apertura sistematica alla collaborazione esterna, la tensione a produrre risultati di valore. Ne \u00e8 protagonista una nuova classe di imprenditori, che sa muoversi in equilibrio tra gli interessi della famiglia proprietaria e gli obiettivi di sviluppo dell\u2019impresa.\" \/>\n<meta property=\"og:url\" content=\"https:\/\/www.guerini.it\/index.php\/prodotto\/l-impresa-calzaturiera-di-famiglia\/\" \/>\n<meta property=\"og:site_name\" content=\"Guerini e Associati\" \/>\n<meta property=\"article:modified_time\" content=\"2024-06-12T12:38:16+00:00\" \/>\n<meta property=\"og:image\" content=\"https:\/\/www.guerini.it\/wp-content\/uploads\/2019\/05\/impresa_calzaturiera_sito.jpg\" \/>\n\t<meta property=\"og:image:width\" content=\"230\" \/>\n\t<meta property=\"og:image:height\" content=\"353\" \/>\n\t<meta property=\"og:image:type\" content=\"image\/jpeg\" \/>\n<meta name=\"twitter:card\" content=\"summary_large_image\" \/>\n<meta name=\"twitter:label1\" content=\"Tempo di lettura stimato\" \/>\n\t<meta name=\"twitter:data1\" content=\"2 minuti\" \/>\n<!-- \/ Yoast SEO plugin. -->","yoast_head_json":{"title":"L'impresa calzaturiera di famiglia - Guerini e Associati","robots":{"index":"index","follow":"follow","max-snippet":"max-snippet:-1","max-image-preview":"max-image-preview:large","max-video-preview":"max-video-preview:-1"},"canonical":"https:\/\/www.guerini.it\/index.php\/prodotto\/l-impresa-calzaturiera-di-famiglia\/","og_locale":"it_IT","og_type":"article","og_title":"L'impresa calzaturiera di famiglia - Guerini e Associati","og_description":"In uno scenario di profondi cambiamenti strutturali e di intense sfide competitive, il libro analizza undici imprese familiari che operano lungo la filiera calzaturiera. Giunte alla seconda, o addirittura terza generazione, esse continuano a rappresentare l\u2019inimitabile eccellenza del Made in Italy, anche grazie a giovani imprenditori che innovano il prodotto, il processo, il business model. Il lavoro fotografa \u00abuna via calzaturiera all\u2019innovazione\u00bb, i cui ingredienti fondamentali sono le modalit\u00e0 con cui vengono gestiti i processi innovativi, l\u2019apertura sistematica alla collaborazione esterna, la tensione a produrre risultati di valore. Ne \u00e8 protagonista una nuova classe di imprenditori, che sa muoversi in equilibrio tra gli interessi della famiglia proprietaria e gli obiettivi di sviluppo dell\u2019impresa.","og_url":"https:\/\/www.guerini.it\/index.php\/prodotto\/l-impresa-calzaturiera-di-famiglia\/","og_site_name":"Guerini e Associati","article_modified_time":"2024-06-12T12:38:16+00:00","og_image":[{"width":230,"height":353,"url":"https:\/\/www.guerini.it\/wp-content\/uploads\/2019\/05\/impresa_calzaturiera_sito.jpg","type":"image\/jpeg"}],"twitter_card":"summary_large_image","twitter_misc":{"Tempo di lettura stimato":"2 minuti"},"schema":{"@context":"https:\/\/schema.org","@graph":[{"@type":"WebPage","@id":"https:\/\/www.guerini.it\/index.php\/prodotto\/l-impresa-calzaturiera-di-famiglia\/","url":"https:\/\/www.guerini.it\/index.php\/prodotto\/l-impresa-calzaturiera-di-famiglia\/","name":"L'impresa calzaturiera di famiglia - Guerini e Associati","isPartOf":{"@id":"https:\/\/www.guerini.it\/#website"},"primaryImageOfPage":{"@id":"https:\/\/www.guerini.it\/index.php\/prodotto\/l-impresa-calzaturiera-di-famiglia\/#primaryimage"},"image":{"@id":"https:\/\/www.guerini.it\/index.php\/prodotto\/l-impresa-calzaturiera-di-famiglia\/#primaryimage"},"thumbnailUrl":"https:\/\/www.guerini.it\/wp-content\/uploads\/2019\/05\/impresa_calzaturiera_sito.jpg","datePublished":"2019-05-28T10:12:40+00:00","dateModified":"2024-06-12T12:38:16+00:00","breadcrumb":{"@id":"https:\/\/www.guerini.it\/index.php\/prodotto\/l-impresa-calzaturiera-di-famiglia\/#breadcrumb"},"inLanguage":"it-IT","potentialAction":[{"@type":"ReadAction","target":["https:\/\/www.guerini.it\/index.php\/prodotto\/l-impresa-calzaturiera-di-famiglia\/"]}]},{"@type":"ImageObject","inLanguage":"it-IT","@id":"https:\/\/www.guerini.it\/index.php\/prodotto\/l-impresa-calzaturiera-di-famiglia\/#primaryimage","url":"https:\/\/www.guerini.it\/wp-content\/uploads\/2019\/05\/impresa_calzaturiera_sito.jpg","contentUrl":"https:\/\/www.guerini.it\/wp-content\/uploads\/2019\/05\/impresa_calzaturiera_sito.jpg","width":230,"height":353,"caption":"Impresa calzaturiera di famiglia (L')"},{"@type":"BreadcrumbList","@id":"https:\/\/www.guerini.it\/index.php\/prodotto\/l-impresa-calzaturiera-di-famiglia\/#breadcrumb","itemListElement":[{"@type":"ListItem","position":1,"name":"Home","item":"https:\/\/www.guerini.it\/"},{"@type":"ListItem","position":2,"name":"Catalogo","item":"https:\/\/www.guerini.it\/index.php\/negozio\/"},{"@type":"ListItem","position":3,"name":"L&#8217;impresa calzaturiera di famiglia"}]},{"@type":"WebSite","@id":"https:\/\/www.guerini.it\/#website","url":"https:\/\/www.guerini.it\/","name":"Guerini e Associati","description":"30 anni di libri, idee e libert\u00e0","publisher":{"@id":"https:\/\/www.guerini.it\/#organization"},"potentialAction":[{"@type":"SearchAction","target":{"@type":"EntryPoint","urlTemplate":"https:\/\/www.guerini.it\/?s={search_term_string}"},"query-input":{"@type":"PropertyValueSpecification","valueRequired":true,"valueName":"search_term_string"}}],"inLanguage":"it-IT"},{"@type":"Organization","@id":"https:\/\/www.guerini.it\/#organization","name":"Guerini e Associati","url":"https:\/\/www.guerini.it\/","logo":{"@type":"ImageObject","inLanguage":"it-IT","@id":"https:\/\/www.guerini.it\/#\/schema\/logo\/image\/","url":"https:\/\/www.guerini.it\/wp-content\/uploads\/2021\/03\/Logo-Guerini-OK_-e1615831292285.png","contentUrl":"https:\/\/www.guerini.it\/wp-content\/uploads\/2021\/03\/Logo-Guerini-OK_-e1615831292285.png","width":2805,"height":1870,"caption":"Guerini e Associati"},"image":{"@id":"https:\/\/www.guerini.it\/#\/schema\/logo\/image\/"}}]}},"_links":{"self":[{"href":"https:\/\/www.guerini.it\/index.php\/wp-json\/wp\/v2\/product\/16297","targetHints":{"allow":["GET"]}}],"collection":[{"href":"https:\/\/www.guerini.it\/index.php\/wp-json\/wp\/v2\/product"}],"about":[{"href":"https:\/\/www.guerini.it\/index.php\/wp-json\/wp\/v2\/types\/product"}],"wp:featuredmedia":[{"embeddable":true,"href":"https:\/\/www.guerini.it\/index.php\/wp-json\/wp\/v2\/media\/16296"}],"wp:attachment":[{"href":"https:\/\/www.guerini.it\/index.php\/wp-json\/wp\/v2\/media?parent=16297"}],"wp:term":[{"taxonomy":"product_brand","embeddable":true,"href":"https:\/\/www.guerini.it\/index.php\/wp-json\/wp\/v2\/product_brand?post=16297"},{"taxonomy":"product_cat","embeddable":true,"href":"https:\/\/www.guerini.it\/index.php\/wp-json\/wp\/v2\/product_cat?post=16297"},{"taxonomy":"product_tag","embeddable":true,"href":"https:\/\/www.guerini.it\/index.php\/wp-json\/wp\/v2\/product_tag?post=16297"}],"curies":[{"name":"wp","href":"https:\/\/api.w.org\/{rel}","templated":true}]}}