{"id":16299,"date":"2019-05-28T12:21:48","date_gmt":"2019-05-28T10:21:48","guid":{"rendered":"https:\/\/test.guerini.it\/?product=samurai-manager-2"},"modified":"2024-06-12T14:39:03","modified_gmt":"2024-06-12T12:39:03","slug":"samurai-manager-2","status":"publish","type":"product","link":"https:\/\/www.guerini.it\/index.php\/prodotto\/samurai-manager-2\/","title":{"rendered":"Samurai Manager"},"content":{"rendered":"<p style=\"text-align: justify;\">Chi \u00e8 un Samurai? La definizione pi\u00f9 affascinante \u00e8 forse questa: un catalizzatore di energie. Lo spiega il Bushido, l\u2019antichissimo Codice che regolava vita e morte dei leggendari guerrieri giapponesi: quando \u00able menti di tutti coincidono, le energie si armonizzano, e quando le energie si armonizzano, la forza \u00e8 unica e uniforme\u00bb. Pierluigi Tosato, manager e amministratore delegato di importanti aziende multinazionali, ha fatto della sua vita personale e professionale quella di un \u00abManager Samurai\u00bb capace di radunare attorno a s\u00e9 le forze e le energie in grado di trasformare una normale azienda in un\u2019impresa da sogno. Con la passione di un romanzo e la forza argomentativa di un saggio, Tosato ci racconta il suo viaggio verso la \u00abla montagna inaccessibile\u00bb &#8211; un\u2019avventura ricca di volti, sfide, traguardi &#8211; e ci svela i segreti che portano al successo nella gestione di un\u2019impresa. In questa nuova edizione, rivista ed arricchita, emerge con forza ancora maggiore il messaggio di fondo dell\u2019autore: la leadership del mondo contemporaneo \u00e8 malata di narcisismo; il concetto stesso di successo viene osservato con le lenti distorte dell\u2019individualismo e del risultato di breve periodo ad ogni costo. Guarire dal cancro del narcisismo significa passare dall\u2019io al tutto, dall\u2019alienazione all\u2019autenticit\u00e0, dall\u2019effimero dominio su cose e persone alla realizzazione di un valore condiviso.<\/p>\n<p style=\"text-align: justify;\"><strong>Pierluigi Tosato\u00a0<\/strong>\u00e8 un Manager internazionale di grandissima esperienza. Laureato in Ingegneria e con un Master in Business Administration all\u2019Universit\u00e0 Bocconi, ha iniziato la sua carriera giovanissimo come Amministratore Delegato in Germania presso Zoppas Industries per poi ricoprire analoghi incarichi in Interpump e Global Garden Products SA e negli ultimi dieci anni diventare uno dei manager di riferimento nel settore del Food. Dopo una lunga esperienza come Amministratore Delegato in Acqua Minerale San Benedetto, ora riveste la carica di Presidente esecutivo di DeOleo SA, la multinazionale spagnola leader mondiale nel settore dell\u2019olio d\u2019oliva con i marchi Bertolli e Carapelli. La sua vita \u00e8 una continua ricerca del miglioramento professionale e personale, tanto che il guru Masaaki Imai lo ha soprannominato \u00abKaizen Guy\u00bb.<\/p>\n","protected":false},"excerpt":{"rendered":"<p style=\"text-align: justify;\">Chi \u00e8 un Samurai? La definizione pi\u00f9 affascinante \u00e8 forse questa: un catalizzatore di energie. Lo spiega il Bushido, l\u2019antichissimo Codice che regolava vita e morte dei leggendari guerrieri giapponesi: quando \u00able menti di tutti coincidono, le energie si armonizzano, e quando le energie si armonizzano, la forza \u00e8 unica e uniforme\u00bb. Pierluigi Tosato, manager e amministratore delegato di importanti aziende multinazionali, ha fatto della sua vita personale e professionale quella di un \u00abManager Samurai\u00bb capace di radunare attorno a s\u00e9 le forze e le energie in grado di trasformare una normale azienda in un\u2019impresa da sogno. Con la passione di un romanzo e la forza argomentativa di un saggio, Tosato ci racconta il suo viaggio verso la \u00abla montagna inaccessibile\u00bb &#8211; un\u2019avventura ricca di volti, sfide, traguardi &#8211; e ci svela i segreti che portano al successo nella gestione di un\u2019impresa. In questa nuova edizione, rivista ed arricchita, emerge con forza ancora maggiore il messaggio di fondo dell\u2019autore: la leadership del mondo contemporaneo \u00e8 malata di narcisismo; il concetto stesso di successo viene osservato con le lenti distorte dell\u2019individualismo e del risultato di breve periodo ad ogni costo. Guarire dal cancro del narcisismo significa passare dall\u2019io al tutto, dall\u2019alienazione all\u2019autenticit\u00e0, dall\u2019effimero dominio su cose e persone alla realizzazione di un valore condiviso.<\/p>\n","protected":false},"featured_media":16298,"template":"","meta":{"_editorskit_title_hidden":false,"_editorskit_reading_time":0,"_editorskit_is_block_options_detached":false,"_editorskit_block_options_position":"{}","_monsterinsights_skip_tracking":false,"_monsterinsights_sitenote_active":false,"_monsterinsights_sitenote_note":"","_monsterinsights_sitenote_category":0},"product_brand":[],"product_cat":[6805,6529],"product_tag":[],"class_list":{"0":"post-16299","1":"product","2":"type-product","3":"status-publish","4":"has-post-thumbnail","6":"product_cat-guerini-next","7":"product_cat-economia-e-management","8":"pa_guerini_amazon_link-https-www-amazon-it-samurai-manager-montagna-inaccessibile-pierluigi-dp-8868962608","9":"pa_guerini_ibs_link-https-www-ibs-it-samurai-manager-montagna-inaccessibile-nuova-libro-pierluigi-tosato-e-9788868962609","10":"pa_guerini_link_amazon-e2-httpswwwamazonitsamurai_ma","11":"pa_guerini_link_apple_ibook-bc-httpsbooksapplecomitbooksa","12":"pa_guerini_link_bookrepublic-91-httpswwwbookrepublicitbook","13":"pa_guerini_link_google_play-91-httpsplaygooglecomstoreboo","14":"pa_guerini_link_ibs-1f-httpswwwibsitsamurai_manag","15":"pa_guerini_link_kobo-b9-httpswwwkobocomititebooksa","16":"pa_guerini_link_mondadori-e3-httpswwwmondadoristoreitsa","17":"pa_guerini_link_rizzoli-87-httpswwwlibreriarizzoliits","19":"first","20":"instock","21":"sale","22":"shipping-taxable","23":"purchasable","24":"product-type-simple"},"yoast_head":"<!-- This site is optimized with the Yoast SEO plugin v25.4 - https:\/\/yoast.com\/wordpress\/plugins\/seo\/ -->\n<title>Samurai Manager - Guerini e Associati<\/title>\n<meta name=\"robots\" content=\"index, follow, max-snippet:-1, max-image-preview:large, max-video-preview:-1\" \/>\n<link rel=\"canonical\" href=\"https:\/\/www.guerini.it\/index.php\/prodotto\/samurai-manager-2\/\" \/>\n<meta property=\"og:locale\" content=\"it_IT\" \/>\n<meta property=\"og:type\" content=\"article\" \/>\n<meta property=\"og:title\" content=\"Samurai Manager - Guerini e Associati\" \/>\n<meta property=\"og:description\" content=\"Chi \u00e8 un Samurai? La definizione pi\u00f9 affascinante \u00e8 forse questa: un catalizzatore di energie. Lo spiega il Bushido, l\u2019antichissimo Codice che regolava vita e morte dei leggendari guerrieri giapponesi: quando \u00able menti di tutti coincidono, le energie si armonizzano, e quando le energie si armonizzano, la forza \u00e8 unica e uniforme\u00bb. Pierluigi Tosato, manager e amministratore delegato di importanti aziende multinazionali, ha fatto della sua vita personale e professionale quella di un \u00abManager Samurai\u00bb capace di radunare attorno a s\u00e9 le forze e le energie in grado di trasformare una normale azienda in un\u2019impresa da sogno. Con la passione di un romanzo e la forza argomentativa di un saggio, Tosato ci racconta il suo viaggio verso la \u00abla montagna inaccessibile\u00bb - un\u2019avventura ricca di volti, sfide, traguardi - e ci svela i segreti che portano al successo nella gestione di un\u2019impresa. In questa nuova edizione, rivista ed arricchita, emerge con forza ancora maggiore il messaggio di fondo dell\u2019autore: la leadership del mondo contemporaneo \u00e8 malata di narcisismo; il concetto stesso di successo viene osservato con le lenti distorte dell\u2019individualismo e del risultato di breve periodo ad ogni costo. Guarire dal cancro del narcisismo significa passare dall\u2019io al tutto, dall\u2019alienazione all\u2019autenticit\u00e0, dall\u2019effimero dominio su cose e persone alla realizzazione di un valore condiviso.\" \/>\n<meta property=\"og:url\" content=\"https:\/\/www.guerini.it\/index.php\/prodotto\/samurai-manager-2\/\" \/>\n<meta property=\"og:site_name\" content=\"Guerini e Associati\" \/>\n<meta property=\"article:modified_time\" content=\"2024-06-12T12:39:03+00:00\" \/>\n<meta property=\"og:image\" content=\"https:\/\/www.guerini.it\/wp-content\/uploads\/2019\/05\/samurai_manager_ne_sito.jpg\" \/>\n\t<meta property=\"og:image:width\" content=\"235\" \/>\n\t<meta property=\"og:image:height\" content=\"353\" \/>\n\t<meta property=\"og:image:type\" content=\"image\/jpeg\" \/>\n<meta name=\"twitter:card\" content=\"summary_large_image\" \/>\n<meta name=\"twitter:label1\" content=\"Tempo di lettura stimato\" \/>\n\t<meta name=\"twitter:data1\" content=\"2 minuti\" \/>\n<!-- \/ Yoast SEO plugin. -->","yoast_head_json":{"title":"Samurai Manager - Guerini e Associati","robots":{"index":"index","follow":"follow","max-snippet":"max-snippet:-1","max-image-preview":"max-image-preview:large","max-video-preview":"max-video-preview:-1"},"canonical":"https:\/\/www.guerini.it\/index.php\/prodotto\/samurai-manager-2\/","og_locale":"it_IT","og_type":"article","og_title":"Samurai Manager - Guerini e Associati","og_description":"Chi \u00e8 un Samurai? La definizione pi\u00f9 affascinante \u00e8 forse questa: un catalizzatore di energie. Lo spiega il Bushido, l\u2019antichissimo Codice che regolava vita e morte dei leggendari guerrieri giapponesi: quando \u00able menti di tutti coincidono, le energie si armonizzano, e quando le energie si armonizzano, la forza \u00e8 unica e uniforme\u00bb. Pierluigi Tosato, manager e amministratore delegato di importanti aziende multinazionali, ha fatto della sua vita personale e professionale quella di un \u00abManager Samurai\u00bb capace di radunare attorno a s\u00e9 le forze e le energie in grado di trasformare una normale azienda in un\u2019impresa da sogno. Con la passione di un romanzo e la forza argomentativa di un saggio, Tosato ci racconta il suo viaggio verso la \u00abla montagna inaccessibile\u00bb - un\u2019avventura ricca di volti, sfide, traguardi - e ci svela i segreti che portano al successo nella gestione di un\u2019impresa. In questa nuova edizione, rivista ed arricchita, emerge con forza ancora maggiore il messaggio di fondo dell\u2019autore: la leadership del mondo contemporaneo \u00e8 malata di narcisismo; il concetto stesso di successo viene osservato con le lenti distorte dell\u2019individualismo e del risultato di breve periodo ad ogni costo. Guarire dal cancro del narcisismo significa passare dall\u2019io al tutto, dall\u2019alienazione all\u2019autenticit\u00e0, dall\u2019effimero dominio su cose e persone alla realizzazione di un valore condiviso.","og_url":"https:\/\/www.guerini.it\/index.php\/prodotto\/samurai-manager-2\/","og_site_name":"Guerini e Associati","article_modified_time":"2024-06-12T12:39:03+00:00","og_image":[{"width":235,"height":353,"url":"https:\/\/www.guerini.it\/wp-content\/uploads\/2019\/05\/samurai_manager_ne_sito.jpg","type":"image\/jpeg"}],"twitter_card":"summary_large_image","twitter_misc":{"Tempo di lettura stimato":"2 minuti"},"schema":{"@context":"https:\/\/schema.org","@graph":[{"@type":"WebPage","@id":"https:\/\/www.guerini.it\/index.php\/prodotto\/samurai-manager-2\/","url":"https:\/\/www.guerini.it\/index.php\/prodotto\/samurai-manager-2\/","name":"Samurai Manager - Guerini e Associati","isPartOf":{"@id":"https:\/\/www.guerini.it\/#website"},"primaryImageOfPage":{"@id":"https:\/\/www.guerini.it\/index.php\/prodotto\/samurai-manager-2\/#primaryimage"},"image":{"@id":"https:\/\/www.guerini.it\/index.php\/prodotto\/samurai-manager-2\/#primaryimage"},"thumbnailUrl":"https:\/\/www.guerini.it\/wp-content\/uploads\/2019\/05\/samurai_manager_ne_sito.jpg","datePublished":"2019-05-28T10:21:48+00:00","dateModified":"2024-06-12T12:39:03+00:00","breadcrumb":{"@id":"https:\/\/www.guerini.it\/index.php\/prodotto\/samurai-manager-2\/#breadcrumb"},"inLanguage":"it-IT","potentialAction":[{"@type":"ReadAction","target":["https:\/\/www.guerini.it\/index.php\/prodotto\/samurai-manager-2\/"]}]},{"@type":"ImageObject","inLanguage":"it-IT","@id":"https:\/\/www.guerini.it\/index.php\/prodotto\/samurai-manager-2\/#primaryimage","url":"https:\/\/www.guerini.it\/wp-content\/uploads\/2019\/05\/samurai_manager_ne_sito.jpg","contentUrl":"https:\/\/www.guerini.it\/wp-content\/uploads\/2019\/05\/samurai_manager_ne_sito.jpg","width":235,"height":353,"caption":"Samurai Manager NE"},{"@type":"BreadcrumbList","@id":"https:\/\/www.guerini.it\/index.php\/prodotto\/samurai-manager-2\/#breadcrumb","itemListElement":[{"@type":"ListItem","position":1,"name":"Home","item":"https:\/\/www.guerini.it\/"},{"@type":"ListItem","position":2,"name":"Catalogo","item":"https:\/\/www.guerini.it\/index.php\/negozio\/"},{"@type":"ListItem","position":3,"name":"Samurai Manager"}]},{"@type":"WebSite","@id":"https:\/\/www.guerini.it\/#website","url":"https:\/\/www.guerini.it\/","name":"Guerini e Associati","description":"30 anni di libri, idee e libert\u00e0","publisher":{"@id":"https:\/\/www.guerini.it\/#organization"},"potentialAction":[{"@type":"SearchAction","target":{"@type":"EntryPoint","urlTemplate":"https:\/\/www.guerini.it\/?s={search_term_string}"},"query-input":{"@type":"PropertyValueSpecification","valueRequired":true,"valueName":"search_term_string"}}],"inLanguage":"it-IT"},{"@type":"Organization","@id":"https:\/\/www.guerini.it\/#organization","name":"Guerini e Associati","url":"https:\/\/www.guerini.it\/","logo":{"@type":"ImageObject","inLanguage":"it-IT","@id":"https:\/\/www.guerini.it\/#\/schema\/logo\/image\/","url":"https:\/\/www.guerini.it\/wp-content\/uploads\/2021\/03\/Logo-Guerini-OK_-e1615831292285.png","contentUrl":"https:\/\/www.guerini.it\/wp-content\/uploads\/2021\/03\/Logo-Guerini-OK_-e1615831292285.png","width":2805,"height":1870,"caption":"Guerini e Associati"},"image":{"@id":"https:\/\/www.guerini.it\/#\/schema\/logo\/image\/"}}]}},"_links":{"self":[{"href":"https:\/\/www.guerini.it\/index.php\/wp-json\/wp\/v2\/product\/16299","targetHints":{"allow":["GET"]}}],"collection":[{"href":"https:\/\/www.guerini.it\/index.php\/wp-json\/wp\/v2\/product"}],"about":[{"href":"https:\/\/www.guerini.it\/index.php\/wp-json\/wp\/v2\/types\/product"}],"wp:featuredmedia":[{"embeddable":true,"href":"https:\/\/www.guerini.it\/index.php\/wp-json\/wp\/v2\/media\/16298"}],"wp:attachment":[{"href":"https:\/\/www.guerini.it\/index.php\/wp-json\/wp\/v2\/media?parent=16299"}],"wp:term":[{"taxonomy":"product_brand","embeddable":true,"href":"https:\/\/www.guerini.it\/index.php\/wp-json\/wp\/v2\/product_brand?post=16299"},{"taxonomy":"product_cat","embeddable":true,"href":"https:\/\/www.guerini.it\/index.php\/wp-json\/wp\/v2\/product_cat?post=16299"},{"taxonomy":"product_tag","embeddable":true,"href":"https:\/\/www.guerini.it\/index.php\/wp-json\/wp\/v2\/product_tag?post=16299"}],"curies":[{"name":"wp","href":"https:\/\/api.w.org\/{rel}","templated":true}]}}