{"id":16315,"date":"2019-06-27T14:53:39","date_gmt":"2019-06-27T12:53:39","guid":{"rendered":"https:\/\/test.guerini.it\/?product=ritorno-alla-vita"},"modified":"2024-06-12T14:40:46","modified_gmt":"2024-06-12T12:40:46","slug":"ritorno-alla-vita","status":"publish","type":"product","link":"https:\/\/www.guerini.it\/index.php\/prodotto\/ritorno-alla-vita\/","title":{"rendered":"Ritorno alla vita"},"content":{"rendered":"<p style=\"text-align: justify;\">Una buona Amministrazione a livello non solo nazionale ma anche locale, insieme all\u2019innovazione terapeutica, pu\u00f2 migliorare i risultati della lotta contro il cancro.<br \/>\nQuesto libro contiene le interviste ad autorevoli rappresentanti delle Istituzioni (Presidenti di Regione, e Sindaci), con un obiettivo fondamentale: capire cosa pu\u00f2 essere realizzato concretamente dalle Amministrazioni per tutelare la salute danneggiata, ad esempio, dall\u2019inquinamento, dall\u2019assenza di piste ciclabili, da stili di vita scorretti e per risolvere problemi diventati strutturali nella sanit\u00e0 italiana come le lunghe liste di attesa, le migrazioni sanitarie e la scarsa adesione ai programmi di screening soprattutto al Sud.<br \/>\nGli obiettivi da perseguire in futuro vanno in queste direzioni: diminuzione dell\u2019incidenza e della mortalit\u00e0 per cancro, miglioramento della qualit\u00e0 di vita dei pazienti e istituzione delle reti oncologiche regionali, che oggi sono completamente attive solo in alcune Regioni.<br \/>\nLe risorse risparmiate grazie alla loro realizzazione potrebbero essere utilizzate per facilitare l\u2019accesso di tutti i pazienti alle terapie innovative. Oggi, infatti, ad armi efficaci come la chemioterapia, la radioterapia e la chirurgia si sono aggiunte le terapie mirate e l\u2019immunoterapia, permettendo di migliorare la sopravvivenza e garantendo una buona qualit\u00e0 di vita.<br \/>\nOccorre intensificare sempre di pi\u00f9 l\u2019impegno nella lotta contro il cancro, che \u00e8 innanzitutto una battaglia di civilt\u00e0.<\/p>\n<p style=\"text-align: justify;\"><strong>FRANCESCO COGNETTI<\/strong>, medico. Da trentotto anni svolge attivit\u00e0 clinica e di ricerca in oncologia. Gi\u00e0 presidente di AIOM, membro del comitato esecutivo della Societ\u00e0 Europea di Oncologia Medica e direttore scientifico dell\u2019Istituto Tumori Regina Elena di Roma, \u00e8 autore di oltre 300 pubblicazioni sulle pi\u00f9 importanti riviste scientifiche internazionali. Responsabile di alcune centinaia fra progetti di ricerca e sperimentazioni cliniche sul trattamento dei tumori. \u00c8 Direttore di Oncologia Medica dell\u2019Istituto Tumori Regina Elena di Roma, membro emerito dell\u2019ASCO (Societ\u00e0 Americana di Oncologia Medica) e Presidente di Fondazione Insieme contro il Cancro.<br \/>\n<strong>MAURO BOLDRINI<\/strong>, giornalista professionista. Dopo la laurea in Farmacia e una esperienza decennale in un quotidiano, nel 1994 fonda, con Sabrina Smerrieri, Intermedia, agenzia giornalistica specializzata nel campo della salute. Da oltre vent\u2019anni si occupa di divulgazione scientifica seguendo i principali congressi nel mondo. Con Intermedia ha ideato e organizzato campagne di prevenzione sui corretti stili di vita di grande successo. \u00c8 capo ufficio stampa SIMG, della FIMP, della SIR, della SIURO, e dal 1998 dell\u2019AIOM (Associazione Italiana di Oncologia Medica). \u00c8 direttore della comunicazione di Fondazione Insieme contro il Cancro.<\/p>\n","protected":false},"excerpt":{"rendered":"<p>Una buona Amministrazione a livello non solo nazionale ma anche locale, insieme all\u2019innovazione terapeutica, pu\u00f2 migliorare i risultati della lotta contro il cancro.<br \/>\nQuesto libro contiene le interviste ad autorevoli rappresentanti delle Istituzioni (Presidenti di Regione, e Sindaci), con un obiettivo fondamentale: capire cosa pu\u00f2 essere realizzato concretamente dalle Amministrazioni per tutelare la salute danneggiata, ad esempio, dall\u2019inquinamento, dall\u2019assenza di piste ciclabili, da stili di vita scorretti e per risolvere problemi diventati strutturali nella sanit\u00e0 italiana come le lunghe liste di attesa, le migrazioni sanitarie e la scarsa adesione ai programmi di screening soprattutto al Sud.<br \/>\nGli obiettivi da perseguire in futuro vanno in queste direzioni: diminuzione dell\u2019incidenza e della mortalit\u00e0 per cancro, miglioramento della qualit\u00e0 di vita dei pazienti e istituzione delle reti oncologiche regionali, che oggi sono completamente attive solo in alcune Regioni.<br \/>\nLe risorse risparmiate grazie alla loro realizzazione potrebbero essere utilizzate per facilitare l\u2019accesso di tutti i pazienti alle terapie innovative. Oggi, infatti, ad armi efficaci come la chemioterapia, la radioterapia e la chirurgia si sono aggiunte le terapie mirate e l\u2019immunoterapia, permettendo di migliorare la sopravvivenza e garantendo una buona qualit\u00e0 di vita.<br \/>\nOccorre intensificare sempre di pi\u00f9 l\u2019impegno nella lotta contro il cancro, che \u00e8 innanzitutto una battaglia di civilt\u00e0.<\/p>\n","protected":false},"featured_media":16314,"template":"","meta":{"_editorskit_title_hidden":false,"_editorskit_reading_time":0,"_editorskit_is_block_options_detached":false,"_editorskit_block_options_position":"{}","_monsterinsights_skip_tracking":false,"_monsterinsights_sitenote_active":false,"_monsterinsights_sitenote_note":"","_monsterinsights_sitenote_category":0},"product_brand":[],"product_cat":[6534],"product_tag":[],"class_list":{"0":"post-16315","1":"product","2":"type-product","3":"status-publish","4":"has-post-thumbnail","6":"product_cat-medicina-e-ambiente","7":"pa_fulfillment-default","8":"pa_guerini_amazon_link-https-www-amazon-it-ritorno-conoscere-prevenire-sconfiggere-tumore-dp-8862507569","9":"pa_guerini_ibs_link-https-www-ibs-it-ritorno-alla-vita-conoscere-prevenire-libro-francesco-cognetti-mauro-boldrini-e-9788862507561","11":"first","12":"instock","13":"sale","14":"shipping-taxable","15":"purchasable","16":"product-type-simple"},"yoast_head":"<!-- This site is optimized with the Yoast SEO plugin v25.4 - https:\/\/yoast.com\/wordpress\/plugins\/seo\/ -->\n<title>Ritorno alla vita - Guerini e Associati<\/title>\n<meta name=\"robots\" content=\"index, follow, max-snippet:-1, max-image-preview:large, max-video-preview:-1\" \/>\n<link rel=\"canonical\" href=\"https:\/\/www.guerini.it\/index.php\/prodotto\/ritorno-alla-vita\/\" \/>\n<meta property=\"og:locale\" content=\"it_IT\" \/>\n<meta property=\"og:type\" content=\"article\" \/>\n<meta property=\"og:title\" content=\"Ritorno alla vita - Guerini e Associati\" \/>\n<meta property=\"og:description\" content=\"Una buona Amministrazione a livello non solo nazionale ma anche locale, insieme all\u2019innovazione terapeutica, pu\u00f2 migliorare i risultati della lotta contro il cancro. Questo libro contiene le interviste ad autorevoli rappresentanti delle Istituzioni (Presidenti di Regione, e Sindaci), con un obiettivo fondamentale: capire cosa pu\u00f2 essere realizzato concretamente dalle Amministrazioni per tutelare la salute danneggiata, ad esempio, dall\u2019inquinamento, dall\u2019assenza di piste ciclabili, da stili di vita scorretti e per risolvere problemi diventati strutturali nella sanit\u00e0 italiana come le lunghe liste di attesa, le migrazioni sanitarie e la scarsa adesione ai programmi di screening soprattutto al Sud. Gli obiettivi da perseguire in futuro vanno in queste direzioni: diminuzione dell\u2019incidenza e della mortalit\u00e0 per cancro, miglioramento della qualit\u00e0 di vita dei pazienti e istituzione delle reti oncologiche regionali, che oggi sono completamente attive solo in alcune Regioni. Le risorse risparmiate grazie alla loro realizzazione potrebbero essere utilizzate per facilitare l\u2019accesso di tutti i pazienti alle terapie innovative. Oggi, infatti, ad armi efficaci come la chemioterapia, la radioterapia e la chirurgia si sono aggiunte le terapie mirate e l\u2019immunoterapia, permettendo di migliorare la sopravvivenza e garantendo una buona qualit\u00e0 di vita. Occorre intensificare sempre di pi\u00f9 l\u2019impegno nella lotta contro il cancro, che \u00e8 innanzitutto una battaglia di civilt\u00e0.\" \/>\n<meta property=\"og:url\" content=\"https:\/\/www.guerini.it\/index.php\/prodotto\/ritorno-alla-vita\/\" \/>\n<meta property=\"og:site_name\" content=\"Guerini e Associati\" \/>\n<meta property=\"article:modified_time\" content=\"2024-06-12T12:40:46+00:00\" \/>\n<meta property=\"og:image\" content=\"https:\/\/www.guerini.it\/wp-content\/uploads\/2019\/06\/ritorno_alla_vita_sito.jpg\" \/>\n\t<meta property=\"og:image:width\" content=\"227\" \/>\n\t<meta property=\"og:image:height\" content=\"353\" \/>\n\t<meta property=\"og:image:type\" content=\"image\/jpeg\" \/>\n<meta name=\"twitter:card\" content=\"summary_large_image\" \/>\n<meta name=\"twitter:label1\" content=\"Tempo di lettura stimato\" \/>\n\t<meta name=\"twitter:data1\" content=\"3 minuti\" \/>\n<!-- \/ Yoast SEO plugin. -->","yoast_head_json":{"title":"Ritorno alla vita - Guerini e Associati","robots":{"index":"index","follow":"follow","max-snippet":"max-snippet:-1","max-image-preview":"max-image-preview:large","max-video-preview":"max-video-preview:-1"},"canonical":"https:\/\/www.guerini.it\/index.php\/prodotto\/ritorno-alla-vita\/","og_locale":"it_IT","og_type":"article","og_title":"Ritorno alla vita - Guerini e Associati","og_description":"Una buona Amministrazione a livello non solo nazionale ma anche locale, insieme all\u2019innovazione terapeutica, pu\u00f2 migliorare i risultati della lotta contro il cancro. Questo libro contiene le interviste ad autorevoli rappresentanti delle Istituzioni (Presidenti di Regione, e Sindaci), con un obiettivo fondamentale: capire cosa pu\u00f2 essere realizzato concretamente dalle Amministrazioni per tutelare la salute danneggiata, ad esempio, dall\u2019inquinamento, dall\u2019assenza di piste ciclabili, da stili di vita scorretti e per risolvere problemi diventati strutturali nella sanit\u00e0 italiana come le lunghe liste di attesa, le migrazioni sanitarie e la scarsa adesione ai programmi di screening soprattutto al Sud. Gli obiettivi da perseguire in futuro vanno in queste direzioni: diminuzione dell\u2019incidenza e della mortalit\u00e0 per cancro, miglioramento della qualit\u00e0 di vita dei pazienti e istituzione delle reti oncologiche regionali, che oggi sono completamente attive solo in alcune Regioni. Le risorse risparmiate grazie alla loro realizzazione potrebbero essere utilizzate per facilitare l\u2019accesso di tutti i pazienti alle terapie innovative. Oggi, infatti, ad armi efficaci come la chemioterapia, la radioterapia e la chirurgia si sono aggiunte le terapie mirate e l\u2019immunoterapia, permettendo di migliorare la sopravvivenza e garantendo una buona qualit\u00e0 di vita. Occorre intensificare sempre di pi\u00f9 l\u2019impegno nella lotta contro il cancro, che \u00e8 innanzitutto una battaglia di civilt\u00e0.","og_url":"https:\/\/www.guerini.it\/index.php\/prodotto\/ritorno-alla-vita\/","og_site_name":"Guerini e Associati","article_modified_time":"2024-06-12T12:40:46+00:00","og_image":[{"width":227,"height":353,"url":"https:\/\/www.guerini.it\/wp-content\/uploads\/2019\/06\/ritorno_alla_vita_sito.jpg","type":"image\/jpeg"}],"twitter_card":"summary_large_image","twitter_misc":{"Tempo di lettura stimato":"3 minuti"},"schema":{"@context":"https:\/\/schema.org","@graph":[{"@type":"WebPage","@id":"https:\/\/www.guerini.it\/index.php\/prodotto\/ritorno-alla-vita\/","url":"https:\/\/www.guerini.it\/index.php\/prodotto\/ritorno-alla-vita\/","name":"Ritorno alla vita - Guerini e Associati","isPartOf":{"@id":"https:\/\/www.guerini.it\/#website"},"primaryImageOfPage":{"@id":"https:\/\/www.guerini.it\/index.php\/prodotto\/ritorno-alla-vita\/#primaryimage"},"image":{"@id":"https:\/\/www.guerini.it\/index.php\/prodotto\/ritorno-alla-vita\/#primaryimage"},"thumbnailUrl":"https:\/\/www.guerini.it\/wp-content\/uploads\/2019\/06\/ritorno_alla_vita_sito.jpg","datePublished":"2019-06-27T12:53:39+00:00","dateModified":"2024-06-12T12:40:46+00:00","breadcrumb":{"@id":"https:\/\/www.guerini.it\/index.php\/prodotto\/ritorno-alla-vita\/#breadcrumb"},"inLanguage":"it-IT","potentialAction":[{"@type":"ReadAction","target":["https:\/\/www.guerini.it\/index.php\/prodotto\/ritorno-alla-vita\/"]}]},{"@type":"ImageObject","inLanguage":"it-IT","@id":"https:\/\/www.guerini.it\/index.php\/prodotto\/ritorno-alla-vita\/#primaryimage","url":"https:\/\/www.guerini.it\/wp-content\/uploads\/2019\/06\/ritorno_alla_vita_sito.jpg","contentUrl":"https:\/\/www.guerini.it\/wp-content\/uploads\/2019\/06\/ritorno_alla_vita_sito.jpg","width":227,"height":353,"caption":"Ritorno alla vita"},{"@type":"BreadcrumbList","@id":"https:\/\/www.guerini.it\/index.php\/prodotto\/ritorno-alla-vita\/#breadcrumb","itemListElement":[{"@type":"ListItem","position":1,"name":"Home","item":"https:\/\/www.guerini.it\/"},{"@type":"ListItem","position":2,"name":"Catalogo","item":"https:\/\/www.guerini.it\/index.php\/negozio\/"},{"@type":"ListItem","position":3,"name":"Ritorno alla vita"}]},{"@type":"WebSite","@id":"https:\/\/www.guerini.it\/#website","url":"https:\/\/www.guerini.it\/","name":"Guerini e Associati","description":"30 anni di libri, idee e libert\u00e0","publisher":{"@id":"https:\/\/www.guerini.it\/#organization"},"potentialAction":[{"@type":"SearchAction","target":{"@type":"EntryPoint","urlTemplate":"https:\/\/www.guerini.it\/?s={search_term_string}"},"query-input":{"@type":"PropertyValueSpecification","valueRequired":true,"valueName":"search_term_string"}}],"inLanguage":"it-IT"},{"@type":"Organization","@id":"https:\/\/www.guerini.it\/#organization","name":"Guerini e Associati","url":"https:\/\/www.guerini.it\/","logo":{"@type":"ImageObject","inLanguage":"it-IT","@id":"https:\/\/www.guerini.it\/#\/schema\/logo\/image\/","url":"https:\/\/www.guerini.it\/wp-content\/uploads\/2021\/03\/Logo-Guerini-OK_-e1615831292285.png","contentUrl":"https:\/\/www.guerini.it\/wp-content\/uploads\/2021\/03\/Logo-Guerini-OK_-e1615831292285.png","width":2805,"height":1870,"caption":"Guerini e Associati"},"image":{"@id":"https:\/\/www.guerini.it\/#\/schema\/logo\/image\/"}}]}},"_links":{"self":[{"href":"https:\/\/www.guerini.it\/index.php\/wp-json\/wp\/v2\/product\/16315","targetHints":{"allow":["GET"]}}],"collection":[{"href":"https:\/\/www.guerini.it\/index.php\/wp-json\/wp\/v2\/product"}],"about":[{"href":"https:\/\/www.guerini.it\/index.php\/wp-json\/wp\/v2\/types\/product"}],"wp:featuredmedia":[{"embeddable":true,"href":"https:\/\/www.guerini.it\/index.php\/wp-json\/wp\/v2\/media\/16314"}],"wp:attachment":[{"href":"https:\/\/www.guerini.it\/index.php\/wp-json\/wp\/v2\/media?parent=16315"}],"wp:term":[{"taxonomy":"product_brand","embeddable":true,"href":"https:\/\/www.guerini.it\/index.php\/wp-json\/wp\/v2\/product_brand?post=16315"},{"taxonomy":"product_cat","embeddable":true,"href":"https:\/\/www.guerini.it\/index.php\/wp-json\/wp\/v2\/product_cat?post=16315"},{"taxonomy":"product_tag","embeddable":true,"href":"https:\/\/www.guerini.it\/index.php\/wp-json\/wp\/v2\/product_tag?post=16315"}],"curies":[{"name":"wp","href":"https:\/\/api.w.org\/{rel}","templated":true}]}}