{"id":16321,"date":"2019-07-10T10:39:49","date_gmt":"2019-07-10T08:39:49","guid":{"rendered":"https:\/\/test.guerini.it\/?product=brand-bravery"},"modified":"2024-06-12T14:38:27","modified_gmt":"2024-06-12T12:38:27","slug":"brand-bravery","status":"publish","type":"product","link":"https:\/\/www.guerini.it\/index.php\/prodotto\/brand-bravery\/","title":{"rendered":"Brand bravery"},"content":{"rendered":"<p style=\"text-align: center;\"><strong>10 comandamenti d\u2019importanza strategica per capire cosa sia oggi un brand.<\/strong><\/p>\n<p style=\"text-align: justify;\">Patagonia, Nike, LEGO e molti altri casi di successo illustrano come la fusione di creativit\u00e0, tecnologia e psicologia comportamentale abbia generato idee originali, con un impatto positivo sul business e sulla societ\u00e0. \u00c8 la sfida del coraggio, soprattutto quello di abbattere le barriere tra interno ed esterno, target e persone, dipendenti e clienti, accompagnando le imprese fuori dalla propria comfort zone e dalle logiche dei silos. Perch\u00e9 il coraggio \u00e8 contagioso ed \u00e8 l\u2019unico virus a rendere pi\u00f9 forti i brand e le persone che li sostengono.<\/p>\n<p style=\"text-align: justify;\"><strong>Paul Kemp-Robertson<\/strong> \u00e8 cofondatore di Contagious, piattaforma internazionale e multicanale di Marketing e Comunicazione.<br \/>\n<strong>Chris Barth <\/strong>\u00e8 giornalista, ha scritto per Forbes e Rolling Stone, ed oggi \u00e8 Senior Strategist di Contagious North America.<\/p>\n","protected":false},"excerpt":{"rendered":"<p style=\"text-align: justify;\">10 comandamenti d\u2019importanza strategica per capire cosa sia oggi un brand. Patagonia, Nike, LEGO e molti altri casi di successo illustrano come la fusione di creativit\u00e0, tecnologia e psicologia comportamentale abbia generato idee originali, con un impatto positivo sul business e sulla societ\u00e0. \u00c8 la sfida del coraggio, soprattutto quello di abbattere le barriere tra interno ed esterno, target e persone, dipendenti e clienti, accompagnando le imprese fuori dalla propria comfort zone e dalle logiche dei silos. Perch\u00e9 il coraggio \u00e8 contagioso ed \u00e8 l\u2019unico virus a rendere pi\u00f9 forti i brand e le persone che li sostengono.<\/p>\n","protected":false},"featured_media":16320,"template":"","meta":{"_editorskit_title_hidden":false,"_editorskit_reading_time":0,"_editorskit_is_block_options_detached":false,"_editorskit_block_options_position":"{}","_monsterinsights_skip_tracking":false,"_monsterinsights_sitenote_active":false,"_monsterinsights_sitenote_note":"","_monsterinsights_sitenote_category":0},"product_brand":[],"product_cat":[6805,6529,6708],"product_tag":[],"class_list":{"0":"post-16321","1":"product","2":"type-product","3":"status-publish","4":"has-post-thumbnail","6":"product_cat-guerini-next","7":"product_cat-economia-e-management","8":"product_cat-https-guerini-it-index-php-brand-bravery-html","9":"pa_fulfillment-default","10":"pa_guerini_amazon_link-https-www-amazon-it-brand-bravery-dieci-comandamenti-coraggio-dp-8868962640","11":"pa_guerini_ibs_link-https-www-ibs-it-brand-bravery-dieci-comandamenti-del-libro-paul-kemp-robertson-chris-barth-e-9788868962647","12":"pa_guerini_link_amazon-a5-httpswwwamazonitbrand_brav","13":"pa_guerini_link_apple_ibook-01-httpsbooksapplecomitbookbr","14":"pa_guerini_link_bookrepublic-30-httpswwwbookrepublicitbook","15":"pa_guerini_link_ibs-ec-httpswwwibsitbrand_bravery","16":"pa_guerini_link_kobo-36-httpswwwkobocomititebookbr","17":"pa_guerini_link_lafeltrinelli-28-httpswwwlafeltrinelliitebo","18":"pa_guerini_link_mondadori-06-httpswwwmondadoristoreitbr","20":"first","21":"instock","22":"sale","23":"shipping-taxable","24":"purchasable","25":"product-type-simple"},"yoast_head":"<!-- This site is optimized with the Yoast SEO plugin v25.4 - https:\/\/yoast.com\/wordpress\/plugins\/seo\/ -->\n<title>Brand bravery - Guerini e Associati<\/title>\n<meta name=\"robots\" content=\"index, follow, max-snippet:-1, max-image-preview:large, max-video-preview:-1\" \/>\n<link rel=\"canonical\" href=\"https:\/\/www.guerini.it\/index.php\/prodotto\/brand-bravery\/\" \/>\n<meta property=\"og:locale\" content=\"it_IT\" \/>\n<meta property=\"og:type\" content=\"article\" \/>\n<meta property=\"og:title\" content=\"Brand bravery - Guerini e Associati\" \/>\n<meta property=\"og:description\" content=\"10 comandamenti d\u2019importanza strategica per capire cosa sia oggi un brand. Patagonia, Nike, LEGO e molti altri casi di successo illustrano come la fusione di creativit\u00e0, tecnologia e psicologia comportamentale abbia generato idee originali, con un impatto positivo sul business e sulla societ\u00e0. \u00c8 la sfida del coraggio, soprattutto quello di abbattere le barriere tra interno ed esterno, target e persone, dipendenti e clienti, accompagnando le imprese fuori dalla propria comfort zone e dalle logiche dei silos. Perch\u00e9 il coraggio \u00e8 contagioso ed \u00e8 l\u2019unico virus a rendere pi\u00f9 forti i brand e le persone che li sostengono.\" \/>\n<meta property=\"og:url\" content=\"https:\/\/www.guerini.it\/index.php\/prodotto\/brand-bravery\/\" \/>\n<meta property=\"og:site_name\" content=\"Guerini e Associati\" \/>\n<meta property=\"article:modified_time\" content=\"2024-06-12T12:38:27+00:00\" \/>\n<meta property=\"og:image\" content=\"https:\/\/www.guerini.it\/wp-content\/uploads\/2019\/07\/brand_bravery_sito_1.png\" \/>\n\t<meta property=\"og:image:width\" content=\"227\" \/>\n\t<meta property=\"og:image:height\" content=\"353\" \/>\n\t<meta property=\"og:image:type\" content=\"image\/png\" \/>\n<meta name=\"twitter:card\" content=\"summary_large_image\" \/>\n<meta name=\"twitter:label1\" content=\"Tempo di lettura stimato\" \/>\n\t<meta name=\"twitter:data1\" content=\"1 minuto\" \/>\n<!-- \/ Yoast SEO plugin. -->","yoast_head_json":{"title":"Brand bravery - Guerini e Associati","robots":{"index":"index","follow":"follow","max-snippet":"max-snippet:-1","max-image-preview":"max-image-preview:large","max-video-preview":"max-video-preview:-1"},"canonical":"https:\/\/www.guerini.it\/index.php\/prodotto\/brand-bravery\/","og_locale":"it_IT","og_type":"article","og_title":"Brand bravery - Guerini e Associati","og_description":"10 comandamenti d\u2019importanza strategica per capire cosa sia oggi un brand. Patagonia, Nike, LEGO e molti altri casi di successo illustrano come la fusione di creativit\u00e0, tecnologia e psicologia comportamentale abbia generato idee originali, con un impatto positivo sul business e sulla societ\u00e0. \u00c8 la sfida del coraggio, soprattutto quello di abbattere le barriere tra interno ed esterno, target e persone, dipendenti e clienti, accompagnando le imprese fuori dalla propria comfort zone e dalle logiche dei silos. Perch\u00e9 il coraggio \u00e8 contagioso ed \u00e8 l\u2019unico virus a rendere pi\u00f9 forti i brand e le persone che li sostengono.","og_url":"https:\/\/www.guerini.it\/index.php\/prodotto\/brand-bravery\/","og_site_name":"Guerini e Associati","article_modified_time":"2024-06-12T12:38:27+00:00","og_image":[{"width":227,"height":353,"url":"https:\/\/www.guerini.it\/wp-content\/uploads\/2019\/07\/brand_bravery_sito_1.png","type":"image\/png"}],"twitter_card":"summary_large_image","twitter_misc":{"Tempo di lettura stimato":"1 minuto"},"schema":{"@context":"https:\/\/schema.org","@graph":[{"@type":"WebPage","@id":"https:\/\/www.guerini.it\/index.php\/prodotto\/brand-bravery\/","url":"https:\/\/www.guerini.it\/index.php\/prodotto\/brand-bravery\/","name":"Brand bravery - Guerini e Associati","isPartOf":{"@id":"https:\/\/www.guerini.it\/#website"},"primaryImageOfPage":{"@id":"https:\/\/www.guerini.it\/index.php\/prodotto\/brand-bravery\/#primaryimage"},"image":{"@id":"https:\/\/www.guerini.it\/index.php\/prodotto\/brand-bravery\/#primaryimage"},"thumbnailUrl":"https:\/\/www.guerini.it\/wp-content\/uploads\/2019\/07\/brand_bravery_sito_1.png","datePublished":"2019-07-10T08:39:49+00:00","dateModified":"2024-06-12T12:38:27+00:00","breadcrumb":{"@id":"https:\/\/www.guerini.it\/index.php\/prodotto\/brand-bravery\/#breadcrumb"},"inLanguage":"it-IT","potentialAction":[{"@type":"ReadAction","target":["https:\/\/www.guerini.it\/index.php\/prodotto\/brand-bravery\/"]}]},{"@type":"ImageObject","inLanguage":"it-IT","@id":"https:\/\/www.guerini.it\/index.php\/prodotto\/brand-bravery\/#primaryimage","url":"https:\/\/www.guerini.it\/wp-content\/uploads\/2019\/07\/brand_bravery_sito_1.png","contentUrl":"https:\/\/www.guerini.it\/wp-content\/uploads\/2019\/07\/brand_bravery_sito_1.png","width":227,"height":353,"caption":"Brand bravery"},{"@type":"BreadcrumbList","@id":"https:\/\/www.guerini.it\/index.php\/prodotto\/brand-bravery\/#breadcrumb","itemListElement":[{"@type":"ListItem","position":1,"name":"Home","item":"https:\/\/www.guerini.it\/"},{"@type":"ListItem","position":2,"name":"Catalogo","item":"https:\/\/www.guerini.it\/index.php\/negozio\/"},{"@type":"ListItem","position":3,"name":"Brand bravery"}]},{"@type":"WebSite","@id":"https:\/\/www.guerini.it\/#website","url":"https:\/\/www.guerini.it\/","name":"Guerini e Associati","description":"30 anni di libri, idee e libert\u00e0","publisher":{"@id":"https:\/\/www.guerini.it\/#organization"},"potentialAction":[{"@type":"SearchAction","target":{"@type":"EntryPoint","urlTemplate":"https:\/\/www.guerini.it\/?s={search_term_string}"},"query-input":{"@type":"PropertyValueSpecification","valueRequired":true,"valueName":"search_term_string"}}],"inLanguage":"it-IT"},{"@type":"Organization","@id":"https:\/\/www.guerini.it\/#organization","name":"Guerini e Associati","url":"https:\/\/www.guerini.it\/","logo":{"@type":"ImageObject","inLanguage":"it-IT","@id":"https:\/\/www.guerini.it\/#\/schema\/logo\/image\/","url":"https:\/\/www.guerini.it\/wp-content\/uploads\/2021\/03\/Logo-Guerini-OK_-e1615831292285.png","contentUrl":"https:\/\/www.guerini.it\/wp-content\/uploads\/2021\/03\/Logo-Guerini-OK_-e1615831292285.png","width":2805,"height":1870,"caption":"Guerini e Associati"},"image":{"@id":"https:\/\/www.guerini.it\/#\/schema\/logo\/image\/"}}]}},"_links":{"self":[{"href":"https:\/\/www.guerini.it\/index.php\/wp-json\/wp\/v2\/product\/16321","targetHints":{"allow":["GET"]}}],"collection":[{"href":"https:\/\/www.guerini.it\/index.php\/wp-json\/wp\/v2\/product"}],"about":[{"href":"https:\/\/www.guerini.it\/index.php\/wp-json\/wp\/v2\/types\/product"}],"wp:featuredmedia":[{"embeddable":true,"href":"https:\/\/www.guerini.it\/index.php\/wp-json\/wp\/v2\/media\/16320"}],"wp:attachment":[{"href":"https:\/\/www.guerini.it\/index.php\/wp-json\/wp\/v2\/media?parent=16321"}],"wp:term":[{"taxonomy":"product_brand","embeddable":true,"href":"https:\/\/www.guerini.it\/index.php\/wp-json\/wp\/v2\/product_brand?post=16321"},{"taxonomy":"product_cat","embeddable":true,"href":"https:\/\/www.guerini.it\/index.php\/wp-json\/wp\/v2\/product_cat?post=16321"},{"taxonomy":"product_tag","embeddable":true,"href":"https:\/\/www.guerini.it\/index.php\/wp-json\/wp\/v2\/product_tag?post=16321"}],"curies":[{"name":"wp","href":"https:\/\/api.w.org\/{rel}","templated":true}]}}