{"id":16329,"date":"2019-09-02T09:06:43","date_gmt":"2019-09-02T07:06:43","guid":{"rendered":"https:\/\/test.guerini.it\/?product=in-forma-di-dialogo"},"modified":"2024-06-12T14:38:18","modified_gmt":"2024-06-12T12:38:18","slug":"in-forma-di-dialogo","status":"publish","type":"product","link":"https:\/\/www.guerini.it\/index.php\/prodotto\/in-forma-di-dialogo\/","title":{"rendered":"In forma di dialogo"},"content":{"rendered":"<p style=\"text-align: justify;\">Il rapporto consulenziale \u00e8 un processo che attiva dinamiche relazionali che, a loro volta, mettono in campo potenzialit\u00e0 inespresse, strategie di intervento e nuove progettualit\u00e0 che permettono al consulente di porsi in una situazione di ascolto partecipe e interrogante. La psicosocioanalisi, che ha il suo vertice originario nella socioanalisi e nell\u2019incontro tra il pensiero di Elliott Jaques e l\u2019elaborazione di Luigi Pagliarani, pur concentrando la propria attenzione sulle organizzazioni e sul benessere degli individui, ritrova nella tradizione relazionale-interpersonale uno dei suoi riferimenti privilegiati. Il volume propone una rinnovata attenzione agli aspetti filosofici, epistemologici e psicoanalitici dell\u2019approccio psicosocioanalitico, ancorandosi, da un lato, alla tradizione fenomenologica ed esistenziale, rappresentata da Husserl, Heidegger e Merleau-Ponty; d\u2019altro canto, alle innovazioni apportate da psicoanalisti quali Ferenczi, Harry Stack Sullivan, Erich Fromm e Clara Thompson. A rendere pi\u00f9 esplicito l\u2019influsso della tradizione interpersonale sulla psicosocionalisi, il volume propone \u2013 come inedito qui pubblicato per la prima volta \u2013 il testo di Luigi Pagliarani, <em>L\u2019intervista socio-analitica<\/em>, esemplare della fruttuosa attivit\u00e0 di ricerca e formativa del fondatore della psicosocioanalisi. Lo scritto costituisce la testimonianza preziosa di un legame di lunga durata e di un\u2019attenzione che Pagliarani, gi\u00e0 negli anni Settanta del Novecento, aveva riservato al pensiero e all\u2019opera di Harry Stack Sullivan.<\/p>\n<hr \/>\n<p style=\"text-align: justify;\"><strong>Gianluca Giachery<\/strong> \u00e8 dottore di ricerca in Scienze Umane e docente a contratto presso l\u2019Universit\u00e0 degli Studi di Torino. \u00c8 formatore, consulente al ruolo e di sviluppo organizzativo e socio ordinario di ARIELE &#8211; Associazione italiana di psicosocioanalisi. Fa parte della segreteria di redazione della rivista <em>Paideutika. Quaderni di Formazione e Cultura<\/em>. \u00c8 autore di numerose pubblicazioni, uscite su riviste e volumi collettanei. Si segnalano, in particolare, <em>Etica della padronanza. Le pratiche di cura come pratiche di riflessivit\u00e0<\/em> (Roma, 2009); <em>Idioti Reietti Delinquenti. Pedagogia, medicina e diritto tra Otto e Novecento <\/em>(Como-Pavia, 2010); <em>Indignazione morale e profezia pedagogica. L\u2019ultimo Horkheimer <\/em>(Como-Pavia, 2012); <em>Il discorso eretico. Michel Foucault e la formazione delle soggettivit\u00e0 <\/em>(Rivoli-Torino, 2015).<\/p>\n","protected":false},"excerpt":{"rendered":"<p style=\"text-align: justify;\">Il rapporto consulenziale \u00e8 un processo che attiva dinamiche relazionali che, a loro volta, mettono in campo potenzialit\u00e0 inespresse, strategie di intervento e nuove progettualit\u00e0 che permettono al consulente di porsi in una situazione di ascolto partecipe e interrogante. La psicosocioanalisi, che ha il suo vertice originario nella socioanalisi e nell\u2019incontro tra il pensiero di Elliott Jaques e l\u2019elaborazione di Luigi Pagliarani, pur concentrando la propria attenzione sulle organizzazioni e sul benessere degli individui, ritrova nella tradizione relazionale-interpersonale uno dei suoi riferimenti privilegiati. Il volume propone una rinnovata attenzione agli aspetti filosofici, epistemologici e psicoanalitici dell\u2019approccio psicosocioanalitico, ancorandosi, da un lato, alla tradizione fenomenologica ed esistenziale, rappresentata da Husserl, Heidegger e Merleau-Ponty; d\u2019altro canto, alle innovazioni apportate da psicoanalisti quali Ferenczi, Harry Stack Sullivan, Erich Fromm e Clara Thompson. A rendere pi\u00f9 esplicito l\u2019influsso della tradizione interpersonale sulla psicosocionalisi, il volume propone \u2013 come inedito qui pubblicato per la prima volta \u2013 il testo di Luigi Pagliarani, L\u2019intervista socio-analitica, esemplare della fruttuosa attivit\u00e0 di ricerca e formativa del fondatore della psicosocioanalisi. Lo scritto costituisce la testimonianza preziosa di un legame di lunga durata e di un\u2019attenzione che Pagliarani, gi\u00e0 negli anni Settanta del Novecento, aveva riservato al pensiero e all\u2019opera di Harry Stack Sullivan.<\/p>\n","protected":false},"featured_media":23635,"template":"","meta":{"_editorskit_title_hidden":false,"_editorskit_reading_time":0,"_editorskit_is_block_options_detached":false,"_editorskit_block_options_position":"{}","_monsterinsights_skip_tracking":false,"_monsterinsights_sitenote_active":false,"_monsterinsights_sitenote_note":"","_monsterinsights_sitenote_category":0},"product_brand":[],"product_cat":[6805,6601,6529],"product_tag":[7487,9915,8108],"class_list":{"0":"post-16329","1":"product","2":"type-product","3":"status-publish","4":"has-post-thumbnail","6":"product_cat-guerini-next","7":"product_cat-la","8":"product_cat-economia-e-management","9":"product_tag-novecento","10":"product_tag-psicosocioanalisi","11":"product_tag-testimonianze","12":"pa_guerini_amazon_link-https-www-amazon-it-dialogo-colloquio-consulenza-psicosocioanalitica-relazionale-interpersonale-dp-8868962802","13":"pa_guerini_feltrinelli_link-https-www-lafeltrinelli-it-in-forma-di-dialogo-colloquio-libro-gianluca-giachery-e-9788868962807","14":"pa_guerini_ibs_link-https-www-ibs-it-in-forma-di-dialogo-colloquio-libro-gianluca-giachery-e-9788868962807","15":"pa_guerini_libruniver_link-https-www-libreriauniversitaria-it-forma-dialogo-colloquio-consulenza-psicosocioanalitica-libro-9788868962807","16":"pa_guerini_mondadori_link-https-www-mondadoristore-it-forma-dialogo-colloquio-gianluca-giachery-eai978886896280","17":"pa_guerini_strillo-88-conloscrittodiluigipagliar","19":"first","20":"instock","21":"sale","22":"shipping-taxable","23":"purchasable","24":"product-type-simple"},"yoast_head":"<!-- This site is optimized with the Yoast SEO plugin v25.4 - https:\/\/yoast.com\/wordpress\/plugins\/seo\/ -->\n<title>In forma di dialogo - Guerini e Associati<\/title>\n<meta name=\"robots\" content=\"index, follow, max-snippet:-1, max-image-preview:large, max-video-preview:-1\" \/>\n<link rel=\"canonical\" href=\"https:\/\/www.guerini.it\/index.php\/prodotto\/in-forma-di-dialogo\/\" \/>\n<meta property=\"og:locale\" content=\"it_IT\" \/>\n<meta property=\"og:type\" content=\"article\" \/>\n<meta property=\"og:title\" content=\"In forma di dialogo - Guerini e Associati\" \/>\n<meta property=\"og:description\" content=\"Il rapporto consulenziale \u00e8 un processo che attiva dinamiche relazionali che, a loro volta, mettono in campo potenzialit\u00e0 inespresse, strategie di intervento e nuove progettualit\u00e0 che permettono al consulente di porsi in una situazione di ascolto partecipe e interrogante. La psicosocioanalisi, che ha il suo vertice originario nella socioanalisi e nell\u2019incontro tra il pensiero di Elliott Jaques e l\u2019elaborazione di Luigi Pagliarani, pur concentrando la propria attenzione sulle organizzazioni e sul benessere degli individui, ritrova nella tradizione relazionale-interpersonale uno dei suoi riferimenti privilegiati. Il volume propone una rinnovata attenzione agli aspetti filosofici, epistemologici e psicoanalitici dell\u2019approccio psicosocioanalitico, ancorandosi, da un lato, alla tradizione fenomenologica ed esistenziale, rappresentata da Husserl, Heidegger e Merleau-Ponty; d\u2019altro canto, alle innovazioni apportate da psicoanalisti quali Ferenczi, Harry Stack Sullivan, Erich Fromm e Clara Thompson. A rendere pi\u00f9 esplicito l\u2019influsso della tradizione interpersonale sulla psicosocionalisi, il volume propone \u2013 come inedito qui pubblicato per la prima volta \u2013 il testo di Luigi Pagliarani, L\u2019intervista socio-analitica, esemplare della fruttuosa attivit\u00e0 di ricerca e formativa del fondatore della psicosocioanalisi. Lo scritto costituisce la testimonianza preziosa di un legame di lunga durata e di un\u2019attenzione che Pagliarani, gi\u00e0 negli anni Settanta del Novecento, aveva riservato al pensiero e all\u2019opera di Harry Stack Sullivan.\" \/>\n<meta property=\"og:url\" content=\"https:\/\/www.guerini.it\/index.php\/prodotto\/in-forma-di-dialogo\/\" \/>\n<meta property=\"og:site_name\" content=\"Guerini e Associati\" \/>\n<meta property=\"article:modified_time\" content=\"2024-06-12T12:38:18+00:00\" \/>\n<meta property=\"og:image\" content=\"https:\/\/www.guerini.it\/wp-content\/uploads\/2019\/09\/In-forma-di-dialogo-scaled.webp\" \/>\n\t<meta property=\"og:image:width\" content=\"1628\" \/>\n\t<meta property=\"og:image:height\" content=\"2560\" \/>\n\t<meta property=\"og:image:type\" content=\"image\/webp\" \/>\n<meta name=\"twitter:card\" content=\"summary_large_image\" \/>\n<meta name=\"twitter:label1\" content=\"Tempo di lettura stimato\" \/>\n\t<meta name=\"twitter:data1\" content=\"2 minuti\" \/>\n<!-- \/ Yoast SEO plugin. -->","yoast_head_json":{"title":"In forma di dialogo - Guerini e Associati","robots":{"index":"index","follow":"follow","max-snippet":"max-snippet:-1","max-image-preview":"max-image-preview:large","max-video-preview":"max-video-preview:-1"},"canonical":"https:\/\/www.guerini.it\/index.php\/prodotto\/in-forma-di-dialogo\/","og_locale":"it_IT","og_type":"article","og_title":"In forma di dialogo - Guerini e Associati","og_description":"Il rapporto consulenziale \u00e8 un processo che attiva dinamiche relazionali che, a loro volta, mettono in campo potenzialit\u00e0 inespresse, strategie di intervento e nuove progettualit\u00e0 che permettono al consulente di porsi in una situazione di ascolto partecipe e interrogante. La psicosocioanalisi, che ha il suo vertice originario nella socioanalisi e nell\u2019incontro tra il pensiero di Elliott Jaques e l\u2019elaborazione di Luigi Pagliarani, pur concentrando la propria attenzione sulle organizzazioni e sul benessere degli individui, ritrova nella tradizione relazionale-interpersonale uno dei suoi riferimenti privilegiati. Il volume propone una rinnovata attenzione agli aspetti filosofici, epistemologici e psicoanalitici dell\u2019approccio psicosocioanalitico, ancorandosi, da un lato, alla tradizione fenomenologica ed esistenziale, rappresentata da Husserl, Heidegger e Merleau-Ponty; d\u2019altro canto, alle innovazioni apportate da psicoanalisti quali Ferenczi, Harry Stack Sullivan, Erich Fromm e Clara Thompson. A rendere pi\u00f9 esplicito l\u2019influsso della tradizione interpersonale sulla psicosocionalisi, il volume propone \u2013 come inedito qui pubblicato per la prima volta \u2013 il testo di Luigi Pagliarani, L\u2019intervista socio-analitica, esemplare della fruttuosa attivit\u00e0 di ricerca e formativa del fondatore della psicosocioanalisi. Lo scritto costituisce la testimonianza preziosa di un legame di lunga durata e di un\u2019attenzione che Pagliarani, gi\u00e0 negli anni Settanta del Novecento, aveva riservato al pensiero e all\u2019opera di Harry Stack Sullivan.","og_url":"https:\/\/www.guerini.it\/index.php\/prodotto\/in-forma-di-dialogo\/","og_site_name":"Guerini e Associati","article_modified_time":"2024-06-12T12:38:18+00:00","og_image":[{"width":1628,"height":2560,"url":"https:\/\/www.guerini.it\/wp-content\/uploads\/2019\/09\/In-forma-di-dialogo-scaled.webp","type":"image\/webp"}],"twitter_card":"summary_large_image","twitter_misc":{"Tempo di lettura stimato":"2 minuti"},"schema":{"@context":"https:\/\/schema.org","@graph":[{"@type":"WebPage","@id":"https:\/\/www.guerini.it\/index.php\/prodotto\/in-forma-di-dialogo\/","url":"https:\/\/www.guerini.it\/index.php\/prodotto\/in-forma-di-dialogo\/","name":"In forma di dialogo - Guerini e Associati","isPartOf":{"@id":"https:\/\/www.guerini.it\/#website"},"primaryImageOfPage":{"@id":"https:\/\/www.guerini.it\/index.php\/prodotto\/in-forma-di-dialogo\/#primaryimage"},"image":{"@id":"https:\/\/www.guerini.it\/index.php\/prodotto\/in-forma-di-dialogo\/#primaryimage"},"thumbnailUrl":"https:\/\/www.guerini.it\/wp-content\/uploads\/2019\/09\/In-forma-di-dialogo-scaled.webp","datePublished":"2019-09-02T07:06:43+00:00","dateModified":"2024-06-12T12:38:18+00:00","breadcrumb":{"@id":"https:\/\/www.guerini.it\/index.php\/prodotto\/in-forma-di-dialogo\/#breadcrumb"},"inLanguage":"it-IT","potentialAction":[{"@type":"ReadAction","target":["https:\/\/www.guerini.it\/index.php\/prodotto\/in-forma-di-dialogo\/"]}]},{"@type":"ImageObject","inLanguage":"it-IT","@id":"https:\/\/www.guerini.it\/index.php\/prodotto\/in-forma-di-dialogo\/#primaryimage","url":"https:\/\/www.guerini.it\/wp-content\/uploads\/2019\/09\/In-forma-di-dialogo-scaled.webp","contentUrl":"https:\/\/www.guerini.it\/wp-content\/uploads\/2019\/09\/In-forma-di-dialogo-scaled.webp","width":1628,"height":2560,"caption":"Copertina del volume In forma di dialogo, Guerini Next, 2019"},{"@type":"BreadcrumbList","@id":"https:\/\/www.guerini.it\/index.php\/prodotto\/in-forma-di-dialogo\/#breadcrumb","itemListElement":[{"@type":"ListItem","position":1,"name":"Home","item":"https:\/\/www.guerini.it\/"},{"@type":"ListItem","position":2,"name":"Catalogo","item":"https:\/\/www.guerini.it\/index.php\/negozio\/"},{"@type":"ListItem","position":3,"name":"In forma di dialogo"}]},{"@type":"WebSite","@id":"https:\/\/www.guerini.it\/#website","url":"https:\/\/www.guerini.it\/","name":"Guerini e Associati","description":"30 anni di libri, idee e libert\u00e0","publisher":{"@id":"https:\/\/www.guerini.it\/#organization"},"potentialAction":[{"@type":"SearchAction","target":{"@type":"EntryPoint","urlTemplate":"https:\/\/www.guerini.it\/?s={search_term_string}"},"query-input":{"@type":"PropertyValueSpecification","valueRequired":true,"valueName":"search_term_string"}}],"inLanguage":"it-IT"},{"@type":"Organization","@id":"https:\/\/www.guerini.it\/#organization","name":"Guerini e Associati","url":"https:\/\/www.guerini.it\/","logo":{"@type":"ImageObject","inLanguage":"it-IT","@id":"https:\/\/www.guerini.it\/#\/schema\/logo\/image\/","url":"https:\/\/www.guerini.it\/wp-content\/uploads\/2021\/03\/Logo-Guerini-OK_-e1615831292285.png","contentUrl":"https:\/\/www.guerini.it\/wp-content\/uploads\/2021\/03\/Logo-Guerini-OK_-e1615831292285.png","width":2805,"height":1870,"caption":"Guerini e Associati"},"image":{"@id":"https:\/\/www.guerini.it\/#\/schema\/logo\/image\/"}}]}},"_links":{"self":[{"href":"https:\/\/www.guerini.it\/index.php\/wp-json\/wp\/v2\/product\/16329","targetHints":{"allow":["GET"]}}],"collection":[{"href":"https:\/\/www.guerini.it\/index.php\/wp-json\/wp\/v2\/product"}],"about":[{"href":"https:\/\/www.guerini.it\/index.php\/wp-json\/wp\/v2\/types\/product"}],"wp:featuredmedia":[{"embeddable":true,"href":"https:\/\/www.guerini.it\/index.php\/wp-json\/wp\/v2\/media\/23635"}],"wp:attachment":[{"href":"https:\/\/www.guerini.it\/index.php\/wp-json\/wp\/v2\/media?parent=16329"}],"wp:term":[{"taxonomy":"product_brand","embeddable":true,"href":"https:\/\/www.guerini.it\/index.php\/wp-json\/wp\/v2\/product_brand?post=16329"},{"taxonomy":"product_cat","embeddable":true,"href":"https:\/\/www.guerini.it\/index.php\/wp-json\/wp\/v2\/product_cat?post=16329"},{"taxonomy":"product_tag","embeddable":true,"href":"https:\/\/www.guerini.it\/index.php\/wp-json\/wp\/v2\/product_tag?post=16329"}],"curies":[{"name":"wp","href":"https:\/\/api.w.org\/{rel}","templated":true}]}}