{"id":16339,"date":"2019-09-09T07:42:16","date_gmt":"2019-09-09T05:42:16","guid":{"rendered":"https:\/\/test.guerini.it\/?product=r-innovare-il-family-business"},"modified":"2026-01-27T09:58:43","modified_gmt":"2026-01-27T08:58:43","slug":"r-innovare-il-family-business","status":"publish","type":"product","link":"https:\/\/www.guerini.it\/index.php\/prodotto\/r-innovare-il-family-business\/","title":{"rendered":"R-innovare il family business"},"content":{"rendered":"<p style=\"text-align: left;\"><span style=\"text-align: justify;\">L\u2019impresa familiare \u00e8 la colonna portante dell\u2019economia mondiale, non solo di quella italiana. La nostra capacit\u00e0 di fare impresa si \u00e8 sviluppata all\u2019incrocio tra competenze artigianali ed uso intelligente e creativo di macchine e tecnologie. Allo stesso tempo le istituzioni millenarie di Impero e Papato, che in Italia hanno convissuto per oltre 2000 anni, hanno prodotto una cultura del potere piramidale e autoritario, piuttosto che condiviso e circolare. Questa eredit\u00e0 condiziona oggi la comprensione dell\u2019innovazione e delle potenzialit\u00e0 delle nuove tecnologie digitali, cos\u00ec come l\u2019esercizio virtuoso del rischio imprenditoriale. La storia recente \u2013 caratterizzata da incertezza e da un\u2019accelerazione dei mercati senza precedenti \u2013 ci dice che il contesto in cui siamo proiettati \u00e8 soggetto a tensioni lungo diverse direttrici, che impongono al capitale dell\u2019impresa familiare in tutte le sue declinazioni \u2013 valoriale, fiduciario, intellettuale e tangibile \u2013 di essere liquido e adattivo, affinch\u00e9 l\u2019azienda possa sopravvivere.<br \/>\n<\/span><span style=\"text-align: justify;\">L\u2019<\/span><em style=\"text-align: justify;\">Homo sapiens<\/em><span style=\"text-align: justify;\"> \u00e8 l\u2019essere che in natura nasce meno esperto. L\u2019apprendimento ed il modello cognitivo che lo sostiene rappresentano la cifra personale di ciascun individuo. Occorre quindi riqualificare il nostro modo di conoscere il mondo aprendoci a modelli partecipativi \u2013 sia organizzativi, sia di business \u2013 che si affidino all\u2019intelligenza di tutti gli attori della filiera. Le dimensioni del rischio imprenditoriale necessitano di un approccio consapevole che rivaluti il valore della fiducia \u2013 bene ultimo alla base di qualsiasi incontro (commerciale e pi\u00f9 in generale tra persone) \u2013 garantendo integrit\u00e0 morale, sociale ed economica. Solo in questo modo si potr\u00e0 assicurare continuit\u00e0 all\u2019impresa e, alla famiglia imprenditoriale, la capacit\u00e0 di avere successo.<\/span><\/p>\n<h5 style=\"text-align: left;\"><strong><span style=\"text-align: justify;\"><a href=\"https:\/\/test.guerini.it\/wp-content\/uploads\/2019\/09\/Indice_Intro_2.pdf\" target=\"_blank\" rel=\"noopener\">Consulta qui l&#8217;indice e l&#8217;introduzione del libro.<\/a><\/span><\/strong><\/h5>\n<p style=\"text-align: justify;\"><strong>Alessandro Scaglione<\/strong> \u00e8 esperto di imprese familiari, dove ha lavorato per pi\u00f9 di vent\u2019anni come dirigente al fianco di diversi imprenditori. Laureato in Ingegneria Gestionale, ha frequentato <em>cum laude<\/em> il master in <em>General Management<\/em> al MIP del Politecnico di Milano e, nel 2018, ha creato <em>Consiliator<\/em>, societ\u00e0 che intende diffondere un modello distintivo di cultura, formazione e servizi dedicati al <em>family business<\/em>.<\/p>\n<p style=\"text-align: justify;\">Con interventi di<br \/>\n<strong>Luigi Campagna<\/strong>, docente di Sistemi organizzativi al Politecnico di Milano, opera come consulente di direzione in imprese industriali, dei servizi e nella Pubblica amministrazione.<br \/>\n<strong>Luciano Pero<\/strong>, docente al MIP-Politecnico di Milano di Organization Theory and Design, ha svolto ricerche sulla professionalit\u00e0, l\u2019innovazione tecnologica e organizzativa, gli orari di lavoro.<\/p>\n<div id=\"gtx-trans\" style=\"position: absolute; left: -57px; top: 168.625px;\"><\/div>\n","protected":false},"excerpt":{"rendered":"<p style=\"text-align: justify;\">L\u2019impresa familiare \u00e8 la colonna portante dell\u2019economia mondiale, non solo di quella italiana. La nostra capacit\u00e0 di fare impresa si \u00e8 sviluppata all\u2019incrocio tra competenze artigianali ed uso intelligente e creativo di macchine e tecnologie. Allo stesso tempo le istituzioni millenarie di Impero e Papato, che in Italia hanno convissuto per oltre 2000 anni, hanno prodotto una cultura del potere piramidale e autoritario, piuttosto che condiviso e circolare. Questa eredit\u00e0 condiziona oggi la comprensione dell\u2019innovazione e delle potenzialit\u00e0 delle nuove tecnologie digitali, cos\u00ec come l\u2019esercizio virtuoso del rischio imprenditoriale. La storia recente \u2013 caratterizzata da incertezza e da un\u2019accelerazione dei mercati senza precedenti \u2013 ci dice che il contesto in cui siamo proiettati \u00e8 soggetto a tensioni lungo diverse direttrici, che impongono al capitale dell\u2019impresa familiare in tutte le sue declinazioni \u2013 valoriale, fiduciario, intellettuale e tangibile \u2013 di essere liquido e adattivo, affinch\u00e9 l\u2019azienda possa sopravvivere.<br \/>\nL\u2019<em>Homo sapiens<\/em> \u00e8 l\u2019essere che in natura nasce meno esperto. L\u2019apprendimento ed il modello cognitivo che lo sostiene rappresentano la cifra personale di ciascun individuo. Occorre quindi riqualificare il nostro modo di conoscere il mondo aprendoci a modelli partecipativi \u2013 sia organizzativi, sia di business \u2013 che si affidino all\u2019intelligenza di tutti gli attori della filiera. Le dimensioni del rischio imprenditoriale necessitano di un approccio consapevole che rivaluti il valore della fiducia \u2013 bene ultimo alla base di qualsiasi incontro (commerciale e pi\u00f9 in generale tra persone) \u2013 garantendo integrit\u00e0 morale, sociale ed economica. Solo in questo modo si potr\u00e0 assicurare continuit\u00e0 all\u2019impresa e, alla famiglia imprenditoriale, la capacit\u00e0 di avere successo.<\/p>\n","protected":false},"featured_media":16337,"template":"","meta":{"_editorskit_title_hidden":false,"_editorskit_reading_time":0,"_editorskit_is_block_options_detached":false,"_editorskit_block_options_position":"{}","_monsterinsights_skip_tracking":false,"_monsterinsights_sitenote_active":false,"_monsterinsights_sitenote_note":"","_monsterinsights_sitenote_category":0},"product_brand":[],"product_cat":[6805,6529],"product_tag":[],"class_list":{"0":"post-16339","1":"product","2":"type-product","3":"status-publish","4":"has-post-thumbnail","6":"product_cat-guerini-next","7":"product_cat-economia-e-management","8":"pa_fulfillment-default","9":"pa_guerini_amazon_link-https-www-ibs-it-r-innovare-family-business-intelligenza-libro-alessandro-scaglione-e-9788868962777","10":"pa_guerini_ibs_link-https-www-ibs-it-r-innovare-family-business-intelligenza-libro-alessandro-scaglione-e-9788868962777","12":"first","13":"instock","14":"sale","15":"shipping-taxable","16":"purchasable","17":"product-type-simple"},"yoast_head":"<!-- This site is optimized with the Yoast SEO plugin v25.4 - https:\/\/yoast.com\/wordpress\/plugins\/seo\/ -->\n<title>R-innovare il family business - Guerini e Associati<\/title>\n<meta name=\"robots\" content=\"index, follow, max-snippet:-1, max-image-preview:large, max-video-preview:-1\" \/>\n<link rel=\"canonical\" href=\"https:\/\/www.guerini.it\/index.php\/prodotto\/r-innovare-il-family-business\/\" \/>\n<meta property=\"og:locale\" content=\"it_IT\" \/>\n<meta property=\"og:type\" content=\"article\" \/>\n<meta property=\"og:title\" content=\"R-innovare il family business - Guerini e Associati\" \/>\n<meta property=\"og:description\" content=\"L\u2019impresa familiare \u00e8 la colonna portante dell\u2019economia mondiale, non solo di quella italiana. La nostra capacit\u00e0 di fare impresa si \u00e8 sviluppata all\u2019incrocio tra competenze artigianali ed uso intelligente e creativo di macchine e tecnologie. Allo stesso tempo le istituzioni millenarie di Impero e Papato, che in Italia hanno convissuto per oltre 2000 anni, hanno prodotto una cultura del potere piramidale e autoritario, piuttosto che condiviso e circolare. Questa eredit\u00e0 condiziona oggi la comprensione dell\u2019innovazione e delle potenzialit\u00e0 delle nuove tecnologie digitali, cos\u00ec come l\u2019esercizio virtuoso del rischio imprenditoriale. La storia recente \u2013 caratterizzata da incertezza e da un\u2019accelerazione dei mercati senza precedenti \u2013 ci dice che il contesto in cui siamo proiettati \u00e8 soggetto a tensioni lungo diverse direttrici, che impongono al capitale dell\u2019impresa familiare in tutte le sue declinazioni \u2013 valoriale, fiduciario, intellettuale e tangibile \u2013 di essere liquido e adattivo, affinch\u00e9 l\u2019azienda possa sopravvivere. L\u2019Homo sapiens \u00e8 l\u2019essere che in natura nasce meno esperto. L\u2019apprendimento ed il modello cognitivo che lo sostiene rappresentano la cifra personale di ciascun individuo. Occorre quindi riqualificare il nostro modo di conoscere il mondo aprendoci a modelli partecipativi \u2013 sia organizzativi, sia di business \u2013 che si affidino all\u2019intelligenza di tutti gli attori della filiera. Le dimensioni del rischio imprenditoriale necessitano di un approccio consapevole che rivaluti il valore della fiducia \u2013 bene ultimo alla base di qualsiasi incontro (commerciale e pi\u00f9 in generale tra persone) \u2013 garantendo integrit\u00e0 morale, sociale ed economica. Solo in questo modo si potr\u00e0 assicurare continuit\u00e0 all\u2019impresa e, alla famiglia imprenditoriale, la capacit\u00e0 di avere successo.\" \/>\n<meta property=\"og:url\" content=\"https:\/\/www.guerini.it\/index.php\/prodotto\/r-innovare-il-family-business\/\" \/>\n<meta property=\"og:site_name\" content=\"Guerini e Associati\" \/>\n<meta property=\"article:modified_time\" content=\"2026-01-27T08:58:43+00:00\" \/>\n<meta property=\"og:image\" content=\"https:\/\/www.guerini.it\/wp-content\/uploads\/2019\/09\/r-innovare_il_family_business_sito.jpg\" \/>\n\t<meta property=\"og:image:width\" content=\"226\" \/>\n\t<meta property=\"og:image:height\" content=\"353\" \/>\n\t<meta property=\"og:image:type\" content=\"image\/jpeg\" \/>\n<meta name=\"twitter:card\" content=\"summary_large_image\" \/>\n<meta name=\"twitter:label1\" content=\"Tempo di lettura stimato\" \/>\n\t<meta name=\"twitter:data1\" content=\"3 minuti\" \/>\n<!-- \/ Yoast SEO plugin. -->","yoast_head_json":{"title":"R-innovare il family business - Guerini e Associati","robots":{"index":"index","follow":"follow","max-snippet":"max-snippet:-1","max-image-preview":"max-image-preview:large","max-video-preview":"max-video-preview:-1"},"canonical":"https:\/\/www.guerini.it\/index.php\/prodotto\/r-innovare-il-family-business\/","og_locale":"it_IT","og_type":"article","og_title":"R-innovare il family business - Guerini e Associati","og_description":"L\u2019impresa familiare \u00e8 la colonna portante dell\u2019economia mondiale, non solo di quella italiana. La nostra capacit\u00e0 di fare impresa si \u00e8 sviluppata all\u2019incrocio tra competenze artigianali ed uso intelligente e creativo di macchine e tecnologie. Allo stesso tempo le istituzioni millenarie di Impero e Papato, che in Italia hanno convissuto per oltre 2000 anni, hanno prodotto una cultura del potere piramidale e autoritario, piuttosto che condiviso e circolare. Questa eredit\u00e0 condiziona oggi la comprensione dell\u2019innovazione e delle potenzialit\u00e0 delle nuove tecnologie digitali, cos\u00ec come l\u2019esercizio virtuoso del rischio imprenditoriale. La storia recente \u2013 caratterizzata da incertezza e da un\u2019accelerazione dei mercati senza precedenti \u2013 ci dice che il contesto in cui siamo proiettati \u00e8 soggetto a tensioni lungo diverse direttrici, che impongono al capitale dell\u2019impresa familiare in tutte le sue declinazioni \u2013 valoriale, fiduciario, intellettuale e tangibile \u2013 di essere liquido e adattivo, affinch\u00e9 l\u2019azienda possa sopravvivere. L\u2019Homo sapiens \u00e8 l\u2019essere che in natura nasce meno esperto. L\u2019apprendimento ed il modello cognitivo che lo sostiene rappresentano la cifra personale di ciascun individuo. Occorre quindi riqualificare il nostro modo di conoscere il mondo aprendoci a modelli partecipativi \u2013 sia organizzativi, sia di business \u2013 che si affidino all\u2019intelligenza di tutti gli attori della filiera. Le dimensioni del rischio imprenditoriale necessitano di un approccio consapevole che rivaluti il valore della fiducia \u2013 bene ultimo alla base di qualsiasi incontro (commerciale e pi\u00f9 in generale tra persone) \u2013 garantendo integrit\u00e0 morale, sociale ed economica. Solo in questo modo si potr\u00e0 assicurare continuit\u00e0 all\u2019impresa e, alla famiglia imprenditoriale, la capacit\u00e0 di avere successo.","og_url":"https:\/\/www.guerini.it\/index.php\/prodotto\/r-innovare-il-family-business\/","og_site_name":"Guerini e Associati","article_modified_time":"2026-01-27T08:58:43+00:00","og_image":[{"width":226,"height":353,"url":"https:\/\/www.guerini.it\/wp-content\/uploads\/2019\/09\/r-innovare_il_family_business_sito.jpg","type":"image\/jpeg"}],"twitter_card":"summary_large_image","twitter_misc":{"Tempo di lettura stimato":"3 minuti"},"schema":{"@context":"https:\/\/schema.org","@graph":[{"@type":"WebPage","@id":"https:\/\/www.guerini.it\/index.php\/prodotto\/r-innovare-il-family-business\/","url":"https:\/\/www.guerini.it\/index.php\/prodotto\/r-innovare-il-family-business\/","name":"R-innovare il family business - Guerini e Associati","isPartOf":{"@id":"https:\/\/www.guerini.it\/#website"},"primaryImageOfPage":{"@id":"https:\/\/www.guerini.it\/index.php\/prodotto\/r-innovare-il-family-business\/#primaryimage"},"image":{"@id":"https:\/\/www.guerini.it\/index.php\/prodotto\/r-innovare-il-family-business\/#primaryimage"},"thumbnailUrl":"https:\/\/www.guerini.it\/wp-content\/uploads\/2019\/09\/r-innovare_il_family_business_sito.jpg","datePublished":"2019-09-09T05:42:16+00:00","dateModified":"2026-01-27T08:58:43+00:00","breadcrumb":{"@id":"https:\/\/www.guerini.it\/index.php\/prodotto\/r-innovare-il-family-business\/#breadcrumb"},"inLanguage":"it-IT","potentialAction":[{"@type":"ReadAction","target":["https:\/\/www.guerini.it\/index.php\/prodotto\/r-innovare-il-family-business\/"]}]},{"@type":"ImageObject","inLanguage":"it-IT","@id":"https:\/\/www.guerini.it\/index.php\/prodotto\/r-innovare-il-family-business\/#primaryimage","url":"https:\/\/www.guerini.it\/wp-content\/uploads\/2019\/09\/r-innovare_il_family_business_sito.jpg","contentUrl":"https:\/\/www.guerini.it\/wp-content\/uploads\/2019\/09\/r-innovare_il_family_business_sito.jpg","width":226,"height":353,"caption":"R-innovare il family business"},{"@type":"BreadcrumbList","@id":"https:\/\/www.guerini.it\/index.php\/prodotto\/r-innovare-il-family-business\/#breadcrumb","itemListElement":[{"@type":"ListItem","position":1,"name":"Home","item":"https:\/\/www.guerini.it\/"},{"@type":"ListItem","position":2,"name":"Catalogo","item":"https:\/\/www.guerini.it\/index.php\/negozio\/"},{"@type":"ListItem","position":3,"name":"R-innovare il family business"}]},{"@type":"WebSite","@id":"https:\/\/www.guerini.it\/#website","url":"https:\/\/www.guerini.it\/","name":"Guerini e Associati","description":"30 anni di libri, idee e libert\u00e0","publisher":{"@id":"https:\/\/www.guerini.it\/#organization"},"potentialAction":[{"@type":"SearchAction","target":{"@type":"EntryPoint","urlTemplate":"https:\/\/www.guerini.it\/?s={search_term_string}"},"query-input":{"@type":"PropertyValueSpecification","valueRequired":true,"valueName":"search_term_string"}}],"inLanguage":"it-IT"},{"@type":"Organization","@id":"https:\/\/www.guerini.it\/#organization","name":"Guerini e Associati","url":"https:\/\/www.guerini.it\/","logo":{"@type":"ImageObject","inLanguage":"it-IT","@id":"https:\/\/www.guerini.it\/#\/schema\/logo\/image\/","url":"https:\/\/www.guerini.it\/wp-content\/uploads\/2021\/03\/Logo-Guerini-OK_-e1615831292285.png","contentUrl":"https:\/\/www.guerini.it\/wp-content\/uploads\/2021\/03\/Logo-Guerini-OK_-e1615831292285.png","width":2805,"height":1870,"caption":"Guerini e Associati"},"image":{"@id":"https:\/\/www.guerini.it\/#\/schema\/logo\/image\/"}}]}},"_links":{"self":[{"href":"https:\/\/www.guerini.it\/index.php\/wp-json\/wp\/v2\/product\/16339","targetHints":{"allow":["GET"]}}],"collection":[{"href":"https:\/\/www.guerini.it\/index.php\/wp-json\/wp\/v2\/product"}],"about":[{"href":"https:\/\/www.guerini.it\/index.php\/wp-json\/wp\/v2\/types\/product"}],"wp:featuredmedia":[{"embeddable":true,"href":"https:\/\/www.guerini.it\/index.php\/wp-json\/wp\/v2\/media\/16337"}],"wp:attachment":[{"href":"https:\/\/www.guerini.it\/index.php\/wp-json\/wp\/v2\/media?parent=16339"}],"wp:term":[{"taxonomy":"product_brand","embeddable":true,"href":"https:\/\/www.guerini.it\/index.php\/wp-json\/wp\/v2\/product_brand?post=16339"},{"taxonomy":"product_cat","embeddable":true,"href":"https:\/\/www.guerini.it\/index.php\/wp-json\/wp\/v2\/product_cat?post=16339"},{"taxonomy":"product_tag","embeddable":true,"href":"https:\/\/www.guerini.it\/index.php\/wp-json\/wp\/v2\/product_tag?post=16339"}],"curies":[{"name":"wp","href":"https:\/\/api.w.org\/{rel}","templated":true}]}}