{"id":16347,"date":"2019-09-16T14:20:41","date_gmt":"2019-09-16T12:20:41","guid":{"rendered":"https:\/\/test.guerini.it\/?product=search-funds"},"modified":"2024-06-12T14:38:10","modified_gmt":"2024-06-12T12:38:10","slug":"search-funds","status":"publish","type":"product","link":"https:\/\/www.guerini.it\/index.php\/prodotto\/search-funds\/","title":{"rendered":"Search funds"},"content":{"rendered":"<p style=\"text-align: justify;\">Concepiti alcuni anni fa negli Stati Uniti, e solo di recente approdati in ambito europeo e italiano, i <em>search funds <\/em>consentono di coniugare abilit\u00e0 imprenditoriali e capacit\u00e0 finanziarie, rispondendo alle necessit\u00e0 degli aspiranti imprenditori, spesso giovani e capaci ma privi dei necessari mezzi finanziari. L\u2019utilizzo di questa particolare forma di investimento si articola in alcune fasi fondamentali, ben descritte nello studio di Antonio Molinari che, all\u2019approfondimento teorico, affianca utili informazioni pratiche rivolte a chi si voglia accostare a questo strumento: dalla ricerca di un ammontare per avviare le operazioni utili a individuare una societ\u00e0 da acquisire (attivit\u00e0 che vede coinvolti principalmente<em> business angels <\/em>e<em> family office<\/em>), all\u2019acquisizione vera e propria, dove il promotore (<em>searcher<\/em>) \u00e8 protagonista della gestione e dello sviluppo dell\u2019iniziativa, ricoprendo la carica di presidente o amministratore delegato dell\u2019azienda acquisita. Come afferma Fabio L. Sattin nella sua Introduzione, \u00abi ritorni realizzati da chi ha creduto in questo tipo di investimento sono stati molto interessanti e significativamente pi\u00f9 alti rispetto a numerose altre categorie di investimento\u00bb, senza l\u2019ausilio di alcuna sovvenzione pubblica.<\/p>\n<hr \/>\n<p style=\"text-align: justify;\"><strong>Antonio Molinari<\/strong> tra i primi, in Italia ad approfondire il tema dei <strong>search funds<\/strong>, si occupa di corporate &amp; investment banking presso Citi Bank.<\/p>\n","protected":false},"excerpt":{"rendered":"<p>Concepiti alcuni anni fa negli Stati Uniti, e solo di recente approdati in ambito europeo e italiano, i search funds consentono di coniugare abilit\u00e0 imprenditoriali e capacit\u00e0 finanziarie, rispondendo alle necessit\u00e0 degli aspiranti imprenditori, spesso giovani e capaci ma privi dei necessari mezzi finanziari. L\u2019utilizzo di questa particolare forma di investimento si articola in alcune fasi fondamentali, ben descritte nello studio di Antonio Molinari che, all\u2019approfondimento teorico, affianca utili informazioni pratiche rivolte a chi si voglia accostare a questo strumento: dalla ricerca di un ammontare per avviare le operazioni utili a individuare una societ\u00e0 da acquisire (attivit\u00e0 che vede coinvolti principalmente business angels e family office), all\u2019acquisizione vera e propria, dove il promotore (searcher) \u00e8 protagonista della gestione e dello sviluppo dell\u2019iniziativa, ricoprendo la carica di presidente o amministratore delegato dell\u2019azienda acquisita. Come afferma Fabio L. Sattin nella sua Introduzione, \u00abi ritorni realizzati da chi ha creduto in questo tipo di investimento sono stati molto interessanti e significativamente pi\u00f9 alti rispetto a numerose altre categorie di investimento\u00bb, senza l\u2019ausilio di alcuna sovvenzione pubblica.<\/p>\n","protected":false},"featured_media":16346,"template":"","meta":{"_editorskit_title_hidden":false,"_editorskit_reading_time":0,"_editorskit_is_block_options_detached":false,"_editorskit_block_options_position":"{}","_monsterinsights_skip_tracking":false,"_monsterinsights_sitenote_active":false,"_monsterinsights_sitenote_note":"","_monsterinsights_sitenote_category":0},"product_brand":[],"product_cat":[6805,6529],"product_tag":[],"class_list":{"0":"post-16347","1":"product","2":"type-product","3":"status-publish","4":"has-post-thumbnail","6":"product_cat-guerini-next","7":"product_cat-economia-e-management","8":"pa_guerini_amazon_link-d5-httpswwwamazonitstrumento_","9":"pa_guerini_feltrinelli_link-25-httpswwwawin1comcreadphpaw","10":"pa_guerini_ibs_link-22-httpswwwawin1comcreadphpaw","11":"pa_guerini_libruniver_link-ef-httpswwwlibreriauniversita","12":"pa_guerini_mondadori_link-7d-httpswwwmondadoristoreitse","14":"first","15":"instock","16":"sale","17":"shipping-taxable","18":"purchasable","19":"product-type-simple"},"yoast_head":"<!-- This site is optimized with the Yoast SEO plugin v25.4 - https:\/\/yoast.com\/wordpress\/plugins\/seo\/ -->\n<title>Search funds - Guerini e Associati<\/title>\n<meta name=\"robots\" content=\"index, follow, max-snippet:-1, max-image-preview:large, max-video-preview:-1\" \/>\n<link rel=\"canonical\" href=\"https:\/\/www.guerini.it\/index.php\/prodotto\/search-funds\/\" \/>\n<meta property=\"og:locale\" content=\"it_IT\" \/>\n<meta property=\"og:type\" content=\"article\" \/>\n<meta property=\"og:title\" content=\"Search funds - Guerini e Associati\" \/>\n<meta property=\"og:description\" content=\"Concepiti alcuni anni fa negli Stati Uniti, e solo di recente approdati in ambito europeo e italiano, i search funds consentono di coniugare abilit\u00e0 imprenditoriali e capacit\u00e0 finanziarie, rispondendo alle necessit\u00e0 degli aspiranti imprenditori, spesso giovani e capaci ma privi dei necessari mezzi finanziari. L\u2019utilizzo di questa particolare forma di investimento si articola in alcune fasi fondamentali, ben descritte nello studio di Antonio Molinari che, all\u2019approfondimento teorico, affianca utili informazioni pratiche rivolte a chi si voglia accostare a questo strumento: dalla ricerca di un ammontare per avviare le operazioni utili a individuare una societ\u00e0 da acquisire (attivit\u00e0 che vede coinvolti principalmente business angels e family office), all\u2019acquisizione vera e propria, dove il promotore (searcher) \u00e8 protagonista della gestione e dello sviluppo dell\u2019iniziativa, ricoprendo la carica di presidente o amministratore delegato dell\u2019azienda acquisita. Come afferma Fabio L. Sattin nella sua Introduzione, \u00abi ritorni realizzati da chi ha creduto in questo tipo di investimento sono stati molto interessanti e significativamente pi\u00f9 alti rispetto a numerose altre categorie di investimento\u00bb, senza l\u2019ausilio di alcuna sovvenzione pubblica.\" \/>\n<meta property=\"og:url\" content=\"https:\/\/www.guerini.it\/index.php\/prodotto\/search-funds\/\" \/>\n<meta property=\"og:site_name\" content=\"Guerini e Associati\" \/>\n<meta property=\"article:modified_time\" content=\"2024-06-12T12:38:10+00:00\" \/>\n<meta property=\"og:image\" content=\"https:\/\/www.guerini.it\/wp-content\/uploads\/2019\/09\/search_funds_sito.jpg\" \/>\n\t<meta property=\"og:image:width\" content=\"235\" \/>\n\t<meta property=\"og:image:height\" content=\"353\" \/>\n\t<meta property=\"og:image:type\" content=\"image\/jpeg\" \/>\n<meta name=\"twitter:card\" content=\"summary_large_image\" \/>\n<meta name=\"twitter:label1\" content=\"Tempo di lettura stimato\" \/>\n\t<meta name=\"twitter:data1\" content=\"2 minuti\" \/>\n<!-- \/ Yoast SEO plugin. -->","yoast_head_json":{"title":"Search funds - Guerini e Associati","robots":{"index":"index","follow":"follow","max-snippet":"max-snippet:-1","max-image-preview":"max-image-preview:large","max-video-preview":"max-video-preview:-1"},"canonical":"https:\/\/www.guerini.it\/index.php\/prodotto\/search-funds\/","og_locale":"it_IT","og_type":"article","og_title":"Search funds - Guerini e Associati","og_description":"Concepiti alcuni anni fa negli Stati Uniti, e solo di recente approdati in ambito europeo e italiano, i search funds consentono di coniugare abilit\u00e0 imprenditoriali e capacit\u00e0 finanziarie, rispondendo alle necessit\u00e0 degli aspiranti imprenditori, spesso giovani e capaci ma privi dei necessari mezzi finanziari. L\u2019utilizzo di questa particolare forma di investimento si articola in alcune fasi fondamentali, ben descritte nello studio di Antonio Molinari che, all\u2019approfondimento teorico, affianca utili informazioni pratiche rivolte a chi si voglia accostare a questo strumento: dalla ricerca di un ammontare per avviare le operazioni utili a individuare una societ\u00e0 da acquisire (attivit\u00e0 che vede coinvolti principalmente business angels e family office), all\u2019acquisizione vera e propria, dove il promotore (searcher) \u00e8 protagonista della gestione e dello sviluppo dell\u2019iniziativa, ricoprendo la carica di presidente o amministratore delegato dell\u2019azienda acquisita. Come afferma Fabio L. Sattin nella sua Introduzione, \u00abi ritorni realizzati da chi ha creduto in questo tipo di investimento sono stati molto interessanti e significativamente pi\u00f9 alti rispetto a numerose altre categorie di investimento\u00bb, senza l\u2019ausilio di alcuna sovvenzione pubblica.","og_url":"https:\/\/www.guerini.it\/index.php\/prodotto\/search-funds\/","og_site_name":"Guerini e Associati","article_modified_time":"2024-06-12T12:38:10+00:00","og_image":[{"width":235,"height":353,"url":"https:\/\/www.guerini.it\/wp-content\/uploads\/2019\/09\/search_funds_sito.jpg","type":"image\/jpeg"}],"twitter_card":"summary_large_image","twitter_misc":{"Tempo di lettura stimato":"2 minuti"},"schema":{"@context":"https:\/\/schema.org","@graph":[{"@type":"WebPage","@id":"https:\/\/www.guerini.it\/index.php\/prodotto\/search-funds\/","url":"https:\/\/www.guerini.it\/index.php\/prodotto\/search-funds\/","name":"Search funds - Guerini e Associati","isPartOf":{"@id":"https:\/\/www.guerini.it\/#website"},"primaryImageOfPage":{"@id":"https:\/\/www.guerini.it\/index.php\/prodotto\/search-funds\/#primaryimage"},"image":{"@id":"https:\/\/www.guerini.it\/index.php\/prodotto\/search-funds\/#primaryimage"},"thumbnailUrl":"https:\/\/www.guerini.it\/wp-content\/uploads\/2019\/09\/search_funds_sito.jpg","datePublished":"2019-09-16T12:20:41+00:00","dateModified":"2024-06-12T12:38:10+00:00","breadcrumb":{"@id":"https:\/\/www.guerini.it\/index.php\/prodotto\/search-funds\/#breadcrumb"},"inLanguage":"it-IT","potentialAction":[{"@type":"ReadAction","target":["https:\/\/www.guerini.it\/index.php\/prodotto\/search-funds\/"]}]},{"@type":"ImageObject","inLanguage":"it-IT","@id":"https:\/\/www.guerini.it\/index.php\/prodotto\/search-funds\/#primaryimage","url":"https:\/\/www.guerini.it\/wp-content\/uploads\/2019\/09\/search_funds_sito.jpg","contentUrl":"https:\/\/www.guerini.it\/wp-content\/uploads\/2019\/09\/search_funds_sito.jpg","width":235,"height":353,"caption":"Search funds"},{"@type":"BreadcrumbList","@id":"https:\/\/www.guerini.it\/index.php\/prodotto\/search-funds\/#breadcrumb","itemListElement":[{"@type":"ListItem","position":1,"name":"Home","item":"https:\/\/www.guerini.it\/"},{"@type":"ListItem","position":2,"name":"Catalogo","item":"https:\/\/www.guerini.it\/index.php\/negozio\/"},{"@type":"ListItem","position":3,"name":"Search funds"}]},{"@type":"WebSite","@id":"https:\/\/www.guerini.it\/#website","url":"https:\/\/www.guerini.it\/","name":"Guerini e Associati","description":"30 anni di libri, idee e libert\u00e0","publisher":{"@id":"https:\/\/www.guerini.it\/#organization"},"potentialAction":[{"@type":"SearchAction","target":{"@type":"EntryPoint","urlTemplate":"https:\/\/www.guerini.it\/?s={search_term_string}"},"query-input":{"@type":"PropertyValueSpecification","valueRequired":true,"valueName":"search_term_string"}}],"inLanguage":"it-IT"},{"@type":"Organization","@id":"https:\/\/www.guerini.it\/#organization","name":"Guerini e Associati","url":"https:\/\/www.guerini.it\/","logo":{"@type":"ImageObject","inLanguage":"it-IT","@id":"https:\/\/www.guerini.it\/#\/schema\/logo\/image\/","url":"https:\/\/www.guerini.it\/wp-content\/uploads\/2021\/03\/Logo-Guerini-OK_-e1615831292285.png","contentUrl":"https:\/\/www.guerini.it\/wp-content\/uploads\/2021\/03\/Logo-Guerini-OK_-e1615831292285.png","width":2805,"height":1870,"caption":"Guerini e Associati"},"image":{"@id":"https:\/\/www.guerini.it\/#\/schema\/logo\/image\/"}}]}},"_links":{"self":[{"href":"https:\/\/www.guerini.it\/index.php\/wp-json\/wp\/v2\/product\/16347","targetHints":{"allow":["GET"]}}],"collection":[{"href":"https:\/\/www.guerini.it\/index.php\/wp-json\/wp\/v2\/product"}],"about":[{"href":"https:\/\/www.guerini.it\/index.php\/wp-json\/wp\/v2\/types\/product"}],"wp:featuredmedia":[{"embeddable":true,"href":"https:\/\/www.guerini.it\/index.php\/wp-json\/wp\/v2\/media\/16346"}],"wp:attachment":[{"href":"https:\/\/www.guerini.it\/index.php\/wp-json\/wp\/v2\/media?parent=16347"}],"wp:term":[{"taxonomy":"product_brand","embeddable":true,"href":"https:\/\/www.guerini.it\/index.php\/wp-json\/wp\/v2\/product_brand?post=16347"},{"taxonomy":"product_cat","embeddable":true,"href":"https:\/\/www.guerini.it\/index.php\/wp-json\/wp\/v2\/product_cat?post=16347"},{"taxonomy":"product_tag","embeddable":true,"href":"https:\/\/www.guerini.it\/index.php\/wp-json\/wp\/v2\/product_tag?post=16347"}],"curies":[{"name":"wp","href":"https:\/\/api.w.org\/{rel}","templated":true}]}}