{"id":16349,"date":"2019-09-24T08:49:41","date_gmt":"2019-09-24T06:49:41","guid":{"rendered":"https:\/\/test.guerini.it\/?product=racconti-della-notte-da-leggere-di-giorno"},"modified":"2024-06-12T14:40:49","modified_gmt":"2024-06-12T12:40:49","slug":"racconti-della-notte-da-leggere-di-giorno","status":"publish","type":"product","link":"https:\/\/www.guerini.it\/index.php\/prodotto\/racconti-della-notte-da-leggere-di-giorno\/","title":{"rendered":"Racconti della notte da leggere di giorno"},"content":{"rendered":"<p style=\"text-align: justify;\">Un\u2019antologia divertente e scanzonata, uno zibaldone di storie per funamboli della lettura. Strizzando l\u2019occhio all\u2019umorista americano David Sedaris, Reggia traccia uno spazio lucido e surreale per chi ha voglia di tuffarsi nelle pagine di un libro bizzarro, scritto di notte ma da leggere rigorosamente di giorno, per sfuggire alla malinconia e accogliere il buonumore. Sono storie di lavoro, d\u2019amore, di incontri sbagliati, allucinazioni notturne sempre in equilibrio precario tra reale e assurdo. Un ladruncolo sfigato, un narratore di poche parole, un feroce fancazzista-interista leninista-tabagista: personaggi eccentrici, vitali e indimenticabili che ci invitano a variare continuamente punto di vista, per osservarci e osservare il mondo sovvertendo l\u2019ovvio: cos\u00ec, il finale sar\u00e0 sempre un colpo di scena. Il libro \u00e8 poi corredato e completato dai pensieri molesti di Cicero: strambi e a volte enigmatici nonsense, che sbrogliano la comicit\u00e0 intelligente e disincantata dell\u2019autore in una parodia grottesca della realt\u00e0.<\/p>\n","protected":false},"excerpt":{"rendered":"<p>Un\u2019antologia divertente e scanzonata, uno zibaldone di storie per funamboli della lettura. Strizzando l\u2019occhio all\u2019umorista americano David Sedaris, Reggia traccia uno spazio lucido e surreale per chi ha voglia di tuffarsi nelle pagine di un libro bizzarro, scritto di notte ma da leggere rigorosamente di giorno, per sfuggire alla malinconia e accogliere il buonumore. Sono storie di lavoro, d\u2019amore, di incontri sbagliati, allucinazioni notturne sempre in equilibrio precario tra reale e assurdo. Un ladruncolo sfigato, un narratore di poche parole, un feroce fancazzista-interista leninista-tabagista: personaggi eccentrici, vitali e indimenticabili che ci invitano a variare continuamente punto di vista, per osservarci e osservare il mondo sovvertendo l\u2019ovvio: cos\u00ec, il finale sar\u00e0 sempre un colpo di scena. Il libro \u00e8 poi corredato e completato dai pensieri molesti di Cicero: strambi e a volte enigmatici nonsense, che sbrogliano la comicit\u00e0 intelligente e disincantata dell\u2019autore in una parodia grottesca della realt\u00e0.<\/p>\n","protected":false},"featured_media":16348,"template":"","meta":{"_editorskit_title_hidden":false,"_editorskit_reading_time":0,"_editorskit_is_block_options_detached":false,"_editorskit_block_options_position":"{}","_monsterinsights_skip_tracking":false,"_monsterinsights_sitenote_active":false,"_monsterinsights_sitenote_note":"","_monsterinsights_sitenote_category":0},"product_brand":[],"product_cat":[6533],"product_tag":[],"class_list":{"0":"post-16349","1":"product","2":"type-product","3":"status-publish","4":"has-post-thumbnail","6":"product_cat-lingue-e-letteratura","7":"pa_fulfillment-default","8":"pa_guerini_amazon_link-https-www-amazon-it-racconti-florilegio-narrazioni-surreali-pensieri-dp-8862507674","9":"pa_guerini_ibs_link-https-www-ibs-it-racconti-della-notte-da-leggere-libro-ezio-paolo-reggia-e-9788862507677","10":"pa_guerini_link_amazon-fe-httpswwwamazonitdpb07ybrbq","11":"pa_guerini_link_apple_ibook-91-httpsbooksapplecomitbookra","12":"pa_guerini_link_bookrepublic-21-httpswwwbookrepublicitbook","13":"pa_guerini_link_giunti_punto-b0-httpswwwgiuntialpuntoitpro","14":"pa_guerini_link_google_play-fc-httpsplaygooglecomstoreboo","15":"pa_guerini_link_kobo-4c-httpswwwkobocomititebookra","16":"pa_guerini_link_lafeltrinelli-e6-httpswwwlafeltrinelliitebo","18":"first","19":"instock","20":"sale","21":"shipping-taxable","22":"purchasable","23":"product-type-simple"},"yoast_head":"<!-- This site is optimized with the Yoast SEO plugin v25.4 - https:\/\/yoast.com\/wordpress\/plugins\/seo\/ -->\n<title>Racconti della notte da leggere di giorno - Guerini e Associati<\/title>\n<meta name=\"robots\" content=\"index, follow, max-snippet:-1, max-image-preview:large, max-video-preview:-1\" \/>\n<link rel=\"canonical\" href=\"https:\/\/www.guerini.it\/index.php\/prodotto\/racconti-della-notte-da-leggere-di-giorno\/\" \/>\n<meta property=\"og:locale\" content=\"it_IT\" \/>\n<meta property=\"og:type\" content=\"article\" \/>\n<meta property=\"og:title\" content=\"Racconti della notte da leggere di giorno - Guerini e Associati\" \/>\n<meta property=\"og:description\" content=\"Un\u2019antologia divertente e scanzonata, uno zibaldone di storie per funamboli della lettura. Strizzando l\u2019occhio all\u2019umorista americano David Sedaris, Reggia traccia uno spazio lucido e surreale per chi ha voglia di tuffarsi nelle pagine di un libro bizzarro, scritto di notte ma da leggere rigorosamente di giorno, per sfuggire alla malinconia e accogliere il buonumore. Sono storie di lavoro, d\u2019amore, di incontri sbagliati, allucinazioni notturne sempre in equilibrio precario tra reale e assurdo. Un ladruncolo sfigato, un narratore di poche parole, un feroce fancazzista-interista leninista-tabagista: personaggi eccentrici, vitali e indimenticabili che ci invitano a variare continuamente punto di vista, per osservarci e osservare il mondo sovvertendo l\u2019ovvio: cos\u00ec, il finale sar\u00e0 sempre un colpo di scena. Il libro \u00e8 poi corredato e completato dai pensieri molesti di Cicero: strambi e a volte enigmatici nonsense, che sbrogliano la comicit\u00e0 intelligente e disincantata dell\u2019autore in una parodia grottesca della realt\u00e0.\" \/>\n<meta property=\"og:url\" content=\"https:\/\/www.guerini.it\/index.php\/prodotto\/racconti-della-notte-da-leggere-di-giorno\/\" \/>\n<meta property=\"og:site_name\" content=\"Guerini e Associati\" \/>\n<meta property=\"article:modified_time\" content=\"2024-06-12T12:40:49+00:00\" \/>\n<meta property=\"og:image\" content=\"https:\/\/www.guerini.it\/wp-content\/uploads\/2019\/09\/racconti_della_notte_sito.png\" \/>\n\t<meta property=\"og:image:width\" content=\"228\" \/>\n\t<meta property=\"og:image:height\" content=\"353\" \/>\n\t<meta property=\"og:image:type\" content=\"image\/png\" \/>\n<meta name=\"twitter:card\" content=\"summary_large_image\" \/>\n<meta name=\"twitter:label1\" content=\"Tempo di lettura stimato\" \/>\n\t<meta name=\"twitter:data1\" content=\"1 minuto\" \/>\n<!-- \/ Yoast SEO plugin. -->","yoast_head_json":{"title":"Racconti della notte da leggere di giorno - Guerini e Associati","robots":{"index":"index","follow":"follow","max-snippet":"max-snippet:-1","max-image-preview":"max-image-preview:large","max-video-preview":"max-video-preview:-1"},"canonical":"https:\/\/www.guerini.it\/index.php\/prodotto\/racconti-della-notte-da-leggere-di-giorno\/","og_locale":"it_IT","og_type":"article","og_title":"Racconti della notte da leggere di giorno - Guerini e Associati","og_description":"Un\u2019antologia divertente e scanzonata, uno zibaldone di storie per funamboli della lettura. Strizzando l\u2019occhio all\u2019umorista americano David Sedaris, Reggia traccia uno spazio lucido e surreale per chi ha voglia di tuffarsi nelle pagine di un libro bizzarro, scritto di notte ma da leggere rigorosamente di giorno, per sfuggire alla malinconia e accogliere il buonumore. Sono storie di lavoro, d\u2019amore, di incontri sbagliati, allucinazioni notturne sempre in equilibrio precario tra reale e assurdo. Un ladruncolo sfigato, un narratore di poche parole, un feroce fancazzista-interista leninista-tabagista: personaggi eccentrici, vitali e indimenticabili che ci invitano a variare continuamente punto di vista, per osservarci e osservare il mondo sovvertendo l\u2019ovvio: cos\u00ec, il finale sar\u00e0 sempre un colpo di scena. Il libro \u00e8 poi corredato e completato dai pensieri molesti di Cicero: strambi e a volte enigmatici nonsense, che sbrogliano la comicit\u00e0 intelligente e disincantata dell\u2019autore in una parodia grottesca della realt\u00e0.","og_url":"https:\/\/www.guerini.it\/index.php\/prodotto\/racconti-della-notte-da-leggere-di-giorno\/","og_site_name":"Guerini e Associati","article_modified_time":"2024-06-12T12:40:49+00:00","og_image":[{"width":228,"height":353,"url":"https:\/\/www.guerini.it\/wp-content\/uploads\/2019\/09\/racconti_della_notte_sito.png","type":"image\/png"}],"twitter_card":"summary_large_image","twitter_misc":{"Tempo di lettura stimato":"1 minuto"},"schema":{"@context":"https:\/\/schema.org","@graph":[{"@type":"WebPage","@id":"https:\/\/www.guerini.it\/index.php\/prodotto\/racconti-della-notte-da-leggere-di-giorno\/","url":"https:\/\/www.guerini.it\/index.php\/prodotto\/racconti-della-notte-da-leggere-di-giorno\/","name":"Racconti della notte da leggere di giorno - Guerini e Associati","isPartOf":{"@id":"https:\/\/www.guerini.it\/#website"},"primaryImageOfPage":{"@id":"https:\/\/www.guerini.it\/index.php\/prodotto\/racconti-della-notte-da-leggere-di-giorno\/#primaryimage"},"image":{"@id":"https:\/\/www.guerini.it\/index.php\/prodotto\/racconti-della-notte-da-leggere-di-giorno\/#primaryimage"},"thumbnailUrl":"https:\/\/www.guerini.it\/wp-content\/uploads\/2019\/09\/racconti_della_notte_sito.png","datePublished":"2019-09-24T06:49:41+00:00","dateModified":"2024-06-12T12:40:49+00:00","breadcrumb":{"@id":"https:\/\/www.guerini.it\/index.php\/prodotto\/racconti-della-notte-da-leggere-di-giorno\/#breadcrumb"},"inLanguage":"it-IT","potentialAction":[{"@type":"ReadAction","target":["https:\/\/www.guerini.it\/index.php\/prodotto\/racconti-della-notte-da-leggere-di-giorno\/"]}]},{"@type":"ImageObject","inLanguage":"it-IT","@id":"https:\/\/www.guerini.it\/index.php\/prodotto\/racconti-della-notte-da-leggere-di-giorno\/#primaryimage","url":"https:\/\/www.guerini.it\/wp-content\/uploads\/2019\/09\/racconti_della_notte_sito.png","contentUrl":"https:\/\/www.guerini.it\/wp-content\/uploads\/2019\/09\/racconti_della_notte_sito.png","width":228,"height":353,"caption":"Racconti della notte da leggere di giorno"},{"@type":"BreadcrumbList","@id":"https:\/\/www.guerini.it\/index.php\/prodotto\/racconti-della-notte-da-leggere-di-giorno\/#breadcrumb","itemListElement":[{"@type":"ListItem","position":1,"name":"Home","item":"https:\/\/www.guerini.it\/"},{"@type":"ListItem","position":2,"name":"Catalogo","item":"https:\/\/www.guerini.it\/index.php\/negozio\/"},{"@type":"ListItem","position":3,"name":"Racconti della notte da leggere di giorno"}]},{"@type":"WebSite","@id":"https:\/\/www.guerini.it\/#website","url":"https:\/\/www.guerini.it\/","name":"Guerini e Associati","description":"30 anni di libri, idee e libert\u00e0","publisher":{"@id":"https:\/\/www.guerini.it\/#organization"},"potentialAction":[{"@type":"SearchAction","target":{"@type":"EntryPoint","urlTemplate":"https:\/\/www.guerini.it\/?s={search_term_string}"},"query-input":{"@type":"PropertyValueSpecification","valueRequired":true,"valueName":"search_term_string"}}],"inLanguage":"it-IT"},{"@type":"Organization","@id":"https:\/\/www.guerini.it\/#organization","name":"Guerini e Associati","url":"https:\/\/www.guerini.it\/","logo":{"@type":"ImageObject","inLanguage":"it-IT","@id":"https:\/\/www.guerini.it\/#\/schema\/logo\/image\/","url":"https:\/\/www.guerini.it\/wp-content\/uploads\/2021\/03\/Logo-Guerini-OK_-e1615831292285.png","contentUrl":"https:\/\/www.guerini.it\/wp-content\/uploads\/2021\/03\/Logo-Guerini-OK_-e1615831292285.png","width":2805,"height":1870,"caption":"Guerini e Associati"},"image":{"@id":"https:\/\/www.guerini.it\/#\/schema\/logo\/image\/"}}]}},"_links":{"self":[{"href":"https:\/\/www.guerini.it\/index.php\/wp-json\/wp\/v2\/product\/16349","targetHints":{"allow":["GET"]}}],"collection":[{"href":"https:\/\/www.guerini.it\/index.php\/wp-json\/wp\/v2\/product"}],"about":[{"href":"https:\/\/www.guerini.it\/index.php\/wp-json\/wp\/v2\/types\/product"}],"wp:featuredmedia":[{"embeddable":true,"href":"https:\/\/www.guerini.it\/index.php\/wp-json\/wp\/v2\/media\/16348"}],"wp:attachment":[{"href":"https:\/\/www.guerini.it\/index.php\/wp-json\/wp\/v2\/media?parent=16349"}],"wp:term":[{"taxonomy":"product_brand","embeddable":true,"href":"https:\/\/www.guerini.it\/index.php\/wp-json\/wp\/v2\/product_brand?post=16349"},{"taxonomy":"product_cat","embeddable":true,"href":"https:\/\/www.guerini.it\/index.php\/wp-json\/wp\/v2\/product_cat?post=16349"},{"taxonomy":"product_tag","embeddable":true,"href":"https:\/\/www.guerini.it\/index.php\/wp-json\/wp\/v2\/product_tag?post=16349"}],"curies":[{"name":"wp","href":"https:\/\/api.w.org\/{rel}","templated":true}]}}