{"id":16355,"date":"2019-10-02T13:51:43","date_gmt":"2019-10-02T11:51:43","guid":{"rendered":"https:\/\/test.guerini.it\/?product=le-religioni-le-sfide-del-futuro"},"modified":"2024-06-12T14:40:48","modified_gmt":"2024-06-12T12:40:48","slug":"le-religioni-le-sfide-del-futuro","status":"publish","type":"product","link":"https:\/\/www.guerini.it\/index.php\/prodotto\/le-religioni-le-sfide-del-futuro\/","title":{"rendered":"Le religioni e le sfide del futuro"},"content":{"rendered":"<p style=\"text-align: center;\"><em>\u00abQuale contributo daranno le religioni all\u2019umanit\u00e0 per affrontare le grandi sfide della nostra epoca? Dalla rivoluzione digitale alla questione ambientale, dalla scienza che potr\u00e0 manipolare la vita alle minacce degli armamenti nucleari. La possibilit\u00e0 di cambiare l\u2019economia, governare il clima, costruire una pace duratura \u00e8 ancora nelle nostre mani\u00bb.<\/em><\/p>\n<p style=\"text-align: justify;\">La religiosit\u00e0 nel mondo nel suo complesso \u00e8 in aumento. Non in Occidente, dove la fede si personalizza e spesso \u00e8 vissuta anche come non appartenenza a una Chiesa, ma a una identit\u00e0, a una tradizione da proteggere contro le \u00abinvasioni\u00bb. La ricerca di ci\u00f2 che unisce, del dialogo fra credenti di varie religioni e non credenti, del confronto sui valori comuni pu\u00f2 portare alla condivisione di un\u2019etica universale per costruire insieme una via di salvezza spirituale e materiale del pianeta. Questo libro d\u00e0 voce a chi crede che questa via sia percorribile, senza chiudersi dentro dogmi o pregiudizi secolari, sia esso cristiano, musulmano, ebreo, di altre fedi o di culture non religiose. La reciproca conoscenza pu\u00f2 solo aiutare tutti\u2013 credenti e non credenti, laici e uomini di religione \u2013 a stabilire una convivenza democratica arricchita dall\u2019apporto di comprensione, volont\u00e0 di pace, apertura al futuro. Queste pagine, esplorazione corale del sacro nel mondo, vogliono essere un passo in questa direzione.<\/p>\n<p style=\"text-align: justify;\"><strong>Vannino Chiti<\/strong>, studioso del movimento cattolico, vanta una lunga esperienza politica e amministrativa. Gi\u00e0 senatore del Partito Democratico, Sindaco di Pistoia e Presidente della Regione Toscana. \u00c8 stato sottosegretario alla Presidenza del Consiglio nel governo Amato, Ministro per i rapporti con il Parlamento e le riforme istituzionali del governo Prodi e vicepresidente del Senato della Repubblica. Attualmente \u00e8 membro della commissione accademica della Scuola di formazione per il dialogo interreligioso e interculturale di Firenze e collabora con la rivista<em> Testimonianze<\/em>. Autore di libri e saggi politici, per le edizioni Guerini e Associati ha pubblicato <em>Buon governo. Un mito? Le regioni rosse tra leggenda e realt\u00e0<\/em> (2015) e <em>Democrazia nel futuro <\/em>(2018).<\/p>\n<p style=\"text-align: justify;\">\n<p style=\"text-align: justify;\"><strong>Permalink:\u00a0<a href=\"http:\/\/digital.casalini.it\/9788881953516\">http:\/\/digital.casalini.it\/9788881953516<\/a><\/strong><\/p>\n","protected":false},"excerpt":{"rendered":"<p>La religiosit\u00e0 nel mondo nel suo complesso \u00e8 in aumento. Non in Occidente, dove la fede si personalizza e spesso \u00e8 vissuta anche come non appartenenza a una Chiesa, ma a una identit\u00e0, a una tradizione da proteggere contro le \u00abinvasioni\u00bb.<br \/>\nLa ricerca di ci\u00f2 che unisce, del dialogo fra credenti di varie religioni e non credenti, del confronto sui valori comuni pu\u00f2 portare alla condivisione di un\u2019etica universale per costruire insieme una via di salvezza spirituale e materiale del pianeta.<br \/>\nQuesto libro d\u00e0 voce a chi crede che questa via sia percorribile, senza chiudersi dentro dogmi o pregiudizi secolari, sia esso cristiano, musulmano, ebreo, di altre fedi o di culture non religiose.<br \/>\nLa reciproca conoscenza pu\u00f2 solo aiutare tutti\u2013 credenti e non credenti, laici e uomini di religione \u2013 a stabilire una convivenza democratica arricchita dall\u2019apporto di comprensione, volont\u00e0 di pace, apertura al futuro. Queste pagine, esplorazione corale del sacro nel mondo, vogliono essere un passo in questa direzione.<\/p>\n","protected":false},"featured_media":16354,"template":"","meta":{"_editorskit_title_hidden":false,"_editorskit_reading_time":0,"_editorskit_is_block_options_detached":false,"_editorskit_block_options_position":"{}","_monsterinsights_skip_tracking":false,"_monsterinsights_sitenote_active":false,"_monsterinsights_sitenote_note":"","_monsterinsights_sitenote_category":0},"product_brand":[],"product_cat":[6585,6527],"product_tag":[],"class_list":{"0":"post-16355","1":"product","2":"type-product","3":"status-publish","4":"has-post-thumbnail","6":"product_cat-sma","7":"product_cat-attualita","8":"pa_fulfillment-default","9":"pa_guerini_amazon_link-fd-httpswwwamazonitreligioni_","10":"pa_guerini_feltrinelli_link-cc-httpswwwawin1comcreadphpaw","11":"pa_guerini_ibs_link-https-www-ibs-it-religioni-sfide-del-futuro-per-libro-vannino-chiti-e-9788862507578","12":"pa_guerini_libruniver_link-73-httpswwwlibreriauniversita","13":"pa_guerini_link_amazon-ce-httpswwwamazonitdpb07zhsyk","14":"pa_guerini_link_apple_ibook-ef-httpsbooksapplecomitbookle","15":"pa_guerini_link_google_play-33-httpsplaygooglecomstoreboo","16":"pa_guerini_link_ibs-40-httpswwwawin1comcreadphpaw","17":"pa_guerini_link_kobo-6a-httpswwwkobocomititebookle","18":"pa_guerini_link_lafeltrinelli-f1-httpswwwawin1comcreadphpaw","19":"pa_guerini_mondadori_link-10-httpswwwmondadoristoreitre","21":"first","22":"instock","23":"sale","24":"shipping-taxable","25":"purchasable","26":"product-type-simple"},"yoast_head":"<!-- This site is optimized with the Yoast SEO plugin v25.4 - https:\/\/yoast.com\/wordpress\/plugins\/seo\/ -->\n<title>Le religioni e le sfide del futuro - Guerini e Associati<\/title>\n<meta name=\"robots\" content=\"index, follow, max-snippet:-1, max-image-preview:large, max-video-preview:-1\" \/>\n<link rel=\"canonical\" href=\"https:\/\/www.guerini.it\/index.php\/prodotto\/le-religioni-le-sfide-del-futuro\/\" \/>\n<meta property=\"og:locale\" content=\"it_IT\" \/>\n<meta property=\"og:type\" content=\"article\" \/>\n<meta property=\"og:title\" content=\"Le religioni e le sfide del futuro - Guerini e Associati\" \/>\n<meta property=\"og:description\" content=\"La religiosit\u00e0 nel mondo nel suo complesso \u00e8 in aumento. Non in Occidente, dove la fede si personalizza e spesso \u00e8 vissuta anche come non appartenenza a una Chiesa, ma a una identit\u00e0, a una tradizione da proteggere contro le \u00abinvasioni\u00bb. La ricerca di ci\u00f2 che unisce, del dialogo fra credenti di varie religioni e non credenti, del confronto sui valori comuni pu\u00f2 portare alla condivisione di un\u2019etica universale per costruire insieme una via di salvezza spirituale e materiale del pianeta. Questo libro d\u00e0 voce a chi crede che questa via sia percorribile, senza chiudersi dentro dogmi o pregiudizi secolari, sia esso cristiano, musulmano, ebreo, di altre fedi o di culture non religiose. La reciproca conoscenza pu\u00f2 solo aiutare tutti\u2013 credenti e non credenti, laici e uomini di religione \u2013 a stabilire una convivenza democratica arricchita dall\u2019apporto di comprensione, volont\u00e0 di pace, apertura al futuro. Queste pagine, esplorazione corale del sacro nel mondo, vogliono essere un passo in questa direzione.\" \/>\n<meta property=\"og:url\" content=\"https:\/\/www.guerini.it\/index.php\/prodotto\/le-religioni-le-sfide-del-futuro\/\" \/>\n<meta property=\"og:site_name\" content=\"Guerini e Associati\" \/>\n<meta property=\"article:modified_time\" content=\"2024-06-12T12:40:48+00:00\" \/>\n<meta property=\"og:image\" content=\"https:\/\/www.guerini.it\/wp-content\/uploads\/2019\/10\/religioni_e_le_sfide_del_futuro_sito.jpg\" \/>\n\t<meta property=\"og:image:width\" content=\"235\" \/>\n\t<meta property=\"og:image:height\" content=\"353\" \/>\n\t<meta property=\"og:image:type\" content=\"image\/jpeg\" \/>\n<meta name=\"twitter:card\" content=\"summary_large_image\" \/>\n<meta name=\"twitter:label1\" content=\"Tempo di lettura stimato\" \/>\n\t<meta name=\"twitter:data1\" content=\"2 minuti\" \/>\n<!-- \/ Yoast SEO plugin. -->","yoast_head_json":{"title":"Le religioni e le sfide del futuro - Guerini e Associati","robots":{"index":"index","follow":"follow","max-snippet":"max-snippet:-1","max-image-preview":"max-image-preview:large","max-video-preview":"max-video-preview:-1"},"canonical":"https:\/\/www.guerini.it\/index.php\/prodotto\/le-religioni-le-sfide-del-futuro\/","og_locale":"it_IT","og_type":"article","og_title":"Le religioni e le sfide del futuro - Guerini e Associati","og_description":"La religiosit\u00e0 nel mondo nel suo complesso \u00e8 in aumento. Non in Occidente, dove la fede si personalizza e spesso \u00e8 vissuta anche come non appartenenza a una Chiesa, ma a una identit\u00e0, a una tradizione da proteggere contro le \u00abinvasioni\u00bb. La ricerca di ci\u00f2 che unisce, del dialogo fra credenti di varie religioni e non credenti, del confronto sui valori comuni pu\u00f2 portare alla condivisione di un\u2019etica universale per costruire insieme una via di salvezza spirituale e materiale del pianeta. Questo libro d\u00e0 voce a chi crede che questa via sia percorribile, senza chiudersi dentro dogmi o pregiudizi secolari, sia esso cristiano, musulmano, ebreo, di altre fedi o di culture non religiose. La reciproca conoscenza pu\u00f2 solo aiutare tutti\u2013 credenti e non credenti, laici e uomini di religione \u2013 a stabilire una convivenza democratica arricchita dall\u2019apporto di comprensione, volont\u00e0 di pace, apertura al futuro. Queste pagine, esplorazione corale del sacro nel mondo, vogliono essere un passo in questa direzione.","og_url":"https:\/\/www.guerini.it\/index.php\/prodotto\/le-religioni-le-sfide-del-futuro\/","og_site_name":"Guerini e Associati","article_modified_time":"2024-06-12T12:40:48+00:00","og_image":[{"width":235,"height":353,"url":"https:\/\/www.guerini.it\/wp-content\/uploads\/2019\/10\/religioni_e_le_sfide_del_futuro_sito.jpg","type":"image\/jpeg"}],"twitter_card":"summary_large_image","twitter_misc":{"Tempo di lettura stimato":"2 minuti"},"schema":{"@context":"https:\/\/schema.org","@graph":[{"@type":"WebPage","@id":"https:\/\/www.guerini.it\/index.php\/prodotto\/le-religioni-le-sfide-del-futuro\/","url":"https:\/\/www.guerini.it\/index.php\/prodotto\/le-religioni-le-sfide-del-futuro\/","name":"Le religioni e le sfide del futuro - Guerini e Associati","isPartOf":{"@id":"https:\/\/www.guerini.it\/#website"},"primaryImageOfPage":{"@id":"https:\/\/www.guerini.it\/index.php\/prodotto\/le-religioni-le-sfide-del-futuro\/#primaryimage"},"image":{"@id":"https:\/\/www.guerini.it\/index.php\/prodotto\/le-religioni-le-sfide-del-futuro\/#primaryimage"},"thumbnailUrl":"https:\/\/www.guerini.it\/wp-content\/uploads\/2019\/10\/religioni_e_le_sfide_del_futuro_sito.jpg","datePublished":"2019-10-02T11:51:43+00:00","dateModified":"2024-06-12T12:40:48+00:00","breadcrumb":{"@id":"https:\/\/www.guerini.it\/index.php\/prodotto\/le-religioni-le-sfide-del-futuro\/#breadcrumb"},"inLanguage":"it-IT","potentialAction":[{"@type":"ReadAction","target":["https:\/\/www.guerini.it\/index.php\/prodotto\/le-religioni-le-sfide-del-futuro\/"]}]},{"@type":"ImageObject","inLanguage":"it-IT","@id":"https:\/\/www.guerini.it\/index.php\/prodotto\/le-religioni-le-sfide-del-futuro\/#primaryimage","url":"https:\/\/www.guerini.it\/wp-content\/uploads\/2019\/10\/religioni_e_le_sfide_del_futuro_sito.jpg","contentUrl":"https:\/\/www.guerini.it\/wp-content\/uploads\/2019\/10\/religioni_e_le_sfide_del_futuro_sito.jpg","width":235,"height":353,"caption":"Le religioni e le sfide del futuro"},{"@type":"BreadcrumbList","@id":"https:\/\/www.guerini.it\/index.php\/prodotto\/le-religioni-le-sfide-del-futuro\/#breadcrumb","itemListElement":[{"@type":"ListItem","position":1,"name":"Home","item":"https:\/\/www.guerini.it\/"},{"@type":"ListItem","position":2,"name":"Catalogo","item":"https:\/\/www.guerini.it\/index.php\/negozio\/"},{"@type":"ListItem","position":3,"name":"Le religioni e le sfide del futuro"}]},{"@type":"WebSite","@id":"https:\/\/www.guerini.it\/#website","url":"https:\/\/www.guerini.it\/","name":"Guerini e Associati","description":"30 anni di libri, idee e libert\u00e0","publisher":{"@id":"https:\/\/www.guerini.it\/#organization"},"potentialAction":[{"@type":"SearchAction","target":{"@type":"EntryPoint","urlTemplate":"https:\/\/www.guerini.it\/?s={search_term_string}"},"query-input":{"@type":"PropertyValueSpecification","valueRequired":true,"valueName":"search_term_string"}}],"inLanguage":"it-IT"},{"@type":"Organization","@id":"https:\/\/www.guerini.it\/#organization","name":"Guerini e Associati","url":"https:\/\/www.guerini.it\/","logo":{"@type":"ImageObject","inLanguage":"it-IT","@id":"https:\/\/www.guerini.it\/#\/schema\/logo\/image\/","url":"https:\/\/www.guerini.it\/wp-content\/uploads\/2021\/03\/Logo-Guerini-OK_-e1615831292285.png","contentUrl":"https:\/\/www.guerini.it\/wp-content\/uploads\/2021\/03\/Logo-Guerini-OK_-e1615831292285.png","width":2805,"height":1870,"caption":"Guerini e Associati"},"image":{"@id":"https:\/\/www.guerini.it\/#\/schema\/logo\/image\/"}}]}},"_links":{"self":[{"href":"https:\/\/www.guerini.it\/index.php\/wp-json\/wp\/v2\/product\/16355","targetHints":{"allow":["GET"]}}],"collection":[{"href":"https:\/\/www.guerini.it\/index.php\/wp-json\/wp\/v2\/product"}],"about":[{"href":"https:\/\/www.guerini.it\/index.php\/wp-json\/wp\/v2\/types\/product"}],"wp:featuredmedia":[{"embeddable":true,"href":"https:\/\/www.guerini.it\/index.php\/wp-json\/wp\/v2\/media\/16354"}],"wp:attachment":[{"href":"https:\/\/www.guerini.it\/index.php\/wp-json\/wp\/v2\/media?parent=16355"}],"wp:term":[{"taxonomy":"product_brand","embeddable":true,"href":"https:\/\/www.guerini.it\/index.php\/wp-json\/wp\/v2\/product_brand?post=16355"},{"taxonomy":"product_cat","embeddable":true,"href":"https:\/\/www.guerini.it\/index.php\/wp-json\/wp\/v2\/product_cat?post=16355"},{"taxonomy":"product_tag","embeddable":true,"href":"https:\/\/www.guerini.it\/index.php\/wp-json\/wp\/v2\/product_tag?post=16355"}],"curies":[{"name":"wp","href":"https:\/\/api.w.org\/{rel}","templated":true}]}}