{"id":16357,"date":"2019-10-02T14:04:33","date_gmt":"2019-10-02T12:04:33","guid":{"rendered":"https:\/\/test.guerini.it\/?product=il-piu-richiesto"},"modified":"2024-06-12T14:38:31","modified_gmt":"2024-06-12T12:38:31","slug":"il-piu-richiesto","status":"publish","type":"product","link":"https:\/\/www.guerini.it\/index.php\/prodotto\/il-piu-richiesto\/","title":{"rendered":"Il pi\u00f9 richiesto"},"content":{"rendered":"<p style=\"text-align: justify;\">\u00abNel tuo settore, in questo momento, ci sono professionisti che guadagnano 10 volte pi\u00f9 di te\u00bb. Un libro esplicitamente rivolto ai freelance che spiega come far parte di quell\u20191% di liberi professionisti, leader nel proprio settore, che guadagna pi\u00f9 di tutti gli altri. Perch\u00e9, in alcuni casi, non succede? Perch\u00e9 molti freelance, oggi, lavorano ancora come se fossero dei dipendenti, basando la loro carriera sulla prigionia del passaparola e dando per scontata una miniera di strumenti &#8211; di marketing, branding e comunicazione &#8211; che, solo pochi anni fa, erano accessibili solo alle multinazionali. Crescere e diventare \u00abil pi\u00f9 richiesto\u00bb implica, innanzitutto, un cambiamento mentale. Lorenzo Paoli, <em>onepercenter <\/em>nell\u2019ambito del coaching e digital strategist, propone un percorso di crescita personale strutturato su diversi livelli di consapevolezza: dagli errori pi\u00f9 comuni, alla definizione del Time to Profit (per aumentare il valore della giornata lavorativa) e della Lean Agenda (per gestire al meglio il proprio tempo e le priorit\u00e0 della vita professionale).<\/p>\n<hr \/>\n<p style=\"text-align: justify;\"><strong>Lorenzo Paoli <\/strong>\u00e8 fondatore e presidente di Novaxia, azienda di Change Management, Coaching University, scuola di Coaching con sedi in quattro citt\u00e0 italiane e Freelance Warriors, marchio che offre corsi in aula e online per lo sviluppo del business dei freelance. Si sta dedicando alla definizione di un\u2019academy digitale, perch\u00e9 un freelance non deve stare mai fermo e pu\u00f2 anche diventare imprenditore. Spesso invitato in qualit\u00e0 di keynote speaker, in Italia e all\u2019estero, collabora con <em>Millionarie <\/em>e con il magazine di Banca Mediolanum, <em>Centodieci<\/em>. \u00c8 inoltre autore, tra gli altri, di <em>Il coaching per la tua vita<\/em> (2015), <em>Il coaching per la tua startup<\/em> (2014) e<em> Programmati per perdere<\/em> (2019).<\/p>\n","protected":false},"excerpt":{"rendered":"<p>\u00abNel tuo settore, in questo momento, ci sono professionisti che guadagnano 10 volte pi\u00f9 di te\u00bb. Un libro esplicitamente rivolto ai freelance che spiega come far parte di quell\u20191% di liberi professionisti, leader nel proprio settore, che guadagna pi\u00f9 di tutti gli altri. Perch\u00e9, in alcuni casi, non succede? Perch\u00e9 molti freelance, oggi, lavorano ancora come se fossero dei dipendenti, basando la loro carriera sulla prigionia del passaparola e dando per scontata una miniera di strumenti &#8211; di marketing, branding e comunicazione &#8211; che, solo pochi anni fa, erano accessibili solo alle multinazionali. Crescere e diventare \u00abil pi\u00f9 richiesto\u00bb implica, innanzitutto, un cambiamento mentale. Lorenzo Paoli, onepercenter nell\u2019ambito del coaching e digital strategist, propone un percorso di crescita personale strutturato su diversi livelli di consapevolezza: dagli errori pi\u00f9 comuni, alla definizione del Time to Profit (per aumentare il valore della giornata lavorativa) e della Lean Agenda (per gestire al meglio il proprio tempo e le priorit\u00e0 della vita professionale).<\/p>\n","protected":false},"featured_media":16356,"template":"","meta":{"_editorskit_title_hidden":false,"_editorskit_reading_time":0,"_editorskit_is_block_options_detached":false,"_editorskit_block_options_position":"{}","_monsterinsights_skip_tracking":false,"_monsterinsights_sitenote_active":false,"_monsterinsights_sitenote_note":"","_monsterinsights_sitenote_category":0},"product_brand":[],"product_cat":[6805,6529],"product_tag":[],"class_list":{"0":"post-16357","1":"product","2":"type-product","3":"status-publish","4":"has-post-thumbnail","6":"product_cat-guerini-next","7":"product_cat-economia-e-management","8":"pa_fulfillment-fuori-catalogo","9":"pa_guerini_amazon_link-https-www-amazon-it-pi-richiesto-diventare-freelance-ricercato-dp-8868962764","10":"pa_guerini_ibs_link-https-www-ibs-it-piu-richiesto-come-diventare-freelance-libro-lorenzo-paoli-e-9788868962760","11":"pa_guerini_link_apple_ibook-cd-httpsbooksapplecomitbookpi","12":"pa_guerini_link_bookrepublic-98-httpswwwbookrepublicitbook","13":"pa_guerini_link_kobo-55-httpswwwkobocomititebookil","15":"first","16":"outofstock","17":"sale","18":"shipping-taxable","19":"purchasable","20":"product-type-simple"},"yoast_head":"<!-- This site is optimized with the Yoast SEO plugin v25.4 - https:\/\/yoast.com\/wordpress\/plugins\/seo\/ -->\n<title>Il pi\u00f9 richiesto - Guerini e Associati<\/title>\n<meta name=\"robots\" content=\"index, follow, max-snippet:-1, max-image-preview:large, max-video-preview:-1\" \/>\n<link rel=\"canonical\" href=\"https:\/\/www.guerini.it\/index.php\/prodotto\/il-piu-richiesto\/\" \/>\n<meta property=\"og:locale\" content=\"it_IT\" \/>\n<meta property=\"og:type\" content=\"article\" \/>\n<meta property=\"og:title\" content=\"Il pi\u00f9 richiesto - Guerini e Associati\" \/>\n<meta property=\"og:description\" content=\"\u00abNel tuo settore, in questo momento, ci sono professionisti che guadagnano 10 volte pi\u00f9 di te\u00bb. Un libro esplicitamente rivolto ai freelance che spiega come far parte di quell\u20191% di liberi professionisti, leader nel proprio settore, che guadagna pi\u00f9 di tutti gli altri. Perch\u00e9, in alcuni casi, non succede? Perch\u00e9 molti freelance, oggi, lavorano ancora come se fossero dei dipendenti, basando la loro carriera sulla prigionia del passaparola e dando per scontata una miniera di strumenti - di marketing, branding e comunicazione - che, solo pochi anni fa, erano accessibili solo alle multinazionali. Crescere e diventare \u00abil pi\u00f9 richiesto\u00bb implica, innanzitutto, un cambiamento mentale. Lorenzo Paoli, onepercenter nell\u2019ambito del coaching e digital strategist, propone un percorso di crescita personale strutturato su diversi livelli di consapevolezza: dagli errori pi\u00f9 comuni, alla definizione del Time to Profit (per aumentare il valore della giornata lavorativa) e della Lean Agenda (per gestire al meglio il proprio tempo e le priorit\u00e0 della vita professionale).\" \/>\n<meta property=\"og:url\" content=\"https:\/\/www.guerini.it\/index.php\/prodotto\/il-piu-richiesto\/\" \/>\n<meta property=\"og:site_name\" content=\"Guerini e Associati\" \/>\n<meta property=\"article:modified_time\" content=\"2024-06-12T12:38:31+00:00\" \/>\n<meta property=\"og:image\" content=\"https:\/\/www.guerini.it\/wp-content\/uploads\/2019\/10\/pi__richiesto_sito.jpg\" \/>\n\t<meta property=\"og:image:width\" content=\"235\" \/>\n\t<meta property=\"og:image:height\" content=\"353\" \/>\n\t<meta property=\"og:image:type\" content=\"image\/jpeg\" \/>\n<meta name=\"twitter:card\" content=\"summary_large_image\" \/>\n<meta name=\"twitter:label1\" content=\"Tempo di lettura stimato\" \/>\n\t<meta name=\"twitter:data1\" content=\"2 minuti\" \/>\n<!-- \/ Yoast SEO plugin. -->","yoast_head_json":{"title":"Il pi\u00f9 richiesto - Guerini e Associati","robots":{"index":"index","follow":"follow","max-snippet":"max-snippet:-1","max-image-preview":"max-image-preview:large","max-video-preview":"max-video-preview:-1"},"canonical":"https:\/\/www.guerini.it\/index.php\/prodotto\/il-piu-richiesto\/","og_locale":"it_IT","og_type":"article","og_title":"Il pi\u00f9 richiesto - Guerini e Associati","og_description":"\u00abNel tuo settore, in questo momento, ci sono professionisti che guadagnano 10 volte pi\u00f9 di te\u00bb. Un libro esplicitamente rivolto ai freelance che spiega come far parte di quell\u20191% di liberi professionisti, leader nel proprio settore, che guadagna pi\u00f9 di tutti gli altri. Perch\u00e9, in alcuni casi, non succede? Perch\u00e9 molti freelance, oggi, lavorano ancora come se fossero dei dipendenti, basando la loro carriera sulla prigionia del passaparola e dando per scontata una miniera di strumenti - di marketing, branding e comunicazione - che, solo pochi anni fa, erano accessibili solo alle multinazionali. Crescere e diventare \u00abil pi\u00f9 richiesto\u00bb implica, innanzitutto, un cambiamento mentale. Lorenzo Paoli, onepercenter nell\u2019ambito del coaching e digital strategist, propone un percorso di crescita personale strutturato su diversi livelli di consapevolezza: dagli errori pi\u00f9 comuni, alla definizione del Time to Profit (per aumentare il valore della giornata lavorativa) e della Lean Agenda (per gestire al meglio il proprio tempo e le priorit\u00e0 della vita professionale).","og_url":"https:\/\/www.guerini.it\/index.php\/prodotto\/il-piu-richiesto\/","og_site_name":"Guerini e Associati","article_modified_time":"2024-06-12T12:38:31+00:00","og_image":[{"width":235,"height":353,"url":"https:\/\/www.guerini.it\/wp-content\/uploads\/2019\/10\/pi__richiesto_sito.jpg","type":"image\/jpeg"}],"twitter_card":"summary_large_image","twitter_misc":{"Tempo di lettura stimato":"2 minuti"},"schema":{"@context":"https:\/\/schema.org","@graph":[{"@type":"WebPage","@id":"https:\/\/www.guerini.it\/index.php\/prodotto\/il-piu-richiesto\/","url":"https:\/\/www.guerini.it\/index.php\/prodotto\/il-piu-richiesto\/","name":"Il pi\u00f9 richiesto - Guerini e Associati","isPartOf":{"@id":"https:\/\/www.guerini.it\/#website"},"primaryImageOfPage":{"@id":"https:\/\/www.guerini.it\/index.php\/prodotto\/il-piu-richiesto\/#primaryimage"},"image":{"@id":"https:\/\/www.guerini.it\/index.php\/prodotto\/il-piu-richiesto\/#primaryimage"},"thumbnailUrl":"https:\/\/www.guerini.it\/wp-content\/uploads\/2019\/10\/pi__richiesto_sito.jpg","datePublished":"2019-10-02T12:04:33+00:00","dateModified":"2024-06-12T12:38:31+00:00","breadcrumb":{"@id":"https:\/\/www.guerini.it\/index.php\/prodotto\/il-piu-richiesto\/#breadcrumb"},"inLanguage":"it-IT","potentialAction":[{"@type":"ReadAction","target":["https:\/\/www.guerini.it\/index.php\/prodotto\/il-piu-richiesto\/"]}]},{"@type":"ImageObject","inLanguage":"it-IT","@id":"https:\/\/www.guerini.it\/index.php\/prodotto\/il-piu-richiesto\/#primaryimage","url":"https:\/\/www.guerini.it\/wp-content\/uploads\/2019\/10\/pi__richiesto_sito.jpg","contentUrl":"https:\/\/www.guerini.it\/wp-content\/uploads\/2019\/10\/pi__richiesto_sito.jpg","width":235,"height":353,"caption":"Il pi\u00f9 richiesto"},{"@type":"BreadcrumbList","@id":"https:\/\/www.guerini.it\/index.php\/prodotto\/il-piu-richiesto\/#breadcrumb","itemListElement":[{"@type":"ListItem","position":1,"name":"Home","item":"https:\/\/www.guerini.it\/"},{"@type":"ListItem","position":2,"name":"Catalogo","item":"https:\/\/www.guerini.it\/index.php\/negozio\/"},{"@type":"ListItem","position":3,"name":"Il pi\u00f9 richiesto"}]},{"@type":"WebSite","@id":"https:\/\/www.guerini.it\/#website","url":"https:\/\/www.guerini.it\/","name":"Guerini e Associati","description":"30 anni di libri, idee e libert\u00e0","publisher":{"@id":"https:\/\/www.guerini.it\/#organization"},"potentialAction":[{"@type":"SearchAction","target":{"@type":"EntryPoint","urlTemplate":"https:\/\/www.guerini.it\/?s={search_term_string}"},"query-input":{"@type":"PropertyValueSpecification","valueRequired":true,"valueName":"search_term_string"}}],"inLanguage":"it-IT"},{"@type":"Organization","@id":"https:\/\/www.guerini.it\/#organization","name":"Guerini e Associati","url":"https:\/\/www.guerini.it\/","logo":{"@type":"ImageObject","inLanguage":"it-IT","@id":"https:\/\/www.guerini.it\/#\/schema\/logo\/image\/","url":"https:\/\/www.guerini.it\/wp-content\/uploads\/2021\/03\/Logo-Guerini-OK_-e1615831292285.png","contentUrl":"https:\/\/www.guerini.it\/wp-content\/uploads\/2021\/03\/Logo-Guerini-OK_-e1615831292285.png","width":2805,"height":1870,"caption":"Guerini e Associati"},"image":{"@id":"https:\/\/www.guerini.it\/#\/schema\/logo\/image\/"}}]}},"_links":{"self":[{"href":"https:\/\/www.guerini.it\/index.php\/wp-json\/wp\/v2\/product\/16357","targetHints":{"allow":["GET"]}}],"collection":[{"href":"https:\/\/www.guerini.it\/index.php\/wp-json\/wp\/v2\/product"}],"about":[{"href":"https:\/\/www.guerini.it\/index.php\/wp-json\/wp\/v2\/types\/product"}],"wp:featuredmedia":[{"embeddable":true,"href":"https:\/\/www.guerini.it\/index.php\/wp-json\/wp\/v2\/media\/16356"}],"wp:attachment":[{"href":"https:\/\/www.guerini.it\/index.php\/wp-json\/wp\/v2\/media?parent=16357"}],"wp:term":[{"taxonomy":"product_brand","embeddable":true,"href":"https:\/\/www.guerini.it\/index.php\/wp-json\/wp\/v2\/product_brand?post=16357"},{"taxonomy":"product_cat","embeddable":true,"href":"https:\/\/www.guerini.it\/index.php\/wp-json\/wp\/v2\/product_cat?post=16357"},{"taxonomy":"product_tag","embeddable":true,"href":"https:\/\/www.guerini.it\/index.php\/wp-json\/wp\/v2\/product_tag?post=16357"}],"curies":[{"name":"wp","href":"https:\/\/api.w.org\/{rel}","templated":true}]}}