{"id":16359,"date":"2019-10-03T07:52:57","date_gmt":"2019-10-03T05:52:57","guid":{"rendered":"https:\/\/test.guerini.it\/?product=platform-society"},"modified":"2025-09-18T09:15:13","modified_gmt":"2025-09-18T07:15:13","slug":"platform-society","status":"publish","type":"product","link":"https:\/\/www.guerini.it\/index.php\/prodotto\/platform-society\/","title":{"rendered":"Platform society"},"content":{"rendered":"<p style=\"text-align: justify;\"><em>Platform Society<\/em> indaga il ruolo delle piattaforme online nelle societ\u00e0 occidentali e si interroga sulle loro logiche, i loro meccanismi di funzionamento e la possibilit\u00e0 che esse incorporino valori orientati a favorire il bene comune e non soltanto gli interessi economici privati. Sono i valori pubblici a rappresentare la vera posta in gioco nella lotta per la <em>piattaformizzazione<\/em> delle societ\u00e0. Tra questi ritroviamo naturalmente i temi della privacy e la sicurezza e protezione dei dati, ma anche temi sociali pi\u00f9 ampi: equit\u00e0, accessibilit\u00e0, controllo democratico e <em>accountability<\/em>. Il conflitto tra sistemi ideologici contrapposti coinvolge diversi attori sociali (mercato, governi, societ\u00e0 civile) ed \u00e8 analizzato osservando quattro settori strategici: informazione, trasporti, sanit\u00e0 e istruzione. Ciascuno di essi evidenzia la stretta interdipendenza tra la dimensione locale, il livello dell\u2019ecosistema delle principali piattaforme digitali e il piano geopolitico mondiale, in cui si producono scontri di potere tra mercati globali e governi (sovra)nazionali.<\/p>\n<hr \/>\n<p style=\"text-align: justify;\"><strong>Jos\u00e8 van Dijck<\/strong>\u00a0\u00e8 Professore all\u2019Universit\u00e0 di Utrecht. Precedentemente, ha insegnato Media Studies ed \u00e8 stata Preside della facolt\u00e0 di Humanities all\u2019Universit\u00e0 di Amsterdam. \u00c8 stata Presidente della Royal Netherlands Academy of Arts and Sciences. \u00c8 autrice di <em>The Culture of Connectivity. A Critical History of Social Media<\/em> (2013).<\/p>\n<p style=\"text-align: justify;\"><strong>Thomas Poell<\/strong>\u00a0\u00e8 Professore Associato di Nuovi Media e Culture Digitali all\u2019Universit\u00e0 di Amsterdam. Le sue pubblicazioni vertono principalmente sui social media, sulle proteste popolari e sul ruolo ricoperto da questi stessi media nello sviluppo di nuove forme di giornalismo. \u00c8 coautore di diversi libri, tra cui <em>The Sage Handbook of Social Media<\/em> (2018) e <em>Global Cultures of Contestation<\/em> (2017).<\/p>\n<p style=\"text-align: justify;\"><strong>Martin de Waal<\/strong>\u00a0\u00e8 ricercatore presso il gruppo di ricerca Play &amp; Civic Media della Amsterdam University of Applied Sciences. Le sue attivit\u00e0 si concentrano prevalentemente sullo studio delle relazioni tra media digitali, societ\u00e0 e cultura urbana, con uno specifico interesse per lo spazio pubblico e i media civici. Il suo testo <em>The City as Interface. How New Media are Changing the City<\/em> \u00e8 stato pubblicato nel 2012. Nel 2009 \u00e8 stato visiting scholar all\u2019M.I.T., presso il Center for Civic Media.<\/p>\n<p>&nbsp;<\/p>\n","protected":false},"excerpt":{"rendered":"<p style=\"text-align: justify;\">Platform Society indaga il ruolo delle piattaforme online nelle societ\u00e0 occidentali e si interroga sulle loro logiche, i loro meccanismi di funzionamento e la possibilit\u00e0 che esse incorporino valori orientati a favorire il bene comune e non soltanto gli interessi economici privati. Sono i valori pubblici a rappresentare la vera posta in gioco nella lotta per la <em>piattaformizzazione<\/em> delle societ\u00e0. Tra questi ritroviamo naturalmente i temi della privacy e la sicurezza e protezione dei dati, ma anche temi sociali pi\u00f9 ampi: equit\u00e0, accessibilit\u00e0, controllo democratico e<em> accountability<\/em>. Il conflitto tra sistemi ideologici contrapposti coinvolge diversi attori sociali (mercato, governi, societ\u00e0 civile) ed \u00e8 analizzato osservando quattro settori strategici: informazione, trasporti, sanit\u00e0 e istruzione. Ciascuno di essi evidenzia la stretta interdipendenza tra la dimensione locale, il livello dell\u2019ecosistema delle principali piattaforme digitali e il piano geopolitico mondiale, in cui si producono scontri di potere tra mercati globali e governi (sovra)nazionali.<\/p>\n<p>&nbsp;<\/p>\n<p>&nbsp;<\/p>\n","protected":false},"featured_media":22043,"template":"","meta":{"_editorskit_title_hidden":false,"_editorskit_reading_time":0,"_editorskit_is_block_options_detached":false,"_editorskit_block_options_position":"{}","_monsterinsights_skip_tracking":false,"_monsterinsights_sitenote_active":false,"_monsterinsights_sitenote_note":"","_monsterinsights_sitenote_category":0},"product_brand":[],"product_cat":[6582,6528],"product_tag":[],"class_list":{"0":"post-16359","1":"product","2":"type-product","3":"status-publish","4":"has-post-thumbnail","6":"product_cat-cn","7":"product_cat-comunicazione","8":"pa_guerini_amazon_link-https-www-amazon-it-platform-society-pubblici-connessa-edizione-dp-8881074265","9":"pa_guerini_feltrinelli_link-https-tidd-ly-3hcbupx","10":"pa_guerini_ibs_link-https-tidd-ly-33pbz12","11":"pa_guerini_libruniver_link-https-www-libreriauniversitaria-it-platform-society-valori-pubblici-societa-libro-9788881074266","12":"pa_guerini_mondadori_link-https-www-mondadoristore-it-platform-society-valori-jose-van-dijck-martijn-de-waal-thomas-poell-eai978888107426","14":"first","15":"instock","16":"sale","17":"shipping-taxable","18":"purchasable","19":"product-type-simple"},"yoast_head":"<!-- This site is optimized with the Yoast SEO plugin v25.4 - https:\/\/yoast.com\/wordpress\/plugins\/seo\/ -->\n<title>Platform society | Guerini Editore<\/title>\n<meta name=\"description\" content=\"Platform Society indaga il ruolo delle piattaforme online nelle societ\u00e0 occidentali e si interroga sulle loro logiche e i loro meccanismi.\" \/>\n<meta name=\"robots\" content=\"index, follow, max-snippet:-1, max-image-preview:large, max-video-preview:-1\" \/>\n<link rel=\"canonical\" href=\"https:\/\/www.guerini.it\/index.php\/prodotto\/platform-society\/\" \/>\n<meta property=\"og:locale\" content=\"it_IT\" \/>\n<meta property=\"og:type\" content=\"article\" \/>\n<meta property=\"og:title\" content=\"Platform society | Guerini Editore\" \/>\n<meta property=\"og:description\" content=\"Platform Society indaga il ruolo delle piattaforme online nelle societ\u00e0 occidentali e si interroga sulle loro logiche e i loro meccanismi.\" \/>\n<meta property=\"og:url\" content=\"https:\/\/www.guerini.it\/index.php\/prodotto\/platform-society\/\" \/>\n<meta property=\"og:site_name\" content=\"Guerini e Associati\" \/>\n<meta property=\"article:modified_time\" content=\"2025-09-18T07:15:13+00:00\" \/>\n<meta property=\"og:image\" content=\"https:\/\/www.guerini.it\/wp-content\/uploads\/2019\/10\/Front-Cover-PLATFORM-SOCIETY.jpg\" \/>\n\t<meta property=\"og:image:width\" content=\"1654\" \/>\n\t<meta property=\"og:image:height\" content=\"2480\" \/>\n\t<meta property=\"og:image:type\" content=\"image\/jpeg\" \/>\n<meta name=\"twitter:card\" content=\"summary_large_image\" \/>\n<meta name=\"twitter:label1\" content=\"Tempo di lettura stimato\" \/>\n\t<meta name=\"twitter:data1\" content=\"2 minuti\" \/>\n<!-- \/ Yoast SEO plugin. -->","yoast_head_json":{"title":"Platform society | Guerini Editore","description":"Platform Society indaga il ruolo delle piattaforme online nelle societ\u00e0 occidentali e si interroga sulle loro logiche e i loro meccanismi.","robots":{"index":"index","follow":"follow","max-snippet":"max-snippet:-1","max-image-preview":"max-image-preview:large","max-video-preview":"max-video-preview:-1"},"canonical":"https:\/\/www.guerini.it\/index.php\/prodotto\/platform-society\/","og_locale":"it_IT","og_type":"article","og_title":"Platform society | Guerini Editore","og_description":"Platform Society indaga il ruolo delle piattaforme online nelle societ\u00e0 occidentali e si interroga sulle loro logiche e i loro meccanismi.","og_url":"https:\/\/www.guerini.it\/index.php\/prodotto\/platform-society\/","og_site_name":"Guerini e Associati","article_modified_time":"2025-09-18T07:15:13+00:00","og_image":[{"width":1654,"height":2480,"url":"https:\/\/www.guerini.it\/wp-content\/uploads\/2019\/10\/Front-Cover-PLATFORM-SOCIETY.jpg","type":"image\/jpeg"}],"twitter_card":"summary_large_image","twitter_misc":{"Tempo di lettura stimato":"2 minuti"},"schema":{"@context":"https:\/\/schema.org","@graph":[{"@type":"WebPage","@id":"https:\/\/www.guerini.it\/index.php\/prodotto\/platform-society\/","url":"https:\/\/www.guerini.it\/index.php\/prodotto\/platform-society\/","name":"Platform society | Guerini Editore","isPartOf":{"@id":"https:\/\/www.guerini.it\/#website"},"primaryImageOfPage":{"@id":"https:\/\/www.guerini.it\/index.php\/prodotto\/platform-society\/#primaryimage"},"image":{"@id":"https:\/\/www.guerini.it\/index.php\/prodotto\/platform-society\/#primaryimage"},"thumbnailUrl":"https:\/\/www.guerini.it\/wp-content\/uploads\/2019\/10\/Front-Cover-PLATFORM-SOCIETY.jpg","datePublished":"2019-10-03T05:52:57+00:00","dateModified":"2025-09-18T07:15:13+00:00","description":"Platform Society indaga il ruolo delle piattaforme online nelle societ\u00e0 occidentali e si interroga sulle loro logiche e i loro meccanismi.","breadcrumb":{"@id":"https:\/\/www.guerini.it\/index.php\/prodotto\/platform-society\/#breadcrumb"},"inLanguage":"it-IT","potentialAction":[{"@type":"ReadAction","target":["https:\/\/www.guerini.it\/index.php\/prodotto\/platform-society\/"]}]},{"@type":"ImageObject","inLanguage":"it-IT","@id":"https:\/\/www.guerini.it\/index.php\/prodotto\/platform-society\/#primaryimage","url":"https:\/\/www.guerini.it\/wp-content\/uploads\/2019\/10\/Front-Cover-PLATFORM-SOCIETY.jpg","contentUrl":"https:\/\/www.guerini.it\/wp-content\/uploads\/2019\/10\/Front-Cover-PLATFORM-SOCIETY.jpg","width":1654,"height":2480,"caption":"Copertina Platform Society"},{"@type":"BreadcrumbList","@id":"https:\/\/www.guerini.it\/index.php\/prodotto\/platform-society\/#breadcrumb","itemListElement":[{"@type":"ListItem","position":1,"name":"Home","item":"https:\/\/www.guerini.it\/"},{"@type":"ListItem","position":2,"name":"Catalogo","item":"https:\/\/www.guerini.it\/index.php\/negozio\/"},{"@type":"ListItem","position":3,"name":"Platform society"}]},{"@type":"WebSite","@id":"https:\/\/www.guerini.it\/#website","url":"https:\/\/www.guerini.it\/","name":"Guerini e Associati","description":"30 anni di libri, idee e libert\u00e0","publisher":{"@id":"https:\/\/www.guerini.it\/#organization"},"potentialAction":[{"@type":"SearchAction","target":{"@type":"EntryPoint","urlTemplate":"https:\/\/www.guerini.it\/?s={search_term_string}"},"query-input":{"@type":"PropertyValueSpecification","valueRequired":true,"valueName":"search_term_string"}}],"inLanguage":"it-IT"},{"@type":"Organization","@id":"https:\/\/www.guerini.it\/#organization","name":"Guerini e Associati","url":"https:\/\/www.guerini.it\/","logo":{"@type":"ImageObject","inLanguage":"it-IT","@id":"https:\/\/www.guerini.it\/#\/schema\/logo\/image\/","url":"https:\/\/www.guerini.it\/wp-content\/uploads\/2021\/03\/Logo-Guerini-OK_-e1615831292285.png","contentUrl":"https:\/\/www.guerini.it\/wp-content\/uploads\/2021\/03\/Logo-Guerini-OK_-e1615831292285.png","width":2805,"height":1870,"caption":"Guerini e Associati"},"image":{"@id":"https:\/\/www.guerini.it\/#\/schema\/logo\/image\/"}}]}},"_links":{"self":[{"href":"https:\/\/www.guerini.it\/index.php\/wp-json\/wp\/v2\/product\/16359","targetHints":{"allow":["GET"]}}],"collection":[{"href":"https:\/\/www.guerini.it\/index.php\/wp-json\/wp\/v2\/product"}],"about":[{"href":"https:\/\/www.guerini.it\/index.php\/wp-json\/wp\/v2\/types\/product"}],"wp:featuredmedia":[{"embeddable":true,"href":"https:\/\/www.guerini.it\/index.php\/wp-json\/wp\/v2\/media\/22043"}],"wp:attachment":[{"href":"https:\/\/www.guerini.it\/index.php\/wp-json\/wp\/v2\/media?parent=16359"}],"wp:term":[{"taxonomy":"product_brand","embeddable":true,"href":"https:\/\/www.guerini.it\/index.php\/wp-json\/wp\/v2\/product_brand?post=16359"},{"taxonomy":"product_cat","embeddable":true,"href":"https:\/\/www.guerini.it\/index.php\/wp-json\/wp\/v2\/product_cat?post=16359"},{"taxonomy":"product_tag","embeddable":true,"href":"https:\/\/www.guerini.it\/index.php\/wp-json\/wp\/v2\/product_tag?post=16359"}],"curies":[{"name":"wp","href":"https:\/\/api.w.org\/{rel}","templated":true}]}}