{"id":16365,"date":"2019-10-10T11:08:29","date_gmt":"2019-10-10T09:08:29","guid":{"rendered":"https:\/\/test.guerini.it\/?product=outdoor-education"},"modified":"2025-01-13T15:17:30","modified_gmt":"2025-01-13T14:17:30","slug":"outdoor-education","status":"publish","type":"product","link":"https:\/\/www.guerini.it\/index.php\/prodotto\/outdoor-education\/","title":{"rendered":"Outdoor Education"},"content":{"rendered":"<p style=\"text-align: justify;\">L\u2019Outdoor Education (OE) si basa su una serie di proposte esperienziali condotte all\u2019aria aperta, ispirate dall\u2019assunto che il luogo sia una componente fondamentale del setting educativo. Il volume ripercorre la storia dell\u2019OE, dalle radici della cultura anglosassone fino all\u2019ascesa che attualmente l\u2019approccio sta vivendo nel nostro paese, in termini di interesse e diffusione. Se in una prima fase i programmi venivano focalizzati sullo sviluppo personale, trascurando paradossalmente l\u2019incidenza che l\u2019ambiente esterno ha sull\u2019individuo e la societ\u00e0, successivamente questa impostazione \u00e8 stata radicalmente superata dalla nuova centralit\u00e0 assunta da temi quali la sostenibilit\u00e0, gli stili di vita attivi, l\u2019inclusione. Dopo aver analizzato le condizioni che ne hanno favorito lo sviluppo e l\u2019affermazione, il testo prende in esame le pratiche pi\u00f9 rilevanti nei diversi ambiti formativi, attraverso l\u2019analisi di programmi, esperienze e idee, la cui cifra risulta essere, sia letteralmente che simbolicamente, l\u2019esplorare territori di frontiera con finalit\u00e0 formative ispirate a principi democratici.<\/p>\n<p style=\"text-align: justify;\"><strong>Alessandro Bortolotti<\/strong>, ricercatore all\u2019Universit\u00e0 di Bologna, si occupa di gioco motorio, Outdoor Education e pedagogia speciale. Attualmente \u00e8 impegnato nel sostenere percorsi formativi in outdoor, sia attraverso la rete nazionale delle Scuole all\u2019aperto, sia mediante il progetto Erasmus+ \u00abGo Out and Learn\u00bb, orientato a sviluppare processi innovativi e inclusivi di Outdoor Learning.<\/p>\n","protected":false},"excerpt":{"rendered":"<p style=\"text-align: justify;\">L\u2019Outdoor Education (OE) si basa su una serie di proposte esperienziali condotte all\u2019aria aperta, ispirate dall\u2019assunto che il luogo sia una componente fondamentale del setting educativo. Il volume ripercorre la storia dell\u2019OE, dalle radici della cultura anglosassone fino all\u2019ascesa che attualmente l\u2019approccio sta vivendo nel nostro paese, in termini di interesse e diffusione. Se in una prima fase i programmi venivano focalizzati sullo sviluppo personale, trascurando paradossalmente l\u2019incidenza che l\u2019ambiente esterno ha sull\u2019individuo e la societ\u00e0, successivamente questa impostazione \u00e8 stata radicalmente superata dalla nuova centralit\u00e0 assunta da temi quali la sostenibilit\u00e0, gli stili di vita attivi, l\u2019inclusione. Dopo aver analizzato le condizioni che ne hanno favorito lo sviluppo e l\u2019affermazione, il testo prende in esame le pratiche pi\u00f9 rilevanti nei diversi ambiti formativi, attraverso l\u2019analisi di programmi, esperienze e idee, la cui cifra risulta essere, sia letteralmente che simbolicamente, l\u2019esplorare territori di frontiera con finalit\u00e0 formative ispirate a principi democratici.<\/p>\n","protected":false},"featured_media":16364,"template":"","meta":{"_editorskit_title_hidden":false,"_editorskit_reading_time":0,"_editorskit_is_block_options_detached":false,"_editorskit_block_options_position":"{}","_monsterinsights_skip_tracking":false,"_monsterinsights_sitenote_active":false,"_monsterinsights_sitenote_note":"","_monsterinsights_sitenote_category":0},"product_brand":[],"product_cat":[6628,6536],"product_tag":[],"class_list":{"0":"post-16365","1":"product","2":"type-product","3":"status-publish","4":"has-post-thumbnail","6":"product_cat-pfs-sm","7":"product_cat-psicologia-pedagogia","8":"pa_fulfillment-default","9":"pa_guerini_amazon_link-https-www-amazon-it-outdoor-education-storia-ambiti-metodi-dp-888107429x","10":"pa_guerini_ibs_link-https-www-ibs-it-outdoor-education-storia-ambiti-metodi-libro-alessandro-bortolotti-e-9788881074297","12":"first","13":"instock","14":"sale","15":"shipping-taxable","16":"purchasable","17":"product-type-simple"},"yoast_head":"<!-- This site is optimized with the Yoast SEO plugin v25.4 - https:\/\/yoast.com\/wordpress\/plugins\/seo\/ -->\n<title>Outdoor Education - Guerini e Associati<\/title>\n<meta name=\"robots\" content=\"index, follow, max-snippet:-1, max-image-preview:large, max-video-preview:-1\" \/>\n<link rel=\"canonical\" href=\"https:\/\/www.guerini.it\/index.php\/prodotto\/outdoor-education\/\" \/>\n<meta property=\"og:locale\" content=\"it_IT\" \/>\n<meta property=\"og:type\" content=\"article\" \/>\n<meta property=\"og:title\" content=\"Outdoor Education - Guerini e Associati\" \/>\n<meta property=\"og:description\" content=\"L\u2019Outdoor Education (OE) si basa su una serie di proposte esperienziali condotte all\u2019aria aperta, ispirate dall\u2019assunto che il luogo sia una componente fondamentale del setting educativo. Il volume ripercorre la storia dell\u2019OE, dalle radici della cultura anglosassone fino all\u2019ascesa che attualmente l\u2019approccio sta vivendo nel nostro paese, in termini di interesse e diffusione. Se in una prima fase i programmi venivano focalizzati sullo sviluppo personale, trascurando paradossalmente l\u2019incidenza che l\u2019ambiente esterno ha sull\u2019individuo e la societ\u00e0, successivamente questa impostazione \u00e8 stata radicalmente superata dalla nuova centralit\u00e0 assunta da temi quali la sostenibilit\u00e0, gli stili di vita attivi, l\u2019inclusione. Dopo aver analizzato le condizioni che ne hanno favorito lo sviluppo e l\u2019affermazione, il testo prende in esame le pratiche pi\u00f9 rilevanti nei diversi ambiti formativi, attraverso l\u2019analisi di programmi, esperienze e idee, la cui cifra risulta essere, sia letteralmente che simbolicamente, l\u2019esplorare territori di frontiera con finalit\u00e0 formative ispirate a principi democratici.\" \/>\n<meta property=\"og:url\" content=\"https:\/\/www.guerini.it\/index.php\/prodotto\/outdoor-education\/\" \/>\n<meta property=\"og:site_name\" content=\"Guerini e Associati\" \/>\n<meta property=\"article:modified_time\" content=\"2025-01-13T14:17:30+00:00\" \/>\n<meta property=\"og:image\" content=\"https:\/\/www.guerini.it\/wp-content\/uploads\/2019\/10\/outdoor_education_sito.jpg\" \/>\n\t<meta property=\"og:image:width\" content=\"227\" \/>\n\t<meta property=\"og:image:height\" content=\"353\" \/>\n\t<meta property=\"og:image:type\" content=\"image\/jpeg\" \/>\n<meta name=\"twitter:card\" content=\"summary_large_image\" \/>\n<meta name=\"twitter:label1\" content=\"Tempo di lettura stimato\" \/>\n\t<meta name=\"twitter:data1\" content=\"2 minuti\" \/>\n<!-- \/ Yoast SEO plugin. -->","yoast_head_json":{"title":"Outdoor Education - Guerini e Associati","robots":{"index":"index","follow":"follow","max-snippet":"max-snippet:-1","max-image-preview":"max-image-preview:large","max-video-preview":"max-video-preview:-1"},"canonical":"https:\/\/www.guerini.it\/index.php\/prodotto\/outdoor-education\/","og_locale":"it_IT","og_type":"article","og_title":"Outdoor Education - Guerini e Associati","og_description":"L\u2019Outdoor Education (OE) si basa su una serie di proposte esperienziali condotte all\u2019aria aperta, ispirate dall\u2019assunto che il luogo sia una componente fondamentale del setting educativo. Il volume ripercorre la storia dell\u2019OE, dalle radici della cultura anglosassone fino all\u2019ascesa che attualmente l\u2019approccio sta vivendo nel nostro paese, in termini di interesse e diffusione. Se in una prima fase i programmi venivano focalizzati sullo sviluppo personale, trascurando paradossalmente l\u2019incidenza che l\u2019ambiente esterno ha sull\u2019individuo e la societ\u00e0, successivamente questa impostazione \u00e8 stata radicalmente superata dalla nuova centralit\u00e0 assunta da temi quali la sostenibilit\u00e0, gli stili di vita attivi, l\u2019inclusione. Dopo aver analizzato le condizioni che ne hanno favorito lo sviluppo e l\u2019affermazione, il testo prende in esame le pratiche pi\u00f9 rilevanti nei diversi ambiti formativi, attraverso l\u2019analisi di programmi, esperienze e idee, la cui cifra risulta essere, sia letteralmente che simbolicamente, l\u2019esplorare territori di frontiera con finalit\u00e0 formative ispirate a principi democratici.","og_url":"https:\/\/www.guerini.it\/index.php\/prodotto\/outdoor-education\/","og_site_name":"Guerini e Associati","article_modified_time":"2025-01-13T14:17:30+00:00","og_image":[{"width":227,"height":353,"url":"https:\/\/www.guerini.it\/wp-content\/uploads\/2019\/10\/outdoor_education_sito.jpg","type":"image\/jpeg"}],"twitter_card":"summary_large_image","twitter_misc":{"Tempo di lettura stimato":"2 minuti"},"schema":{"@context":"https:\/\/schema.org","@graph":[{"@type":"WebPage","@id":"https:\/\/www.guerini.it\/index.php\/prodotto\/outdoor-education\/","url":"https:\/\/www.guerini.it\/index.php\/prodotto\/outdoor-education\/","name":"Outdoor Education - Guerini e Associati","isPartOf":{"@id":"https:\/\/www.guerini.it\/#website"},"primaryImageOfPage":{"@id":"https:\/\/www.guerini.it\/index.php\/prodotto\/outdoor-education\/#primaryimage"},"image":{"@id":"https:\/\/www.guerini.it\/index.php\/prodotto\/outdoor-education\/#primaryimage"},"thumbnailUrl":"https:\/\/www.guerini.it\/wp-content\/uploads\/2019\/10\/outdoor_education_sito.jpg","datePublished":"2019-10-10T09:08:29+00:00","dateModified":"2025-01-13T14:17:30+00:00","breadcrumb":{"@id":"https:\/\/www.guerini.it\/index.php\/prodotto\/outdoor-education\/#breadcrumb"},"inLanguage":"it-IT","potentialAction":[{"@type":"ReadAction","target":["https:\/\/www.guerini.it\/index.php\/prodotto\/outdoor-education\/"]}]},{"@type":"ImageObject","inLanguage":"it-IT","@id":"https:\/\/www.guerini.it\/index.php\/prodotto\/outdoor-education\/#primaryimage","url":"https:\/\/www.guerini.it\/wp-content\/uploads\/2019\/10\/outdoor_education_sito.jpg","contentUrl":"https:\/\/www.guerini.it\/wp-content\/uploads\/2019\/10\/outdoor_education_sito.jpg","width":227,"height":353,"caption":"Outdoor Education"},{"@type":"BreadcrumbList","@id":"https:\/\/www.guerini.it\/index.php\/prodotto\/outdoor-education\/#breadcrumb","itemListElement":[{"@type":"ListItem","position":1,"name":"Home","item":"https:\/\/www.guerini.it\/"},{"@type":"ListItem","position":2,"name":"Catalogo","item":"https:\/\/www.guerini.it\/index.php\/negozio\/"},{"@type":"ListItem","position":3,"name":"Outdoor Education"}]},{"@type":"WebSite","@id":"https:\/\/www.guerini.it\/#website","url":"https:\/\/www.guerini.it\/","name":"Guerini e Associati","description":"30 anni di libri, idee e libert\u00e0","publisher":{"@id":"https:\/\/www.guerini.it\/#organization"},"potentialAction":[{"@type":"SearchAction","target":{"@type":"EntryPoint","urlTemplate":"https:\/\/www.guerini.it\/?s={search_term_string}"},"query-input":{"@type":"PropertyValueSpecification","valueRequired":true,"valueName":"search_term_string"}}],"inLanguage":"it-IT"},{"@type":"Organization","@id":"https:\/\/www.guerini.it\/#organization","name":"Guerini e Associati","url":"https:\/\/www.guerini.it\/","logo":{"@type":"ImageObject","inLanguage":"it-IT","@id":"https:\/\/www.guerini.it\/#\/schema\/logo\/image\/","url":"https:\/\/www.guerini.it\/wp-content\/uploads\/2021\/03\/Logo-Guerini-OK_-e1615831292285.png","contentUrl":"https:\/\/www.guerini.it\/wp-content\/uploads\/2021\/03\/Logo-Guerini-OK_-e1615831292285.png","width":2805,"height":1870,"caption":"Guerini e Associati"},"image":{"@id":"https:\/\/www.guerini.it\/#\/schema\/logo\/image\/"}}]}},"_links":{"self":[{"href":"https:\/\/www.guerini.it\/index.php\/wp-json\/wp\/v2\/product\/16365","targetHints":{"allow":["GET"]}}],"collection":[{"href":"https:\/\/www.guerini.it\/index.php\/wp-json\/wp\/v2\/product"}],"about":[{"href":"https:\/\/www.guerini.it\/index.php\/wp-json\/wp\/v2\/types\/product"}],"wp:featuredmedia":[{"embeddable":true,"href":"https:\/\/www.guerini.it\/index.php\/wp-json\/wp\/v2\/media\/16364"}],"wp:attachment":[{"href":"https:\/\/www.guerini.it\/index.php\/wp-json\/wp\/v2\/media?parent=16365"}],"wp:term":[{"taxonomy":"product_brand","embeddable":true,"href":"https:\/\/www.guerini.it\/index.php\/wp-json\/wp\/v2\/product_brand?post=16365"},{"taxonomy":"product_cat","embeddable":true,"href":"https:\/\/www.guerini.it\/index.php\/wp-json\/wp\/v2\/product_cat?post=16365"},{"taxonomy":"product_tag","embeddable":true,"href":"https:\/\/www.guerini.it\/index.php\/wp-json\/wp\/v2\/product_tag?post=16365"}],"curies":[{"name":"wp","href":"https:\/\/api.w.org\/{rel}","templated":true}]}}