{"id":16367,"date":"2019-10-14T07:54:24","date_gmt":"2019-10-14T05:54:24","guid":{"rendered":"https:\/\/test.guerini.it\/?product=l-avvocato-di-domani"},"modified":"2024-06-12T14:38:42","modified_gmt":"2024-06-12T12:38:42","slug":"l-avvocato-di-domani","status":"publish","type":"product","link":"https:\/\/www.guerini.it\/index.php\/prodotto\/l-avvocato-di-domani\/","title":{"rendered":"L&#8217;avvocato di domani"},"content":{"rendered":"<p style=\"text-align: justify;\">Nei prossimi anni l\u2019universo delle professioni legali conoscer\u00e0 mutamenti epocali, pi\u00f9 significativi di quelli affrontati negli ultimi due secoli. I giovani avvocati e gli studenti, ma anche gli addetti ai lavori e i professionisti del settore, devono aprire gli occhi riguardo al futuro che li aspetta. <em>L\u2019avvocato di domani <\/em>di Richard Susskind \u00e8 un testo chiave per comprendere il futuro del mondo forense e dell\u2019offerta di servizi legali in un mercato dove le frontiere si assottigliano fino a svaporare. Di fronte alla globalizzazione economica e all\u2019innovazione tecnologica, infatti, in molti hanno pensato che l\u2019elemento competitivo avrebbe assunto un ruolo sempre maggiore nella scelta dell\u2019avvocato o dello studio da cui farsi assistere, ma pochi hanno maturato la consapevolezza del fatto che la stessa professione \u00e8 al centro di una profonda crisi. Una crisi che prelude a una rivoluzione, fatta di nuovi mestieri giuridici, competenze incrociate con l\u2019informatica e con l\u2019ingegneria, ridimensionamenti numerici ed evoluzioni sostanziali. Le \u00abprofezie\u00bb di Susskind \u2013 giurista, avvocato e professore a Oxford \u2013 non hanno nulla a che fare con la fantasia. Anche se le istituzioni sono lente a recepire il cambiamento e le facolt\u00e0 giuridiche restie a adeguare i programmi al mondo in cui lavoreranno gli avvocati di domani, la metamorfosi della professione legale \u00e8 gi\u00e0 una realt\u00e0. Una realt\u00e0 fatta di tribunali e corti virtuali, studi associati che diventano colossi legali digitalizzati, consulenze online, servizi massificati, liberalizzazioni e <em>outsourcing<\/em>, ma anche nuove professioni. Con una nota molto positiva da tenere a mente. Susskind ci ricorda che, soprattutto nei casi pi\u00f9 complessi e delicati, non verr\u00e0 mai meno del tutto la necessit\u00e0 di consulenza e assistenza personalizzata: di ottimi avvocati ci sar\u00e0 sempre bisogno.<\/p>\n<hr \/>\n<p style=\"text-align: justify;\"><strong>Richard Susskind<\/strong>, giurista, professore, esperto di digitalizzazione e consigliere tecnologico del Lord Chief Justice, \u00e8 autore di libri di successo come <em>Transforming the Law, The End of Lawyers e The Future of the Professions<\/em>, finora mai pubblicati in Italia. Ha insegnato in numerose Universit\u00e0, come Oxford University, Strathclyde University e UCL. I suoi libri sono stati tradotti in pi\u00f9 di dieci lingue ed \u00e8 stato invitato a tenere conferenze in oltre quaranta paesi, tra cui l\u2019Italia.<\/p>\n","protected":false},"excerpt":{"rendered":"<p style=\"text-align: justify;\">Nei prossimi anni l\u2019universo delle professioni legali conoscer\u00e0 mutamenti epocali, pi\u00f9 significativi di quelli affrontati negli ultimi due secoli. I giovani avvocati e gli studenti, ma anche gli addetti ai lavori e i professionisti del settore, devono aprire gli occhi riguardo al futuro che li aspetta.<em> L\u2019avvocato di domani<\/em> di Richard Susskind \u00e8 un testo chiave per comprendere il futuro del mondo forense e dell\u2019offerta di servizi legali in un mercato dove le frontiere si assottigliano fino a svaporare. Di fronte alla globalizzazione economica e all\u2019innovazione tecnologica, infatti, in molti hanno pensato che l\u2019elemento competitivo avrebbe assunto un ruolo sempre maggiore nella scelta dell\u2019avvocato o dello studio da cui farsi assistere, ma pochi hanno maturato la consapevolezza del fatto che la stessa professione \u00e8 al centro di una profonda crisi. Una crisi che prelude a una rivoluzione, fatta di nuovi mestieri giuridici, competenze incrociate con l\u2019informatica e con l\u2019ingegneria, ridimensionamenti numerici ed evoluzioni sostanziali. Le \u00abprofezie\u00bb di Susskind \u2013 giurista, avvocato e professore a Oxford \u2013 non hanno nulla a che fare con la fantasia. Anche se le istituzioni sono lente a recepire il cambiamento e le facolt\u00e0 giuridiche restie a adeguare i programmi al mondo in cui lavoreranno gli avvocati di domani, la metamorfosi della professione legale \u00e8 gi\u00e0 una realt\u00e0. Una realt\u00e0 fatta di tribunali e corti virtuali, studi associati che diventano colossi legali digitalizzati, consulenze online, servizi massificati, liberalizzazioni e <em>outsourcing<\/em>, ma anche nuove professioni. Con una nota molto positiva da tenere a mente. Susskind ci ricorda che, soprattutto nei casi pi\u00f9 complessi e delicati, non verr\u00e0 mai meno del tutto la necessit\u00e0 di consulenza e assistenza personalizzata: di ottimi avvocati ci sar\u00e0 sempre bisogno.<\/p>\n","protected":false},"featured_media":16366,"template":"","meta":{"_editorskit_title_hidden":false,"_editorskit_reading_time":0,"_editorskit_is_block_options_detached":false,"_editorskit_block_options_position":"{}","_monsterinsights_skip_tracking":false,"_monsterinsights_sitenote_active":false,"_monsterinsights_sitenote_note":"","_monsterinsights_sitenote_category":0},"product_brand":[],"product_cat":[6805,6529],"product_tag":[],"class_list":{"0":"post-16367","1":"product","2":"type-product","3":"status-publish","4":"has-post-thumbnail","6":"product_cat-guerini-next","7":"product_cat-economia-e-management","8":"pa_guerini_amazon_link-41-httpswwwamazonitprofession","9":"pa_guerini_feltrinelli_link-23-httpswwwlafeltrinelliitlib","10":"pa_guerini_ibs_link-df-httpswwwibsitavvocato_di_d","11":"pa_guerini_libruniver_link-38-httpswwwlibreriauniversita","12":"pa_guerini_link_amazon-6c-httpswwwamazonitprofession","13":"pa_guerini_link_apple_ibook-1c-httpsbooksapplecomitbookla","14":"pa_guerini_link_bookrepublic-d3-httpswwwbookrepublicitbook","15":"pa_guerini_link_giunti_punto-e3-httpswwwgiuntialpuntoitpro","16":"pa_guerini_link_google_play-72-httpsplaygooglecomstoreboo","17":"pa_guerini_link_kobo-f8-httpswwwkobocomititebookl_","18":"pa_guerini_link_lafeltrinelli-83-httpswwwlafeltrinelliitebo","19":"pa_guerini_link_mondadori-04-httpswwwmondadoristoreitav","20":"pa_guerini_mondadori_link-cc-httpswwwmondadoristoreitav","22":"first","23":"instock","24":"sale","25":"shipping-taxable","26":"purchasable","27":"product-type-simple"},"yoast_head":"<!-- This site is optimized with the Yoast SEO plugin v25.4 - https:\/\/yoast.com\/wordpress\/plugins\/seo\/ -->\n<title>L&#039;avvocato di domani - Guerini e Associati<\/title>\n<meta name=\"robots\" content=\"index, follow, max-snippet:-1, max-image-preview:large, max-video-preview:-1\" \/>\n<link rel=\"canonical\" href=\"https:\/\/www.guerini.it\/index.php\/prodotto\/l-avvocato-di-domani\/\" \/>\n<meta property=\"og:locale\" content=\"it_IT\" \/>\n<meta property=\"og:type\" content=\"article\" \/>\n<meta property=\"og:title\" content=\"L&#039;avvocato di domani - Guerini e Associati\" \/>\n<meta property=\"og:description\" content=\"Nei prossimi anni l\u2019universo delle professioni legali conoscer\u00e0 mutamenti epocali, pi\u00f9 significativi di quelli affrontati negli ultimi due secoli. I giovani avvocati e gli studenti, ma anche gli addetti ai lavori e i professionisti del settore, devono aprire gli occhi riguardo al futuro che li aspetta. L\u2019avvocato di domani di Richard Susskind \u00e8 un testo chiave per comprendere il futuro del mondo forense e dell\u2019offerta di servizi legali in un mercato dove le frontiere si assottigliano fino a svaporare. Di fronte alla globalizzazione economica e all\u2019innovazione tecnologica, infatti, in molti hanno pensato che l\u2019elemento competitivo avrebbe assunto un ruolo sempre maggiore nella scelta dell\u2019avvocato o dello studio da cui farsi assistere, ma pochi hanno maturato la consapevolezza del fatto che la stessa professione \u00e8 al centro di una profonda crisi. Una crisi che prelude a una rivoluzione, fatta di nuovi mestieri giuridici, competenze incrociate con l\u2019informatica e con l\u2019ingegneria, ridimensionamenti numerici ed evoluzioni sostanziali. Le \u00abprofezie\u00bb di Susskind \u2013 giurista, avvocato e professore a Oxford \u2013 non hanno nulla a che fare con la fantasia. Anche se le istituzioni sono lente a recepire il cambiamento e le facolt\u00e0 giuridiche restie a adeguare i programmi al mondo in cui lavoreranno gli avvocati di domani, la metamorfosi della professione legale \u00e8 gi\u00e0 una realt\u00e0. Una realt\u00e0 fatta di tribunali e corti virtuali, studi associati che diventano colossi legali digitalizzati, consulenze online, servizi massificati, liberalizzazioni e outsourcing, ma anche nuove professioni. Con una nota molto positiva da tenere a mente. Susskind ci ricorda che, soprattutto nei casi pi\u00f9 complessi e delicati, non verr\u00e0 mai meno del tutto la necessit\u00e0 di consulenza e assistenza personalizzata: di ottimi avvocati ci sar\u00e0 sempre bisogno.\" \/>\n<meta property=\"og:url\" content=\"https:\/\/www.guerini.it\/index.php\/prodotto\/l-avvocato-di-domani\/\" \/>\n<meta property=\"og:site_name\" content=\"Guerini e Associati\" \/>\n<meta property=\"article:modified_time\" content=\"2024-06-12T12:38:42+00:00\" \/>\n<meta property=\"og:image\" content=\"https:\/\/www.guerini.it\/wp-content\/uploads\/2019\/10\/avvocato_di_domani_sito.jpg\" \/>\n\t<meta property=\"og:image:width\" content=\"226\" \/>\n\t<meta property=\"og:image:height\" content=\"353\" \/>\n\t<meta property=\"og:image:type\" content=\"image\/jpeg\" \/>\n<meta name=\"twitter:card\" content=\"summary_large_image\" \/>\n<meta name=\"twitter:label1\" content=\"Tempo di lettura stimato\" \/>\n\t<meta name=\"twitter:data1\" content=\"2 minuti\" \/>\n<!-- \/ Yoast SEO plugin. -->","yoast_head_json":{"title":"L'avvocato di domani - Guerini e Associati","robots":{"index":"index","follow":"follow","max-snippet":"max-snippet:-1","max-image-preview":"max-image-preview:large","max-video-preview":"max-video-preview:-1"},"canonical":"https:\/\/www.guerini.it\/index.php\/prodotto\/l-avvocato-di-domani\/","og_locale":"it_IT","og_type":"article","og_title":"L'avvocato di domani - Guerini e Associati","og_description":"Nei prossimi anni l\u2019universo delle professioni legali conoscer\u00e0 mutamenti epocali, pi\u00f9 significativi di quelli affrontati negli ultimi due secoli. I giovani avvocati e gli studenti, ma anche gli addetti ai lavori e i professionisti del settore, devono aprire gli occhi riguardo al futuro che li aspetta. L\u2019avvocato di domani di Richard Susskind \u00e8 un testo chiave per comprendere il futuro del mondo forense e dell\u2019offerta di servizi legali in un mercato dove le frontiere si assottigliano fino a svaporare. Di fronte alla globalizzazione economica e all\u2019innovazione tecnologica, infatti, in molti hanno pensato che l\u2019elemento competitivo avrebbe assunto un ruolo sempre maggiore nella scelta dell\u2019avvocato o dello studio da cui farsi assistere, ma pochi hanno maturato la consapevolezza del fatto che la stessa professione \u00e8 al centro di una profonda crisi. Una crisi che prelude a una rivoluzione, fatta di nuovi mestieri giuridici, competenze incrociate con l\u2019informatica e con l\u2019ingegneria, ridimensionamenti numerici ed evoluzioni sostanziali. Le \u00abprofezie\u00bb di Susskind \u2013 giurista, avvocato e professore a Oxford \u2013 non hanno nulla a che fare con la fantasia. Anche se le istituzioni sono lente a recepire il cambiamento e le facolt\u00e0 giuridiche restie a adeguare i programmi al mondo in cui lavoreranno gli avvocati di domani, la metamorfosi della professione legale \u00e8 gi\u00e0 una realt\u00e0. Una realt\u00e0 fatta di tribunali e corti virtuali, studi associati che diventano colossi legali digitalizzati, consulenze online, servizi massificati, liberalizzazioni e outsourcing, ma anche nuove professioni. Con una nota molto positiva da tenere a mente. Susskind ci ricorda che, soprattutto nei casi pi\u00f9 complessi e delicati, non verr\u00e0 mai meno del tutto la necessit\u00e0 di consulenza e assistenza personalizzata: di ottimi avvocati ci sar\u00e0 sempre bisogno.","og_url":"https:\/\/www.guerini.it\/index.php\/prodotto\/l-avvocato-di-domani\/","og_site_name":"Guerini e Associati","article_modified_time":"2024-06-12T12:38:42+00:00","og_image":[{"width":226,"height":353,"url":"https:\/\/www.guerini.it\/wp-content\/uploads\/2019\/10\/avvocato_di_domani_sito.jpg","type":"image\/jpeg"}],"twitter_card":"summary_large_image","twitter_misc":{"Tempo di lettura stimato":"2 minuti"},"schema":{"@context":"https:\/\/schema.org","@graph":[{"@type":"WebPage","@id":"https:\/\/www.guerini.it\/index.php\/prodotto\/l-avvocato-di-domani\/","url":"https:\/\/www.guerini.it\/index.php\/prodotto\/l-avvocato-di-domani\/","name":"L'avvocato di domani - Guerini e Associati","isPartOf":{"@id":"https:\/\/www.guerini.it\/#website"},"primaryImageOfPage":{"@id":"https:\/\/www.guerini.it\/index.php\/prodotto\/l-avvocato-di-domani\/#primaryimage"},"image":{"@id":"https:\/\/www.guerini.it\/index.php\/prodotto\/l-avvocato-di-domani\/#primaryimage"},"thumbnailUrl":"https:\/\/www.guerini.it\/wp-content\/uploads\/2019\/10\/avvocato_di_domani_sito.jpg","datePublished":"2019-10-14T05:54:24+00:00","dateModified":"2024-06-12T12:38:42+00:00","breadcrumb":{"@id":"https:\/\/www.guerini.it\/index.php\/prodotto\/l-avvocato-di-domani\/#breadcrumb"},"inLanguage":"it-IT","potentialAction":[{"@type":"ReadAction","target":["https:\/\/www.guerini.it\/index.php\/prodotto\/l-avvocato-di-domani\/"]}]},{"@type":"ImageObject","inLanguage":"it-IT","@id":"https:\/\/www.guerini.it\/index.php\/prodotto\/l-avvocato-di-domani\/#primaryimage","url":"https:\/\/www.guerini.it\/wp-content\/uploads\/2019\/10\/avvocato_di_domani_sito.jpg","contentUrl":"https:\/\/www.guerini.it\/wp-content\/uploads\/2019\/10\/avvocato_di_domani_sito.jpg","width":226,"height":353,"caption":"Avvocato di domani"},{"@type":"BreadcrumbList","@id":"https:\/\/www.guerini.it\/index.php\/prodotto\/l-avvocato-di-domani\/#breadcrumb","itemListElement":[{"@type":"ListItem","position":1,"name":"Home","item":"https:\/\/www.guerini.it\/"},{"@type":"ListItem","position":2,"name":"Catalogo","item":"https:\/\/www.guerini.it\/index.php\/negozio\/"},{"@type":"ListItem","position":3,"name":"L&#8217;avvocato di domani"}]},{"@type":"WebSite","@id":"https:\/\/www.guerini.it\/#website","url":"https:\/\/www.guerini.it\/","name":"Guerini e Associati","description":"30 anni di libri, idee e libert\u00e0","publisher":{"@id":"https:\/\/www.guerini.it\/#organization"},"potentialAction":[{"@type":"SearchAction","target":{"@type":"EntryPoint","urlTemplate":"https:\/\/www.guerini.it\/?s={search_term_string}"},"query-input":{"@type":"PropertyValueSpecification","valueRequired":true,"valueName":"search_term_string"}}],"inLanguage":"it-IT"},{"@type":"Organization","@id":"https:\/\/www.guerini.it\/#organization","name":"Guerini e Associati","url":"https:\/\/www.guerini.it\/","logo":{"@type":"ImageObject","inLanguage":"it-IT","@id":"https:\/\/www.guerini.it\/#\/schema\/logo\/image\/","url":"https:\/\/www.guerini.it\/wp-content\/uploads\/2021\/03\/Logo-Guerini-OK_-e1615831292285.png","contentUrl":"https:\/\/www.guerini.it\/wp-content\/uploads\/2021\/03\/Logo-Guerini-OK_-e1615831292285.png","width":2805,"height":1870,"caption":"Guerini e Associati"},"image":{"@id":"https:\/\/www.guerini.it\/#\/schema\/logo\/image\/"}}]}},"_links":{"self":[{"href":"https:\/\/www.guerini.it\/index.php\/wp-json\/wp\/v2\/product\/16367","targetHints":{"allow":["GET"]}}],"collection":[{"href":"https:\/\/www.guerini.it\/index.php\/wp-json\/wp\/v2\/product"}],"about":[{"href":"https:\/\/www.guerini.it\/index.php\/wp-json\/wp\/v2\/types\/product"}],"wp:featuredmedia":[{"embeddable":true,"href":"https:\/\/www.guerini.it\/index.php\/wp-json\/wp\/v2\/media\/16366"}],"wp:attachment":[{"href":"https:\/\/www.guerini.it\/index.php\/wp-json\/wp\/v2\/media?parent=16367"}],"wp:term":[{"taxonomy":"product_brand","embeddable":true,"href":"https:\/\/www.guerini.it\/index.php\/wp-json\/wp\/v2\/product_brand?post=16367"},{"taxonomy":"product_cat","embeddable":true,"href":"https:\/\/www.guerini.it\/index.php\/wp-json\/wp\/v2\/product_cat?post=16367"},{"taxonomy":"product_tag","embeddable":true,"href":"https:\/\/www.guerini.it\/index.php\/wp-json\/wp\/v2\/product_tag?post=16367"}],"curies":[{"name":"wp","href":"https:\/\/api.w.org\/{rel}","templated":true}]}}