{"id":16373,"date":"2019-10-31T09:25:00","date_gmt":"2019-10-31T08:25:00","guid":{"rendered":"https:\/\/test.guerini.it\/?product=cromosoma-innovazione"},"modified":"2024-06-12T14:38:06","modified_gmt":"2024-06-12T12:38:06","slug":"cromosoma-innovazione","status":"publish","type":"product","link":"https:\/\/www.guerini.it\/index.php\/prodotto\/cromosoma-innovazione\/","title":{"rendered":"Cromosoma innovazione"},"content":{"rendered":"<p style=\"text-align: justify;\">Non \u00e8 necessario attendere per vedere come la tecnologia cambier\u00e0 il mondo delle imprese. \u00c8 sufficiente osservare le aziende e gli imprenditori che gi\u00e0 vivono nel futuro, in una dimensione che spesso rimane nascosta. <em>Cromosoma Innovazione <\/em>e tutti i volumi della serie <strong>THE FUTURE OF MANAGEMENT<\/strong> sono una lettura essenziale per le leadership aziendali e raccolgono una selezione delle visioni pi\u00f9 dirompenti provenienti dalla <strong>MIT Sloan Management Review di Boston<\/strong>, la principale fonte di idee al mondo sul rapporto tra tecnologia e management.<br \/>\nQuesta raccolta di riflessioni, arricchita da case studies selezionati dall\u2019ecosistema delle imprese italiane, esplora un nuovo emergente paradigma per il business, <strong>un cromosoma che riconfigura definitivamente il codice genetico della disciplina e della pratica manageriale<\/strong>.<\/p>\n<p style=\"text-align: center;\">Con i contributi di<br \/>\n<strong>Don Tapscott<\/strong>, autore di Wikinomics,<br \/>\n<strong>Tim O\u2019Reilly<\/strong>, inventore del 2.0,<br \/>\n<strong>Ginni Rometty<\/strong>, ceo di IBM,<br \/>\n<strong>Andrew W. Moore<\/strong>, responsabile AI di Google,<br \/>\n<strong>Reid Hoffman<\/strong> co-founder di Linkedin<br \/>\ne molti altri tra i migliori contributori<br \/>\ndella rivista<br \/>\n<strong>MIT Sloan Managment Review.<\/strong><\/p>\n<hr \/>\n<p style=\"text-align: justify;\"><strong>Alberto Mattiello <\/strong>\u00e8 curatore della collana THE FUTURE OF MANAGEMENT e autore di <a href=\"https:\/\/www.guerini.it\/index.php\/prodotto\/mind-the-change\/\"><em>Mind The Change<\/em><\/a>. Vive a Miami, Florida. Esperto di business e tecnologie \u00e8 Director del progetto FutureThinking di Wunderman Thompson. Membro del comitato scientifico Piccola Industria di Confindustria \u00e8 lecturer in diversi atenei incluso l\u2019Imperial College Of London.<\/p>\n","protected":false},"excerpt":{"rendered":"<p>Non \u00e8 necessario attendere per vedere come la tecnologia cambier\u00e0 il mondo delle imprese. \u00c8 sufficiente osservare le aziende e gli imprenditori che gi\u00e0 vivono nel futuro, in una dimensione che spesso rimane nascosta. Cromosoma Innovazione e tutti i volumi della serie THE FUTURE OF MANAGEMENT sono una lettura essenziale per le leadership aziendali e raccolgono una selezione delle visioni pi\u00f9 dirompenti provenienti dalla MIT Sloan Management Review di Boston, la principale fonte di idee al mondo sul rapporto tra tecnologia e management.<br \/>\nQuesta raccolta di riflessioni, arricchita da case studies selezionati dall\u2019ecosistema delle imprese italiane, esplora un nuovo emergente paradigma per il business, un cromosoma che riconfigura definitivamente il codice genetico della disciplina e della pratica manageriale.<\/p>\n","protected":false},"featured_media":16372,"template":"","meta":{"_editorskit_title_hidden":false,"_editorskit_reading_time":0,"_editorskit_is_block_options_detached":false,"_editorskit_block_options_position":"{}","_monsterinsights_skip_tracking":false,"_monsterinsights_sitenote_active":false,"_monsterinsights_sitenote_note":"","_monsterinsights_sitenote_category":0},"product_brand":[],"product_cat":[6805,6529,6712],"product_tag":[],"class_list":{"0":"post-16373","1":"product","2":"type-product","3":"status-publish","4":"has-post-thumbnail","6":"product_cat-guerini-next","7":"product_cat-economia-e-management","8":"product_cat-the-future-of-management","9":"pa_fulfillment-default","10":"pa_guerini_amazon_link-https-www-amazon-it-cromosoma-innovazione-tecnologia-riscrive-organizzazioni-dp-886896290x","11":"pa_guerini_feltrinelli_link-https-www-lafeltrinelli-it-cromosoma-innovazione-20-visioni-del-libro-vari-e-9788868962906","12":"pa_guerini_ibs_link-https-www-ibs-it-cromosoma-innovazione-20-visioni-del-libro-vari-e-9788868962906","13":"pa_guerini_libruniver_link-https-www-libreriauniversitaria-it-cromosoma-innovazione-20-visioni-mit-libro-9788868962906","14":"pa_guerini_link_amazon-9d-httpswwwamazonitdpb081scxz","15":"pa_guerini_link_apple_ibook-d5-httpsbooksapplecomitbookcr","16":"pa_guerini_link_bookrepublic-49-httpswwwbookrepublicitbook","17":"pa_guerini_link_giunti_punto-https-www-giuntialpunto-it-product-b081scxz27-libri-cromosoma-innovazione-20-visioni-dal-mit-capire-come-la-tecnologia-riscrive","18":"pa_guerini_link_google_play-52-httpsplaygooglecomstoreboo","19":"pa_guerini_link_ibs-b6-httpswwwibsitcromosoma_inn","20":"pa_guerini_link_kobo-aa-httpswwwkobocomititebookcr","21":"pa_guerini_link_lafeltrinelli-ad-httpswwwlafeltrinelliitebo","22":"pa_guerini_link_mondadori-https-www-mondadoristore-it-cromosoma-innovazione-20-a-cura-di-alberto-mattiello-eai978886896291","23":"pa_guerini_mondadori_link-https-www-mondadoristore-it-cromosoma-innovazione-20-na-eai978886896290","25":"first","26":"instock","27":"sale","28":"shipping-taxable","29":"purchasable","30":"product-type-simple"},"yoast_head":"<!-- This site is optimized with the Yoast SEO plugin v25.4 - https:\/\/yoast.com\/wordpress\/plugins\/seo\/ -->\n<title>Cromosoma innovazione - Guerini e Associati<\/title>\n<meta name=\"robots\" content=\"index, follow, max-snippet:-1, max-image-preview:large, max-video-preview:-1\" \/>\n<link rel=\"canonical\" href=\"https:\/\/www.guerini.it\/index.php\/prodotto\/cromosoma-innovazione\/\" \/>\n<meta property=\"og:locale\" content=\"it_IT\" \/>\n<meta property=\"og:type\" content=\"article\" \/>\n<meta property=\"og:title\" content=\"Cromosoma innovazione - Guerini e Associati\" \/>\n<meta property=\"og:description\" content=\"Non \u00e8 necessario attendere per vedere come la tecnologia cambier\u00e0 il mondo delle imprese. \u00c8 sufficiente osservare le aziende e gli imprenditori che gi\u00e0 vivono nel futuro, in una dimensione che spesso rimane nascosta. Cromosoma Innovazione e tutti i volumi della serie THE FUTURE OF MANAGEMENT sono una lettura essenziale per le leadership aziendali e raccolgono una selezione delle visioni pi\u00f9 dirompenti provenienti dalla MIT Sloan Management Review di Boston, la principale fonte di idee al mondo sul rapporto tra tecnologia e management. Questa raccolta di riflessioni, arricchita da case studies selezionati dall\u2019ecosistema delle imprese italiane, esplora un nuovo emergente paradigma per il business, un cromosoma che riconfigura definitivamente il codice genetico della disciplina e della pratica manageriale.\" \/>\n<meta property=\"og:url\" content=\"https:\/\/www.guerini.it\/index.php\/prodotto\/cromosoma-innovazione\/\" \/>\n<meta property=\"og:site_name\" content=\"Guerini e Associati\" \/>\n<meta property=\"article:modified_time\" content=\"2024-06-12T12:38:06+00:00\" \/>\n<meta property=\"og:image\" content=\"https:\/\/www.guerini.it\/wp-content\/uploads\/2019\/10\/cromosoma_innovazione_sito.jpg\" \/>\n\t<meta property=\"og:image:width\" content=\"344\" \/>\n\t<meta property=\"og:image:height\" content=\"535\" \/>\n\t<meta property=\"og:image:type\" content=\"image\/jpeg\" \/>\n<meta name=\"twitter:card\" content=\"summary_large_image\" \/>\n<meta name=\"twitter:label1\" content=\"Tempo di lettura stimato\" \/>\n\t<meta name=\"twitter:data1\" content=\"2 minuti\" \/>\n<!-- \/ Yoast SEO plugin. -->","yoast_head_json":{"title":"Cromosoma innovazione - Guerini e Associati","robots":{"index":"index","follow":"follow","max-snippet":"max-snippet:-1","max-image-preview":"max-image-preview:large","max-video-preview":"max-video-preview:-1"},"canonical":"https:\/\/www.guerini.it\/index.php\/prodotto\/cromosoma-innovazione\/","og_locale":"it_IT","og_type":"article","og_title":"Cromosoma innovazione - Guerini e Associati","og_description":"Non \u00e8 necessario attendere per vedere come la tecnologia cambier\u00e0 il mondo delle imprese. \u00c8 sufficiente osservare le aziende e gli imprenditori che gi\u00e0 vivono nel futuro, in una dimensione che spesso rimane nascosta. Cromosoma Innovazione e tutti i volumi della serie THE FUTURE OF MANAGEMENT sono una lettura essenziale per le leadership aziendali e raccolgono una selezione delle visioni pi\u00f9 dirompenti provenienti dalla MIT Sloan Management Review di Boston, la principale fonte di idee al mondo sul rapporto tra tecnologia e management. Questa raccolta di riflessioni, arricchita da case studies selezionati dall\u2019ecosistema delle imprese italiane, esplora un nuovo emergente paradigma per il business, un cromosoma che riconfigura definitivamente il codice genetico della disciplina e della pratica manageriale.","og_url":"https:\/\/www.guerini.it\/index.php\/prodotto\/cromosoma-innovazione\/","og_site_name":"Guerini e Associati","article_modified_time":"2024-06-12T12:38:06+00:00","og_image":[{"width":344,"height":535,"url":"https:\/\/www.guerini.it\/wp-content\/uploads\/2019\/10\/cromosoma_innovazione_sito.jpg","type":"image\/jpeg"}],"twitter_card":"summary_large_image","twitter_misc":{"Tempo di lettura stimato":"2 minuti"},"schema":{"@context":"https:\/\/schema.org","@graph":[{"@type":"WebPage","@id":"https:\/\/www.guerini.it\/index.php\/prodotto\/cromosoma-innovazione\/","url":"https:\/\/www.guerini.it\/index.php\/prodotto\/cromosoma-innovazione\/","name":"Cromosoma innovazione - Guerini e Associati","isPartOf":{"@id":"https:\/\/www.guerini.it\/#website"},"primaryImageOfPage":{"@id":"https:\/\/www.guerini.it\/index.php\/prodotto\/cromosoma-innovazione\/#primaryimage"},"image":{"@id":"https:\/\/www.guerini.it\/index.php\/prodotto\/cromosoma-innovazione\/#primaryimage"},"thumbnailUrl":"https:\/\/www.guerini.it\/wp-content\/uploads\/2019\/10\/cromosoma_innovazione_sito.jpg","datePublished":"2019-10-31T08:25:00+00:00","dateModified":"2024-06-12T12:38:06+00:00","breadcrumb":{"@id":"https:\/\/www.guerini.it\/index.php\/prodotto\/cromosoma-innovazione\/#breadcrumb"},"inLanguage":"it-IT","potentialAction":[{"@type":"ReadAction","target":["https:\/\/www.guerini.it\/index.php\/prodotto\/cromosoma-innovazione\/"]}]},{"@type":"ImageObject","inLanguage":"it-IT","@id":"https:\/\/www.guerini.it\/index.php\/prodotto\/cromosoma-innovazione\/#primaryimage","url":"https:\/\/www.guerini.it\/wp-content\/uploads\/2019\/10\/cromosoma_innovazione_sito.jpg","contentUrl":"https:\/\/www.guerini.it\/wp-content\/uploads\/2019\/10\/cromosoma_innovazione_sito.jpg","width":344,"height":535,"caption":"Cromosoma innovazione"},{"@type":"BreadcrumbList","@id":"https:\/\/www.guerini.it\/index.php\/prodotto\/cromosoma-innovazione\/#breadcrumb","itemListElement":[{"@type":"ListItem","position":1,"name":"Home","item":"https:\/\/www.guerini.it\/"},{"@type":"ListItem","position":2,"name":"Catalogo","item":"https:\/\/www.guerini.it\/index.php\/negozio\/"},{"@type":"ListItem","position":3,"name":"Cromosoma innovazione"}]},{"@type":"WebSite","@id":"https:\/\/www.guerini.it\/#website","url":"https:\/\/www.guerini.it\/","name":"Guerini e Associati","description":"30 anni di libri, idee e libert\u00e0","publisher":{"@id":"https:\/\/www.guerini.it\/#organization"},"potentialAction":[{"@type":"SearchAction","target":{"@type":"EntryPoint","urlTemplate":"https:\/\/www.guerini.it\/?s={search_term_string}"},"query-input":{"@type":"PropertyValueSpecification","valueRequired":true,"valueName":"search_term_string"}}],"inLanguage":"it-IT"},{"@type":"Organization","@id":"https:\/\/www.guerini.it\/#organization","name":"Guerini e Associati","url":"https:\/\/www.guerini.it\/","logo":{"@type":"ImageObject","inLanguage":"it-IT","@id":"https:\/\/www.guerini.it\/#\/schema\/logo\/image\/","url":"https:\/\/www.guerini.it\/wp-content\/uploads\/2021\/03\/Logo-Guerini-OK_-e1615831292285.png","contentUrl":"https:\/\/www.guerini.it\/wp-content\/uploads\/2021\/03\/Logo-Guerini-OK_-e1615831292285.png","width":2805,"height":1870,"caption":"Guerini e Associati"},"image":{"@id":"https:\/\/www.guerini.it\/#\/schema\/logo\/image\/"}}]}},"_links":{"self":[{"href":"https:\/\/www.guerini.it\/index.php\/wp-json\/wp\/v2\/product\/16373","targetHints":{"allow":["GET"]}}],"collection":[{"href":"https:\/\/www.guerini.it\/index.php\/wp-json\/wp\/v2\/product"}],"about":[{"href":"https:\/\/www.guerini.it\/index.php\/wp-json\/wp\/v2\/types\/product"}],"wp:featuredmedia":[{"embeddable":true,"href":"https:\/\/www.guerini.it\/index.php\/wp-json\/wp\/v2\/media\/16372"}],"wp:attachment":[{"href":"https:\/\/www.guerini.it\/index.php\/wp-json\/wp\/v2\/media?parent=16373"}],"wp:term":[{"taxonomy":"product_brand","embeddable":true,"href":"https:\/\/www.guerini.it\/index.php\/wp-json\/wp\/v2\/product_brand?post=16373"},{"taxonomy":"product_cat","embeddable":true,"href":"https:\/\/www.guerini.it\/index.php\/wp-json\/wp\/v2\/product_cat?post=16373"},{"taxonomy":"product_tag","embeddable":true,"href":"https:\/\/www.guerini.it\/index.php\/wp-json\/wp\/v2\/product_tag?post=16373"}],"curies":[{"name":"wp","href":"https:\/\/api.w.org\/{rel}","templated":true}]}}