{"id":16392,"date":"2019-11-18T09:10:15","date_gmt":"2019-11-18T08:10:15","guid":{"rendered":"https:\/\/test.guerini.it\/?product=le-virtu-del-nazionalismo"},"modified":"2024-06-12T14:40:33","modified_gmt":"2024-06-12T12:40:33","slug":"le-virtu-del-nazionalismo","status":"publish","type":"product","link":"https:\/\/www.guerini.it\/index.php\/prodotto\/le-virtu-del-nazionalismo\/","title":{"rendered":"Le virt\u00f9 del nazionalismo"},"content":{"rendered":"<p style=\"text-align: center;\"><em>Dovremo fare una scelta: o un mondo di stati indipendenti,o un rinnovamento dell\u2019ideale dell\u2019impero universale &#8211;\u00a0 il che significa, inevitabilmente, l\u2019impero americano.\u00a0<\/em>Le virt\u00f9 del nazionalismo<em> mette a confronto le opzioni che abbiamo di fronte\u00a0 e suggerisce che, se vogliamo la libert\u00e0, dovremo lottare per preservare un mondo di nazioni indipendenti &#8211; <\/em>Yoram Hazony<\/p>\n<p style=\"text-align: center;\">\u00abUn libro destinato a diventare un classico\u00bb<br \/>\nJohn Fonte, <em>National Review<\/em><\/p>\n<p style=\"text-align: center;\">\u00abIl libro di Hazony \u00e8 fantastico\u00bb<br \/>\nBen Shapiro, <em>The Daily Wire<\/em><\/p>\n<p style=\"text-align: justify;\">Un pensiero eterodosso per un libro audace che, sin dal titolo, sa di ispirare sospetto e finanche avversione. Dall\u2019abbrivio, le pagine si susseguono attualissime, scomode, meditate, controcorrente e, in definitiva, necessarie, anche per chi si trover\u00e0 in disaccordo con l\u2019autore. Non ci sono infingimenti n\u00e9 sconti, risaltando cos\u00ec la forza di un ragionamento pacato eppure stringente. Il Nazionalismo, che per l\u2019autore coincide con l\u2019autodeterminazione dei popoli e con un mondo di nazioni libere e indipendenti, si oppone all\u2019Imperialismo, cio\u00e8 a qualsivoglia forma di governo che voglia unire l\u2019umanit\u00e0, portando pace e prosperit\u00e0, sotto l\u2019egida di un unico regime politico. Imperialista, per Hazony, fu, specie dal 1989 a oggi, la politica degli Stati Uniti d\u2019America che, sino a tempi recenti, ha cercato di imporre una pax americana, ricalcando il modello imperiale della pax romana. Ma imperialista sarebbe pure l\u2019Unione Europea, rispetto alle singole nazioni membro. Dalla Bibbia a Locke e alla dottrina liberale, dal pensiero ebraico al protestantesimo, dal Sacro Romano Impero alla nostra controversa e travagliata attualit\u00e0: una rilettura puntuale e originale dello stallo contemporaneo a cui \u00e8 giunto il sistema simbolico ed economico-politico occidentale. La stampa in lingua inglese, da una parte all\u2019altra dell\u2019Atlantico, seguita a parlarne, tra resistenze ed entusiasmi, ivi incluso il premio di Conservative Book per il 2019. Una lettura che non pu\u00f2 essere elusa.<\/p>\n<p style=\"text-align: justify;\"><strong>Yoram Hazony<\/strong> \u00e8 uno dei pi\u00f9 vivaci pensatori israeliani contemporanei: filosofo, teorico politico e biblista. Presidente del <em>The Herzl Institute<\/em> di Gerusalemme, una delle pi\u00f9 interessanti nuove istituzioni accademiche israeliane, fond\u00f2 alcuni anni fa, nel 1994, il prestigioso <em>Shalem Center<\/em>, un avanzato centro di ricerca e di promozione degli studi umanistici, cercando di integrare tradizione e modernit\u00e0. Ebreo osservante e sionista, formatosi presso le pi\u00f9 insigni universit\u00e0 israeliane e statunitensi, \u00e8 noto in Israele, negli Stati Uniti e nel Commonwealth per i suoi originali contributi agli studi biblici e politici.<\/p>\n","protected":false},"excerpt":{"rendered":"<p style=\"text-align: center;\"><em>Dovremo fare una scelta: o un mondo di stati indipendenti,o un rinnovamento dell\u2019ideale dell\u2019impero universale &#8211; <\/em><br \/>\n<em>il che significa, inevitabilmente, l\u2019impero americano.<\/em><br \/>\nLe virt\u00f9 del nazionalismo<em> mette a confronto le opzioni che abbiamo di fronte <\/em><br \/>\n<em>e suggerisce che, se vogliamo la libert\u00e0, dovremo lottare per preservare un mondo di nazioni indipendenti<\/em><\/p>\n<p style=\"text-align: center;\">\u00abUn libro destinato a diventare un classico\u00bb<br \/>\nJohn Fonte,<em> National Review<\/em><\/p>\n<p style=\"text-align: center;\">\u00abIl libro di Hazony \u00e8 fantastico\u00bb<br \/>\nBen Shapiro, <em>The Daily Wire<\/em><\/p>\n<p>Un pensiero eterodosso per un libro audace che, sin dal titolo, sa di ispirare sospetto e finanche avversione. Dall\u2019abbrivio, le pagine si susseguono attualissime, scomode, meditate, controcorrente e, in definitiva, necessarie, anche per chi si trover\u00e0 in disaccordo con l\u2019autore. Non ci sono infingimenti n\u00e9 sconti, risaltando cos\u00ec la forza di un ragionamento pacato eppure stringente. Il Nazionalismo, che per l\u2019autore coincide con l\u2019autodeterminazione dei popoli e con un mondo di nazioni libere e indipendenti, si oppone all\u2019Imperialismo, cio\u00e8 a qualsivoglia forma di governo che voglia unire l\u2019umanit\u00e0, portando pace e prosperit\u00e0, sotto l\u2019egida di un unico regime politico. Imperialista, per Hazony, fu, specie dal 1989 a oggi, la politica degli Stati Uniti d\u2019America che, sino a tempi recenti, ha cercato di imporre una pax americana, ricalcando il modello imperiale della pax romana. Ma imperialista sarebbe pure l\u2019Unione Europea, rispetto alle singole nazioni membro. Dalla Bibbia a Locke e alla dottrina liberale, dal pensiero ebraico al protestantesimo, dal Sacro Romano Impero alla nostra controversa e travagliata attualit\u00e0: una rilettura puntuale e originale dello stallo contemporaneo a cui \u00e8 giunto il sistema simbolico ed economico-politico occidentale. La stampa in lingua inglese, da una parte all\u2019altra dell\u2019Atlantico, seguita a parlarne, tra resistenze ed entusiasmi, ivi incluso il premio di Conservative Book per il 2019. Una lettura che non pu\u00f2 essere elusa.<\/p>\n","protected":false},"featured_media":16391,"template":"","meta":{"_editorskit_title_hidden":false,"_editorskit_reading_time":0,"_editorskit_is_block_options_detached":false,"_editorskit_block_options_position":"{}","_monsterinsights_skip_tracking":false,"_monsterinsights_sitenote_active":false,"_monsterinsights_sitenote_note":"","_monsterinsights_sitenote_category":0},"product_brand":[],"product_cat":[6585,6527],"product_tag":[],"class_list":{"0":"post-16392","1":"product","2":"type-product","3":"status-publish","4":"has-post-thumbnail","6":"product_cat-sma","7":"product_cat-attualita","8":"pa_fulfillment-default","9":"pa_guerini_amazon_link-07-httpswwwamazonitvirtc3b9_d","10":"pa_guerini_feltrinelli_link-4b-httpswwwlafeltrinelliitlib","11":"pa_guerini_ibs_link-20-httpswwwibsitvirtu_del_naz","12":"pa_guerini_libruniver_link-d1-httpswwwlibreriauniversita","13":"pa_guerini_mondadori_link-ec-httpswwwmondadoristoreitle","15":"first","16":"instock","17":"sale","18":"shipping-taxable","19":"purchasable","20":"product-type-simple"},"yoast_head":"<!-- This site is optimized with the Yoast SEO plugin v25.4 - https:\/\/yoast.com\/wordpress\/plugins\/seo\/ -->\n<title>Le virt\u00f9 del nazionalismo - Guerini e Associati<\/title>\n<meta name=\"robots\" content=\"index, follow, max-snippet:-1, max-image-preview:large, max-video-preview:-1\" \/>\n<link rel=\"canonical\" href=\"https:\/\/www.guerini.it\/index.php\/prodotto\/le-virtu-del-nazionalismo\/\" \/>\n<meta property=\"og:locale\" content=\"it_IT\" \/>\n<meta property=\"og:type\" content=\"article\" \/>\n<meta property=\"og:title\" content=\"Le virt\u00f9 del nazionalismo - Guerini e Associati\" \/>\n<meta property=\"og:description\" content=\"Dovremo fare una scelta: o un mondo di stati indipendenti,o un rinnovamento dell\u2019ideale dell\u2019impero universale -  il che significa, inevitabilmente, l\u2019impero americano. Le virt\u00f9 del nazionalismo mette a confronto le opzioni che abbiamo di fronte  e suggerisce che, se vogliamo la libert\u00e0, dovremo lottare per preservare un mondo di nazioni indipendenti \u00abUn libro destinato a diventare un classico\u00bb John Fonte, National Review \u00abIl libro di Hazony \u00e8 fantastico\u00bb Ben Shapiro, The Daily Wire Un pensiero eterodosso per un libro audace che, sin dal titolo, sa di ispirare sospetto e finanche avversione. Dall\u2019abbrivio, le pagine si susseguono attualissime, scomode, meditate, controcorrente e, in definitiva, necessarie, anche per chi si trover\u00e0 in disaccordo con l\u2019autore. Non ci sono infingimenti n\u00e9 sconti, risaltando cos\u00ec la forza di un ragionamento pacato eppure stringente. Il Nazionalismo, che per l\u2019autore coincide con l\u2019autodeterminazione dei popoli e con un mondo di nazioni libere e indipendenti, si oppone all\u2019Imperialismo, cio\u00e8 a qualsivoglia forma di governo che voglia unire l\u2019umanit\u00e0, portando pace e prosperit\u00e0, sotto l\u2019egida di un unico regime politico. Imperialista, per Hazony, fu, specie dal 1989 a oggi, la politica degli Stati Uniti d\u2019America che, sino a tempi recenti, ha cercato di imporre una pax americana, ricalcando il modello imperiale della pax romana. Ma imperialista sarebbe pure l\u2019Unione Europea, rispetto alle singole nazioni membro. Dalla Bibbia a Locke e alla dottrina liberale, dal pensiero ebraico al protestantesimo, dal Sacro Romano Impero alla nostra controversa e travagliata attualit\u00e0: una rilettura puntuale e originale dello stallo contemporaneo a cui \u00e8 giunto il sistema simbolico ed economico-politico occidentale. La stampa in lingua inglese, da una parte all\u2019altra dell\u2019Atlantico, seguita a parlarne, tra resistenze ed entusiasmi, ivi incluso il premio di Conservative Book per il 2019. Una lettura che non pu\u00f2 essere elusa.\" \/>\n<meta property=\"og:url\" content=\"https:\/\/www.guerini.it\/index.php\/prodotto\/le-virtu-del-nazionalismo\/\" \/>\n<meta property=\"og:site_name\" content=\"Guerini e Associati\" \/>\n<meta property=\"article:modified_time\" content=\"2024-06-12T12:40:33+00:00\" \/>\n<meta property=\"og:image\" content=\"https:\/\/www.guerini.it\/wp-content\/uploads\/2019\/11\/virt_del_nazionalismo_sito.jpg\" \/>\n\t<meta property=\"og:image:width\" content=\"235\" \/>\n\t<meta property=\"og:image:height\" content=\"353\" \/>\n\t<meta property=\"og:image:type\" content=\"image\/jpeg\" \/>\n<meta name=\"twitter:card\" content=\"summary_large_image\" \/>\n<meta name=\"twitter:label1\" content=\"Tempo di lettura stimato\" \/>\n\t<meta name=\"twitter:data1\" content=\"3 minuti\" \/>\n<!-- \/ Yoast SEO plugin. -->","yoast_head_json":{"title":"Le virt\u00f9 del nazionalismo - Guerini e Associati","robots":{"index":"index","follow":"follow","max-snippet":"max-snippet:-1","max-image-preview":"max-image-preview:large","max-video-preview":"max-video-preview:-1"},"canonical":"https:\/\/www.guerini.it\/index.php\/prodotto\/le-virtu-del-nazionalismo\/","og_locale":"it_IT","og_type":"article","og_title":"Le virt\u00f9 del nazionalismo - Guerini e Associati","og_description":"Dovremo fare una scelta: o un mondo di stati indipendenti,o un rinnovamento dell\u2019ideale dell\u2019impero universale -  il che significa, inevitabilmente, l\u2019impero americano. Le virt\u00f9 del nazionalismo mette a confronto le opzioni che abbiamo di fronte  e suggerisce che, se vogliamo la libert\u00e0, dovremo lottare per preservare un mondo di nazioni indipendenti \u00abUn libro destinato a diventare un classico\u00bb John Fonte, National Review \u00abIl libro di Hazony \u00e8 fantastico\u00bb Ben Shapiro, The Daily Wire Un pensiero eterodosso per un libro audace che, sin dal titolo, sa di ispirare sospetto e finanche avversione. Dall\u2019abbrivio, le pagine si susseguono attualissime, scomode, meditate, controcorrente e, in definitiva, necessarie, anche per chi si trover\u00e0 in disaccordo con l\u2019autore. Non ci sono infingimenti n\u00e9 sconti, risaltando cos\u00ec la forza di un ragionamento pacato eppure stringente. Il Nazionalismo, che per l\u2019autore coincide con l\u2019autodeterminazione dei popoli e con un mondo di nazioni libere e indipendenti, si oppone all\u2019Imperialismo, cio\u00e8 a qualsivoglia forma di governo che voglia unire l\u2019umanit\u00e0, portando pace e prosperit\u00e0, sotto l\u2019egida di un unico regime politico. Imperialista, per Hazony, fu, specie dal 1989 a oggi, la politica degli Stati Uniti d\u2019America che, sino a tempi recenti, ha cercato di imporre una pax americana, ricalcando il modello imperiale della pax romana. Ma imperialista sarebbe pure l\u2019Unione Europea, rispetto alle singole nazioni membro. Dalla Bibbia a Locke e alla dottrina liberale, dal pensiero ebraico al protestantesimo, dal Sacro Romano Impero alla nostra controversa e travagliata attualit\u00e0: una rilettura puntuale e originale dello stallo contemporaneo a cui \u00e8 giunto il sistema simbolico ed economico-politico occidentale. La stampa in lingua inglese, da una parte all\u2019altra dell\u2019Atlantico, seguita a parlarne, tra resistenze ed entusiasmi, ivi incluso il premio di Conservative Book per il 2019. Una lettura che non pu\u00f2 essere elusa.","og_url":"https:\/\/www.guerini.it\/index.php\/prodotto\/le-virtu-del-nazionalismo\/","og_site_name":"Guerini e Associati","article_modified_time":"2024-06-12T12:40:33+00:00","og_image":[{"width":235,"height":353,"url":"https:\/\/www.guerini.it\/wp-content\/uploads\/2019\/11\/virt_del_nazionalismo_sito.jpg","type":"image\/jpeg"}],"twitter_card":"summary_large_image","twitter_misc":{"Tempo di lettura stimato":"3 minuti"},"schema":{"@context":"https:\/\/schema.org","@graph":[{"@type":"WebPage","@id":"https:\/\/www.guerini.it\/index.php\/prodotto\/le-virtu-del-nazionalismo\/","url":"https:\/\/www.guerini.it\/index.php\/prodotto\/le-virtu-del-nazionalismo\/","name":"Le virt\u00f9 del nazionalismo - Guerini e Associati","isPartOf":{"@id":"https:\/\/www.guerini.it\/#website"},"primaryImageOfPage":{"@id":"https:\/\/www.guerini.it\/index.php\/prodotto\/le-virtu-del-nazionalismo\/#primaryimage"},"image":{"@id":"https:\/\/www.guerini.it\/index.php\/prodotto\/le-virtu-del-nazionalismo\/#primaryimage"},"thumbnailUrl":"https:\/\/www.guerini.it\/wp-content\/uploads\/2019\/11\/virt_del_nazionalismo_sito.jpg","datePublished":"2019-11-18T08:10:15+00:00","dateModified":"2024-06-12T12:40:33+00:00","breadcrumb":{"@id":"https:\/\/www.guerini.it\/index.php\/prodotto\/le-virtu-del-nazionalismo\/#breadcrumb"},"inLanguage":"it-IT","potentialAction":[{"@type":"ReadAction","target":["https:\/\/www.guerini.it\/index.php\/prodotto\/le-virtu-del-nazionalismo\/"]}]},{"@type":"ImageObject","inLanguage":"it-IT","@id":"https:\/\/www.guerini.it\/index.php\/prodotto\/le-virtu-del-nazionalismo\/#primaryimage","url":"https:\/\/www.guerini.it\/wp-content\/uploads\/2019\/11\/virt_del_nazionalismo_sito.jpg","contentUrl":"https:\/\/www.guerini.it\/wp-content\/uploads\/2019\/11\/virt_del_nazionalismo_sito.jpg","width":235,"height":353,"caption":"Virt\u00f9 del nazionalismo"},{"@type":"BreadcrumbList","@id":"https:\/\/www.guerini.it\/index.php\/prodotto\/le-virtu-del-nazionalismo\/#breadcrumb","itemListElement":[{"@type":"ListItem","position":1,"name":"Home","item":"https:\/\/www.guerini.it\/"},{"@type":"ListItem","position":2,"name":"Catalogo","item":"https:\/\/www.guerini.it\/index.php\/negozio\/"},{"@type":"ListItem","position":3,"name":"Le virt\u00f9 del nazionalismo"}]},{"@type":"WebSite","@id":"https:\/\/www.guerini.it\/#website","url":"https:\/\/www.guerini.it\/","name":"Guerini e Associati","description":"30 anni di libri, idee e libert\u00e0","publisher":{"@id":"https:\/\/www.guerini.it\/#organization"},"potentialAction":[{"@type":"SearchAction","target":{"@type":"EntryPoint","urlTemplate":"https:\/\/www.guerini.it\/?s={search_term_string}"},"query-input":{"@type":"PropertyValueSpecification","valueRequired":true,"valueName":"search_term_string"}}],"inLanguage":"it-IT"},{"@type":"Organization","@id":"https:\/\/www.guerini.it\/#organization","name":"Guerini e Associati","url":"https:\/\/www.guerini.it\/","logo":{"@type":"ImageObject","inLanguage":"it-IT","@id":"https:\/\/www.guerini.it\/#\/schema\/logo\/image\/","url":"https:\/\/www.guerini.it\/wp-content\/uploads\/2021\/03\/Logo-Guerini-OK_-e1615831292285.png","contentUrl":"https:\/\/www.guerini.it\/wp-content\/uploads\/2021\/03\/Logo-Guerini-OK_-e1615831292285.png","width":2805,"height":1870,"caption":"Guerini e Associati"},"image":{"@id":"https:\/\/www.guerini.it\/#\/schema\/logo\/image\/"}}]}},"_links":{"self":[{"href":"https:\/\/www.guerini.it\/index.php\/wp-json\/wp\/v2\/product\/16392","targetHints":{"allow":["GET"]}}],"collection":[{"href":"https:\/\/www.guerini.it\/index.php\/wp-json\/wp\/v2\/product"}],"about":[{"href":"https:\/\/www.guerini.it\/index.php\/wp-json\/wp\/v2\/types\/product"}],"wp:featuredmedia":[{"embeddable":true,"href":"https:\/\/www.guerini.it\/index.php\/wp-json\/wp\/v2\/media\/16391"}],"wp:attachment":[{"href":"https:\/\/www.guerini.it\/index.php\/wp-json\/wp\/v2\/media?parent=16392"}],"wp:term":[{"taxonomy":"product_brand","embeddable":true,"href":"https:\/\/www.guerini.it\/index.php\/wp-json\/wp\/v2\/product_brand?post=16392"},{"taxonomy":"product_cat","embeddable":true,"href":"https:\/\/www.guerini.it\/index.php\/wp-json\/wp\/v2\/product_cat?post=16392"},{"taxonomy":"product_tag","embeddable":true,"href":"https:\/\/www.guerini.it\/index.php\/wp-json\/wp\/v2\/product_tag?post=16392"}],"curies":[{"name":"wp","href":"https:\/\/api.w.org\/{rel}","templated":true}]}}