{"id":16404,"date":"2019-12-03T12:55:25","date_gmt":"2019-12-03T11:55:25","guid":{"rendered":"https:\/\/test.guerini.it\/?product=business-model-navigator"},"modified":"2024-06-12T14:39:04","modified_gmt":"2024-06-12T12:39:04","slug":"business-model-navigator","status":"publish","type":"product","link":"https:\/\/www.guerini.it\/index.php\/prodotto\/business-model-navigator\/","title":{"rendered":"Business Model Navigator"},"content":{"rendered":"<p style=\"text-align: center;\">\u00abUn eccellente strumento per sviluppare il vostro business model\u00bb<br \/>\nDr Heinz Derenbach, CEO, Bosch Software Innovations<\/p>\n<p style=\"text-align: justify;\">Un solido business model \u00e8 alla base di qualsiasi impresa di successo. Troppo spesso per\u00f2 non riusciamo ad adattarci, insistendo a seguire modelli superati che non possono pi\u00f9 darci i risultati di cui abbiamo realmente bisogno. Gli autori di <em>Business Model Navigator<\/em> hanno scoperto che 55 modelli imprenditoriali sono responsabili per il 90% dei business di maggior successo del mondo. Questi 55 modelli \u2013 da quello Add-on adottato da Ryanair a quello Subscription usato da Spotify \u2013 sono la mappa che vi serve per rivoluzionare la vostra azienda e guidarne il cambiamento. Oltre a fornire una pratica cornice di riferimento per adattare e innovare il vostro modello di business, ciascuno dei 55 modelli spiega sinteticamente:<\/p>\n<p style=\"text-align: justify;\">\u2022 Che cos\u2019\u00e8<br \/>\n\u2022 Chi lo ha inventato e chi lo sta usando ora<br \/>\n\u2022 Quando e come applicarlo<\/p>\n<hr \/>\n<p style=\"text-align: justify;\"><strong>Oliver Gassmann<\/strong> \u00e8 Senior Professor presso l\u2019Universit\u00e0 di St Gallen, Svizzera, e Direttore Generale dell\u2019Institute of Technology Management. Ha pubblicato 15 libri e pi\u00f9 di 300 articoli su importanti riviste di settore; inoltre \u00e8 membro del consiglio di amministrazione di svariate aziende. Nel 2014 a Washington \u00e8 stato riconosciuto come uno dei maggiori esperti dell\u2019innovazione a livello mondiale.<\/p>\n<p style=\"text-align: justify;\"><strong>Karolin Frankenberger<\/strong> \u00e8 Assistant Professor presso l\u2019Institute of Technology Management dell\u2019Universit\u00e0 di St Gallen ed \u00e8 a capo del BMI-lab. Dopo la ricerca e il dottorato all\u2019Universit\u00e0 di St Gallen, alla Harvard Business School e all\u2019Universit\u00e0 del Connecticut, ha lavorato per diversi anni come consulente presso la McKinsey&amp;Company.<\/p>\n<p style=\"text-align: justify;\"><strong>Michaela Csik<\/strong> lavora come Innovation Manager presso la Holcim Technology Ltd, in Svizzera. Precedentemente \u00e8 stata Senior Consultant presso il BMI-lab, cos\u00ec come Research Associate presso l\u2019Institute of Technology Management e presso il Center for Design Research della Stanford University.Gl<\/p>\n","protected":false},"excerpt":{"rendered":"<p style=\"text-align: center;\">\u00abUn eccellente strumento per sviluppare il vostro business model\u00bb<br \/>\nDr Heinz Derenbach, CEO, Bosch Software Innovations<\/p>\n<p>Un solido business model \u00e8 alla base di qualsiasi impresa di successo. Troppo spesso per\u00f2 non riusciamo ad adattarci, insistendo a seguire modelli superati che non possono pi\u00f9 darci i risultati di cui abbiamo realmente bisogno. Gli autori di\u00a0<em>Business Model Navigator<\/em>\u00a0hanno scoperto che 55 modelli imprenditoriali sono responsabili per il 90% dei business di maggior successo del mondo. Questi 55 modelli \u2013 da quello Add-on adottato da Ryanair a quello Subscription usato da Spotify \u2013 sono la mappa che vi serve per rivoluzionare la vostra azienda e guidarne il cambiamento. Oltre a fornire una pratica cornice di riferimento per adattare e innovare il vostro modello di business, ciascuno dei 55 modelli spiega sinteticamente:<\/p>\n<p>\u2022 Che cos\u2019\u00e8<br \/>\n\u2022 Chi lo ha inventato e chi lo sta usando ora<br \/>\n\u2022 Quando e come applicarlo<\/p>\n","protected":false},"featured_media":16403,"template":"","meta":{"_editorskit_title_hidden":false,"_editorskit_reading_time":0,"_editorskit_is_block_options_detached":false,"_editorskit_block_options_position":"{}","_monsterinsights_skip_tracking":false,"_monsterinsights_sitenote_active":false,"_monsterinsights_sitenote_note":"","_monsterinsights_sitenote_category":0},"product_brand":[],"product_cat":[6805,8828,6529],"product_tag":[],"class_list":{"0":"post-16404","1":"product","2":"type-product","3":"status-publish","4":"has-post-thumbnail","6":"product_cat-guerini-next","7":"product_cat-persone-strumenti-e-organizzazioni","8":"product_cat-economia-e-management","9":"pa_fulfillment-default","10":"pa_guerini_amazon_link-8e-httpswwwamazonitbusiness_m","11":"pa_guerini_feltrinelli_link-c3-httpswwwlafeltrinelliitlib","12":"pa_guerini_ibs_link-8d-httpswwwibsitbusiness_mode","13":"pa_guerini_libruniver_link-10-httpswwwlibreriauniversita","14":"pa_guerini_mondadori_link-60-httpswwwmondadoristoreitbu","16":"first","17":"instock","18":"sale","19":"shipping-taxable","20":"purchasable","21":"product-type-simple"},"yoast_head":"<!-- This site is optimized with the Yoast SEO plugin v25.4 - https:\/\/yoast.com\/wordpress\/plugins\/seo\/ -->\n<title>Business Model Navigator - Guerini e Associati<\/title>\n<meta name=\"robots\" content=\"index, follow, max-snippet:-1, max-image-preview:large, max-video-preview:-1\" \/>\n<link rel=\"canonical\" href=\"https:\/\/www.guerini.it\/index.php\/prodotto\/business-model-navigator\/\" \/>\n<meta property=\"og:locale\" content=\"it_IT\" \/>\n<meta property=\"og:type\" content=\"article\" \/>\n<meta property=\"og:title\" content=\"Business Model Navigator - Guerini e Associati\" \/>\n<meta property=\"og:description\" content=\"\u00abUn eccellente strumento per sviluppare il vostro business model\u00bb Dr Heinz Derenbach, CEO, Bosch Software Innovations Un solido business model \u00e8 alla base di qualsiasi impresa di successo. Troppo spesso per\u00f2 non riusciamo ad adattarci, insistendo a seguire modelli superati che non possono pi\u00f9 darci i risultati di cui abbiamo realmente bisogno. Gli autori di\u00a0Business Model Navigator\u00a0hanno scoperto che 55 modelli imprenditoriali sono responsabili per il 90% dei business di maggior successo del mondo. Questi 55 modelli \u2013 da quello Add-on adottato da Ryanair a quello Subscription usato da Spotify \u2013 sono la mappa che vi serve per rivoluzionare la vostra azienda e guidarne il cambiamento. Oltre a fornire una pratica cornice di riferimento per adattare e innovare il vostro modello di business, ciascuno dei 55 modelli spiega sinteticamente:  \u2022 Che cos\u2019\u00e8 \u2022 Chi lo ha inventato e chi lo sta usando ora \u2022 Quando e come applicarlo\" \/>\n<meta property=\"og:url\" content=\"https:\/\/www.guerini.it\/index.php\/prodotto\/business-model-navigator\/\" \/>\n<meta property=\"og:site_name\" content=\"Guerini e Associati\" \/>\n<meta property=\"article:modified_time\" content=\"2024-06-12T12:39:04+00:00\" \/>\n<meta property=\"og:image\" content=\"https:\/\/www.guerini.it\/wp-content\/uploads\/2019\/12\/business_model_navigator_sito.jpg\" \/>\n\t<meta property=\"og:image:width\" content=\"229\" \/>\n\t<meta property=\"og:image:height\" content=\"353\" \/>\n\t<meta property=\"og:image:type\" content=\"image\/jpeg\" \/>\n<meta name=\"twitter:card\" content=\"summary_large_image\" \/>\n<meta name=\"twitter:label1\" content=\"Tempo di lettura stimato\" \/>\n\t<meta name=\"twitter:data1\" content=\"2 minuti\" \/>\n<!-- \/ Yoast SEO plugin. -->","yoast_head_json":{"title":"Business Model Navigator - Guerini e Associati","robots":{"index":"index","follow":"follow","max-snippet":"max-snippet:-1","max-image-preview":"max-image-preview:large","max-video-preview":"max-video-preview:-1"},"canonical":"https:\/\/www.guerini.it\/index.php\/prodotto\/business-model-navigator\/","og_locale":"it_IT","og_type":"article","og_title":"Business Model Navigator - Guerini e Associati","og_description":"\u00abUn eccellente strumento per sviluppare il vostro business model\u00bb Dr Heinz Derenbach, CEO, Bosch Software Innovations Un solido business model \u00e8 alla base di qualsiasi impresa di successo. Troppo spesso per\u00f2 non riusciamo ad adattarci, insistendo a seguire modelli superati che non possono pi\u00f9 darci i risultati di cui abbiamo realmente bisogno. Gli autori di\u00a0Business Model Navigator\u00a0hanno scoperto che 55 modelli imprenditoriali sono responsabili per il 90% dei business di maggior successo del mondo. Questi 55 modelli \u2013 da quello Add-on adottato da Ryanair a quello Subscription usato da Spotify \u2013 sono la mappa che vi serve per rivoluzionare la vostra azienda e guidarne il cambiamento. Oltre a fornire una pratica cornice di riferimento per adattare e innovare il vostro modello di business, ciascuno dei 55 modelli spiega sinteticamente:  \u2022 Che cos\u2019\u00e8 \u2022 Chi lo ha inventato e chi lo sta usando ora \u2022 Quando e come applicarlo","og_url":"https:\/\/www.guerini.it\/index.php\/prodotto\/business-model-navigator\/","og_site_name":"Guerini e Associati","article_modified_time":"2024-06-12T12:39:04+00:00","og_image":[{"width":229,"height":353,"url":"https:\/\/www.guerini.it\/wp-content\/uploads\/2019\/12\/business_model_navigator_sito.jpg","type":"image\/jpeg"}],"twitter_card":"summary_large_image","twitter_misc":{"Tempo di lettura stimato":"2 minuti"},"schema":{"@context":"https:\/\/schema.org","@graph":[{"@type":"WebPage","@id":"https:\/\/www.guerini.it\/index.php\/prodotto\/business-model-navigator\/","url":"https:\/\/www.guerini.it\/index.php\/prodotto\/business-model-navigator\/","name":"Business Model Navigator - Guerini e Associati","isPartOf":{"@id":"https:\/\/www.guerini.it\/#website"},"primaryImageOfPage":{"@id":"https:\/\/www.guerini.it\/index.php\/prodotto\/business-model-navigator\/#primaryimage"},"image":{"@id":"https:\/\/www.guerini.it\/index.php\/prodotto\/business-model-navigator\/#primaryimage"},"thumbnailUrl":"https:\/\/www.guerini.it\/wp-content\/uploads\/2019\/12\/business_model_navigator_sito.jpg","datePublished":"2019-12-03T11:55:25+00:00","dateModified":"2024-06-12T12:39:04+00:00","breadcrumb":{"@id":"https:\/\/www.guerini.it\/index.php\/prodotto\/business-model-navigator\/#breadcrumb"},"inLanguage":"it-IT","potentialAction":[{"@type":"ReadAction","target":["https:\/\/www.guerini.it\/index.php\/prodotto\/business-model-navigator\/"]}]},{"@type":"ImageObject","inLanguage":"it-IT","@id":"https:\/\/www.guerini.it\/index.php\/prodotto\/business-model-navigator\/#primaryimage","url":"https:\/\/www.guerini.it\/wp-content\/uploads\/2019\/12\/business_model_navigator_sito.jpg","contentUrl":"https:\/\/www.guerini.it\/wp-content\/uploads\/2019\/12\/business_model_navigator_sito.jpg","width":229,"height":353,"caption":"Copertina del volume Business Model Navigator"},{"@type":"BreadcrumbList","@id":"https:\/\/www.guerini.it\/index.php\/prodotto\/business-model-navigator\/#breadcrumb","itemListElement":[{"@type":"ListItem","position":1,"name":"Home","item":"https:\/\/www.guerini.it\/"},{"@type":"ListItem","position":2,"name":"Catalogo","item":"https:\/\/www.guerini.it\/index.php\/negozio\/"},{"@type":"ListItem","position":3,"name":"Business Model Navigator"}]},{"@type":"WebSite","@id":"https:\/\/www.guerini.it\/#website","url":"https:\/\/www.guerini.it\/","name":"Guerini e Associati","description":"30 anni di libri, idee e libert\u00e0","publisher":{"@id":"https:\/\/www.guerini.it\/#organization"},"potentialAction":[{"@type":"SearchAction","target":{"@type":"EntryPoint","urlTemplate":"https:\/\/www.guerini.it\/?s={search_term_string}"},"query-input":{"@type":"PropertyValueSpecification","valueRequired":true,"valueName":"search_term_string"}}],"inLanguage":"it-IT"},{"@type":"Organization","@id":"https:\/\/www.guerini.it\/#organization","name":"Guerini e Associati","url":"https:\/\/www.guerini.it\/","logo":{"@type":"ImageObject","inLanguage":"it-IT","@id":"https:\/\/www.guerini.it\/#\/schema\/logo\/image\/","url":"https:\/\/www.guerini.it\/wp-content\/uploads\/2021\/03\/Logo-Guerini-OK_-e1615831292285.png","contentUrl":"https:\/\/www.guerini.it\/wp-content\/uploads\/2021\/03\/Logo-Guerini-OK_-e1615831292285.png","width":2805,"height":1870,"caption":"Guerini e Associati"},"image":{"@id":"https:\/\/www.guerini.it\/#\/schema\/logo\/image\/"}}]}},"_links":{"self":[{"href":"https:\/\/www.guerini.it\/index.php\/wp-json\/wp\/v2\/product\/16404","targetHints":{"allow":["GET"]}}],"collection":[{"href":"https:\/\/www.guerini.it\/index.php\/wp-json\/wp\/v2\/product"}],"about":[{"href":"https:\/\/www.guerini.it\/index.php\/wp-json\/wp\/v2\/types\/product"}],"wp:featuredmedia":[{"embeddable":true,"href":"https:\/\/www.guerini.it\/index.php\/wp-json\/wp\/v2\/media\/16403"}],"wp:attachment":[{"href":"https:\/\/www.guerini.it\/index.php\/wp-json\/wp\/v2\/media?parent=16404"}],"wp:term":[{"taxonomy":"product_brand","embeddable":true,"href":"https:\/\/www.guerini.it\/index.php\/wp-json\/wp\/v2\/product_brand?post=16404"},{"taxonomy":"product_cat","embeddable":true,"href":"https:\/\/www.guerini.it\/index.php\/wp-json\/wp\/v2\/product_cat?post=16404"},{"taxonomy":"product_tag","embeddable":true,"href":"https:\/\/www.guerini.it\/index.php\/wp-json\/wp\/v2\/product_tag?post=16404"}],"curies":[{"name":"wp","href":"https:\/\/api.w.org\/{rel}","templated":true}]}}