{"id":16408,"date":"2019-12-17T11:19:42","date_gmt":"2019-12-17T10:19:42","guid":{"rendered":"https:\/\/test.guerini.it\/?product=smart-leader"},"modified":"2024-06-12T14:38:10","modified_gmt":"2024-06-12T12:38:10","slug":"smart-leader","status":"publish","type":"product","link":"https:\/\/www.guerini.it\/index.php\/prodotto\/smart-leader\/","title":{"rendered":"Smart Leader"},"content":{"rendered":"<p style=\"text-align: justify;\">Smart working significa anzitutto smart leadership. Sempre pi\u00f9 organizzazioni stanno prendendo coscienza delle sfide della\u00a0\u00ableadership a distanza\u00bb: \u00e8 sempre pi\u00f9 richiesta la capacit\u00e0 di guidare team composta da persone che lavorano in citt\u00e0 o paesi differenti, spesso con fusi orari diversi, o anche team\u00a0\u00abibridi\u00bb in cui solo alcuni condividono lo spazio fisico di lavoro. Gli autori richiamano anzitutto i principi fondativi della buona leadership \u2014\u00a0da loro sintetizzati nel modello delle\u00a0\u00abTre O\u00bb (Outcomes, i risultati, Others, gli altri e Ourselves, noi stessi) \u2014 che non devono essere trascurati a causa della distanza e dei mezzi tecnologici impiegati per superarle- Al contrario, insegnano a interpretare la tecnologia come strumento invece che viverla come distrazione, focalizzando intenzione e obiettivi e neutralizzando l&#8217;effetto-distanza. Ricco di esempi ed esercizi concepiti per tenere alti morale e produttivit\u00e0, il volume offre una guida pratica per gestire efficacemente il proprio team, ovunque i collaboratori vivano e lavorino.<\/p>\n<hr \/>\n<p style=\"text-align: justify;\"><strong>Wayne Turmel <\/strong>\u00e8 co-founder del Remote Leadership Institute e autore di numerose pubblicazioni su leadership e produttivit\u00e0.<\/p>\n<p style=\"text-align: justify;\"><strong>Kevin Eikenberry <\/strong>\u00e8 noto executive coach e trainer e autore del best seller <em>Remarkable Leadership<\/em>.<\/p>\n","protected":false},"excerpt":{"rendered":"<p style=\"text-align: justify;\">Smart working significa anzitutto smart leadership. Sempre pi\u00f9 organizzazioni stanno prendendo coscienza delle sfide della \u00ableadership a distanza\u00bb: \u00e8 sempre pi\u00f9 richiesta la capacit\u00e0 di guidare team composta da persone che lavorano in citt\u00e0 o paesi differenti, spesso con fusi orari diversi, o anche team \u00abibridi\u00bb in cui solo alcuni condividono lo spazio fisico di lavoro. Gli autori richiamano anzitutto i principi fondativi della buona leadership \u2014 da loro sintetizzati nel modello delle \u00abTre O\u00bb (Outcomes, i risultati, Others, gli altri e Ourselves, noi stessi) \u2014 che non devono essere trascurati a causa della distanza e dei mezzi tecnologici impiegati per superarle- Al contrario, insegnano a interpretare la tecnologia come strumento invece che viverla come distrazione, focalizzando intenzione e obiettivi e neutralizzando l&#8217;effetto-distanza. Ricco di esempi ed esercizi concepiti per tenere alti morale e produttivit\u00e0, il volume offre una guida pratica per gestire efficacemente il proprio team, ovunque i collaboratori vivano e lavorino.<\/p>\n","protected":false},"featured_media":16407,"template":"","meta":{"_editorskit_title_hidden":false,"_editorskit_reading_time":0,"_editorskit_is_block_options_detached":false,"_editorskit_block_options_position":"{}","_monsterinsights_skip_tracking":false,"_monsterinsights_sitenote_active":false,"_monsterinsights_sitenote_note":"","_monsterinsights_sitenote_category":0},"product_brand":[],"product_cat":[6805,8828,6529],"product_tag":[7341,6967,9112],"class_list":{"0":"post-16408","1":"product","2":"type-product","3":"status-publish","4":"has-post-thumbnail","6":"product_cat-guerini-next","7":"product_cat-persone-strumenti-e-organizzazioni","8":"product_cat-economia-e-management","9":"product_tag-lavoro","10":"product_tag-leadership","11":"product_tag-produttivita","12":"pa_fulfillment-default","13":"pa_guerini_amazon_link-4e-httpswwwamazonitsmart_lead","14":"pa_guerini_feltrinelli_link-cf-httpswwwlafeltrinelliitlib","15":"pa_guerini_ibs_link-d1-httpswwwibsitsmart_leader_","16":"pa_guerini_libruniver_link-82-httpswwwlibreriauniversita","17":"pa_guerini_mondadori_link-04-httpswwwmondadoristoreitsm","19":"first","20":"instock","21":"sale","22":"shipping-taxable","23":"purchasable","24":"product-type-simple"},"yoast_head":"<!-- This site is optimized with the Yoast SEO plugin v25.4 - https:\/\/yoast.com\/wordpress\/plugins\/seo\/ -->\n<title>Smart Leader - Guerini e Associati<\/title>\n<meta name=\"robots\" content=\"index, follow, max-snippet:-1, max-image-preview:large, max-video-preview:-1\" \/>\n<link rel=\"canonical\" href=\"https:\/\/www.guerini.it\/index.php\/prodotto\/smart-leader\/\" \/>\n<meta property=\"og:locale\" content=\"it_IT\" \/>\n<meta property=\"og:type\" content=\"article\" \/>\n<meta property=\"og:title\" content=\"Smart Leader - Guerini e Associati\" \/>\n<meta property=\"og:description\" content=\"Smart working significa anzitutto smart leadership. Sempre pi\u00f9 organizzazioni stanno prendendo coscienza delle sfide della \u00ableadership a distanza\u00bb: \u00e8 sempre pi\u00f9 richiesta la capacit\u00e0 di guidare team composta da persone che lavorano in citt\u00e0 o paesi differenti, spesso con fusi orari diversi, o anche team \u00abibridi\u00bb in cui solo alcuni condividono lo spazio fisico di lavoro. Gli autori richiamano anzitutto i principi fondativi della buona leadership \u2014 da loro sintetizzati nel modello delle \u00abTre O\u00bb (Outcomes, i risultati, Others, gli altri e Ourselves, noi stessi) \u2014 che non devono essere trascurati a causa della distanza e dei mezzi tecnologici impiegati per superarle- Al contrario, insegnano a interpretare la tecnologia come strumento invece che viverla come distrazione, focalizzando intenzione e obiettivi e neutralizzando l&#039;effetto-distanza. Ricco di esempi ed esercizi concepiti per tenere alti morale e produttivit\u00e0, il volume offre una guida pratica per gestire efficacemente il proprio team, ovunque i collaboratori vivano e lavorino.\" \/>\n<meta property=\"og:url\" content=\"https:\/\/www.guerini.it\/index.php\/prodotto\/smart-leader\/\" \/>\n<meta property=\"og:site_name\" content=\"Guerini e Associati\" \/>\n<meta property=\"article:modified_time\" content=\"2024-06-12T12:38:10+00:00\" \/>\n<meta property=\"og:image\" content=\"https:\/\/www.guerini.it\/wp-content\/uploads\/2019\/12\/smart_leader_sito.jpg\" \/>\n\t<meta property=\"og:image:width\" content=\"226\" \/>\n\t<meta property=\"og:image:height\" content=\"353\" \/>\n\t<meta property=\"og:image:type\" content=\"image\/jpeg\" \/>\n<meta name=\"twitter:card\" content=\"summary_large_image\" \/>\n<meta name=\"twitter:label1\" content=\"Tempo di lettura stimato\" \/>\n\t<meta name=\"twitter:data1\" content=\"1 minuto\" \/>\n<!-- \/ Yoast SEO plugin. -->","yoast_head_json":{"title":"Smart Leader - Guerini e Associati","robots":{"index":"index","follow":"follow","max-snippet":"max-snippet:-1","max-image-preview":"max-image-preview:large","max-video-preview":"max-video-preview:-1"},"canonical":"https:\/\/www.guerini.it\/index.php\/prodotto\/smart-leader\/","og_locale":"it_IT","og_type":"article","og_title":"Smart Leader - Guerini e Associati","og_description":"Smart working significa anzitutto smart leadership. Sempre pi\u00f9 organizzazioni stanno prendendo coscienza delle sfide della \u00ableadership a distanza\u00bb: \u00e8 sempre pi\u00f9 richiesta la capacit\u00e0 di guidare team composta da persone che lavorano in citt\u00e0 o paesi differenti, spesso con fusi orari diversi, o anche team \u00abibridi\u00bb in cui solo alcuni condividono lo spazio fisico di lavoro. Gli autori richiamano anzitutto i principi fondativi della buona leadership \u2014 da loro sintetizzati nel modello delle \u00abTre O\u00bb (Outcomes, i risultati, Others, gli altri e Ourselves, noi stessi) \u2014 che non devono essere trascurati a causa della distanza e dei mezzi tecnologici impiegati per superarle- Al contrario, insegnano a interpretare la tecnologia come strumento invece che viverla come distrazione, focalizzando intenzione e obiettivi e neutralizzando l'effetto-distanza. Ricco di esempi ed esercizi concepiti per tenere alti morale e produttivit\u00e0, il volume offre una guida pratica per gestire efficacemente il proprio team, ovunque i collaboratori vivano e lavorino.","og_url":"https:\/\/www.guerini.it\/index.php\/prodotto\/smart-leader\/","og_site_name":"Guerini e Associati","article_modified_time":"2024-06-12T12:38:10+00:00","og_image":[{"width":226,"height":353,"url":"https:\/\/www.guerini.it\/wp-content\/uploads\/2019\/12\/smart_leader_sito.jpg","type":"image\/jpeg"}],"twitter_card":"summary_large_image","twitter_misc":{"Tempo di lettura stimato":"1 minuto"},"schema":{"@context":"https:\/\/schema.org","@graph":[{"@type":"WebPage","@id":"https:\/\/www.guerini.it\/index.php\/prodotto\/smart-leader\/","url":"https:\/\/www.guerini.it\/index.php\/prodotto\/smart-leader\/","name":"Smart Leader - Guerini e Associati","isPartOf":{"@id":"https:\/\/www.guerini.it\/#website"},"primaryImageOfPage":{"@id":"https:\/\/www.guerini.it\/index.php\/prodotto\/smart-leader\/#primaryimage"},"image":{"@id":"https:\/\/www.guerini.it\/index.php\/prodotto\/smart-leader\/#primaryimage"},"thumbnailUrl":"https:\/\/www.guerini.it\/wp-content\/uploads\/2019\/12\/smart_leader_sito.jpg","datePublished":"2019-12-17T10:19:42+00:00","dateModified":"2024-06-12T12:38:10+00:00","breadcrumb":{"@id":"https:\/\/www.guerini.it\/index.php\/prodotto\/smart-leader\/#breadcrumb"},"inLanguage":"it-IT","potentialAction":[{"@type":"ReadAction","target":["https:\/\/www.guerini.it\/index.php\/prodotto\/smart-leader\/"]}]},{"@type":"ImageObject","inLanguage":"it-IT","@id":"https:\/\/www.guerini.it\/index.php\/prodotto\/smart-leader\/#primaryimage","url":"https:\/\/www.guerini.it\/wp-content\/uploads\/2019\/12\/smart_leader_sito.jpg","contentUrl":"https:\/\/www.guerini.it\/wp-content\/uploads\/2019\/12\/smart_leader_sito.jpg","width":226,"height":353,"caption":"Copertina del volume Smart Leader"},{"@type":"BreadcrumbList","@id":"https:\/\/www.guerini.it\/index.php\/prodotto\/smart-leader\/#breadcrumb","itemListElement":[{"@type":"ListItem","position":1,"name":"Home","item":"https:\/\/www.guerini.it\/"},{"@type":"ListItem","position":2,"name":"Catalogo","item":"https:\/\/www.guerini.it\/index.php\/negozio\/"},{"@type":"ListItem","position":3,"name":"Smart Leader"}]},{"@type":"WebSite","@id":"https:\/\/www.guerini.it\/#website","url":"https:\/\/www.guerini.it\/","name":"Guerini e Associati","description":"30 anni di libri, idee e libert\u00e0","publisher":{"@id":"https:\/\/www.guerini.it\/#organization"},"potentialAction":[{"@type":"SearchAction","target":{"@type":"EntryPoint","urlTemplate":"https:\/\/www.guerini.it\/?s={search_term_string}"},"query-input":{"@type":"PropertyValueSpecification","valueRequired":true,"valueName":"search_term_string"}}],"inLanguage":"it-IT"},{"@type":"Organization","@id":"https:\/\/www.guerini.it\/#organization","name":"Guerini e Associati","url":"https:\/\/www.guerini.it\/","logo":{"@type":"ImageObject","inLanguage":"it-IT","@id":"https:\/\/www.guerini.it\/#\/schema\/logo\/image\/","url":"https:\/\/www.guerini.it\/wp-content\/uploads\/2021\/03\/Logo-Guerini-OK_-e1615831292285.png","contentUrl":"https:\/\/www.guerini.it\/wp-content\/uploads\/2021\/03\/Logo-Guerini-OK_-e1615831292285.png","width":2805,"height":1870,"caption":"Guerini e Associati"},"image":{"@id":"https:\/\/www.guerini.it\/#\/schema\/logo\/image\/"}}]}},"_links":{"self":[{"href":"https:\/\/www.guerini.it\/index.php\/wp-json\/wp\/v2\/product\/16408","targetHints":{"allow":["GET"]}}],"collection":[{"href":"https:\/\/www.guerini.it\/index.php\/wp-json\/wp\/v2\/product"}],"about":[{"href":"https:\/\/www.guerini.it\/index.php\/wp-json\/wp\/v2\/types\/product"}],"wp:featuredmedia":[{"embeddable":true,"href":"https:\/\/www.guerini.it\/index.php\/wp-json\/wp\/v2\/media\/16407"}],"wp:attachment":[{"href":"https:\/\/www.guerini.it\/index.php\/wp-json\/wp\/v2\/media?parent=16408"}],"wp:term":[{"taxonomy":"product_brand","embeddable":true,"href":"https:\/\/www.guerini.it\/index.php\/wp-json\/wp\/v2\/product_brand?post=16408"},{"taxonomy":"product_cat","embeddable":true,"href":"https:\/\/www.guerini.it\/index.php\/wp-json\/wp\/v2\/product_cat?post=16408"},{"taxonomy":"product_tag","embeddable":true,"href":"https:\/\/www.guerini.it\/index.php\/wp-json\/wp\/v2\/product_tag?post=16408"}],"curies":[{"name":"wp","href":"https:\/\/api.w.org\/{rel}","templated":true}]}}