{"id":16414,"date":"2020-01-16T08:37:50","date_gmt":"2020-01-16T07:37:50","guid":{"rendered":"https:\/\/test.guerini.it\/?product=i-robot-non-sanno-fare-networking-per-adesso"},"modified":"2024-09-10T17:05:32","modified_gmt":"2024-09-10T15:05:32","slug":"i-robot-non-sanno-fare-networking-per-adesso","status":"publish","type":"product","link":"https:\/\/www.guerini.it\/index.php\/prodotto\/i-robot-non-sanno-fare-networking-per-adesso\/","title":{"rendered":"I robot non sanno fare networking (per adesso)"},"content":{"rendered":"<p style=\"text-align: justify;\">\u00abConta quello che c\u2019\u00e8 scritto sul curriculum, quello che hai fatto\u00bb, \u00e8 stata la legge che fino a\u00a0ieri ha governato la scalata dei cv al mondo professionale. L\u2019attuale mercato del lavoro sembra\u00a0invece interessarsi in modo crescente alle cosiddette <em>soft skill<\/em>, le competenze attitudinali\u00a0che rendono un profilo pi\u00f9 attrezzato di un altro.<br \/>\nLa soft skill \u00abregina\u00bb, che permetter\u00e0 a giovani e senior di affrontare i cambiamenti esponenziali\u00a0sociali e tecnologici che ci attendono, \u00e8 la capacit\u00e0 di creare e manutenere le relazioni\u00a0interpersonali e professionali nel tempo. Altrimenti detto, il <em>networking<\/em>.<br \/>\nNel libro si racconta in modo semplice, appassionato e dettagliato, una storia personale, che pu\u00f2\u00a0aiutare i lettori a comprendere le dinamiche che regolano la costruzione di una efficace rete di\u00a0contatti. Casi reali, sviscerati in altrettanti<em> take away<\/em> di approfondimento metodologico e\u00a0sublimati in citazioni, fanno comprendere come un\u2019esperienza di quarant\u2019anni possa essere\u00a0replicabile e alla portata di chi legge, attraverso l\u2019allenamento e un buon metodo.<\/p>\n<hr \/>\n<p><strong>Gianfranco Minutolo<\/strong> ha oltre trentacinque anni di esperienza aziendale e professionale, venticinque\u00a0dei quali spesi in attivit\u00e0 di cost management con la sua societ\u00e0 di consulenza, Corporate\u00a0Consulting srl. Dal 2010 al 2017 \u00e8 stato dirigente responsabile della Direzione Relazioni con gli\u00a0Alumni Bocconi, nonch\u00e9 direttore di BAA (Bocconi Alumni Association), contribuendo a sviluppare\u00a0la community globale di 114.000 ex studenti e collaborando all\u2019organizzazione di oltre 1.500\u00a0eventi in tutto il mondo.<\/p>\n","protected":false},"excerpt":{"rendered":"<p>\u00abConta quello che c\u2019\u00e8 scritto sul curriculum, quello che hai fatto\u00bb, \u00e8 stata la legge che fino a ieri ha governato la scalata dei cv al mondo professionale. L\u2019attuale mercato del lavoro sembra invece interessarsi in modo crescente alle cosiddette soft skill, le competenze attitudinali che rendono un profilo pi\u00f9 attrezzato di un altro.<br \/>\nLa soft skill \u00abregina\u00bb, che permetter\u00e0 a giovani e senior di affrontare i cambiamenti esponenziali sociali e tecnologici che ci attendono, \u00e8 la capacit\u00e0 di creare e manutenere le relazioni interpersonali e professionali nel tempo. Altrimenti detto, il networking.<br \/>\nNel libro si racconta in modo semplice, appassionato e dettagliato, una storia personale, che pu\u00f2 aiutare i lettori a comprendere le dinamiche che regolano la costruzione di una efficace rete di contatti. Casi reali, sviscerati in altrettanti take away di approfondimento metodologico e sublimati in citazioni, fanno comprendere come un\u2019esperienza di quarant\u2019anni possa essere replicabile e alla portata di chi legge, attraverso l\u2019allenamento e un buon metodo.<\/p>\n","protected":false},"featured_media":16413,"template":"","meta":{"_editorskit_title_hidden":false,"_editorskit_reading_time":0,"_editorskit_is_block_options_detached":false,"_editorskit_block_options_position":"{}","_monsterinsights_skip_tracking":false,"_monsterinsights_sitenote_active":false,"_monsterinsights_sitenote_note":"","_monsterinsights_sitenote_category":0},"product_brand":[],"product_cat":[6805,6529],"product_tag":[],"class_list":{"0":"post-16414","1":"product","2":"type-product","3":"status-publish","4":"has-post-thumbnail","6":"product_cat-guerini-next","7":"product_cat-economia-e-management","8":"pa_fulfillment-default","9":"pa_guerini_amazon_link-87-httpswwwamazonitnetworking","10":"pa_guerini_feltrinelli_link-b2-httpswwwlafeltrinelliitlib","11":"pa_guerini_ibs_link-6c-httpswwwibsitrobot_non_san","12":"pa_guerini_libruniver_link-https-www-libreriauniversitaria-it-robot-non-sanno-fare-networking-libro-9788868963118","13":"pa_guerini_link_amazon-9c-httpswwwamazonitdpb083tz3b","14":"pa_guerini_link_apple_ibook-30-httpsbooksapplecomitbooki_","15":"pa_guerini_link_bookrepublic-https-www-bookrepublic-it-ebook-9788868963194-i-robot-non-sanno-fare-networking-per-adesso-12-take-away-su-come-creare-e-gestirerelazioni-interpersonali-nellera-digitale","16":"pa_guerini_link_giunti_punto-https-www-giuntialpunto-it-product-b083tz3bg6-libri-i-robot-non-sanno-fare-networking-adesso-12-take-away-su-come-creare-e","17":"pa_guerini_link_ibs-https-www-ibs-it-robot-non-sanno-fare-networking-ebook-gianfranco-minutolo-e-9788868963194","18":"pa_guerini_link_kobo-f3-httpswwwkobocomititebooki_","19":"pa_guerini_link_lafeltrinelli-40-httpswwwlafeltrinelliitebo","20":"pa_guerini_link_mondadori-https-www-mondadoristore-it-robot-non-sanno-fare-gianfranco-minutolo-eai978886896319","21":"pa_guerini_mondadori_link-ad-httpswwwmondadoristoreitro","23":"first","24":"instock","25":"sale","26":"shipping-taxable","27":"purchasable","28":"product-type-simple"},"yoast_head":"<!-- This site is optimized with the Yoast SEO plugin v25.4 - https:\/\/yoast.com\/wordpress\/plugins\/seo\/ -->\n<title>I robot non sanno fare networking (per adesso) - Guerini e Associati<\/title>\n<meta name=\"robots\" content=\"index, follow, max-snippet:-1, max-image-preview:large, max-video-preview:-1\" \/>\n<link rel=\"canonical\" href=\"https:\/\/www.guerini.it\/index.php\/prodotto\/i-robot-non-sanno-fare-networking-per-adesso\/\" \/>\n<meta property=\"og:locale\" content=\"it_IT\" \/>\n<meta property=\"og:type\" content=\"article\" \/>\n<meta property=\"og:title\" content=\"I robot non sanno fare networking (per adesso) - Guerini e Associati\" \/>\n<meta property=\"og:description\" content=\"\u00abConta quello che c\u2019\u00e8 scritto sul curriculum, quello che hai fatto\u00bb, \u00e8 stata la legge che fino a ieri ha governato la scalata dei cv al mondo professionale. L\u2019attuale mercato del lavoro sembra invece interessarsi in modo crescente alle cosiddette soft skill, le competenze attitudinali che rendono un profilo pi\u00f9 attrezzato di un altro. La soft skill \u00abregina\u00bb, che permetter\u00e0 a giovani e senior di affrontare i cambiamenti esponenziali sociali e tecnologici che ci attendono, \u00e8 la capacit\u00e0 di creare e manutenere le relazioni interpersonali e professionali nel tempo. Altrimenti detto, il networking. Nel libro si racconta in modo semplice, appassionato e dettagliato, una storia personale, che pu\u00f2 aiutare i lettori a comprendere le dinamiche che regolano la costruzione di una efficace rete di contatti. Casi reali, sviscerati in altrettanti take away di approfondimento metodologico e sublimati in citazioni, fanno comprendere come un\u2019esperienza di quarant\u2019anni possa essere replicabile e alla portata di chi legge, attraverso l\u2019allenamento e un buon metodo.\" \/>\n<meta property=\"og:url\" content=\"https:\/\/www.guerini.it\/index.php\/prodotto\/i-robot-non-sanno-fare-networking-per-adesso\/\" \/>\n<meta property=\"og:site_name\" content=\"Guerini e Associati\" \/>\n<meta property=\"article:modified_time\" content=\"2024-09-10T15:05:32+00:00\" \/>\n<meta property=\"og:image\" content=\"https:\/\/www.guerini.it\/wp-content\/uploads\/2020\/01\/robot_..._networking_sito.jpg\" \/>\n\t<meta property=\"og:image:width\" content=\"235\" \/>\n\t<meta property=\"og:image:height\" content=\"353\" \/>\n\t<meta property=\"og:image:type\" content=\"image\/jpeg\" \/>\n<meta name=\"twitter:card\" content=\"summary_large_image\" \/>\n<meta name=\"twitter:label1\" content=\"Tempo di lettura stimato\" \/>\n\t<meta name=\"twitter:data1\" content=\"2 minuti\" \/>\n<!-- \/ Yoast SEO plugin. -->","yoast_head_json":{"title":"I robot non sanno fare networking (per adesso) - Guerini e Associati","robots":{"index":"index","follow":"follow","max-snippet":"max-snippet:-1","max-image-preview":"max-image-preview:large","max-video-preview":"max-video-preview:-1"},"canonical":"https:\/\/www.guerini.it\/index.php\/prodotto\/i-robot-non-sanno-fare-networking-per-adesso\/","og_locale":"it_IT","og_type":"article","og_title":"I robot non sanno fare networking (per adesso) - Guerini e Associati","og_description":"\u00abConta quello che c\u2019\u00e8 scritto sul curriculum, quello che hai fatto\u00bb, \u00e8 stata la legge che fino a ieri ha governato la scalata dei cv al mondo professionale. L\u2019attuale mercato del lavoro sembra invece interessarsi in modo crescente alle cosiddette soft skill, le competenze attitudinali che rendono un profilo pi\u00f9 attrezzato di un altro. La soft skill \u00abregina\u00bb, che permetter\u00e0 a giovani e senior di affrontare i cambiamenti esponenziali sociali e tecnologici che ci attendono, \u00e8 la capacit\u00e0 di creare e manutenere le relazioni interpersonali e professionali nel tempo. Altrimenti detto, il networking. Nel libro si racconta in modo semplice, appassionato e dettagliato, una storia personale, che pu\u00f2 aiutare i lettori a comprendere le dinamiche che regolano la costruzione di una efficace rete di contatti. Casi reali, sviscerati in altrettanti take away di approfondimento metodologico e sublimati in citazioni, fanno comprendere come un\u2019esperienza di quarant\u2019anni possa essere replicabile e alla portata di chi legge, attraverso l\u2019allenamento e un buon metodo.","og_url":"https:\/\/www.guerini.it\/index.php\/prodotto\/i-robot-non-sanno-fare-networking-per-adesso\/","og_site_name":"Guerini e Associati","article_modified_time":"2024-09-10T15:05:32+00:00","og_image":[{"width":235,"height":353,"url":"https:\/\/www.guerini.it\/wp-content\/uploads\/2020\/01\/robot_..._networking_sito.jpg","type":"image\/jpeg"}],"twitter_card":"summary_large_image","twitter_misc":{"Tempo di lettura stimato":"2 minuti"},"schema":{"@context":"https:\/\/schema.org","@graph":[{"@type":"WebPage","@id":"https:\/\/www.guerini.it\/index.php\/prodotto\/i-robot-non-sanno-fare-networking-per-adesso\/","url":"https:\/\/www.guerini.it\/index.php\/prodotto\/i-robot-non-sanno-fare-networking-per-adesso\/","name":"I robot non sanno fare networking (per adesso) - Guerini e Associati","isPartOf":{"@id":"https:\/\/www.guerini.it\/#website"},"primaryImageOfPage":{"@id":"https:\/\/www.guerini.it\/index.php\/prodotto\/i-robot-non-sanno-fare-networking-per-adesso\/#primaryimage"},"image":{"@id":"https:\/\/www.guerini.it\/index.php\/prodotto\/i-robot-non-sanno-fare-networking-per-adesso\/#primaryimage"},"thumbnailUrl":"https:\/\/www.guerini.it\/wp-content\/uploads\/2020\/01\/robot_..._networking_sito.jpg","datePublished":"2020-01-16T07:37:50+00:00","dateModified":"2024-09-10T15:05:32+00:00","breadcrumb":{"@id":"https:\/\/www.guerini.it\/index.php\/prodotto\/i-robot-non-sanno-fare-networking-per-adesso\/#breadcrumb"},"inLanguage":"it-IT","potentialAction":[{"@type":"ReadAction","target":["https:\/\/www.guerini.it\/index.php\/prodotto\/i-robot-non-sanno-fare-networking-per-adesso\/"]}]},{"@type":"ImageObject","inLanguage":"it-IT","@id":"https:\/\/www.guerini.it\/index.php\/prodotto\/i-robot-non-sanno-fare-networking-per-adesso\/#primaryimage","url":"https:\/\/www.guerini.it\/wp-content\/uploads\/2020\/01\/robot_..._networking_sito.jpg","contentUrl":"https:\/\/www.guerini.it\/wp-content\/uploads\/2020\/01\/robot_..._networking_sito.jpg","width":235,"height":353,"caption":"I robot non sanno fare networking (per adesso)"},{"@type":"BreadcrumbList","@id":"https:\/\/www.guerini.it\/index.php\/prodotto\/i-robot-non-sanno-fare-networking-per-adesso\/#breadcrumb","itemListElement":[{"@type":"ListItem","position":1,"name":"Home","item":"https:\/\/www.guerini.it\/"},{"@type":"ListItem","position":2,"name":"Catalogo","item":"https:\/\/www.guerini.it\/index.php\/negozio\/"},{"@type":"ListItem","position":3,"name":"I robot non sanno fare networking (per adesso)"}]},{"@type":"WebSite","@id":"https:\/\/www.guerini.it\/#website","url":"https:\/\/www.guerini.it\/","name":"Guerini e Associati","description":"30 anni di libri, idee e libert\u00e0","publisher":{"@id":"https:\/\/www.guerini.it\/#organization"},"potentialAction":[{"@type":"SearchAction","target":{"@type":"EntryPoint","urlTemplate":"https:\/\/www.guerini.it\/?s={search_term_string}"},"query-input":{"@type":"PropertyValueSpecification","valueRequired":true,"valueName":"search_term_string"}}],"inLanguage":"it-IT"},{"@type":"Organization","@id":"https:\/\/www.guerini.it\/#organization","name":"Guerini e Associati","url":"https:\/\/www.guerini.it\/","logo":{"@type":"ImageObject","inLanguage":"it-IT","@id":"https:\/\/www.guerini.it\/#\/schema\/logo\/image\/","url":"https:\/\/www.guerini.it\/wp-content\/uploads\/2021\/03\/Logo-Guerini-OK_-e1615831292285.png","contentUrl":"https:\/\/www.guerini.it\/wp-content\/uploads\/2021\/03\/Logo-Guerini-OK_-e1615831292285.png","width":2805,"height":1870,"caption":"Guerini e Associati"},"image":{"@id":"https:\/\/www.guerini.it\/#\/schema\/logo\/image\/"}}]}},"_links":{"self":[{"href":"https:\/\/www.guerini.it\/index.php\/wp-json\/wp\/v2\/product\/16414","targetHints":{"allow":["GET"]}}],"collection":[{"href":"https:\/\/www.guerini.it\/index.php\/wp-json\/wp\/v2\/product"}],"about":[{"href":"https:\/\/www.guerini.it\/index.php\/wp-json\/wp\/v2\/types\/product"}],"wp:featuredmedia":[{"embeddable":true,"href":"https:\/\/www.guerini.it\/index.php\/wp-json\/wp\/v2\/media\/16413"}],"wp:attachment":[{"href":"https:\/\/www.guerini.it\/index.php\/wp-json\/wp\/v2\/media?parent=16414"}],"wp:term":[{"taxonomy":"product_brand","embeddable":true,"href":"https:\/\/www.guerini.it\/index.php\/wp-json\/wp\/v2\/product_brand?post=16414"},{"taxonomy":"product_cat","embeddable":true,"href":"https:\/\/www.guerini.it\/index.php\/wp-json\/wp\/v2\/product_cat?post=16414"},{"taxonomy":"product_tag","embeddable":true,"href":"https:\/\/www.guerini.it\/index.php\/wp-json\/wp\/v2\/product_tag?post=16414"}],"curies":[{"name":"wp","href":"https:\/\/api.w.org\/{rel}","templated":true}]}}