{"id":16422,"date":"2020-02-06T11:19:48","date_gmt":"2020-02-06T10:19:48","guid":{"rendered":"https:\/\/test.guerini.it\/?product=buddhismo-al-femminile"},"modified":"2024-09-29T13:32:55","modified_gmt":"2024-09-29T11:32:55","slug":"buddhismo-al-femminile","status":"publish","type":"product","link":"https:\/\/www.guerini.it\/index.php\/prodotto\/buddhismo-al-femminile\/","title":{"rendered":"Buddhismo al femminile"},"content":{"rendered":"<p style=\"text-align: justify;\"><em>Tronfia per il mio incarnato perfetto, per le mie forme,\/per quant\u2019ero bella e rinomata,\/facendo conto sulla mia giovent\u00f9 spregiavo le altre donne.\/Agghindato il corpo, con addosso vesti sgargianti \u2013 i babbei non ciarlavano d\u2019altro \u2013\/mi piazzavo alla porta del bordello, come il cacciatore tende la trappola.\/Esibendo le mie cose belle, sbandierando le molte da tener nascoste,\/ordii ogni sorta di chimere: di non pochi mi sono fatta beffe.\/Oggi questa donna \u2013 io \u2013 vagola qua e l\u00e0 per un boccone d\u2019elemosina,\/con la testa rapata, fatta su nello scialle monastico;\/da ultimo, seduta ai piedi di un albero ha posto fine al lavorio del pensare.\/Spezzato ogni vincolo, sono nel <\/em>nirv\u0101\u1e47a<em>.<\/em><\/p>\n<p style=\"text-align: justify;\">Il Buddha, vissuto a cavallo tra il VI e il V secolo a.C., fu il primo a creare in India un ordine monastico femminile: una decisione quasi rivoluzionaria per quell\u2019epoca e in quel contesto culturale. Le Poesie delle monache (<em>Ther\u012bg\u0101th\u0101<\/em>), qui tradotte in modo rigoroso ma moderno, rendono testimonianza del percorso umano e spirituale di queste donne che vissero pi\u00f9 di 2500 anni fa, tra loro diversissime: provenivano da villaggi sperduti e da citt\u00e0 opulente, da famiglie di rango altissimo e di censo abietto \u2013 persino da postriboli. Il volume \u00e8 completato da un\u2019ampia sintesi degli insegnamenti del Maestro \u2013 il principe Siddh\u0101rtha, che poi divenne il Buddha \u2013 e dalla storia, travagliata e unica nel suo genere, della Comunit\u00e0 delle monache.<\/p>\n<hr \/>\n<p style=\"text-align: justify;\"><strong>Daniela Rossella<\/strong>, indologa allieva di Carlo Della Casa, da quarant\u2019anni si dedica all\u2019insegnamento e alla ricerca. Oltre a libri e articoli in riviste e in collane di settore, ha pubblicato numerose traduzioni dal sanscrito, specialmente nell\u2019ambito della poesia e della mistica dell\u2019India antica e classica. Presso Guerini e Associati \u00e8 apparso, nel 2017, <em>Induismo. Religiosit\u00e0, pensiero, letteratura<\/em>.<\/p>\n","protected":false},"excerpt":{"rendered":"<p style=\"text-align: justify;\"><em>Tronfia per il mio incarnato perfetto, per le mie forme,\/per quant\u2019ero bella e rinomata,\/facendo conto sulla mia giovent\u00f9 spregiavo le altre donne.\/Agghindato il corpo, con addosso vesti sgargianti \u2013 i babbei non ciarlavano d\u2019altro \u2013\/mi piazzavo alla porta del bordello, come il cacciatore tende la trappola.\/Esibendo le mie cose belle, sbandierando le molte da tener nascoste,\/ordii ogni sorta di chimere: di non pochi mi sono fatta beffe.\/Oggi questa donna \u2013 io \u2013 vagola qua e l\u00e0 per un boccone d\u2019elemosina,\/con la testa rapata, fatta su nello scialle monastico;\/da ultimo, seduta ai piedi di un albero ha posto fine al lavorio del pensare.\/Spezzato ogni vincolo, sono nel <\/em>nirv\u0101\u1e47a<em>.<\/em><\/p>\n<p style=\"text-align: justify;\">Il Buddha, vissuto a cavallo tra il VI e il V secolo a.C., fu il primo a creare in India un ordine monastico femminile: una decisione quasi rivoluzionaria per quell\u2019epoca e in quel contesto culturale. Le Poesie delle monache (<em>Ther\u012bg\u0101th\u0101<\/em>), qui tradotte in modo rigoroso ma moderno, rendono testimonianza del percorso umano e spirituale di queste donne che vissero pi\u00f9 di 2500 anni fa, tra loro diversissime: provenivano da villaggi sperduti e da citt\u00e0 opulente, da famiglie di rango altissimo e di censo abietto \u2013 persino da postriboli. Il volume \u00e8 completato da un\u2019ampia sintesi degli insegnamenti del Maestro \u2013 il principe Siddh\u0101rtha, che poi divenne il Buddha \u2013 e dalla storia, travagliata e unica nel suo genere, della Comunit\u00e0 delle monache.<\/p>\n","protected":false},"featured_media":16421,"template":"","meta":{"_editorskit_title_hidden":false,"_editorskit_reading_time":0,"_editorskit_is_block_options_detached":false,"_editorskit_block_options_position":"{}","_monsterinsights_skip_tracking":false,"_monsterinsights_sitenote_active":false,"_monsterinsights_sitenote_note":"","_monsterinsights_sitenote_category":0},"product_brand":[],"product_cat":[6560,6533],"product_tag":[],"class_list":{"0":"post-16422","1":"product","2":"type-product","3":"status-publish","4":"has-post-thumbnail","6":"product_cat-bl","7":"product_cat-lingue-e-letteratura","8":"pa_fulfillment-default","9":"pa_guerini_amazon_link-9c-httpswwwamazonitbuddhismo_","10":"pa_guerini_feltrinelli_link-3b-httpswwwlafeltrinelliitlib","11":"pa_guerini_libruniver_link-85-httpswwwlibreriauniversita","12":"pa_guerini_mondadori_link-e7-httpswwwmondadoristoreitbu","14":"first","15":"instock","16":"sale","17":"shipping-taxable","18":"purchasable","19":"product-type-simple"},"yoast_head":"<!-- This site is optimized with the Yoast SEO plugin v25.4 - https:\/\/yoast.com\/wordpress\/plugins\/seo\/ -->\n<title>Buddhismo al femminile - Guerini e Associati<\/title>\n<meta name=\"robots\" content=\"index, follow, max-snippet:-1, max-image-preview:large, max-video-preview:-1\" \/>\n<link rel=\"canonical\" href=\"https:\/\/www.guerini.it\/index.php\/prodotto\/buddhismo-al-femminile\/\" \/>\n<meta property=\"og:locale\" content=\"it_IT\" \/>\n<meta property=\"og:type\" content=\"article\" \/>\n<meta property=\"og:title\" content=\"Buddhismo al femminile - Guerini e Associati\" \/>\n<meta property=\"og:description\" content=\"Tronfia per il mio incarnato perfetto, per le mie forme,\/per quant\u2019ero bella e rinomata,\/facendo conto sulla mia giovent\u00f9 spregiavo le altre donne.\/Agghindato il corpo, con addosso vesti sgargianti \u2013 i babbei non ciarlavano d\u2019altro \u2013\/mi piazzavo alla porta del bordello, come il cacciatore tende la trappola.\/Esibendo le mie cose belle, sbandierando le molte da tener nascoste,\/ordii ogni sorta di chimere: di non pochi mi sono fatta beffe.\/Oggi questa donna \u2013 io \u2013 vagola qua e l\u00e0 per un boccone d\u2019elemosina,\/con la testa rapata, fatta su nello scialle monastico;\/da ultimo, seduta ai piedi di un albero ha posto fine al lavorio del pensare.\/Spezzato ogni vincolo, sono nel nirv\u0101\u1e47a. Il Buddha, vissuto a cavallo tra il VI e il V secolo a.C., fu il primo a creare in India un ordine monastico femminile: una decisione quasi rivoluzionaria per quell\u2019epoca e in quel contesto culturale. Le Poesie delle monache (Ther\u012bg\u0101th\u0101), qui tradotte in modo rigoroso ma moderno, rendono testimonianza del percorso umano e spirituale di queste donne che vissero pi\u00f9 di 2500 anni fa, tra loro diversissime: provenivano da villaggi sperduti e da citt\u00e0 opulente, da famiglie di rango altissimo e di censo abietto \u2013 persino da postriboli. Il volume \u00e8 completato da un\u2019ampia sintesi degli insegnamenti del Maestro \u2013 il principe Siddh\u0101rtha, che poi divenne il Buddha \u2013 e dalla storia, travagliata e unica nel suo genere, della Comunit\u00e0 delle monache.\" \/>\n<meta property=\"og:url\" content=\"https:\/\/www.guerini.it\/index.php\/prodotto\/buddhismo-al-femminile\/\" \/>\n<meta property=\"og:site_name\" content=\"Guerini e Associati\" \/>\n<meta property=\"article:modified_time\" content=\"2024-09-29T11:32:55+00:00\" \/>\n<meta property=\"og:image\" content=\"https:\/\/www.guerini.it\/wp-content\/uploads\/2020\/02\/buddhismo_al_femminile_sito.jpg\" \/>\n\t<meta property=\"og:image:width\" content=\"249\" \/>\n\t<meta property=\"og:image:height\" content=\"353\" \/>\n\t<meta property=\"og:image:type\" content=\"image\/jpeg\" \/>\n<meta name=\"twitter:card\" content=\"summary_large_image\" \/>\n<meta name=\"twitter:label1\" content=\"Tempo di lettura stimato\" \/>\n\t<meta name=\"twitter:data1\" content=\"2 minuti\" \/>\n<!-- \/ Yoast SEO plugin. -->","yoast_head_json":{"title":"Buddhismo al femminile - Guerini e Associati","robots":{"index":"index","follow":"follow","max-snippet":"max-snippet:-1","max-image-preview":"max-image-preview:large","max-video-preview":"max-video-preview:-1"},"canonical":"https:\/\/www.guerini.it\/index.php\/prodotto\/buddhismo-al-femminile\/","og_locale":"it_IT","og_type":"article","og_title":"Buddhismo al femminile - Guerini e Associati","og_description":"Tronfia per il mio incarnato perfetto, per le mie forme,\/per quant\u2019ero bella e rinomata,\/facendo conto sulla mia giovent\u00f9 spregiavo le altre donne.\/Agghindato il corpo, con addosso vesti sgargianti \u2013 i babbei non ciarlavano d\u2019altro \u2013\/mi piazzavo alla porta del bordello, come il cacciatore tende la trappola.\/Esibendo le mie cose belle, sbandierando le molte da tener nascoste,\/ordii ogni sorta di chimere: di non pochi mi sono fatta beffe.\/Oggi questa donna \u2013 io \u2013 vagola qua e l\u00e0 per un boccone d\u2019elemosina,\/con la testa rapata, fatta su nello scialle monastico;\/da ultimo, seduta ai piedi di un albero ha posto fine al lavorio del pensare.\/Spezzato ogni vincolo, sono nel nirv\u0101\u1e47a. Il Buddha, vissuto a cavallo tra il VI e il V secolo a.C., fu il primo a creare in India un ordine monastico femminile: una decisione quasi rivoluzionaria per quell\u2019epoca e in quel contesto culturale. Le Poesie delle monache (Ther\u012bg\u0101th\u0101), qui tradotte in modo rigoroso ma moderno, rendono testimonianza del percorso umano e spirituale di queste donne che vissero pi\u00f9 di 2500 anni fa, tra loro diversissime: provenivano da villaggi sperduti e da citt\u00e0 opulente, da famiglie di rango altissimo e di censo abietto \u2013 persino da postriboli. Il volume \u00e8 completato da un\u2019ampia sintesi degli insegnamenti del Maestro \u2013 il principe Siddh\u0101rtha, che poi divenne il Buddha \u2013 e dalla storia, travagliata e unica nel suo genere, della Comunit\u00e0 delle monache.","og_url":"https:\/\/www.guerini.it\/index.php\/prodotto\/buddhismo-al-femminile\/","og_site_name":"Guerini e Associati","article_modified_time":"2024-09-29T11:32:55+00:00","og_image":[{"width":249,"height":353,"url":"https:\/\/www.guerini.it\/wp-content\/uploads\/2020\/02\/buddhismo_al_femminile_sito.jpg","type":"image\/jpeg"}],"twitter_card":"summary_large_image","twitter_misc":{"Tempo di lettura stimato":"2 minuti"},"schema":{"@context":"https:\/\/schema.org","@graph":[{"@type":"WebPage","@id":"https:\/\/www.guerini.it\/index.php\/prodotto\/buddhismo-al-femminile\/","url":"https:\/\/www.guerini.it\/index.php\/prodotto\/buddhismo-al-femminile\/","name":"Buddhismo al femminile - Guerini e Associati","isPartOf":{"@id":"https:\/\/www.guerini.it\/#website"},"primaryImageOfPage":{"@id":"https:\/\/www.guerini.it\/index.php\/prodotto\/buddhismo-al-femminile\/#primaryimage"},"image":{"@id":"https:\/\/www.guerini.it\/index.php\/prodotto\/buddhismo-al-femminile\/#primaryimage"},"thumbnailUrl":"https:\/\/www.guerini.it\/wp-content\/uploads\/2020\/02\/buddhismo_al_femminile_sito.jpg","datePublished":"2020-02-06T10:19:48+00:00","dateModified":"2024-09-29T11:32:55+00:00","breadcrumb":{"@id":"https:\/\/www.guerini.it\/index.php\/prodotto\/buddhismo-al-femminile\/#breadcrumb"},"inLanguage":"it-IT","potentialAction":[{"@type":"ReadAction","target":["https:\/\/www.guerini.it\/index.php\/prodotto\/buddhismo-al-femminile\/"]}]},{"@type":"ImageObject","inLanguage":"it-IT","@id":"https:\/\/www.guerini.it\/index.php\/prodotto\/buddhismo-al-femminile\/#primaryimage","url":"https:\/\/www.guerini.it\/wp-content\/uploads\/2020\/02\/buddhismo_al_femminile_sito.jpg","contentUrl":"https:\/\/www.guerini.it\/wp-content\/uploads\/2020\/02\/buddhismo_al_femminile_sito.jpg","width":249,"height":353,"caption":"Buddhismo al femminile"},{"@type":"BreadcrumbList","@id":"https:\/\/www.guerini.it\/index.php\/prodotto\/buddhismo-al-femminile\/#breadcrumb","itemListElement":[{"@type":"ListItem","position":1,"name":"Home","item":"https:\/\/www.guerini.it\/"},{"@type":"ListItem","position":2,"name":"Catalogo","item":"https:\/\/www.guerini.it\/index.php\/negozio\/"},{"@type":"ListItem","position":3,"name":"Buddhismo al femminile"}]},{"@type":"WebSite","@id":"https:\/\/www.guerini.it\/#website","url":"https:\/\/www.guerini.it\/","name":"Guerini e Associati","description":"30 anni di libri, idee e libert\u00e0","publisher":{"@id":"https:\/\/www.guerini.it\/#organization"},"potentialAction":[{"@type":"SearchAction","target":{"@type":"EntryPoint","urlTemplate":"https:\/\/www.guerini.it\/?s={search_term_string}"},"query-input":{"@type":"PropertyValueSpecification","valueRequired":true,"valueName":"search_term_string"}}],"inLanguage":"it-IT"},{"@type":"Organization","@id":"https:\/\/www.guerini.it\/#organization","name":"Guerini e Associati","url":"https:\/\/www.guerini.it\/","logo":{"@type":"ImageObject","inLanguage":"it-IT","@id":"https:\/\/www.guerini.it\/#\/schema\/logo\/image\/","url":"https:\/\/www.guerini.it\/wp-content\/uploads\/2021\/03\/Logo-Guerini-OK_-e1615831292285.png","contentUrl":"https:\/\/www.guerini.it\/wp-content\/uploads\/2021\/03\/Logo-Guerini-OK_-e1615831292285.png","width":2805,"height":1870,"caption":"Guerini e Associati"},"image":{"@id":"https:\/\/www.guerini.it\/#\/schema\/logo\/image\/"}}]}},"_links":{"self":[{"href":"https:\/\/www.guerini.it\/index.php\/wp-json\/wp\/v2\/product\/16422","targetHints":{"allow":["GET"]}}],"collection":[{"href":"https:\/\/www.guerini.it\/index.php\/wp-json\/wp\/v2\/product"}],"about":[{"href":"https:\/\/www.guerini.it\/index.php\/wp-json\/wp\/v2\/types\/product"}],"wp:featuredmedia":[{"embeddable":true,"href":"https:\/\/www.guerini.it\/index.php\/wp-json\/wp\/v2\/media\/16421"}],"wp:attachment":[{"href":"https:\/\/www.guerini.it\/index.php\/wp-json\/wp\/v2\/media?parent=16422"}],"wp:term":[{"taxonomy":"product_brand","embeddable":true,"href":"https:\/\/www.guerini.it\/index.php\/wp-json\/wp\/v2\/product_brand?post=16422"},{"taxonomy":"product_cat","embeddable":true,"href":"https:\/\/www.guerini.it\/index.php\/wp-json\/wp\/v2\/product_cat?post=16422"},{"taxonomy":"product_tag","embeddable":true,"href":"https:\/\/www.guerini.it\/index.php\/wp-json\/wp\/v2\/product_tag?post=16422"}],"curies":[{"name":"wp","href":"https:\/\/api.w.org\/{rel}","templated":true}]}}