{"id":16438,"date":"2020-03-10T17:37:05","date_gmt":"2020-03-10T16:37:05","guid":{"rendered":"https:\/\/test.guerini.it\/?product=management-accounting"},"modified":"2024-06-12T14:37:57","modified_gmt":"2024-06-12T12:37:57","slug":"management-accounting","status":"publish","type":"product","link":"https:\/\/www.guerini.it\/index.php\/prodotto\/management-accounting\/","title":{"rendered":"Management accounting"},"content":{"rendered":"<p style=\"text-align: justify;\">Nell\u2019attuale ambiente ipercompetitivo, gli strumenti del Controllo di Gestione devono aiutare il management ad intraprendere adeguati processi decisionali, strategici e operativi. Il presente volume, dedicato al Management Accounting, si propone due obiettivi. Il primo \u00e8 quello di presentare i tratti teorici principali dei sistemi di contabilit\u00e0 analitica, del processo di budget, nonch\u00e9 della Balanced Scorecard. La trattazione di questi temi \u00e8 stata arricchita da un saggio introduttivo di Alberto Bubbio, volto a presentare i criteri per la progettazione dei sistemi di pianificazione e controllo. Il secondo obiettivo, invece, \u00e8 quello di affrontare le suddette tematiche dal punto di vista pratico, attraverso lo svolgimento di numerosi casi ed esercizi commentati, che consentono al lettore di vedere immediatamente applicati gli strumenti precedentemente trattati nella teoria. Questo secondo obiettivo rivela la convinzione delle autrici del manuale secondo cui: <em>We learn what we experience <\/em>(Impariamo quello che sperimentiamo).<\/p>\n<p>Il volume fa parte della collana\u00a0<a href=\"https:\/\/www.guerini.it\/index.php\/categoria-prodotto\/default-category\/economia-e-management\/universita-cattaneo-libri\/\"><em>Universit\u00e0 Cattaneo Libri<\/em><\/a><\/p>\n<hr \/>\n<p style=\"text-align: justify;\"><strong>Catry Ostinelli<\/strong> \u00e8 docente di Programmazione e Controllo presso LIUC \u2013 Universit\u00e0 Cattaneo e LIUC Business School. Ha svolto attivit\u00e0 di ricerca presso il Centro Studi sull\u2019Innovazione Finanziaria dell\u2019Universit\u00e0 Bocconi ed \u00e8 stata direttrice del Master CFO\u2013 Direzione Amministrazione Finanza e controllo di Gestione presso LIUC. Svolge attivit\u00e0 di ricerca e consulenza sulla progettazione dei sistemi di contabilit\u00e0 analitica in logica Activity Based Costing e dei sistemi di valutazione delle performance aziendali.<\/p>\n<p style=\"text-align: justify;\"><strong>Susanna Colombo<\/strong> \u00e8 docente di Programmazione e Controllo presso LIUC \u2013 Universit\u00e0 Cattaneo. Ha svolto attivit\u00e0 di ricerca presso il Centro di Ricerca e Formazione Camillo Bussolati del medesimo Istituto e attivit\u00e0 di docenza sul tema \u00abIl controllo di gestione\u00bb nel Corso di laurea specialistica in Gestione e Progettazione delle Politiche e dei Servizi presso l\u2019Universit\u00e0 degli Studi di Milano \u2013 Bicocca. Ha inoltre intrapreso la sua carriera professionale presso un importante editore tessile comasco.<\/p>\n<p><strong>Permalink:\u00a0<a href=\"http:\/\/digital.casalini.it\/9788868963224\">http:\/\/digital.casalini.it\/9788868963224<\/a><\/strong><\/p>\n","protected":false},"excerpt":{"rendered":"<p style=\"text-align: justify;\">Nell\u2019attuale ambiente ipercompetitivo, gli strumenti del Controllo di Gestione devono aiutare il management ad intraprendere adeguati processi decisionali, strategici e operativi. Il presente volume, dedicato al Management Accounting, si propone due obiettivi. Il primo \u00e8 quello di presentare i tratti teorici principali dei sistemi di contabilit\u00e0 analitica, del processo di budget, nonch\u00e9 della Balanced Scorecard. La trattazione di questi temi \u00e8 stata arricchita da un saggio introduttivo di Alberto Bubbio, volto a presentare i criteri per la progettazione dei sistemi di pianificazione e controllo. Il secondo obiettivo, invece, \u00e8 quello di affrontare le suddette tematiche dal punto di vista pratico, attraverso lo svolgimento di numerosi casi ed esercizi commentati, che consentono al lettore di vedere immediatamente applicati gli strumenti precedentemente trattati nella teoria. Questo secondo obiettivo rivela la convinzione delle autrici del manuale secondo cui: We learn what we experience (Impariamo quello che sperimentiamo).<\/p>\n","protected":false},"featured_media":16437,"template":"","meta":{"_editorskit_title_hidden":false,"_editorskit_reading_time":0,"_editorskit_is_block_options_detached":false,"_editorskit_block_options_position":"{}","_monsterinsights_skip_tracking":false,"_monsterinsights_sitenote_active":false,"_monsterinsights_sitenote_note":"","_monsterinsights_sitenote_category":0},"product_brand":[],"product_cat":[6529,6700],"product_tag":[9845,9843,9844],"class_list":{"0":"post-16438","1":"product","2":"type-product","3":"status-publish","4":"has-post-thumbnail","6":"product_cat-economia-e-management","7":"product_cat-universita-cattaneo-libri","8":"product_tag-contabilita","9":"product_tag-management-accounting","10":"product_tag-progettazione","11":"pa_guerini_amazon_link-6a-httpswwwamazonitmanagement","12":"pa_guerini_ibs_link-44-httpswwwibsitmanagement_ac","13":"pa_guerini_libruniver_link-a0-httpswwwlibreriauniversita","14":"pa_guerini_mondadori_link-1a-httpswwwmondadoristoreitma","16":"first","17":"instock","18":"sale","19":"shipping-taxable","20":"purchasable","21":"product-type-simple"},"yoast_head":"<!-- This site is optimized with the Yoast SEO plugin v25.4 - https:\/\/yoast.com\/wordpress\/plugins\/seo\/ -->\n<title>Management accounting - Guerini e Associati<\/title>\n<meta name=\"robots\" content=\"index, follow, max-snippet:-1, max-image-preview:large, max-video-preview:-1\" \/>\n<link rel=\"canonical\" href=\"https:\/\/www.guerini.it\/index.php\/prodotto\/management-accounting\/\" \/>\n<meta property=\"og:locale\" content=\"it_IT\" \/>\n<meta property=\"og:type\" content=\"article\" \/>\n<meta property=\"og:title\" content=\"Management accounting - Guerini e Associati\" \/>\n<meta property=\"og:description\" content=\"Nell\u2019attuale ambiente ipercompetitivo, gli strumenti del Controllo di Gestione devono aiutare il management ad intraprendere adeguati processi decisionali, strategici e operativi. Il presente volume, dedicato al Management Accounting, si propone due obiettivi. Il primo \u00e8 quello di presentare i tratti teorici principali dei sistemi di contabilit\u00e0 analitica, del processo di budget, nonch\u00e9 della Balanced Scorecard. La trattazione di questi temi \u00e8 stata arricchita da un saggio introduttivo di Alberto Bubbio, volto a presentare i criteri per la progettazione dei sistemi di pianificazione e controllo. Il secondo obiettivo, invece, \u00e8 quello di affrontare le suddette tematiche dal punto di vista pratico, attraverso lo svolgimento di numerosi casi ed esercizi commentati, che consentono al lettore di vedere immediatamente applicati gli strumenti precedentemente trattati nella teoria. Questo secondo obiettivo rivela la convinzione delle autrici del manuale secondo cui: We learn what we experience (Impariamo quello che sperimentiamo).\" \/>\n<meta property=\"og:url\" content=\"https:\/\/www.guerini.it\/index.php\/prodotto\/management-accounting\/\" \/>\n<meta property=\"og:site_name\" content=\"Guerini e Associati\" \/>\n<meta property=\"article:modified_time\" content=\"2024-06-12T12:37:57+00:00\" \/>\n<meta property=\"og:image\" content=\"https:\/\/www.guerini.it\/wp-content\/uploads\/2020\/03\/management_accounting_sito.jpg\" \/>\n\t<meta property=\"og:image:width\" content=\"249\" \/>\n\t<meta property=\"og:image:height\" content=\"353\" \/>\n\t<meta property=\"og:image:type\" content=\"image\/jpeg\" \/>\n<meta name=\"twitter:card\" content=\"summary_large_image\" \/>\n<meta name=\"twitter:label1\" content=\"Tempo di lettura stimato\" \/>\n\t<meta name=\"twitter:data1\" content=\"2 minuti\" \/>\n<!-- \/ Yoast SEO plugin. -->","yoast_head_json":{"title":"Management accounting - Guerini e Associati","robots":{"index":"index","follow":"follow","max-snippet":"max-snippet:-1","max-image-preview":"max-image-preview:large","max-video-preview":"max-video-preview:-1"},"canonical":"https:\/\/www.guerini.it\/index.php\/prodotto\/management-accounting\/","og_locale":"it_IT","og_type":"article","og_title":"Management accounting - Guerini e Associati","og_description":"Nell\u2019attuale ambiente ipercompetitivo, gli strumenti del Controllo di Gestione devono aiutare il management ad intraprendere adeguati processi decisionali, strategici e operativi. Il presente volume, dedicato al Management Accounting, si propone due obiettivi. Il primo \u00e8 quello di presentare i tratti teorici principali dei sistemi di contabilit\u00e0 analitica, del processo di budget, nonch\u00e9 della Balanced Scorecard. La trattazione di questi temi \u00e8 stata arricchita da un saggio introduttivo di Alberto Bubbio, volto a presentare i criteri per la progettazione dei sistemi di pianificazione e controllo. Il secondo obiettivo, invece, \u00e8 quello di affrontare le suddette tematiche dal punto di vista pratico, attraverso lo svolgimento di numerosi casi ed esercizi commentati, che consentono al lettore di vedere immediatamente applicati gli strumenti precedentemente trattati nella teoria. Questo secondo obiettivo rivela la convinzione delle autrici del manuale secondo cui: We learn what we experience (Impariamo quello che sperimentiamo).","og_url":"https:\/\/www.guerini.it\/index.php\/prodotto\/management-accounting\/","og_site_name":"Guerini e Associati","article_modified_time":"2024-06-12T12:37:57+00:00","og_image":[{"width":249,"height":353,"url":"https:\/\/www.guerini.it\/wp-content\/uploads\/2020\/03\/management_accounting_sito.jpg","type":"image\/jpeg"}],"twitter_card":"summary_large_image","twitter_misc":{"Tempo di lettura stimato":"2 minuti"},"schema":{"@context":"https:\/\/schema.org","@graph":[{"@type":"WebPage","@id":"https:\/\/www.guerini.it\/index.php\/prodotto\/management-accounting\/","url":"https:\/\/www.guerini.it\/index.php\/prodotto\/management-accounting\/","name":"Management accounting - Guerini e Associati","isPartOf":{"@id":"https:\/\/www.guerini.it\/#website"},"primaryImageOfPage":{"@id":"https:\/\/www.guerini.it\/index.php\/prodotto\/management-accounting\/#primaryimage"},"image":{"@id":"https:\/\/www.guerini.it\/index.php\/prodotto\/management-accounting\/#primaryimage"},"thumbnailUrl":"https:\/\/www.guerini.it\/wp-content\/uploads\/2020\/03\/management_accounting_sito.jpg","datePublished":"2020-03-10T16:37:05+00:00","dateModified":"2024-06-12T12:37:57+00:00","breadcrumb":{"@id":"https:\/\/www.guerini.it\/index.php\/prodotto\/management-accounting\/#breadcrumb"},"inLanguage":"it-IT","potentialAction":[{"@type":"ReadAction","target":["https:\/\/www.guerini.it\/index.php\/prodotto\/management-accounting\/"]}]},{"@type":"ImageObject","inLanguage":"it-IT","@id":"https:\/\/www.guerini.it\/index.php\/prodotto\/management-accounting\/#primaryimage","url":"https:\/\/www.guerini.it\/wp-content\/uploads\/2020\/03\/management_accounting_sito.jpg","contentUrl":"https:\/\/www.guerini.it\/wp-content\/uploads\/2020\/03\/management_accounting_sito.jpg","width":249,"height":353,"caption":"Management accounting"},{"@type":"BreadcrumbList","@id":"https:\/\/www.guerini.it\/index.php\/prodotto\/management-accounting\/#breadcrumb","itemListElement":[{"@type":"ListItem","position":1,"name":"Home","item":"https:\/\/www.guerini.it\/"},{"@type":"ListItem","position":2,"name":"Catalogo","item":"https:\/\/www.guerini.it\/index.php\/negozio\/"},{"@type":"ListItem","position":3,"name":"Management accounting"}]},{"@type":"WebSite","@id":"https:\/\/www.guerini.it\/#website","url":"https:\/\/www.guerini.it\/","name":"Guerini e Associati","description":"30 anni di libri, idee e libert\u00e0","publisher":{"@id":"https:\/\/www.guerini.it\/#organization"},"potentialAction":[{"@type":"SearchAction","target":{"@type":"EntryPoint","urlTemplate":"https:\/\/www.guerini.it\/?s={search_term_string}"},"query-input":{"@type":"PropertyValueSpecification","valueRequired":true,"valueName":"search_term_string"}}],"inLanguage":"it-IT"},{"@type":"Organization","@id":"https:\/\/www.guerini.it\/#organization","name":"Guerini e Associati","url":"https:\/\/www.guerini.it\/","logo":{"@type":"ImageObject","inLanguage":"it-IT","@id":"https:\/\/www.guerini.it\/#\/schema\/logo\/image\/","url":"https:\/\/www.guerini.it\/wp-content\/uploads\/2021\/03\/Logo-Guerini-OK_-e1615831292285.png","contentUrl":"https:\/\/www.guerini.it\/wp-content\/uploads\/2021\/03\/Logo-Guerini-OK_-e1615831292285.png","width":2805,"height":1870,"caption":"Guerini e Associati"},"image":{"@id":"https:\/\/www.guerini.it\/#\/schema\/logo\/image\/"}}]}},"_links":{"self":[{"href":"https:\/\/www.guerini.it\/index.php\/wp-json\/wp\/v2\/product\/16438","targetHints":{"allow":["GET"]}}],"collection":[{"href":"https:\/\/www.guerini.it\/index.php\/wp-json\/wp\/v2\/product"}],"about":[{"href":"https:\/\/www.guerini.it\/index.php\/wp-json\/wp\/v2\/types\/product"}],"wp:featuredmedia":[{"embeddable":true,"href":"https:\/\/www.guerini.it\/index.php\/wp-json\/wp\/v2\/media\/16437"}],"wp:attachment":[{"href":"https:\/\/www.guerini.it\/index.php\/wp-json\/wp\/v2\/media?parent=16438"}],"wp:term":[{"taxonomy":"product_brand","embeddable":true,"href":"https:\/\/www.guerini.it\/index.php\/wp-json\/wp\/v2\/product_brand?post=16438"},{"taxonomy":"product_cat","embeddable":true,"href":"https:\/\/www.guerini.it\/index.php\/wp-json\/wp\/v2\/product_cat?post=16438"},{"taxonomy":"product_tag","embeddable":true,"href":"https:\/\/www.guerini.it\/index.php\/wp-json\/wp\/v2\/product_tag?post=16438"}],"curies":[{"name":"wp","href":"https:\/\/api.w.org\/{rel}","templated":true}]}}