{"id":16442,"date":"2020-03-18T09:23:05","date_gmt":"2020-03-18T08:23:05","guid":{"rendered":"https:\/\/test.guerini.it\/?product=concorso-a-cattedra-2020-scuola-primaria-webinar-ed-espansioni-online"},"modified":"2026-04-21T13:38:09","modified_gmt":"2026-04-21T11:38:09","slug":"concorso-a-cattedra-2020-scuola-primaria-webinar-ed-espansioni-online","status":"publish","type":"product","link":"https:\/\/www.guerini.it\/index.php\/prodotto\/concorso-a-cattedra-2020-scuola-primaria-webinar-ed-espansioni-online\/","title":{"rendered":"Concorso a cattedra 2020 | Scuola primaria | Volume 1"},"content":{"rendered":"<p style=\"text-align: justify;\">Questo manuale offre un contributo alla preparazione del concorso per l\u2019accesso all\u2019insegnamento nella Scuola primaria attraverso un itinerario articolato, al termine del quale il futuro docente \u00e8 posto in grado di collocare l\u2019azione delle istituzioni scolastiche e la propria progettazione didattica nel quadro ordinamentale di riferimento e di coglierne la relazione con le Indicazioni nazionali, di disporre degli strumenti psicopedagogici e metodologici per costruire una lezione efficace, declinata sugli specifici bisogni educativi degli alunni e delle alunne, e di comprendere a pieno il ruolo che egli stesso pu\u00f2 giocare nell\u2019ottica del miglioramento dell\u2019istituzione scolastica.<br \/>\nIn questa prospettiva, professionisti della scuola \u2013 dirigenti scolastici e insegnanti \u2013, docenti universitari e ricercatori analizzano il contesto organizzativo nel quale il futuro educatore sar\u00e0 inserito, ne delineano il profilo professionale, forniscono gli strumenti psicopedagogici che costituiscono i presupposti fondamentali della progettazione dell\u2019attivit\u00e0 didattica, portano l\u2019attenzione sulle modalit\u00e0 di gestione efficace della classe e sulla creazione di un buon clima relazionale prevenendo l\u2019insorgere del fenomeno del bullismo, illustrano le metodologie pi\u00f9 innovative in grado di rendere gli alunni e le alunne protagonisti del loro apprendimento, fornendo altres\u00ec spunti concreti per un proficuo utilizzo delle tecnologie nel processo di insegnamento\/apprendimento.<br \/>\nA completamento di questo manuale, il volume secondo si incentra sulla progettazione di esperienze di apprendimento significativo, nate dalla pratica di chi opera quotidianamente nella scuola, suggerendo possibili percorsi didattici ma, soprattutto, dotando il futuro docente dello strumentario imprescindibile alla realizzazione di una didattica per competenze.<\/p>\n<p style=\"text-align: justify;\">N.B. ERRATA CORRIGE: La pagina 63 del volume <em>Concorso a cattedra 2020 \u2013 Scuola primaria 1 <\/em>va sostituita con la pagina corretta, disponibile <a href=\"https:\/\/test.guerini.it\/wp-content\/uploads\/2020\/03\/Concorso_Volume_1_Primaria_063.pdf\" target=\"_blank\" rel=\"noopener\">qui<\/a><\/p>\n<p><strong>Sono disponibili WEBINAR gratuiti di approfondimento online. All&#8217;interno del libro sono presenti le istruzioni per accedervi.<\/strong><\/p>\n<p><strong>Scopri gli altri volumi della serie di Manuali cliccando <a href=\"https:\/\/guerini.it\/index.php\/psicologia-pedagogia\/concorso-a-cattedra.html\" target=\"_blank\" rel=\"noopener\">qui<\/a><\/strong><\/p>\n<hr \/>\n<div style=\"text-align: justify;\"><strong>Antonello Giannelli<\/strong>, Presidente<span style=\"text-align: justify;\"> dell\u2019ANP (Associazione nazionale dirigenti pubblici e alte professionalit\u00e0 della scuola), \u00e8 dirigente tecnico ed \u00e8 stato in precedenza dirigente scolastico e preside incaricato. Esperto di tematiche organizzative, gestionali e giuridiche afferenti al settore scolastico, fautore dell\u2019innovazione didattica, \u00e8 autore di numerose pubblicazioni di diritto scolastico. Per le nostre edizioni ha pubblicato <\/span><a style=\"text-align: justify;\" href=\"https:\/\/guerini.it\/index.php\/guida-teorico-pratica-per-i-dirigenti-delle-scuole.html\" target=\"_blank\" rel=\"noopener\"><em>Guida teorico-pratica per i dirigenti delle scuole<\/em> <\/a><span style=\"text-align: justify;\">(2015), <\/span><em style=\"text-align: justify;\"><a href=\"https:\/\/guerini.it\/index.php\/concorso-dirigenti-scolastici.html\" target=\"_blank\" rel=\"noopener\">Concorso dirigenti scolastici. Manuale per la preparazione<\/a><\/em><span style=\"text-align: justify;\"> (2017),<\/span><em style=\"text-align: justify;\"> <a href=\"https:\/\/guerini.it\/index.php\/concorso-dirigenti-scolastici-prova-orale-prevendita.html\" target=\"_blank\" rel=\"noopener\">Concorso dirigenti scolastici. Prova orale<\/a><\/em><span style=\"text-align: justify;\"> (a cura, 2019), <\/span><em style=\"text-align: justify;\"><a href=\"https:\/\/guerini.it\/index.php\/prevendita-concorso-dirigenti-scolastici-2019.html\" target=\"_blank\" rel=\"noopener\">Concorso dirigenti scolastici. Edizione aggiornata<\/a> <\/em><span style=\"text-align: justify;\">(2019), <\/span><em style=\"text-align: justify;\"><a href=\"https:\/\/guerini.it\/index.php\/rivoluzionare-la-scuola-con-gentilezza.html\" target=\"_blank\" rel=\"noopener\">Rivoluzionare la scuola con gentilezza<\/a><\/em><span style=\"text-align: justify;\">.<em> Idee e proposte didattiche per vincere una delle maggiori sfide del XXI secolo<\/em> (2019).<\/span><\/div>\n<div><\/div>\n<div style=\"text-align: justify;\"><strong>Raffaella Briani<\/strong>, attualmente distaccata presso l\u2019ANP (Associazione nazionale dirigenti pubblici e alte professionalit\u00e0 della scuola), \u00e8 dirigente scolastico dal 2012. Abilitata all\u2019esercizio della professione forense, \u00e8 autrice di diverse pubblicazioni di diritto amministrativo e di giustizia amministrativa, tra cui la monografia<em> L\u2019istruzione probatoria nel processo amministrativo<\/em> (Milano 2013).<\/div>\n<div><\/div>\n<p style=\"text-align: justify;\"><strong>Sandra Scicolone<\/strong>, attuale componente dello staff Nazionale dell\u2019ANP (Associazione nazionale dirigenti pubblici e alte professionalit\u00e0 della scuola), \u00e8 dirigente scolastico dal 2013. Svolge intensa attivit\u00e0 di formazione e aggiornamento per dirigenti e docenti su tematiche organizzative e didattiche. Come autore ha contribuito, di recente, al manuale <em>Concorso dirigenti scolastici. Prova Orale <\/em>(2019), pubblicato presso le nostre edizioni.<\/p>\n","protected":false},"excerpt":{"rendered":"<p>Questo manuale offre un contributo alla preparazione del concorso per l\u2019accesso all\u2019insegnamento nella Scuola primaria attraverso un itinerario articolato, al termine del quale il futuro docente \u00e8 posto in grado [&hellip;]<\/p>\n","protected":false},"featured_media":23389,"template":"","meta":{"_editorskit_title_hidden":false,"_editorskit_reading_time":0,"_editorskit_is_block_options_detached":false,"_editorskit_block_options_position":"{}","_monsterinsights_skip_tracking":false,"_monsterinsights_sitenote_active":false,"_monsterinsights_sitenote_note":"","_monsterinsights_sitenote_category":0},"product_brand":[],"product_cat":[6787,8379,6536,6692],"product_tag":[],"class_list":{"0":"post-16442","1":"product","2":"type-product","3":"status-publish","4":"has-post-thumbnail","6":"product_cat-concorso-pubblico","7":"product_cat-manuali","8":"product_cat-psicologia-pedagogia","9":"product_cat-concorso-a-cattedra","10":"pa_guerini_amazon_link-fc-httpswwwamazonitconcorso_c","11":"pa_guerini_feltrinelli_link-f9-httpswwwlafeltrinelliitlib","12":"pa_guerini_ibs_link-ae-httpswwwawin1comcreadphpaw","13":"pa_guerini_libruniver_link-b2-httpswwwlibreriauniversita","14":"pa_guerini_link_amazon-65-httpswwwamazonitconcorso_c","15":"pa_guerini_link_apple_ibook-7a-httpsbooksapplecomitbookco","16":"pa_guerini_link_giunti_punto-32-httpswwwgiuntialpuntoitpro","17":"pa_guerini_link_google_play-5b-httpsplaygooglecomstoreboo","18":"pa_guerini_link_ibs-https-www-ibs-it-concorso-a-cattedra-2020-scuola-ebook-vari-e-9788881953950","19":"pa_guerini_link_kobo-5a-httpswwwkobocomititebookco","20":"pa_guerini_link_lafeltrinelli-08-httpswwwlafeltrinelliitebo","21":"pa_guerini_link_mondadori-e0-httpswwwmondadoristoreitco","22":"pa_guerini_mondadori_link-https-www-mondadoristore-it-concorso-cattedra-2020-na-eai978886250997","24":"first","25":"instock","26":"sale","27":"shipping-taxable","28":"purchasable","29":"product-type-simple"},"yoast_head":"<!-- This site is optimized with the Yoast SEO plugin v25.4 - https:\/\/yoast.com\/wordpress\/plugins\/seo\/ -->\n<title>Concorso a cattedra 2020 | Scuola primaria | Volume 1 - Guerini e Associati<\/title>\n<meta name=\"robots\" content=\"index, follow, max-snippet:-1, max-image-preview:large, max-video-preview:-1\" \/>\n<link rel=\"canonical\" href=\"https:\/\/www.guerini.it\/index.php\/prodotto\/concorso-a-cattedra-2020-scuola-primaria-webinar-ed-espansioni-online\/\" \/>\n<meta property=\"og:locale\" content=\"it_IT\" \/>\n<meta property=\"og:type\" content=\"article\" \/>\n<meta property=\"og:title\" content=\"Concorso a cattedra 2020 | Scuola primaria | Volume 1 - Guerini e Associati\" \/>\n<meta property=\"og:description\" content=\"Questo manuale offre un contributo alla preparazione del concorso per l\u2019accesso all\u2019insegnamento nella Scuola primaria attraverso un itinerario articolato, al termine del quale il futuro docente \u00e8 posto in grado [&hellip;]\" \/>\n<meta property=\"og:url\" content=\"https:\/\/www.guerini.it\/index.php\/prodotto\/concorso-a-cattedra-2020-scuola-primaria-webinar-ed-espansioni-online\/\" \/>\n<meta property=\"og:site_name\" content=\"Guerini e Associati\" \/>\n<meta property=\"article:modified_time\" content=\"2026-04-21T11:38:09+00:00\" \/>\n<meta property=\"og:image\" content=\"https:\/\/www.guerini.it\/wp-content\/uploads\/2020\/03\/Concorso-a-cattedra-2020-scuola-primaria-1.webp\" \/>\n\t<meta property=\"og:image:width\" content=\"708\" \/>\n\t<meta property=\"og:image:height\" content=\"1000\" \/>\n\t<meta property=\"og:image:type\" content=\"image\/webp\" \/>\n<meta name=\"twitter:card\" content=\"summary_large_image\" \/>\n<meta name=\"twitter:label1\" content=\"Tempo di lettura stimato\" \/>\n\t<meta name=\"twitter:data1\" content=\"3 minuti\" \/>\n<!-- \/ Yoast SEO plugin. -->","yoast_head_json":{"title":"Concorso a cattedra 2020 | Scuola primaria | Volume 1 - Guerini e Associati","robots":{"index":"index","follow":"follow","max-snippet":"max-snippet:-1","max-image-preview":"max-image-preview:large","max-video-preview":"max-video-preview:-1"},"canonical":"https:\/\/www.guerini.it\/index.php\/prodotto\/concorso-a-cattedra-2020-scuola-primaria-webinar-ed-espansioni-online\/","og_locale":"it_IT","og_type":"article","og_title":"Concorso a cattedra 2020 | Scuola primaria | Volume 1 - Guerini e Associati","og_description":"Questo manuale offre un contributo alla preparazione del concorso per l\u2019accesso all\u2019insegnamento nella Scuola primaria attraverso un itinerario articolato, al termine del quale il futuro docente \u00e8 posto in grado [&hellip;]","og_url":"https:\/\/www.guerini.it\/index.php\/prodotto\/concorso-a-cattedra-2020-scuola-primaria-webinar-ed-espansioni-online\/","og_site_name":"Guerini e Associati","article_modified_time":"2026-04-21T11:38:09+00:00","og_image":[{"width":708,"height":1000,"url":"https:\/\/www.guerini.it\/wp-content\/uploads\/2020\/03\/Concorso-a-cattedra-2020-scuola-primaria-1.webp","type":"image\/webp"}],"twitter_card":"summary_large_image","twitter_misc":{"Tempo di lettura stimato":"3 minuti"},"schema":{"@context":"https:\/\/schema.org","@graph":[{"@type":"WebPage","@id":"https:\/\/www.guerini.it\/index.php\/prodotto\/concorso-a-cattedra-2020-scuola-primaria-webinar-ed-espansioni-online\/","url":"https:\/\/www.guerini.it\/index.php\/prodotto\/concorso-a-cattedra-2020-scuola-primaria-webinar-ed-espansioni-online\/","name":"Concorso a cattedra 2020 | Scuola primaria | Volume 1 - Guerini e Associati","isPartOf":{"@id":"https:\/\/www.guerini.it\/#website"},"primaryImageOfPage":{"@id":"https:\/\/www.guerini.it\/index.php\/prodotto\/concorso-a-cattedra-2020-scuola-primaria-webinar-ed-espansioni-online\/#primaryimage"},"image":{"@id":"https:\/\/www.guerini.it\/index.php\/prodotto\/concorso-a-cattedra-2020-scuola-primaria-webinar-ed-espansioni-online\/#primaryimage"},"thumbnailUrl":"https:\/\/www.guerini.it\/wp-content\/uploads\/2020\/03\/Concorso-a-cattedra-2020-scuola-primaria-1.webp","datePublished":"2020-03-18T08:23:05+00:00","dateModified":"2026-04-21T11:38:09+00:00","breadcrumb":{"@id":"https:\/\/www.guerini.it\/index.php\/prodotto\/concorso-a-cattedra-2020-scuola-primaria-webinar-ed-espansioni-online\/#breadcrumb"},"inLanguage":"it-IT","potentialAction":[{"@type":"ReadAction","target":["https:\/\/www.guerini.it\/index.php\/prodotto\/concorso-a-cattedra-2020-scuola-primaria-webinar-ed-espansioni-online\/"]}]},{"@type":"ImageObject","inLanguage":"it-IT","@id":"https:\/\/www.guerini.it\/index.php\/prodotto\/concorso-a-cattedra-2020-scuola-primaria-webinar-ed-espansioni-online\/#primaryimage","url":"https:\/\/www.guerini.it\/wp-content\/uploads\/2020\/03\/Concorso-a-cattedra-2020-scuola-primaria-1.webp","contentUrl":"https:\/\/www.guerini.it\/wp-content\/uploads\/2020\/03\/Concorso-a-cattedra-2020-scuola-primaria-1.webp","width":708,"height":1000,"caption":"Copertina del volume Concorso a cattedra 2020. Scuola primaria. Volume 1, Guerini e Associati, 2020"},{"@type":"BreadcrumbList","@id":"https:\/\/www.guerini.it\/index.php\/prodotto\/concorso-a-cattedra-2020-scuola-primaria-webinar-ed-espansioni-online\/#breadcrumb","itemListElement":[{"@type":"ListItem","position":1,"name":"Home","item":"https:\/\/www.guerini.it\/"},{"@type":"ListItem","position":2,"name":"Catalogo","item":"https:\/\/www.guerini.it\/index.php\/negozio\/"},{"@type":"ListItem","position":3,"name":"Concorso a cattedra 2020 | Scuola primaria | Volume 1"}]},{"@type":"WebSite","@id":"https:\/\/www.guerini.it\/#website","url":"https:\/\/www.guerini.it\/","name":"Guerini e Associati","description":"30 anni di libri, idee e libert\u00e0","publisher":{"@id":"https:\/\/www.guerini.it\/#organization"},"potentialAction":[{"@type":"SearchAction","target":{"@type":"EntryPoint","urlTemplate":"https:\/\/www.guerini.it\/?s={search_term_string}"},"query-input":{"@type":"PropertyValueSpecification","valueRequired":true,"valueName":"search_term_string"}}],"inLanguage":"it-IT"},{"@type":"Organization","@id":"https:\/\/www.guerini.it\/#organization","name":"Guerini e Associati","url":"https:\/\/www.guerini.it\/","logo":{"@type":"ImageObject","inLanguage":"it-IT","@id":"https:\/\/www.guerini.it\/#\/schema\/logo\/image\/","url":"https:\/\/www.guerini.it\/wp-content\/uploads\/2021\/03\/Logo-Guerini-OK_-e1615831292285.png","contentUrl":"https:\/\/www.guerini.it\/wp-content\/uploads\/2021\/03\/Logo-Guerini-OK_-e1615831292285.png","width":2805,"height":1870,"caption":"Guerini e Associati"},"image":{"@id":"https:\/\/www.guerini.it\/#\/schema\/logo\/image\/"}}]}},"_links":{"self":[{"href":"https:\/\/www.guerini.it\/index.php\/wp-json\/wp\/v2\/product\/16442","targetHints":{"allow":["GET"]}}],"collection":[{"href":"https:\/\/www.guerini.it\/index.php\/wp-json\/wp\/v2\/product"}],"about":[{"href":"https:\/\/www.guerini.it\/index.php\/wp-json\/wp\/v2\/types\/product"}],"wp:featuredmedia":[{"embeddable":true,"href":"https:\/\/www.guerini.it\/index.php\/wp-json\/wp\/v2\/media\/23389"}],"wp:attachment":[{"href":"https:\/\/www.guerini.it\/index.php\/wp-json\/wp\/v2\/media?parent=16442"}],"wp:term":[{"taxonomy":"product_brand","embeddable":true,"href":"https:\/\/www.guerini.it\/index.php\/wp-json\/wp\/v2\/product_brand?post=16442"},{"taxonomy":"product_cat","embeddable":true,"href":"https:\/\/www.guerini.it\/index.php\/wp-json\/wp\/v2\/product_cat?post=16442"},{"taxonomy":"product_tag","embeddable":true,"href":"https:\/\/www.guerini.it\/index.php\/wp-json\/wp\/v2\/product_tag?post=16442"}],"curies":[{"name":"wp","href":"https:\/\/api.w.org\/{rel}","templated":true}]}}