{"id":16454,"date":"2020-04-27T08:05:01","date_gmt":"2020-04-27T06:05:01","guid":{"rendered":"https:\/\/test.guerini.it\/?product=il-granduca-jean-di-lussemburgo"},"modified":"2026-04-21T13:20:26","modified_gmt":"2026-04-21T11:20:26","slug":"il-granduca-jean-di-lussemburgo","status":"publish","type":"product","link":"https:\/\/www.guerini.it\/index.php\/prodotto\/il-granduca-jean-di-lussemburgo\/","title":{"rendered":"Il Granduca Jean di Lussemburgo"},"content":{"rendered":"<p style=\"text-align: center;\">\u00abI fondamenti della nostra civilt\u00e0 sono la solidariet\u00e0, la giustizia, la tolleranza e il rispetto dell\u2019altro\u00bb<br \/>\n<em>Granduca Henri di Lussemburgo<\/em><\/p>\n<p style=\"text-align: justify;\">Contea di origine feudale, il Lussemburgo, stretto tra Francia, Belgio e Germania e retto da una monarchia costituzionale, \u00e8 oggi l\u2019unico Granducato al mondo. Un angolo d\u2019Europa davvero incantevole su cui regna Sua Altezza Reale il Granduca Henri, primogenito del Granduca Jean \u2013 scomparso ad aprile del 2019 a 98 anni \u2013 colui che ha permesso al Lussemburgo di diventare quello che \u00e8 oggi: sede di molte istituzioni e agenzie continentali, centro finanziario di grandissimo rilievo internazionale, uno scrigno nel cuore dell\u2019Europa. Il Granduca trascorse l\u2019intera vita lottando per la libert\u00e0. Si arruol\u00f2 come volontario nell\u2019Esercito britannico durante la Seconda Guerra Mondiale per combattere il nazismo, unendosi alle Irish Guards su consiglio di Re Giorgio VI. Fu protagonista del D-Day partecipando allo Sbarco in Normandia, prese parte all\u2019occupazione di Caen, alla liberazione di Bruxelles e del Lussemburgo, all\u2019offensiva verso Arnhem e all\u2019invasione della Germania. Il Granduca Jean regn\u00f2 sul \u00abpi\u00f9 piccolo dei grandi Paesi\u00bb dal 1964 al 2000, per poi abdicare in favore di suo figlio Henri. Le conversazioni raccolte in questo volume, a partire da quella con l\u2019attuale Granduca, raccontano tutto l\u2019amore di Jean per il Lussemburgo, per l\u2019Europa e per la libert\u00e0.<\/p>\n<p style=\"text-align: justify;\">Prefazione di Paul D\u00fchr, Ambasciatore e Rappresentante Permanente del Lussemburgo in Italia. Postfazione di Danilo Taino, editorialista del Corriere della Sera. Con le testimonianze di: Cardinal Jean-Claude Hollerich, Arcivescovo di Lussemburgo e Presidente della Commissione degli episcopati dell\u2019Ue; Pierre Gramegna, Ministro delle Finanze del Granducato di Lussemburgo; Lorenzo Bini Smaghi, Presidente di Soci\u00e9t\u00e9 G\u00e9n\u00e9rale, gi\u00e0 membro del Comitato Esecutivo della BCE; St\u00e9phane Kayser, storico.<\/p>\n<p style=\"text-align: justify;\"><strong>Francesco De Leo<\/strong>, giornalista, si occupa di attualit\u00e0 internazionale. Dirige <em>Affari Internazionali<\/em>, la rivista online dell\u2019Istituto Affari Internazionali, di cui \u00e8 responsabile della comunicazione. Conduce su Radio Radicale la trasmissione \u00abSpazio transnazionale\u00bb. Ha diretto \u00abL\u2019Interprete Internazionale\u00bb, dorso mensile del quotidiano <em>Il Riformista<\/em> e ha scritto per <em>Italianieuropei<\/em> il libro \u00abL\u2019OndaVerde d\u2019Iran\u00bb (2019). Cura per La Stampa la rubrica \u00abAffari Reali\u00bb. Ha pubblicato <em>Elisabetta II Regina\u00a0<\/em>(2016) e, per le nostre edizioni, <em>L\u2019ultimo Sci\u00e0 d\u2019Iran<\/em> (2019).<\/p>\n","protected":false},"excerpt":{"rendered":"<p>\u00abI fondamenti della nostra civilt\u00e0 sono la solidariet\u00e0, la giustizia, la tolleranza e il rispetto dell\u2019altro\u00bb Granduca Henri di Lussemburgo Contea di origine feudale, il Lussemburgo, stretto tra Francia, Belgio [&hellip;]<\/p>\n","protected":false},"featured_media":16453,"template":"","meta":{"_editorskit_title_hidden":false,"_editorskit_reading_time":0,"_editorskit_is_block_options_detached":false,"_editorskit_block_options_position":"{}","_monsterinsights_skip_tracking":false,"_monsterinsights_sitenote_active":false,"_monsterinsights_sitenote_note":"","_monsterinsights_sitenote_category":0},"product_brand":[],"product_cat":[6630,6539],"product_tag":[],"class_list":{"0":"post-16454","1":"product","2":"type-product","3":"status-publish","4":"has-post-thumbnail","6":"product_cat-bibliotecareale","7":"product_cat-storia-e-geografia","8":"pa_fulfillment-default","9":"pa_guerini_amazon_link-e3-httpswwwamazonitgranduca_j","10":"pa_guerini_feltrinelli_link-7c-httpswwwawin1comcreadphpaw","11":"pa_guerini_libruniver_link-71-httpswwwlibreriauniversita","12":"pa_guerini_link_amazon-c3-httpswwwamazonitdpb087jm4z","13":"pa_guerini_link_apple_ibook-2f-httpsbooksapplecomitbookil","14":"pa_guerini_link_ibs-a6-httpswwwibsitgranduca_jean","15":"pa_guerini_link_kobo-7a-httpswwwkobocomititebookil","16":"pa_guerini_link_lafeltrinelli-9f-httpswwwlafeltrinelliitebo","17":"pa_guerini_link_mondadori-55-httpswwwmondadoristoreitgr","18":"pa_guerini_strillo-3b-contieneunaconversazionees","20":"first","21":"instock","22":"sale","23":"shipping-taxable","24":"purchasable","25":"product-type-simple"},"yoast_head":"<!-- This site is optimized with the Yoast SEO plugin v25.4 - https:\/\/yoast.com\/wordpress\/plugins\/seo\/ -->\n<title>Il Granduca Jean di Lussemburgo - Guerini e Associati<\/title>\n<meta name=\"robots\" content=\"index, follow, max-snippet:-1, max-image-preview:large, max-video-preview:-1\" \/>\n<link rel=\"canonical\" href=\"https:\/\/www.guerini.it\/index.php\/prodotto\/il-granduca-jean-di-lussemburgo\/\" \/>\n<meta property=\"og:locale\" content=\"it_IT\" \/>\n<meta property=\"og:type\" content=\"article\" \/>\n<meta property=\"og:title\" content=\"Il Granduca Jean di Lussemburgo - Guerini e Associati\" \/>\n<meta property=\"og:description\" content=\"\u00abI fondamenti della nostra civilt\u00e0 sono la solidariet\u00e0, la giustizia, la tolleranza e il rispetto dell\u2019altro\u00bb Granduca Henri di Lussemburgo Contea di origine feudale, il Lussemburgo, stretto tra Francia, Belgio [&hellip;]\" \/>\n<meta property=\"og:url\" content=\"https:\/\/www.guerini.it\/index.php\/prodotto\/il-granduca-jean-di-lussemburgo\/\" \/>\n<meta property=\"og:site_name\" content=\"Guerini e Associati\" \/>\n<meta property=\"article:modified_time\" content=\"2026-04-21T11:20:26+00:00\" \/>\n<meta property=\"og:image\" content=\"https:\/\/www.guerini.it\/wp-content\/uploads\/2020\/04\/jeandilussem_sito_1.jpg\" \/>\n\t<meta property=\"og:image:width\" content=\"242\" \/>\n\t<meta property=\"og:image:height\" content=\"353\" \/>\n\t<meta property=\"og:image:type\" content=\"image\/jpeg\" \/>\n<meta name=\"twitter:card\" content=\"summary_large_image\" \/>\n<meta name=\"twitter:label1\" content=\"Tempo di lettura stimato\" \/>\n\t<meta name=\"twitter:data1\" content=\"3 minuti\" \/>\n<!-- \/ Yoast SEO plugin. -->","yoast_head_json":{"title":"Il Granduca Jean di Lussemburgo - Guerini e Associati","robots":{"index":"index","follow":"follow","max-snippet":"max-snippet:-1","max-image-preview":"max-image-preview:large","max-video-preview":"max-video-preview:-1"},"canonical":"https:\/\/www.guerini.it\/index.php\/prodotto\/il-granduca-jean-di-lussemburgo\/","og_locale":"it_IT","og_type":"article","og_title":"Il Granduca Jean di Lussemburgo - Guerini e Associati","og_description":"\u00abI fondamenti della nostra civilt\u00e0 sono la solidariet\u00e0, la giustizia, la tolleranza e il rispetto dell\u2019altro\u00bb Granduca Henri di Lussemburgo Contea di origine feudale, il Lussemburgo, stretto tra Francia, Belgio [&hellip;]","og_url":"https:\/\/www.guerini.it\/index.php\/prodotto\/il-granduca-jean-di-lussemburgo\/","og_site_name":"Guerini e Associati","article_modified_time":"2026-04-21T11:20:26+00:00","og_image":[{"width":242,"height":353,"url":"https:\/\/www.guerini.it\/wp-content\/uploads\/2020\/04\/jeandilussem_sito_1.jpg","type":"image\/jpeg"}],"twitter_card":"summary_large_image","twitter_misc":{"Tempo di lettura stimato":"3 minuti"},"schema":{"@context":"https:\/\/schema.org","@graph":[{"@type":"WebPage","@id":"https:\/\/www.guerini.it\/index.php\/prodotto\/il-granduca-jean-di-lussemburgo\/","url":"https:\/\/www.guerini.it\/index.php\/prodotto\/il-granduca-jean-di-lussemburgo\/","name":"Il Granduca Jean di Lussemburgo - Guerini e Associati","isPartOf":{"@id":"https:\/\/www.guerini.it\/#website"},"primaryImageOfPage":{"@id":"https:\/\/www.guerini.it\/index.php\/prodotto\/il-granduca-jean-di-lussemburgo\/#primaryimage"},"image":{"@id":"https:\/\/www.guerini.it\/index.php\/prodotto\/il-granduca-jean-di-lussemburgo\/#primaryimage"},"thumbnailUrl":"https:\/\/www.guerini.it\/wp-content\/uploads\/2020\/04\/jeandilussem_sito_1.jpg","datePublished":"2020-04-27T06:05:01+00:00","dateModified":"2026-04-21T11:20:26+00:00","breadcrumb":{"@id":"https:\/\/www.guerini.it\/index.php\/prodotto\/il-granduca-jean-di-lussemburgo\/#breadcrumb"},"inLanguage":"it-IT","potentialAction":[{"@type":"ReadAction","target":["https:\/\/www.guerini.it\/index.php\/prodotto\/il-granduca-jean-di-lussemburgo\/"]}]},{"@type":"ImageObject","inLanguage":"it-IT","@id":"https:\/\/www.guerini.it\/index.php\/prodotto\/il-granduca-jean-di-lussemburgo\/#primaryimage","url":"https:\/\/www.guerini.it\/wp-content\/uploads\/2020\/04\/jeandilussem_sito_1.jpg","contentUrl":"https:\/\/www.guerini.it\/wp-content\/uploads\/2020\/04\/jeandilussem_sito_1.jpg","width":242,"height":353,"caption":"Granduca Jean di Lussemburgo"},{"@type":"BreadcrumbList","@id":"https:\/\/www.guerini.it\/index.php\/prodotto\/il-granduca-jean-di-lussemburgo\/#breadcrumb","itemListElement":[{"@type":"ListItem","position":1,"name":"Home","item":"https:\/\/www.guerini.it\/"},{"@type":"ListItem","position":2,"name":"Catalogo","item":"https:\/\/www.guerini.it\/index.php\/negozio\/"},{"@type":"ListItem","position":3,"name":"Il Granduca Jean di Lussemburgo"}]},{"@type":"WebSite","@id":"https:\/\/www.guerini.it\/#website","url":"https:\/\/www.guerini.it\/","name":"Guerini e Associati","description":"30 anni di libri, idee e libert\u00e0","publisher":{"@id":"https:\/\/www.guerini.it\/#organization"},"potentialAction":[{"@type":"SearchAction","target":{"@type":"EntryPoint","urlTemplate":"https:\/\/www.guerini.it\/?s={search_term_string}"},"query-input":{"@type":"PropertyValueSpecification","valueRequired":true,"valueName":"search_term_string"}}],"inLanguage":"it-IT"},{"@type":"Organization","@id":"https:\/\/www.guerini.it\/#organization","name":"Guerini e Associati","url":"https:\/\/www.guerini.it\/","logo":{"@type":"ImageObject","inLanguage":"it-IT","@id":"https:\/\/www.guerini.it\/#\/schema\/logo\/image\/","url":"https:\/\/www.guerini.it\/wp-content\/uploads\/2021\/03\/Logo-Guerini-OK_-e1615831292285.png","contentUrl":"https:\/\/www.guerini.it\/wp-content\/uploads\/2021\/03\/Logo-Guerini-OK_-e1615831292285.png","width":2805,"height":1870,"caption":"Guerini e Associati"},"image":{"@id":"https:\/\/www.guerini.it\/#\/schema\/logo\/image\/"}}]}},"_links":{"self":[{"href":"https:\/\/www.guerini.it\/index.php\/wp-json\/wp\/v2\/product\/16454","targetHints":{"allow":["GET"]}}],"collection":[{"href":"https:\/\/www.guerini.it\/index.php\/wp-json\/wp\/v2\/product"}],"about":[{"href":"https:\/\/www.guerini.it\/index.php\/wp-json\/wp\/v2\/types\/product"}],"wp:featuredmedia":[{"embeddable":true,"href":"https:\/\/www.guerini.it\/index.php\/wp-json\/wp\/v2\/media\/16453"}],"wp:attachment":[{"href":"https:\/\/www.guerini.it\/index.php\/wp-json\/wp\/v2\/media?parent=16454"}],"wp:term":[{"taxonomy":"product_brand","embeddable":true,"href":"https:\/\/www.guerini.it\/index.php\/wp-json\/wp\/v2\/product_brand?post=16454"},{"taxonomy":"product_cat","embeddable":true,"href":"https:\/\/www.guerini.it\/index.php\/wp-json\/wp\/v2\/product_cat?post=16454"},{"taxonomy":"product_tag","embeddable":true,"href":"https:\/\/www.guerini.it\/index.php\/wp-json\/wp\/v2\/product_tag?post=16454"}],"curies":[{"name":"wp","href":"https:\/\/api.w.org\/{rel}","templated":true}]}}